{"id":36429,"date":"2022-08-16T17:50:57","date_gmt":"2022-08-16T15:50:57","guid":{"rendered":"https:\/\/www.fisan.com\/blog\/"},"modified":"2023-04-16T19:26:58","modified_gmt":"2023-04-16T17:26:58","slug":"blog","status":"publish","type":"page","link":"https:\/\/www.fisan.com\/de\/blog\/","title":{"rendered":"Blog"},"content":{"rendered":"\t\t<div data-elementor-type=\"wp-page\" data-elementor-id=\"36429\" class=\"elementor elementor-36429 elementor-1779\" data-elementor-post-type=\"page\">\n\t\t\t\t\t\t<section class=\"elementor-section elementor-top-section elementor-element elementor-element-f5325ce elementor-section-full_width elementor-section-height-default elementor-section-height-default\" data-id=\"f5325ce\" data-element_type=\"section\" data-settings=\"{&quot;background_background&quot;:&quot;classic&quot;}\">\n\t\t\t\t\t\t<div class=\"elementor-container elementor-column-gap-default\">\n\t\t\t\t\t<div class=\"elementor-column elementor-col-100 elementor-top-column elementor-element elementor-element-df541eb\" data-id=\"df541eb\" data-element_type=\"column\">\n\t\t\t<div class=\"elementor-widget-wrap elementor-element-populated\">\n\t\t\t\t\t\t<div class=\"elementor-element elementor-element-a530d91 elementor-widget elementor-widget-breadcrumbs\" data-id=\"a530d91\" data-element_type=\"widget\" data-widget_type=\"breadcrumbs.default\">\n\t\t\t\t<div class=\"elementor-widget-container\">\n\t\t\t\t\t<p id=\"breadcrumbs\"><span><span><a href=\"https:\/\/www.fisan.com\/de\/\">FISAN<\/a><\/span><\/span><\/p>\t\t\t\t<\/div>\n\t\t\t\t<\/div>\n\t\t\t\t\t<\/div>\n\t\t<\/div>\n\t\t\t\t\t<\/div>\n\t\t<\/section>\n\t\t\t\t<section data-dce-background-color=\"#FEEFD0\" class=\"elementor-section elementor-top-section elementor-element elementor-element-2ad12a8 elementor-section-full_width elementor-section-stretched elementor-section-height-default elementor-section-height-default\" data-id=\"2ad12a8\" data-element_type=\"section\" data-settings=\"{&quot;stretch_section&quot;:&quot;section-stretched&quot;,&quot;background_background&quot;:&quot;classic&quot;}\">\n\t\t\t\t\t\t<div class=\"elementor-container elementor-column-gap-default\">\n\t\t\t\t\t<div data-dce-background-overlay-color=\"#000000\" data-dce-background-image-url=\"https:\/\/www.fisan.com\/wp-content\/uploads\/2022\/07\/header_blog.jpeg\" class=\"elementor-column elementor-col-100 elementor-top-column elementor-element elementor-element-18ba762\" data-id=\"18ba762\" data-element_type=\"column\" data-settings=\"{&quot;background_background&quot;:&quot;classic&quot;}\">\n\t\t\t<div class=\"elementor-widget-wrap elementor-element-populated\">\n\t\t\t\t\t<div class=\"elementor-background-overlay\"><\/div>\n\t\t\t\t\t\t<div class=\"elementor-element elementor-element-c0c899e elementor-widget elementor-widget-heading\" data-id=\"c0c899e\" data-element_type=\"widget\" data-widget_type=\"heading.default\">\n\t\t\t\t<div class=\"elementor-widget-container\">\n\t\t\t\t\t<h5 class=\"elementor-heading-title elementor-size-default\">Ib\u00e9rico Nachrichten<\/h5>\t\t\t\t<\/div>\n\t\t\t\t<\/div>\n\t\t\t\t<div class=\"elementor-element elementor-element-4dcd3f2 elementor-widget elementor-widget-heading\" data-id=\"4dcd3f2\" data-element_type=\"widget\" data-widget_type=\"heading.default\">\n\t\t\t\t<div class=\"elementor-widget-container\">\n\t\t\t\t\t<h1 class=\"elementor-heading-title elementor-size-default\">Blog Fisan<\/h1>\t\t\t\t<\/div>\n\t\t\t\t<\/div>\n\t\t\t\t\t<\/div>\n\t\t<\/div>\n\t\t\t\t\t<\/div>\n\t\t<\/section>\n\t\t\t\t<section class=\"elementor-section elementor-top-section elementor-element elementor-element-d7e6ace elementor-section-boxed elementor-section-height-default elementor-section-height-default\" data-id=\"d7e6ace\" data-element_type=\"section\">\n\t\t\t\t\t\t<div class=\"elementor-container elementor-column-gap-default\">\n\t\t\t\t\t<div class=\"elementor-column elementor-col-100 elementor-top-column elementor-element elementor-element-c357e1f\" data-id=\"c357e1f\" data-element_type=\"column\">\n\t\t\t<div class=\"elementor-widget-wrap elementor-element-populated\">\n\t\t\t\t\t\t<div class=\"elementor-element elementor-element-63cff29 elementor-view-default elementor-widget elementor-widget-icon\" data-id=\"63cff29\" data-element_type=\"widget\" data-widget_type=\"icon.default\">\n\t\t\t\t<div class=\"elementor-widget-container\">\n\t\t\t\t\t\t\t<div class=\"elementor-icon-wrapper\">\n\t\t\t<div class=\"elementor-icon\">\n\t\t\t<svg xmlns=\"http:\/\/www.w3.org\/2000\/svg\" xmlns:xlink=\"http:\/\/www.w3.org\/1999\/xlink\" id=\"Modo_de_aislamiento\" x=\"0px\" y=\"0px\" viewBox=\"0 0 500 500\" style=\"enable-background:new 0 0 500 500;\" xml:space=\"preserve\"><g id=\"XMLID_20_\">\t<g id=\"XMLID_26_\">\t\t<g id=\"XMLID_61_\">\t\t\t<g id=\"XMLID_136_\">\t\t\t\t<g id=\"XMLID_75_\">\t\t\t\t\t<g id=\"XMLID_84_\">\t\t\t\t\t\t<g id=\"XMLID_85_\">\t\t\t\t\t\t\t<g id=\"XMLID_90_\">\t\t\t\t\t\t\t\t<path id=\"XMLID_92_\" d=\"M334,321.5c0-24.9-15.2-54.6-27.4-76.9c-15.9-29.2-26.8-42.2-26.8-51.2c0-3.9,2.5-7.5,7.5-7.5         s8.2,3.9,16.8,11.3l8.4-3.2l-9.3-23.4h-7.7l-4.5,3.4c-2-0.2-3.9-0.5-5.9-0.5c-11.1,0-17.9,6.8-17.9,18.4         c0,12.9,11.6,27.9,29.2,61.2c12,21.8,24.9,48.1,24.9,70.5c0,12.2-6.3,20.9-15.2,24.3c-2,5.4-5,10-8.4,14.1         C315.9,361.6,334,347.3,334,321.5z\"><\/path>\t\t\t\t\t\t\t\t<path id=\"XMLID_91_\" d=\"M285,346.6c-6.8-3.6-10.2-10.2-11.6-14.3c0,0-4.1-12.2-4.1-24.9l-8.8-0.7l-9.1,27l6.1,2.9l4.3-0.5         l0,0c0,0,2.9,11.3,14.1,19.3C279.6,353.2,282.8,350.3,285,346.6z\"><\/path>\t\t\t\t\t\t\t<\/g>\t\t\t\t\t\t\t<path id=\"XMLID_89_\" d=\"M271.4,225.3c-7.5-13.8-14.1-24.7-19.5-33.6c-9.7-16.1-15.6-25.8-15.6-33.8c0-5.7,3.9-11.3,11.1-11.3        c5.9,0,10.2,3.9,17.9,10.7c1.4,1.1,2.7,2.5,4.3,3.9l8.8-3.2l-11.1-28.1h-8.6l-6.1,4.3l-1.4-0.2c-2.3-0.2-4.3-0.5-6.6-0.5        c-13.8,0-22,8.4-22,22.2c0,11.3,7.5,24.5,19.7,46c5.4,9.3,11.3,20,18.1,32.9c16.1,29.2,32.6,63,32.6,92.5        c0,23.1-16.8,35.4-33.3,35.4c-18.1,0-28.3-12.7-31.7-23.6c-0.2-0.7-5-15.4-5.2-31.5l-8.8-0.7l-10.9,32.9l6.3,2.9l5-0.7h0.2        c0.7,0,1.4,0.5,1.4,1.1c0,0.2,4.1,15.2,18.8,25.2c0.2,0.2,10.2,7.5,25.4,7.5c23.1,0,46.3-17.5,46.3-51        C307.2,294.3,289.1,257.3,271.4,225.3z\"><\/path>\t\t\t\t\t\t\t<g id=\"XMLID_86_\">\t\t\t\t\t\t\t\t<path id=\"XMLID_88_\" d=\"M237.9,350c6.3-6.8,10.4-16.6,10.4-28.8c0-24.9-15.2-54.6-27.4-76.9c-15.9-29.2-26.8-42.2-26.8-51.2         c0-3.9,2.5-7.5,7.5-7.5c5,0,8.2,3.9,16.8,11.3l8.4-3.2l-9.3-23.4h-7.7l-4.5,3.4c-2-0.2-3.9-0.5-5.9-0.5         c-11.1,0-17.9,6.8-17.9,18.4c0,12.9,11.6,27.9,29.2,61.2c12,21.8,24.9,48.1,24.9,70.5c0,5.9-1.6,10.9-4.1,15l0,0         C232.7,342.3,234.7,346.6,237.9,350z\"><\/path>\t\t\t\t\t\t\t\t<path id=\"XMLID_87_\" d=\"M211.1,349.6c-14.7,0-21.3-10.9-23.1-17.2c0,0-4.1-12.2-4.1-24.9l-8.8-0.7l-9.1,27l6.1,2.9l4.3-0.5         l0,0c0,0,3.2,12,15,20c0,0,7.9,5.9,20.2,5.9c3.6,0,7-0.5,10.4-1.6c-3.2-4.1-5.4-8.2-6.6-11.1         C214.1,349.4,212.7,349.6,211.1,349.6z\"><\/path>\t\t\t\t\t\t\t<\/g>\t\t\t\t\t\t<\/g>\t\t\t\t\t<\/g>\t\t\t\t<\/g>\t\t\t<\/g>\t\t<\/g>\t<\/g><\/g><\/svg>\t\t\t<\/div>\n\t\t<\/div>\n\t\t\t\t\t\t<\/div>\n\t\t\t\t<\/div>\n\t\t\t\t<div class=\"elementor-element elementor-element-ec82e3a elementor-widget-divider--view-line elementor-widget elementor-widget-divider\" data-id=\"ec82e3a\" data-element_type=\"widget\" data-widget_type=\"divider.default\">\n\t\t\t\t<div class=\"elementor-widget-container\">\n\t\t\t\t\t\t\t<div class=\"elementor-divider\">\n\t\t\t<span class=\"elementor-divider-separator\">\n\t\t\t\t\t\t<\/span>\n\t\t<\/div>\n\t\t\t\t\t\t<\/div>\n\t\t\t\t<\/div>\n\t\t\t\t<div class=\"elementor-element elementor-element-6dae018 elementor-widget elementor-widget-text-editor\" data-id=\"6dae018\" data-element_type=\"widget\" data-widget_type=\"text-editor.default\">\n\t\t\t\t<div class=\"elementor-widget-container\">\n\t\t\t\t\t\t\t\t\t<p><span style=\"font-weight: 400;\">Seit 1920 produziert FISAN die besten Ib\u00e9rico Schinkenprodukte aus Eichelmast, die Sie jederzeit und an einem besonderen Ort genie\u00dfen k\u00f6nnen. In unserem Blog m\u00f6chten wir unsere Arbeit und unser Engagement mit Ihnen teilen, damit Sie die bestgeh\u00fcteten Geheimnisse von FISAN und <strong>die Kultur des Ib\u00e9rico Schinkens<\/strong> im Detail erfahren k\u00f6nnen. <\/span><\/p>\n\t\t\t\t\t\t\t\t<\/div>\n\t\t\t\t<\/div>\n\t\t\t\t\t<\/div>\n\t\t<\/div>\n\t\t\t\t\t<\/div>\n\t\t<\/section>\n\t\t\t\t<section class=\"elementor-section elementor-top-section elementor-element elementor-element-af75123 elementor-section-boxed elementor-section-height-default elementor-section-height-default\" data-id=\"af75123\" data-element_type=\"section\">\n\t\t\t\t\t\t<div class=\"elementor-container elementor-column-gap-default\">\n\t\t\t\t\t<div class=\"elementor-column elementor-col-100 elementor-top-column elementor-element elementor-element-2a9f311\" data-id=\"2a9f311\" data-element_type=\"column\">\n\t\t\t<div class=\"elementor-widget-wrap elementor-element-populated\">\n\t\t\t\t\t\t<div class=\"elementor-element elementor-element-a7a82d7 dce-posts-layout-default dce-col-4 dce-col-tablet-3 dce-col-mobile-1 dce-align-left elementor-widget elementor-widget-dce-dynamicposts-v2\" data-id=\"a7a82d7\" data-element_type=\"widget\" data-settings=\"{&quot;grid_match_height&quot;:&quot;yes&quot;,&quot;grid_match_height_by_row&quot;:&quot;true&quot;,&quot;style_items&quot;:&quot;default&quot;,&quot;grid_grid_type&quot;:&quot;flex&quot;}\" data-widget_type=\"dce-dynamicposts-v2.grid\">\n\t\t\t\t<div class=\"elementor-widget-container\">\n\t\t\t\t\t\t\t<div class=\"dce-posts-container dce-posts \">\n\t\t\t<div class=\"dce-posts-fallback\">\n\t\t\t\t<p>Keine ergebnisse gefunden.<\/p>\t\t\t<\/div>\n\t\t<\/div>\n\t\t\t\t\t\t<\/div>\n\t\t\t\t<\/div>\n\t\t\t\t\t<\/div>\n\t\t<\/div>\n\t\t\t\t\t<\/div>\n\t\t<\/section>\n\t\t\t\t<section data-dce-background-overlay-color=\"#000000\" data-dce-background-image-url=\"https:\/\/www.fisan.com\/wp-content\/uploads\/2022\/08\/hermanos_torres_fisan.jpeg\" class=\"elementor-section elementor-top-section elementor-element elementor-element-cc62991 elementor-section-full_width elementor-section-height-min-height elementor-section-height-default elementor-section-items-middle\" data-id=\"cc62991\" data-element_type=\"section\" data-settings=\"{&quot;background_background&quot;:&quot;classic&quot;}\">\n\t\t\t\t\t\t\t<div class=\"elementor-background-overlay\"><\/div>\n\t\t\t\t\t\t\t<div class=\"elementor-container elementor-column-gap-default\">\n\t\t\t\t\t<div class=\"elementor-column elementor-col-50 elementor-top-column elementor-element elementor-element-ddc2fa2\" data-id=\"ddc2fa2\" data-element_type=\"column\">\n\t\t\t<div class=\"elementor-widget-wrap elementor-element-populated\">\n\t\t\t\t\t\t<div class=\"elementor-element elementor-element-7f81652 elementor-widget elementor-widget-heading\" data-id=\"7f81652\" data-element_type=\"widget\" data-widget_type=\"heading.default\">\n\t\t\t\t<div class=\"elementor-widget-container\">\n\t\t\t\t\t<h3 class=\"elementor-heading-title elementor-size-default\">Hohe K\u00fcche<\/h3>\t\t\t\t<\/div>\n\t\t\t\t<\/div>\n\t\t\t\t<div class=\"elementor-element elementor-element-922ab8f elementor-widget-divider--view-line elementor-widget elementor-widget-divider\" data-id=\"922ab8f\" data-element_type=\"widget\" data-widget_type=\"divider.default\">\n\t\t\t\t<div class=\"elementor-widget-container\">\n\t\t\t\t\t\t\t<div class=\"elementor-divider\">\n\t\t\t<span class=\"elementor-divider-separator\">\n\t\t\t\t\t\t<\/span>\n\t\t<\/div>\n\t\t\t\t\t\t<\/div>\n\t\t\t\t<\/div>\n\t\t\t\t<div class=\"elementor-element elementor-element-b3d048f elementor-widget__width-initial elementor-widget elementor-widget-text-editor\" data-id=\"b3d048f\" data-element_type=\"widget\" data-widget_type=\"text-editor.default\">\n\t\t\t\t<div class=\"elementor-widget-container\">\n\t\t\t\t\t\t\t\t\t<p><strong>FISAN<\/strong> ist ein Synonym f\u00fcr <strong>HOCHGASTRONOMIE<\/strong>. Unsere Botschafter, einige der besten K\u00f6che Spaniens, haben ihr ganzes Know-how in Rezepte der Haute Cuisine gesteckt, die speziell f\u00fcr FISAN entwickelt wurden. <\/p>\n\t\t\t\t\t\t\t\t<\/div>\n\t\t\t\t<\/div>\n\t\t\t\t<div class=\"elementor-element elementor-element-ffbd9a3 elementor-align-center elementor-mobile-align-center elementor-widget elementor-widget-button\" data-id=\"ffbd9a3\" data-element_type=\"widget\" data-widget_type=\"button.default\">\n\t\t\t\t<div class=\"elementor-widget-container\">\n\t\t\t\t\t\t\t\t\t<div class=\"elementor-button-wrapper\">\n\t\t\t\t\t<a class=\"elementor-button elementor-button-link elementor-size-sm\" href=\"https:\/\/www.fisan.com\/gastronomia\/recetas-alta-gastronomia\/\">\n\t\t\t\t\t\t<span class=\"elementor-button-content-wrapper\">\n\t\t\t\t\t\t\t\t\t<span class=\"elementor-button-text\">Mehr sehen<\/span>\n\t\t\t\t\t<\/span>\n\t\t\t\t\t<\/a>\n\t\t\t\t<\/div>\n\t\t\t\t\t\t\t\t<\/div>\n\t\t\t\t<\/div>\n\t\t\t\t\t<\/div>\n\t\t<\/div>\n\t\t\t\t<div class=\"elementor-column elementor-col-50 elementor-top-column elementor-element elementor-element-c0d5b9f\" data-id=\"c0d5b9f\" data-element_type=\"column\" data-settings=\"{&quot;background_background&quot;:&quot;classic&quot;}\">\n\t\t\t<div class=\"elementor-widget-wrap\">\n\t\t\t\t\t<div class=\"elementor-background-overlay\"><\/div>\n\t\t\t\t\t\t\t<\/div>\n\t\t<\/div>\n\t\t\t\t\t<\/div>\n\t\t<\/section>\n\t\t\t\t<\/div>\n\t\t","protected":false},"excerpt":{"rendered":"<p>Ib\u00e9rico Nachrichten Blog Fisan Seit 1920 produziert FISAN die besten Ib\u00e9rico Schinkenprodukte aus Eichelmast, die Sie jederzeit und an einem besonderen Ort genie\u00dfen k\u00f6nnen. In unserem Blog m\u00f6chten wir unsere Arbeit und unser Engagement mit Ihnen teilen, damit Sie die bestgeh\u00fcteten Geheimnisse von FISAN und die Kultur des Ib\u00e9rico Schinkens im Detail erfahren k\u00f6nnen. FISAN &#8230; <a title=\"Blog\" class=\"read-more\" href=\"https:\/\/www.fisan.com\/de\/blog\/\" aria-label=\"Mehr Informationen \u00fcber Blog\">Weiterlesen<\/a><\/p>\n","protected":false},"author":1,"featured_media":0,"parent":0,"menu_order":5,"comment_status":"closed","ping_status":"closed","template":"","meta":{"_acf_changed":false,"footnotes":"","_wp_rev_ctl_limit":""},"class_list":["post-36429","page","type-page","status-publish"],"acf":[],"yoast_head":"<!-- This site is optimized with the Yoast SEO plugin v25.4 - https:\/\/yoast.com\/wordpress\/plugins\/seo\/ -->\n<title>Blog \u00fcber die Welt des Ib\u00e9rico Schinkens | FISAN<\/title>\n<meta name=\"description\" content=\"Wir laden Sie ein, unseren Blog zu betreten und alle Neuigkeiten \u00fcber die Welt der Iberico-Schinkenprodukte aus Eichelmast und alles, was sie umgibt, zu entdecken. Nach vorne!\" \/>\n<meta name=\"robots\" content=\"index, follow, max-snippet:-1, max-image-preview:large, max-video-preview:-1\" \/>\n<link rel=\"canonical\" href=\"https:\/\/www.fisan.com\/de\/blog\/\" \/>\n<meta property=\"og:locale\" content=\"de_DE\" \/>\n<meta property=\"og:type\" content=\"article\" \/>\n<meta property=\"og:title\" content=\"Blog \u00fcber die Welt des Ib\u00e9rico Schinkens | FISAN\" \/>\n<meta property=\"og:description\" content=\"Wir laden Sie ein, unseren Blog zu betreten und alle Neuigkeiten \u00fcber die Welt der Iberico-Schinkenprodukte aus Eichelmast und alles, was sie umgibt, zu entdecken. Nach vorne!\" \/>\n<meta property=\"og:url\" content=\"https:\/\/www.fisan.com\/de\/blog\/\" \/>\n<meta property=\"og:site_name\" content=\"FISAN\" \/>\n<meta property=\"article:modified_time\" content=\"2023-04-16T17:26:58+00:00\" \/>\n<meta property=\"og:image\" content=\"https:\/\/www.fisan.com\/wp-content\/uploads\/2023\/03\/post-gourmets_01-600x600.jpg\" \/>\n<meta name=\"twitter:card\" content=\"summary_large_image\" \/>\n<meta name=\"twitter:label1\" content=\"Gesch\u00e4tzte Lesezeit\" \/>\n\t<meta name=\"twitter:data1\" content=\"2\u00a0Minuten\" \/>\n<script type=\"application\/ld+json\" class=\"yoast-schema-graph\">{\n\t    \"@context\": \"https:\/\/schema.org\",\n\t    \"@graph\": [\n\t        {\n\t            \"@type\": \"WebPage\",\n\t            \"@id\": \"https:\/\/www.fisan.com\/de\/blog\/\",\n\t            \"url\": \"https:\/\/www.fisan.com\/de\/blog\/\",\n\t            \"name\": \"Blog \u00fcber die Welt des Ib\u00e9rico Schinkens | FISAN\",\n\t            \"isPartOf\": {\n\t                \"@id\": \"https:\/\/www.fisan.com\/de\/#website\"\n\t            },\n\t            \"primaryImageOfPage\": {\n\t                \"@id\": \"https:\/\/www.fisan.com\/de\/blog\/#primaryimage\"\n\t            },\n\t            \"image\": {\n\t                \"@id\": \"https:\/\/www.fisan.com\/de\/blog\/#primaryimage\"\n\t            },\n\t            \"thumbnailUrl\": \"https:\/\/www.fisan.com\/wp-content\/uploads\/2023\/03\/post-gourmets_01-600x600.jpg\",\n\t            \"datePublished\": \"2022-08-16T15:50:57+00:00\",\n\t            \"dateModified\": \"2023-04-16T17:26:58+00:00\",\n\t            \"description\": \"Wir laden Sie ein, unseren Blog zu betreten und alle Neuigkeiten \u00fcber die Welt der Iberico-Schinkenprodukte aus Eichelmast und alles, was sie umgibt, zu entdecken. Nach vorne!\",\n\t            \"breadcrumb\": {\n\t                \"@id\": \"https:\/\/www.fisan.com\/de\/blog\/#breadcrumb\"\n\t            },\n\t            \"inLanguage\": \"de\",\n\t            \"potentialAction\": [\n\t                {\n\t                    \"@type\": \"ReadAction\",\n\t                    \"target\": [\n\t                        \"https:\/\/www.fisan.com\/de\/blog\/\"\n\t                    ]\n\t                }\n\t            ]\n\t        },\n\t        {\n\t            \"@type\": \"ImageObject\",\n\t            \"inLanguage\": \"de\",\n\t            \"@id\": \"https:\/\/www.fisan.com\/de\/blog\/#primaryimage\",\n\t            \"url\": \"https:\/\/www.fisan.com\/wp-content\/uploads\/2023\/03\/post-gourmets_01-600x600.jpg\",\n\t            \"contentUrl\": \"https:\/\/www.fisan.com\/wp-content\/uploads\/2023\/03\/post-gourmets_01-600x600.jpg\"\n\t        },\n\t        {\n\t            \"@type\": \"BreadcrumbList\",\n\t            \"@id\": \"https:\/\/www.fisan.com\/de\/blog\/#breadcrumb\",\n\t            \"itemListElement\": [\n\t                {\n\t                    \"@type\": \"ListItem\",\n\t                    \"position\": 1,\n\t                    \"name\": \"FISAN\",\n\t                    \"item\": \"https:\/\/www.fisan.com\/de\/\"\n\t                },\n\t                {\n\t                    \"@type\": \"ListItem\",\n\t                    \"position\": 2,\n\t                    \"name\": \"Blog\"\n\t                }\n\t            ]\n\t        },\n\t        {\n\t            \"@type\": \"WebSite\",\n\t            \"@id\": \"https:\/\/www.fisan.com\/de\/#website\",\n\t            \"url\": \"https:\/\/www.fisan.com\/de\/\",\n\t            \"name\": \"FISAN\",\n\t            \"description\": \"FISAN | Jamones de bellota ib\u00e9rico y embutidos ib\u00e9ricos desde 1920\",\n\t            \"potentialAction\": [\n\t                {\n\t                    \"@type\": \"SearchAction\",\n\t                    \"target\": {\n\t                        \"@type\": \"EntryPoint\",\n\t                        \"urlTemplate\": \"https:\/\/www.fisan.com\/de\/?s={search_term_string}\"\n\t                    },\n\t                    \"query-input\": {\n\t                        \"@type\": \"PropertyValueSpecification\",\n\t                        \"valueRequired\": true,\n\t                        \"valueName\": \"search_term_string\"\n\t                    }\n\t                }\n\t            ],\n\t            \"inLanguage\": \"de\"\n\t        }\n\t    ]\n\t}<\/script>\n<!-- \/ Yoast SEO plugin. -->","yoast_head_json":{"title":"Blog \u00fcber die Welt des Ib\u00e9rico Schinkens | FISAN","description":"Wir laden Sie ein, unseren Blog zu betreten und alle Neuigkeiten \u00fcber die Welt der Iberico-Schinkenprodukte aus Eichelmast und alles, was sie umgibt, zu entdecken. Nach vorne!","robots":{"index":"index","follow":"follow","max-snippet":"max-snippet:-1","max-image-preview":"max-image-preview:large","max-video-preview":"max-video-preview:-1"},"canonical":"https:\/\/www.fisan.com\/de\/blog\/","og_locale":"de_DE","og_type":"article","og_title":"Blog \u00fcber die Welt des Ib\u00e9rico Schinkens | FISAN","og_description":"Wir laden Sie ein, unseren Blog zu betreten und alle Neuigkeiten \u00fcber die Welt der Iberico-Schinkenprodukte aus Eichelmast und alles, was sie umgibt, zu entdecken. Nach vorne!","og_url":"https:\/\/www.fisan.com\/de\/blog\/","og_site_name":"FISAN","article_modified_time":"2023-04-16T17:26:58+00:00","og_image":[{"url":"https:\/\/www.fisan.com\/wp-content\/uploads\/2023\/03\/post-gourmets_01-600x600.jpg","type":"","width":"","height":""}],"twitter_card":"summary_large_image","twitter_misc":{"Gesch\u00e4tzte Lesezeit":"2\u00a0Minuten"},"schema":{"@context":"https:\/\/schema.org","@graph":[{"@type":"WebPage","@id":"https:\/\/www.fisan.com\/de\/blog\/","url":"https:\/\/www.fisan.com\/de\/blog\/","name":"Blog \u00fcber die Welt des Ib\u00e9rico Schinkens | FISAN","isPartOf":{"@id":"https:\/\/www.fisan.com\/de\/#website"},"primaryImageOfPage":{"@id":"https:\/\/www.fisan.com\/de\/blog\/#primaryimage"},"image":{"@id":"https:\/\/www.fisan.com\/de\/blog\/#primaryimage"},"thumbnailUrl":"https:\/\/www.fisan.com\/wp-content\/uploads\/2023\/03\/post-gourmets_01-600x600.jpg","datePublished":"2022-08-16T15:50:57+00:00","dateModified":"2023-04-16T17:26:58+00:00","description":"Wir laden Sie ein, unseren Blog zu betreten und alle Neuigkeiten \u00fcber die Welt der Iberico-Schinkenprodukte aus Eichelmast und alles, was sie umgibt, zu entdecken. Nach vorne!","breadcrumb":{"@id":"https:\/\/www.fisan.com\/de\/blog\/#breadcrumb"},"inLanguage":"de","potentialAction":[{"@type":"ReadAction","target":["https:\/\/www.fisan.com\/de\/blog\/"]}]},{"@type":"ImageObject","inLanguage":"de","@id":"https:\/\/www.fisan.com\/de\/blog\/#primaryimage","url":"https:\/\/www.fisan.com\/wp-content\/uploads\/2023\/03\/post-gourmets_01-600x600.jpg","contentUrl":"https:\/\/www.fisan.com\/wp-content\/uploads\/2023\/03\/post-gourmets_01-600x600.jpg"},{"@type":"BreadcrumbList","@id":"https:\/\/www.fisan.com\/de\/blog\/#breadcrumb","itemListElement":[{"@type":"ListItem","position":1,"name":"FISAN","item":"https:\/\/www.fisan.com\/de\/"},{"@type":"ListItem","position":2,"name":"Blog"}]},{"@type":"WebSite","@id":"https:\/\/www.fisan.com\/de\/#website","url":"https:\/\/www.fisan.com\/de\/","name":"FISAN","description":"FISAN | Jamones de bellota ib\u00e9rico y embutidos ib\u00e9ricos desde 1920","potentialAction":[{"@type":"SearchAction","target":{"@type":"EntryPoint","urlTemplate":"https:\/\/www.fisan.com\/de\/?s={search_term_string}"},"query-input":{"@type":"PropertyValueSpecification","valueRequired":true,"valueName":"search_term_string"}}],"inLanguage":"de"}]}},"_links":{"self":[{"href":"https:\/\/www.fisan.com\/de\/wp-json\/wp\/v2\/pages\/36429","targetHints":{"allow":["GET"]}}],"collection":[{"href":"https:\/\/www.fisan.com\/de\/wp-json\/wp\/v2\/pages"}],"about":[{"href":"https:\/\/www.fisan.com\/de\/wp-json\/wp\/v2\/types\/page"}],"author":[{"embeddable":true,"href":"https:\/\/www.fisan.com\/de\/wp-json\/wp\/v2\/users\/1"}],"replies":[{"embeddable":true,"href":"https:\/\/www.fisan.com\/de\/wp-json\/wp\/v2\/comments?post=36429"}],"version-history":[{"count":6,"href":"https:\/\/www.fisan.com\/de\/wp-json\/wp\/v2\/pages\/36429\/revisions"}],"predecessor-version":[{"id":37322,"href":"https:\/\/www.fisan.com\/de\/wp-json\/wp\/v2\/pages\/36429\/revisions\/37322"}],"wp:attachment":[{"href":"https:\/\/www.fisan.com\/de\/wp-json\/wp\/v2\/media?parent=36429"}],"curies":[{"name":"wp","href":"https:\/\/api.w.org\/{rel}","templated":true}]}}