{"id":38787,"date":"2022-09-09T11:30:20","date_gmt":"2022-09-09T09:30:20","guid":{"rendered":"https:\/\/www.fisan.com\/rechtlicher-hinweis\/"},"modified":"2023-05-22T13:23:17","modified_gmt":"2023-05-22T11:23:17","slug":"rechtlicher-hinweis","status":"publish","type":"page","link":"https:\/\/www.fisan.com\/de\/rechtlicher-hinweis\/","title":{"rendered":"Rechtlicher Hinweis"},"content":{"rendered":"\t\t<div data-elementor-type=\"wp-page\" data-elementor-id=\"38787\" class=\"elementor elementor-38787 elementor-3637\" data-elementor-post-type=\"page\">\n\t\t\t\t\t\t<section class=\"elementor-section elementor-top-section elementor-element elementor-element-4a0c955 elementor-section-full_width elementor-section-height-default elementor-section-height-default\" data-id=\"4a0c955\" data-element_type=\"section\" data-settings=\"{&quot;background_background&quot;:&quot;classic&quot;}\">\n\t\t\t\t\t\t<div class=\"elementor-container elementor-column-gap-default\">\n\t\t\t\t\t<div class=\"elementor-column elementor-col-100 elementor-top-column elementor-element elementor-element-ae1b484\" data-id=\"ae1b484\" data-element_type=\"column\">\n\t\t\t<div class=\"elementor-widget-wrap elementor-element-populated\">\n\t\t\t\t\t\t<div class=\"elementor-element elementor-element-ce163e5 elementor-widget elementor-widget-breadcrumbs\" data-id=\"ce163e5\" data-element_type=\"widget\" data-widget_type=\"breadcrumbs.default\">\n\t\t\t\t<div class=\"elementor-widget-container\">\n\t\t\t\t\t<p id=\"breadcrumbs\"><span><span><a href=\"https:\/\/www.fisan.com\/de\/\">FISAN<\/a><\/span><\/span><\/p>\t\t\t\t<\/div>\n\t\t\t\t<\/div>\n\t\t\t\t\t<\/div>\n\t\t<\/div>\n\t\t\t\t\t<\/div>\n\t\t<\/section>\n\t\t\t\t<section class=\"elementor-section elementor-top-section elementor-element elementor-element-46d2362a elementor-section-boxed elementor-section-height-default elementor-section-height-default\" data-id=\"46d2362a\" data-element_type=\"section\">\n\t\t\t\t\t\t<div class=\"elementor-container elementor-column-gap-default\">\n\t\t\t\t\t<div class=\"elementor-column elementor-col-100 elementor-top-column elementor-element elementor-element-376e2e1b\" data-id=\"376e2e1b\" data-element_type=\"column\">\n\t\t\t<div class=\"elementor-widget-wrap elementor-element-populated\">\n\t\t\t\t\t\t<div class=\"elementor-element elementor-element-4b4b327e elementor-widget elementor-widget-text-editor\" data-id=\"4b4b327e\" data-element_type=\"widget\" data-widget_type=\"text-editor.default\">\n\t\t\t\t<div class=\"elementor-widget-container\">\n\t\t\t\t\t\t\t\t\t<h1>Rechtlicher Hinweis<\/h1>\n<p align=\"justify\">In \u00dcbereinstimmung mit der Informationspflicht gem\u00e4\u00df Artikel 10 des Gesetzes 34\/2002 vom 11. Juli \u00fcber Dienste der Informationsgesellschaft und des elektronischen Gesch\u00e4ftsverkehrs informieren wir Sie dar\u00fcber, dass die Website und das Internetportal www.fisan.com (im Folgenden \u201e der Website&#8220;) ist Eigentum von FLORENCIO SANCHEZ E HIJOS, SL, mit Sitz in C\/ Filiberto Villalobos, 109, 3\u00ba A und CIF-Nummer B37357654. Dieses Impressum regelt die Nutzungsbedingungen des oben genannten Internetportals.<\/p>\n<h3>Anwendbares Recht und Gerichtsstand<\/h3>\n<p align=\"justify\">Im Allgemeinen unterliegen die Beziehungen zwischen FLORENCIO SANCHEZ E HIJOS, SL und den Nutzern seiner im Internet verf\u00fcgbaren Telematikdienste der spanischen Gesetzgebung und Gerichtsbarkeit.<\/p>\n<p align=\"justify\">Die Parteien verzichten ausdr\u00fccklich auf die ihnen m\u00f6glicherweise zustehende Gerichtsbarkeit und unterwerfen sich ausdr\u00fccklich den Gerichten und Tribunalen von Salamanca, um etwaige Kontroversen bei der Auslegung oder Ausf\u00fchrung dieser Vertragsbedingungen zu kl\u00e4ren.<\/p>\n<h3 class=\"blue\">\u00dcber FISAN<\/h3>\n<p align=\"justify\">Florencio S\u00e1nchez e Hijos S.L, (FISAN) ist ein Unternehmen, das sich der Produktion und dem Verkauf iberischer Schweineprodukte an die \u00d6ffentlichkeit widmet. FISAN verf\u00fcgt \u00fcber einen eigenen Schlachthof an seinem Standort in Campillo de Salvatierra, Bezirk Guijuelo, wo der Produktionsprozess seiner iberischen Schinken und Wurstwaren beginnt. Dar\u00fcber hinaus verf\u00fcgt das Unternehmen \u00fcber mehr als 15.000 Quadratmeter Keller- und Trockenfl\u00e4che, in denen die Produkte reifen und auf nat\u00fcrliche Weise gep\u00f6kelt werden. Die Produktpalette von FISAN umfasst Bellota Schinken, Vorderschinken, Lende, Chorizo, Salchichon, Schweinefleisch Presa, Longanizas und Morcon sowie eine umfangreiche Produktion anderer Produkte, die aus der Verwendung des iberischen Schweins gewonnen werden.<\/p>\n<h3 class=\"blue\">Nutzerakzeptanz<\/h3>\n<p align=\"justify\">Dieser rechtliche Hinweis regelt den Zugang und die Nutzung der Website, die FLORENCIO SANCHEZ E HIJOS, SL Internetnutzern zur Verf\u00fcgung stellt. Als Nutzer gilt die Person, die auf die Dienste und Aktivit\u00e4ten der Website zugreift, sie durchsucht, nutzt oder daran teilnimmt.<\/p>\n<p align=\"justify\">Der Benutzer wird dar\u00fcber informiert und akzeptiert, dass der Zugriff auf diese Website in keiner Weise den Beginn einer Gesch\u00e4ftsbeziehung mit FLORENCIO SANCHEZ E HIJOS, SL bedeutet.<\/p>\n<p align=\"justify\">Der Zugriff und die Navigation auf der Website durch den Benutzer setzt die Annahme aller dieser Nutzungsbedingungen voraus. Im Falle einer Nicht\u00fcbereinstimmung mit den Bedingungen m\u00fcssen Sie die Nutzung der Website unterlassen.<\/p>\n<h3 class=\"blue\">Web-Zugang<\/h3>\n<p align=\"justify\">Der Zugang zur Website ist f\u00fcr Nutzer kostenfrei.<\/p>\n<p align=\"justify\">Sofern es f\u00fcr den Zugriff auf die Dienste erforderlich ist, dass der Nutzer personenbezogene Daten angibt, erfolgt die Erhebung und Verarbeitung der Daten gem\u00e4\u00df den geltenden Vorschriften, insbesondere der DSGVO. Weitere Informationen finden Sie in unserer Datenschutzerkl\u00e4rung:&nbsp;<a href=\"https:\/\/www.fisan.com\/politica-de-privacidad\/\">https:\/\/www.fisan.com\/politica-de-privacidad<\/a><\/p>\n<h3 class=\"blue\">Inhalt und Nutzung<\/h3>\n<p align=\"justify\">Der Besuch der Website durch den Benutzer muss verantwortungsbewusst und in \u00dcbereinstimmung mit der geltenden Gesetzgebung, nach Treu und Glauben, diesem rechtlichen Hinweis und unter Achtung der geistigen und gewerblichen Eigentumsrechte von FLORENCIO SANCHEZ E HIJOS, SL oder anderen nat\u00fcrlichen oder juristischen Personen erfolgen.<\/p>\n<p align=\"justify\">Die Nutzung jeglicher Inhalte der Website f\u00fcr Zwecke, die illegal sind oder illegal sein k\u00f6nnten, ist ohne Zustimmung von FLORENCIO SANCHEZ E HIJOS, SL strengstens untersagt, ebenso wie die Durchf\u00fchrung jeglicher Handlungen, die Sch\u00e4den oder Ver\u00e4nderungen jeglicher Art verursachen oder verursachen k\u00f6nnten , auf die Website oder deren Inhalte.<\/p>\n<p align=\"justify\">Der Eigent\u00fcmer der Website identifiziert sich nicht mit den darin von seinen Mitarbeitern ge\u00e4u\u00dferten Meinungen. Das Unternehmen beh\u00e4lt sich das Recht vor, auf seiner Website ohne vorherige Ank\u00fcndigung die von ihm f\u00fcr angemessen erachteten \u00c4nderungen vorzunehmen und kann sowohl die \u00fcber die Website bereitgestellten Inhalte und Dienste als auch die Art und Weise, wie sie auf ihren Servern dargestellt oder gespeichert werden, \u00e4ndern, l\u00f6schen oder hinzuf\u00fcgen.<\/p>\n<h3>Geistiges und gewerbliches Eigentum<\/h3>\n<p align=\"justify\">Die geistigen Eigentumsrechte an den Inhalten der Webseiten, ihrem grafischen Design und ihren Codes sind Eigentum von FLORENCIO SANCHEZ E HIJOS, SL und daher ihre Vervielf\u00e4ltigung, Verbreitung, \u00f6ffentliche Kommunikation, Umwandlung oder jede andere Aktivit\u00e4t, die mit den Inhalten durchgef\u00fchrt wird der Website, auch nicht, selbst wenn die Quellen zitiert werden, au\u00dfer mit vorheriger, ausdr\u00fccklicher und schriftlicher Zustimmung von FLORENCIO SANCHEZ E HIJOS, SL. Alle auf den Webseiten des Unternehmens enthaltenen Handelsnamen, Warenzeichen oder sonstigen Zeichen jeglicher Art sind Eigentum ihrer Inhaber und gesetzlich gesch\u00fctzt.<\/p>\n<p align=\"justify\">FLORENCIO SANCHEZ E HIJOS, SL gew\u00e4hrt keinerlei Lizenz oder Nutzungsgenehmigung jeglicher Art f\u00fcr seine geistigen und gewerblichen Eigentumsrechte oder f\u00fcr andere Eigentumsrechte oder Rechte im Zusammenhang mit der Website, und in keinem Fall wird davon ausgegangen, dass der Zugriff und die Navigation der Benutzer impliziert einen Verzicht, eine \u00dcbertragung, eine Lizenz oder eine vollst\u00e4ndige oder teilweise Abtretung dieser Rechte durch FLORENCIO SANCHEZ E HIJOS, SL.<\/p>\n<p align=\"justify\">Jede Verwendung dieser Inhalte, die nicht zuvor von FLORENCIO SANCHEZ E HIJOS, SL genehmigt wurde, wird als schwerwiegende Verletzung der Rechte an geistigem oder gewerblichem Eigentum angesehen und f\u00fchrt zu den gesetzlich festgelegten Verantwortlichkeiten. FLORENCIO SANCHEZ E HIJOS, SL beh\u00e4lt sich das Recht vor, entsprechende gerichtliche und au\u00dfergerichtliche Schritte gegen den Nutzer einzuleiten.<\/p>\n<h3>Haftung und Garantien<\/h3>\n<p align=\"justify\">FLORENCIO SANCHEZ E HIJOS, SL erkl\u00e4rt, dass es die notwendigen Ma\u00dfnahmen ergriffen hat, die im Rahmen seiner M\u00f6glichkeiten und des Stands der Technik das ordnungsgem\u00e4\u00dfe Funktionieren seiner Website sowie die Abwesenheit von Viren und sch\u00e4dlichen Komponenten erm\u00f6glichen. FLORENCIO SANCHEZ E HIJOS, SL kann jedoch nicht f\u00fcr die folgenden Situationen haftbar gemacht werden, die beispielhaft, aber nicht einschr\u00e4nkend aufgef\u00fchrt sind:<\/p>\n<ul>\n<li>Die Kontinuit\u00e4t und Verf\u00fcgbarkeit der Inhalte.<\/li>\n<li>Das Fehlen von Fehlern in den genannten Inhalten oder die Korrektur eventuell auftretender M\u00e4ngel.<\/li>\n<li>Das Fehlen von Viren und\/oder anderen sch\u00e4dlichen Bestandteilen.<\/li>\n<li>Die Sch\u00e4den oder Verluste, die durch Personen verursacht werden, die gegen die Sicherheitssysteme von FLORENCIO SANCHEZ E HIJOS, SL versto\u00dfen.<\/li>\n<li>Die Nutzung der im Web enthaltenen Inhalte durch Benutzer. Folglich \u00fcbernimmt FLORENCIO SANCHEZ E HIJOS, SL keine Gew\u00e4hr daf\u00fcr, dass die Nutzung der auf der Website enthaltenen Inhalte (sofern vorhanden) durch die Nutzer mit diesem rechtlichen Hinweis \u00fcbereinstimmt und dass die Nutzung der Website sorgf\u00e4ltig erfolgt.<\/li>\n<li>Die Nutzung der Website durch Minderj\u00e4hrige oder die \u00dcbermittlung ihrer personenbezogenen Daten ohne Zustimmung ihrer Erziehungsberechtigten, wobei die Erziehungsberechtigten f\u00fcr die Nutzung des Internets durch sie verantwortlich sind.<\/li>\n<li>Die Inhalte, auf die der Benutzer \u00fcber nicht autorisierte Links zugreifen kann oder die von Benutzern \u00fcber Kommentare oder \u00e4hnliche Tools eingef\u00fchrt werden.<\/li>\n<li>Die Eingabe fehlerhafter Daten durch den Benutzer oder Dritte.<\/li>\n<\/ul>\n<p align=\"justify\">FLORENCIO SANCHEZ E HIJOS, SL kann den Zugriff auf die Website ohne vorherige Ank\u00fcndigung vor\u00fcbergehend f\u00fcr Wartungs-, Reparatur-, Aktualisierungs- oder Verbesserungsarbeiten sperren. Sofern die Umst\u00e4nde dies zulassen, wird FLORENCIO SANCHEZ E HIJOS, SL den Nutzer jedoch rechtzeitig im Voraus \u00fcber den geplanten Termin f\u00fcr die Aussetzung der Inhalte informieren.<\/p>\n<p align=\"justify\">Auch im Einklang mit den K\u00fcnsten. Gem\u00e4\u00df den Artikeln 11 und 16 des Gesetzes 34\/2002 vom 11. Juli \u00fcber Dienste der Informationsgesellschaft und des elektronischen Gesch\u00e4ftsverkehrs (LSSICE) verpflichtet sich FLORENCIO SANCHEZ E HIJOS, SL, Inhalte zu entfernen oder gegebenenfalls zu sperren, die diese beeintr\u00e4chtigen oder im Widerspruch dazu stehen k\u00f6nnten geltende Gesetzgebung, die Rechte Dritter oder die guten Sitten und die \u00f6ffentliche Ordnung.<\/p>\n<h3>Cookies<\/h3>\n<p align=\"justify\">FLORENCIO SANCHEZ E HIJOS, SL verwendet Cookies, um Ihr Surfen auf der Website zu optimieren und zu personalisieren. Cookies sind physische Informationsdateien, die im eigenen Endger\u00e4t des Benutzers gespeichert werden. Die durch Cookies gesammelten Informationen dienen dazu, die Navigation des Benutzers durch das Portal zu erleichtern und das Surferlebnis zu optimieren. Die durch Cookies gesammelten Daten k\u00f6nnen mit ihren Erstellern geteilt werden, aber in keinem Fall werden die von ihnen erhaltenen Informationen mit pers\u00f6nlichen Daten oder Daten verkn\u00fcpft, die den Benutzer identifizieren k\u00f6nnen.<\/p>\n<p align=\"justify\">Wenn der Benutzer jedoch nicht m\u00f6chte, dass Cookies auf seiner Festplatte installiert werden, hat er die M\u00f6glichkeit, den Browser so zu konfigurieren, dass er die Installation dieser Dateien verhindert oder nur die bevorzugten Optionen ausw\u00e4hlt. Weitere Informationen finden Sie in unserer Cookie-Richtlinie.&nbsp;<a href=\"https:\/\/www.fisan.com\/politica-de-cookies\/\">https:\/\/www.fisan.com\/politica-de-cookies<\/a><\/p>\n<h3 class=\"blue\">Links<\/h3>\n<p align=\"justify\">Das Vorhandensein von Links (Links) auf der Website von FLORENCIO SANCHEZ E HIJOS, SL zu anderen Internetseiten dient ausschlie\u00dflich Informationszwecken und stellt in keinem Fall eine Anregung, Einladung oder Empfehlung dar. FLORENCIO SANCHEZ E HIJOS, SL \u00fcbernimmt keine Verantwortung f\u00fcr den Inhalt eines Links, der zu einer Website Dritter geh\u00f6rt, und \u00fcbernimmt keine Gew\u00e4hr f\u00fcr deren Zuverl\u00e4ssigkeit, Genauigkeit, Breite, Wahrhaftigkeit, G\u00fcltigkeit und technische Verf\u00fcgbarkeit.<\/p>\n<p align=\"justify\">F\u00fcr den Fall, dass Links zur Website von FLORENCIO SANCHEZ E HIJOS, SL auf anderen Websites eingerichtet werden, bedeutet dies nicht, dass FLORENCIO SANCHEZ E HIJOS, SL den Link oder den Inhalt der Website, auf der der Inhalt enthalten ist, genehmigt hat Auf der verlinkten Seite d\u00fcrfen weder unangemessene, verleumderische, rechtswidrige, obsz\u00f6ne oder rechtswidrige Inhalte noch sonstige Inhalte enthalten sein, die gegen geltendes Recht versto\u00dfen.<\/p>\n<p align=\"justify\">FLORENCIO SANCHEZ E HIJOS, SL beh\u00e4lt sich das Recht vor, den Inhaber der Website, auf der der Link eingerichtet ist, zu kontaktieren, wenn sie der Ansicht ist, dass die Vorschriften nicht eingehalten werden, und die entsprechenden gerichtlichen und au\u00dfergerichtlichen Schritte einzuleiten.<\/p>\n<h3 class=\"blue\">\u00c4nderung der Bedingungen<\/h3>\n<p align=\"justify\">FLORENCIO SANCHEZ E HIJOS, SL beh\u00e4lt sich ausdr\u00fccklich das Recht vor, diese rechtlichen Hinweise ganz oder teilweise und ohne vorherige Ank\u00fcndigung einseitig zu \u00e4ndern. Der Benutzer erkennt an und akzeptiert, dass es in seiner Verantwortung liegt, diesen rechtlichen Hinweis regelm\u00e4\u00dfig zu \u00fcberpr\u00fcfen.<\/p>\t\t\t\t\t\t\t\t<\/div>\n\t\t\t\t<\/div>\n\t\t\t\t\t<\/div>\n\t\t<\/div>\n\t\t\t\t\t<\/div>\n\t\t<\/section>\n\t\t\t\t<\/div>\n\t\t","protected":false},"excerpt":{"rendered":"<p>Rechtlicher Hinweis In \u00dcbereinstimmung mit der Informationspflicht gem\u00e4\u00df Artikel 10 des Gesetzes 34\/2002 vom 11. Juli \u00fcber Dienste der Informationsgesellschaft und des elektronischen Gesch\u00e4ftsverkehrs informieren wir Sie dar\u00fcber, dass die Website und das Internetportal www.fisan.com (im Folgenden \u201e der Website&#8220;) ist Eigentum von FLORENCIO SANCHEZ E HIJOS, SL, mit Sitz in C\/ Filiberto Villalobos, 109, &#8230; <a title=\"Rechtlicher Hinweis\" class=\"read-more\" href=\"https:\/\/www.fisan.com\/de\/rechtlicher-hinweis\/\" aria-label=\"Mehr Informationen \u00fcber Rechtlicher Hinweis\">Weiterlesen<\/a><\/p>\n","protected":false},"author":1,"featured_media":0,"parent":0,"menu_order":99,"comment_status":"closed","ping_status":"closed","template":"","meta":{"_acf_changed":false,"footnotes":"","_wp_rev_ctl_limit":""},"class_list":["post-38787","page","type-page","status-publish"],"acf":[],"yoast_head":"<!-- This site is optimized with the Yoast SEO plugin v25.4 - https:\/\/yoast.com\/wordpress\/plugins\/seo\/ -->\n<title>Rechtlicher Hinweis | FISAN<\/title>\n<meta name=\"robots\" content=\"noindex, nofollow\" \/>\n<meta property=\"og:locale\" content=\"de_DE\" \/>\n<meta property=\"og:type\" content=\"article\" \/>\n<meta property=\"og:title\" content=\"Rechtlicher Hinweis | FISAN\" \/>\n<meta property=\"og:description\" content=\"Rechtlicher Hinweis In \u00dcbereinstimmung mit der Informationspflicht gem\u00e4\u00df Artikel 10 des Gesetzes 34\/2002 vom 11. Juli \u00fcber Dienste der Informationsgesellschaft und des elektronischen Gesch\u00e4ftsverkehrs informieren wir Sie dar\u00fcber, dass die Website und das Internetportal www.fisan.com (im Folgenden \u201e der Website&#8220;) ist Eigentum von FLORENCIO SANCHEZ E HIJOS, SL, mit Sitz in C\/ Filiberto Villalobos, 109, ... Weiterlesen\" \/>\n<meta property=\"og:url\" content=\"https:\/\/www.fisan.com\/de\/rechtlicher-hinweis\/\" \/>\n<meta property=\"og:site_name\" content=\"FISAN\" \/>\n<meta property=\"article:modified_time\" content=\"2023-05-22T11:23:17+00:00\" \/>\n<meta name=\"twitter:card\" content=\"summary_large_image\" \/>\n<meta name=\"twitter:label1\" content=\"Gesch\u00e4tzte Lesezeit\" \/>\n\t<meta name=\"twitter:data1\" content=\"8\u00a0Minuten\" \/>\n<script type=\"application\/ld+json\" class=\"yoast-schema-graph\">{\n\t    \"@context\": \"https:\/\/schema.org\",\n\t    \"@graph\": [\n\t        {\n\t            \"@type\": \"WebPage\",\n\t            \"@id\": \"https:\/\/www.fisan.com\/de\/rechtlicher-hinweis\/\",\n\t            \"url\": \"https:\/\/www.fisan.com\/de\/rechtlicher-hinweis\/\",\n\t            \"name\": \"Rechtlicher Hinweis | FISAN\",\n\t            \"isPartOf\": {\n\t                \"@id\": \"https:\/\/www.fisan.com\/de\/#website\"\n\t            },\n\t            \"datePublished\": \"2022-09-09T09:30:20+00:00\",\n\t            \"dateModified\": \"2023-05-22T11:23:17+00:00\",\n\t            \"breadcrumb\": {\n\t                \"@id\": \"https:\/\/www.fisan.com\/de\/rechtlicher-hinweis\/#breadcrumb\"\n\t            },\n\t            \"inLanguage\": \"de\",\n\t            \"potentialAction\": [\n\t                {\n\t                    \"@type\": \"ReadAction\",\n\t                    \"target\": [\n\t                        \"https:\/\/www.fisan.com\/de\/rechtlicher-hinweis\/\"\n\t                    ]\n\t                }\n\t            ]\n\t        },\n\t        {\n\t            \"@type\": \"BreadcrumbList\",\n\t            \"@id\": \"https:\/\/www.fisan.com\/de\/rechtlicher-hinweis\/#breadcrumb\",\n\t            \"itemListElement\": [\n\t                {\n\t                    \"@type\": \"ListItem\",\n\t                    \"position\": 1,\n\t                    \"name\": \"FISAN\",\n\t                    \"item\": \"https:\/\/www.fisan.com\/de\/\"\n\t                },\n\t                {\n\t                    \"@type\": \"ListItem\",\n\t                    \"position\": 2,\n\t                    \"name\": \"Rechtlicher Hinweis\"\n\t                }\n\t            ]\n\t        },\n\t        {\n\t            \"@type\": \"WebSite\",\n\t            \"@id\": \"https:\/\/www.fisan.com\/de\/#website\",\n\t            \"url\": \"https:\/\/www.fisan.com\/de\/\",\n\t            \"name\": \"FISAN\",\n\t            \"description\": \"FISAN | Jamones de bellota ib\u00e9rico y embutidos ib\u00e9ricos desde 1920\",\n\t            \"potentialAction\": [\n\t                {\n\t                    \"@type\": \"SearchAction\",\n\t                    \"target\": {\n\t                        \"@type\": \"EntryPoint\",\n\t                        \"urlTemplate\": \"https:\/\/www.fisan.com\/de\/?s={search_term_string}\"\n\t                    },\n\t                    \"query-input\": {\n\t                        \"@type\": \"PropertyValueSpecification\",\n\t                        \"valueRequired\": true,\n\t                        \"valueName\": \"search_term_string\"\n\t                    }\n\t                }\n\t            ],\n\t            \"inLanguage\": \"de\"\n\t        }\n\t    ]\n\t}<\/script>\n<!-- \/ Yoast SEO plugin. -->","yoast_head_json":{"title":"Rechtlicher Hinweis | FISAN","robots":{"index":"noindex","follow":"nofollow"},"og_locale":"de_DE","og_type":"article","og_title":"Rechtlicher Hinweis | FISAN","og_description":"Rechtlicher Hinweis In \u00dcbereinstimmung mit der Informationspflicht gem\u00e4\u00df Artikel 10 des Gesetzes 34\/2002 vom 11. Juli \u00fcber Dienste der Informationsgesellschaft und des elektronischen Gesch\u00e4ftsverkehrs informieren wir Sie dar\u00fcber, dass die Website und das Internetportal www.fisan.com (im Folgenden \u201e der Website&#8220;) ist Eigentum von FLORENCIO SANCHEZ E HIJOS, SL, mit Sitz in C\/ Filiberto Villalobos, 109, ... Weiterlesen","og_url":"https:\/\/www.fisan.com\/de\/rechtlicher-hinweis\/","og_site_name":"FISAN","article_modified_time":"2023-05-22T11:23:17+00:00","twitter_card":"summary_large_image","twitter_misc":{"Gesch\u00e4tzte Lesezeit":"8\u00a0Minuten"},"schema":{"@context":"https:\/\/schema.org","@graph":[{"@type":"WebPage","@id":"https:\/\/www.fisan.com\/de\/rechtlicher-hinweis\/","url":"https:\/\/www.fisan.com\/de\/rechtlicher-hinweis\/","name":"Rechtlicher Hinweis | FISAN","isPartOf":{"@id":"https:\/\/www.fisan.com\/de\/#website"},"datePublished":"2022-09-09T09:30:20+00:00","dateModified":"2023-05-22T11:23:17+00:00","breadcrumb":{"@id":"https:\/\/www.fisan.com\/de\/rechtlicher-hinweis\/#breadcrumb"},"inLanguage":"de","potentialAction":[{"@type":"ReadAction","target":["https:\/\/www.fisan.com\/de\/rechtlicher-hinweis\/"]}]},{"@type":"BreadcrumbList","@id":"https:\/\/www.fisan.com\/de\/rechtlicher-hinweis\/#breadcrumb","itemListElement":[{"@type":"ListItem","position":1,"name":"FISAN","item":"https:\/\/www.fisan.com\/de\/"},{"@type":"ListItem","position":2,"name":"Rechtlicher Hinweis"}]},{"@type":"WebSite","@id":"https:\/\/www.fisan.com\/de\/#website","url":"https:\/\/www.fisan.com\/de\/","name":"FISAN","description":"FISAN | Jamones de bellota ib\u00e9rico y embutidos ib\u00e9ricos desde 1920","potentialAction":[{"@type":"SearchAction","target":{"@type":"EntryPoint","urlTemplate":"https:\/\/www.fisan.com\/de\/?s={search_term_string}"},"query-input":{"@type":"PropertyValueSpecification","valueRequired":true,"valueName":"search_term_string"}}],"inLanguage":"de"}]}},"_links":{"self":[{"href":"https:\/\/www.fisan.com\/de\/wp-json\/wp\/v2\/pages\/38787","targetHints":{"allow":["GET"]}}],"collection":[{"href":"https:\/\/www.fisan.com\/de\/wp-json\/wp\/v2\/pages"}],"about":[{"href":"https:\/\/www.fisan.com\/de\/wp-json\/wp\/v2\/types\/page"}],"author":[{"embeddable":true,"href":"https:\/\/www.fisan.com\/de\/wp-json\/wp\/v2\/users\/1"}],"replies":[{"embeddable":true,"href":"https:\/\/www.fisan.com\/de\/wp-json\/wp\/v2\/comments?post=38787"}],"version-history":[{"count":1,"href":"https:\/\/www.fisan.com\/de\/wp-json\/wp\/v2\/pages\/38787\/revisions"}],"predecessor-version":[{"id":38788,"href":"https:\/\/www.fisan.com\/de\/wp-json\/wp\/v2\/pages\/38787\/revisions\/38788"}],"wp:attachment":[{"href":"https:\/\/www.fisan.com\/de\/wp-json\/wp\/v2\/media?parent=38787"}],"curies":[{"name":"wp","href":"https:\/\/api.w.org\/{rel}","templated":true}]}}