{"id":38805,"date":"2022-09-09T11:54:45","date_gmt":"2022-09-09T09:54:45","guid":{"rendered":"https:\/\/www.fisan.com\/cookie-richtlinie\/"},"modified":"2023-05-23T11:34:23","modified_gmt":"2023-05-23T09:34:23","slug":"cookie-richtlinie","status":"publish","type":"page","link":"https:\/\/www.fisan.com\/de\/cookie-richtlinie\/","title":{"rendered":"Cookie-Richtlinie"},"content":{"rendered":"\t\t<div data-elementor-type=\"wp-page\" data-elementor-id=\"38805\" class=\"elementor elementor-38805 elementor-3660\" data-elementor-post-type=\"page\">\n\t\t\t\t\t\t<section class=\"elementor-section elementor-top-section elementor-element elementor-element-7ac1859 elementor-section-full_width elementor-section-height-default elementor-section-height-default\" data-id=\"7ac1859\" data-element_type=\"section\" data-settings=\"{&quot;background_background&quot;:&quot;classic&quot;}\">\n\t\t\t\t\t\t<div class=\"elementor-container elementor-column-gap-default\">\n\t\t\t\t\t<div class=\"elementor-column elementor-col-100 elementor-top-column elementor-element elementor-element-1392787\" data-id=\"1392787\" data-element_type=\"column\">\n\t\t\t<div class=\"elementor-widget-wrap elementor-element-populated\">\n\t\t\t\t\t\t<div class=\"elementor-element elementor-element-7edafa2 elementor-widget elementor-widget-breadcrumbs\" data-id=\"7edafa2\" data-element_type=\"widget\" data-widget_type=\"breadcrumbs.default\">\n\t\t\t\t<div class=\"elementor-widget-container\">\n\t\t\t\t\t<p id=\"breadcrumbs\"><span><span><a href=\"https:\/\/www.fisan.com\/de\/\">FISAN<\/a><\/span><\/span><\/p>\t\t\t\t<\/div>\n\t\t\t\t<\/div>\n\t\t\t\t\t<\/div>\n\t\t<\/div>\n\t\t\t\t\t<\/div>\n\t\t<\/section>\n\t\t\t\t<section class=\"elementor-section elementor-top-section elementor-element elementor-element-07f9a6b elementor-section-boxed elementor-section-height-default elementor-section-height-default\" data-id=\"07f9a6b\" data-element_type=\"section\">\n\t\t\t\t\t\t<div class=\"elementor-container elementor-column-gap-default\">\n\t\t\t\t\t<div class=\"elementor-column elementor-col-100 elementor-top-column elementor-element elementor-element-7dfa10e\" data-id=\"7dfa10e\" data-element_type=\"column\">\n\t\t\t<div class=\"elementor-widget-wrap elementor-element-populated\">\n\t\t\t\t\t\t<div class=\"elementor-element elementor-element-74fd581 elementor-widget elementor-widget-text-editor\" data-id=\"74fd581\" data-element_type=\"widget\" data-widget_type=\"text-editor.default\">\n\t\t\t\t<div class=\"elementor-widget-container\">\n\t\t\t\t\t\t\t\t\t<h1>Cookie-Richtlinie<\/h1>\n<p align=\"justify\">In \u00dcbereinstimmung mit der Informationspflicht gem\u00e4\u00df Artikel 22 Abschnitt 2 des Gesetzes 34\/2002 vom 11. Juli \u00fcber Dienste der Informationsgesellschaft und des elektronischen Gesch\u00e4ftsverkehrs besteht der Zweck dieser Cookie-Richtlinie darin, Sie klar und pr\u00e4zise \u00fcber die zu informieren Cookies, die auf der Website von FLORENCIO SANCHEZ E HIJOS, SL verwendet werden.<\/p>\n\n<h3>Was sind Cookies?<\/h3>\n<p align=\"justify\">Ein Cookie ist eine kleine Datei, die Websites an Ihren Browser senden und auf Ihren Computer herunterladen. Cookies erm\u00f6glichen es der Website, Informationen \u00fcber Ihren Besuch zu speichern und abzurufen, wie z. B. Ihre bevorzugte Sprache und andere Optionen, um die angebotenen Dienste zu verbessern und zu einem besseren Surferlebnis f\u00fcr den Benutzer beizutragen.<\/p>\n\n<h3>Cookie-Typen<\/h3>\n<p align=\"justify\">Je nachdem, wer die Domain verwaltet, von der aus die Cookies gesendet und die Daten verarbeitet werden, wird zwischen eigenen Cookies und Cookies von Drittanbietern unterschieden.<\/p>\n<p align=\"justify\">Cookies k\u00f6nnen auch nach der Dauer ihrer Speicherung im Browser des Benutzers klassifiziert werden, wobei zwischen Sitzungscookies und dauerhaften Cookies unterschieden wird.<\/p>\n<p align=\"justify\">Abh\u00e4ngig vom Zweck, f\u00fcr den die gesammelten Informationen verarbeitet werden, k\u00f6nnen Cookies schlie\u00dflich in die folgenden Kategorien eingeteilt werden:<\/p>\n\n<ul>\n \t<li>Technische Cookies: erm\u00f6glichen es dem Benutzer, eine Website zu durchsuchen und einige der von ihr angebotenen Dienste zu nutzen (z. B. diejenigen, die dazu dienen, sich die Elemente zu merken, aus denen ein Warenkorb besteht).<\/li>\n \t<li>Personalisierungscookies: Erm\u00f6glichen dem Benutzer den Zugriff auf die Website mit bestimmten Merkmalen, beispielsweise der Sprache.<\/li>\n \t<li>Sicherheitscookies: Sie werden verwendet, um Angriffe auf die Website zu verhindern oder zu verhindern.<\/li>\n \t<li>Plug-in-Cookies zum Austausch sozialer Inhalte: sogenannte Plug-ins, die das Teilen von Inhalten in sozialen Netzwerken erm\u00f6glichen.<\/li>\n \t<li>Analyse-Cookies: erm\u00f6glichen es dem Verantwortlichen, das Nutzerverhalten zu \u00fcberwachen.<\/li>\n \t<li>Werbe-Cookies: erm\u00f6glichen Ihnen die Verwaltung der Werbefl\u00e4chen der Website.<\/li>\n \t<li>Verhaltensbezogene Werbe-Cookies: Wie die vorherigen werden sie verwendet, um die Werbefl\u00e4chen der Website auf der Grundlage der gesammelten Informationen \u00fcber das Verhalten und die Gewohnheiten des Benutzers zu verwalten und die Werbung an das Profil des Benutzers anzupassen.<\/li>\n \t<li>Geolocation-Cookies: werden verwendet, um das Land herauszufinden, in dem sich der Benutzer befindet<\/li>\n<\/ul>\n<h3 id=\"configuracion\" class=\"blue\">Autorisierung f\u00fcr die Verwendung von Cookies<\/h3>\n<p align=\"justify\">Gem\u00e4\u00df dem auf der Website angezeigten Cookie-Hinweis akzeptiert der Benutzer, dass er durch Klicken auf die Schaltfl\u00e4che \u201eJa, ich akzeptiere\u201c ausdr\u00fccklich der Verwendung von Cookies gem\u00e4\u00df der nachstehenden Beschreibung zustimmt, unbeschadet der Tatsache, dass der Benutzer dies tun kann \u00c4ndern Sie die Konfiguration Ihres Browsers, um die Verwendung von Cookies abzulehnen, indem Sie die Schaltfl\u00e4che<strong>\u201eCookies ablehnen\u201c<\/strong> (mit Ausnahme technischer und Sicherheits-Cookies, die f\u00fcr die Bereitstellung des Dienstes unerl\u00e4sslich sind) oder Sie k\u00f6nnen sie \u00fcber den Link unten auf der Seite konfigurieren.<\/p>\n\n<h3>So \u00e4ndern Sie die Cookie-Einstellungen<\/h3>\n<p align=\"justify\">Sie k\u00f6nnen die Cookies von FLORENCIO SANCHEZ E HIJOS, SL oder jeder anderen Webseite \u00fcber Ihren Browser einschr\u00e4nken, blockieren oder l\u00f6schen.<\/p>\n<p align=\"justify\">\u00dcber den folgenden Link <a style=\"border: 1px solid #ccc; padding: 8px 10px; background: #f2f2f2;\" href=\"\/#gdpr_cookie_modal\">k\u00f6nnen Sie Cookies<\/a> auf unserer Website verwalten.<\/p>\n<p align=\"justify\"> In jedem Browser ist der Vorgang anders. Die Vorgehensweise dazu finden Sie im Hilfemen\u00fc Ihres Browsers, wo das Verfahren zur Beseitigung beschrieben wird. F\u00fcr mehr Informationen:<\/p>\n\n<ul>\n \t<li>Google Chrome:\n<a href=\"https:\/\/support.google.com\/chrome\/answer\/95647?co=GENIE.Platform%3DDesktop&amp;hl=es\" target=\"_blank\" rel=\"noopener noreferrer\">https:\/\/support.google.com\/chrome\/answer\/95647?co=GENIE.Platform%3DDesktop&amp;hl=es<\/a><\/li>\n \t<li>Mozilla Firefox:\n<a href=\"https:\/\/support.mozilla.org\/es\/kb\/habilitar-y-deshabilitar-cookies-sitios-web-rastrear-preferencias\" target=\"_blank\" rel=\"noopener noreferrer\">https:\/\/support.mozilla.org\/es\/kb\/habilitar-y-deshabilitar-cookies-sitios-web-rastrear-preferencias<\/a><\/li>\n \t<li>Safari::\n<a href=\"https:\/\/support.apple.com\/es-es\/guide\/safari\/sfri11471\/mac\" target=\"_blank\" rel=\"noopener noreferrer\">https:\/\/support.apple.com\/es-es\/guide\/safari\/sfri11471\/mac<\/a><\/li>\n \t<li>Internet Explorer:\n<a href=\"https:\/\/support.microsoft.com\/es-es\/help\/278835\/how-to-delete-cookie-files-in-internet-explorer\" target=\"_blank\" rel=\"noopener noreferrer\">https:\/\/support.microsoft.com\/es-es\/help\/278835\/how-to-delete-cookie-files-in-internet-explorer<\/a><\/li>\n<\/ul>\n<p align=\"justify\">Es ist m\u00f6glich, dass die Webseite durch die Deaktivierung von Cookies nicht richtig funktioniert oder Sie auf bestimmte Funktionen nicht zugreifen k\u00f6nnen.<\/p>\n\n<h3>Im Internet verwendete Cookies<\/h3>\n<p align=\"justify\">Auf dem Webportal werden verschiedene Arten von Cookies f\u00fcr unterschiedliche Zwecke verwendet. Die verwendeten Cookies sind unten aufgef\u00fchrt:<\/p>\n\n<h3>AUF DIESER WEBSITE VERWENDETE COOKIES<\/h3>\n<h4 class=\"blue\">VOM HERAUSGEBER KONTROLLIERTE COOKIES<\/h4>\n<p align=\"justify\"><strong>technisch und funktional<\/strong><\/p>\n\n<table class=\"table table-striped\">\n<tbody>\n<tr>\n<td><strong>Eigentum<\/strong><\/td>\n<td><strong>Cookie<\/strong><\/td>\n<td><strong>Zweck<\/strong><\/td>\n<td><strong>Begriff<\/strong><\/td>\n<\/tr>\n<tr>\n<td>fisan.com<\/td>\n<td>pll_language<\/td>\n<td>Identifiziert und speichert die Navigationssprache des Benutzers auf der Seite.<\/td>\n<td>Sitzung<\/td>\n<\/tr>\n<tr>\n<td>fisan.com<\/td>\n<td>tk_ai<\/td>\n<td>Wird als anonyme ID verwendet, wenn der angemeldete Benutzer nicht mit WordPress.com verbunden ist.<\/td>\n<td>Sitzung<\/td>\n<\/tr>\n<tr>\n<td>fisan.com<\/td>\n<td>PHPSESSID<\/td>\n<td>Wird von der PHP-Verschl\u00fcsselungssprache verwendet, um das Speichern von Sitzungsvariablen auf dem Webserver zu erm\u00f6glichen. Diese Cookies sind f\u00fcr den Betrieb der Website unerl\u00e4sslich.<\/td>\n<td>Sitzung<\/td>\n<\/tr>\n<tr>\n<td>fisan.com<\/td>\n<td>wfwaf-authcookie-<\/td>\n<td>Dieses Cookie wird vom WordPress-Sicherheits-Plugin \u201eWordfence\u201c gesetzt. Es wird zur Authentifizierung der Anmeldeanfrage des Benutzers verwendet.<\/td>\n<td>1 Tag<\/td>\n<\/tr>\n<\/tbody>\n<\/table>\n<p align=\"justify\"><strong>Analytik<\/strong><\/p>\n\n<table class=\"table table-striped\">\n<tbody>\n<tr>\n<td><strong>Eigentum<\/strong><\/td>\n<td><strong>Cookie<\/strong><\/td>\n<td><strong>Zweck<\/strong><\/td>\n<td><strong>Begriff<\/strong><\/td>\n<\/tr>\n<tr>\n<td>fisan.com<\/td>\n<td>_ga<\/td>\n<td>ID zur Identifizierung von Benutzern<\/td>\n<td>in 2 Jahren<\/td>\n<\/tr>\n<tr>\n<td>fisan.com<\/td>\n<td>_gat<\/td>\n<td>Analytics, verwandt mit Google Analytics, wird verwendet, um die Anzahl der Anfragen zu begrenzen.<\/td>\n<td>1 Minute<\/td>\n<\/tr>\n<tr>\n<td>fisan.com<\/td>\n<td>_gid<\/td>\n<td>ID, die zur Identifizierung von Benutzern f\u00fcr 24 Stunden nach der letzten Aktivit\u00e4t verwendet wird<\/td>\n<td>in 20 Stunden<\/td>\n<\/tr>\n<\/tbody>\n<\/table>\n<p align=\"justify\"><strong>Werbung<\/strong><\/p>\n\n<table class=\"table table-striped\">\n<tbody>\n<tr>\n<td><strong>Eigentum<\/strong><\/td>\n<td><strong>Cookie<\/strong><\/td>\n<td><strong>Zweck<\/strong><\/td>\n<td><strong>Begriff<\/strong><\/td>\n<\/tr>\n<tr>\n<td>facebook.com<\/td>\n<td>datr<\/td>\n<td>Es wird verwendet, um die Erstellung gef\u00e4lschter\/Spam-Konten zu verhindern. Das DATR-Cookie ist einem Browser zugeordnet, nicht einzelnen Personen.<\/td>\n<td>in 2 Jahren<\/td>\n<\/tr>\n<tr>\n<td>facebook.com<\/td>\n<td>fr<\/td>\n<td>Enth\u00e4lt eine eindeutige Browser- und Benutzerkennung, die f\u00fcr gezielte Werbung verwendet wird.<\/td>\n<td>In 3 Monaten<\/td>\n<\/tr>\n<tr>\n<td>facebook.com<\/td>\n<td>sb<\/td>\n<td>Facebook-Browseridentifizierung, Authentifizierung, Marketing und andere Facebook-spezifische Funktionscookies.<\/td>\n<td>in 2 Jahren<\/td>\n<\/tr>\n<tr>\n<td>gstatic.com<\/td>\n<td>1P_JAR<\/td>\n<td>Diese Cookies werden durch eingebettete YouTube-Videos gesetzt. Sie erfassen anonyme statistische Daten, beispielsweise dar\u00fcber, wie oft das Video abgespielt wird und welche Einstellungen f\u00fcr die Wiedergabe verwendet werden.<\/td>\n<td>in 16 Tagen<\/td>\n<\/tr>\n<tr>\n<td>fisan.com<\/td>\n<td>_fbp<\/td>\n<td>Wird von Facebook verwendet, um eine Reihe von Produkten wie Werbung und Echtzeitangebote von Drittanbietern anzubieten<\/td>\n<td>In 3 Monaten<\/td>\n<\/tr>\n<\/tbody>\n<\/table>\n<h4>COOKIES VON DRITTANBIETERN<\/h4>\nDie Dienste Dritter liegen au\u00dferhalb der Kontrolle des Herausgebers. Die Anbieter k\u00f6nnen ihre Nutzungsbedingungen, den Zweck und die Verwendung von Cookies usw. jederzeit \u00e4ndern.\n<h5>Externe Anbieter dieser Website:<\/h5>\n<table class=\"table table-striped\">\n<tbody>\n<tr>\n<td><b>KONTOINHABER<\/b><\/td>\n<td><b>ZWECK<\/b><\/td>\n<\/tr>\n<tr>\n<td><a href=\"https:\/\/developers.google.com\/analytics\/\" target=\"_blank\" rel=\"noopener noreferrer\">Google Analytics<\/a><\/td>\n<td>Es wird verwendet, um statistische Berichte \u00fcber den Website-Verkehr zu erhalten<\/td>\n<\/tr>\n<tr>\n<td><a href=\"https:\/\/marketingplatform.google.com\/about\/enterprise\/\" target=\"_blank\" rel=\"noopener noreferrer\">Doubleclick by Google<\/a><\/td>\n<td>Es handelt sich um Werbecookies; werden zur Verbesserung der Werbung eingesetzt. Sie werden h\u00e4ufig verwendet, um Werbung gezielt auf Inhalte auszurichten, die f\u00fcr einen Benutzer relevant sind, die Berichte zur Kampagnenleistung zu verbessern und die Anzeige von Anzeigen zu vermeiden, die der Benutzer bereits gesehen hat.<\/td>\n<\/tr>\n<tr>\n<td><a href=\"https:\/\/www.facebook.com\/privacy\/explanation\" target=\"_blank\" rel=\"noopener noreferrer\">Facebook<\/a><\/td>\n<td>Anmeldecookies in <b>FLORENCIO S\u00c1NCHEZ E HIJOS, S.L.<\/b> \u00fcber Facebook-Login<\/td>\n<\/tr>\n<tr>\n<td><a href=\"https:\/\/www.google.com\/analytics\/tag-manager\/use-policy\/\" target=\"_blank\" rel=\"noopener noreferrer\">Google Tag Manager<\/a><\/td>\n<td>Tool, das das Hochladen und Verwalten von Labels im Web und in den App-Eigenschaften von <b>FLORENCIO S\u00c1NCHEZ E HIJOS, S.L<\/b>. erleichtert.<\/td>\n<\/tr>\n<tr>\n<td><a href=\"https:\/\/twitter.com\/es\/privacy\" target=\"_blank\" rel=\"noopener noreferrer\">Twitter Advertising<\/a><\/td>\n<td>Verhaltensbezogene Werbung. Sie werden verwendet, um die Relevanz der f\u00fcr Nutzer angezeigten Anzeigen zu verbessern.<\/td>\n<\/tr>\n<\/tbody>\n<\/table>\n\n<hr align=\"left\" width=\"50%\">\n\n<h3>\u00c4nderung der Bedingungen<\/h3>\n<p align=\"justify\">FLORENCIO SANCHEZ E HIJOS, SL beh\u00e4lt sich ausdr\u00fccklich das Recht vor, diese Cookie-Richtlinie ganz oder teilweise und ohne vorherige Ank\u00fcndigung einseitig zu \u00e4ndern. Der Benutzer erkennt an und akzeptiert, dass es in seiner Verantwortung liegt, diese Cookie-Richtlinie zu lesen.<\/p>\t\t\t\t\t\t\t\t<\/div>\n\t\t\t\t<\/div>\n\t\t\t\t\t<\/div>\n\t\t<\/div>\n\t\t\t\t\t<\/div>\n\t\t<\/section>\n\t\t\t\t<\/div>\n\t\t","protected":false},"excerpt":{"rendered":"<p>Cookie-Richtlinie In \u00dcbereinstimmung mit der Informationspflicht gem\u00e4\u00df Artikel 22 Abschnitt 2 des Gesetzes 34\/2002 vom 11. Juli \u00fcber Dienste der Informationsgesellschaft und des elektronischen Gesch\u00e4ftsverkehrs besteht der Zweck dieser Cookie-Richtlinie darin, Sie klar und pr\u00e4zise \u00fcber die zu informieren Cookies, die auf der Website von FLORENCIO SANCHEZ E HIJOS, SL verwendet werden. Was sind Cookies? &#8230; <a title=\"Cookie-Richtlinie\" class=\"read-more\" href=\"https:\/\/www.fisan.com\/de\/cookie-richtlinie\/\" aria-label=\"Mehr Informationen \u00fcber Cookie-Richtlinie\">Weiterlesen<\/a><\/p>\n","protected":false},"author":1,"featured_media":0,"parent":0,"menu_order":99,"comment_status":"closed","ping_status":"closed","template":"","meta":{"_acf_changed":false,"footnotes":"","_wp_rev_ctl_limit":""},"class_list":["post-38805","page","type-page","status-publish"],"acf":[],"yoast_head":"<!-- This site is optimized with the Yoast SEO plugin v25.4 - https:\/\/yoast.com\/wordpress\/plugins\/seo\/ -->\n<title>Cookie-Richtlinie | FISAN<\/title>\n<meta name=\"robots\" content=\"noindex, nofollow\" \/>\n<meta property=\"og:locale\" content=\"de_DE\" \/>\n<meta property=\"og:type\" content=\"article\" \/>\n<meta property=\"og:title\" content=\"Cookie-Richtlinie | FISAN\" \/>\n<meta property=\"og:description\" content=\"Cookie-Richtlinie In \u00dcbereinstimmung mit der Informationspflicht gem\u00e4\u00df Artikel 22 Abschnitt 2 des Gesetzes 34\/2002 vom 11. Juli \u00fcber Dienste der Informationsgesellschaft und des elektronischen Gesch\u00e4ftsverkehrs besteht der Zweck dieser Cookie-Richtlinie darin, Sie klar und pr\u00e4zise \u00fcber die zu informieren Cookies, die auf der Website von FLORENCIO SANCHEZ E HIJOS, SL verwendet werden. Was sind Cookies? ... Weiterlesen\" \/>\n<meta property=\"og:url\" content=\"https:\/\/www.fisan.com\/de\/cookie-richtlinie\/\" \/>\n<meta property=\"og:site_name\" content=\"FISAN\" \/>\n<meta property=\"article:modified_time\" content=\"2023-05-23T09:34:23+00:00\" \/>\n<meta name=\"twitter:card\" content=\"summary_large_image\" \/>\n<meta name=\"twitter:label1\" content=\"Gesch\u00e4tzte Lesezeit\" \/>\n\t<meta name=\"twitter:data1\" content=\"5\u00a0Minuten\" \/>\n<script type=\"application\/ld+json\" class=\"yoast-schema-graph\">{\n\t    \"@context\": \"https:\/\/schema.org\",\n\t    \"@graph\": [\n\t        {\n\t            \"@type\": \"WebPage\",\n\t            \"@id\": \"https:\/\/www.fisan.com\/de\/cookie-richtlinie\/\",\n\t            \"url\": \"https:\/\/www.fisan.com\/de\/cookie-richtlinie\/\",\n\t            \"name\": \"Cookie-Richtlinie | FISAN\",\n\t            \"isPartOf\": {\n\t                \"@id\": \"https:\/\/www.fisan.com\/de\/#website\"\n\t            },\n\t            \"datePublished\": \"2022-09-09T09:54:45+00:00\",\n\t            \"dateModified\": \"2023-05-23T09:34:23+00:00\",\n\t            \"breadcrumb\": {\n\t                \"@id\": \"https:\/\/www.fisan.com\/de\/cookie-richtlinie\/#breadcrumb\"\n\t            },\n\t            \"inLanguage\": \"de\",\n\t            \"potentialAction\": [\n\t                {\n\t                    \"@type\": \"ReadAction\",\n\t                    \"target\": [\n\t                        \"https:\/\/www.fisan.com\/de\/cookie-richtlinie\/\"\n\t                    ]\n\t                }\n\t            ]\n\t        },\n\t        {\n\t            \"@type\": \"BreadcrumbList\",\n\t            \"@id\": \"https:\/\/www.fisan.com\/de\/cookie-richtlinie\/#breadcrumb\",\n\t            \"itemListElement\": [\n\t                {\n\t                    \"@type\": \"ListItem\",\n\t                    \"position\": 1,\n\t                    \"name\": \"FISAN\",\n\t                    \"item\": \"https:\/\/www.fisan.com\/de\/\"\n\t                },\n\t                {\n\t                    \"@type\": \"ListItem\",\n\t                    \"position\": 2,\n\t                    \"name\": \"Cookie-Richtlinie\"\n\t                }\n\t            ]\n\t        },\n\t        {\n\t            \"@type\": \"WebSite\",\n\t            \"@id\": \"https:\/\/www.fisan.com\/de\/#website\",\n\t            \"url\": \"https:\/\/www.fisan.com\/de\/\",\n\t            \"name\": \"FISAN\",\n\t            \"description\": \"FISAN | Jamones de bellota ib\u00e9rico y embutidos ib\u00e9ricos desde 1920\",\n\t            \"potentialAction\": [\n\t                {\n\t                    \"@type\": \"SearchAction\",\n\t                    \"target\": {\n\t                        \"@type\": \"EntryPoint\",\n\t                        \"urlTemplate\": \"https:\/\/www.fisan.com\/de\/?s={search_term_string}\"\n\t                    },\n\t                    \"query-input\": {\n\t                        \"@type\": \"PropertyValueSpecification\",\n\t                        \"valueRequired\": true,\n\t                        \"valueName\": \"search_term_string\"\n\t                    }\n\t                }\n\t            ],\n\t            \"inLanguage\": \"de\"\n\t        }\n\t    ]\n\t}<\/script>\n<!-- \/ Yoast SEO plugin. -->","yoast_head_json":{"title":"Cookie-Richtlinie | FISAN","robots":{"index":"noindex","follow":"nofollow"},"og_locale":"de_DE","og_type":"article","og_title":"Cookie-Richtlinie | FISAN","og_description":"Cookie-Richtlinie In \u00dcbereinstimmung mit der Informationspflicht gem\u00e4\u00df Artikel 22 Abschnitt 2 des Gesetzes 34\/2002 vom 11. Juli \u00fcber Dienste der Informationsgesellschaft und des elektronischen Gesch\u00e4ftsverkehrs besteht der Zweck dieser Cookie-Richtlinie darin, Sie klar und pr\u00e4zise \u00fcber die zu informieren Cookies, die auf der Website von FLORENCIO SANCHEZ E HIJOS, SL verwendet werden. Was sind Cookies? ... Weiterlesen","og_url":"https:\/\/www.fisan.com\/de\/cookie-richtlinie\/","og_site_name":"FISAN","article_modified_time":"2023-05-23T09:34:23+00:00","twitter_card":"summary_large_image","twitter_misc":{"Gesch\u00e4tzte Lesezeit":"5\u00a0Minuten"},"schema":{"@context":"https:\/\/schema.org","@graph":[{"@type":"WebPage","@id":"https:\/\/www.fisan.com\/de\/cookie-richtlinie\/","url":"https:\/\/www.fisan.com\/de\/cookie-richtlinie\/","name":"Cookie-Richtlinie | FISAN","isPartOf":{"@id":"https:\/\/www.fisan.com\/de\/#website"},"datePublished":"2022-09-09T09:54:45+00:00","dateModified":"2023-05-23T09:34:23+00:00","breadcrumb":{"@id":"https:\/\/www.fisan.com\/de\/cookie-richtlinie\/#breadcrumb"},"inLanguage":"de","potentialAction":[{"@type":"ReadAction","target":["https:\/\/www.fisan.com\/de\/cookie-richtlinie\/"]}]},{"@type":"BreadcrumbList","@id":"https:\/\/www.fisan.com\/de\/cookie-richtlinie\/#breadcrumb","itemListElement":[{"@type":"ListItem","position":1,"name":"FISAN","item":"https:\/\/www.fisan.com\/de\/"},{"@type":"ListItem","position":2,"name":"Cookie-Richtlinie"}]},{"@type":"WebSite","@id":"https:\/\/www.fisan.com\/de\/#website","url":"https:\/\/www.fisan.com\/de\/","name":"FISAN","description":"FISAN | Jamones de bellota ib\u00e9rico y embutidos ib\u00e9ricos desde 1920","potentialAction":[{"@type":"SearchAction","target":{"@type":"EntryPoint","urlTemplate":"https:\/\/www.fisan.com\/de\/?s={search_term_string}"},"query-input":{"@type":"PropertyValueSpecification","valueRequired":true,"valueName":"search_term_string"}}],"inLanguage":"de"}]}},"_links":{"self":[{"href":"https:\/\/www.fisan.com\/de\/wp-json\/wp\/v2\/pages\/38805","targetHints":{"allow":["GET"]}}],"collection":[{"href":"https:\/\/www.fisan.com\/de\/wp-json\/wp\/v2\/pages"}],"about":[{"href":"https:\/\/www.fisan.com\/de\/wp-json\/wp\/v2\/types\/page"}],"author":[{"embeddable":true,"href":"https:\/\/www.fisan.com\/de\/wp-json\/wp\/v2\/users\/1"}],"replies":[{"embeddable":true,"href":"https:\/\/www.fisan.com\/de\/wp-json\/wp\/v2\/comments?post=38805"}],"version-history":[{"count":5,"href":"https:\/\/www.fisan.com\/de\/wp-json\/wp\/v2\/pages\/38805\/revisions"}],"predecessor-version":[{"id":38820,"href":"https:\/\/www.fisan.com\/de\/wp-json\/wp\/v2\/pages\/38805\/revisions\/38820"}],"wp:attachment":[{"href":"https:\/\/www.fisan.com\/de\/wp-json\/wp\/v2\/media?parent=38805"}],"curies":[{"name":"wp","href":"https:\/\/api.w.org\/{rel}","templated":true}]}}