{"id":33197,"date":"2022-10-07T16:52:05","date_gmt":"2022-10-07T14:52:05","guid":{"rendered":"https:\/\/www.fisan.com\/producto\/100-bellota-iberico-lende\/"},"modified":"2024-12-19T00:01:06","modified_gmt":"2024-12-18T23:01:06","slug":"100-iberico-bellota-luftgetrocknete-lende","status":"publish","type":"product","link":"https:\/\/www.fisan.com\/de\/shop\/100-bellota-iberico-lende\/","title":{"rendered":"100% Iberico Bellota Luftgetrocknete Lende Alta Gastronomia"},"content":{"rendered":"<p>Die 100% Iberico Bellota Luftgetrocknete Lende FISAN zeichnet sich durch ihren milden Geschmack, ihre Maserung und ihr tiefgehendes Aroma aus. Diese Lende wird traditionell mit Paprika mariniert, und das Fleisch wird zu keinem Zeitpunkt tiefgefroren. Anschlie\u00dfend reift sie mindestens sechs Monate in nat\u00fcrlichen Trockenr\u00e4umen. 100% nat\u00fcrlich<\/p>\n<p>&nbsp;<\/p>\n<p><strong>Genie\u00dfen Sie Ihre 100 % Bellota Iberico Lende Geschnittene Scheiben:<\/strong><br \/>\nDas ideale Format f\u00fcr diejenigen, die unsere Iberico-Lende auf bequeme und einfache Weise genie\u00dfen m\u00f6chten. In dieser Pr\u00e4sentation finden Sie 10 P\u00e4ckchen von 100 Gramm in einer speziellen Box. Das perfekte Geschenk.<\/p>\n","protected":false},"excerpt":{"rendered":"<p>Die 100% Iberico Bellota Luftgetrocknete Lende FISAN zeichnet sich durch ihren milden Geschmack, ihre Maserung und ihr tiefgehendes Aroma aus. Diese Lende wird traditionell mit Paprika mariniert, und das Fleisch wird zu keinem Zeitpunkt tiefgefroren. Anschlie\u00dfend reift sie mindestens sechs Monate in nat\u00fcrlichen Trockenr\u00e4umen. 100% nat\u00fcrlich &nbsp; Genie\u00dfen Sie Ihre 100 % Bellota Iberico Lende &#8230; <a title=\"100% Iberico Bellota Luftgetrocknete Lende Alta Gastronomia\" class=\"read-more\" href=\"https:\/\/www.fisan.com\/de\/shop\/100-bellota-iberico-lende\/\" aria-label=\"Mehr Informationen \u00fcber 100% Iberico Bellota Luftgetrocknete Lende Alta Gastronomia\">Weiterlesen<\/a><\/p>\n","protected":false},"featured_media":24534,"template":"","meta":{"_acf_changed":false,"_wp_rev_ctl_limit":""},"product_brand":[],"product_cat":[720,355],"product_tag":[306],"gama":[436],"calidad":[441],"class_list":{"0":"post-33197","1":"product","2":"type-product","3":"status-publish","4":"has-post-thumbnail","6":"product_cat-produkte-bellota-lomo","7":"product_cat-produkte-lende","8":"product_tag-ag","9":"gama-alta-gastronomia-de","10":"calidad-1-bellota-iberico-de","12":"first","13":"outofstock","14":"taxable","15":"shipping-taxable","16":"purchasable","17":"product-type-variable","18":"has-default-attributes"},"acf":[],"yoast_head":"<!-- This site is optimized with the Yoast SEO plugin v25.4 - https:\/\/yoast.com\/wordpress\/plugins\/seo\/ -->\n<title>100% Iberico Bellota Luftgetrocknete Lende Alta Gastronomia | FISAN<\/title>\n<meta name=\"robots\" content=\"index, follow, max-snippet:-1, max-image-preview:large, max-video-preview:-1\" \/>\n<link rel=\"canonical\" href=\"https:\/\/www.fisan.com\/de\/shop\/100-bellota-iberico-lende\/\" \/>\n<meta property=\"og:locale\" content=\"de_DE\" \/>\n<meta property=\"og:type\" content=\"article\" \/>\n<meta property=\"og:title\" content=\"100% Iberico Bellota Luftgetrocknete Lende Alta Gastronomia | FISAN\" \/>\n<meta property=\"og:description\" content=\"Die 100% Iberico Bellota Luftgetrocknete Lende FISAN zeichnet sich durch ihren milden Geschmack, ihre Maserung und ihr tiefgehendes Aroma aus. Diese Lende wird traditionell mit Paprika mariniert, und das Fleisch wird zu keinem Zeitpunkt tiefgefroren. Anschlie\u00dfend reift sie mindestens sechs Monate in nat\u00fcrlichen Trockenr\u00e4umen. 100% nat\u00fcrlich &nbsp; Genie\u00dfen Sie Ihre 100 % Bellota Iberico Lende ... Weiterlesen\" \/>\n<meta property=\"og:url\" content=\"https:\/\/www.fisan.com\/de\/shop\/100-bellota-iberico-lende\/\" \/>\n<meta property=\"og:site_name\" content=\"FISAN\" \/>\n<meta property=\"article:modified_time\" content=\"2024-12-18T23:01:06+00:00\" \/>\n<meta property=\"og:image\" content=\"https:\/\/www.fisan.com\/wp-content\/uploads\/2022\/10\/lomo-bellota-iberico-100-ag-pe-00.jpg\" \/>\n\t<meta property=\"og:image:width\" content=\"1200\" \/>\n\t<meta property=\"og:image:height\" content=\"2400\" \/>\n\t<meta property=\"og:image:type\" content=\"image\/jpeg\" \/>\n<meta name=\"twitter:card\" content=\"summary_large_image\" \/>\n<meta name=\"twitter:label1\" content=\"Verf\u00fcgbarkeit\" \/>\n\t<meta name=\"twitter:data1\" content=\"ausverkauft\" \/>\n<script type=\"application\/ld+json\" class=\"yoast-schema-graph\">{\n\t    \"@context\": \"https:\/\/schema.org\",\n\t    \"@graph\": [\n\t        {\n\t            \"@type\": \"WebPage\",\n\t            \"@id\": \"https:\/\/www.fisan.com\/de\/shop\/100-bellota-iberico-lende\/\",\n\t            \"url\": \"https:\/\/www.fisan.com\/de\/shop\/100-bellota-iberico-lende\/\",\n\t            \"name\": \"100% Iberico Bellota Luftgetrocknete Lende Alta Gastronomia | FISAN\",\n\t            \"isPartOf\": {\n\t                \"@id\": \"https:\/\/www.fisan.com\/de\/#website\"\n\t            },\n\t            \"primaryImageOfPage\": {\n\t                \"@id\": \"https:\/\/www.fisan.com\/de\/shop\/100-bellota-iberico-lende\/#primaryimage\"\n\t            },\n\t            \"image\": {\n\t                \"@id\": \"https:\/\/www.fisan.com\/de\/shop\/100-bellota-iberico-lende\/#primaryimage\"\n\t            },\n\t            \"thumbnailUrl\": \"https:\/\/www.fisan.com\/wp-content\/uploads\/2022\/10\/lomo-bellota-iberico-100-ag-pe-00.jpg\",\n\t            \"datePublished\": \"2022-10-07T14:52:05+00:00\",\n\t            \"dateModified\": \"2024-12-18T23:01:06+00:00\",\n\t            \"breadcrumb\": {\n\t                \"@id\": \"https:\/\/www.fisan.com\/de\/shop\/100-bellota-iberico-lende\/#breadcrumb\"\n\t            },\n\t            \"inLanguage\": \"de\",\n\t            \"potentialAction\": [\n\t                {\n\t                    \"@type\": \"ReadAction\",\n\t                    \"target\": [\n\t                        \"https:\/\/www.fisan.com\/de\/shop\/100-bellota-iberico-lende\/\"\n\t                    ]\n\t                }\n\t            ]\n\t        },\n\t        {\n\t            \"@type\": \"ImageObject\",\n\t            \"inLanguage\": \"de\",\n\t            \"@id\": \"https:\/\/www.fisan.com\/de\/shop\/100-bellota-iberico-lende\/#primaryimage\",\n\t            \"url\": \"https:\/\/www.fisan.com\/wp-content\/uploads\/2022\/10\/lomo-bellota-iberico-100-ag-pe-00.jpg\",\n\t            \"contentUrl\": \"https:\/\/www.fisan.com\/wp-content\/uploads\/2022\/10\/lomo-bellota-iberico-100-ag-pe-00.jpg\",\n\t            \"width\": 1200,\n\t            \"height\": 2400,\n\t            \"caption\": \"FISAN\"\n\t        },\n\t        {\n\t            \"@type\": \"BreadcrumbList\",\n\t            \"@id\": \"https:\/\/www.fisan.com\/de\/shop\/100-bellota-iberico-lende\/#breadcrumb\",\n\t            \"itemListElement\": [\n\t                {\n\t                    \"@type\": \"ListItem\",\n\t                    \"position\": 1,\n\t                    \"name\": \"FISAN\",\n\t                    \"item\": \"https:\/\/www.fisan.com\/de\/\"\n\t                },\n\t                {\n\t                    \"@type\": \"ListItem\",\n\t                    \"position\": 2,\n\t                    \"name\": \"Produkte\",\n\t                    \"item\": \"https:\/\/www.fisan.com\/de\/produkte\/\"\n\t                },\n\t                {\n\t                    \"@type\": \"ListItem\",\n\t                    \"position\": 3,\n\t                    \"name\": \"100% Iberico Bellota Luftgetrocknete Lende Alta Gastronomia\"\n\t                }\n\t            ]\n\t        },\n\t        {\n\t            \"@type\": \"WebSite\",\n\t            \"@id\": \"https:\/\/www.fisan.com\/de\/#website\",\n\t            \"url\": \"https:\/\/www.fisan.com\/de\/\",\n\t            \"name\": \"FISAN\",\n\t            \"description\": \"FISAN | Jamones de bellota ib\u00e9rico y embutidos ib\u00e9ricos desde 1920\",\n\t            \"potentialAction\": [\n\t                {\n\t                    \"@type\": \"SearchAction\",\n\t                    \"target\": {\n\t                        \"@type\": \"EntryPoint\",\n\t                        \"urlTemplate\": \"https:\/\/www.fisan.com\/de\/?s={search_term_string}\"\n\t                    },\n\t                    \"query-input\": {\n\t                        \"@type\": \"PropertyValueSpecification\",\n\t                        \"valueRequired\": true,\n\t                        \"valueName\": \"search_term_string\"\n\t                    }\n\t                }\n\t            ],\n\t            \"inLanguage\": \"de\"\n\t        }\n\t    ]\n\t}<\/script>\n<meta property=\"og:availability\" content=\"out of stock\" \/>\n<meta property=\"product:availability\" content=\"out of stock\" \/>\n<meta property=\"product:retailer_item_id\" content=\"l-bi100\" \/>\n<meta property=\"product:condition\" content=\"new\" \/>\n<!-- \/ Yoast SEO plugin. -->","yoast_head_json":{"title":"100% Iberico Bellota Luftgetrocknete Lende Alta Gastronomia | FISAN","robots":{"index":"index","follow":"follow","max-snippet":"max-snippet:-1","max-image-preview":"max-image-preview:large","max-video-preview":"max-video-preview:-1"},"canonical":"https:\/\/www.fisan.com\/de\/shop\/100-bellota-iberico-lende\/","og_locale":"de_DE","og_type":"article","og_title":"100% Iberico Bellota Luftgetrocknete Lende Alta Gastronomia | FISAN","og_description":"Die 100% Iberico Bellota Luftgetrocknete Lende FISAN zeichnet sich durch ihren milden Geschmack, ihre Maserung und ihr tiefgehendes Aroma aus. Diese Lende wird traditionell mit Paprika mariniert, und das Fleisch wird zu keinem Zeitpunkt tiefgefroren. Anschlie\u00dfend reift sie mindestens sechs Monate in nat\u00fcrlichen Trockenr\u00e4umen. 100% nat\u00fcrlich &nbsp; Genie\u00dfen Sie Ihre 100 % Bellota Iberico Lende ... Weiterlesen","og_url":"https:\/\/www.fisan.com\/de\/shop\/100-bellota-iberico-lende\/","og_site_name":"FISAN","article_modified_time":"2024-12-18T23:01:06+00:00","og_image":[{"width":1200,"height":2400,"url":"https:\/\/www.fisan.com\/wp-content\/uploads\/2022\/10\/lomo-bellota-iberico-100-ag-pe-00.jpg","type":"image\/jpeg"}],"twitter_card":"summary_large_image","twitter_misc":{"Verf\u00fcgbarkeit":"ausverkauft"},"schema":{"@context":"https:\/\/schema.org","@graph":[{"@type":"WebPage","@id":"https:\/\/www.fisan.com\/de\/shop\/100-bellota-iberico-lende\/","url":"https:\/\/www.fisan.com\/de\/shop\/100-bellota-iberico-lende\/","name":"100% Iberico Bellota Luftgetrocknete Lende Alta Gastronomia | FISAN","isPartOf":{"@id":"https:\/\/www.fisan.com\/de\/#website"},"primaryImageOfPage":{"@id":"https:\/\/www.fisan.com\/de\/shop\/100-bellota-iberico-lende\/#primaryimage"},"image":{"@id":"https:\/\/www.fisan.com\/de\/shop\/100-bellota-iberico-lende\/#primaryimage"},"thumbnailUrl":"https:\/\/www.fisan.com\/wp-content\/uploads\/2022\/10\/lomo-bellota-iberico-100-ag-pe-00.jpg","datePublished":"2022-10-07T14:52:05+00:00","dateModified":"2024-12-18T23:01:06+00:00","breadcrumb":{"@id":"https:\/\/www.fisan.com\/de\/shop\/100-bellota-iberico-lende\/#breadcrumb"},"inLanguage":"de","potentialAction":[{"@type":"ReadAction","target":["https:\/\/www.fisan.com\/de\/shop\/100-bellota-iberico-lende\/"]}]},{"@type":"ImageObject","inLanguage":"de","@id":"https:\/\/www.fisan.com\/de\/shop\/100-bellota-iberico-lende\/#primaryimage","url":"https:\/\/www.fisan.com\/wp-content\/uploads\/2022\/10\/lomo-bellota-iberico-100-ag-pe-00.jpg","contentUrl":"https:\/\/www.fisan.com\/wp-content\/uploads\/2022\/10\/lomo-bellota-iberico-100-ag-pe-00.jpg","width":1200,"height":2400,"caption":"FISAN"},{"@type":"BreadcrumbList","@id":"https:\/\/www.fisan.com\/de\/shop\/100-bellota-iberico-lende\/#breadcrumb","itemListElement":[{"@type":"ListItem","position":1,"name":"FISAN","item":"https:\/\/www.fisan.com\/de\/"},{"@type":"ListItem","position":2,"name":"Produkte","item":"https:\/\/www.fisan.com\/de\/produkte\/"},{"@type":"ListItem","position":3,"name":"100% Iberico Bellota Luftgetrocknete Lende Alta Gastronomia"}]},{"@type":"WebSite","@id":"https:\/\/www.fisan.com\/de\/#website","url":"https:\/\/www.fisan.com\/de\/","name":"FISAN","description":"FISAN | Jamones de bellota ib\u00e9rico y embutidos ib\u00e9ricos desde 1920","potentialAction":[{"@type":"SearchAction","target":{"@type":"EntryPoint","urlTemplate":"https:\/\/www.fisan.com\/de\/?s={search_term_string}"},"query-input":{"@type":"PropertyValueSpecification","valueRequired":true,"valueName":"search_term_string"}}],"inLanguage":"de"}]},"og_availability":"out of stock","product_availability":"out of stock","product_retailer_item_id":"l-bi100","product_condition":"new"},"_links":{"self":[{"href":"https:\/\/www.fisan.com\/de\/wp-json\/wp\/v2\/product\/33197","targetHints":{"allow":["GET"]}}],"collection":[{"href":"https:\/\/www.fisan.com\/de\/wp-json\/wp\/v2\/product"}],"about":[{"href":"https:\/\/www.fisan.com\/de\/wp-json\/wp\/v2\/types\/product"}],"version-history":[{"count":5,"href":"https:\/\/www.fisan.com\/de\/wp-json\/wp\/v2\/product\/33197\/revisions"}],"predecessor-version":[{"id":48990,"href":"https:\/\/www.fisan.com\/de\/wp-json\/wp\/v2\/product\/33197\/revisions\/48990"}],"wp:featuredmedia":[{"embeddable":true,"href":"https:\/\/www.fisan.com\/de\/wp-json\/wp\/v2\/media\/24534"}],"wp:attachment":[{"href":"https:\/\/www.fisan.com\/de\/wp-json\/wp\/v2\/media?parent=33197"}],"wp:term":[{"taxonomy":"product_brand","embeddable":true,"href":"https:\/\/www.fisan.com\/de\/wp-json\/wp\/v2\/product_brand?post=33197"},{"taxonomy":"product_cat","embeddable":true,"href":"https:\/\/www.fisan.com\/de\/wp-json\/wp\/v2\/product_cat?post=33197"},{"taxonomy":"product_tag","embeddable":true,"href":"https:\/\/www.fisan.com\/de\/wp-json\/wp\/v2\/product_tag?post=33197"},{"taxonomy":"gama","embeddable":true,"href":"https:\/\/www.fisan.com\/de\/wp-json\/wp\/v2\/gama?post=33197"},{"taxonomy":"calidad","embeddable":true,"href":"https:\/\/www.fisan.com\/de\/wp-json\/wp\/v2\/calidad?post=33197"}],"curies":[{"name":"wp","href":"https:\/\/api.w.org\/{rel}","templated":true}]}}