{"id":33251,"date":"2022-10-07T16:51:30","date_gmt":"2022-10-07T14:51:30","guid":{"rendered":"https:\/\/www.fisan.com\/producto\/75-bellota-iberico-schinken\/"},"modified":"2026-03-20T14:00:15","modified_gmt":"2026-03-20T13:00:15","slug":"iberico-bellota-schinken-75-iberische-rasse","status":"publish","type":"product","link":"https:\/\/www.fisan.com\/de\/shop\/75-bellota-iberico-schinken\/","title":{"rendered":"Iberico Bellota Schinken 75% Iberische Rasse Alta Gastronomia"},"content":{"rendered":"<p>S\u00fc\u00dfe, intensiver Geschmack, verf\u00fchrerisches Aroma, frisch und lang anhaltend \u2013 das sind die Nuancen, die der Iberico Bellota Schinken 75% Iberische Rasse Alta Gastronomia dem Gaumen bietet. Jede einzelne Scheibe zergeht durch die Fettinfiltrationen auf der Zunge. <span class=\"rnc2Gd\" data-ast-node-id=\"1\">Er hinterl\u00e4sst einen k\u00f6stlichen Sinneseindruck, der an die mehr als f\u00fcnfzigmonatige nat\u00fcrliche Kellerreifung erinnert.<\/span>\u00a0Das Geheimnis liegt in der Auswahl des besten Ausgangsmaterials: Nur die au\u00dfergew\u00f6hnlichsten St\u00fccke werden als Alta Gastronomia klassifiziert. Geduld und reichlich Ruhezeit in Kellern, die zur Brise der Sierra hin ge\u00f6ffnet sind, gipfeln in dem besten Bellota Schinken, an dem sich Ihr Gaumen je erfreuen durfte.<\/p>\n<p>&nbsp;<\/p>\n<p><strong>Genie\u00dfen Sie Ihren handgeschnittenen 75% iberischen Schinken aus Eichelmast:<\/strong><br \/>\nUnsere Formate mit Messer und in Scheiben geschnitten erm\u00f6glichen es Ihnen, Ihren iberischen Schinken auf eine einfachere Art und Weise zu genie\u00dfen und zu teilen. Sie erhalten 30 P\u00e4ckchen (ca. 100 g) in einer speziellen Schachtel oder in 3 Schachteln, wenn Sie unser DELUXE-Format w\u00e4hlen.<\/p>\n","protected":false},"excerpt":{"rendered":"<p>S\u00fc\u00dfe, intensiver Geschmack, verf\u00fchrerisches Aroma, frisch und lang anhaltend \u2013 das sind die Nuancen, die der Iberico Bellota Schinken 75% Iberische Rasse Alta Gastronomia dem Gaumen bietet. Jede einzelne Scheibe zergeht durch die Fettinfiltrationen auf der Zunge. Er hinterl\u00e4sst einen k\u00f6stlichen Sinneseindruck, der an die mehr als f\u00fcnfzigmonatige nat\u00fcrliche Kellerreifung erinnert.\u00a0Das Geheimnis liegt in der &#8230; <a title=\"Iberico Bellota Schinken 75% Iberische Rasse Alta Gastronomia\" class=\"read-more\" href=\"https:\/\/www.fisan.com\/de\/shop\/75-bellota-iberico-schinken\/\" aria-label=\"Mehr Informationen \u00fcber Iberico Bellota Schinken 75% Iberische Rasse Alta Gastronomia\">Weiterlesen<\/a><\/p>\n","protected":false},"featured_media":24426,"template":"","meta":{"_acf_changed":false,"_wp_rev_ctl_limit":""},"product_brand":[],"product_cat":[718,305],"product_tag":[306,307,308,309],"gama":[436],"calidad":[441],"class_list":{"0":"post-33251","1":"product","2":"type-product","3":"status-publish","4":"has-post-thumbnail","6":"product_cat-produkte-schinken","7":"product_cat-produkte-iberico-schinken","8":"product_tag-ag","9":"product_tag-destacados-inicio","10":"product_tag-destacados-jamon","11":"product_tag-destacados-todos","12":"gama-alta-gastronomia-de","13":"calidad-1-bellota-iberico-de","15":"first","16":"instock","17":"taxable","18":"shipping-taxable","19":"purchasable","20":"product-type-variable","21":"has-default-attributes"},"acf":[],"yoast_head":"<!-- This site is optimized with the Yoast SEO plugin v25.4 - https:\/\/yoast.com\/wordpress\/plugins\/seo\/ -->\n<title>Iberico Bellota Schinken 75% Iberische Rasse Alta Gastronomia | FISAN<\/title>\n<meta name=\"robots\" content=\"index, follow, max-snippet:-1, max-image-preview:large, max-video-preview:-1\" \/>\n<link rel=\"canonical\" href=\"https:\/\/www.fisan.com\/de\/shop\/75-bellota-iberico-schinken\/\" \/>\n<meta property=\"og:locale\" content=\"de_DE\" \/>\n<meta property=\"og:type\" content=\"article\" \/>\n<meta property=\"og:title\" content=\"Iberico Bellota Schinken 75% Iberische Rasse Alta Gastronomia | FISAN\" \/>\n<meta property=\"og:description\" content=\"S\u00fc\u00dfe, intensiver Geschmack, verf\u00fchrerisches Aroma, frisch und lang anhaltend \u2013 das sind die Nuancen, die der Iberico Bellota Schinken 75% Iberische Rasse Alta Gastronomia dem Gaumen bietet. Jede einzelne Scheibe zergeht durch die Fettinfiltrationen auf der Zunge. Er hinterl\u00e4sst einen k\u00f6stlichen Sinneseindruck, der an die mehr als f\u00fcnfzigmonatige nat\u00fcrliche Kellerreifung erinnert.\u00a0Das Geheimnis liegt in der ... Weiterlesen\" \/>\n<meta property=\"og:url\" content=\"https:\/\/www.fisan.com\/de\/shop\/75-bellota-iberico-schinken\/\" \/>\n<meta property=\"og:site_name\" content=\"FISAN\" \/>\n<meta property=\"article:modified_time\" content=\"2026-03-20T13:00:15+00:00\" \/>\n<meta property=\"og:image\" content=\"https:\/\/www.fisan.com\/wp-content\/uploads\/2022\/10\/jamon-bellota-iberico-75-ag-pe-00.jpg\" \/>\n\t<meta property=\"og:image:width\" content=\"1200\" \/>\n\t<meta property=\"og:image:height\" content=\"2400\" \/>\n\t<meta property=\"og:image:type\" content=\"image\/jpeg\" \/>\n<meta name=\"twitter:card\" content=\"summary_large_image\" \/>\n<meta name=\"twitter:label1\" content=\"Verf\u00fcgbarkeit\" \/>\n\t<meta name=\"twitter:data1\" content=\"Auf Lager\" \/>\n<script type=\"application\/ld+json\" class=\"yoast-schema-graph\">{\n\t    \"@context\": \"https:\/\/schema.org\",\n\t    \"@graph\": [\n\t        {\n\t            \"@type\": \"WebPage\",\n\t            \"@id\": \"https:\/\/www.fisan.com\/de\/shop\/75-bellota-iberico-schinken\/\",\n\t            \"url\": \"https:\/\/www.fisan.com\/de\/shop\/75-bellota-iberico-schinken\/\",\n\t            \"name\": \"Iberico Bellota Schinken 75% Iberische Rasse Alta Gastronomia | FISAN\",\n\t            \"isPartOf\": {\n\t                \"@id\": \"https:\/\/www.fisan.com\/de\/#website\"\n\t            },\n\t            \"primaryImageOfPage\": {\n\t                \"@id\": \"https:\/\/www.fisan.com\/de\/shop\/75-bellota-iberico-schinken\/#primaryimage\"\n\t            },\n\t            \"image\": {\n\t                \"@id\": \"https:\/\/www.fisan.com\/de\/shop\/75-bellota-iberico-schinken\/#primaryimage\"\n\t            },\n\t            \"thumbnailUrl\": \"https:\/\/www.fisan.com\/wp-content\/uploads\/2022\/10\/jamon-bellota-iberico-75-ag-pe-00.jpg\",\n\t            \"datePublished\": \"2022-10-07T14:51:30+00:00\",\n\t            \"dateModified\": \"2026-03-20T13:00:15+00:00\",\n\t            \"breadcrumb\": {\n\t                \"@id\": \"https:\/\/www.fisan.com\/de\/shop\/75-bellota-iberico-schinken\/#breadcrumb\"\n\t            },\n\t            \"inLanguage\": \"de\",\n\t            \"potentialAction\": [\n\t                {\n\t                    \"@type\": \"ReadAction\",\n\t                    \"target\": [\n\t                        \"https:\/\/www.fisan.com\/de\/shop\/75-bellota-iberico-schinken\/\"\n\t                    ]\n\t                }\n\t            ]\n\t        },\n\t        {\n\t            \"@type\": \"ImageObject\",\n\t            \"inLanguage\": \"de\",\n\t            \"@id\": \"https:\/\/www.fisan.com\/de\/shop\/75-bellota-iberico-schinken\/#primaryimage\",\n\t            \"url\": \"https:\/\/www.fisan.com\/wp-content\/uploads\/2022\/10\/jamon-bellota-iberico-75-ag-pe-00.jpg\",\n\t            \"contentUrl\": \"https:\/\/www.fisan.com\/wp-content\/uploads\/2022\/10\/jamon-bellota-iberico-75-ag-pe-00.jpg\",\n\t            \"width\": 1200,\n\t            \"height\": 2400,\n\t            \"caption\": \"JAMON BELLOTA IBERICO presentaci\u00f3n\"\n\t        },\n\t        {\n\t            \"@type\": \"BreadcrumbList\",\n\t            \"@id\": \"https:\/\/www.fisan.com\/de\/shop\/75-bellota-iberico-schinken\/#breadcrumb\",\n\t            \"itemListElement\": [\n\t                {\n\t                    \"@type\": \"ListItem\",\n\t                    \"position\": 1,\n\t                    \"name\": \"FISAN\",\n\t                    \"item\": \"https:\/\/www.fisan.com\/de\/\"\n\t                },\n\t                {\n\t                    \"@type\": \"ListItem\",\n\t                    \"position\": 2,\n\t                    \"name\": \"Produkte\",\n\t                    \"item\": \"https:\/\/www.fisan.com\/de\/produkte\/\"\n\t                },\n\t                {\n\t                    \"@type\": \"ListItem\",\n\t                    \"position\": 3,\n\t                    \"name\": \"Iberico Bellota Schinken 75% Iberische Rasse Alta Gastronomia\"\n\t                }\n\t            ]\n\t        },\n\t        {\n\t            \"@type\": \"WebSite\",\n\t            \"@id\": \"https:\/\/www.fisan.com\/de\/#website\",\n\t            \"url\": \"https:\/\/www.fisan.com\/de\/\",\n\t            \"name\": \"FISAN\",\n\t            \"description\": \"FISAN | Jamones de bellota ib\u00e9rico y embutidos ib\u00e9ricos desde 1920\",\n\t            \"potentialAction\": [\n\t                {\n\t                    \"@type\": \"SearchAction\",\n\t                    \"target\": {\n\t                        \"@type\": \"EntryPoint\",\n\t                        \"urlTemplate\": \"https:\/\/www.fisan.com\/de\/?s={search_term_string}\"\n\t                    },\n\t                    \"query-input\": {\n\t                        \"@type\": \"PropertyValueSpecification\",\n\t                        \"valueRequired\": true,\n\t                        \"valueName\": \"search_term_string\"\n\t                    }\n\t                }\n\t            ],\n\t            \"inLanguage\": \"de\"\n\t        }\n\t    ]\n\t}<\/script>\n<meta property=\"og:availability\" content=\"instock\" \/>\n<meta property=\"product:availability\" content=\"instock\" \/>\n<meta property=\"product:retailer_item_id\" content=\"j-bi75\" \/>\n<meta property=\"product:condition\" content=\"new\" \/>\n<!-- \/ Yoast SEO plugin. -->","yoast_head_json":{"title":"Iberico Bellota Schinken 75% Iberische Rasse Alta Gastronomia | FISAN","robots":{"index":"index","follow":"follow","max-snippet":"max-snippet:-1","max-image-preview":"max-image-preview:large","max-video-preview":"max-video-preview:-1"},"canonical":"https:\/\/www.fisan.com\/de\/shop\/75-bellota-iberico-schinken\/","og_locale":"de_DE","og_type":"article","og_title":"Iberico Bellota Schinken 75% Iberische Rasse Alta Gastronomia | FISAN","og_description":"S\u00fc\u00dfe, intensiver Geschmack, verf\u00fchrerisches Aroma, frisch und lang anhaltend \u2013 das sind die Nuancen, die der Iberico Bellota Schinken 75% Iberische Rasse Alta Gastronomia dem Gaumen bietet. Jede einzelne Scheibe zergeht durch die Fettinfiltrationen auf der Zunge. Er hinterl\u00e4sst einen k\u00f6stlichen Sinneseindruck, der an die mehr als f\u00fcnfzigmonatige nat\u00fcrliche Kellerreifung erinnert.\u00a0Das Geheimnis liegt in der ... Weiterlesen","og_url":"https:\/\/www.fisan.com\/de\/shop\/75-bellota-iberico-schinken\/","og_site_name":"FISAN","article_modified_time":"2026-03-20T13:00:15+00:00","og_image":[{"width":1200,"height":2400,"url":"https:\/\/www.fisan.com\/wp-content\/uploads\/2022\/10\/jamon-bellota-iberico-75-ag-pe-00.jpg","type":"image\/jpeg"}],"twitter_card":"summary_large_image","twitter_misc":{"Verf\u00fcgbarkeit":"Auf Lager"},"schema":{"@context":"https:\/\/schema.org","@graph":[{"@type":"WebPage","@id":"https:\/\/www.fisan.com\/de\/shop\/75-bellota-iberico-schinken\/","url":"https:\/\/www.fisan.com\/de\/shop\/75-bellota-iberico-schinken\/","name":"Iberico Bellota Schinken 75% Iberische Rasse Alta Gastronomia | FISAN","isPartOf":{"@id":"https:\/\/www.fisan.com\/de\/#website"},"primaryImageOfPage":{"@id":"https:\/\/www.fisan.com\/de\/shop\/75-bellota-iberico-schinken\/#primaryimage"},"image":{"@id":"https:\/\/www.fisan.com\/de\/shop\/75-bellota-iberico-schinken\/#primaryimage"},"thumbnailUrl":"https:\/\/www.fisan.com\/wp-content\/uploads\/2022\/10\/jamon-bellota-iberico-75-ag-pe-00.jpg","datePublished":"2022-10-07T14:51:30+00:00","dateModified":"2026-03-20T13:00:15+00:00","breadcrumb":{"@id":"https:\/\/www.fisan.com\/de\/shop\/75-bellota-iberico-schinken\/#breadcrumb"},"inLanguage":"de","potentialAction":[{"@type":"ReadAction","target":["https:\/\/www.fisan.com\/de\/shop\/75-bellota-iberico-schinken\/"]}]},{"@type":"ImageObject","inLanguage":"de","@id":"https:\/\/www.fisan.com\/de\/shop\/75-bellota-iberico-schinken\/#primaryimage","url":"https:\/\/www.fisan.com\/wp-content\/uploads\/2022\/10\/jamon-bellota-iberico-75-ag-pe-00.jpg","contentUrl":"https:\/\/www.fisan.com\/wp-content\/uploads\/2022\/10\/jamon-bellota-iberico-75-ag-pe-00.jpg","width":1200,"height":2400,"caption":"JAMON BELLOTA IBERICO presentaci\u00f3n"},{"@type":"BreadcrumbList","@id":"https:\/\/www.fisan.com\/de\/shop\/75-bellota-iberico-schinken\/#breadcrumb","itemListElement":[{"@type":"ListItem","position":1,"name":"FISAN","item":"https:\/\/www.fisan.com\/de\/"},{"@type":"ListItem","position":2,"name":"Produkte","item":"https:\/\/www.fisan.com\/de\/produkte\/"},{"@type":"ListItem","position":3,"name":"Iberico Bellota Schinken 75% Iberische Rasse Alta Gastronomia"}]},{"@type":"WebSite","@id":"https:\/\/www.fisan.com\/de\/#website","url":"https:\/\/www.fisan.com\/de\/","name":"FISAN","description":"FISAN | Jamones de bellota ib\u00e9rico y embutidos ib\u00e9ricos desde 1920","potentialAction":[{"@type":"SearchAction","target":{"@type":"EntryPoint","urlTemplate":"https:\/\/www.fisan.com\/de\/?s={search_term_string}"},"query-input":{"@type":"PropertyValueSpecification","valueRequired":true,"valueName":"search_term_string"}}],"inLanguage":"de"}]},"og_availability":"instock","product_availability":"instock","product_retailer_item_id":"j-bi75","product_condition":"new"},"_links":{"self":[{"href":"https:\/\/www.fisan.com\/de\/wp-json\/wp\/v2\/product\/33251","targetHints":{"allow":["GET"]}}],"collection":[{"href":"https:\/\/www.fisan.com\/de\/wp-json\/wp\/v2\/product"}],"about":[{"href":"https:\/\/www.fisan.com\/de\/wp-json\/wp\/v2\/types\/product"}],"version-history":[{"count":9,"href":"https:\/\/www.fisan.com\/de\/wp-json\/wp\/v2\/product\/33251\/revisions"}],"predecessor-version":[{"id":61488,"href":"https:\/\/www.fisan.com\/de\/wp-json\/wp\/v2\/product\/33251\/revisions\/61488"}],"wp:featuredmedia":[{"embeddable":true,"href":"https:\/\/www.fisan.com\/de\/wp-json\/wp\/v2\/media\/24426"}],"wp:attachment":[{"href":"https:\/\/www.fisan.com\/de\/wp-json\/wp\/v2\/media?parent=33251"}],"wp:term":[{"taxonomy":"product_brand","embeddable":true,"href":"https:\/\/www.fisan.com\/de\/wp-json\/wp\/v2\/product_brand?post=33251"},{"taxonomy":"product_cat","embeddable":true,"href":"https:\/\/www.fisan.com\/de\/wp-json\/wp\/v2\/product_cat?post=33251"},{"taxonomy":"product_tag","embeddable":true,"href":"https:\/\/www.fisan.com\/de\/wp-json\/wp\/v2\/product_tag?post=33251"},{"taxonomy":"gama","embeddable":true,"href":"https:\/\/www.fisan.com\/de\/wp-json\/wp\/v2\/gama?post=33251"},{"taxonomy":"calidad","embeddable":true,"href":"https:\/\/www.fisan.com\/de\/wp-json\/wp\/v2\/calidad?post=33251"}],"curies":[{"name":"wp","href":"https:\/\/api.w.org\/{rel}","templated":true}]}}