{"id":33271,"date":"2022-12-19T17:22:13","date_gmt":"2022-12-19T16:22:13","guid":{"rendered":"https:\/\/www.fisan.com\/producto\/75-bellota-iberico-schinken-d-o-p-guijuelo\/"},"modified":"2025-12-01T23:00:10","modified_gmt":"2025-12-01T22:00:10","slug":"iberico-bellota-schinken-75-iberische-rasse-pdo-guijuelo","status":"publish","type":"product","link":"https:\/\/www.fisan.com\/de\/shop\/75-bellota-iberico-schinken-dop-guijuelo\/","title":{"rendered":"Bellota Iberico Schinken 75% Iberische Rasse P.D.O. Guijuelo"},"content":{"rendered":"","protected":false},"excerpt":{"rendered":"<p>Der Schinken P.D.O. Guijuelo von FISAN ist ein einzigartiges St\u00fcck Schinken. Er ist von exquisitem Aroma und Geschmack gepr\u00e4gt. Dies wird durch das Garantiesiegel der gesch\u00fctzten Ursprungsbezeichnung gew\u00e4hrleistet, welches f\u00fcr die h\u00f6chste Qualit\u00e4t aller Produkte und unsere mehr als 100-j\u00e4hrige Erfahrung steht. Diese Schinken k\u00f6nnen leicht identifiziert werden, da sie einerseits das Siegel P.D.O. (mit den Farben der Norm), das Etikett der P.D.O. (mit dem gelb-roten Siegel, das die Schinken der P.D.O. Guijuelo kennzeichnet) und andererseits das Siegel von FISAN tragen.<\/p>\n","protected":false},"featured_media":29479,"template":"","meta":{"_acf_changed":false,"_wp_rev_ctl_limit":""},"product_brand":[],"product_cat":[718,305],"product_tag":[308,309,520],"gama":[1373],"calidad":[441],"class_list":{"0":"post-33271","1":"product","2":"type-product","3":"status-publish","4":"has-post-thumbnail","6":"product_cat-produkte-schinken","7":"product_cat-produkte-iberico-schinken","8":"product_tag-destacados-jamon","9":"product_tag-destacados-todos","10":"product_tag-st","11":"gama-sabor-tradicional-de-2","12":"calidad-1-bellota-iberico-de","14":"first","15":"instock","16":"taxable","17":"shipping-taxable","18":"purchasable","19":"product-type-variable","20":"has-default-attributes"},"acf":[],"yoast_head":"<!-- This site is optimized with the Yoast SEO plugin v25.4 - https:\/\/yoast.com\/wordpress\/plugins\/seo\/ -->\n<title>Bellota Iberico Schinken 75% Iberische Rasse P.D.O. Guijuelo | FISAN<\/title>\n<meta name=\"robots\" content=\"index, follow, max-snippet:-1, max-image-preview:large, max-video-preview:-1\" \/>\n<link rel=\"canonical\" href=\"https:\/\/www.fisan.com\/de\/shop\/75-bellota-iberico-schinken-dop-guijuelo\/\" \/>\n<meta property=\"og:locale\" content=\"de_DE\" \/>\n<meta property=\"og:type\" content=\"article\" \/>\n<meta property=\"og:title\" content=\"Bellota Iberico Schinken 75% Iberische Rasse P.D.O. Guijuelo | FISAN\" \/>\n<meta property=\"og:description\" content=\"Der Schinken P.D.O. Guijuelo von FISAN ist ein einzigartiges St\u00fcck Schinken. Er ist von exquisitem Aroma und Geschmack gepr\u00e4gt. Dies wird durch das Garantiesiegel der gesch\u00fctzten Ursprungsbezeichnung gew\u00e4hrleistet, welches f\u00fcr die h\u00f6chste Qualit\u00e4t aller Produkte und unsere mehr als 100-j\u00e4hrige Erfahrung steht. Diese Schinken k\u00f6nnen leicht identifiziert werden, da sie einerseits das Siegel P.D.O. (mit den Farben der Norm), das Etikett der P.D.O. (mit dem gelb-roten Siegel, das die Schinken der P.D.O. Guijuelo kennzeichnet) und andererseits das Siegel von FISAN tragen.\" \/>\n<meta property=\"og:url\" content=\"https:\/\/www.fisan.com\/de\/shop\/75-bellota-iberico-schinken-dop-guijuelo\/\" \/>\n<meta property=\"og:site_name\" content=\"FISAN\" \/>\n<meta property=\"article:modified_time\" content=\"2025-12-01T22:00:10+00:00\" \/>\n<meta property=\"og:image\" content=\"https:\/\/www.fisan.com\/wp-content\/uploads\/2022\/12\/jamon-bellota-iberico-do-75-st-pe-00.jpg\" \/>\n\t<meta property=\"og:image:width\" content=\"1200\" \/>\n\t<meta property=\"og:image:height\" content=\"2400\" \/>\n\t<meta property=\"og:image:type\" content=\"image\/jpeg\" \/>\n<meta name=\"twitter:card\" content=\"summary_large_image\" \/>\n<meta name=\"twitter:label1\" content=\"Verf\u00fcgbarkeit\" \/>\n\t<meta name=\"twitter:data1\" content=\"Auf Lager\" \/>\n<script type=\"application\/ld+json\" class=\"yoast-schema-graph\">{\n\t    \"@context\": \"https:\/\/schema.org\",\n\t    \"@graph\": [\n\t        {\n\t            \"@type\": \"WebPage\",\n\t            \"@id\": \"https:\/\/www.fisan.com\/de\/shop\/75-bellota-iberico-schinken-dop-guijuelo\/\",\n\t            \"url\": \"https:\/\/www.fisan.com\/de\/shop\/75-bellota-iberico-schinken-dop-guijuelo\/\",\n\t            \"name\": \"Bellota Iberico Schinken 75% Iberische Rasse P.D.O. Guijuelo | FISAN\",\n\t            \"isPartOf\": {\n\t                \"@id\": \"https:\/\/www.fisan.com\/de\/#website\"\n\t            },\n\t            \"primaryImageOfPage\": {\n\t                \"@id\": \"https:\/\/www.fisan.com\/de\/shop\/75-bellota-iberico-schinken-dop-guijuelo\/#primaryimage\"\n\t            },\n\t            \"image\": {\n\t                \"@id\": \"https:\/\/www.fisan.com\/de\/shop\/75-bellota-iberico-schinken-dop-guijuelo\/#primaryimage\"\n\t            },\n\t            \"thumbnailUrl\": \"https:\/\/www.fisan.com\/wp-content\/uploads\/2022\/12\/jamon-bellota-iberico-do-75-st-pe-00.jpg\",\n\t            \"datePublished\": \"2022-12-19T16:22:13+00:00\",\n\t            \"dateModified\": \"2025-12-01T22:00:10+00:00\",\n\t            \"breadcrumb\": {\n\t                \"@id\": \"https:\/\/www.fisan.com\/de\/shop\/75-bellota-iberico-schinken-dop-guijuelo\/#breadcrumb\"\n\t            },\n\t            \"inLanguage\": \"de\",\n\t            \"potentialAction\": [\n\t                {\n\t                    \"@type\": \"ReadAction\",\n\t                    \"target\": [\n\t                        \"https:\/\/www.fisan.com\/de\/shop\/75-bellota-iberico-schinken-dop-guijuelo\/\"\n\t                    ]\n\t                }\n\t            ]\n\t        },\n\t        {\n\t            \"@type\": \"ImageObject\",\n\t            \"inLanguage\": \"de\",\n\t            \"@id\": \"https:\/\/www.fisan.com\/de\/shop\/75-bellota-iberico-schinken-dop-guijuelo\/#primaryimage\",\n\t            \"url\": \"https:\/\/www.fisan.com\/wp-content\/uploads\/2022\/12\/jamon-bellota-iberico-do-75-st-pe-00.jpg\",\n\t            \"contentUrl\": \"https:\/\/www.fisan.com\/wp-content\/uploads\/2022\/12\/jamon-bellota-iberico-do-75-st-pe-00.jpg\",\n\t            \"width\": 1200,\n\t            \"height\": 2400,\n\t            \"caption\": \"jam\u00f3n de bellota ib\u00e9rico 75% raza ib\u00e9rica D.O. Guijuelo Sabor tradicional\"\n\t        },\n\t        {\n\t            \"@type\": \"BreadcrumbList\",\n\t            \"@id\": \"https:\/\/www.fisan.com\/de\/shop\/75-bellota-iberico-schinken-dop-guijuelo\/#breadcrumb\",\n\t            \"itemListElement\": [\n\t                {\n\t                    \"@type\": \"ListItem\",\n\t                    \"position\": 1,\n\t                    \"name\": \"FISAN\",\n\t                    \"item\": \"https:\/\/www.fisan.com\/de\/\"\n\t                },\n\t                {\n\t                    \"@type\": \"ListItem\",\n\t                    \"position\": 2,\n\t                    \"name\": \"Produkte\",\n\t                    \"item\": \"https:\/\/www.fisan.com\/de\/produkte\/\"\n\t                },\n\t                {\n\t                    \"@type\": \"ListItem\",\n\t                    \"position\": 3,\n\t                    \"name\": \"Bellota Iberico Schinken 75% Iberische Rasse P.D.O. Guijuelo\"\n\t                }\n\t            ]\n\t        },\n\t        {\n\t            \"@type\": \"WebSite\",\n\t            \"@id\": \"https:\/\/www.fisan.com\/de\/#website\",\n\t            \"url\": \"https:\/\/www.fisan.com\/de\/\",\n\t            \"name\": \"FISAN\",\n\t            \"description\": \"FISAN | Jamones de bellota ib\u00e9rico y embutidos ib\u00e9ricos desde 1920\",\n\t            \"potentialAction\": [\n\t                {\n\t                    \"@type\": \"SearchAction\",\n\t                    \"target\": {\n\t                        \"@type\": \"EntryPoint\",\n\t                        \"urlTemplate\": \"https:\/\/www.fisan.com\/de\/?s={search_term_string}\"\n\t                    },\n\t                    \"query-input\": {\n\t                        \"@type\": \"PropertyValueSpecification\",\n\t                        \"valueRequired\": true,\n\t                        \"valueName\": \"search_term_string\"\n\t                    }\n\t                }\n\t            ],\n\t            \"inLanguage\": \"de\"\n\t        }\n\t    ]\n\t}<\/script>\n<meta property=\"og:availability\" content=\"instock\" \/>\n<meta property=\"product:availability\" content=\"instock\" \/>\n<meta property=\"product:retailer_item_id\" content=\"j-bi75-do\" \/>\n<meta property=\"product:condition\" content=\"new\" \/>\n<!-- \/ Yoast SEO plugin. -->","yoast_head_json":{"title":"Bellota Iberico Schinken 75% Iberische Rasse P.D.O. Guijuelo | FISAN","robots":{"index":"index","follow":"follow","max-snippet":"max-snippet:-1","max-image-preview":"max-image-preview:large","max-video-preview":"max-video-preview:-1"},"canonical":"https:\/\/www.fisan.com\/de\/shop\/75-bellota-iberico-schinken-dop-guijuelo\/","og_locale":"de_DE","og_type":"article","og_title":"Bellota Iberico Schinken 75% Iberische Rasse P.D.O. Guijuelo | FISAN","og_description":"Der Schinken P.D.O. Guijuelo von FISAN ist ein einzigartiges St\u00fcck Schinken. Er ist von exquisitem Aroma und Geschmack gepr\u00e4gt. Dies wird durch das Garantiesiegel der gesch\u00fctzten Ursprungsbezeichnung gew\u00e4hrleistet, welches f\u00fcr die h\u00f6chste Qualit\u00e4t aller Produkte und unsere mehr als 100-j\u00e4hrige Erfahrung steht. Diese Schinken k\u00f6nnen leicht identifiziert werden, da sie einerseits das Siegel P.D.O. (mit den Farben der Norm), das Etikett der P.D.O. (mit dem gelb-roten Siegel, das die Schinken der P.D.O. Guijuelo kennzeichnet) und andererseits das Siegel von FISAN tragen.","og_url":"https:\/\/www.fisan.com\/de\/shop\/75-bellota-iberico-schinken-dop-guijuelo\/","og_site_name":"FISAN","article_modified_time":"2025-12-01T22:00:10+00:00","og_image":[{"width":1200,"height":2400,"url":"https:\/\/www.fisan.com\/wp-content\/uploads\/2022\/12\/jamon-bellota-iberico-do-75-st-pe-00.jpg","type":"image\/jpeg"}],"twitter_card":"summary_large_image","twitter_misc":{"Verf\u00fcgbarkeit":"Auf Lager"},"schema":{"@context":"https:\/\/schema.org","@graph":[{"@type":"WebPage","@id":"https:\/\/www.fisan.com\/de\/shop\/75-bellota-iberico-schinken-dop-guijuelo\/","url":"https:\/\/www.fisan.com\/de\/shop\/75-bellota-iberico-schinken-dop-guijuelo\/","name":"Bellota Iberico Schinken 75% Iberische Rasse P.D.O. Guijuelo | FISAN","isPartOf":{"@id":"https:\/\/www.fisan.com\/de\/#website"},"primaryImageOfPage":{"@id":"https:\/\/www.fisan.com\/de\/shop\/75-bellota-iberico-schinken-dop-guijuelo\/#primaryimage"},"image":{"@id":"https:\/\/www.fisan.com\/de\/shop\/75-bellota-iberico-schinken-dop-guijuelo\/#primaryimage"},"thumbnailUrl":"https:\/\/www.fisan.com\/wp-content\/uploads\/2022\/12\/jamon-bellota-iberico-do-75-st-pe-00.jpg","datePublished":"2022-12-19T16:22:13+00:00","dateModified":"2025-12-01T22:00:10+00:00","breadcrumb":{"@id":"https:\/\/www.fisan.com\/de\/shop\/75-bellota-iberico-schinken-dop-guijuelo\/#breadcrumb"},"inLanguage":"de","potentialAction":[{"@type":"ReadAction","target":["https:\/\/www.fisan.com\/de\/shop\/75-bellota-iberico-schinken-dop-guijuelo\/"]}]},{"@type":"ImageObject","inLanguage":"de","@id":"https:\/\/www.fisan.com\/de\/shop\/75-bellota-iberico-schinken-dop-guijuelo\/#primaryimage","url":"https:\/\/www.fisan.com\/wp-content\/uploads\/2022\/12\/jamon-bellota-iberico-do-75-st-pe-00.jpg","contentUrl":"https:\/\/www.fisan.com\/wp-content\/uploads\/2022\/12\/jamon-bellota-iberico-do-75-st-pe-00.jpg","width":1200,"height":2400,"caption":"jam\u00f3n de bellota ib\u00e9rico 75% raza ib\u00e9rica D.O. Guijuelo Sabor tradicional"},{"@type":"BreadcrumbList","@id":"https:\/\/www.fisan.com\/de\/shop\/75-bellota-iberico-schinken-dop-guijuelo\/#breadcrumb","itemListElement":[{"@type":"ListItem","position":1,"name":"FISAN","item":"https:\/\/www.fisan.com\/de\/"},{"@type":"ListItem","position":2,"name":"Produkte","item":"https:\/\/www.fisan.com\/de\/produkte\/"},{"@type":"ListItem","position":3,"name":"Bellota Iberico Schinken 75% Iberische Rasse P.D.O. Guijuelo"}]},{"@type":"WebSite","@id":"https:\/\/www.fisan.com\/de\/#website","url":"https:\/\/www.fisan.com\/de\/","name":"FISAN","description":"FISAN | Jamones de bellota ib\u00e9rico y embutidos ib\u00e9ricos desde 1920","potentialAction":[{"@type":"SearchAction","target":{"@type":"EntryPoint","urlTemplate":"https:\/\/www.fisan.com\/de\/?s={search_term_string}"},"query-input":{"@type":"PropertyValueSpecification","valueRequired":true,"valueName":"search_term_string"}}],"inLanguage":"de"}]},"og_availability":"instock","product_availability":"instock","product_retailer_item_id":"j-bi75-do","product_condition":"new"},"_links":{"self":[{"href":"https:\/\/www.fisan.com\/de\/wp-json\/wp\/v2\/product\/33271","targetHints":{"allow":["GET"]}}],"collection":[{"href":"https:\/\/www.fisan.com\/de\/wp-json\/wp\/v2\/product"}],"about":[{"href":"https:\/\/www.fisan.com\/de\/wp-json\/wp\/v2\/types\/product"}],"version-history":[{"count":5,"href":"https:\/\/www.fisan.com\/de\/wp-json\/wp\/v2\/product\/33271\/revisions"}],"predecessor-version":[{"id":57109,"href":"https:\/\/www.fisan.com\/de\/wp-json\/wp\/v2\/product\/33271\/revisions\/57109"}],"wp:featuredmedia":[{"embeddable":true,"href":"https:\/\/www.fisan.com\/de\/wp-json\/wp\/v2\/media\/29479"}],"wp:attachment":[{"href":"https:\/\/www.fisan.com\/de\/wp-json\/wp\/v2\/media?parent=33271"}],"wp:term":[{"taxonomy":"product_brand","embeddable":true,"href":"https:\/\/www.fisan.com\/de\/wp-json\/wp\/v2\/product_brand?post=33271"},{"taxonomy":"product_cat","embeddable":true,"href":"https:\/\/www.fisan.com\/de\/wp-json\/wp\/v2\/product_cat?post=33271"},{"taxonomy":"product_tag","embeddable":true,"href":"https:\/\/www.fisan.com\/de\/wp-json\/wp\/v2\/product_tag?post=33271"},{"taxonomy":"gama","embeddable":true,"href":"https:\/\/www.fisan.com\/de\/wp-json\/wp\/v2\/gama?post=33271"},{"taxonomy":"calidad","embeddable":true,"href":"https:\/\/www.fisan.com\/de\/wp-json\/wp\/v2\/calidad?post=33271"}],"curies":[{"name":"wp","href":"https:\/\/api.w.org\/{rel}","templated":true}]}}