{"id":33305,"date":"2022-10-07T23:29:31","date_gmt":"2022-10-07T21:29:31","guid":{"rendered":"https:\/\/www.fisan.com\/producto\/75-bellota-iberico-vorderschinken\/"},"modified":"2025-09-23T11:46:58","modified_gmt":"2025-09-23T09:46:58","slug":"iberico-bellota-vorderschinken-75-iberische-rasse","status":"publish","type":"product","link":"https:\/\/www.fisan.com\/de\/shop\/75-bellota-iberico-vorderschinken\/","title":{"rendered":"Iberico Bellota Vorderschinken 75% Iberische Rasse Alta Gastronomia"},"content":{"rendered":"<p>Der Iberico Bellota Vorderschinken 75% Iberische Rasse Alta Gastronomia tr\u00e4gt den intensiven und frischen Geschmack der Weide. Seine intensive F\u00e4rbung und sein kr\u00e4ftiger Duft versetzen uns zu dem nat\u00fcrlichen Keller, in dem sie \u00fcber drei Jahre ruhen, bevor sie die verw\u00f6hntesten Gaumen mit ihrem perfekt abgestimmten Salzgehalt verz\u00fccken. Nur die besten St\u00fccke werden als Alta Gastronom\u00eda ausgezeichnet.<\/p>\n<p>&nbsp;<\/p>\n<p><strong>Genie\u00dfen Sie Ihre handgeschnittene Iberico Bellota Vorderschinken 75% Iberische Rasse:<\/strong><br \/>\nMit unseren Formaten \u201eMesser geschnitten\u201c und \u201ein Scheiben geschnitten\u201c k\u00f6nnen Sie Ihre iberico bellota Vorderschinken noch einfacher genie\u00dfen und teilen. Sie erhalten 20 einzelne P\u00e4ckchen (ca. 100 g) in einer Schachtel, und wenn Sie unser DELUXE-Format w\u00e4hlen, in 2 Schachteln mit spezieller Geschenkverpackung.<\/p>\n","protected":false},"excerpt":{"rendered":"<p>Der Iberico Bellota Vorderschinken 75% Iberische Rasse Alta Gastronomia tr\u00e4gt den intensiven und frischen Geschmack der Weide. Seine intensive F\u00e4rbung und sein kr\u00e4ftiger Duft versetzen uns zu dem nat\u00fcrlichen Keller, in dem sie \u00fcber drei Jahre ruhen, bevor sie die verw\u00f6hntesten Gaumen mit ihrem perfekt abgestimmten Salzgehalt verz\u00fccken. Nur die besten St\u00fccke werden als Alta &#8230; <a title=\"Iberico Bellota Vorderschinken 75% Iberische Rasse Alta Gastronomia\" class=\"read-more\" href=\"https:\/\/www.fisan.com\/de\/shop\/75-bellota-iberico-vorderschinken\/\" aria-label=\"Mehr Informationen \u00fcber Iberico Bellota Vorderschinken 75% Iberische Rasse Alta Gastronomia\">Weiterlesen<\/a><\/p>\n","protected":false},"featured_media":24514,"template":"","meta":{"_acf_changed":false,"_wp_rev_ctl_limit":""},"product_brand":[],"product_cat":[348],"product_tag":[306],"gama":[436],"calidad":[441],"class_list":{"0":"post-33305","1":"product","2":"type-product","3":"status-publish","4":"has-post-thumbnail","6":"product_cat-2-schweineschulter","7":"product_tag-ag","8":"gama-alta-gastronomia-de","9":"calidad-1-bellota-iberico-de","11":"first","12":"instock","13":"taxable","14":"shipping-taxable","15":"purchasable","16":"product-type-variable","17":"has-default-attributes"},"acf":[],"yoast_head":"<!-- This site is optimized with the Yoast SEO plugin v25.4 - https:\/\/yoast.com\/wordpress\/plugins\/seo\/ -->\n<title>Iberico Bellota Vorderschinken 75% Iberische Rasse Alta Gastronomia | FISAN<\/title>\n<meta name=\"robots\" content=\"index, follow, max-snippet:-1, max-image-preview:large, max-video-preview:-1\" \/>\n<link rel=\"canonical\" href=\"https:\/\/www.fisan.com\/de\/shop\/75-bellota-iberico-vorderschinken\/\" \/>\n<meta property=\"og:locale\" content=\"de_DE\" \/>\n<meta property=\"og:type\" content=\"article\" \/>\n<meta property=\"og:title\" content=\"Iberico Bellota Vorderschinken 75% Iberische Rasse Alta Gastronomia | FISAN\" \/>\n<meta property=\"og:description\" content=\"Der Iberico Bellota Vorderschinken 75% Iberische Rasse Alta Gastronomia tr\u00e4gt den intensiven und frischen Geschmack der Weide. Seine intensive F\u00e4rbung und sein kr\u00e4ftiger Duft versetzen uns zu dem nat\u00fcrlichen Keller, in dem sie \u00fcber drei Jahre ruhen, bevor sie die verw\u00f6hntesten Gaumen mit ihrem perfekt abgestimmten Salzgehalt verz\u00fccken. Nur die besten St\u00fccke werden als Alta ... Weiterlesen\" \/>\n<meta property=\"og:url\" content=\"https:\/\/www.fisan.com\/de\/shop\/75-bellota-iberico-vorderschinken\/\" \/>\n<meta property=\"og:site_name\" content=\"FISAN\" \/>\n<meta property=\"article:modified_time\" content=\"2025-09-23T09:46:58+00:00\" \/>\n<meta property=\"og:image\" content=\"https:\/\/www.fisan.com\/wp-content\/uploads\/2022\/10\/paleta-bellota-iberica-75-ag-pe-00.jpg\" \/>\n\t<meta property=\"og:image:width\" content=\"1200\" \/>\n\t<meta property=\"og:image:height\" content=\"2400\" \/>\n\t<meta property=\"og:image:type\" content=\"image\/jpeg\" \/>\n<meta name=\"twitter:card\" content=\"summary_large_image\" \/>\n<meta name=\"twitter:label1\" content=\"Verf\u00fcgbarkeit\" \/>\n\t<meta name=\"twitter:data1\" content=\"Auf Lager\" \/>\n<script type=\"application\/ld+json\" class=\"yoast-schema-graph\">{\n\t    \"@context\": \"https:\/\/schema.org\",\n\t    \"@graph\": [\n\t        {\n\t            \"@type\": \"WebPage\",\n\t            \"@id\": \"https:\/\/www.fisan.com\/de\/shop\/75-bellota-iberico-vorderschinken\/\",\n\t            \"url\": \"https:\/\/www.fisan.com\/de\/shop\/75-bellota-iberico-vorderschinken\/\",\n\t            \"name\": \"Iberico Bellota Vorderschinken 75% Iberische Rasse Alta Gastronomia | FISAN\",\n\t            \"isPartOf\": {\n\t                \"@id\": \"https:\/\/www.fisan.com\/de\/#website\"\n\t            },\n\t            \"primaryImageOfPage\": {\n\t                \"@id\": \"https:\/\/www.fisan.com\/de\/shop\/75-bellota-iberico-vorderschinken\/#primaryimage\"\n\t            },\n\t            \"image\": {\n\t                \"@id\": \"https:\/\/www.fisan.com\/de\/shop\/75-bellota-iberico-vorderschinken\/#primaryimage\"\n\t            },\n\t            \"thumbnailUrl\": \"https:\/\/www.fisan.com\/wp-content\/uploads\/2022\/10\/paleta-bellota-iberica-75-ag-pe-00.jpg\",\n\t            \"datePublished\": \"2022-10-07T21:29:31+00:00\",\n\t            \"dateModified\": \"2025-09-23T09:46:58+00:00\",\n\t            \"breadcrumb\": {\n\t                \"@id\": \"https:\/\/www.fisan.com\/de\/shop\/75-bellota-iberico-vorderschinken\/#breadcrumb\"\n\t            },\n\t            \"inLanguage\": \"de\",\n\t            \"potentialAction\": [\n\t                {\n\t                    \"@type\": \"ReadAction\",\n\t                    \"target\": [\n\t                        \"https:\/\/www.fisan.com\/de\/shop\/75-bellota-iberico-vorderschinken\/\"\n\t                    ]\n\t                }\n\t            ]\n\t        },\n\t        {\n\t            \"@type\": \"ImageObject\",\n\t            \"inLanguage\": \"de\",\n\t            \"@id\": \"https:\/\/www.fisan.com\/de\/shop\/75-bellota-iberico-vorderschinken\/#primaryimage\",\n\t            \"url\": \"https:\/\/www.fisan.com\/wp-content\/uploads\/2022\/10\/paleta-bellota-iberica-75-ag-pe-00.jpg\",\n\t            \"contentUrl\": \"https:\/\/www.fisan.com\/wp-content\/uploads\/2022\/10\/paleta-bellota-iberica-75-ag-pe-00.jpg\",\n\t            \"width\": 1200,\n\t            \"height\": 2400,\n\t            \"caption\": \"Iberico Bellota Vorderschinken 75% Iberische Rasse FISAN\"\n\t        },\n\t        {\n\t            \"@type\": \"BreadcrumbList\",\n\t            \"@id\": \"https:\/\/www.fisan.com\/de\/shop\/75-bellota-iberico-vorderschinken\/#breadcrumb\",\n\t            \"itemListElement\": [\n\t                {\n\t                    \"@type\": \"ListItem\",\n\t                    \"position\": 1,\n\t                    \"name\": \"FISAN\",\n\t                    \"item\": \"https:\/\/www.fisan.com\/de\/\"\n\t                },\n\t                {\n\t                    \"@type\": \"ListItem\",\n\t                    \"position\": 2,\n\t                    \"name\": \"Produkte\",\n\t                    \"item\": \"https:\/\/www.fisan.com\/de\/produkte\/\"\n\t                },\n\t                {\n\t                    \"@type\": \"ListItem\",\n\t                    \"position\": 3,\n\t                    \"name\": \"Iberico Bellota Vorderschinken 75% Iberische Rasse Alta Gastronomia\"\n\t                }\n\t            ]\n\t        },\n\t        {\n\t            \"@type\": \"WebSite\",\n\t            \"@id\": \"https:\/\/www.fisan.com\/de\/#website\",\n\t            \"url\": \"https:\/\/www.fisan.com\/de\/\",\n\t            \"name\": \"FISAN\",\n\t            \"description\": \"FISAN | Jamones de bellota ib\u00e9rico y embutidos ib\u00e9ricos desde 1920\",\n\t            \"potentialAction\": [\n\t                {\n\t                    \"@type\": \"SearchAction\",\n\t                    \"target\": {\n\t                        \"@type\": \"EntryPoint\",\n\t                        \"urlTemplate\": \"https:\/\/www.fisan.com\/de\/?s={search_term_string}\"\n\t                    },\n\t                    \"query-input\": {\n\t                        \"@type\": \"PropertyValueSpecification\",\n\t                        \"valueRequired\": true,\n\t                        \"valueName\": \"search_term_string\"\n\t                    }\n\t                }\n\t            ],\n\t            \"inLanguage\": \"de\"\n\t        }\n\t    ]\n\t}<\/script>\n<meta property=\"og:availability\" content=\"instock\" \/>\n<meta property=\"product:availability\" content=\"instock\" \/>\n<meta property=\"product:retailer_item_id\" content=\"p-bi75\" \/>\n<meta property=\"product:condition\" content=\"new\" \/>\n<!-- \/ Yoast SEO plugin. -->","yoast_head_json":{"title":"Iberico Bellota Vorderschinken 75% Iberische Rasse Alta Gastronomia | FISAN","robots":{"index":"index","follow":"follow","max-snippet":"max-snippet:-1","max-image-preview":"max-image-preview:large","max-video-preview":"max-video-preview:-1"},"canonical":"https:\/\/www.fisan.com\/de\/shop\/75-bellota-iberico-vorderschinken\/","og_locale":"de_DE","og_type":"article","og_title":"Iberico Bellota Vorderschinken 75% Iberische Rasse Alta Gastronomia | FISAN","og_description":"Der Iberico Bellota Vorderschinken 75% Iberische Rasse Alta Gastronomia tr\u00e4gt den intensiven und frischen Geschmack der Weide. Seine intensive F\u00e4rbung und sein kr\u00e4ftiger Duft versetzen uns zu dem nat\u00fcrlichen Keller, in dem sie \u00fcber drei Jahre ruhen, bevor sie die verw\u00f6hntesten Gaumen mit ihrem perfekt abgestimmten Salzgehalt verz\u00fccken. Nur die besten St\u00fccke werden als Alta ... Weiterlesen","og_url":"https:\/\/www.fisan.com\/de\/shop\/75-bellota-iberico-vorderschinken\/","og_site_name":"FISAN","article_modified_time":"2025-09-23T09:46:58+00:00","og_image":[{"width":1200,"height":2400,"url":"https:\/\/www.fisan.com\/wp-content\/uploads\/2022\/10\/paleta-bellota-iberica-75-ag-pe-00.jpg","type":"image\/jpeg"}],"twitter_card":"summary_large_image","twitter_misc":{"Verf\u00fcgbarkeit":"Auf Lager"},"schema":{"@context":"https:\/\/schema.org","@graph":[{"@type":"WebPage","@id":"https:\/\/www.fisan.com\/de\/shop\/75-bellota-iberico-vorderschinken\/","url":"https:\/\/www.fisan.com\/de\/shop\/75-bellota-iberico-vorderschinken\/","name":"Iberico Bellota Vorderschinken 75% Iberische Rasse Alta Gastronomia | FISAN","isPartOf":{"@id":"https:\/\/www.fisan.com\/de\/#website"},"primaryImageOfPage":{"@id":"https:\/\/www.fisan.com\/de\/shop\/75-bellota-iberico-vorderschinken\/#primaryimage"},"image":{"@id":"https:\/\/www.fisan.com\/de\/shop\/75-bellota-iberico-vorderschinken\/#primaryimage"},"thumbnailUrl":"https:\/\/www.fisan.com\/wp-content\/uploads\/2022\/10\/paleta-bellota-iberica-75-ag-pe-00.jpg","datePublished":"2022-10-07T21:29:31+00:00","dateModified":"2025-09-23T09:46:58+00:00","breadcrumb":{"@id":"https:\/\/www.fisan.com\/de\/shop\/75-bellota-iberico-vorderschinken\/#breadcrumb"},"inLanguage":"de","potentialAction":[{"@type":"ReadAction","target":["https:\/\/www.fisan.com\/de\/shop\/75-bellota-iberico-vorderschinken\/"]}]},{"@type":"ImageObject","inLanguage":"de","@id":"https:\/\/www.fisan.com\/de\/shop\/75-bellota-iberico-vorderschinken\/#primaryimage","url":"https:\/\/www.fisan.com\/wp-content\/uploads\/2022\/10\/paleta-bellota-iberica-75-ag-pe-00.jpg","contentUrl":"https:\/\/www.fisan.com\/wp-content\/uploads\/2022\/10\/paleta-bellota-iberica-75-ag-pe-00.jpg","width":1200,"height":2400,"caption":"Iberico Bellota Vorderschinken 75% Iberische Rasse FISAN"},{"@type":"BreadcrumbList","@id":"https:\/\/www.fisan.com\/de\/shop\/75-bellota-iberico-vorderschinken\/#breadcrumb","itemListElement":[{"@type":"ListItem","position":1,"name":"FISAN","item":"https:\/\/www.fisan.com\/de\/"},{"@type":"ListItem","position":2,"name":"Produkte","item":"https:\/\/www.fisan.com\/de\/produkte\/"},{"@type":"ListItem","position":3,"name":"Iberico Bellota Vorderschinken 75% Iberische Rasse Alta Gastronomia"}]},{"@type":"WebSite","@id":"https:\/\/www.fisan.com\/de\/#website","url":"https:\/\/www.fisan.com\/de\/","name":"FISAN","description":"FISAN | Jamones de bellota ib\u00e9rico y embutidos ib\u00e9ricos desde 1920","potentialAction":[{"@type":"SearchAction","target":{"@type":"EntryPoint","urlTemplate":"https:\/\/www.fisan.com\/de\/?s={search_term_string}"},"query-input":{"@type":"PropertyValueSpecification","valueRequired":true,"valueName":"search_term_string"}}],"inLanguage":"de"}]},"og_availability":"instock","product_availability":"instock","product_retailer_item_id":"p-bi75","product_condition":"new"},"_links":{"self":[{"href":"https:\/\/www.fisan.com\/de\/wp-json\/wp\/v2\/product\/33305","targetHints":{"allow":["GET"]}}],"collection":[{"href":"https:\/\/www.fisan.com\/de\/wp-json\/wp\/v2\/product"}],"about":[{"href":"https:\/\/www.fisan.com\/de\/wp-json\/wp\/v2\/types\/product"}],"version-history":[{"count":9,"href":"https:\/\/www.fisan.com\/de\/wp-json\/wp\/v2\/product\/33305\/revisions"}],"predecessor-version":[{"id":57145,"href":"https:\/\/www.fisan.com\/de\/wp-json\/wp\/v2\/product\/33305\/revisions\/57145"}],"wp:featuredmedia":[{"embeddable":true,"href":"https:\/\/www.fisan.com\/de\/wp-json\/wp\/v2\/media\/24514"}],"wp:attachment":[{"href":"https:\/\/www.fisan.com\/de\/wp-json\/wp\/v2\/media?parent=33305"}],"wp:term":[{"taxonomy":"product_brand","embeddable":true,"href":"https:\/\/www.fisan.com\/de\/wp-json\/wp\/v2\/product_brand?post=33305"},{"taxonomy":"product_cat","embeddable":true,"href":"https:\/\/www.fisan.com\/de\/wp-json\/wp\/v2\/product_cat?post=33305"},{"taxonomy":"product_tag","embeddable":true,"href":"https:\/\/www.fisan.com\/de\/wp-json\/wp\/v2\/product_tag?post=33305"},{"taxonomy":"gama","embeddable":true,"href":"https:\/\/www.fisan.com\/de\/wp-json\/wp\/v2\/gama?post=33305"},{"taxonomy":"calidad","embeddable":true,"href":"https:\/\/www.fisan.com\/de\/wp-json\/wp\/v2\/calidad?post=33305"}],"curies":[{"name":"wp","href":"https:\/\/api.w.org\/{rel}","templated":true}]}}