{"id":33321,"date":"2022-12-20T19:33:20","date_gmt":"2022-12-20T18:33:20","guid":{"rendered":"https:\/\/www.fisan.com\/producto\/75-bellota-iberico-vorderschinken-d-o-p-guijuelo\/"},"modified":"2025-12-19T23:00:24","modified_gmt":"2025-12-19T22:00:24","slug":"iberico-bellota-vorderschinken-75-iberische-rasse-pdo-guijuelo","status":"publish","type":"product","link":"https:\/\/www.fisan.com\/de\/shop\/75-bellota-iberico-vorderschinken-dop-guijuelo\/","title":{"rendered":"Iberico Bellota Vorderschinken 75% Iberische Rasse P.D.O. GUIJUELO"},"content":{"rendered":"<p>Iberico Bellota Vorderschinken 75% Iberische Rasse P.D.O. GUIJUELO hat einzigartige organoleptische und geschmackliche Eigenschaften und ist eine Referenz f\u00fcr die Qualit\u00e4t der Produkte, die dieses anerkannte und prestigetr\u00e4chtige G\u00fctesiegel tragen. Die gesch\u00fctzte Ursprungsbezeichnung Guijuelo wird von einem Gremium kontrolliert, das eine Reihe von Bedingungen f\u00fcr die Aufzucht und Haltung der Schweine sowie f\u00fcr die Herstellung von Schinken und Vorderschinken vorschreibt. Auf diese Weise wird garantiert, dass alle Produkte von h\u00f6chster Qualit\u00e4t sind.<\/p>\n<div><\/div>\n","protected":false},"excerpt":{"rendered":"<p>Bellota Iberico Vorderschinken 75 % Iberico-Rasse D.O.P. GUIJUELO Guijuelo hat einzigartige organoleptische und geschmackliche Eigenschaften und ist eine Referenz f\u00fcr die Qualit\u00e4t der Produkte, die dieses anerkannte und prestigetr\u00e4chtige G\u00fctesiegel tragen. Die gesch\u00fctzte Ursprungsbezeichnung Guijuelo wird von einem Gremium kontrolliert, das eine Reihe von Bedingungen f\u00fcr die Aufzucht und Haltung der Schweine sowie f\u00fcr die Herstellung von Schinken und Vorderschinken vorschreibt. Auf diese Weise wird garantiert, dass alle Produkte von h\u00f6chster Qualit\u00e4t sind.<\/p>\n<div><\/div>\n","protected":false},"featured_media":29508,"template":"","meta":{"_acf_changed":false,"_wp_rev_ctl_limit":""},"product_brand":[],"product_cat":[348],"product_tag":[525,520],"gama":[1373],"calidad":[441],"class_list":{"0":"post-33321","1":"product","2":"type-product","3":"status-publish","4":"has-post-thumbnail","6":"product_cat-2-schweineschulter","7":"product_tag-destacados-sabor-tradicional","8":"product_tag-st","9":"gama-sabor-tradicional-de-2","10":"calidad-1-bellota-iberico-de","12":"first","13":"instock","14":"taxable","15":"shipping-taxable","16":"purchasable","17":"product-type-variable","18":"has-default-attributes"},"acf":[],"yoast_head":"<!-- This site is optimized with the Yoast SEO plugin v25.4 - https:\/\/yoast.com\/wordpress\/plugins\/seo\/ -->\n<title>Iberico Bellota Vorderschinken 75% Iberische Rasse P.D.O. GUIJUELO | FISAN<\/title>\n<meta name=\"robots\" content=\"index, follow, max-snippet:-1, max-image-preview:large, max-video-preview:-1\" \/>\n<link rel=\"canonical\" href=\"https:\/\/www.fisan.com\/de\/shop\/75-bellota-iberico-vorderschinken-dop-guijuelo\/\" \/>\n<meta property=\"og:locale\" content=\"de_DE\" \/>\n<meta property=\"og:type\" content=\"article\" \/>\n<meta property=\"og:title\" content=\"Iberico Bellota Vorderschinken 75% Iberische Rasse P.D.O. GUIJUELO | FISAN\" \/>\n<meta property=\"og:description\" content=\"Bellota Iberico Vorderschinken 75 % Iberico-Rasse D.O.P. GUIJUELO Guijuelo hat einzigartige organoleptische und geschmackliche Eigenschaften und ist eine Referenz f\u00fcr die Qualit\u00e4t der Produkte, die dieses anerkannte und prestigetr\u00e4chtige G\u00fctesiegel tragen. Die gesch\u00fctzte Ursprungsbezeichnung Guijuelo wird von einem Gremium kontrolliert, das eine Reihe von Bedingungen f\u00fcr die Aufzucht und Haltung der Schweine sowie f\u00fcr die Herstellung von Schinken und Vorderschinken vorschreibt. Auf diese Weise wird garantiert, dass alle Produkte von h\u00f6chster Qualit\u00e4t sind.\" \/>\n<meta property=\"og:url\" content=\"https:\/\/www.fisan.com\/de\/shop\/75-bellota-iberico-vorderschinken-dop-guijuelo\/\" \/>\n<meta property=\"og:site_name\" content=\"FISAN\" \/>\n<meta property=\"article:modified_time\" content=\"2025-12-19T22:00:24+00:00\" \/>\n<meta property=\"og:image\" content=\"https:\/\/www.fisan.com\/wp-content\/uploads\/2022\/12\/paleta-bellota-iberica-do-75-st-pe-00.jpg\" \/>\n\t<meta property=\"og:image:width\" content=\"1200\" \/>\n\t<meta property=\"og:image:height\" content=\"2400\" \/>\n\t<meta property=\"og:image:type\" content=\"image\/jpeg\" \/>\n<meta name=\"twitter:card\" content=\"summary_large_image\" \/>\n<meta name=\"twitter:label1\" content=\"Verf\u00fcgbarkeit\" \/>\n\t<meta name=\"twitter:data1\" content=\"Auf Lager\" \/>\n<script type=\"application\/ld+json\" class=\"yoast-schema-graph\">{\n\t    \"@context\": \"https:\/\/schema.org\",\n\t    \"@graph\": [\n\t        {\n\t            \"@type\": \"WebPage\",\n\t            \"@id\": \"https:\/\/www.fisan.com\/de\/shop\/75-bellota-iberico-vorderschinken-dop-guijuelo\/\",\n\t            \"url\": \"https:\/\/www.fisan.com\/de\/shop\/75-bellota-iberico-vorderschinken-dop-guijuelo\/\",\n\t            \"name\": \"Iberico Bellota Vorderschinken 75% Iberische Rasse P.D.O. GUIJUELO | FISAN\",\n\t            \"isPartOf\": {\n\t                \"@id\": \"https:\/\/www.fisan.com\/de\/#website\"\n\t            },\n\t            \"primaryImageOfPage\": {\n\t                \"@id\": \"https:\/\/www.fisan.com\/de\/shop\/75-bellota-iberico-vorderschinken-dop-guijuelo\/#primaryimage\"\n\t            },\n\t            \"image\": {\n\t                \"@id\": \"https:\/\/www.fisan.com\/de\/shop\/75-bellota-iberico-vorderschinken-dop-guijuelo\/#primaryimage\"\n\t            },\n\t            \"thumbnailUrl\": \"https:\/\/www.fisan.com\/wp-content\/uploads\/2022\/12\/paleta-bellota-iberica-do-75-st-pe-00.jpg\",\n\t            \"datePublished\": \"2022-12-20T18:33:20+00:00\",\n\t            \"dateModified\": \"2025-12-19T22:00:24+00:00\",\n\t            \"breadcrumb\": {\n\t                \"@id\": \"https:\/\/www.fisan.com\/de\/shop\/75-bellota-iberico-vorderschinken-dop-guijuelo\/#breadcrumb\"\n\t            },\n\t            \"inLanguage\": \"de\",\n\t            \"potentialAction\": [\n\t                {\n\t                    \"@type\": \"ReadAction\",\n\t                    \"target\": [\n\t                        \"https:\/\/www.fisan.com\/de\/shop\/75-bellota-iberico-vorderschinken-dop-guijuelo\/\"\n\t                    ]\n\t                }\n\t            ]\n\t        },\n\t        {\n\t            \"@type\": \"ImageObject\",\n\t            \"inLanguage\": \"de\",\n\t            \"@id\": \"https:\/\/www.fisan.com\/de\/shop\/75-bellota-iberico-vorderschinken-dop-guijuelo\/#primaryimage\",\n\t            \"url\": \"https:\/\/www.fisan.com\/wp-content\/uploads\/2022\/12\/paleta-bellota-iberica-do-75-st-pe-00.jpg\",\n\t            \"contentUrl\": \"https:\/\/www.fisan.com\/wp-content\/uploads\/2022\/12\/paleta-bellota-iberica-do-75-st-pe-00.jpg\",\n\t            \"width\": 1200,\n\t            \"height\": 2400,\n\t            \"caption\": \"Paleta de Bellota Ib\u00e9rica 75% raza iberica D.O. Guijuelo Sabor Tradicional\"\n\t        },\n\t        {\n\t            \"@type\": \"BreadcrumbList\",\n\t            \"@id\": \"https:\/\/www.fisan.com\/de\/shop\/75-bellota-iberico-vorderschinken-dop-guijuelo\/#breadcrumb\",\n\t            \"itemListElement\": [\n\t                {\n\t                    \"@type\": \"ListItem\",\n\t                    \"position\": 1,\n\t                    \"name\": \"FISAN\",\n\t                    \"item\": \"https:\/\/www.fisan.com\/de\/\"\n\t                },\n\t                {\n\t                    \"@type\": \"ListItem\",\n\t                    \"position\": 2,\n\t                    \"name\": \"Produkte\",\n\t                    \"item\": \"https:\/\/www.fisan.com\/de\/produkte\/\"\n\t                },\n\t                {\n\t                    \"@type\": \"ListItem\",\n\t                    \"position\": 3,\n\t                    \"name\": \"Iberico Bellota Vorderschinken 75% Iberische Rasse P.D.O. GUIJUELO\"\n\t                }\n\t            ]\n\t        },\n\t        {\n\t            \"@type\": \"WebSite\",\n\t            \"@id\": \"https:\/\/www.fisan.com\/de\/#website\",\n\t            \"url\": \"https:\/\/www.fisan.com\/de\/\",\n\t            \"name\": \"FISAN\",\n\t            \"description\": \"FISAN | Jamones de bellota ib\u00e9rico y embutidos ib\u00e9ricos desde 1920\",\n\t            \"potentialAction\": [\n\t                {\n\t                    \"@type\": \"SearchAction\",\n\t                    \"target\": {\n\t                        \"@type\": \"EntryPoint\",\n\t                        \"urlTemplate\": \"https:\/\/www.fisan.com\/de\/?s={search_term_string}\"\n\t                    },\n\t                    \"query-input\": {\n\t                        \"@type\": \"PropertyValueSpecification\",\n\t                        \"valueRequired\": true,\n\t                        \"valueName\": \"search_term_string\"\n\t                    }\n\t                }\n\t            ],\n\t            \"inLanguage\": \"de\"\n\t        }\n\t    ]\n\t}<\/script>\n<meta property=\"og:availability\" content=\"instock\" \/>\n<meta property=\"product:availability\" content=\"instock\" \/>\n<meta property=\"product:retailer_item_id\" content=\"p-bi75-do\" \/>\n<meta property=\"product:condition\" content=\"new\" \/>\n<!-- \/ Yoast SEO plugin. -->","yoast_head_json":{"title":"Iberico Bellota Vorderschinken 75% Iberische Rasse P.D.O. GUIJUELO | FISAN","robots":{"index":"index","follow":"follow","max-snippet":"max-snippet:-1","max-image-preview":"max-image-preview:large","max-video-preview":"max-video-preview:-1"},"canonical":"https:\/\/www.fisan.com\/de\/shop\/75-bellota-iberico-vorderschinken-dop-guijuelo\/","og_locale":"de_DE","og_type":"article","og_title":"Iberico Bellota Vorderschinken 75% Iberische Rasse P.D.O. GUIJUELO | FISAN","og_description":"Bellota Iberico Vorderschinken 75 % Iberico-Rasse D.O.P. GUIJUELO Guijuelo hat einzigartige organoleptische und geschmackliche Eigenschaften und ist eine Referenz f\u00fcr die Qualit\u00e4t der Produkte, die dieses anerkannte und prestigetr\u00e4chtige G\u00fctesiegel tragen. Die gesch\u00fctzte Ursprungsbezeichnung Guijuelo wird von einem Gremium kontrolliert, das eine Reihe von Bedingungen f\u00fcr die Aufzucht und Haltung der Schweine sowie f\u00fcr die Herstellung von Schinken und Vorderschinken vorschreibt. Auf diese Weise wird garantiert, dass alle Produkte von h\u00f6chster Qualit\u00e4t sind.","og_url":"https:\/\/www.fisan.com\/de\/shop\/75-bellota-iberico-vorderschinken-dop-guijuelo\/","og_site_name":"FISAN","article_modified_time":"2025-12-19T22:00:24+00:00","og_image":[{"width":1200,"height":2400,"url":"https:\/\/www.fisan.com\/wp-content\/uploads\/2022\/12\/paleta-bellota-iberica-do-75-st-pe-00.jpg","type":"image\/jpeg"}],"twitter_card":"summary_large_image","twitter_misc":{"Verf\u00fcgbarkeit":"Auf Lager"},"schema":{"@context":"https:\/\/schema.org","@graph":[{"@type":"WebPage","@id":"https:\/\/www.fisan.com\/de\/shop\/75-bellota-iberico-vorderschinken-dop-guijuelo\/","url":"https:\/\/www.fisan.com\/de\/shop\/75-bellota-iberico-vorderschinken-dop-guijuelo\/","name":"Iberico Bellota Vorderschinken 75% Iberische Rasse P.D.O. GUIJUELO | FISAN","isPartOf":{"@id":"https:\/\/www.fisan.com\/de\/#website"},"primaryImageOfPage":{"@id":"https:\/\/www.fisan.com\/de\/shop\/75-bellota-iberico-vorderschinken-dop-guijuelo\/#primaryimage"},"image":{"@id":"https:\/\/www.fisan.com\/de\/shop\/75-bellota-iberico-vorderschinken-dop-guijuelo\/#primaryimage"},"thumbnailUrl":"https:\/\/www.fisan.com\/wp-content\/uploads\/2022\/12\/paleta-bellota-iberica-do-75-st-pe-00.jpg","datePublished":"2022-12-20T18:33:20+00:00","dateModified":"2025-12-19T22:00:24+00:00","breadcrumb":{"@id":"https:\/\/www.fisan.com\/de\/shop\/75-bellota-iberico-vorderschinken-dop-guijuelo\/#breadcrumb"},"inLanguage":"de","potentialAction":[{"@type":"ReadAction","target":["https:\/\/www.fisan.com\/de\/shop\/75-bellota-iberico-vorderschinken-dop-guijuelo\/"]}]},{"@type":"ImageObject","inLanguage":"de","@id":"https:\/\/www.fisan.com\/de\/shop\/75-bellota-iberico-vorderschinken-dop-guijuelo\/#primaryimage","url":"https:\/\/www.fisan.com\/wp-content\/uploads\/2022\/12\/paleta-bellota-iberica-do-75-st-pe-00.jpg","contentUrl":"https:\/\/www.fisan.com\/wp-content\/uploads\/2022\/12\/paleta-bellota-iberica-do-75-st-pe-00.jpg","width":1200,"height":2400,"caption":"Paleta de Bellota Ib\u00e9rica 75% raza iberica D.O. Guijuelo Sabor Tradicional"},{"@type":"BreadcrumbList","@id":"https:\/\/www.fisan.com\/de\/shop\/75-bellota-iberico-vorderschinken-dop-guijuelo\/#breadcrumb","itemListElement":[{"@type":"ListItem","position":1,"name":"FISAN","item":"https:\/\/www.fisan.com\/de\/"},{"@type":"ListItem","position":2,"name":"Produkte","item":"https:\/\/www.fisan.com\/de\/produkte\/"},{"@type":"ListItem","position":3,"name":"Iberico Bellota Vorderschinken 75% Iberische Rasse P.D.O. GUIJUELO"}]},{"@type":"WebSite","@id":"https:\/\/www.fisan.com\/de\/#website","url":"https:\/\/www.fisan.com\/de\/","name":"FISAN","description":"FISAN | Jamones de bellota ib\u00e9rico y embutidos ib\u00e9ricos desde 1920","potentialAction":[{"@type":"SearchAction","target":{"@type":"EntryPoint","urlTemplate":"https:\/\/www.fisan.com\/de\/?s={search_term_string}"},"query-input":{"@type":"PropertyValueSpecification","valueRequired":true,"valueName":"search_term_string"}}],"inLanguage":"de"}]},"og_availability":"instock","product_availability":"instock","product_retailer_item_id":"p-bi75-do","product_condition":"new"},"_links":{"self":[{"href":"https:\/\/www.fisan.com\/de\/wp-json\/wp\/v2\/product\/33321","targetHints":{"allow":["GET"]}}],"collection":[{"href":"https:\/\/www.fisan.com\/de\/wp-json\/wp\/v2\/product"}],"about":[{"href":"https:\/\/www.fisan.com\/de\/wp-json\/wp\/v2\/types\/product"}],"version-history":[{"count":10,"href":"https:\/\/www.fisan.com\/de\/wp-json\/wp\/v2\/product\/33321\/revisions"}],"predecessor-version":[{"id":57165,"href":"https:\/\/www.fisan.com\/de\/wp-json\/wp\/v2\/product\/33321\/revisions\/57165"}],"wp:featuredmedia":[{"embeddable":true,"href":"https:\/\/www.fisan.com\/de\/wp-json\/wp\/v2\/media\/29508"}],"wp:attachment":[{"href":"https:\/\/www.fisan.com\/de\/wp-json\/wp\/v2\/media?parent=33321"}],"wp:term":[{"taxonomy":"product_brand","embeddable":true,"href":"https:\/\/www.fisan.com\/de\/wp-json\/wp\/v2\/product_brand?post=33321"},{"taxonomy":"product_cat","embeddable":true,"href":"https:\/\/www.fisan.com\/de\/wp-json\/wp\/v2\/product_cat?post=33321"},{"taxonomy":"product_tag","embeddable":true,"href":"https:\/\/www.fisan.com\/de\/wp-json\/wp\/v2\/product_tag?post=33321"},{"taxonomy":"gama","embeddable":true,"href":"https:\/\/www.fisan.com\/de\/wp-json\/wp\/v2\/gama?post=33321"},{"taxonomy":"calidad","embeddable":true,"href":"https:\/\/www.fisan.com\/de\/wp-json\/wp\/v2\/calidad?post=33321"}],"curies":[{"name":"wp","href":"https:\/\/api.w.org\/{rel}","templated":true}]}}