{"id":33482,"date":"2022-10-07T16:54:14","date_gmt":"2022-10-07T14:54:14","guid":{"rendered":"https:\/\/www.fisan.com\/producto\/cebo-de-campo-iberico-schinken-50-iberico-rasse\/"},"modified":"2025-09-23T11:54:13","modified_gmt":"2025-09-23T09:54:13","slug":"cebo-de-campo-iberico-schinken-50-iberische-rasse","status":"publish","type":"product","link":"https:\/\/www.fisan.com\/de\/shop\/cebo-de-campo-iberico-schinken-50-iberico-rasse\/","title":{"rendered":"Cebo de Campo Iberico Schinken 50% Iberische Rasse"},"content":{"rendered":"<p>Die St\u00fccke des Cebo de Campo Iberico Schinkens 50% Iberische Rasse stammen von iberischen Schweinen in Freilandhaltung. Ihre Nahrung basiert auf nat\u00fcrlichem Futter und den Ressourcen des Weidelandes. Das Aroma und die S\u00fc\u00dfe machen jedes St\u00fcck zu einer Delikatesse, die den Gaumen von Gastronomie-Liebhabern erfreut.<\/p>\n","protected":false},"excerpt":{"rendered":"<p>Die St\u00fccke des Cebo de Campo Iberico Schinkens 50% Iberische Rasse stammen von iberischen Schweinen in Freilandhaltung. Ihre Nahrung basiert auf nat\u00fcrlichem Futter und den Ressourcen des Weidelandes. Das Aroma und die S\u00fc\u00dfe machen jedes St\u00fcck zu einer Delikatesse, die den Gaumen von Gastronomie-Liebhabern erfreut.<\/p>\n","protected":false},"featured_media":24930,"template":"","meta":{"_acf_changed":false,"_wp_rev_ctl_limit":""},"product_brand":[],"product_cat":[305],"product_tag":[308,309,520],"gama":[1373],"calidad":[504],"class_list":{"0":"post-33482","1":"product","2":"type-product","3":"status-publish","4":"has-post-thumbnail","6":"product_cat-produkte-iberico-schinken","7":"product_tag-destacados-jamon","8":"product_tag-destacados-todos","9":"product_tag-st","10":"gama-sabor-tradicional-de-2","11":"calidad-2-cebo-de-campo-iberico-de","13":"first","14":"instock","15":"taxable","16":"shipping-taxable","17":"purchasable","18":"product-type-variable","19":"has-default-attributes"},"acf":[],"yoast_head":"<!-- This site is optimized with the Yoast SEO plugin v25.4 - https:\/\/yoast.com\/wordpress\/plugins\/seo\/ -->\n<title>Cebo de Campo Iberico Schinken 50% Iberische Rasse | FISAN<\/title>\n<meta name=\"robots\" content=\"index, follow, max-snippet:-1, max-image-preview:large, max-video-preview:-1\" \/>\n<link rel=\"canonical\" href=\"https:\/\/www.fisan.com\/de\/shop\/cebo-de-campo-iberico-schinken-50-iberico-rasse\/\" \/>\n<meta property=\"og:locale\" content=\"de_DE\" \/>\n<meta property=\"og:type\" content=\"article\" \/>\n<meta property=\"og:title\" content=\"Cebo de Campo Iberico Schinken 50% Iberische Rasse | FISAN\" \/>\n<meta property=\"og:description\" content=\"Die St\u00fccke des Cebo de Campo Iberico Schinkens 50% Iberische Rasse stammen von iberischen Schweinen in Freilandhaltung. Ihre Nahrung basiert auf nat\u00fcrlichem Futter und den Ressourcen des Weidelandes. Das Aroma und die S\u00fc\u00dfe machen jedes St\u00fcck zu einer Delikatesse, die den Gaumen von Gastronomie-Liebhabern erfreut.\" \/>\n<meta property=\"og:url\" content=\"https:\/\/www.fisan.com\/de\/shop\/cebo-de-campo-iberico-schinken-50-iberico-rasse\/\" \/>\n<meta property=\"og:site_name\" content=\"FISAN\" \/>\n<meta property=\"article:modified_time\" content=\"2025-09-23T09:54:13+00:00\" \/>\n<meta property=\"og:image\" content=\"https:\/\/www.fisan.com\/wp-content\/uploads\/2022\/10\/jamon-cebocampo-iberico-50-st-pe-00.jpg\" \/>\n\t<meta property=\"og:image:width\" content=\"1200\" \/>\n\t<meta property=\"og:image:height\" content=\"2400\" \/>\n\t<meta property=\"og:image:type\" content=\"image\/jpeg\" \/>\n<meta name=\"twitter:card\" content=\"summary_large_image\" \/>\n<meta name=\"twitter:label1\" content=\"Verf\u00fcgbarkeit\" \/>\n\t<meta name=\"twitter:data1\" content=\"Auf Lager\" \/>\n<script type=\"application\/ld+json\" class=\"yoast-schema-graph\">{\n\t    \"@context\": \"https:\/\/schema.org\",\n\t    \"@graph\": [\n\t        {\n\t            \"@type\": \"WebPage\",\n\t            \"@id\": \"https:\/\/www.fisan.com\/de\/shop\/cebo-de-campo-iberico-schinken-50-iberico-rasse\/\",\n\t            \"url\": \"https:\/\/www.fisan.com\/de\/shop\/cebo-de-campo-iberico-schinken-50-iberico-rasse\/\",\n\t            \"name\": \"Cebo de Campo Iberico Schinken 50% Iberische Rasse | FISAN\",\n\t            \"isPartOf\": {\n\t                \"@id\": \"https:\/\/www.fisan.com\/de\/#website\"\n\t            },\n\t            \"primaryImageOfPage\": {\n\t                \"@id\": \"https:\/\/www.fisan.com\/de\/shop\/cebo-de-campo-iberico-schinken-50-iberico-rasse\/#primaryimage\"\n\t            },\n\t            \"image\": {\n\t                \"@id\": \"https:\/\/www.fisan.com\/de\/shop\/cebo-de-campo-iberico-schinken-50-iberico-rasse\/#primaryimage\"\n\t            },\n\t            \"thumbnailUrl\": \"https:\/\/www.fisan.com\/wp-content\/uploads\/2022\/10\/jamon-cebocampo-iberico-50-st-pe-00.jpg\",\n\t            \"datePublished\": \"2022-10-07T14:54:14+00:00\",\n\t            \"dateModified\": \"2025-09-23T09:54:13+00:00\",\n\t            \"breadcrumb\": {\n\t                \"@id\": \"https:\/\/www.fisan.com\/de\/shop\/cebo-de-campo-iberico-schinken-50-iberico-rasse\/#breadcrumb\"\n\t            },\n\t            \"inLanguage\": \"de\",\n\t            \"potentialAction\": [\n\t                {\n\t                    \"@type\": \"ReadAction\",\n\t                    \"target\": [\n\t                        \"https:\/\/www.fisan.com\/de\/shop\/cebo-de-campo-iberico-schinken-50-iberico-rasse\/\"\n\t                    ]\n\t                }\n\t            ]\n\t        },\n\t        {\n\t            \"@type\": \"ImageObject\",\n\t            \"inLanguage\": \"de\",\n\t            \"@id\": \"https:\/\/www.fisan.com\/de\/shop\/cebo-de-campo-iberico-schinken-50-iberico-rasse\/#primaryimage\",\n\t            \"url\": \"https:\/\/www.fisan.com\/wp-content\/uploads\/2022\/10\/jamon-cebocampo-iberico-50-st-pe-00.jpg\",\n\t            \"contentUrl\": \"https:\/\/www.fisan.com\/wp-content\/uploads\/2022\/10\/jamon-cebocampo-iberico-50-st-pe-00.jpg\",\n\t            \"width\": 1200,\n\t            \"height\": 2400,\n\t            \"caption\": \"Cebo de Campo Iberico Schinken 50% Iberische Rasse FISAN\"\n\t        },\n\t        {\n\t            \"@type\": \"BreadcrumbList\",\n\t            \"@id\": \"https:\/\/www.fisan.com\/de\/shop\/cebo-de-campo-iberico-schinken-50-iberico-rasse\/#breadcrumb\",\n\t            \"itemListElement\": [\n\t                {\n\t                    \"@type\": \"ListItem\",\n\t                    \"position\": 1,\n\t                    \"name\": \"FISAN\",\n\t                    \"item\": \"https:\/\/www.fisan.com\/de\/\"\n\t                },\n\t                {\n\t                    \"@type\": \"ListItem\",\n\t                    \"position\": 2,\n\t                    \"name\": \"Produkte\",\n\t                    \"item\": \"https:\/\/www.fisan.com\/de\/produkte\/\"\n\t                },\n\t                {\n\t                    \"@type\": \"ListItem\",\n\t                    \"position\": 3,\n\t                    \"name\": \"Cebo de Campo Iberico Schinken 50% Iberische Rasse\"\n\t                }\n\t            ]\n\t        },\n\t        {\n\t            \"@type\": \"WebSite\",\n\t            \"@id\": \"https:\/\/www.fisan.com\/de\/#website\",\n\t            \"url\": \"https:\/\/www.fisan.com\/de\/\",\n\t            \"name\": \"FISAN\",\n\t            \"description\": \"FISAN | Jamones de bellota ib\u00e9rico y embutidos ib\u00e9ricos desde 1920\",\n\t            \"potentialAction\": [\n\t                {\n\t                    \"@type\": \"SearchAction\",\n\t                    \"target\": {\n\t                        \"@type\": \"EntryPoint\",\n\t                        \"urlTemplate\": \"https:\/\/www.fisan.com\/de\/?s={search_term_string}\"\n\t                    },\n\t                    \"query-input\": {\n\t                        \"@type\": \"PropertyValueSpecification\",\n\t                        \"valueRequired\": true,\n\t                        \"valueName\": \"search_term_string\"\n\t                    }\n\t                }\n\t            ],\n\t            \"inLanguage\": \"de\"\n\t        }\n\t    ]\n\t}<\/script>\n<meta property=\"og:availability\" content=\"instock\" \/>\n<meta property=\"product:availability\" content=\"instock\" \/>\n<meta property=\"product:retailer_item_id\" content=\"j-cc50\" \/>\n<meta property=\"product:condition\" content=\"new\" \/>\n<!-- \/ Yoast SEO plugin. -->","yoast_head_json":{"title":"Cebo de Campo Iberico Schinken 50% Iberische Rasse | FISAN","robots":{"index":"index","follow":"follow","max-snippet":"max-snippet:-1","max-image-preview":"max-image-preview:large","max-video-preview":"max-video-preview:-1"},"canonical":"https:\/\/www.fisan.com\/de\/shop\/cebo-de-campo-iberico-schinken-50-iberico-rasse\/","og_locale":"de_DE","og_type":"article","og_title":"Cebo de Campo Iberico Schinken 50% Iberische Rasse | FISAN","og_description":"Die St\u00fccke des Cebo de Campo Iberico Schinkens 50% Iberische Rasse stammen von iberischen Schweinen in Freilandhaltung. Ihre Nahrung basiert auf nat\u00fcrlichem Futter und den Ressourcen des Weidelandes. Das Aroma und die S\u00fc\u00dfe machen jedes St\u00fcck zu einer Delikatesse, die den Gaumen von Gastronomie-Liebhabern erfreut.","og_url":"https:\/\/www.fisan.com\/de\/shop\/cebo-de-campo-iberico-schinken-50-iberico-rasse\/","og_site_name":"FISAN","article_modified_time":"2025-09-23T09:54:13+00:00","og_image":[{"width":1200,"height":2400,"url":"https:\/\/www.fisan.com\/wp-content\/uploads\/2022\/10\/jamon-cebocampo-iberico-50-st-pe-00.jpg","type":"image\/jpeg"}],"twitter_card":"summary_large_image","twitter_misc":{"Verf\u00fcgbarkeit":"Auf Lager"},"schema":{"@context":"https:\/\/schema.org","@graph":[{"@type":"WebPage","@id":"https:\/\/www.fisan.com\/de\/shop\/cebo-de-campo-iberico-schinken-50-iberico-rasse\/","url":"https:\/\/www.fisan.com\/de\/shop\/cebo-de-campo-iberico-schinken-50-iberico-rasse\/","name":"Cebo de Campo Iberico Schinken 50% Iberische Rasse | FISAN","isPartOf":{"@id":"https:\/\/www.fisan.com\/de\/#website"},"primaryImageOfPage":{"@id":"https:\/\/www.fisan.com\/de\/shop\/cebo-de-campo-iberico-schinken-50-iberico-rasse\/#primaryimage"},"image":{"@id":"https:\/\/www.fisan.com\/de\/shop\/cebo-de-campo-iberico-schinken-50-iberico-rasse\/#primaryimage"},"thumbnailUrl":"https:\/\/www.fisan.com\/wp-content\/uploads\/2022\/10\/jamon-cebocampo-iberico-50-st-pe-00.jpg","datePublished":"2022-10-07T14:54:14+00:00","dateModified":"2025-09-23T09:54:13+00:00","breadcrumb":{"@id":"https:\/\/www.fisan.com\/de\/shop\/cebo-de-campo-iberico-schinken-50-iberico-rasse\/#breadcrumb"},"inLanguage":"de","potentialAction":[{"@type":"ReadAction","target":["https:\/\/www.fisan.com\/de\/shop\/cebo-de-campo-iberico-schinken-50-iberico-rasse\/"]}]},{"@type":"ImageObject","inLanguage":"de","@id":"https:\/\/www.fisan.com\/de\/shop\/cebo-de-campo-iberico-schinken-50-iberico-rasse\/#primaryimage","url":"https:\/\/www.fisan.com\/wp-content\/uploads\/2022\/10\/jamon-cebocampo-iberico-50-st-pe-00.jpg","contentUrl":"https:\/\/www.fisan.com\/wp-content\/uploads\/2022\/10\/jamon-cebocampo-iberico-50-st-pe-00.jpg","width":1200,"height":2400,"caption":"Cebo de Campo Iberico Schinken 50% Iberische Rasse FISAN"},{"@type":"BreadcrumbList","@id":"https:\/\/www.fisan.com\/de\/shop\/cebo-de-campo-iberico-schinken-50-iberico-rasse\/#breadcrumb","itemListElement":[{"@type":"ListItem","position":1,"name":"FISAN","item":"https:\/\/www.fisan.com\/de\/"},{"@type":"ListItem","position":2,"name":"Produkte","item":"https:\/\/www.fisan.com\/de\/produkte\/"},{"@type":"ListItem","position":3,"name":"Cebo de Campo Iberico Schinken 50% Iberische Rasse"}]},{"@type":"WebSite","@id":"https:\/\/www.fisan.com\/de\/#website","url":"https:\/\/www.fisan.com\/de\/","name":"FISAN","description":"FISAN | Jamones de bellota ib\u00e9rico y embutidos ib\u00e9ricos desde 1920","potentialAction":[{"@type":"SearchAction","target":{"@type":"EntryPoint","urlTemplate":"https:\/\/www.fisan.com\/de\/?s={search_term_string}"},"query-input":{"@type":"PropertyValueSpecification","valueRequired":true,"valueName":"search_term_string"}}],"inLanguage":"de"}]},"og_availability":"instock","product_availability":"instock","product_retailer_item_id":"j-cc50","product_condition":"new"},"_links":{"self":[{"href":"https:\/\/www.fisan.com\/de\/wp-json\/wp\/v2\/product\/33482","targetHints":{"allow":["GET"]}}],"collection":[{"href":"https:\/\/www.fisan.com\/de\/wp-json\/wp\/v2\/product"}],"about":[{"href":"https:\/\/www.fisan.com\/de\/wp-json\/wp\/v2\/types\/product"}],"version-history":[{"count":7,"href":"https:\/\/www.fisan.com\/de\/wp-json\/wp\/v2\/product\/33482\/revisions"}],"predecessor-version":[{"id":57184,"href":"https:\/\/www.fisan.com\/de\/wp-json\/wp\/v2\/product\/33482\/revisions\/57184"}],"wp:featuredmedia":[{"embeddable":true,"href":"https:\/\/www.fisan.com\/de\/wp-json\/wp\/v2\/media\/24930"}],"wp:attachment":[{"href":"https:\/\/www.fisan.com\/de\/wp-json\/wp\/v2\/media?parent=33482"}],"wp:term":[{"taxonomy":"product_brand","embeddable":true,"href":"https:\/\/www.fisan.com\/de\/wp-json\/wp\/v2\/product_brand?post=33482"},{"taxonomy":"product_cat","embeddable":true,"href":"https:\/\/www.fisan.com\/de\/wp-json\/wp\/v2\/product_cat?post=33482"},{"taxonomy":"product_tag","embeddable":true,"href":"https:\/\/www.fisan.com\/de\/wp-json\/wp\/v2\/product_tag?post=33482"},{"taxonomy":"gama","embeddable":true,"href":"https:\/\/www.fisan.com\/de\/wp-json\/wp\/v2\/gama?post=33482"},{"taxonomy":"calidad","embeddable":true,"href":"https:\/\/www.fisan.com\/de\/wp-json\/wp\/v2\/calidad?post=33482"}],"curies":[{"name":"wp","href":"https:\/\/api.w.org\/{rel}","templated":true}]}}