{"id":33568,"date":"2022-10-07T16:56:08","date_gmt":"2022-10-07T14:56:08","guid":{"rendered":"https:\/\/www.fisan.com\/producto\/scharfe-bellota-iberico-chorizo\/"},"modified":"2025-06-06T17:01:56","modified_gmt":"2025-06-06T15:01:56","slug":"iberico-bellota-chorizo-wurzig-naturlich","status":"publish","type":"product","link":"https:\/\/www.fisan.com\/de\/shop\/scharfe-bellota-iberico-chorizo\/","title":{"rendered":"Iberico Bellota Chorizo W\u00fcrzig 100% Nat\u00fcrlich"},"content":{"rendered":"<p>Die Iberico Bellota Chorizo W\u00fcrzig 100% Nat\u00fcrlich von FISAN wird mit der traditionellen Marinade (Adobo) aus dem mageren und allen edlen Fleischvarianten des Schweins \u2013 Presa, Secreto \u2013 hergestellt, die niemals eingefroren werden. Ihre nat\u00fcrliche Originalzutat ist das ausgezeichnete Paprikapulver \u201ePiment\u00f3n de la Vera\u201c (Anbaugebiet in der Extremadura). Diese Paprikapulver dringt in das Fleisch ein und macht das magere Fleisch saftig. Die Iberico Bellota Chorizo W\u00fcrzig Nat\u00fcrlich von FISAN erfreut den Gaumen derjenigen, die einen kr\u00e4ftigen und reichhaltigen Geschmack suchen. Die Reifung, ein grundlegender Teil des Prozesses, erfolgt in den nat\u00fcrlichen Trockenr\u00e4umen von FISAN in Guijuelo. Sie erfordert sehr spezifische Feuchtigkeits- und Temperaturbedingungen, was die Produktion auf eine begrenzte St\u00fcckzahl beschr\u00e4nkt. Nachdem sie mindestens 5 Monate lang mit viel Geduld in den Kellern von FISAN geruht hat und strengen Kontrollen unterzogen wurde, ist das St\u00fcck endlich genussbereit.<\/p>\n","protected":false},"excerpt":{"rendered":"<p>Die Iberico Bellota Chorizo W\u00fcrzig 100% Nat\u00fcrlich von FISAN wird mit der traditionellen Marinade (Adobo) aus dem mageren und allen edlen Fleischvarianten des Schweins \u2013 Presa, Secreto \u2013 hergestellt, die niemals eingefroren werden. Ihre nat\u00fcrliche Originalzutat ist das ausgezeichnete Paprikapulver \u201ePiment\u00f3n de la Vera\u201c (Anbaugebiet in der Extremadura). Diese Paprikapulver dringt in das Fleisch ein &#8230; <a title=\"Iberico Bellota Chorizo W\u00fcrzig 100% Nat\u00fcrlich\" class=\"read-more\" href=\"https:\/\/www.fisan.com\/de\/shop\/scharfe-bellota-iberico-chorizo\/\" aria-label=\"Mehr Informationen \u00fcber Iberico Bellota Chorizo W\u00fcrzig 100% Nat\u00fcrlich\">Weiterlesen<\/a><\/p>\n","protected":false},"featured_media":25126,"template":"","meta":{"_acf_changed":false,"_wp_rev_ctl_limit":""},"product_brand":[],"product_cat":[350],"product_tag":[520],"gama":[],"calidad":[441],"class_list":{"0":"post-33568","1":"product","2":"type-product","3":"status-publish","4":"has-post-thumbnail","6":"product_cat-4-wurstchen","7":"product_tag-st","8":"calidad-1-bellota-iberico-de","10":"first","11":"outofstock","12":"taxable","13":"shipping-taxable","14":"purchasable","15":"product-type-variable","16":"has-default-attributes"},"acf":[],"yoast_head":"<!-- This site is optimized with the Yoast SEO plugin v25.4 - https:\/\/yoast.com\/wordpress\/plugins\/seo\/ -->\n<title>Iberico Bellota Chorizo W\u00fcrzig 100% Nat\u00fcrlich | FISAN<\/title>\n<meta name=\"robots\" content=\"index, follow, max-snippet:-1, max-image-preview:large, max-video-preview:-1\" \/>\n<link rel=\"canonical\" href=\"https:\/\/www.fisan.com\/de\/shop\/scharfe-bellota-iberico-chorizo\/\" \/>\n<meta property=\"og:locale\" content=\"de_DE\" \/>\n<meta property=\"og:type\" content=\"article\" \/>\n<meta property=\"og:title\" content=\"Iberico Bellota Chorizo W\u00fcrzig 100% Nat\u00fcrlich | FISAN\" \/>\n<meta property=\"og:description\" content=\"Die Iberico Bellota Chorizo W\u00fcrzig 100% Nat\u00fcrlich von FISAN wird mit der traditionellen Marinade (Adobo) aus dem mageren und allen edlen Fleischvarianten des Schweins \u2013 Presa, Secreto \u2013 hergestellt, die niemals eingefroren werden. Ihre nat\u00fcrliche Originalzutat ist das ausgezeichnete Paprikapulver \u201ePiment\u00f3n de la Vera\u201c (Anbaugebiet in der Extremadura). Diese Paprikapulver dringt in das Fleisch ein ... Weiterlesen\" \/>\n<meta property=\"og:url\" content=\"https:\/\/www.fisan.com\/de\/shop\/scharfe-bellota-iberico-chorizo\/\" \/>\n<meta property=\"og:site_name\" content=\"FISAN\" \/>\n<meta property=\"article:modified_time\" content=\"2025-06-06T15:01:56+00:00\" \/>\n<meta property=\"og:image\" content=\"https:\/\/www.fisan.com\/wp-content\/uploads\/2022\/10\/chorizo-bellota-iberico-picante-st-pe-00.jpg\" \/>\n\t<meta property=\"og:image:width\" content=\"1200\" \/>\n\t<meta property=\"og:image:height\" content=\"2400\" \/>\n\t<meta property=\"og:image:type\" content=\"image\/jpeg\" \/>\n<meta name=\"twitter:card\" content=\"summary_large_image\" \/>\n<meta name=\"twitter:label1\" content=\"Verf\u00fcgbarkeit\" \/>\n\t<meta name=\"twitter:data1\" content=\"ausverkauft\" \/>\n<script type=\"application\/ld+json\" class=\"yoast-schema-graph\">{\n\t    \"@context\": \"https:\/\/schema.org\",\n\t    \"@graph\": [\n\t        {\n\t            \"@type\": \"WebPage\",\n\t            \"@id\": \"https:\/\/www.fisan.com\/de\/shop\/scharfe-bellota-iberico-chorizo\/\",\n\t            \"url\": \"https:\/\/www.fisan.com\/de\/shop\/scharfe-bellota-iberico-chorizo\/\",\n\t            \"name\": \"Iberico Bellota Chorizo W\u00fcrzig 100% Nat\u00fcrlich | FISAN\",\n\t            \"isPartOf\": {\n\t                \"@id\": \"https:\/\/www.fisan.com\/de\/#website\"\n\t            },\n\t            \"primaryImageOfPage\": {\n\t                \"@id\": \"https:\/\/www.fisan.com\/de\/shop\/scharfe-bellota-iberico-chorizo\/#primaryimage\"\n\t            },\n\t            \"image\": {\n\t                \"@id\": \"https:\/\/www.fisan.com\/de\/shop\/scharfe-bellota-iberico-chorizo\/#primaryimage\"\n\t            },\n\t            \"thumbnailUrl\": \"https:\/\/www.fisan.com\/wp-content\/uploads\/2022\/10\/chorizo-bellota-iberico-picante-st-pe-00.jpg\",\n\t            \"datePublished\": \"2022-10-07T14:56:08+00:00\",\n\t            \"dateModified\": \"2025-06-06T15:01:56+00:00\",\n\t            \"breadcrumb\": {\n\t                \"@id\": \"https:\/\/www.fisan.com\/de\/shop\/scharfe-bellota-iberico-chorizo\/#breadcrumb\"\n\t            },\n\t            \"inLanguage\": \"de\",\n\t            \"potentialAction\": [\n\t                {\n\t                    \"@type\": \"ReadAction\",\n\t                    \"target\": [\n\t                        \"https:\/\/www.fisan.com\/de\/shop\/scharfe-bellota-iberico-chorizo\/\"\n\t                    ]\n\t                }\n\t            ]\n\t        },\n\t        {\n\t            \"@type\": \"ImageObject\",\n\t            \"inLanguage\": \"de\",\n\t            \"@id\": \"https:\/\/www.fisan.com\/de\/shop\/scharfe-bellota-iberico-chorizo\/#primaryimage\",\n\t            \"url\": \"https:\/\/www.fisan.com\/wp-content\/uploads\/2022\/10\/chorizo-bellota-iberico-picante-st-pe-00.jpg\",\n\t            \"contentUrl\": \"https:\/\/www.fisan.com\/wp-content\/uploads\/2022\/10\/chorizo-bellota-iberico-picante-st-pe-00.jpg\",\n\t            \"width\": 1200,\n\t            \"height\": 2400\n\t        },\n\t        {\n\t            \"@type\": \"BreadcrumbList\",\n\t            \"@id\": \"https:\/\/www.fisan.com\/de\/shop\/scharfe-bellota-iberico-chorizo\/#breadcrumb\",\n\t            \"itemListElement\": [\n\t                {\n\t                    \"@type\": \"ListItem\",\n\t                    \"position\": 1,\n\t                    \"name\": \"FISAN\",\n\t                    \"item\": \"https:\/\/www.fisan.com\/de\/\"\n\t                },\n\t                {\n\t                    \"@type\": \"ListItem\",\n\t                    \"position\": 2,\n\t                    \"name\": \"Produkte\",\n\t                    \"item\": \"https:\/\/www.fisan.com\/de\/produkte\/\"\n\t                },\n\t                {\n\t                    \"@type\": \"ListItem\",\n\t                    \"position\": 3,\n\t                    \"name\": \"Iberico Bellota Chorizo W\u00fcrzig 100% Nat\u00fcrlich\"\n\t                }\n\t            ]\n\t        },\n\t        {\n\t            \"@type\": \"WebSite\",\n\t            \"@id\": \"https:\/\/www.fisan.com\/de\/#website\",\n\t            \"url\": \"https:\/\/www.fisan.com\/de\/\",\n\t            \"name\": \"FISAN\",\n\t            \"description\": \"FISAN | Jamones de bellota ib\u00e9rico y embutidos ib\u00e9ricos desde 1920\",\n\t            \"potentialAction\": [\n\t                {\n\t                    \"@type\": \"SearchAction\",\n\t                    \"target\": {\n\t                        \"@type\": \"EntryPoint\",\n\t                        \"urlTemplate\": \"https:\/\/www.fisan.com\/de\/?s={search_term_string}\"\n\t                    },\n\t                    \"query-input\": {\n\t                        \"@type\": \"PropertyValueSpecification\",\n\t                        \"valueRequired\": true,\n\t                        \"valueName\": \"search_term_string\"\n\t                    }\n\t                }\n\t            ],\n\t            \"inLanguage\": \"de\"\n\t        }\n\t    ]\n\t}<\/script>\n<meta property=\"og:availability\" content=\"out of stock\" \/>\n<meta property=\"product:availability\" content=\"out of stock\" \/>\n<meta property=\"product:retailer_item_id\" content=\"ch-bip50\" \/>\n<meta property=\"product:condition\" content=\"new\" \/>\n<!-- \/ Yoast SEO plugin. -->","yoast_head_json":{"title":"Iberico Bellota Chorizo W\u00fcrzig 100% Nat\u00fcrlich | FISAN","robots":{"index":"index","follow":"follow","max-snippet":"max-snippet:-1","max-image-preview":"max-image-preview:large","max-video-preview":"max-video-preview:-1"},"canonical":"https:\/\/www.fisan.com\/de\/shop\/scharfe-bellota-iberico-chorizo\/","og_locale":"de_DE","og_type":"article","og_title":"Iberico Bellota Chorizo W\u00fcrzig 100% Nat\u00fcrlich | FISAN","og_description":"Die Iberico Bellota Chorizo W\u00fcrzig 100% Nat\u00fcrlich von FISAN wird mit der traditionellen Marinade (Adobo) aus dem mageren und allen edlen Fleischvarianten des Schweins \u2013 Presa, Secreto \u2013 hergestellt, die niemals eingefroren werden. Ihre nat\u00fcrliche Originalzutat ist das ausgezeichnete Paprikapulver \u201ePiment\u00f3n de la Vera\u201c (Anbaugebiet in der Extremadura). Diese Paprikapulver dringt in das Fleisch ein ... Weiterlesen","og_url":"https:\/\/www.fisan.com\/de\/shop\/scharfe-bellota-iberico-chorizo\/","og_site_name":"FISAN","article_modified_time":"2025-06-06T15:01:56+00:00","og_image":[{"width":1200,"height":2400,"url":"https:\/\/www.fisan.com\/wp-content\/uploads\/2022\/10\/chorizo-bellota-iberico-picante-st-pe-00.jpg","type":"image\/jpeg"}],"twitter_card":"summary_large_image","twitter_misc":{"Verf\u00fcgbarkeit":"ausverkauft"},"schema":{"@context":"https:\/\/schema.org","@graph":[{"@type":"WebPage","@id":"https:\/\/www.fisan.com\/de\/shop\/scharfe-bellota-iberico-chorizo\/","url":"https:\/\/www.fisan.com\/de\/shop\/scharfe-bellota-iberico-chorizo\/","name":"Iberico Bellota Chorizo W\u00fcrzig 100% Nat\u00fcrlich | FISAN","isPartOf":{"@id":"https:\/\/www.fisan.com\/de\/#website"},"primaryImageOfPage":{"@id":"https:\/\/www.fisan.com\/de\/shop\/scharfe-bellota-iberico-chorizo\/#primaryimage"},"image":{"@id":"https:\/\/www.fisan.com\/de\/shop\/scharfe-bellota-iberico-chorizo\/#primaryimage"},"thumbnailUrl":"https:\/\/www.fisan.com\/wp-content\/uploads\/2022\/10\/chorizo-bellota-iberico-picante-st-pe-00.jpg","datePublished":"2022-10-07T14:56:08+00:00","dateModified":"2025-06-06T15:01:56+00:00","breadcrumb":{"@id":"https:\/\/www.fisan.com\/de\/shop\/scharfe-bellota-iberico-chorizo\/#breadcrumb"},"inLanguage":"de","potentialAction":[{"@type":"ReadAction","target":["https:\/\/www.fisan.com\/de\/shop\/scharfe-bellota-iberico-chorizo\/"]}]},{"@type":"ImageObject","inLanguage":"de","@id":"https:\/\/www.fisan.com\/de\/shop\/scharfe-bellota-iberico-chorizo\/#primaryimage","url":"https:\/\/www.fisan.com\/wp-content\/uploads\/2022\/10\/chorizo-bellota-iberico-picante-st-pe-00.jpg","contentUrl":"https:\/\/www.fisan.com\/wp-content\/uploads\/2022\/10\/chorizo-bellota-iberico-picante-st-pe-00.jpg","width":1200,"height":2400},{"@type":"BreadcrumbList","@id":"https:\/\/www.fisan.com\/de\/shop\/scharfe-bellota-iberico-chorizo\/#breadcrumb","itemListElement":[{"@type":"ListItem","position":1,"name":"FISAN","item":"https:\/\/www.fisan.com\/de\/"},{"@type":"ListItem","position":2,"name":"Produkte","item":"https:\/\/www.fisan.com\/de\/produkte\/"},{"@type":"ListItem","position":3,"name":"Iberico Bellota Chorizo W\u00fcrzig 100% Nat\u00fcrlich"}]},{"@type":"WebSite","@id":"https:\/\/www.fisan.com\/de\/#website","url":"https:\/\/www.fisan.com\/de\/","name":"FISAN","description":"FISAN | Jamones de bellota ib\u00e9rico y embutidos ib\u00e9ricos desde 1920","potentialAction":[{"@type":"SearchAction","target":{"@type":"EntryPoint","urlTemplate":"https:\/\/www.fisan.com\/de\/?s={search_term_string}"},"query-input":{"@type":"PropertyValueSpecification","valueRequired":true,"valueName":"search_term_string"}}],"inLanguage":"de"}]},"og_availability":"out of stock","product_availability":"out of stock","product_retailer_item_id":"ch-bip50","product_condition":"new"},"_links":{"self":[{"href":"https:\/\/www.fisan.com\/de\/wp-json\/wp\/v2\/product\/33568","targetHints":{"allow":["GET"]}}],"collection":[{"href":"https:\/\/www.fisan.com\/de\/wp-json\/wp\/v2\/product"}],"about":[{"href":"https:\/\/www.fisan.com\/de\/wp-json\/wp\/v2\/types\/product"}],"version-history":[{"count":12,"href":"https:\/\/www.fisan.com\/de\/wp-json\/wp\/v2\/product\/33568\/revisions"}],"predecessor-version":[{"id":56220,"href":"https:\/\/www.fisan.com\/de\/wp-json\/wp\/v2\/product\/33568\/revisions\/56220"}],"wp:featuredmedia":[{"embeddable":true,"href":"https:\/\/www.fisan.com\/de\/wp-json\/wp\/v2\/media\/25126"}],"wp:attachment":[{"href":"https:\/\/www.fisan.com\/de\/wp-json\/wp\/v2\/media?parent=33568"}],"wp:term":[{"taxonomy":"product_brand","embeddable":true,"href":"https:\/\/www.fisan.com\/de\/wp-json\/wp\/v2\/product_brand?post=33568"},{"taxonomy":"product_cat","embeddable":true,"href":"https:\/\/www.fisan.com\/de\/wp-json\/wp\/v2\/product_cat?post=33568"},{"taxonomy":"product_tag","embeddable":true,"href":"https:\/\/www.fisan.com\/de\/wp-json\/wp\/v2\/product_tag?post=33568"},{"taxonomy":"gama","embeddable":true,"href":"https:\/\/www.fisan.com\/de\/wp-json\/wp\/v2\/gama?post=33568"},{"taxonomy":"calidad","embeddable":true,"href":"https:\/\/www.fisan.com\/de\/wp-json\/wp\/v2\/calidad?post=33568"}],"curies":[{"name":"wp","href":"https:\/\/api.w.org\/{rel}","templated":true}]}}