{"id":33584,"date":"2022-10-07T16:56:22","date_gmt":"2022-10-07T14:56:22","guid":{"rendered":"https:\/\/www.fisan.com\/producto\/bellota-chorizo-vela\/"},"modified":"2025-05-30T13:43:39","modified_gmt":"2025-05-30T11:43:39","slug":"iberico-bellota-vela-chorizo-naturlich","status":"publish","type":"product","link":"https:\/\/www.fisan.com\/de\/shop\/bellota-chorizo-vela\/","title":{"rendered":"Iberico Bellota Vela Chorizo 100 % Nat\u00fcrlich"},"content":{"rendered":"","protected":false},"excerpt":{"rendered":"<p>Die Iberico Bellota Vela Chorizo 100 % Nat\u00fcrlich von FISAN hat ein besonderes Aroma und einen besonderen Geschmack. Sie wird mit einer traditionellen Marinade (Adobo), und nur mit den besten St\u00fccken des Schweinefleischs zubereitet, die niemals eingefroren werden. Die St\u00fccke werden in nat\u00fcrlichen Trockenr\u00e4umen gereift, was dem Fleisch seinen traditionellen Charakter verleiht. Einzeln erh\u00e4ltlich in Packungen mit je drei St\u00fcck.<\/p>\n","protected":false},"featured_media":25146,"template":"","meta":{"_acf_changed":false,"_wp_rev_ctl_limit":""},"product_brand":[],"product_cat":[350],"product_tag":[520],"gama":[1373],"calidad":[441],"class_list":{"0":"post-33584","1":"product","2":"type-product","3":"status-publish","4":"has-post-thumbnail","6":"product_cat-4-wurstchen","7":"product_tag-st","8":"gama-sabor-tradicional-de-2","9":"calidad-1-bellota-iberico-de","11":"first","12":"instock","13":"taxable","14":"shipping-taxable","15":"purchasable","16":"product-type-variable","17":"has-default-attributes"},"acf":[],"yoast_head":"<!-- This site is optimized with the Yoast SEO plugin v25.4 - https:\/\/yoast.com\/wordpress\/plugins\/seo\/ -->\n<title>Iberico Bellota Vela Chorizo 100 % Nat\u00fcrlich | FISAN<\/title>\n<meta name=\"robots\" content=\"index, follow, max-snippet:-1, max-image-preview:large, max-video-preview:-1\" \/>\n<link rel=\"canonical\" href=\"https:\/\/www.fisan.com\/de\/shop\/bellota-chorizo-vela\/\" \/>\n<meta property=\"og:locale\" content=\"de_DE\" \/>\n<meta property=\"og:type\" content=\"article\" \/>\n<meta property=\"og:title\" content=\"Iberico Bellota Vela Chorizo 100 % Nat\u00fcrlich | FISAN\" \/>\n<meta property=\"og:description\" content=\"Die Iberico Bellota Vela Chorizo 100 % Nat\u00fcrlich von FISAN hat ein besonderes Aroma und einen besonderen Geschmack. Sie wird mit einer traditionellen Marinade (Adobo), und nur mit den besten St\u00fccken des Schweinefleischs zubereitet, die niemals eingefroren werden. Die St\u00fccke werden in nat\u00fcrlichen Trockenr\u00e4umen gereift, was dem Fleisch seinen traditionellen Charakter verleiht. Einzeln erh\u00e4ltlich in Packungen mit je drei St\u00fcck.\" \/>\n<meta property=\"og:url\" content=\"https:\/\/www.fisan.com\/de\/shop\/bellota-chorizo-vela\/\" \/>\n<meta property=\"og:site_name\" content=\"FISAN\" \/>\n<meta property=\"article:modified_time\" content=\"2025-05-30T11:43:39+00:00\" \/>\n<meta property=\"og:image\" content=\"https:\/\/www.fisan.com\/wp-content\/uploads\/2022\/10\/chorizo-vela-bellota-iberico-st-pe-00.jpg\" \/>\n\t<meta property=\"og:image:width\" content=\"1200\" \/>\n\t<meta property=\"og:image:height\" content=\"2400\" \/>\n\t<meta property=\"og:image:type\" content=\"image\/jpeg\" \/>\n<meta name=\"twitter:card\" content=\"summary_large_image\" \/>\n<meta name=\"twitter:label1\" content=\"Verf\u00fcgbarkeit\" \/>\n\t<meta name=\"twitter:data1\" content=\"Auf Lager\" \/>\n<script type=\"application\/ld+json\" class=\"yoast-schema-graph\">{\n\t    \"@context\": \"https:\/\/schema.org\",\n\t    \"@graph\": [\n\t        {\n\t            \"@type\": \"WebPage\",\n\t            \"@id\": \"https:\/\/www.fisan.com\/de\/shop\/bellota-chorizo-vela\/\",\n\t            \"url\": \"https:\/\/www.fisan.com\/de\/shop\/bellota-chorizo-vela\/\",\n\t            \"name\": \"Iberico Bellota Vela Chorizo 100 % Nat\u00fcrlich | FISAN\",\n\t            \"isPartOf\": {\n\t                \"@id\": \"https:\/\/www.fisan.com\/de\/#website\"\n\t            },\n\t            \"primaryImageOfPage\": {\n\t                \"@id\": \"https:\/\/www.fisan.com\/de\/shop\/bellota-chorizo-vela\/#primaryimage\"\n\t            },\n\t            \"image\": {\n\t                \"@id\": \"https:\/\/www.fisan.com\/de\/shop\/bellota-chorizo-vela\/#primaryimage\"\n\t            },\n\t            \"thumbnailUrl\": \"https:\/\/www.fisan.com\/wp-content\/uploads\/2022\/10\/chorizo-vela-bellota-iberico-st-pe-00.jpg\",\n\t            \"datePublished\": \"2022-10-07T14:56:22+00:00\",\n\t            \"dateModified\": \"2025-05-30T11:43:39+00:00\",\n\t            \"breadcrumb\": {\n\t                \"@id\": \"https:\/\/www.fisan.com\/de\/shop\/bellota-chorizo-vela\/#breadcrumb\"\n\t            },\n\t            \"inLanguage\": \"de\",\n\t            \"potentialAction\": [\n\t                {\n\t                    \"@type\": \"ReadAction\",\n\t                    \"target\": [\n\t                        \"https:\/\/www.fisan.com\/de\/shop\/bellota-chorizo-vela\/\"\n\t                    ]\n\t                }\n\t            ]\n\t        },\n\t        {\n\t            \"@type\": \"ImageObject\",\n\t            \"inLanguage\": \"de\",\n\t            \"@id\": \"https:\/\/www.fisan.com\/de\/shop\/bellota-chorizo-vela\/#primaryimage\",\n\t            \"url\": \"https:\/\/www.fisan.com\/wp-content\/uploads\/2022\/10\/chorizo-vela-bellota-iberico-st-pe-00.jpg\",\n\t            \"contentUrl\": \"https:\/\/www.fisan.com\/wp-content\/uploads\/2022\/10\/chorizo-vela-bellota-iberico-st-pe-00.jpg\",\n\t            \"width\": 1200,\n\t            \"height\": 2400,\n\t            \"caption\": \"Iberico Bellota Vela Chorizo Nat\u00fcrlich FISAN\"\n\t        },\n\t        {\n\t            \"@type\": \"BreadcrumbList\",\n\t            \"@id\": \"https:\/\/www.fisan.com\/de\/shop\/bellota-chorizo-vela\/#breadcrumb\",\n\t            \"itemListElement\": [\n\t                {\n\t                    \"@type\": \"ListItem\",\n\t                    \"position\": 1,\n\t                    \"name\": \"FISAN\",\n\t                    \"item\": \"https:\/\/www.fisan.com\/de\/\"\n\t                },\n\t                {\n\t                    \"@type\": \"ListItem\",\n\t                    \"position\": 2,\n\t                    \"name\": \"Produkte\",\n\t                    \"item\": \"https:\/\/www.fisan.com\/de\/produkte\/\"\n\t                },\n\t                {\n\t                    \"@type\": \"ListItem\",\n\t                    \"position\": 3,\n\t                    \"name\": \"Iberico Bellota Vela Chorizo 100 % Nat\u00fcrlich\"\n\t                }\n\t            ]\n\t        },\n\t        {\n\t            \"@type\": \"WebSite\",\n\t            \"@id\": \"https:\/\/www.fisan.com\/de\/#website\",\n\t            \"url\": \"https:\/\/www.fisan.com\/de\/\",\n\t            \"name\": \"FISAN\",\n\t            \"description\": \"FISAN | Jamones de bellota ib\u00e9rico y embutidos ib\u00e9ricos desde 1920\",\n\t            \"potentialAction\": [\n\t                {\n\t                    \"@type\": \"SearchAction\",\n\t                    \"target\": {\n\t                        \"@type\": \"EntryPoint\",\n\t                        \"urlTemplate\": \"https:\/\/www.fisan.com\/de\/?s={search_term_string}\"\n\t                    },\n\t                    \"query-input\": {\n\t                        \"@type\": \"PropertyValueSpecification\",\n\t                        \"valueRequired\": true,\n\t                        \"valueName\": \"search_term_string\"\n\t                    }\n\t                }\n\t            ],\n\t            \"inLanguage\": \"de\"\n\t        }\n\t    ]\n\t}<\/script>\n<meta property=\"og:availability\" content=\"instock\" \/>\n<meta property=\"product:availability\" content=\"instock\" \/>\n<meta property=\"product:retailer_item_id\" content=\"ch-biv50\" \/>\n<meta property=\"product:condition\" content=\"new\" \/>\n<!-- \/ Yoast SEO plugin. -->","yoast_head_json":{"title":"Iberico Bellota Vela Chorizo 100 % Nat\u00fcrlich | FISAN","robots":{"index":"index","follow":"follow","max-snippet":"max-snippet:-1","max-image-preview":"max-image-preview:large","max-video-preview":"max-video-preview:-1"},"canonical":"https:\/\/www.fisan.com\/de\/shop\/bellota-chorizo-vela\/","og_locale":"de_DE","og_type":"article","og_title":"Iberico Bellota Vela Chorizo 100 % Nat\u00fcrlich | FISAN","og_description":"Die Iberico Bellota Vela Chorizo 100 % Nat\u00fcrlich von FISAN hat ein besonderes Aroma und einen besonderen Geschmack. Sie wird mit einer traditionellen Marinade (Adobo), und nur mit den besten St\u00fccken des Schweinefleischs zubereitet, die niemals eingefroren werden. Die St\u00fccke werden in nat\u00fcrlichen Trockenr\u00e4umen gereift, was dem Fleisch seinen traditionellen Charakter verleiht. Einzeln erh\u00e4ltlich in Packungen mit je drei St\u00fcck.","og_url":"https:\/\/www.fisan.com\/de\/shop\/bellota-chorizo-vela\/","og_site_name":"FISAN","article_modified_time":"2025-05-30T11:43:39+00:00","og_image":[{"width":1200,"height":2400,"url":"https:\/\/www.fisan.com\/wp-content\/uploads\/2022\/10\/chorizo-vela-bellota-iberico-st-pe-00.jpg","type":"image\/jpeg"}],"twitter_card":"summary_large_image","twitter_misc":{"Verf\u00fcgbarkeit":"Auf Lager"},"schema":{"@context":"https:\/\/schema.org","@graph":[{"@type":"WebPage","@id":"https:\/\/www.fisan.com\/de\/shop\/bellota-chorizo-vela\/","url":"https:\/\/www.fisan.com\/de\/shop\/bellota-chorizo-vela\/","name":"Iberico Bellota Vela Chorizo 100 % Nat\u00fcrlich | FISAN","isPartOf":{"@id":"https:\/\/www.fisan.com\/de\/#website"},"primaryImageOfPage":{"@id":"https:\/\/www.fisan.com\/de\/shop\/bellota-chorizo-vela\/#primaryimage"},"image":{"@id":"https:\/\/www.fisan.com\/de\/shop\/bellota-chorizo-vela\/#primaryimage"},"thumbnailUrl":"https:\/\/www.fisan.com\/wp-content\/uploads\/2022\/10\/chorizo-vela-bellota-iberico-st-pe-00.jpg","datePublished":"2022-10-07T14:56:22+00:00","dateModified":"2025-05-30T11:43:39+00:00","breadcrumb":{"@id":"https:\/\/www.fisan.com\/de\/shop\/bellota-chorizo-vela\/#breadcrumb"},"inLanguage":"de","potentialAction":[{"@type":"ReadAction","target":["https:\/\/www.fisan.com\/de\/shop\/bellota-chorizo-vela\/"]}]},{"@type":"ImageObject","inLanguage":"de","@id":"https:\/\/www.fisan.com\/de\/shop\/bellota-chorizo-vela\/#primaryimage","url":"https:\/\/www.fisan.com\/wp-content\/uploads\/2022\/10\/chorizo-vela-bellota-iberico-st-pe-00.jpg","contentUrl":"https:\/\/www.fisan.com\/wp-content\/uploads\/2022\/10\/chorizo-vela-bellota-iberico-st-pe-00.jpg","width":1200,"height":2400,"caption":"Iberico Bellota Vela Chorizo Nat\u00fcrlich FISAN"},{"@type":"BreadcrumbList","@id":"https:\/\/www.fisan.com\/de\/shop\/bellota-chorizo-vela\/#breadcrumb","itemListElement":[{"@type":"ListItem","position":1,"name":"FISAN","item":"https:\/\/www.fisan.com\/de\/"},{"@type":"ListItem","position":2,"name":"Produkte","item":"https:\/\/www.fisan.com\/de\/produkte\/"},{"@type":"ListItem","position":3,"name":"Iberico Bellota Vela Chorizo 100 % Nat\u00fcrlich"}]},{"@type":"WebSite","@id":"https:\/\/www.fisan.com\/de\/#website","url":"https:\/\/www.fisan.com\/de\/","name":"FISAN","description":"FISAN | Jamones de bellota ib\u00e9rico y embutidos ib\u00e9ricos desde 1920","potentialAction":[{"@type":"SearchAction","target":{"@type":"EntryPoint","urlTemplate":"https:\/\/www.fisan.com\/de\/?s={search_term_string}"},"query-input":{"@type":"PropertyValueSpecification","valueRequired":true,"valueName":"search_term_string"}}],"inLanguage":"de"}]},"og_availability":"instock","product_availability":"instock","product_retailer_item_id":"ch-biv50","product_condition":"new"},"_links":{"self":[{"href":"https:\/\/www.fisan.com\/de\/wp-json\/wp\/v2\/product\/33584","targetHints":{"allow":["GET"]}}],"collection":[{"href":"https:\/\/www.fisan.com\/de\/wp-json\/wp\/v2\/product"}],"about":[{"href":"https:\/\/www.fisan.com\/de\/wp-json\/wp\/v2\/types\/product"}],"version-history":[{"count":5,"href":"https:\/\/www.fisan.com\/de\/wp-json\/wp\/v2\/product\/33584\/revisions"}],"predecessor-version":[{"id":55950,"href":"https:\/\/www.fisan.com\/de\/wp-json\/wp\/v2\/product\/33584\/revisions\/55950"}],"wp:featuredmedia":[{"embeddable":true,"href":"https:\/\/www.fisan.com\/de\/wp-json\/wp\/v2\/media\/25146"}],"wp:attachment":[{"href":"https:\/\/www.fisan.com\/de\/wp-json\/wp\/v2\/media?parent=33584"}],"wp:term":[{"taxonomy":"product_brand","embeddable":true,"href":"https:\/\/www.fisan.com\/de\/wp-json\/wp\/v2\/product_brand?post=33584"},{"taxonomy":"product_cat","embeddable":true,"href":"https:\/\/www.fisan.com\/de\/wp-json\/wp\/v2\/product_cat?post=33584"},{"taxonomy":"product_tag","embeddable":true,"href":"https:\/\/www.fisan.com\/de\/wp-json\/wp\/v2\/product_tag?post=33584"},{"taxonomy":"gama","embeddable":true,"href":"https:\/\/www.fisan.com\/de\/wp-json\/wp\/v2\/gama?post=33584"},{"taxonomy":"calidad","embeddable":true,"href":"https:\/\/www.fisan.com\/de\/wp-json\/wp\/v2\/calidad?post=33584"}],"curies":[{"name":"wp","href":"https:\/\/api.w.org\/{rel}","templated":true}]}}