{"id":33597,"date":"2022-10-08T19:50:33","date_gmt":"2022-10-08T17:50:33","guid":{"rendered":"https:\/\/www.fisan.com\/producto\/deluxe-box-mit-3-verschiedenen-ag-wurstsorten\/"},"modified":"2023-11-13T00:00:15","modified_gmt":"2023-11-12T23:00:15","slug":"deluxe-box-mit-3-verschiedenen-ag-wurstsorten","status":"publish","type":"product","link":"https:\/\/www.fisan.com\/de\/shop\/deluxe-box-mit-3-verschiedenen-ag-wurstsorten\/","title":{"rendered":"Deluxe-Box Mit 3 Verschiedenen Alta Gastronomia Wurstsorten"},"content":{"rendered":"<p>Die Alta Gastronom\u00eda (AG) Box mit 3 ganzen St\u00fccken vereint alle Alta Gastronom\u00eda Bellota Ib\u00e9rico Wurstsorten von FISAN. Die 100% Iberico Bellota Luftgetrocknete Lende ist das Juwel unserer Wurstwaren, ein edles St\u00fcck Schweinefleisch. 100 % nat\u00fcrlich. Hergestellt mit traditioneller Marinade (Adobo) auf Basis von Paprikapulver \u201ePiment\u00f3n de la Vera\u201c und Salz. Ihre Fettinfiltration macht sie zu einem der schmackhaftesten und zartesten St\u00fccke. Die 100% Iberico Bellota Luftgetrocknete Lende von FISAN werden mehr als 90 Tage in nat\u00fcrlichen Trockenr\u00e4umen gereift, um ihren wahren Geschmack zu f\u00f6rdern.<\/p>\n","protected":false},"excerpt":{"rendered":"<p>Die Alta Gastronom\u00eda (AG) Box mit 3 ganzen St\u00fccken vereint alle Alta Gastronom\u00eda Bellota Ib\u00e9rico Wurstsorten von FISAN. Die 100% Iberico Bellota Luftgetrocknete Lende ist das Juwel unserer Wurstwaren, ein edles St\u00fcck Schweinefleisch. 100 % nat\u00fcrlich. Hergestellt mit traditioneller Marinade (Adobo) auf Basis von Paprikapulver \u201ePiment\u00f3n de la Vera\u201c und Salz. Ihre Fettinfiltration macht sie &#8230; <a title=\"Deluxe-Box Mit 3 Verschiedenen Alta Gastronomia Wurstsorten\" class=\"read-more\" href=\"https:\/\/www.fisan.com\/de\/shop\/deluxe-box-mit-3-verschiedenen-ag-wurstsorten\/\" aria-label=\"Mehr Informationen \u00fcber Deluxe-Box Mit 3 Verschiedenen Alta Gastronomia Wurstsorten\">Weiterlesen<\/a><\/p>\n","protected":false},"featured_media":24582,"template":"","meta":{"_acf_changed":false,"_wp_rev_ctl_limit":""},"product_brand":[],"product_cat":[362],"product_tag":[306],"gama":[436],"calidad":[441],"class_list":{"0":"post-33597","1":"product","2":"type-product","3":"status-publish","4":"has-post-thumbnail","6":"product_cat-6-packchen","7":"product_tag-ag","8":"gama-alta-gastronomia-de","9":"calidad-1-bellota-iberico-de","11":"first","12":"outofstock","13":"sold-individually","14":"taxable","15":"shipping-taxable","16":"product-type-simple"},"acf":[],"yoast_head":"<!-- This site is optimized with the Yoast SEO plugin v25.4 - https:\/\/yoast.com\/wordpress\/plugins\/seo\/ -->\n<title>Deluxe-Box Mit 3 Verschiedenen Alta Gastronomia Wurstsorten | FISAN<\/title>\n<meta name=\"robots\" content=\"index, follow, max-snippet:-1, max-image-preview:large, max-video-preview:-1\" \/>\n<link rel=\"canonical\" href=\"https:\/\/www.fisan.com\/de\/shop\/deluxe-box-mit-3-verschiedenen-ag-wurstsorten\/\" \/>\n<meta property=\"og:locale\" content=\"de_DE\" \/>\n<meta property=\"og:type\" content=\"article\" \/>\n<meta property=\"og:title\" content=\"Deluxe-Box Mit 3 Verschiedenen Alta Gastronomia Wurstsorten | FISAN\" \/>\n<meta property=\"og:description\" content=\"Die Alta Gastronom\u00eda (AG) Box mit 3 ganzen St\u00fccken vereint alle Alta Gastronom\u00eda Bellota Ib\u00e9rico Wurstsorten von FISAN. Die 100% Iberico Bellota Luftgetrocknete Lende ist das Juwel unserer Wurstwaren, ein edles St\u00fcck Schweinefleisch. 100 % nat\u00fcrlich. Hergestellt mit traditioneller Marinade (Adobo) auf Basis von Paprikapulver \u201ePiment\u00f3n de la Vera\u201c und Salz. Ihre Fettinfiltration macht sie ... Weiterlesen\" \/>\n<meta property=\"og:url\" content=\"https:\/\/www.fisan.com\/de\/shop\/deluxe-box-mit-3-verschiedenen-ag-wurstsorten\/\" \/>\n<meta property=\"og:site_name\" content=\"FISAN\" \/>\n<meta property=\"article:modified_time\" content=\"2023-11-12T23:00:15+00:00\" \/>\n<meta property=\"og:image\" content=\"https:\/\/www.fisan.com\/wp-content\/uploads\/2022\/10\/pack-deluxe-embutido-ag-3pe-00.jpg\" \/>\n\t<meta property=\"og:image:width\" content=\"1200\" \/>\n\t<meta property=\"og:image:height\" content=\"2400\" \/>\n\t<meta property=\"og:image:type\" content=\"image\/jpeg\" \/>\n<meta name=\"twitter:card\" content=\"summary_large_image\" \/>\n<meta name=\"twitter:label1\" content=\"Preis\" \/>\n\t<meta name=\"twitter:data1\" content=\"\" \/>\n\t<meta name=\"twitter:label2\" content=\"Verf\u00fcgbarkeit\" \/>\n\t<meta name=\"twitter:data2\" content=\"ausverkauft\" \/>\n<script type=\"application\/ld+json\" class=\"yoast-schema-graph\">{\n\t    \"@context\": \"https:\/\/schema.org\",\n\t    \"@graph\": [\n\t        {\n\t            \"@type\": \"WebPage\",\n\t            \"@id\": \"https:\/\/www.fisan.com\/de\/shop\/deluxe-box-mit-3-verschiedenen-ag-wurstsorten\/\",\n\t            \"url\": \"https:\/\/www.fisan.com\/de\/shop\/deluxe-box-mit-3-verschiedenen-ag-wurstsorten\/\",\n\t            \"name\": \"Deluxe-Box Mit 3 Verschiedenen Alta Gastronomia Wurstsorten | FISAN\",\n\t            \"isPartOf\": {\n\t                \"@id\": \"https:\/\/www.fisan.com\/de\/#website\"\n\t            },\n\t            \"primaryImageOfPage\": {\n\t                \"@id\": \"https:\/\/www.fisan.com\/de\/shop\/deluxe-box-mit-3-verschiedenen-ag-wurstsorten\/#primaryimage\"\n\t            },\n\t            \"image\": {\n\t                \"@id\": \"https:\/\/www.fisan.com\/de\/shop\/deluxe-box-mit-3-verschiedenen-ag-wurstsorten\/#primaryimage\"\n\t            },\n\t            \"thumbnailUrl\": \"https:\/\/www.fisan.com\/wp-content\/uploads\/2022\/10\/pack-deluxe-embutido-ag-3pe-00.jpg\",\n\t            \"datePublished\": \"2022-10-08T17:50:33+00:00\",\n\t            \"dateModified\": \"2023-11-12T23:00:15+00:00\",\n\t            \"breadcrumb\": {\n\t                \"@id\": \"https:\/\/www.fisan.com\/de\/shop\/deluxe-box-mit-3-verschiedenen-ag-wurstsorten\/#breadcrumb\"\n\t            },\n\t            \"inLanguage\": \"de\",\n\t            \"potentialAction\": [\n\t                {\n\t                    \"@type\": \"ReadAction\",\n\t                    \"target\": [\n\t                        \"https:\/\/www.fisan.com\/de\/shop\/deluxe-box-mit-3-verschiedenen-ag-wurstsorten\/\"\n\t                    ]\n\t                }\n\t            ]\n\t        },\n\t        {\n\t            \"@type\": \"ImageObject\",\n\t            \"inLanguage\": \"de\",\n\t            \"@id\": \"https:\/\/www.fisan.com\/de\/shop\/deluxe-box-mit-3-verschiedenen-ag-wurstsorten\/#primaryimage\",\n\t            \"url\": \"https:\/\/www.fisan.com\/wp-content\/uploads\/2022\/10\/pack-deluxe-embutido-ag-3pe-00.jpg\",\n\t            \"contentUrl\": \"https:\/\/www.fisan.com\/wp-content\/uploads\/2022\/10\/pack-deluxe-embutido-ag-3pe-00.jpg\",\n\t            \"width\": 1200,\n\t            \"height\": 2400,\n\t            \"caption\": \"DELUXE-BOX MIT 3 VERSCHIEDENEN ALTA GASTRONOMIA WURSTSORTEN FISAN\"\n\t        },\n\t        {\n\t            \"@type\": \"BreadcrumbList\",\n\t            \"@id\": \"https:\/\/www.fisan.com\/de\/shop\/deluxe-box-mit-3-verschiedenen-ag-wurstsorten\/#breadcrumb\",\n\t            \"itemListElement\": [\n\t                {\n\t                    \"@type\": \"ListItem\",\n\t                    \"position\": 1,\n\t                    \"name\": \"FISAN\",\n\t                    \"item\": \"https:\/\/www.fisan.com\/de\/\"\n\t                },\n\t                {\n\t                    \"@type\": \"ListItem\",\n\t                    \"position\": 2,\n\t                    \"name\": \"Produkte\",\n\t                    \"item\": \"https:\/\/www.fisan.com\/de\/produkte\/\"\n\t                },\n\t                {\n\t                    \"@type\": \"ListItem\",\n\t                    \"position\": 3,\n\t                    \"name\": \"Deluxe-Box Mit 3 Verschiedenen Alta Gastronomia Wurstsorten\"\n\t                }\n\t            ]\n\t        },\n\t        {\n\t            \"@type\": \"WebSite\",\n\t            \"@id\": \"https:\/\/www.fisan.com\/de\/#website\",\n\t            \"url\": \"https:\/\/www.fisan.com\/de\/\",\n\t            \"name\": \"FISAN\",\n\t            \"description\": \"FISAN | Jamones de bellota ib\u00e9rico y embutidos ib\u00e9ricos desde 1920\",\n\t            \"potentialAction\": [\n\t                {\n\t                    \"@type\": \"SearchAction\",\n\t                    \"target\": {\n\t                        \"@type\": \"EntryPoint\",\n\t                        \"urlTemplate\": \"https:\/\/www.fisan.com\/de\/?s={search_term_string}\"\n\t                    },\n\t                    \"query-input\": {\n\t                        \"@type\": \"PropertyValueSpecification\",\n\t                        \"valueRequired\": true,\n\t                        \"valueName\": \"search_term_string\"\n\t                    }\n\t                }\n\t            ],\n\t            \"inLanguage\": \"de\"\n\t        }\n\t    ]\n\t}<\/script>\n<meta property=\"product:price:currency\" content=\"EUR\" \/>\n<meta property=\"og:availability\" content=\"out of stock\" \/>\n<meta property=\"product:availability\" content=\"out of stock\" \/>\n<meta property=\"product:retailer_item_id\" content=\"pa-3emAGEmix\" \/>\n<meta property=\"product:condition\" content=\"new\" \/>\n<!-- \/ Yoast SEO plugin. -->","yoast_head_json":{"title":"Deluxe-Box Mit 3 Verschiedenen Alta Gastronomia Wurstsorten | FISAN","robots":{"index":"index","follow":"follow","max-snippet":"max-snippet:-1","max-image-preview":"max-image-preview:large","max-video-preview":"max-video-preview:-1"},"canonical":"https:\/\/www.fisan.com\/de\/shop\/deluxe-box-mit-3-verschiedenen-ag-wurstsorten\/","og_locale":"de_DE","og_type":"article","og_title":"Deluxe-Box Mit 3 Verschiedenen Alta Gastronomia Wurstsorten | FISAN","og_description":"Die Alta Gastronom\u00eda (AG) Box mit 3 ganzen St\u00fccken vereint alle Alta Gastronom\u00eda Bellota Ib\u00e9rico Wurstsorten von FISAN. Die 100% Iberico Bellota Luftgetrocknete Lende ist das Juwel unserer Wurstwaren, ein edles St\u00fcck Schweinefleisch. 100 % nat\u00fcrlich. Hergestellt mit traditioneller Marinade (Adobo) auf Basis von Paprikapulver \u201ePiment\u00f3n de la Vera\u201c und Salz. Ihre Fettinfiltration macht sie ... Weiterlesen","og_url":"https:\/\/www.fisan.com\/de\/shop\/deluxe-box-mit-3-verschiedenen-ag-wurstsorten\/","og_site_name":"FISAN","article_modified_time":"2023-11-12T23:00:15+00:00","og_image":[{"width":1200,"height":2400,"url":"https:\/\/www.fisan.com\/wp-content\/uploads\/2022\/10\/pack-deluxe-embutido-ag-3pe-00.jpg","type":"image\/jpeg"}],"twitter_card":"summary_large_image","twitter_misc":{"Preis":"","Verf\u00fcgbarkeit":"ausverkauft"},"schema":{"@context":"https:\/\/schema.org","@graph":[{"@type":"WebPage","@id":"https:\/\/www.fisan.com\/de\/shop\/deluxe-box-mit-3-verschiedenen-ag-wurstsorten\/","url":"https:\/\/www.fisan.com\/de\/shop\/deluxe-box-mit-3-verschiedenen-ag-wurstsorten\/","name":"Deluxe-Box Mit 3 Verschiedenen Alta Gastronomia Wurstsorten | FISAN","isPartOf":{"@id":"https:\/\/www.fisan.com\/de\/#website"},"primaryImageOfPage":{"@id":"https:\/\/www.fisan.com\/de\/shop\/deluxe-box-mit-3-verschiedenen-ag-wurstsorten\/#primaryimage"},"image":{"@id":"https:\/\/www.fisan.com\/de\/shop\/deluxe-box-mit-3-verschiedenen-ag-wurstsorten\/#primaryimage"},"thumbnailUrl":"https:\/\/www.fisan.com\/wp-content\/uploads\/2022\/10\/pack-deluxe-embutido-ag-3pe-00.jpg","datePublished":"2022-10-08T17:50:33+00:00","dateModified":"2023-11-12T23:00:15+00:00","breadcrumb":{"@id":"https:\/\/www.fisan.com\/de\/shop\/deluxe-box-mit-3-verschiedenen-ag-wurstsorten\/#breadcrumb"},"inLanguage":"de","potentialAction":[{"@type":"ReadAction","target":["https:\/\/www.fisan.com\/de\/shop\/deluxe-box-mit-3-verschiedenen-ag-wurstsorten\/"]}]},{"@type":"ImageObject","inLanguage":"de","@id":"https:\/\/www.fisan.com\/de\/shop\/deluxe-box-mit-3-verschiedenen-ag-wurstsorten\/#primaryimage","url":"https:\/\/www.fisan.com\/wp-content\/uploads\/2022\/10\/pack-deluxe-embutido-ag-3pe-00.jpg","contentUrl":"https:\/\/www.fisan.com\/wp-content\/uploads\/2022\/10\/pack-deluxe-embutido-ag-3pe-00.jpg","width":1200,"height":2400,"caption":"DELUXE-BOX MIT 3 VERSCHIEDENEN ALTA GASTRONOMIA WURSTSORTEN FISAN"},{"@type":"BreadcrumbList","@id":"https:\/\/www.fisan.com\/de\/shop\/deluxe-box-mit-3-verschiedenen-ag-wurstsorten\/#breadcrumb","itemListElement":[{"@type":"ListItem","position":1,"name":"FISAN","item":"https:\/\/www.fisan.com\/de\/"},{"@type":"ListItem","position":2,"name":"Produkte","item":"https:\/\/www.fisan.com\/de\/produkte\/"},{"@type":"ListItem","position":3,"name":"Deluxe-Box Mit 3 Verschiedenen Alta Gastronomia Wurstsorten"}]},{"@type":"WebSite","@id":"https:\/\/www.fisan.com\/de\/#website","url":"https:\/\/www.fisan.com\/de\/","name":"FISAN","description":"FISAN | Jamones de bellota ib\u00e9rico y embutidos ib\u00e9ricos desde 1920","potentialAction":[{"@type":"SearchAction","target":{"@type":"EntryPoint","urlTemplate":"https:\/\/www.fisan.com\/de\/?s={search_term_string}"},"query-input":{"@type":"PropertyValueSpecification","valueRequired":true,"valueName":"search_term_string"}}],"inLanguage":"de"}]},"product_price_currency":"EUR","og_availability":"out of stock","product_availability":"out of stock","product_retailer_item_id":"pa-3emAGEmix","product_condition":"new"},"_links":{"self":[{"href":"https:\/\/www.fisan.com\/de\/wp-json\/wp\/v2\/product\/33597","targetHints":{"allow":["GET"]}}],"collection":[{"href":"https:\/\/www.fisan.com\/de\/wp-json\/wp\/v2\/product"}],"about":[{"href":"https:\/\/www.fisan.com\/de\/wp-json\/wp\/v2\/types\/product"}],"version-history":[{"count":3,"href":"https:\/\/www.fisan.com\/de\/wp-json\/wp\/v2\/product\/33597\/revisions"}],"predecessor-version":[{"id":38337,"href":"https:\/\/www.fisan.com\/de\/wp-json\/wp\/v2\/product\/33597\/revisions\/38337"}],"wp:featuredmedia":[{"embeddable":true,"href":"https:\/\/www.fisan.com\/de\/wp-json\/wp\/v2\/media\/24582"}],"wp:attachment":[{"href":"https:\/\/www.fisan.com\/de\/wp-json\/wp\/v2\/media?parent=33597"}],"wp:term":[{"taxonomy":"product_brand","embeddable":true,"href":"https:\/\/www.fisan.com\/de\/wp-json\/wp\/v2\/product_brand?post=33597"},{"taxonomy":"product_cat","embeddable":true,"href":"https:\/\/www.fisan.com\/de\/wp-json\/wp\/v2\/product_cat?post=33597"},{"taxonomy":"product_tag","embeddable":true,"href":"https:\/\/www.fisan.com\/de\/wp-json\/wp\/v2\/product_tag?post=33597"},{"taxonomy":"gama","embeddable":true,"href":"https:\/\/www.fisan.com\/de\/wp-json\/wp\/v2\/gama?post=33597"},{"taxonomy":"calidad","embeddable":true,"href":"https:\/\/www.fisan.com\/de\/wp-json\/wp\/v2\/calidad?post=33597"}],"curies":[{"name":"wp","href":"https:\/\/api.w.org\/{rel}","templated":true}]}}