{"id":33765,"date":"2022-10-09T17:20:53","date_gmt":"2022-10-09T15:20:53","guid":{"rendered":"https:\/\/www.fisan.com\/producto\/bellota-iberico-pluma\/"},"modified":"2023-05-09T11:45:11","modified_gmt":"2023-05-09T09:45:11","slug":"iberico-bellota-pluma","status":"publish","type":"product","link":"https:\/\/www.fisan.com\/de\/shop\/bellota-iberico-pluma\/","title":{"rendered":"Iberico Bellota Pluma"},"content":{"rendered":"","protected":false},"excerpt":{"rendered":"<p><strong>Versandformat: 4 St\u00fcck pro Beutel, 0,200 kg\/St\u00fcck<\/strong><\/p>\n<p>FISAN Iberico Bellota Pluma (Feder), 100 % nat\u00fcrlich. Die Form dieses dreieckigen flachen Fleischst\u00fccks des iberischen Eichelschweins erinnert an eine Feder oder einen Fl\u00fcgel. Die ausgewogene Balance zwischen Fleisch und Fett macht dieses St\u00fcck sehr saftig und schmackhaft. Es befindet sich im oberen R\u00fccken vor dem Lendenst\u00fcck.   <\/p>\n","protected":false},"featured_media":47094,"template":"","meta":{"_acf_changed":false,"_wp_rev_ctl_limit":""},"product_brand":[],"product_cat":[370],"product_tag":[520],"gama":[1373],"calidad":[441],"class_list":{"0":"post-33765","1":"product","2":"type-product","3":"status-publish","4":"has-post-thumbnail","6":"product_cat-5-fleisch","7":"product_tag-st","8":"product_shipping_class-carnes-de","9":"gama-sabor-tradicional-de-2","10":"calidad-1-bellota-iberico-de","12":"first","13":"instock","14":"taxable","15":"shipping-taxable","16":"purchasable","17":"product-type-variable","18":"has-default-attributes"},"acf":[],"yoast_head":"<!-- This site is optimized with the Yoast SEO plugin v25.4 - https:\/\/yoast.com\/wordpress\/plugins\/seo\/ -->\n<title>Iberico Bellota Pluma | FISAN<\/title>\n<meta name=\"robots\" content=\"index, follow, max-snippet:-1, max-image-preview:large, max-video-preview:-1\" \/>\n<link rel=\"canonical\" href=\"https:\/\/www.fisan.com\/de\/shop\/bellota-iberico-pluma\/\" \/>\n<meta property=\"og:locale\" content=\"de_DE\" \/>\n<meta property=\"og:type\" content=\"article\" \/>\n<meta property=\"og:title\" content=\"Iberico Bellota Pluma | FISAN\" \/>\n<meta property=\"og:description\" content=\"Versandformat: 4 St\u00fcck pro Beutel, 0,200 kg\/St\u00fcck FISAN Iberico Bellota Pluma (Feder), 100 % nat\u00fcrlich. Die Form dieses dreieckigen flachen Fleischst\u00fccks des iberischen Eichelschweins erinnert an eine Feder oder einen Fl\u00fcgel. Die ausgewogene Balance zwischen Fleisch und Fett macht dieses St\u00fcck sehr saftig und schmackhaft. Es befindet sich im oberen R\u00fccken vor dem Lendenst\u00fcck.\" \/>\n<meta property=\"og:url\" content=\"https:\/\/www.fisan.com\/de\/shop\/bellota-iberico-pluma\/\" \/>\n<meta property=\"og:site_name\" content=\"FISAN\" \/>\n<meta property=\"article:modified_time\" content=\"2023-05-09T09:45:11+00:00\" \/>\n<meta property=\"og:image\" content=\"https:\/\/www.fisan.com\/wp-content\/uploads\/2022\/10\/pluma-bellota-iberico-pe-00.jpg\" \/>\n\t<meta property=\"og:image:width\" content=\"1200\" \/>\n\t<meta property=\"og:image:height\" content=\"2400\" \/>\n\t<meta property=\"og:image:type\" content=\"image\/jpeg\" \/>\n<meta name=\"twitter:card\" content=\"summary_large_image\" \/>\n<meta name=\"twitter:label1\" content=\"Verf\u00fcgbarkeit\" \/>\n\t<meta name=\"twitter:data1\" content=\"Auf Lager\" \/>\n<script type=\"application\/ld+json\" class=\"yoast-schema-graph\">{\n\t    \"@context\": \"https:\/\/schema.org\",\n\t    \"@graph\": [\n\t        {\n\t            \"@type\": \"WebPage\",\n\t            \"@id\": \"https:\/\/www.fisan.com\/de\/shop\/bellota-iberico-pluma\/\",\n\t            \"url\": \"https:\/\/www.fisan.com\/de\/shop\/bellota-iberico-pluma\/\",\n\t            \"name\": \"Iberico Bellota Pluma | FISAN\",\n\t            \"isPartOf\": {\n\t                \"@id\": \"https:\/\/www.fisan.com\/de\/#website\"\n\t            },\n\t            \"primaryImageOfPage\": {\n\t                \"@id\": \"https:\/\/www.fisan.com\/de\/shop\/bellota-iberico-pluma\/#primaryimage\"\n\t            },\n\t            \"image\": {\n\t                \"@id\": \"https:\/\/www.fisan.com\/de\/shop\/bellota-iberico-pluma\/#primaryimage\"\n\t            },\n\t            \"thumbnailUrl\": \"https:\/\/www.fisan.com\/wp-content\/uploads\/2022\/10\/pluma-bellota-iberico-pe-00-1.jpg\",\n\t            \"datePublished\": \"2022-10-09T15:20:53+00:00\",\n\t            \"dateModified\": \"2023-05-09T09:45:11+00:00\",\n\t            \"breadcrumb\": {\n\t                \"@id\": \"https:\/\/www.fisan.com\/de\/shop\/bellota-iberico-pluma\/#breadcrumb\"\n\t            },\n\t            \"inLanguage\": \"de\",\n\t            \"potentialAction\": [\n\t                {\n\t                    \"@type\": \"ReadAction\",\n\t                    \"target\": [\n\t                        \"https:\/\/www.fisan.com\/de\/shop\/bellota-iberico-pluma\/\"\n\t                    ]\n\t                }\n\t            ]\n\t        },\n\t        {\n\t            \"@type\": \"ImageObject\",\n\t            \"inLanguage\": \"de\",\n\t            \"@id\": \"https:\/\/www.fisan.com\/de\/shop\/bellota-iberico-pluma\/#primaryimage\",\n\t            \"url\": \"https:\/\/www.fisan.com\/wp-content\/uploads\/2022\/10\/pluma-bellota-iberico-pe-00-1.jpg\",\n\t            \"contentUrl\": \"https:\/\/www.fisan.com\/wp-content\/uploads\/2022\/10\/pluma-bellota-iberico-pe-00-1.jpg\",\n\t            \"width\": 1200,\n\t            \"height\": 2400,\n\t            \"caption\": \"PLUMA BELLOTA\"\n\t        },\n\t        {\n\t            \"@type\": \"BreadcrumbList\",\n\t            \"@id\": \"https:\/\/www.fisan.com\/de\/shop\/bellota-iberico-pluma\/#breadcrumb\",\n\t            \"itemListElement\": [\n\t                {\n\t                    \"@type\": \"ListItem\",\n\t                    \"position\": 1,\n\t                    \"name\": \"FISAN\",\n\t                    \"item\": \"https:\/\/www.fisan.com\/de\/\"\n\t                },\n\t                {\n\t                    \"@type\": \"ListItem\",\n\t                    \"position\": 2,\n\t                    \"name\": \"Produkte\",\n\t                    \"item\": \"https:\/\/www.fisan.com\/de\/produkte\/\"\n\t                },\n\t                {\n\t                    \"@type\": \"ListItem\",\n\t                    \"position\": 3,\n\t                    \"name\": \"Iberico Bellota Pluma\"\n\t                }\n\t            ]\n\t        },\n\t        {\n\t            \"@type\": \"WebSite\",\n\t            \"@id\": \"https:\/\/www.fisan.com\/de\/#website\",\n\t            \"url\": \"https:\/\/www.fisan.com\/de\/\",\n\t            \"name\": \"FISAN\",\n\t            \"description\": \"FISAN | Jamones de bellota ib\u00e9rico y embutidos ib\u00e9ricos desde 1920\",\n\t            \"potentialAction\": [\n\t                {\n\t                    \"@type\": \"SearchAction\",\n\t                    \"target\": {\n\t                        \"@type\": \"EntryPoint\",\n\t                        \"urlTemplate\": \"https:\/\/www.fisan.com\/de\/?s={search_term_string}\"\n\t                    },\n\t                    \"query-input\": {\n\t                        \"@type\": \"PropertyValueSpecification\",\n\t                        \"valueRequired\": true,\n\t                        \"valueName\": \"search_term_string\"\n\t                    }\n\t                }\n\t            ],\n\t            \"inLanguage\": \"de\"\n\t        }\n\t    ]\n\t}<\/script>\n<meta property=\"og:availability\" content=\"instock\" \/>\n<meta property=\"product:availability\" content=\"instock\" \/>\n<meta property=\"product:retailer_item_id\" content=\"ca-plbi\" \/>\n<meta property=\"product:condition\" content=\"new\" \/>\n<!-- \/ Yoast SEO plugin. -->","yoast_head_json":{"title":"Iberico Bellota Pluma | FISAN","robots":{"index":"index","follow":"follow","max-snippet":"max-snippet:-1","max-image-preview":"max-image-preview:large","max-video-preview":"max-video-preview:-1"},"canonical":"https:\/\/www.fisan.com\/de\/shop\/bellota-iberico-pluma\/","og_locale":"de_DE","og_type":"article","og_title":"Iberico Bellota Pluma | FISAN","og_description":"Versandformat: 4 St\u00fcck pro Beutel, 0,200 kg\/St\u00fcck FISAN Iberico Bellota Pluma (Feder), 100 % nat\u00fcrlich. Die Form dieses dreieckigen flachen Fleischst\u00fccks des iberischen Eichelschweins erinnert an eine Feder oder einen Fl\u00fcgel. Die ausgewogene Balance zwischen Fleisch und Fett macht dieses St\u00fcck sehr saftig und schmackhaft. Es befindet sich im oberen R\u00fccken vor dem Lendenst\u00fcck.","og_url":"https:\/\/www.fisan.com\/de\/shop\/bellota-iberico-pluma\/","og_site_name":"FISAN","article_modified_time":"2023-05-09T09:45:11+00:00","og_image":[{"width":1200,"height":2400,"url":"https:\/\/www.fisan.com\/wp-content\/uploads\/2022\/10\/pluma-bellota-iberico-pe-00.jpg","type":"image\/jpeg"}],"twitter_card":"summary_large_image","twitter_misc":{"Verf\u00fcgbarkeit":"Auf Lager"},"schema":{"@context":"https:\/\/schema.org","@graph":[{"@type":"WebPage","@id":"https:\/\/www.fisan.com\/de\/shop\/bellota-iberico-pluma\/","url":"https:\/\/www.fisan.com\/de\/shop\/bellota-iberico-pluma\/","name":"Iberico Bellota Pluma | FISAN","isPartOf":{"@id":"https:\/\/www.fisan.com\/de\/#website"},"primaryImageOfPage":{"@id":"https:\/\/www.fisan.com\/de\/shop\/bellota-iberico-pluma\/#primaryimage"},"image":{"@id":"https:\/\/www.fisan.com\/de\/shop\/bellota-iberico-pluma\/#primaryimage"},"thumbnailUrl":"https:\/\/www.fisan.com\/wp-content\/uploads\/2022\/10\/pluma-bellota-iberico-pe-00-1.jpg","datePublished":"2022-10-09T15:20:53+00:00","dateModified":"2023-05-09T09:45:11+00:00","breadcrumb":{"@id":"https:\/\/www.fisan.com\/de\/shop\/bellota-iberico-pluma\/#breadcrumb"},"inLanguage":"de","potentialAction":[{"@type":"ReadAction","target":["https:\/\/www.fisan.com\/de\/shop\/bellota-iberico-pluma\/"]}]},{"@type":"ImageObject","inLanguage":"de","@id":"https:\/\/www.fisan.com\/de\/shop\/bellota-iberico-pluma\/#primaryimage","url":"https:\/\/www.fisan.com\/wp-content\/uploads\/2022\/10\/pluma-bellota-iberico-pe-00-1.jpg","contentUrl":"https:\/\/www.fisan.com\/wp-content\/uploads\/2022\/10\/pluma-bellota-iberico-pe-00-1.jpg","width":1200,"height":2400,"caption":"PLUMA BELLOTA"},{"@type":"BreadcrumbList","@id":"https:\/\/www.fisan.com\/de\/shop\/bellota-iberico-pluma\/#breadcrumb","itemListElement":[{"@type":"ListItem","position":1,"name":"FISAN","item":"https:\/\/www.fisan.com\/de\/"},{"@type":"ListItem","position":2,"name":"Produkte","item":"https:\/\/www.fisan.com\/de\/produkte\/"},{"@type":"ListItem","position":3,"name":"Iberico Bellota Pluma"}]},{"@type":"WebSite","@id":"https:\/\/www.fisan.com\/de\/#website","url":"https:\/\/www.fisan.com\/de\/","name":"FISAN","description":"FISAN | Jamones de bellota ib\u00e9rico y embutidos ib\u00e9ricos desde 1920","potentialAction":[{"@type":"SearchAction","target":{"@type":"EntryPoint","urlTemplate":"https:\/\/www.fisan.com\/de\/?s={search_term_string}"},"query-input":{"@type":"PropertyValueSpecification","valueRequired":true,"valueName":"search_term_string"}}],"inLanguage":"de"}]},"og_availability":"instock","product_availability":"instock","product_retailer_item_id":"ca-plbi","product_condition":"new"},"_links":{"self":[{"href":"https:\/\/www.fisan.com\/de\/wp-json\/wp\/v2\/product\/33765","targetHints":{"allow":["GET"]}}],"collection":[{"href":"https:\/\/www.fisan.com\/de\/wp-json\/wp\/v2\/product"}],"about":[{"href":"https:\/\/www.fisan.com\/de\/wp-json\/wp\/v2\/types\/product"}],"version-history":[{"count":2,"href":"https:\/\/www.fisan.com\/de\/wp-json\/wp\/v2\/product\/33765\/revisions"}],"predecessor-version":[{"id":38270,"href":"https:\/\/www.fisan.com\/de\/wp-json\/wp\/v2\/product\/33765\/revisions\/38270"}],"wp:featuredmedia":[{"embeddable":true,"href":"https:\/\/www.fisan.com\/de\/wp-json\/wp\/v2\/media\/47094"}],"wp:attachment":[{"href":"https:\/\/www.fisan.com\/de\/wp-json\/wp\/v2\/media?parent=33765"}],"wp:term":[{"taxonomy":"product_brand","embeddable":true,"href":"https:\/\/www.fisan.com\/de\/wp-json\/wp\/v2\/product_brand?post=33765"},{"taxonomy":"product_cat","embeddable":true,"href":"https:\/\/www.fisan.com\/de\/wp-json\/wp\/v2\/product_cat?post=33765"},{"taxonomy":"product_tag","embeddable":true,"href":"https:\/\/www.fisan.com\/de\/wp-json\/wp\/v2\/product_tag?post=33765"},{"taxonomy":"gama","embeddable":true,"href":"https:\/\/www.fisan.com\/de\/wp-json\/wp\/v2\/gama?post=33765"},{"taxonomy":"calidad","embeddable":true,"href":"https:\/\/www.fisan.com\/de\/wp-json\/wp\/v2\/calidad?post=33765"}],"curies":[{"name":"wp","href":"https:\/\/api.w.org\/{rel}","templated":true}]}}