{"id":33932,"date":"2022-10-10T13:35:22","date_gmt":"2022-10-10T11:35:22","guid":{"rendered":"https:\/\/www.fisan.com\/producto\/iberico-salchichon-vela\/"},"modified":"2025-05-30T13:44:27","modified_gmt":"2025-05-30T11:44:27","slug":"iberico-vela-salchichon","status":"publish","type":"product","link":"https:\/\/www.fisan.com\/de\/shop\/iberico-salchichon-vela\/","title":{"rendered":"Iberico Vela Salchichon 100 % Nat\u00fcrlich"},"content":{"rendered":"","protected":false},"excerpt":{"rendered":"<p>Die Iberico Vela Salchichon 100 % Nat\u00fcrlich von FISAN zeichnet sich durch ihre perfekte Ausgewogenheit zwischen der Frische des iberischen Schweinefleischs, das niemals eingefroren wird, und dem Geschmack seiner Gew\u00fcrze aus, die einen angenehme pfeffrigen Note hinterlassen. Diese Ib\u00e9rico Wurst ist in unseren nat\u00fcrlichen Trockenr\u00e4umen gereift und ist voller Aroma und Geschmack.<\/p>\n","protected":false},"featured_media":25058,"template":"","meta":{"_acf_changed":false,"_wp_rev_ctl_limit":""},"product_brand":[],"product_cat":[350],"product_tag":[520],"gama":[1373],"calidad":[516],"class_list":{"0":"post-33932","1":"product","2":"type-product","3":"status-publish","4":"has-post-thumbnail","6":"product_cat-4-wurstchen","7":"product_tag-st","8":"gama-sabor-tradicional-de-2","9":"calidad-4-iberico-de","11":"first","12":"instock","13":"taxable","14":"shipping-taxable","15":"purchasable","16":"product-type-variable","17":"has-default-attributes"},"acf":[],"yoast_head":"<!-- This site is optimized with the Yoast SEO plugin v25.4 - https:\/\/yoast.com\/wordpress\/plugins\/seo\/ -->\n<title>Iberico Vela Salchichon 100 % Nat\u00fcrlich | FISAN<\/title>\n<meta name=\"robots\" content=\"index, follow, max-snippet:-1, max-image-preview:large, max-video-preview:-1\" \/>\n<link rel=\"canonical\" href=\"https:\/\/www.fisan.com\/de\/shop\/iberico-salchichon-vela\/\" \/>\n<meta property=\"og:locale\" content=\"de_DE\" \/>\n<meta property=\"og:type\" content=\"article\" \/>\n<meta property=\"og:title\" content=\"Iberico Vela Salchichon 100 % Nat\u00fcrlich | FISAN\" \/>\n<meta property=\"og:description\" content=\"Die Iberico Vela Salchichon 100 % Nat\u00fcrlich von FISAN zeichnet sich durch ihre perfekte Ausgewogenheit zwischen der Frische des iberischen Schweinefleischs, das niemals eingefroren wird, und dem Geschmack seiner Gew\u00fcrze aus, die einen angenehme pfeffrigen Note hinterlassen. Diese Ib\u00e9rico Wurst ist in unseren nat\u00fcrlichen Trockenr\u00e4umen gereift und ist voller Aroma und Geschmack.\" \/>\n<meta property=\"og:url\" content=\"https:\/\/www.fisan.com\/de\/shop\/iberico-salchichon-vela\/\" \/>\n<meta property=\"og:site_name\" content=\"FISAN\" \/>\n<meta property=\"article:modified_time\" content=\"2025-05-30T11:44:27+00:00\" \/>\n<meta property=\"og:image\" content=\"https:\/\/www.fisan.com\/wp-content\/uploads\/2022\/10\/salchichon-vela-iberico-st-pe-00.jpg\" \/>\n\t<meta property=\"og:image:width\" content=\"1200\" \/>\n\t<meta property=\"og:image:height\" content=\"2400\" \/>\n\t<meta property=\"og:image:type\" content=\"image\/jpeg\" \/>\n<meta name=\"twitter:card\" content=\"summary_large_image\" \/>\n<meta name=\"twitter:label1\" content=\"Verf\u00fcgbarkeit\" \/>\n\t<meta name=\"twitter:data1\" content=\"Auf Lager\" \/>\n<script type=\"application\/ld+json\" class=\"yoast-schema-graph\">{\n\t    \"@context\": \"https:\/\/schema.org\",\n\t    \"@graph\": [\n\t        {\n\t            \"@type\": \"WebPage\",\n\t            \"@id\": \"https:\/\/www.fisan.com\/de\/shop\/iberico-salchichon-vela\/\",\n\t            \"url\": \"https:\/\/www.fisan.com\/de\/shop\/iberico-salchichon-vela\/\",\n\t            \"name\": \"Iberico Vela Salchichon 100 % Nat\u00fcrlich | FISAN\",\n\t            \"isPartOf\": {\n\t                \"@id\": \"https:\/\/www.fisan.com\/de\/#website\"\n\t            },\n\t            \"primaryImageOfPage\": {\n\t                \"@id\": \"https:\/\/www.fisan.com\/de\/shop\/iberico-salchichon-vela\/#primaryimage\"\n\t            },\n\t            \"image\": {\n\t                \"@id\": \"https:\/\/www.fisan.com\/de\/shop\/iberico-salchichon-vela\/#primaryimage\"\n\t            },\n\t            \"thumbnailUrl\": \"https:\/\/www.fisan.com\/wp-content\/uploads\/2022\/10\/salchichon-vela-iberico-st-pe-00.jpg\",\n\t            \"datePublished\": \"2022-10-10T11:35:22+00:00\",\n\t            \"dateModified\": \"2025-05-30T11:44:27+00:00\",\n\t            \"breadcrumb\": {\n\t                \"@id\": \"https:\/\/www.fisan.com\/de\/shop\/iberico-salchichon-vela\/#breadcrumb\"\n\t            },\n\t            \"inLanguage\": \"de\",\n\t            \"potentialAction\": [\n\t                {\n\t                    \"@type\": \"ReadAction\",\n\t                    \"target\": [\n\t                        \"https:\/\/www.fisan.com\/de\/shop\/iberico-salchichon-vela\/\"\n\t                    ]\n\t                }\n\t            ]\n\t        },\n\t        {\n\t            \"@type\": \"ImageObject\",\n\t            \"inLanguage\": \"de\",\n\t            \"@id\": \"https:\/\/www.fisan.com\/de\/shop\/iberico-salchichon-vela\/#primaryimage\",\n\t            \"url\": \"https:\/\/www.fisan.com\/wp-content\/uploads\/2022\/10\/salchichon-vela-iberico-st-pe-00.jpg\",\n\t            \"contentUrl\": \"https:\/\/www.fisan.com\/wp-content\/uploads\/2022\/10\/salchichon-vela-iberico-st-pe-00.jpg\",\n\t            \"width\": 1200,\n\t            \"height\": 2400,\n\t            \"caption\": \"SALCHICH\u00d3N VELA IBERICO FISAN\"\n\t        },\n\t        {\n\t            \"@type\": \"BreadcrumbList\",\n\t            \"@id\": \"https:\/\/www.fisan.com\/de\/shop\/iberico-salchichon-vela\/#breadcrumb\",\n\t            \"itemListElement\": [\n\t                {\n\t                    \"@type\": \"ListItem\",\n\t                    \"position\": 1,\n\t                    \"name\": \"FISAN\",\n\t                    \"item\": \"https:\/\/www.fisan.com\/de\/\"\n\t                },\n\t                {\n\t                    \"@type\": \"ListItem\",\n\t                    \"position\": 2,\n\t                    \"name\": \"Produkte\",\n\t                    \"item\": \"https:\/\/www.fisan.com\/de\/produkte\/\"\n\t                },\n\t                {\n\t                    \"@type\": \"ListItem\",\n\t                    \"position\": 3,\n\t                    \"name\": \"Iberico Vela Salchichon 100 % Nat\u00fcrlich\"\n\t                }\n\t            ]\n\t        },\n\t        {\n\t            \"@type\": \"WebSite\",\n\t            \"@id\": \"https:\/\/www.fisan.com\/de\/#website\",\n\t            \"url\": \"https:\/\/www.fisan.com\/de\/\",\n\t            \"name\": \"FISAN\",\n\t            \"description\": \"FISAN | Jamones de bellota ib\u00e9rico y embutidos ib\u00e9ricos desde 1920\",\n\t            \"potentialAction\": [\n\t                {\n\t                    \"@type\": \"SearchAction\",\n\t                    \"target\": {\n\t                        \"@type\": \"EntryPoint\",\n\t                        \"urlTemplate\": \"https:\/\/www.fisan.com\/de\/?s={search_term_string}\"\n\t                    },\n\t                    \"query-input\": {\n\t                        \"@type\": \"PropertyValueSpecification\",\n\t                        \"valueRequired\": true,\n\t                        \"valueName\": \"search_term_string\"\n\t                    }\n\t                }\n\t            ],\n\t            \"inLanguage\": \"de\"\n\t        }\n\t    ]\n\t}<\/script>\n<meta property=\"og:availability\" content=\"instock\" \/>\n<meta property=\"product:availability\" content=\"instock\" \/>\n<meta property=\"product:retailer_item_id\" content=\"s-iv50\" \/>\n<meta property=\"product:condition\" content=\"new\" \/>\n<!-- \/ Yoast SEO plugin. -->","yoast_head_json":{"title":"Iberico Vela Salchichon 100 % Nat\u00fcrlich | FISAN","robots":{"index":"index","follow":"follow","max-snippet":"max-snippet:-1","max-image-preview":"max-image-preview:large","max-video-preview":"max-video-preview:-1"},"canonical":"https:\/\/www.fisan.com\/de\/shop\/iberico-salchichon-vela\/","og_locale":"de_DE","og_type":"article","og_title":"Iberico Vela Salchichon 100 % Nat\u00fcrlich | FISAN","og_description":"Die Iberico Vela Salchichon 100 % Nat\u00fcrlich von FISAN zeichnet sich durch ihre perfekte Ausgewogenheit zwischen der Frische des iberischen Schweinefleischs, das niemals eingefroren wird, und dem Geschmack seiner Gew\u00fcrze aus, die einen angenehme pfeffrigen Note hinterlassen. Diese Ib\u00e9rico Wurst ist in unseren nat\u00fcrlichen Trockenr\u00e4umen gereift und ist voller Aroma und Geschmack.","og_url":"https:\/\/www.fisan.com\/de\/shop\/iberico-salchichon-vela\/","og_site_name":"FISAN","article_modified_time":"2025-05-30T11:44:27+00:00","og_image":[{"width":1200,"height":2400,"url":"https:\/\/www.fisan.com\/wp-content\/uploads\/2022\/10\/salchichon-vela-iberico-st-pe-00.jpg","type":"image\/jpeg"}],"twitter_card":"summary_large_image","twitter_misc":{"Verf\u00fcgbarkeit":"Auf Lager"},"schema":{"@context":"https:\/\/schema.org","@graph":[{"@type":"WebPage","@id":"https:\/\/www.fisan.com\/de\/shop\/iberico-salchichon-vela\/","url":"https:\/\/www.fisan.com\/de\/shop\/iberico-salchichon-vela\/","name":"Iberico Vela Salchichon 100 % Nat\u00fcrlich | FISAN","isPartOf":{"@id":"https:\/\/www.fisan.com\/de\/#website"},"primaryImageOfPage":{"@id":"https:\/\/www.fisan.com\/de\/shop\/iberico-salchichon-vela\/#primaryimage"},"image":{"@id":"https:\/\/www.fisan.com\/de\/shop\/iberico-salchichon-vela\/#primaryimage"},"thumbnailUrl":"https:\/\/www.fisan.com\/wp-content\/uploads\/2022\/10\/salchichon-vela-iberico-st-pe-00.jpg","datePublished":"2022-10-10T11:35:22+00:00","dateModified":"2025-05-30T11:44:27+00:00","breadcrumb":{"@id":"https:\/\/www.fisan.com\/de\/shop\/iberico-salchichon-vela\/#breadcrumb"},"inLanguage":"de","potentialAction":[{"@type":"ReadAction","target":["https:\/\/www.fisan.com\/de\/shop\/iberico-salchichon-vela\/"]}]},{"@type":"ImageObject","inLanguage":"de","@id":"https:\/\/www.fisan.com\/de\/shop\/iberico-salchichon-vela\/#primaryimage","url":"https:\/\/www.fisan.com\/wp-content\/uploads\/2022\/10\/salchichon-vela-iberico-st-pe-00.jpg","contentUrl":"https:\/\/www.fisan.com\/wp-content\/uploads\/2022\/10\/salchichon-vela-iberico-st-pe-00.jpg","width":1200,"height":2400,"caption":"SALCHICH\u00d3N VELA IBERICO FISAN"},{"@type":"BreadcrumbList","@id":"https:\/\/www.fisan.com\/de\/shop\/iberico-salchichon-vela\/#breadcrumb","itemListElement":[{"@type":"ListItem","position":1,"name":"FISAN","item":"https:\/\/www.fisan.com\/de\/"},{"@type":"ListItem","position":2,"name":"Produkte","item":"https:\/\/www.fisan.com\/de\/produkte\/"},{"@type":"ListItem","position":3,"name":"Iberico Vela Salchichon 100 % Nat\u00fcrlich"}]},{"@type":"WebSite","@id":"https:\/\/www.fisan.com\/de\/#website","url":"https:\/\/www.fisan.com\/de\/","name":"FISAN","description":"FISAN | Jamones de bellota ib\u00e9rico y embutidos ib\u00e9ricos desde 1920","potentialAction":[{"@type":"SearchAction","target":{"@type":"EntryPoint","urlTemplate":"https:\/\/www.fisan.com\/de\/?s={search_term_string}"},"query-input":{"@type":"PropertyValueSpecification","valueRequired":true,"valueName":"search_term_string"}}],"inLanguage":"de"}]},"og_availability":"instock","product_availability":"instock","product_retailer_item_id":"s-iv50","product_condition":"new"},"_links":{"self":[{"href":"https:\/\/www.fisan.com\/de\/wp-json\/wp\/v2\/product\/33932","targetHints":{"allow":["GET"]}}],"collection":[{"href":"https:\/\/www.fisan.com\/de\/wp-json\/wp\/v2\/product"}],"about":[{"href":"https:\/\/www.fisan.com\/de\/wp-json\/wp\/v2\/types\/product"}],"version-history":[{"count":7,"href":"https:\/\/www.fisan.com\/de\/wp-json\/wp\/v2\/product\/33932\/revisions"}],"predecessor-version":[{"id":55958,"href":"https:\/\/www.fisan.com\/de\/wp-json\/wp\/v2\/product\/33932\/revisions\/55958"}],"wp:featuredmedia":[{"embeddable":true,"href":"https:\/\/www.fisan.com\/de\/wp-json\/wp\/v2\/media\/25058"}],"wp:attachment":[{"href":"https:\/\/www.fisan.com\/de\/wp-json\/wp\/v2\/media?parent=33932"}],"wp:term":[{"taxonomy":"product_brand","embeddable":true,"href":"https:\/\/www.fisan.com\/de\/wp-json\/wp\/v2\/product_brand?post=33932"},{"taxonomy":"product_cat","embeddable":true,"href":"https:\/\/www.fisan.com\/de\/wp-json\/wp\/v2\/product_cat?post=33932"},{"taxonomy":"product_tag","embeddable":true,"href":"https:\/\/www.fisan.com\/de\/wp-json\/wp\/v2\/product_tag?post=33932"},{"taxonomy":"gama","embeddable":true,"href":"https:\/\/www.fisan.com\/de\/wp-json\/wp\/v2\/gama?post=33932"},{"taxonomy":"calidad","embeddable":true,"href":"https:\/\/www.fisan.com\/de\/wp-json\/wp\/v2\/calidad?post=33932"}],"curies":[{"name":"wp","href":"https:\/\/api.w.org\/{rel}","templated":true}]}}