{"id":34040,"date":"2022-11-17T17:46:52","date_gmt":"2022-11-17T16:46:52","guid":{"rendered":"https:\/\/www.fisan.com\/producto\/100-bellota-iberico-schinken-von-hand-geschnitten\/"},"modified":"2024-10-15T15:44:40","modified_gmt":"2024-10-15T13:44:40","slug":"100-bellota-iberico-schinken-von-hand-geschnitten","status":"publish","type":"product","link":"https:\/\/www.fisan.com\/de\/shop\/100-bellota-iberico-schinken-von-hand-geschnitten\/","title":{"rendered":"100% Bellota Ib\u00e9rico Schinken Alta Gastronomia Von Hand geschnitten"},"content":{"rendered":"<p>Unser Schneidermeister bereitet f\u00fcr Sie die einfachste Art und Weise vor, den besten 100% Bellota Ib\u00e9rico Schinken von FISAN zu genie\u00dfen: mit dem Messer von Hand geschnitten.<\/p>\n<p>&nbsp;<\/p>\n<p>Fisan bietet Ihnen die M\u00f6glichkeit, sich Ihren Pata Negra-Schinken nach Hause liefern zu lassen, handgeschnitten in <strong>30 P\u00e4ckchen von 100 g<\/strong>, damit Sie ihn auf die einfachste und bequemste Art genie\u00dfen k\u00f6nnen.<\/p>\n<p>&nbsp;<\/p>\n<p>Eines der Kronjuwelen von FISAN in einem praktischen Format, damit Sie die au\u00dfergew\u00f6hnlichen Nuancen genie\u00dfen k\u00f6nnen, die der 100% Bellota Ib\u00e9rico Schinken Alta Gastronom\u00eda dem Gaumen bietet \u2013 zu jeder Zeit und an jedem Ort.<\/p>\n<p>&nbsp;<\/p>\n<p>Sein Geheimnis: die Auswahl der besten reinrassigen iberischen Schweine am Ursprungsort, die Geduld und die Lagerung in unseren nat\u00fcrlichen Kellern in Guijuelo. Das Ergebnis ist der beste Pata Negra-Schinken, den Sie jemals probiert haben. Nur au\u00dfergew\u00f6hnliche St\u00fccke werden als Alta Gastronom\u00eda eingestuft.<\/p>\n","protected":false},"excerpt":{"rendered":"<p>Unser Schneidermeister bereitet f\u00fcr Sie die einfachste Art und Weise vor, den besten 100% Bellota Ib\u00e9rico Schinken von FISAN zu genie\u00dfen: mit dem Messer von Hand geschnitten. &nbsp; Fisan bietet Ihnen die M\u00f6glichkeit, sich Ihren Pata Negra-Schinken nach Hause liefern zu lassen, handgeschnitten in 30 P\u00e4ckchen von 100 g, damit Sie ihn auf die einfachste &#8230; <a title=\"100% Bellota Ib\u00e9rico Schinken Alta Gastronomia Von Hand geschnitten\" class=\"read-more\" href=\"https:\/\/www.fisan.com\/de\/shop\/100-bellota-iberico-schinken-von-hand-geschnitten\/\" aria-label=\"Mehr Informationen \u00fcber 100% Bellota Ib\u00e9rico Schinken Alta Gastronomia Von Hand geschnitten\">Weiterlesen<\/a><\/p>\n","protected":false},"featured_media":24418,"template":"","meta":{"_acf_changed":false,"_wp_rev_ctl_limit":""},"product_brand":[],"product_cat":[718,305,382],"product_tag":[306],"gama":[436],"calidad":[441],"class_list":{"0":"post-34040","1":"product","2":"type-product","3":"status-publish","4":"has-post-thumbnail","6":"product_cat-produkte-schinken","7":"product_cat-produkte-iberico-schinken","8":"product_cat-8-von-hand-geschnitten-in-scheiben","9":"product_tag-ag","10":"gama-alta-gastronomia-de","11":"calidad-1-bellota-iberico-de","13":"first","14":"instock","15":"taxable","16":"shipping-taxable","17":"purchasable","18":"product-type-variable","19":"has-default-attributes"},"acf":[],"yoast_head":"<!-- This site is optimized with the Yoast SEO plugin v25.4 - https:\/\/yoast.com\/wordpress\/plugins\/seo\/ -->\n<title>100% Bellota Ib\u00e9rico Schinken Alta Gastronomia Von Hand geschnitten | FISAN<\/title>\n<meta name=\"description\" content=\"100% Bellota Ib\u00e9rico Schinken Von Hand geschnitten FISAN.\" \/>\n<meta name=\"robots\" content=\"index, follow, max-snippet:-1, max-image-preview:large, max-video-preview:-1\" \/>\n<link rel=\"canonical\" href=\"https:\/\/www.fisan.com\/de\/shop\/100-bellota-iberico-schinken-von-hand-geschnitten\/\" \/>\n<meta property=\"og:locale\" content=\"de_DE\" \/>\n<meta property=\"og:type\" content=\"article\" \/>\n<meta property=\"og:title\" content=\"100% Bellota Ib\u00e9rico Schinken Alta Gastronomia Von Hand geschnitten | FISAN\" \/>\n<meta property=\"og:description\" content=\"100% Bellota Ib\u00e9rico Schinken Von Hand geschnitten FISAN.\" \/>\n<meta property=\"og:url\" content=\"https:\/\/www.fisan.com\/de\/shop\/100-bellota-iberico-schinken-von-hand-geschnitten\/\" \/>\n<meta property=\"og:site_name\" content=\"FISAN\" \/>\n<meta property=\"article:modified_time\" content=\"2024-10-15T13:44:40+00:00\" \/>\n<meta property=\"og:image\" content=\"https:\/\/www.fisan.com\/wp-content\/uploads\/2022\/10\/jamon-bellota-iberico-100-ag-cm-00.jpg\" \/>\n\t<meta property=\"og:image:width\" content=\"1200\" \/>\n\t<meta property=\"og:image:height\" content=\"2400\" \/>\n\t<meta property=\"og:image:type\" content=\"image\/jpeg\" \/>\n<meta name=\"twitter:card\" content=\"summary_large_image\" \/>\n<meta name=\"twitter:label1\" content=\"Verf\u00fcgbarkeit\" \/>\n\t<meta name=\"twitter:data1\" content=\"Auf Lager\" \/>\n<script type=\"application\/ld+json\" class=\"yoast-schema-graph\">{\n\t    \"@context\": \"https:\/\/schema.org\",\n\t    \"@graph\": [\n\t        {\n\t            \"@type\": \"WebPage\",\n\t            \"@id\": \"https:\/\/www.fisan.com\/de\/shop\/100-bellota-iberico-schinken-von-hand-geschnitten\/\",\n\t            \"url\": \"https:\/\/www.fisan.com\/de\/shop\/100-bellota-iberico-schinken-von-hand-geschnitten\/\",\n\t            \"name\": \"100% Bellota Ib\u00e9rico Schinken Alta Gastronomia Von Hand geschnitten | FISAN\",\n\t            \"isPartOf\": {\n\t                \"@id\": \"https:\/\/www.fisan.com\/de\/#website\"\n\t            },\n\t            \"primaryImageOfPage\": {\n\t                \"@id\": \"https:\/\/www.fisan.com\/de\/shop\/100-bellota-iberico-schinken-von-hand-geschnitten\/#primaryimage\"\n\t            },\n\t            \"image\": {\n\t                \"@id\": \"https:\/\/www.fisan.com\/de\/shop\/100-bellota-iberico-schinken-von-hand-geschnitten\/#primaryimage\"\n\t            },\n\t            \"thumbnailUrl\": \"https:\/\/www.fisan.com\/wp-content\/uploads\/2022\/10\/jamon-bellota-iberico-100-ag-cm-00.jpg\",\n\t            \"datePublished\": \"2022-11-17T16:46:52+00:00\",\n\t            \"dateModified\": \"2024-10-15T13:44:40+00:00\",\n\t            \"description\": \"100% Bellota Ib\u00e9rico Schinken Von Hand geschnitten FISAN.\",\n\t            \"breadcrumb\": {\n\t                \"@id\": \"https:\/\/www.fisan.com\/de\/shop\/100-bellota-iberico-schinken-von-hand-geschnitten\/#breadcrumb\"\n\t            },\n\t            \"inLanguage\": \"de\",\n\t            \"potentialAction\": [\n\t                {\n\t                    \"@type\": \"ReadAction\",\n\t                    \"target\": [\n\t                        \"https:\/\/www.fisan.com\/de\/shop\/100-bellota-iberico-schinken-von-hand-geschnitten\/\"\n\t                    ]\n\t                }\n\t            ]\n\t        },\n\t        {\n\t            \"@type\": \"ImageObject\",\n\t            \"inLanguage\": \"de\",\n\t            \"@id\": \"https:\/\/www.fisan.com\/de\/shop\/100-bellota-iberico-schinken-von-hand-geschnitten\/#primaryimage\",\n\t            \"url\": \"https:\/\/www.fisan.com\/wp-content\/uploads\/2022\/10\/jamon-bellota-iberico-100-ag-cm-00.jpg\",\n\t            \"contentUrl\": \"https:\/\/www.fisan.com\/wp-content\/uploads\/2022\/10\/jamon-bellota-iberico-100-ag-cm-00.jpg\",\n\t            \"width\": 1200,\n\t            \"height\": 2400,\n\t            \"caption\": \"JAMON BELLOTA IBERICO\"\n\t        },\n\t        {\n\t            \"@type\": \"BreadcrumbList\",\n\t            \"@id\": \"https:\/\/www.fisan.com\/de\/shop\/100-bellota-iberico-schinken-von-hand-geschnitten\/#breadcrumb\",\n\t            \"itemListElement\": [\n\t                {\n\t                    \"@type\": \"ListItem\",\n\t                    \"position\": 1,\n\t                    \"name\": \"FISAN\",\n\t                    \"item\": \"https:\/\/www.fisan.com\/de\/\"\n\t                },\n\t                {\n\t                    \"@type\": \"ListItem\",\n\t                    \"position\": 2,\n\t                    \"name\": \"Produkte\",\n\t                    \"item\": \"https:\/\/www.fisan.com\/de\/produkte\/\"\n\t                },\n\t                {\n\t                    \"@type\": \"ListItem\",\n\t                    \"position\": 3,\n\t                    \"name\": \"100% Bellota Ib\u00e9rico Schinken Alta Gastronomia Von Hand geschnitten\"\n\t                }\n\t            ]\n\t        },\n\t        {\n\t            \"@type\": \"WebSite\",\n\t            \"@id\": \"https:\/\/www.fisan.com\/de\/#website\",\n\t            \"url\": \"https:\/\/www.fisan.com\/de\/\",\n\t            \"name\": \"FISAN\",\n\t            \"description\": \"FISAN | Jamones de bellota ib\u00e9rico y embutidos ib\u00e9ricos desde 1920\",\n\t            \"potentialAction\": [\n\t                {\n\t                    \"@type\": \"SearchAction\",\n\t                    \"target\": {\n\t                        \"@type\": \"EntryPoint\",\n\t                        \"urlTemplate\": \"https:\/\/www.fisan.com\/de\/?s={search_term_string}\"\n\t                    },\n\t                    \"query-input\": {\n\t                        \"@type\": \"PropertyValueSpecification\",\n\t                        \"valueRequired\": true,\n\t                        \"valueName\": \"search_term_string\"\n\t                    }\n\t                }\n\t            ],\n\t            \"inLanguage\": \"de\"\n\t        }\n\t    ]\n\t}<\/script>\n<meta property=\"og:availability\" content=\"instock\" \/>\n<meta property=\"product:availability\" content=\"instock\" \/>\n<meta property=\"product:retailer_item_id\" content=\"j-bi100CM\" \/>\n<meta property=\"product:condition\" content=\"new\" \/>\n<!-- \/ Yoast SEO plugin. -->","yoast_head_json":{"title":"100% Bellota Ib\u00e9rico Schinken Alta Gastronomia Von Hand geschnitten | FISAN","description":"100% Bellota Ib\u00e9rico Schinken Von Hand geschnitten FISAN.","robots":{"index":"index","follow":"follow","max-snippet":"max-snippet:-1","max-image-preview":"max-image-preview:large","max-video-preview":"max-video-preview:-1"},"canonical":"https:\/\/www.fisan.com\/de\/shop\/100-bellota-iberico-schinken-von-hand-geschnitten\/","og_locale":"de_DE","og_type":"article","og_title":"100% Bellota Ib\u00e9rico Schinken Alta Gastronomia Von Hand geschnitten | FISAN","og_description":"100% Bellota Ib\u00e9rico Schinken Von Hand geschnitten FISAN.","og_url":"https:\/\/www.fisan.com\/de\/shop\/100-bellota-iberico-schinken-von-hand-geschnitten\/","og_site_name":"FISAN","article_modified_time":"2024-10-15T13:44:40+00:00","og_image":[{"width":1200,"height":2400,"url":"https:\/\/www.fisan.com\/wp-content\/uploads\/2022\/10\/jamon-bellota-iberico-100-ag-cm-00.jpg","type":"image\/jpeg"}],"twitter_card":"summary_large_image","twitter_misc":{"Verf\u00fcgbarkeit":"Auf Lager"},"schema":{"@context":"https:\/\/schema.org","@graph":[{"@type":"WebPage","@id":"https:\/\/www.fisan.com\/de\/shop\/100-bellota-iberico-schinken-von-hand-geschnitten\/","url":"https:\/\/www.fisan.com\/de\/shop\/100-bellota-iberico-schinken-von-hand-geschnitten\/","name":"100% Bellota Ib\u00e9rico Schinken Alta Gastronomia Von Hand geschnitten | FISAN","isPartOf":{"@id":"https:\/\/www.fisan.com\/de\/#website"},"primaryImageOfPage":{"@id":"https:\/\/www.fisan.com\/de\/shop\/100-bellota-iberico-schinken-von-hand-geschnitten\/#primaryimage"},"image":{"@id":"https:\/\/www.fisan.com\/de\/shop\/100-bellota-iberico-schinken-von-hand-geschnitten\/#primaryimage"},"thumbnailUrl":"https:\/\/www.fisan.com\/wp-content\/uploads\/2022\/10\/jamon-bellota-iberico-100-ag-cm-00.jpg","datePublished":"2022-11-17T16:46:52+00:00","dateModified":"2024-10-15T13:44:40+00:00","description":"100% Bellota Ib\u00e9rico Schinken Von Hand geschnitten FISAN.","breadcrumb":{"@id":"https:\/\/www.fisan.com\/de\/shop\/100-bellota-iberico-schinken-von-hand-geschnitten\/#breadcrumb"},"inLanguage":"de","potentialAction":[{"@type":"ReadAction","target":["https:\/\/www.fisan.com\/de\/shop\/100-bellota-iberico-schinken-von-hand-geschnitten\/"]}]},{"@type":"ImageObject","inLanguage":"de","@id":"https:\/\/www.fisan.com\/de\/shop\/100-bellota-iberico-schinken-von-hand-geschnitten\/#primaryimage","url":"https:\/\/www.fisan.com\/wp-content\/uploads\/2022\/10\/jamon-bellota-iberico-100-ag-cm-00.jpg","contentUrl":"https:\/\/www.fisan.com\/wp-content\/uploads\/2022\/10\/jamon-bellota-iberico-100-ag-cm-00.jpg","width":1200,"height":2400,"caption":"JAMON BELLOTA IBERICO"},{"@type":"BreadcrumbList","@id":"https:\/\/www.fisan.com\/de\/shop\/100-bellota-iberico-schinken-von-hand-geschnitten\/#breadcrumb","itemListElement":[{"@type":"ListItem","position":1,"name":"FISAN","item":"https:\/\/www.fisan.com\/de\/"},{"@type":"ListItem","position":2,"name":"Produkte","item":"https:\/\/www.fisan.com\/de\/produkte\/"},{"@type":"ListItem","position":3,"name":"100% Bellota Ib\u00e9rico Schinken Alta Gastronomia Von Hand geschnitten"}]},{"@type":"WebSite","@id":"https:\/\/www.fisan.com\/de\/#website","url":"https:\/\/www.fisan.com\/de\/","name":"FISAN","description":"FISAN | Jamones de bellota ib\u00e9rico y embutidos ib\u00e9ricos desde 1920","potentialAction":[{"@type":"SearchAction","target":{"@type":"EntryPoint","urlTemplate":"https:\/\/www.fisan.com\/de\/?s={search_term_string}"},"query-input":{"@type":"PropertyValueSpecification","valueRequired":true,"valueName":"search_term_string"}}],"inLanguage":"de"}]},"og_availability":"instock","product_availability":"instock","product_retailer_item_id":"j-bi100CM","product_condition":"new"},"_links":{"self":[{"href":"https:\/\/www.fisan.com\/de\/wp-json\/wp\/v2\/product\/34040","targetHints":{"allow":["GET"]}}],"collection":[{"href":"https:\/\/www.fisan.com\/de\/wp-json\/wp\/v2\/product"}],"about":[{"href":"https:\/\/www.fisan.com\/de\/wp-json\/wp\/v2\/types\/product"}],"version-history":[{"count":6,"href":"https:\/\/www.fisan.com\/de\/wp-json\/wp\/v2\/product\/34040\/revisions"}],"predecessor-version":[{"id":49063,"href":"https:\/\/www.fisan.com\/de\/wp-json\/wp\/v2\/product\/34040\/revisions\/49063"}],"wp:featuredmedia":[{"embeddable":true,"href":"https:\/\/www.fisan.com\/de\/wp-json\/wp\/v2\/media\/24418"}],"wp:attachment":[{"href":"https:\/\/www.fisan.com\/de\/wp-json\/wp\/v2\/media?parent=34040"}],"wp:term":[{"taxonomy":"product_brand","embeddable":true,"href":"https:\/\/www.fisan.com\/de\/wp-json\/wp\/v2\/product_brand?post=34040"},{"taxonomy":"product_cat","embeddable":true,"href":"https:\/\/www.fisan.com\/de\/wp-json\/wp\/v2\/product_cat?post=34040"},{"taxonomy":"product_tag","embeddable":true,"href":"https:\/\/www.fisan.com\/de\/wp-json\/wp\/v2\/product_tag?post=34040"},{"taxonomy":"gama","embeddable":true,"href":"https:\/\/www.fisan.com\/de\/wp-json\/wp\/v2\/gama?post=34040"},{"taxonomy":"calidad","embeddable":true,"href":"https:\/\/www.fisan.com\/de\/wp-json\/wp\/v2\/calidad?post=34040"}],"curies":[{"name":"wp","href":"https:\/\/api.w.org\/{rel}","templated":true}]}}