{"id":34048,"date":"2022-11-07T11:54:48","date_gmt":"2022-11-07T10:54:48","guid":{"rendered":"https:\/\/www.fisan.com\/producto\/100-bellota-iberico-lende-geschnittene-scheiben\/"},"modified":"2024-11-19T12:37:07","modified_gmt":"2024-11-19T11:37:07","slug":"100-bellota-iberico-lende-geschnittene-scheiben","status":"publish","type":"product","link":"https:\/\/www.fisan.com\/de\/shop\/100-bellota-iberico-lende-geschnittene-scheiben\/","title":{"rendered":"100 % Bellota Iberico Lende Alta Gastronomia &#8211; Geschnittene Scheiben"},"content":{"rendered":"<p>Die 100 % Bellota Iberico luftgetrocknete Lende am St\u00fcck aus Eichelmast FISAN zeichnet sich durch ihren milden Geschmack, ihre Maserung und ihr tiefgehendes Aroma aus. Diese Lende wird traditionell mit Paprika mariniert, und das Fleisch wird zu keinem Zeitpunkt tiefgefroren. Anschlie\u00dfend reift sie mindestens sechs Monate in nat\u00fcrlichen Trockenr\u00e4umen. 100% nat\u00fcrlich.<\/p>\n<p>&nbsp;<\/p>\n<p><strong>Eine luxuri\u00f6se Verpackung f\u00fcr ein ganz besonderes Produkt:<\/strong> Genie\u00dfen Sie die 100 % Bellota Iberico Lende in einer luxuri\u00f6sen Schachtel. Das ideale Format f\u00fcr diejenigen, die unsere 100% iberico bellota Lende auf bequeme und einfache Weise genie\u00dfen wollen. In dieser Pr\u00e4sentation finden Sie 1 Schachtel mit 10 P\u00e4ckchen \u00e0 100 Gramm. Das perfekte Geschenk.<\/p>\n","protected":false},"excerpt":{"rendered":"<p>Die 100 % Bellota Iberico luftgetrocknete Lende am St\u00fcck aus Eichelmast FISAN zeichnet sich durch ihren milden Geschmack, ihre Maserung und ihr tiefgehendes Aroma aus. Diese Lende wird traditionell mit Paprika mariniert, und das Fleisch wird zu keinem Zeitpunkt tiefgefroren. Anschlie\u00dfend reift sie mindestens sechs Monate in nat\u00fcrlichen Trockenr\u00e4umen. 100% nat\u00fcrlich. &nbsp; Eine luxuri\u00f6se Verpackung &#8230; <a title=\"100 % Bellota Iberico Lende Alta Gastronomia &#8211; Geschnittene Scheiben\" class=\"read-more\" href=\"https:\/\/www.fisan.com\/de\/shop\/100-bellota-iberico-lende-geschnittene-scheiben\/\" aria-label=\"Mehr Informationen \u00fcber 100 % Bellota Iberico Lende Alta Gastronomia &#8211; Geschnittene Scheiben\">Weiterlesen<\/a><\/p>\n","protected":false},"featured_media":24542,"template":"","meta":{"_acf_changed":false,"_wp_rev_ctl_limit":""},"product_brand":[],"product_cat":[720,355,382],"product_tag":[306],"gama":[436],"calidad":[441],"class_list":{"0":"post-34048","1":"product","2":"type-product","3":"status-publish","4":"has-post-thumbnail","6":"product_cat-produkte-bellota-lomo","7":"product_cat-produkte-lende","8":"product_cat-8-von-hand-geschnitten-in-scheiben","9":"product_tag-ag","10":"gama-alta-gastronomia-de","11":"calidad-1-bellota-iberico-de","13":"first","14":"outofstock","15":"taxable","16":"shipping-taxable","17":"purchasable","18":"product-type-variable","19":"has-default-attributes"},"acf":[],"yoast_head":"<!-- This site is optimized with the Yoast SEO plugin v25.4 - https:\/\/yoast.com\/wordpress\/plugins\/seo\/ -->\n<title>100 % Bellota Iberico Lende Alta Gastronomia - Geschnittene Scheiben | FISAN<\/title>\n<meta name=\"robots\" content=\"index, follow, max-snippet:-1, max-image-preview:large, max-video-preview:-1\" \/>\n<link rel=\"canonical\" href=\"https:\/\/www.fisan.com\/de\/shop\/100-bellota-iberico-lende-geschnittene-scheiben\/\" \/>\n<meta property=\"og:locale\" content=\"de_DE\" \/>\n<meta property=\"og:type\" content=\"article\" \/>\n<meta property=\"og:title\" content=\"100 % Bellota Iberico Lende Alta Gastronomia - Geschnittene Scheiben | FISAN\" \/>\n<meta property=\"og:description\" content=\"Die 100 % Bellota Iberico luftgetrocknete Lende am St\u00fcck aus Eichelmast FISAN zeichnet sich durch ihren milden Geschmack, ihre Maserung und ihr tiefgehendes Aroma aus. Diese Lende wird traditionell mit Paprika mariniert, und das Fleisch wird zu keinem Zeitpunkt tiefgefroren. Anschlie\u00dfend reift sie mindestens sechs Monate in nat\u00fcrlichen Trockenr\u00e4umen. 100% nat\u00fcrlich. &nbsp; Eine luxuri\u00f6se Verpackung ... Weiterlesen\" \/>\n<meta property=\"og:url\" content=\"https:\/\/www.fisan.com\/de\/shop\/100-bellota-iberico-lende-geschnittene-scheiben\/\" \/>\n<meta property=\"og:site_name\" content=\"FISAN\" \/>\n<meta property=\"article:modified_time\" content=\"2024-11-19T11:37:07+00:00\" \/>\n<meta property=\"og:image\" content=\"https:\/\/www.fisan.com\/wp-content\/uploads\/2022\/10\/lomo-bellota-iberico-100-ag-cm-00.jpg\" \/>\n\t<meta property=\"og:image:width\" content=\"1200\" \/>\n\t<meta property=\"og:image:height\" content=\"2400\" \/>\n\t<meta property=\"og:image:type\" content=\"image\/jpeg\" \/>\n<meta name=\"twitter:card\" content=\"summary_large_image\" \/>\n<meta name=\"twitter:label1\" content=\"Verf\u00fcgbarkeit\" \/>\n\t<meta name=\"twitter:data1\" content=\"ausverkauft\" \/>\n<script type=\"application\/ld+json\" class=\"yoast-schema-graph\">{\n\t    \"@context\": \"https:\/\/schema.org\",\n\t    \"@graph\": [\n\t        {\n\t            \"@type\": \"WebPage\",\n\t            \"@id\": \"https:\/\/www.fisan.com\/de\/shop\/100-bellota-iberico-lende-geschnittene-scheiben\/\",\n\t            \"url\": \"https:\/\/www.fisan.com\/de\/shop\/100-bellota-iberico-lende-geschnittene-scheiben\/\",\n\t            \"name\": \"100 % Bellota Iberico Lende Alta Gastronomia - Geschnittene Scheiben | FISAN\",\n\t            \"isPartOf\": {\n\t                \"@id\": \"https:\/\/www.fisan.com\/de\/#website\"\n\t            },\n\t            \"primaryImageOfPage\": {\n\t                \"@id\": \"https:\/\/www.fisan.com\/de\/shop\/100-bellota-iberico-lende-geschnittene-scheiben\/#primaryimage\"\n\t            },\n\t            \"image\": {\n\t                \"@id\": \"https:\/\/www.fisan.com\/de\/shop\/100-bellota-iberico-lende-geschnittene-scheiben\/#primaryimage\"\n\t            },\n\t            \"thumbnailUrl\": \"https:\/\/www.fisan.com\/wp-content\/uploads\/2022\/10\/lomo-bellota-iberico-100-ag-cm-00.jpg\",\n\t            \"datePublished\": \"2022-11-07T10:54:48+00:00\",\n\t            \"dateModified\": \"2024-11-19T11:37:07+00:00\",\n\t            \"breadcrumb\": {\n\t                \"@id\": \"https:\/\/www.fisan.com\/de\/shop\/100-bellota-iberico-lende-geschnittene-scheiben\/#breadcrumb\"\n\t            },\n\t            \"inLanguage\": \"de\",\n\t            \"potentialAction\": [\n\t                {\n\t                    \"@type\": \"ReadAction\",\n\t                    \"target\": [\n\t                        \"https:\/\/www.fisan.com\/de\/shop\/100-bellota-iberico-lende-geschnittene-scheiben\/\"\n\t                    ]\n\t                }\n\t            ]\n\t        },\n\t        {\n\t            \"@type\": \"ImageObject\",\n\t            \"inLanguage\": \"de\",\n\t            \"@id\": \"https:\/\/www.fisan.com\/de\/shop\/100-bellota-iberico-lende-geschnittene-scheiben\/#primaryimage\",\n\t            \"url\": \"https:\/\/www.fisan.com\/wp-content\/uploads\/2022\/10\/lomo-bellota-iberico-100-ag-cm-00.jpg\",\n\t            \"contentUrl\": \"https:\/\/www.fisan.com\/wp-content\/uploads\/2022\/10\/lomo-bellota-iberico-100-ag-cm-00.jpg\",\n\t            \"width\": 1200,\n\t            \"height\": 2400,\n\t            \"caption\": \"LOMO BELLOTA IBERICO\"\n\t        },\n\t        {\n\t            \"@type\": \"BreadcrumbList\",\n\t            \"@id\": \"https:\/\/www.fisan.com\/de\/shop\/100-bellota-iberico-lende-geschnittene-scheiben\/#breadcrumb\",\n\t            \"itemListElement\": [\n\t                {\n\t                    \"@type\": \"ListItem\",\n\t                    \"position\": 1,\n\t                    \"name\": \"FISAN\",\n\t                    \"item\": \"https:\/\/www.fisan.com\/de\/\"\n\t                },\n\t                {\n\t                    \"@type\": \"ListItem\",\n\t                    \"position\": 2,\n\t                    \"name\": \"Produkte\",\n\t                    \"item\": \"https:\/\/www.fisan.com\/de\/produkte\/\"\n\t                },\n\t                {\n\t                    \"@type\": \"ListItem\",\n\t                    \"position\": 3,\n\t                    \"name\": \"100 % Bellota Iberico Lende Alta Gastronomia &#8211; Geschnittene Scheiben\"\n\t                }\n\t            ]\n\t        },\n\t        {\n\t            \"@type\": \"WebSite\",\n\t            \"@id\": \"https:\/\/www.fisan.com\/de\/#website\",\n\t            \"url\": \"https:\/\/www.fisan.com\/de\/\",\n\t            \"name\": \"FISAN\",\n\t            \"description\": \"FISAN | Jamones de bellota ib\u00e9rico y embutidos ib\u00e9ricos desde 1920\",\n\t            \"potentialAction\": [\n\t                {\n\t                    \"@type\": \"SearchAction\",\n\t                    \"target\": {\n\t                        \"@type\": \"EntryPoint\",\n\t                        \"urlTemplate\": \"https:\/\/www.fisan.com\/de\/?s={search_term_string}\"\n\t                    },\n\t                    \"query-input\": {\n\t                        \"@type\": \"PropertyValueSpecification\",\n\t                        \"valueRequired\": true,\n\t                        \"valueName\": \"search_term_string\"\n\t                    }\n\t                }\n\t            ],\n\t            \"inLanguage\": \"de\"\n\t        }\n\t    ]\n\t}<\/script>\n<meta property=\"og:availability\" content=\"out of stock\" \/>\n<meta property=\"product:availability\" content=\"out of stock\" \/>\n<meta property=\"product:retailer_item_id\" content=\"l-bi100-1\" \/>\n<meta property=\"product:condition\" content=\"new\" \/>\n<!-- \/ Yoast SEO plugin. -->","yoast_head_json":{"title":"100 % Bellota Iberico Lende Alta Gastronomia - Geschnittene Scheiben | FISAN","robots":{"index":"index","follow":"follow","max-snippet":"max-snippet:-1","max-image-preview":"max-image-preview:large","max-video-preview":"max-video-preview:-1"},"canonical":"https:\/\/www.fisan.com\/de\/shop\/100-bellota-iberico-lende-geschnittene-scheiben\/","og_locale":"de_DE","og_type":"article","og_title":"100 % Bellota Iberico Lende Alta Gastronomia - Geschnittene Scheiben | FISAN","og_description":"Die 100 % Bellota Iberico luftgetrocknete Lende am St\u00fcck aus Eichelmast FISAN zeichnet sich durch ihren milden Geschmack, ihre Maserung und ihr tiefgehendes Aroma aus. Diese Lende wird traditionell mit Paprika mariniert, und das Fleisch wird zu keinem Zeitpunkt tiefgefroren. Anschlie\u00dfend reift sie mindestens sechs Monate in nat\u00fcrlichen Trockenr\u00e4umen. 100% nat\u00fcrlich. &nbsp; Eine luxuri\u00f6se Verpackung ... Weiterlesen","og_url":"https:\/\/www.fisan.com\/de\/shop\/100-bellota-iberico-lende-geschnittene-scheiben\/","og_site_name":"FISAN","article_modified_time":"2024-11-19T11:37:07+00:00","og_image":[{"width":1200,"height":2400,"url":"https:\/\/www.fisan.com\/wp-content\/uploads\/2022\/10\/lomo-bellota-iberico-100-ag-cm-00.jpg","type":"image\/jpeg"}],"twitter_card":"summary_large_image","twitter_misc":{"Verf\u00fcgbarkeit":"ausverkauft"},"schema":{"@context":"https:\/\/schema.org","@graph":[{"@type":"WebPage","@id":"https:\/\/www.fisan.com\/de\/shop\/100-bellota-iberico-lende-geschnittene-scheiben\/","url":"https:\/\/www.fisan.com\/de\/shop\/100-bellota-iberico-lende-geschnittene-scheiben\/","name":"100 % Bellota Iberico Lende Alta Gastronomia - Geschnittene Scheiben | FISAN","isPartOf":{"@id":"https:\/\/www.fisan.com\/de\/#website"},"primaryImageOfPage":{"@id":"https:\/\/www.fisan.com\/de\/shop\/100-bellota-iberico-lende-geschnittene-scheiben\/#primaryimage"},"image":{"@id":"https:\/\/www.fisan.com\/de\/shop\/100-bellota-iberico-lende-geschnittene-scheiben\/#primaryimage"},"thumbnailUrl":"https:\/\/www.fisan.com\/wp-content\/uploads\/2022\/10\/lomo-bellota-iberico-100-ag-cm-00.jpg","datePublished":"2022-11-07T10:54:48+00:00","dateModified":"2024-11-19T11:37:07+00:00","breadcrumb":{"@id":"https:\/\/www.fisan.com\/de\/shop\/100-bellota-iberico-lende-geschnittene-scheiben\/#breadcrumb"},"inLanguage":"de","potentialAction":[{"@type":"ReadAction","target":["https:\/\/www.fisan.com\/de\/shop\/100-bellota-iberico-lende-geschnittene-scheiben\/"]}]},{"@type":"ImageObject","inLanguage":"de","@id":"https:\/\/www.fisan.com\/de\/shop\/100-bellota-iberico-lende-geschnittene-scheiben\/#primaryimage","url":"https:\/\/www.fisan.com\/wp-content\/uploads\/2022\/10\/lomo-bellota-iberico-100-ag-cm-00.jpg","contentUrl":"https:\/\/www.fisan.com\/wp-content\/uploads\/2022\/10\/lomo-bellota-iberico-100-ag-cm-00.jpg","width":1200,"height":2400,"caption":"LOMO BELLOTA IBERICO"},{"@type":"BreadcrumbList","@id":"https:\/\/www.fisan.com\/de\/shop\/100-bellota-iberico-lende-geschnittene-scheiben\/#breadcrumb","itemListElement":[{"@type":"ListItem","position":1,"name":"FISAN","item":"https:\/\/www.fisan.com\/de\/"},{"@type":"ListItem","position":2,"name":"Produkte","item":"https:\/\/www.fisan.com\/de\/produkte\/"},{"@type":"ListItem","position":3,"name":"100 % Bellota Iberico Lende Alta Gastronomia &#8211; Geschnittene Scheiben"}]},{"@type":"WebSite","@id":"https:\/\/www.fisan.com\/de\/#website","url":"https:\/\/www.fisan.com\/de\/","name":"FISAN","description":"FISAN | Jamones de bellota ib\u00e9rico y embutidos ib\u00e9ricos desde 1920","potentialAction":[{"@type":"SearchAction","target":{"@type":"EntryPoint","urlTemplate":"https:\/\/www.fisan.com\/de\/?s={search_term_string}"},"query-input":{"@type":"PropertyValueSpecification","valueRequired":true,"valueName":"search_term_string"}}],"inLanguage":"de"}]},"og_availability":"out of stock","product_availability":"out of stock","product_retailer_item_id":"l-bi100-1","product_condition":"new"},"_links":{"self":[{"href":"https:\/\/www.fisan.com\/de\/wp-json\/wp\/v2\/product\/34048","targetHints":{"allow":["GET"]}}],"collection":[{"href":"https:\/\/www.fisan.com\/de\/wp-json\/wp\/v2\/product"}],"about":[{"href":"https:\/\/www.fisan.com\/de\/wp-json\/wp\/v2\/types\/product"}],"version-history":[{"count":6,"href":"https:\/\/www.fisan.com\/de\/wp-json\/wp\/v2\/product\/34048\/revisions"}],"predecessor-version":[{"id":51575,"href":"https:\/\/www.fisan.com\/de\/wp-json\/wp\/v2\/product\/34048\/revisions\/51575"}],"wp:featuredmedia":[{"embeddable":true,"href":"https:\/\/www.fisan.com\/de\/wp-json\/wp\/v2\/media\/24542"}],"wp:attachment":[{"href":"https:\/\/www.fisan.com\/de\/wp-json\/wp\/v2\/media?parent=34048"}],"wp:term":[{"taxonomy":"product_brand","embeddable":true,"href":"https:\/\/www.fisan.com\/de\/wp-json\/wp\/v2\/product_brand?post=34048"},{"taxonomy":"product_cat","embeddable":true,"href":"https:\/\/www.fisan.com\/de\/wp-json\/wp\/v2\/product_cat?post=34048"},{"taxonomy":"product_tag","embeddable":true,"href":"https:\/\/www.fisan.com\/de\/wp-json\/wp\/v2\/product_tag?post=34048"},{"taxonomy":"gama","embeddable":true,"href":"https:\/\/www.fisan.com\/de\/wp-json\/wp\/v2\/gama?post=34048"},{"taxonomy":"calidad","embeddable":true,"href":"https:\/\/www.fisan.com\/de\/wp-json\/wp\/v2\/calidad?post=34048"}],"curies":[{"name":"wp","href":"https:\/\/api.w.org\/{rel}","templated":true}]}}