{"id":34057,"date":"2022-11-17T18:45:08","date_gmt":"2022-11-17T17:45:08","guid":{"rendered":"https:\/\/www.fisan.com\/producto\/75-bellota-iberico-schinken-von-hand-geschnitten\/"},"modified":"2024-10-15T15:46:00","modified_gmt":"2024-10-15T13:46:00","slug":"iberico-bellota-schinken-75-iberische-rasse-von-hand-geschnitten","status":"publish","type":"product","link":"https:\/\/www.fisan.com\/de\/shop\/75-bellota-iberico-schinken-von-hand-geschnitten\/","title":{"rendered":"Iberico Bellota Schinken 75% Iberische Rasse Alta Gastronomia Von Hand geschnitten"},"content":{"rendered":"<p>Mit dem Iberico Bellota Schinken 75% Iberische Rasse, der von unseren Meisterschneidern von Hand geschnitten wird, k\u00f6nnen Sie einfach und bequem die ganze S\u00fc\u00dfe, den intensiven Geschmack, das tiefe, frische und lang anhaltende Aroma eines <strong>Iberico Bellota Schinken 75% Iberische Rasse Alta Gastronom\u00eda<\/strong> genie\u00dfen.<\/p>\n<p>&nbsp;<\/p>\n<p><strong>30 P\u00e4ckchen mit jeweils 100 g Schinken<\/strong>, die von fachkundigen H\u00e4nden in zartschmelzende Scheiben geschnitten wurden.<\/p>\n<p>&nbsp;<\/p>\n<p>Das Geheimnis unserer Bellota Schinken liegt in der Auswahl des Rohmaterials am Ursprungsort, in der Geduld und in der mehr als 50-monatigen Reifung in unseren nat\u00fcrlichen Kellern. Das Ergebnis ist der beste Bellota Schinken, den Sie je probiert haben. Nur au\u00dfergew\u00f6hnliche St\u00fccke werden als Alta Gastronom\u00eda eingestuft.<\/p>\n","protected":false},"excerpt":{"rendered":"<p>Mit dem Iberico Bellota Schinken 75% Iberische Rasse, der von unseren Meisterschneidern von Hand geschnitten wird, k\u00f6nnen Sie einfach und bequem die ganze S\u00fc\u00dfe, den intensiven Geschmack, das tiefe, frische und lang anhaltende Aroma eines Iberico Bellota Schinken 75% Iberische Rasse Alta Gastronom\u00eda genie\u00dfen. &nbsp; 30 P\u00e4ckchen mit jeweils 100 g Schinken, die von fachkundigen &#8230; <a title=\"Iberico Bellota Schinken 75% Iberische Rasse Alta Gastronomia Von Hand geschnitten\" class=\"read-more\" href=\"https:\/\/www.fisan.com\/de\/shop\/75-bellota-iberico-schinken-von-hand-geschnitten\/\" aria-label=\"Mehr Informationen \u00fcber Iberico Bellota Schinken 75% Iberische Rasse Alta Gastronomia Von Hand geschnitten\">Weiterlesen<\/a><\/p>\n","protected":false},"featured_media":24438,"template":"","meta":{"_acf_changed":false,"_wp_rev_ctl_limit":""},"product_brand":[],"product_cat":[718,305,382],"product_tag":[306],"gama":[436],"calidad":[441],"class_list":{"0":"post-34057","1":"product","2":"type-product","3":"status-publish","4":"has-post-thumbnail","6":"product_cat-produkte-schinken","7":"product_cat-produkte-iberico-schinken","8":"product_cat-8-von-hand-geschnitten-in-scheiben","9":"product_tag-ag","10":"gama-alta-gastronomia-de","11":"calidad-1-bellota-iberico-de","13":"first","14":"instock","15":"taxable","16":"shipping-taxable","17":"purchasable","18":"product-type-variable","19":"has-default-attributes"},"acf":[],"yoast_head":"<!-- This site is optimized with the Yoast SEO plugin v25.4 - https:\/\/yoast.com\/wordpress\/plugins\/seo\/ -->\n<title>Iberico Bellota Schinken 75% Iberische Rasse Alta Gastronomia Von Hand geschnitten | FISAN<\/title>\n<meta name=\"description\" content=\"Iberico Bellota Schinken 75% Iberische Rasse Von Hand geschnitten FISAN.\" \/>\n<meta name=\"robots\" content=\"index, follow, max-snippet:-1, max-image-preview:large, max-video-preview:-1\" \/>\n<link rel=\"canonical\" href=\"https:\/\/www.fisan.com\/de\/shop\/75-bellota-iberico-schinken-von-hand-geschnitten\/\" \/>\n<meta property=\"og:locale\" content=\"de_DE\" \/>\n<meta property=\"og:type\" content=\"article\" \/>\n<meta property=\"og:title\" content=\"Iberico Bellota Schinken 75% Iberische Rasse Alta Gastronomia Von Hand geschnitten | FISAN\" \/>\n<meta property=\"og:description\" content=\"Iberico Bellota Schinken 75% Iberische Rasse Von Hand geschnitten FISAN.\" \/>\n<meta property=\"og:url\" content=\"https:\/\/www.fisan.com\/de\/shop\/75-bellota-iberico-schinken-von-hand-geschnitten\/\" \/>\n<meta property=\"og:site_name\" content=\"FISAN\" \/>\n<meta property=\"article:modified_time\" content=\"2024-10-15T13:46:00+00:00\" \/>\n<meta property=\"og:image\" content=\"https:\/\/www.fisan.com\/wp-content\/uploads\/2022\/10\/jamon-bellota-iberico-75-ag-cm-00.jpg\" \/>\n\t<meta property=\"og:image:width\" content=\"1200\" \/>\n\t<meta property=\"og:image:height\" content=\"2400\" \/>\n\t<meta property=\"og:image:type\" content=\"image\/jpeg\" \/>\n<meta name=\"twitter:card\" content=\"summary_large_image\" \/>\n<meta name=\"twitter:label1\" content=\"Verf\u00fcgbarkeit\" \/>\n\t<meta name=\"twitter:data1\" content=\"Auf Lager\" \/>\n<script type=\"application\/ld+json\" class=\"yoast-schema-graph\">{\n\t    \"@context\": \"https:\/\/schema.org\",\n\t    \"@graph\": [\n\t        {\n\t            \"@type\": \"WebPage\",\n\t            \"@id\": \"https:\/\/www.fisan.com\/de\/shop\/75-bellota-iberico-schinken-von-hand-geschnitten\/\",\n\t            \"url\": \"https:\/\/www.fisan.com\/de\/shop\/75-bellota-iberico-schinken-von-hand-geschnitten\/\",\n\t            \"name\": \"Iberico Bellota Schinken 75% Iberische Rasse Alta Gastronomia Von Hand geschnitten | FISAN\",\n\t            \"isPartOf\": {\n\t                \"@id\": \"https:\/\/www.fisan.com\/de\/#website\"\n\t            },\n\t            \"primaryImageOfPage\": {\n\t                \"@id\": \"https:\/\/www.fisan.com\/de\/shop\/75-bellota-iberico-schinken-von-hand-geschnitten\/#primaryimage\"\n\t            },\n\t            \"image\": {\n\t                \"@id\": \"https:\/\/www.fisan.com\/de\/shop\/75-bellota-iberico-schinken-von-hand-geschnitten\/#primaryimage\"\n\t            },\n\t            \"thumbnailUrl\": \"https:\/\/www.fisan.com\/wp-content\/uploads\/2022\/10\/jamon-bellota-iberico-75-ag-cm-00.jpg\",\n\t            \"datePublished\": \"2022-11-17T17:45:08+00:00\",\n\t            \"dateModified\": \"2024-10-15T13:46:00+00:00\",\n\t            \"description\": \"Iberico Bellota Schinken 75% Iberische Rasse Von Hand geschnitten FISAN.\",\n\t            \"breadcrumb\": {\n\t                \"@id\": \"https:\/\/www.fisan.com\/de\/shop\/75-bellota-iberico-schinken-von-hand-geschnitten\/#breadcrumb\"\n\t            },\n\t            \"inLanguage\": \"de\",\n\t            \"potentialAction\": [\n\t                {\n\t                    \"@type\": \"ReadAction\",\n\t                    \"target\": [\n\t                        \"https:\/\/www.fisan.com\/de\/shop\/75-bellota-iberico-schinken-von-hand-geschnitten\/\"\n\t                    ]\n\t                }\n\t            ]\n\t        },\n\t        {\n\t            \"@type\": \"ImageObject\",\n\t            \"inLanguage\": \"de\",\n\t            \"@id\": \"https:\/\/www.fisan.com\/de\/shop\/75-bellota-iberico-schinken-von-hand-geschnitten\/#primaryimage\",\n\t            \"url\": \"https:\/\/www.fisan.com\/wp-content\/uploads\/2022\/10\/jamon-bellota-iberico-75-ag-cm-00.jpg\",\n\t            \"contentUrl\": \"https:\/\/www.fisan.com\/wp-content\/uploads\/2022\/10\/jamon-bellota-iberico-75-ag-cm-00.jpg\",\n\t            \"width\": 1200,\n\t            \"height\": 2400,\n\t            \"caption\": \"JAMON BELLOTA IBERICO presentaci\u00f3n\"\n\t        },\n\t        {\n\t            \"@type\": \"BreadcrumbList\",\n\t            \"@id\": \"https:\/\/www.fisan.com\/de\/shop\/75-bellota-iberico-schinken-von-hand-geschnitten\/#breadcrumb\",\n\t            \"itemListElement\": [\n\t                {\n\t                    \"@type\": \"ListItem\",\n\t                    \"position\": 1,\n\t                    \"name\": \"FISAN\",\n\t                    \"item\": \"https:\/\/www.fisan.com\/de\/\"\n\t                },\n\t                {\n\t                    \"@type\": \"ListItem\",\n\t                    \"position\": 2,\n\t                    \"name\": \"Produkte\",\n\t                    \"item\": \"https:\/\/www.fisan.com\/de\/produkte\/\"\n\t                },\n\t                {\n\t                    \"@type\": \"ListItem\",\n\t                    \"position\": 3,\n\t                    \"name\": \"Iberico Bellota Schinken 75% Iberische Rasse Alta Gastronomia Von Hand geschnitten\"\n\t                }\n\t            ]\n\t        },\n\t        {\n\t            \"@type\": \"WebSite\",\n\t            \"@id\": \"https:\/\/www.fisan.com\/de\/#website\",\n\t            \"url\": \"https:\/\/www.fisan.com\/de\/\",\n\t            \"name\": \"FISAN\",\n\t            \"description\": \"FISAN | Jamones de bellota ib\u00e9rico y embutidos ib\u00e9ricos desde 1920\",\n\t            \"potentialAction\": [\n\t                {\n\t                    \"@type\": \"SearchAction\",\n\t                    \"target\": {\n\t                        \"@type\": \"EntryPoint\",\n\t                        \"urlTemplate\": \"https:\/\/www.fisan.com\/de\/?s={search_term_string}\"\n\t                    },\n\t                    \"query-input\": {\n\t                        \"@type\": \"PropertyValueSpecification\",\n\t                        \"valueRequired\": true,\n\t                        \"valueName\": \"search_term_string\"\n\t                    }\n\t                }\n\t            ],\n\t            \"inLanguage\": \"de\"\n\t        }\n\t    ]\n\t}<\/script>\n<meta property=\"og:availability\" content=\"instock\" \/>\n<meta property=\"product:availability\" content=\"instock\" \/>\n<meta property=\"product:retailer_item_id\" content=\"j-bi75CM\" \/>\n<meta property=\"product:condition\" content=\"new\" \/>\n<!-- \/ Yoast SEO plugin. -->","yoast_head_json":{"title":"Iberico Bellota Schinken 75% Iberische Rasse Alta Gastronomia Von Hand geschnitten | FISAN","description":"Iberico Bellota Schinken 75% Iberische Rasse Von Hand geschnitten FISAN.","robots":{"index":"index","follow":"follow","max-snippet":"max-snippet:-1","max-image-preview":"max-image-preview:large","max-video-preview":"max-video-preview:-1"},"canonical":"https:\/\/www.fisan.com\/de\/shop\/75-bellota-iberico-schinken-von-hand-geschnitten\/","og_locale":"de_DE","og_type":"article","og_title":"Iberico Bellota Schinken 75% Iberische Rasse Alta Gastronomia Von Hand geschnitten | FISAN","og_description":"Iberico Bellota Schinken 75% Iberische Rasse Von Hand geschnitten FISAN.","og_url":"https:\/\/www.fisan.com\/de\/shop\/75-bellota-iberico-schinken-von-hand-geschnitten\/","og_site_name":"FISAN","article_modified_time":"2024-10-15T13:46:00+00:00","og_image":[{"width":1200,"height":2400,"url":"https:\/\/www.fisan.com\/wp-content\/uploads\/2022\/10\/jamon-bellota-iberico-75-ag-cm-00.jpg","type":"image\/jpeg"}],"twitter_card":"summary_large_image","twitter_misc":{"Verf\u00fcgbarkeit":"Auf Lager"},"schema":{"@context":"https:\/\/schema.org","@graph":[{"@type":"WebPage","@id":"https:\/\/www.fisan.com\/de\/shop\/75-bellota-iberico-schinken-von-hand-geschnitten\/","url":"https:\/\/www.fisan.com\/de\/shop\/75-bellota-iberico-schinken-von-hand-geschnitten\/","name":"Iberico Bellota Schinken 75% Iberische Rasse Alta Gastronomia Von Hand geschnitten | FISAN","isPartOf":{"@id":"https:\/\/www.fisan.com\/de\/#website"},"primaryImageOfPage":{"@id":"https:\/\/www.fisan.com\/de\/shop\/75-bellota-iberico-schinken-von-hand-geschnitten\/#primaryimage"},"image":{"@id":"https:\/\/www.fisan.com\/de\/shop\/75-bellota-iberico-schinken-von-hand-geschnitten\/#primaryimage"},"thumbnailUrl":"https:\/\/www.fisan.com\/wp-content\/uploads\/2022\/10\/jamon-bellota-iberico-75-ag-cm-00.jpg","datePublished":"2022-11-17T17:45:08+00:00","dateModified":"2024-10-15T13:46:00+00:00","description":"Iberico Bellota Schinken 75% Iberische Rasse Von Hand geschnitten FISAN.","breadcrumb":{"@id":"https:\/\/www.fisan.com\/de\/shop\/75-bellota-iberico-schinken-von-hand-geschnitten\/#breadcrumb"},"inLanguage":"de","potentialAction":[{"@type":"ReadAction","target":["https:\/\/www.fisan.com\/de\/shop\/75-bellota-iberico-schinken-von-hand-geschnitten\/"]}]},{"@type":"ImageObject","inLanguage":"de","@id":"https:\/\/www.fisan.com\/de\/shop\/75-bellota-iberico-schinken-von-hand-geschnitten\/#primaryimage","url":"https:\/\/www.fisan.com\/wp-content\/uploads\/2022\/10\/jamon-bellota-iberico-75-ag-cm-00.jpg","contentUrl":"https:\/\/www.fisan.com\/wp-content\/uploads\/2022\/10\/jamon-bellota-iberico-75-ag-cm-00.jpg","width":1200,"height":2400,"caption":"JAMON BELLOTA IBERICO presentaci\u00f3n"},{"@type":"BreadcrumbList","@id":"https:\/\/www.fisan.com\/de\/shop\/75-bellota-iberico-schinken-von-hand-geschnitten\/#breadcrumb","itemListElement":[{"@type":"ListItem","position":1,"name":"FISAN","item":"https:\/\/www.fisan.com\/de\/"},{"@type":"ListItem","position":2,"name":"Produkte","item":"https:\/\/www.fisan.com\/de\/produkte\/"},{"@type":"ListItem","position":3,"name":"Iberico Bellota Schinken 75% Iberische Rasse Alta Gastronomia Von Hand geschnitten"}]},{"@type":"WebSite","@id":"https:\/\/www.fisan.com\/de\/#website","url":"https:\/\/www.fisan.com\/de\/","name":"FISAN","description":"FISAN | Jamones de bellota ib\u00e9rico y embutidos ib\u00e9ricos desde 1920","potentialAction":[{"@type":"SearchAction","target":{"@type":"EntryPoint","urlTemplate":"https:\/\/www.fisan.com\/de\/?s={search_term_string}"},"query-input":{"@type":"PropertyValueSpecification","valueRequired":true,"valueName":"search_term_string"}}],"inLanguage":"de"}]},"og_availability":"instock","product_availability":"instock","product_retailer_item_id":"j-bi75CM","product_condition":"new"},"_links":{"self":[{"href":"https:\/\/www.fisan.com\/de\/wp-json\/wp\/v2\/product\/34057","targetHints":{"allow":["GET"]}}],"collection":[{"href":"https:\/\/www.fisan.com\/de\/wp-json\/wp\/v2\/product"}],"about":[{"href":"https:\/\/www.fisan.com\/de\/wp-json\/wp\/v2\/types\/product"}],"version-history":[{"count":7,"href":"https:\/\/www.fisan.com\/de\/wp-json\/wp\/v2\/product\/34057\/revisions"}],"predecessor-version":[{"id":49066,"href":"https:\/\/www.fisan.com\/de\/wp-json\/wp\/v2\/product\/34057\/revisions\/49066"}],"wp:featuredmedia":[{"embeddable":true,"href":"https:\/\/www.fisan.com\/de\/wp-json\/wp\/v2\/media\/24438"}],"wp:attachment":[{"href":"https:\/\/www.fisan.com\/de\/wp-json\/wp\/v2\/media?parent=34057"}],"wp:term":[{"taxonomy":"product_brand","embeddable":true,"href":"https:\/\/www.fisan.com\/de\/wp-json\/wp\/v2\/product_brand?post=34057"},{"taxonomy":"product_cat","embeddable":true,"href":"https:\/\/www.fisan.com\/de\/wp-json\/wp\/v2\/product_cat?post=34057"},{"taxonomy":"product_tag","embeddable":true,"href":"https:\/\/www.fisan.com\/de\/wp-json\/wp\/v2\/product_tag?post=34057"},{"taxonomy":"gama","embeddable":true,"href":"https:\/\/www.fisan.com\/de\/wp-json\/wp\/v2\/gama?post=34057"},{"taxonomy":"calidad","embeddable":true,"href":"https:\/\/www.fisan.com\/de\/wp-json\/wp\/v2\/calidad?post=34057"}],"curies":[{"name":"wp","href":"https:\/\/api.w.org\/{rel}","templated":true}]}}