{"id":34074,"date":"2022-11-17T19:31:35","date_gmt":"2022-11-17T18:31:35","guid":{"rendered":"https:\/\/www.fisan.com\/producto\/75-bellota-iberico-vorderschinken-von-hand-geschnitten-deluxe\/"},"modified":"2024-11-26T09:41:17","modified_gmt":"2024-11-26T08:41:17","slug":"iberico-bellota-vorderschinken-75-iberische-rasse-von-hand-geschnitten-deluxe","status":"publish","type":"product","link":"https:\/\/www.fisan.com\/de\/shop\/75-bellota-iberico-vorderschinken-von-hand-geschnitten-deluxe\/","title":{"rendered":"Iberico Bellota Vorderschinken 75% Iberische Rasse Alta Gastronomia Von Hand geschnitten &#8211; Deluxe"},"content":{"rendered":"<p>Die besten Geschenke kommen immer in kleinen Boxen, deshalb empfehlen wir dieses ideale Geschenkformat: <strong>2 Boxen mit je 10 P\u00e4ckchen \u00e0 100 g<\/strong> Iberico Bellota Vorderschinken 75% Iberische Rasse Alta Gastronom\u00eda.<\/p>\n<p>&nbsp;<\/p>\n<p>Mit jedem 100 g P\u00e4ckchen Bellota Vorderschinken von FISAN k\u00f6nnen Sie die S\u00fc\u00dfe, den intensiven Geschmack, das tiefe, frische und lang anhaltende Aroma eines echten Iberico Bellota Vorderschinken 75% Iberische Rasse Alta Gastronom\u00eda genie\u00dfen.<\/p>\n<p>&nbsp;<\/p>\n<p>Die intensive Farbe und der Geschmack des Iberico Bellota Vorderschinken 75% Iberische Rasse Alta Gastronom\u00eda von FISAN erinnern bei jedem Bissen an das intensive und frische Aroma, das typisch f\u00fcr die Dehesa ist. Der mehr als 36 Monate in unseren nat\u00fcrlichen Kellern gereifte Vorderschinken erfreut selbst die erfahrensten Gaumen mit seinem exakten Salzgehalt, seinem intensiven Aroma und seiner Farbe.<\/p>\n<p>&nbsp;<\/p>\n<p>Sein Geheimnis liegt in der Auswahl des Rohmaterials, der Geduld und der Ruhe in unseren nat\u00fcrlichen Kellern. Dieser Prozess gipfelt in dem besten Iberico Bellota Vorderschinken, den Sie je gekostet haben \u2013 ein exquisiter und unvergesslicher Geschmack. Nur au\u00dfergew\u00f6hnliche St\u00fccke werden als Alta Gastronom\u00eda eingestuft.<\/p>\n","protected":false},"excerpt":{"rendered":"<p>Die besten Geschenke kommen immer in kleinen Boxen, deshalb empfehlen wir dieses ideale Geschenkformat: 2 Boxen mit je 10 P\u00e4ckchen \u00e0 100 g Iberico Bellota Vorderschinken 75% Iberische Rasse Alta Gastronom\u00eda. &nbsp; Mit jedem 100 g P\u00e4ckchen Bellota Vorderschinken von FISAN k\u00f6nnen Sie die S\u00fc\u00dfe, den intensiven Geschmack, das tiefe, frische und lang anhaltende Aroma &#8230; <a title=\"Iberico Bellota Vorderschinken 75% Iberische Rasse Alta Gastronomia Von Hand geschnitten &#8211; Deluxe\" class=\"read-more\" href=\"https:\/\/www.fisan.com\/de\/shop\/75-bellota-iberico-vorderschinken-von-hand-geschnitten-deluxe\/\" aria-label=\"Mehr Informationen \u00fcber Iberico Bellota Vorderschinken 75% Iberische Rasse Alta Gastronomia Von Hand geschnitten &#8211; Deluxe\">Weiterlesen<\/a><\/p>\n","protected":false},"featured_media":24526,"template":"","meta":{"_acf_changed":false,"_wp_rev_ctl_limit":""},"product_brand":[],"product_cat":[348,382],"product_tag":[306],"gama":[436],"calidad":[441],"class_list":{"0":"post-34074","1":"product","2":"type-product","3":"status-publish","4":"has-post-thumbnail","6":"product_cat-2-schweineschulter","7":"product_cat-8-von-hand-geschnitten-in-scheiben","8":"product_tag-ag","9":"gama-alta-gastronomia-de","10":"calidad-1-bellota-iberico-de","12":"first","13":"instock","14":"taxable","15":"shipping-taxable","16":"purchasable","17":"product-type-variable","18":"has-default-attributes"},"acf":[],"yoast_head":"<!-- This site is optimized with the Yoast SEO plugin v25.4 - https:\/\/yoast.com\/wordpress\/plugins\/seo\/ -->\n<title>Iberico Bellota Vorderschinken 75% Iberische Rasse Alta Gastronomia Von Hand geschnitten - Deluxe | FISAN<\/title>\n<meta name=\"description\" content=\"Iberico Bellota Vorderschinken 75% Iberische Rasse Von Hand geschnitten - Deluxe FISAN.\" \/>\n<meta name=\"robots\" content=\"index, follow, max-snippet:-1, max-image-preview:large, max-video-preview:-1\" \/>\n<link rel=\"canonical\" href=\"https:\/\/www.fisan.com\/de\/shop\/75-bellota-iberico-vorderschinken-von-hand-geschnitten-deluxe\/\" \/>\n<meta property=\"og:locale\" content=\"de_DE\" \/>\n<meta property=\"og:type\" content=\"article\" \/>\n<meta property=\"og:title\" content=\"Iberico Bellota Vorderschinken 75% Iberische Rasse Alta Gastronomia Von Hand geschnitten - Deluxe | FISAN\" \/>\n<meta property=\"og:description\" content=\"Iberico Bellota Vorderschinken 75% Iberische Rasse Von Hand geschnitten - Deluxe FISAN.\" \/>\n<meta property=\"og:url\" content=\"https:\/\/www.fisan.com\/de\/shop\/75-bellota-iberico-vorderschinken-von-hand-geschnitten-deluxe\/\" \/>\n<meta property=\"og:site_name\" content=\"FISAN\" \/>\n<meta property=\"article:modified_time\" content=\"2024-11-26T08:41:17+00:00\" \/>\n<meta property=\"og:image\" content=\"https:\/\/www.fisan.com\/wp-content\/uploads\/2022\/10\/paleta-bellota-iberica-75-ag-2cm10-00.jpg\" \/>\n\t<meta property=\"og:image:width\" content=\"1200\" \/>\n\t<meta property=\"og:image:height\" content=\"2400\" \/>\n\t<meta property=\"og:image:type\" content=\"image\/jpeg\" \/>\n<meta name=\"twitter:card\" content=\"summary_large_image\" \/>\n<meta name=\"twitter:label1\" content=\"Verf\u00fcgbarkeit\" \/>\n\t<meta name=\"twitter:data1\" content=\"Auf Lager\" \/>\n<script type=\"application\/ld+json\" class=\"yoast-schema-graph\">{\n\t    \"@context\": \"https:\/\/schema.org\",\n\t    \"@graph\": [\n\t        {\n\t            \"@type\": \"WebPage\",\n\t            \"@id\": \"https:\/\/www.fisan.com\/de\/shop\/75-bellota-iberico-vorderschinken-von-hand-geschnitten-deluxe\/\",\n\t            \"url\": \"https:\/\/www.fisan.com\/de\/shop\/75-bellota-iberico-vorderschinken-von-hand-geschnitten-deluxe\/\",\n\t            \"name\": \"Iberico Bellota Vorderschinken 75% Iberische Rasse Alta Gastronomia Von Hand geschnitten - Deluxe | FISAN\",\n\t            \"isPartOf\": {\n\t                \"@id\": \"https:\/\/www.fisan.com\/de\/#website\"\n\t            },\n\t            \"primaryImageOfPage\": {\n\t                \"@id\": \"https:\/\/www.fisan.com\/de\/shop\/75-bellota-iberico-vorderschinken-von-hand-geschnitten-deluxe\/#primaryimage\"\n\t            },\n\t            \"image\": {\n\t                \"@id\": \"https:\/\/www.fisan.com\/de\/shop\/75-bellota-iberico-vorderschinken-von-hand-geschnitten-deluxe\/#primaryimage\"\n\t            },\n\t            \"thumbnailUrl\": \"https:\/\/www.fisan.com\/wp-content\/uploads\/2022\/10\/paleta-bellota-iberica-75-ag-2cm10-00.jpg\",\n\t            \"datePublished\": \"2022-11-17T18:31:35+00:00\",\n\t            \"dateModified\": \"2024-11-26T08:41:17+00:00\",\n\t            \"description\": \"Iberico Bellota Vorderschinken 75% Iberische Rasse Von Hand geschnitten - Deluxe FISAN.\",\n\t            \"breadcrumb\": {\n\t                \"@id\": \"https:\/\/www.fisan.com\/de\/shop\/75-bellota-iberico-vorderschinken-von-hand-geschnitten-deluxe\/#breadcrumb\"\n\t            },\n\t            \"inLanguage\": \"de\",\n\t            \"potentialAction\": [\n\t                {\n\t                    \"@type\": \"ReadAction\",\n\t                    \"target\": [\n\t                        \"https:\/\/www.fisan.com\/de\/shop\/75-bellota-iberico-vorderschinken-von-hand-geschnitten-deluxe\/\"\n\t                    ]\n\t                }\n\t            ]\n\t        },\n\t        {\n\t            \"@type\": \"ImageObject\",\n\t            \"inLanguage\": \"de\",\n\t            \"@id\": \"https:\/\/www.fisan.com\/de\/shop\/75-bellota-iberico-vorderschinken-von-hand-geschnitten-deluxe\/#primaryimage\",\n\t            \"url\": \"https:\/\/www.fisan.com\/wp-content\/uploads\/2022\/10\/paleta-bellota-iberica-75-ag-2cm10-00.jpg\",\n\t            \"contentUrl\": \"https:\/\/www.fisan.com\/wp-content\/uploads\/2022\/10\/paleta-bellota-iberica-75-ag-2cm10-00.jpg\",\n\t            \"width\": 1200,\n\t            \"height\": 2400,\n\t            \"caption\": \"Iberico Bellota Vorderschinken 75% Iberische Rasse FISAN\"\n\t        },\n\t        {\n\t            \"@type\": \"BreadcrumbList\",\n\t            \"@id\": \"https:\/\/www.fisan.com\/de\/shop\/75-bellota-iberico-vorderschinken-von-hand-geschnitten-deluxe\/#breadcrumb\",\n\t            \"itemListElement\": [\n\t                {\n\t                    \"@type\": \"ListItem\",\n\t                    \"position\": 1,\n\t                    \"name\": \"FISAN\",\n\t                    \"item\": \"https:\/\/www.fisan.com\/de\/\"\n\t                },\n\t                {\n\t                    \"@type\": \"ListItem\",\n\t                    \"position\": 2,\n\t                    \"name\": \"Produkte\",\n\t                    \"item\": \"https:\/\/www.fisan.com\/de\/produkte\/\"\n\t                },\n\t                {\n\t                    \"@type\": \"ListItem\",\n\t                    \"position\": 3,\n\t                    \"name\": \"Iberico Bellota Vorderschinken 75% Iberische Rasse Alta Gastronomia Von Hand geschnitten &#8211; Deluxe\"\n\t                }\n\t            ]\n\t        },\n\t        {\n\t            \"@type\": \"WebSite\",\n\t            \"@id\": \"https:\/\/www.fisan.com\/de\/#website\",\n\t            \"url\": \"https:\/\/www.fisan.com\/de\/\",\n\t            \"name\": \"FISAN\",\n\t            \"description\": \"FISAN | Jamones de bellota ib\u00e9rico y embutidos ib\u00e9ricos desde 1920\",\n\t            \"potentialAction\": [\n\t                {\n\t                    \"@type\": \"SearchAction\",\n\t                    \"target\": {\n\t                        \"@type\": \"EntryPoint\",\n\t                        \"urlTemplate\": \"https:\/\/www.fisan.com\/de\/?s={search_term_string}\"\n\t                    },\n\t                    \"query-input\": {\n\t                        \"@type\": \"PropertyValueSpecification\",\n\t                        \"valueRequired\": true,\n\t                        \"valueName\": \"search_term_string\"\n\t                    }\n\t                }\n\t            ],\n\t            \"inLanguage\": \"de\"\n\t        }\n\t    ]\n\t}<\/script>\n<meta property=\"og:availability\" content=\"instock\" \/>\n<meta property=\"product:availability\" content=\"instock\" \/>\n<meta property=\"product:retailer_item_id\" content=\"p-bi75CMD\" \/>\n<meta property=\"product:condition\" content=\"new\" \/>\n<!-- \/ Yoast SEO plugin. -->","yoast_head_json":{"title":"Iberico Bellota Vorderschinken 75% Iberische Rasse Alta Gastronomia Von Hand geschnitten - Deluxe | FISAN","description":"Iberico Bellota Vorderschinken 75% Iberische Rasse Von Hand geschnitten - Deluxe FISAN.","robots":{"index":"index","follow":"follow","max-snippet":"max-snippet:-1","max-image-preview":"max-image-preview:large","max-video-preview":"max-video-preview:-1"},"canonical":"https:\/\/www.fisan.com\/de\/shop\/75-bellota-iberico-vorderschinken-von-hand-geschnitten-deluxe\/","og_locale":"de_DE","og_type":"article","og_title":"Iberico Bellota Vorderschinken 75% Iberische Rasse Alta Gastronomia Von Hand geschnitten - Deluxe | FISAN","og_description":"Iberico Bellota Vorderschinken 75% Iberische Rasse Von Hand geschnitten - Deluxe FISAN.","og_url":"https:\/\/www.fisan.com\/de\/shop\/75-bellota-iberico-vorderschinken-von-hand-geschnitten-deluxe\/","og_site_name":"FISAN","article_modified_time":"2024-11-26T08:41:17+00:00","og_image":[{"width":1200,"height":2400,"url":"https:\/\/www.fisan.com\/wp-content\/uploads\/2022\/10\/paleta-bellota-iberica-75-ag-2cm10-00.jpg","type":"image\/jpeg"}],"twitter_card":"summary_large_image","twitter_misc":{"Verf\u00fcgbarkeit":"Auf Lager"},"schema":{"@context":"https:\/\/schema.org","@graph":[{"@type":"WebPage","@id":"https:\/\/www.fisan.com\/de\/shop\/75-bellota-iberico-vorderschinken-von-hand-geschnitten-deluxe\/","url":"https:\/\/www.fisan.com\/de\/shop\/75-bellota-iberico-vorderschinken-von-hand-geschnitten-deluxe\/","name":"Iberico Bellota Vorderschinken 75% Iberische Rasse Alta Gastronomia Von Hand geschnitten - Deluxe | FISAN","isPartOf":{"@id":"https:\/\/www.fisan.com\/de\/#website"},"primaryImageOfPage":{"@id":"https:\/\/www.fisan.com\/de\/shop\/75-bellota-iberico-vorderschinken-von-hand-geschnitten-deluxe\/#primaryimage"},"image":{"@id":"https:\/\/www.fisan.com\/de\/shop\/75-bellota-iberico-vorderschinken-von-hand-geschnitten-deluxe\/#primaryimage"},"thumbnailUrl":"https:\/\/www.fisan.com\/wp-content\/uploads\/2022\/10\/paleta-bellota-iberica-75-ag-2cm10-00.jpg","datePublished":"2022-11-17T18:31:35+00:00","dateModified":"2024-11-26T08:41:17+00:00","description":"Iberico Bellota Vorderschinken 75% Iberische Rasse Von Hand geschnitten - Deluxe FISAN.","breadcrumb":{"@id":"https:\/\/www.fisan.com\/de\/shop\/75-bellota-iberico-vorderschinken-von-hand-geschnitten-deluxe\/#breadcrumb"},"inLanguage":"de","potentialAction":[{"@type":"ReadAction","target":["https:\/\/www.fisan.com\/de\/shop\/75-bellota-iberico-vorderschinken-von-hand-geschnitten-deluxe\/"]}]},{"@type":"ImageObject","inLanguage":"de","@id":"https:\/\/www.fisan.com\/de\/shop\/75-bellota-iberico-vorderschinken-von-hand-geschnitten-deluxe\/#primaryimage","url":"https:\/\/www.fisan.com\/wp-content\/uploads\/2022\/10\/paleta-bellota-iberica-75-ag-2cm10-00.jpg","contentUrl":"https:\/\/www.fisan.com\/wp-content\/uploads\/2022\/10\/paleta-bellota-iberica-75-ag-2cm10-00.jpg","width":1200,"height":2400,"caption":"Iberico Bellota Vorderschinken 75% Iberische Rasse FISAN"},{"@type":"BreadcrumbList","@id":"https:\/\/www.fisan.com\/de\/shop\/75-bellota-iberico-vorderschinken-von-hand-geschnitten-deluxe\/#breadcrumb","itemListElement":[{"@type":"ListItem","position":1,"name":"FISAN","item":"https:\/\/www.fisan.com\/de\/"},{"@type":"ListItem","position":2,"name":"Produkte","item":"https:\/\/www.fisan.com\/de\/produkte\/"},{"@type":"ListItem","position":3,"name":"Iberico Bellota Vorderschinken 75% Iberische Rasse Alta Gastronomia Von Hand geschnitten &#8211; Deluxe"}]},{"@type":"WebSite","@id":"https:\/\/www.fisan.com\/de\/#website","url":"https:\/\/www.fisan.com\/de\/","name":"FISAN","description":"FISAN | Jamones de bellota ib\u00e9rico y embutidos ib\u00e9ricos desde 1920","potentialAction":[{"@type":"SearchAction","target":{"@type":"EntryPoint","urlTemplate":"https:\/\/www.fisan.com\/de\/?s={search_term_string}"},"query-input":{"@type":"PropertyValueSpecification","valueRequired":true,"valueName":"search_term_string"}}],"inLanguage":"de"}]},"og_availability":"instock","product_availability":"instock","product_retailer_item_id":"p-bi75CMD","product_condition":"new"},"_links":{"self":[{"href":"https:\/\/www.fisan.com\/de\/wp-json\/wp\/v2\/product\/34074","targetHints":{"allow":["GET"]}}],"collection":[{"href":"https:\/\/www.fisan.com\/de\/wp-json\/wp\/v2\/product"}],"about":[{"href":"https:\/\/www.fisan.com\/de\/wp-json\/wp\/v2\/types\/product"}],"version-history":[{"count":10,"href":"https:\/\/www.fisan.com\/de\/wp-json\/wp\/v2\/product\/34074\/revisions"}],"predecessor-version":[{"id":51803,"href":"https:\/\/www.fisan.com\/de\/wp-json\/wp\/v2\/product\/34074\/revisions\/51803"}],"wp:featuredmedia":[{"embeddable":true,"href":"https:\/\/www.fisan.com\/de\/wp-json\/wp\/v2\/media\/24526"}],"wp:attachment":[{"href":"https:\/\/www.fisan.com\/de\/wp-json\/wp\/v2\/media?parent=34074"}],"wp:term":[{"taxonomy":"product_brand","embeddable":true,"href":"https:\/\/www.fisan.com\/de\/wp-json\/wp\/v2\/product_brand?post=34074"},{"taxonomy":"product_cat","embeddable":true,"href":"https:\/\/www.fisan.com\/de\/wp-json\/wp\/v2\/product_cat?post=34074"},{"taxonomy":"product_tag","embeddable":true,"href":"https:\/\/www.fisan.com\/de\/wp-json\/wp\/v2\/product_tag?post=34074"},{"taxonomy":"gama","embeddable":true,"href":"https:\/\/www.fisan.com\/de\/wp-json\/wp\/v2\/gama?post=34074"},{"taxonomy":"calidad","embeddable":true,"href":"https:\/\/www.fisan.com\/de\/wp-json\/wp\/v2\/calidad?post=34074"}],"curies":[{"name":"wp","href":"https:\/\/api.w.org\/{rel}","templated":true}]}}