{"id":34247,"date":"2022-11-18T11:46:10","date_gmt":"2022-11-18T10:46:10","guid":{"rendered":"https:\/\/www.fisan.com\/producto\/cebo-de-campo-iberico-schinken-50-iberico-rasse-von-hand-geschnitten\/"},"modified":"2024-10-15T15:54:36","modified_gmt":"2024-10-15T13:54:36","slug":"cebo-de-campo-iberico-schinken-50-iberische-rasse-von-hand-geschnitten","status":"publish","type":"product","link":"https:\/\/www.fisan.com\/de\/shop\/cebo-de-campo-iberico-schinken-50-iberico-rasse-von-hand-geschnitten\/","title":{"rendered":"Cebo de Campo Iberico Schinken 50% Iberische Rasse Von Hand geschnitten"},"content":{"rendered":"<p>Jetzt k\u00f6nnen Sie den besten Cebo de Campo Iberico Schinken 50% Iberische Rasse in Scheiben genie\u00dfen.<\/p>\n<p>&nbsp;<\/p>\n<p><strong>30 P\u00e4ckchen \u00e0 100 Gramm in einer eleganten Box<\/strong>, ideal als Geschenk oder einfach, um den traditionellen Geschmack der Iberico Produkte von FISAN zu genie\u00dfen.<\/p>\n<p>&nbsp;<\/p>\n<p>Die St\u00fccke des Cebo de Campo Iberico Schinken 50% Iberische Rasse stammen von iberischen Schweinen in Freilandhaltung. Ihre Nahrung basiert auf nat\u00fcrlichem Futter und den Ressourcen des Weidelandes. Das Aroma und die S\u00fc\u00dfe machen jedes St\u00fcck zu einer Delikatesse, die den Gaumen von Gastronomie-Liebhabern erfreut.<\/p>\n","protected":false},"excerpt":{"rendered":"<p>Jetzt k\u00f6nnen Sie den besten Cebo de Campo Iberico Schinken 50% Iberische Rasse in Scheiben genie\u00dfen. &nbsp; 30 P\u00e4ckchen \u00e0 100 Gramm in einer eleganten Box, ideal als Geschenk oder einfach, um den traditionellen Geschmack der Iberico Produkte von FISAN zu genie\u00dfen. &nbsp; Die St\u00fccke des Cebo de Campo Iberico Schinken 50% Iberische Rasse stammen &#8230; <a title=\"Cebo de Campo Iberico Schinken 50% Iberische Rasse Von Hand geschnitten\" class=\"read-more\" href=\"https:\/\/www.fisan.com\/de\/shop\/cebo-de-campo-iberico-schinken-50-iberico-rasse-von-hand-geschnitten\/\" aria-label=\"Mehr Informationen \u00fcber Cebo de Campo Iberico Schinken 50% Iberische Rasse Von Hand geschnitten\">Weiterlesen<\/a><\/p>\n","protected":false},"featured_media":29929,"template":"","meta":{"_acf_changed":false,"_wp_rev_ctl_limit":""},"product_brand":[],"product_cat":[305,382],"product_tag":[520],"gama":[1373],"calidad":[504],"class_list":{"0":"post-34247","1":"product","2":"type-product","3":"status-publish","4":"has-post-thumbnail","6":"product_cat-produkte-iberico-schinken","7":"product_cat-8-von-hand-geschnitten-in-scheiben","8":"product_tag-st","9":"gama-sabor-tradicional-de-2","10":"calidad-2-cebo-de-campo-iberico-de","12":"first","13":"no_disponible_online","14":"taxable","15":"shipping-taxable","16":"product-type-simple"},"acf":[],"yoast_head":"<!-- This site is optimized with the Yoast SEO plugin v25.4 - https:\/\/yoast.com\/wordpress\/plugins\/seo\/ -->\n<title>Cebo de Campo Iberico Schinken 50% Iberische Rasse Von Hand geschnitten | FISAN<\/title>\n<meta name=\"description\" content=\"Cebo de Campo Iberico Schinken 50% Iberische Rasse Von Hand geschnitten FISAN.\" \/>\n<meta name=\"robots\" content=\"index, follow, max-snippet:-1, max-image-preview:large, max-video-preview:-1\" \/>\n<link rel=\"canonical\" href=\"https:\/\/www.fisan.com\/de\/shop\/cebo-de-campo-iberico-schinken-50-iberico-rasse-von-hand-geschnitten\/\" \/>\n<meta property=\"og:locale\" content=\"de_DE\" \/>\n<meta property=\"og:type\" content=\"article\" \/>\n<meta property=\"og:title\" content=\"Cebo de Campo Iberico Schinken 50% Iberische Rasse Von Hand geschnitten | FISAN\" \/>\n<meta property=\"og:description\" content=\"Cebo de Campo Iberico Schinken 50% Iberische Rasse Von Hand geschnitten FISAN.\" \/>\n<meta property=\"og:url\" content=\"https:\/\/www.fisan.com\/de\/shop\/cebo-de-campo-iberico-schinken-50-iberico-rasse-von-hand-geschnitten\/\" \/>\n<meta property=\"og:site_name\" content=\"FISAN\" \/>\n<meta property=\"article:modified_time\" content=\"2024-10-15T13:54:36+00:00\" \/>\n<meta property=\"og:image\" content=\"https:\/\/www.fisan.com\/wp-content\/uploads\/2022\/11\/jamon-cebocampo-iberico-50-st-cm-00.jpg\" \/>\n\t<meta property=\"og:image:width\" content=\"1200\" \/>\n\t<meta property=\"og:image:height\" content=\"2400\" \/>\n\t<meta property=\"og:image:type\" content=\"image\/jpeg\" \/>\n<meta name=\"twitter:card\" content=\"summary_large_image\" \/>\n<meta name=\"twitter:label1\" content=\"Preis\" \/>\n\t<meta name=\"twitter:data1\" content=\"\" \/>\n\t<meta name=\"twitter:label2\" content=\"Verf\u00fcgbarkeit\" \/>\n\t<meta name=\"twitter:data2\" content=\"Auf Lager\" \/>\n<script type=\"application\/ld+json\" class=\"yoast-schema-graph\">{\n\t    \"@context\": \"https:\/\/schema.org\",\n\t    \"@graph\": [\n\t        {\n\t            \"@type\": \"WebPage\",\n\t            \"@id\": \"https:\/\/www.fisan.com\/de\/shop\/cebo-de-campo-iberico-schinken-50-iberico-rasse-von-hand-geschnitten\/\",\n\t            \"url\": \"https:\/\/www.fisan.com\/de\/shop\/cebo-de-campo-iberico-schinken-50-iberico-rasse-von-hand-geschnitten\/\",\n\t            \"name\": \"Cebo de Campo Iberico Schinken 50% Iberische Rasse Von Hand geschnitten | FISAN\",\n\t            \"isPartOf\": {\n\t                \"@id\": \"https:\/\/www.fisan.com\/de\/#website\"\n\t            },\n\t            \"primaryImageOfPage\": {\n\t                \"@id\": \"https:\/\/www.fisan.com\/de\/shop\/cebo-de-campo-iberico-schinken-50-iberico-rasse-von-hand-geschnitten\/#primaryimage\"\n\t            },\n\t            \"image\": {\n\t                \"@id\": \"https:\/\/www.fisan.com\/de\/shop\/cebo-de-campo-iberico-schinken-50-iberico-rasse-von-hand-geschnitten\/#primaryimage\"\n\t            },\n\t            \"thumbnailUrl\": \"https:\/\/www.fisan.com\/wp-content\/uploads\/2022\/11\/jamon-cebocampo-iberico-50-st-cm-00.jpg\",\n\t            \"datePublished\": \"2022-11-18T10:46:10+00:00\",\n\t            \"dateModified\": \"2024-10-15T13:54:36+00:00\",\n\t            \"description\": \"Cebo de Campo Iberico Schinken 50% Iberische Rasse Von Hand geschnitten FISAN.\",\n\t            \"breadcrumb\": {\n\t                \"@id\": \"https:\/\/www.fisan.com\/de\/shop\/cebo-de-campo-iberico-schinken-50-iberico-rasse-von-hand-geschnitten\/#breadcrumb\"\n\t            },\n\t            \"inLanguage\": \"de\",\n\t            \"potentialAction\": [\n\t                {\n\t                    \"@type\": \"ReadAction\",\n\t                    \"target\": [\n\t                        \"https:\/\/www.fisan.com\/de\/shop\/cebo-de-campo-iberico-schinken-50-iberico-rasse-von-hand-geschnitten\/\"\n\t                    ]\n\t                }\n\t            ]\n\t        },\n\t        {\n\t            \"@type\": \"ImageObject\",\n\t            \"inLanguage\": \"de\",\n\t            \"@id\": \"https:\/\/www.fisan.com\/de\/shop\/cebo-de-campo-iberico-schinken-50-iberico-rasse-von-hand-geschnitten\/#primaryimage\",\n\t            \"url\": \"https:\/\/www.fisan.com\/wp-content\/uploads\/2022\/11\/jamon-cebocampo-iberico-50-st-cm-00.jpg\",\n\t            \"contentUrl\": \"https:\/\/www.fisan.com\/wp-content\/uploads\/2022\/11\/jamon-cebocampo-iberico-50-st-cm-00.jpg\",\n\t            \"width\": 1200,\n\t            \"height\": 2400,\n\t            \"caption\": \"jamon-cebocampo-iberico-50\"\n\t        },\n\t        {\n\t            \"@type\": \"BreadcrumbList\",\n\t            \"@id\": \"https:\/\/www.fisan.com\/de\/shop\/cebo-de-campo-iberico-schinken-50-iberico-rasse-von-hand-geschnitten\/#breadcrumb\",\n\t            \"itemListElement\": [\n\t                {\n\t                    \"@type\": \"ListItem\",\n\t                    \"position\": 1,\n\t                    \"name\": \"FISAN\",\n\t                    \"item\": \"https:\/\/www.fisan.com\/de\/\"\n\t                },\n\t                {\n\t                    \"@type\": \"ListItem\",\n\t                    \"position\": 2,\n\t                    \"name\": \"Produkte\",\n\t                    \"item\": \"https:\/\/www.fisan.com\/de\/produkte\/\"\n\t                },\n\t                {\n\t                    \"@type\": \"ListItem\",\n\t                    \"position\": 3,\n\t                    \"name\": \"Cebo de Campo Iberico Schinken 50% Iberische Rasse Von Hand geschnitten\"\n\t                }\n\t            ]\n\t        },\n\t        {\n\t            \"@type\": \"WebSite\",\n\t            \"@id\": \"https:\/\/www.fisan.com\/de\/#website\",\n\t            \"url\": \"https:\/\/www.fisan.com\/de\/\",\n\t            \"name\": \"FISAN\",\n\t            \"description\": \"FISAN | Jamones de bellota ib\u00e9rico y embutidos ib\u00e9ricos desde 1920\",\n\t            \"potentialAction\": [\n\t                {\n\t                    \"@type\": \"SearchAction\",\n\t                    \"target\": {\n\t                        \"@type\": \"EntryPoint\",\n\t                        \"urlTemplate\": \"https:\/\/www.fisan.com\/de\/?s={search_term_string}\"\n\t                    },\n\t                    \"query-input\": {\n\t                        \"@type\": \"PropertyValueSpecification\",\n\t                        \"valueRequired\": true,\n\t                        \"valueName\": \"search_term_string\"\n\t                    }\n\t                }\n\t            ],\n\t            \"inLanguage\": \"de\"\n\t        }\n\t    ]\n\t}<\/script>\n<meta property=\"product:price:currency\" content=\"EUR\" \/>\n<meta property=\"og:availability\" content=\"instock\" \/>\n<meta property=\"product:availability\" content=\"instock\" \/>\n<meta property=\"product:retailer_item_id\" content=\"j-cc50CM\" \/>\n<meta property=\"product:condition\" content=\"new\" \/>\n<!-- \/ Yoast SEO plugin. -->","yoast_head_json":{"title":"Cebo de Campo Iberico Schinken 50% Iberische Rasse Von Hand geschnitten | FISAN","description":"Cebo de Campo Iberico Schinken 50% Iberische Rasse Von Hand geschnitten FISAN.","robots":{"index":"index","follow":"follow","max-snippet":"max-snippet:-1","max-image-preview":"max-image-preview:large","max-video-preview":"max-video-preview:-1"},"canonical":"https:\/\/www.fisan.com\/de\/shop\/cebo-de-campo-iberico-schinken-50-iberico-rasse-von-hand-geschnitten\/","og_locale":"de_DE","og_type":"article","og_title":"Cebo de Campo Iberico Schinken 50% Iberische Rasse Von Hand geschnitten | FISAN","og_description":"Cebo de Campo Iberico Schinken 50% Iberische Rasse Von Hand geschnitten FISAN.","og_url":"https:\/\/www.fisan.com\/de\/shop\/cebo-de-campo-iberico-schinken-50-iberico-rasse-von-hand-geschnitten\/","og_site_name":"FISAN","article_modified_time":"2024-10-15T13:54:36+00:00","og_image":[{"width":1200,"height":2400,"url":"https:\/\/www.fisan.com\/wp-content\/uploads\/2022\/11\/jamon-cebocampo-iberico-50-st-cm-00.jpg","type":"image\/jpeg"}],"twitter_card":"summary_large_image","twitter_misc":{"Preis":"","Verf\u00fcgbarkeit":"Auf Lager"},"schema":{"@context":"https:\/\/schema.org","@graph":[{"@type":"WebPage","@id":"https:\/\/www.fisan.com\/de\/shop\/cebo-de-campo-iberico-schinken-50-iberico-rasse-von-hand-geschnitten\/","url":"https:\/\/www.fisan.com\/de\/shop\/cebo-de-campo-iberico-schinken-50-iberico-rasse-von-hand-geschnitten\/","name":"Cebo de Campo Iberico Schinken 50% Iberische Rasse Von Hand geschnitten | FISAN","isPartOf":{"@id":"https:\/\/www.fisan.com\/de\/#website"},"primaryImageOfPage":{"@id":"https:\/\/www.fisan.com\/de\/shop\/cebo-de-campo-iberico-schinken-50-iberico-rasse-von-hand-geschnitten\/#primaryimage"},"image":{"@id":"https:\/\/www.fisan.com\/de\/shop\/cebo-de-campo-iberico-schinken-50-iberico-rasse-von-hand-geschnitten\/#primaryimage"},"thumbnailUrl":"https:\/\/www.fisan.com\/wp-content\/uploads\/2022\/11\/jamon-cebocampo-iberico-50-st-cm-00.jpg","datePublished":"2022-11-18T10:46:10+00:00","dateModified":"2024-10-15T13:54:36+00:00","description":"Cebo de Campo Iberico Schinken 50% Iberische Rasse Von Hand geschnitten FISAN.","breadcrumb":{"@id":"https:\/\/www.fisan.com\/de\/shop\/cebo-de-campo-iberico-schinken-50-iberico-rasse-von-hand-geschnitten\/#breadcrumb"},"inLanguage":"de","potentialAction":[{"@type":"ReadAction","target":["https:\/\/www.fisan.com\/de\/shop\/cebo-de-campo-iberico-schinken-50-iberico-rasse-von-hand-geschnitten\/"]}]},{"@type":"ImageObject","inLanguage":"de","@id":"https:\/\/www.fisan.com\/de\/shop\/cebo-de-campo-iberico-schinken-50-iberico-rasse-von-hand-geschnitten\/#primaryimage","url":"https:\/\/www.fisan.com\/wp-content\/uploads\/2022\/11\/jamon-cebocampo-iberico-50-st-cm-00.jpg","contentUrl":"https:\/\/www.fisan.com\/wp-content\/uploads\/2022\/11\/jamon-cebocampo-iberico-50-st-cm-00.jpg","width":1200,"height":2400,"caption":"jamon-cebocampo-iberico-50"},{"@type":"BreadcrumbList","@id":"https:\/\/www.fisan.com\/de\/shop\/cebo-de-campo-iberico-schinken-50-iberico-rasse-von-hand-geschnitten\/#breadcrumb","itemListElement":[{"@type":"ListItem","position":1,"name":"FISAN","item":"https:\/\/www.fisan.com\/de\/"},{"@type":"ListItem","position":2,"name":"Produkte","item":"https:\/\/www.fisan.com\/de\/produkte\/"},{"@type":"ListItem","position":3,"name":"Cebo de Campo Iberico Schinken 50% Iberische Rasse Von Hand geschnitten"}]},{"@type":"WebSite","@id":"https:\/\/www.fisan.com\/de\/#website","url":"https:\/\/www.fisan.com\/de\/","name":"FISAN","description":"FISAN | Jamones de bellota ib\u00e9rico y embutidos ib\u00e9ricos desde 1920","potentialAction":[{"@type":"SearchAction","target":{"@type":"EntryPoint","urlTemplate":"https:\/\/www.fisan.com\/de\/?s={search_term_string}"},"query-input":{"@type":"PropertyValueSpecification","valueRequired":true,"valueName":"search_term_string"}}],"inLanguage":"de"}]},"product_price_currency":"EUR","og_availability":"instock","product_availability":"instock","product_retailer_item_id":"j-cc50CM","product_condition":"new"},"_links":{"self":[{"href":"https:\/\/www.fisan.com\/de\/wp-json\/wp\/v2\/product\/34247","targetHints":{"allow":["GET"]}}],"collection":[{"href":"https:\/\/www.fisan.com\/de\/wp-json\/wp\/v2\/product"}],"about":[{"href":"https:\/\/www.fisan.com\/de\/wp-json\/wp\/v2\/types\/product"}],"version-history":[{"count":5,"href":"https:\/\/www.fisan.com\/de\/wp-json\/wp\/v2\/product\/34247\/revisions"}],"predecessor-version":[{"id":49079,"href":"https:\/\/www.fisan.com\/de\/wp-json\/wp\/v2\/product\/34247\/revisions\/49079"}],"wp:featuredmedia":[{"embeddable":true,"href":"https:\/\/www.fisan.com\/de\/wp-json\/wp\/v2\/media\/29929"}],"wp:attachment":[{"href":"https:\/\/www.fisan.com\/de\/wp-json\/wp\/v2\/media?parent=34247"}],"wp:term":[{"taxonomy":"product_brand","embeddable":true,"href":"https:\/\/www.fisan.com\/de\/wp-json\/wp\/v2\/product_brand?post=34247"},{"taxonomy":"product_cat","embeddable":true,"href":"https:\/\/www.fisan.com\/de\/wp-json\/wp\/v2\/product_cat?post=34247"},{"taxonomy":"product_tag","embeddable":true,"href":"https:\/\/www.fisan.com\/de\/wp-json\/wp\/v2\/product_tag?post=34247"},{"taxonomy":"gama","embeddable":true,"href":"https:\/\/www.fisan.com\/de\/wp-json\/wp\/v2\/gama?post=34247"},{"taxonomy":"calidad","embeddable":true,"href":"https:\/\/www.fisan.com\/de\/wp-json\/wp\/v2\/calidad?post=34247"}],"curies":[{"name":"wp","href":"https:\/\/api.w.org\/{rel}","templated":true}]}}