{"id":34267,"date":"2022-11-18T13:05:11","date_gmt":"2022-11-18T12:05:11","guid":{"rendered":"https:\/\/www.fisan.com\/producto\/cebo-de-campo-iberico-lende-50-iberico-rasse-geschnittene-scheiben\/"},"modified":"2024-10-15T15:59:47","modified_gmt":"2024-10-15T13:59:47","slug":"cebo-de-campo-iberico-lende-50-iberico-rasse-geschnittene-scheiben","status":"publish","type":"product","link":"https:\/\/www.fisan.com\/de\/shop\/cebo-de-campo-iberico-lende-50-iberico-rasse-geschnittene-scheiben\/","title":{"rendered":"Cebo de Campo Ib\u00e9rico Lende 50% Ib\u00e9rico-Rasse Geschnittene Scheiben"},"content":{"rendered":"<p>Die bequemste Art und Weise, eine Cebo de Campo Iberico Lomo zu genie\u00dfen, ist in Scheiben geschnitten.<\/p>\n<p>&nbsp;<\/p>\n<p>Unsere Cebo de Campo Iberico Lomo 50 % Iberico Rasse kommt in einer Geschenk-Verpackung, perfekt f\u00fcr jede Gelegenheit, ist geschnitten und verpackt in <strong>10 P\u00e4ckchen \u00e0 100 g.<\/strong> Perfekt, um sie zusammen zu genie\u00dfen.<\/p>\n<p>&nbsp;<\/p>\n<p>Eines der edelsten St\u00fccke Schweinefleisch. 100 % nat\u00fcrlich. Hergestellt mit traditioneller Marinade (Adobo) auf Basis von Paprikapulver \u201ePiment\u00f3n de la Vera\u201c und Salz. Ihre Fettinfiltration macht sie zu einem der schmackhaftesten und zartesten St\u00fccke.<\/p>\n<p>&nbsp;<\/p>\n<p>Die Cebo de Campo Iberico Schweinelenden von FISAN werden mehr als 90 Tage in nat\u00fcrlichen Trockenr\u00e4umen gereift, um ihren wahren Geschmack zu f\u00f6rdern.<\/p>\n","protected":false},"excerpt":{"rendered":"<p>Die bequemste Art und Weise, eine Cebo de Campo Iberico Lomo zu genie\u00dfen, ist in Scheiben geschnitten. &nbsp; Unsere Cebo de Campo Iberico Lomo 50 % Iberico Rasse kommt in einer Geschenk-Verpackung, perfekt f\u00fcr jede Gelegenheit, ist geschnitten und verpackt in 10 P\u00e4ckchen \u00e0 100 g. Perfekt, um sie zusammen zu genie\u00dfen. &nbsp; Eines der &#8230; <a title=\"Cebo de Campo Ib\u00e9rico Lende 50% Ib\u00e9rico-Rasse Geschnittene Scheiben\" class=\"read-more\" href=\"https:\/\/www.fisan.com\/de\/shop\/cebo-de-campo-iberico-lende-50-iberico-rasse-geschnittene-scheiben\/\" aria-label=\"Mehr Informationen \u00fcber Cebo de Campo Ib\u00e9rico Lende 50% Ib\u00e9rico-Rasse Geschnittene Scheiben\">Weiterlesen<\/a><\/p>\n","protected":false},"featured_media":24990,"template":"","meta":{"_acf_changed":false,"_wp_rev_ctl_limit":""},"product_brand":[],"product_cat":[355,382],"product_tag":[520],"gama":[1373],"calidad":[504],"class_list":{"0":"post-34267","1":"product","2":"type-product","3":"status-publish","4":"has-post-thumbnail","6":"product_cat-produkte-lende","7":"product_cat-8-von-hand-geschnitten-in-scheiben","8":"product_tag-st","9":"gama-sabor-tradicional-de-2","10":"calidad-2-cebo-de-campo-iberico-de","12":"first","13":"instock","14":"taxable","15":"shipping-taxable","16":"purchasable","17":"product-type-variable","18":"has-default-attributes"},"acf":[],"yoast_head":"<!-- This site is optimized with the Yoast SEO plugin v25.4 - https:\/\/yoast.com\/wordpress\/plugins\/seo\/ -->\n<title>Cebo de Campo Ib\u00e9rico Lende 50% Ib\u00e9rico-Rasse Geschnittene Scheiben | FISAN<\/title>\n<meta name=\"description\" content=\"Cebo de Campo Ib\u00e9rico Lende 50 % Ib\u00e9rico-Rasse In Scheiben FISAN.\" \/>\n<meta name=\"robots\" content=\"index, follow, max-snippet:-1, max-image-preview:large, max-video-preview:-1\" \/>\n<link rel=\"canonical\" href=\"https:\/\/www.fisan.com\/de\/shop\/cebo-de-campo-iberico-lende-50-iberico-rasse-geschnittene-scheiben\/\" \/>\n<meta property=\"og:locale\" content=\"de_DE\" \/>\n<meta property=\"og:type\" content=\"article\" \/>\n<meta property=\"og:title\" content=\"Cebo de Campo Ib\u00e9rico Lende 50% Ib\u00e9rico-Rasse Geschnittene Scheiben | FISAN\" \/>\n<meta property=\"og:description\" content=\"Cebo de Campo Ib\u00e9rico Lende 50 % Ib\u00e9rico-Rasse In Scheiben FISAN.\" \/>\n<meta property=\"og:url\" content=\"https:\/\/www.fisan.com\/de\/shop\/cebo-de-campo-iberico-lende-50-iberico-rasse-geschnittene-scheiben\/\" \/>\n<meta property=\"og:site_name\" content=\"FISAN\" \/>\n<meta property=\"article:modified_time\" content=\"2024-10-15T13:59:47+00:00\" \/>\n<meta property=\"og:image\" content=\"https:\/\/www.fisan.com\/wp-content\/uploads\/2022\/10\/lomo-cebocampo-iberico-50-st-cm-00.jpg\" \/>\n\t<meta property=\"og:image:width\" content=\"1200\" \/>\n\t<meta property=\"og:image:height\" content=\"2400\" \/>\n\t<meta property=\"og:image:type\" content=\"image\/jpeg\" \/>\n<meta name=\"twitter:card\" content=\"summary_large_image\" \/>\n<meta name=\"twitter:label1\" content=\"Verf\u00fcgbarkeit\" \/>\n\t<meta name=\"twitter:data1\" content=\"Auf Lager\" \/>\n<script type=\"application\/ld+json\" class=\"yoast-schema-graph\">{\n\t    \"@context\": \"https:\/\/schema.org\",\n\t    \"@graph\": [\n\t        {\n\t            \"@type\": \"WebPage\",\n\t            \"@id\": \"https:\/\/www.fisan.com\/de\/shop\/cebo-de-campo-iberico-lende-50-iberico-rasse-geschnittene-scheiben\/\",\n\t            \"url\": \"https:\/\/www.fisan.com\/de\/shop\/cebo-de-campo-iberico-lende-50-iberico-rasse-geschnittene-scheiben\/\",\n\t            \"name\": \"Cebo de Campo Ib\u00e9rico Lende 50% Ib\u00e9rico-Rasse Geschnittene Scheiben | FISAN\",\n\t            \"isPartOf\": {\n\t                \"@id\": \"https:\/\/www.fisan.com\/de\/#website\"\n\t            },\n\t            \"primaryImageOfPage\": {\n\t                \"@id\": \"https:\/\/www.fisan.com\/de\/shop\/cebo-de-campo-iberico-lende-50-iberico-rasse-geschnittene-scheiben\/#primaryimage\"\n\t            },\n\t            \"image\": {\n\t                \"@id\": \"https:\/\/www.fisan.com\/de\/shop\/cebo-de-campo-iberico-lende-50-iberico-rasse-geschnittene-scheiben\/#primaryimage\"\n\t            },\n\t            \"thumbnailUrl\": \"https:\/\/www.fisan.com\/wp-content\/uploads\/2022\/10\/lomo-cebocampo-iberico-50-st-cm-00.jpg\",\n\t            \"datePublished\": \"2022-11-18T12:05:11+00:00\",\n\t            \"dateModified\": \"2024-10-15T13:59:47+00:00\",\n\t            \"description\": \"Cebo de Campo Ib\u00e9rico Lende 50 % Ib\u00e9rico-Rasse In Scheiben FISAN.\",\n\t            \"breadcrumb\": {\n\t                \"@id\": \"https:\/\/www.fisan.com\/de\/shop\/cebo-de-campo-iberico-lende-50-iberico-rasse-geschnittene-scheiben\/#breadcrumb\"\n\t            },\n\t            \"inLanguage\": \"de\",\n\t            \"potentialAction\": [\n\t                {\n\t                    \"@type\": \"ReadAction\",\n\t                    \"target\": [\n\t                        \"https:\/\/www.fisan.com\/de\/shop\/cebo-de-campo-iberico-lende-50-iberico-rasse-geschnittene-scheiben\/\"\n\t                    ]\n\t                }\n\t            ]\n\t        },\n\t        {\n\t            \"@type\": \"ImageObject\",\n\t            \"inLanguage\": \"de\",\n\t            \"@id\": \"https:\/\/www.fisan.com\/de\/shop\/cebo-de-campo-iberico-lende-50-iberico-rasse-geschnittene-scheiben\/#primaryimage\",\n\t            \"url\": \"https:\/\/www.fisan.com\/wp-content\/uploads\/2022\/10\/lomo-cebocampo-iberico-50-st-cm-00.jpg\",\n\t            \"contentUrl\": \"https:\/\/www.fisan.com\/wp-content\/uploads\/2022\/10\/lomo-cebocampo-iberico-50-st-cm-00.jpg\",\n\t            \"width\": 1200,\n\t            \"height\": 2400,\n\t            \"caption\": \"CEBO DE CAMPO IBERICO LUFTGETROCKNETE LENDE 50% IBERISCHE RASSE FISAN\"\n\t        },\n\t        {\n\t            \"@type\": \"BreadcrumbList\",\n\t            \"@id\": \"https:\/\/www.fisan.com\/de\/shop\/cebo-de-campo-iberico-lende-50-iberico-rasse-geschnittene-scheiben\/#breadcrumb\",\n\t            \"itemListElement\": [\n\t                {\n\t                    \"@type\": \"ListItem\",\n\t                    \"position\": 1,\n\t                    \"name\": \"FISAN\",\n\t                    \"item\": \"https:\/\/www.fisan.com\/de\/\"\n\t                },\n\t                {\n\t                    \"@type\": \"ListItem\",\n\t                    \"position\": 2,\n\t                    \"name\": \"Produkte\",\n\t                    \"item\": \"https:\/\/www.fisan.com\/de\/produkte\/\"\n\t                },\n\t                {\n\t                    \"@type\": \"ListItem\",\n\t                    \"position\": 3,\n\t                    \"name\": \"Cebo de Campo Ib\u00e9rico Lende 50% Ib\u00e9rico-Rasse Geschnittene Scheiben\"\n\t                }\n\t            ]\n\t        },\n\t        {\n\t            \"@type\": \"WebSite\",\n\t            \"@id\": \"https:\/\/www.fisan.com\/de\/#website\",\n\t            \"url\": \"https:\/\/www.fisan.com\/de\/\",\n\t            \"name\": \"FISAN\",\n\t            \"description\": \"FISAN | Jamones de bellota ib\u00e9rico y embutidos ib\u00e9ricos desde 1920\",\n\t            \"potentialAction\": [\n\t                {\n\t                    \"@type\": \"SearchAction\",\n\t                    \"target\": {\n\t                        \"@type\": \"EntryPoint\",\n\t                        \"urlTemplate\": \"https:\/\/www.fisan.com\/de\/?s={search_term_string}\"\n\t                    },\n\t                    \"query-input\": {\n\t                        \"@type\": \"PropertyValueSpecification\",\n\t                        \"valueRequired\": true,\n\t                        \"valueName\": \"search_term_string\"\n\t                    }\n\t                }\n\t            ],\n\t            \"inLanguage\": \"de\"\n\t        }\n\t    ]\n\t}<\/script>\n<meta property=\"og:availability\" content=\"instock\" \/>\n<meta property=\"product:availability\" content=\"instock\" \/>\n<meta property=\"product:retailer_item_id\" content=\"l-cc50CL\" \/>\n<meta property=\"product:condition\" content=\"new\" \/>\n<!-- \/ Yoast SEO plugin. -->","yoast_head_json":{"title":"Cebo de Campo Ib\u00e9rico Lende 50% Ib\u00e9rico-Rasse Geschnittene Scheiben | FISAN","description":"Cebo de Campo Ib\u00e9rico Lende 50 % Ib\u00e9rico-Rasse In Scheiben FISAN.","robots":{"index":"index","follow":"follow","max-snippet":"max-snippet:-1","max-image-preview":"max-image-preview:large","max-video-preview":"max-video-preview:-1"},"canonical":"https:\/\/www.fisan.com\/de\/shop\/cebo-de-campo-iberico-lende-50-iberico-rasse-geschnittene-scheiben\/","og_locale":"de_DE","og_type":"article","og_title":"Cebo de Campo Ib\u00e9rico Lende 50% Ib\u00e9rico-Rasse Geschnittene Scheiben | FISAN","og_description":"Cebo de Campo Ib\u00e9rico Lende 50 % Ib\u00e9rico-Rasse In Scheiben FISAN.","og_url":"https:\/\/www.fisan.com\/de\/shop\/cebo-de-campo-iberico-lende-50-iberico-rasse-geschnittene-scheiben\/","og_site_name":"FISAN","article_modified_time":"2024-10-15T13:59:47+00:00","og_image":[{"width":1200,"height":2400,"url":"https:\/\/www.fisan.com\/wp-content\/uploads\/2022\/10\/lomo-cebocampo-iberico-50-st-cm-00.jpg","type":"image\/jpeg"}],"twitter_card":"summary_large_image","twitter_misc":{"Verf\u00fcgbarkeit":"Auf Lager"},"schema":{"@context":"https:\/\/schema.org","@graph":[{"@type":"WebPage","@id":"https:\/\/www.fisan.com\/de\/shop\/cebo-de-campo-iberico-lende-50-iberico-rasse-geschnittene-scheiben\/","url":"https:\/\/www.fisan.com\/de\/shop\/cebo-de-campo-iberico-lende-50-iberico-rasse-geschnittene-scheiben\/","name":"Cebo de Campo Ib\u00e9rico Lende 50% Ib\u00e9rico-Rasse Geschnittene Scheiben | FISAN","isPartOf":{"@id":"https:\/\/www.fisan.com\/de\/#website"},"primaryImageOfPage":{"@id":"https:\/\/www.fisan.com\/de\/shop\/cebo-de-campo-iberico-lende-50-iberico-rasse-geschnittene-scheiben\/#primaryimage"},"image":{"@id":"https:\/\/www.fisan.com\/de\/shop\/cebo-de-campo-iberico-lende-50-iberico-rasse-geschnittene-scheiben\/#primaryimage"},"thumbnailUrl":"https:\/\/www.fisan.com\/wp-content\/uploads\/2022\/10\/lomo-cebocampo-iberico-50-st-cm-00.jpg","datePublished":"2022-11-18T12:05:11+00:00","dateModified":"2024-10-15T13:59:47+00:00","description":"Cebo de Campo Ib\u00e9rico Lende 50 % Ib\u00e9rico-Rasse In Scheiben FISAN.","breadcrumb":{"@id":"https:\/\/www.fisan.com\/de\/shop\/cebo-de-campo-iberico-lende-50-iberico-rasse-geschnittene-scheiben\/#breadcrumb"},"inLanguage":"de","potentialAction":[{"@type":"ReadAction","target":["https:\/\/www.fisan.com\/de\/shop\/cebo-de-campo-iberico-lende-50-iberico-rasse-geschnittene-scheiben\/"]}]},{"@type":"ImageObject","inLanguage":"de","@id":"https:\/\/www.fisan.com\/de\/shop\/cebo-de-campo-iberico-lende-50-iberico-rasse-geschnittene-scheiben\/#primaryimage","url":"https:\/\/www.fisan.com\/wp-content\/uploads\/2022\/10\/lomo-cebocampo-iberico-50-st-cm-00.jpg","contentUrl":"https:\/\/www.fisan.com\/wp-content\/uploads\/2022\/10\/lomo-cebocampo-iberico-50-st-cm-00.jpg","width":1200,"height":2400,"caption":"CEBO DE CAMPO IBERICO LUFTGETROCKNETE LENDE 50% IBERISCHE RASSE FISAN"},{"@type":"BreadcrumbList","@id":"https:\/\/www.fisan.com\/de\/shop\/cebo-de-campo-iberico-lende-50-iberico-rasse-geschnittene-scheiben\/#breadcrumb","itemListElement":[{"@type":"ListItem","position":1,"name":"FISAN","item":"https:\/\/www.fisan.com\/de\/"},{"@type":"ListItem","position":2,"name":"Produkte","item":"https:\/\/www.fisan.com\/de\/produkte\/"},{"@type":"ListItem","position":3,"name":"Cebo de Campo Ib\u00e9rico Lende 50% Ib\u00e9rico-Rasse Geschnittene Scheiben"}]},{"@type":"WebSite","@id":"https:\/\/www.fisan.com\/de\/#website","url":"https:\/\/www.fisan.com\/de\/","name":"FISAN","description":"FISAN | Jamones de bellota ib\u00e9rico y embutidos ib\u00e9ricos desde 1920","potentialAction":[{"@type":"SearchAction","target":{"@type":"EntryPoint","urlTemplate":"https:\/\/www.fisan.com\/de\/?s={search_term_string}"},"query-input":{"@type":"PropertyValueSpecification","valueRequired":true,"valueName":"search_term_string"}}],"inLanguage":"de"}]},"og_availability":"instock","product_availability":"instock","product_retailer_item_id":"l-cc50CL","product_condition":"new"},"_links":{"self":[{"href":"https:\/\/www.fisan.com\/de\/wp-json\/wp\/v2\/product\/34267","targetHints":{"allow":["GET"]}}],"collection":[{"href":"https:\/\/www.fisan.com\/de\/wp-json\/wp\/v2\/product"}],"about":[{"href":"https:\/\/www.fisan.com\/de\/wp-json\/wp\/v2\/types\/product"}],"version-history":[{"count":7,"href":"https:\/\/www.fisan.com\/de\/wp-json\/wp\/v2\/product\/34267\/revisions"}],"predecessor-version":[{"id":49083,"href":"https:\/\/www.fisan.com\/de\/wp-json\/wp\/v2\/product\/34267\/revisions\/49083"}],"wp:featuredmedia":[{"embeddable":true,"href":"https:\/\/www.fisan.com\/de\/wp-json\/wp\/v2\/media\/24990"}],"wp:attachment":[{"href":"https:\/\/www.fisan.com\/de\/wp-json\/wp\/v2\/media?parent=34267"}],"wp:term":[{"taxonomy":"product_brand","embeddable":true,"href":"https:\/\/www.fisan.com\/de\/wp-json\/wp\/v2\/product_brand?post=34267"},{"taxonomy":"product_cat","embeddable":true,"href":"https:\/\/www.fisan.com\/de\/wp-json\/wp\/v2\/product_cat?post=34267"},{"taxonomy":"product_tag","embeddable":true,"href":"https:\/\/www.fisan.com\/de\/wp-json\/wp\/v2\/product_tag?post=34267"},{"taxonomy":"gama","embeddable":true,"href":"https:\/\/www.fisan.com\/de\/wp-json\/wp\/v2\/gama?post=34267"},{"taxonomy":"calidad","embeddable":true,"href":"https:\/\/www.fisan.com\/de\/wp-json\/wp\/v2\/calidad?post=34267"}],"curies":[{"name":"wp","href":"https:\/\/api.w.org\/{rel}","templated":true}]}}