{"id":34272,"date":"2022-11-18T13:14:50","date_gmt":"2022-11-18T12:14:50","guid":{"rendered":"https:\/\/www.fisan.com\/producto\/alta-gastronomia-bellota-iberico-chorizo-geschnittene-scheiben\/"},"modified":"2025-05-30T13:14:41","modified_gmt":"2025-05-30T11:14:41","slug":"iberico-bellota-chorizo-alta-gastronomia-geschnittene-scheiben","status":"publish","type":"product","link":"https:\/\/www.fisan.com\/de\/shop\/alta-gastronomia-bellota-iberico-chorizo-geschnittene-scheiben\/","title":{"rendered":"Iberico Bellota Chorizo Alta Gastronomia 100 % Nat\u00fcrlich Geschnittene Scheiben"},"content":{"rendered":"<p>&#8222;enie\u00dfen Sie die beste Iberico Bellota Chorizo Alta Gastronom\u00eda 100 % Nat\u00fcrlich in Scheiben geschnitten und jederzeit zum Verzehr bereit.<\/p>\n<p>&nbsp;<\/p>\n<p>Jede Box enth\u00e4lt <strong>10 P\u00e4ckchen \u00e0 100 g<\/strong> in einem idealen Format zum Verschenken.<\/p>\n<p>&nbsp;<\/p>\n<p>Die Iberico Bellota Chorizo Alta Gastronom\u00eda 100 % Nat\u00fcrlich von FISAN ist der Traum eines jeden anspruchsvollen Gaumens. Sie wird mit den edlen Fleischvarianten des Bellota Schweins \u2013 Pluma, Presa und Secreto \u2013 zubereitet, die zu jeder Jahreszeit ausgew\u00e4hlt werden. Durch die achtmonatige Ruhezeit in unseren nat\u00fcrlichen Kellern sind die idealen Bedingungen gegeben, um den intensiven Geruch und die Farbe in einen intensiven Geschmack mit zarten Nuancen f\u00fcr den Gaumen zu verwandeln.<\/p>\n","protected":false},"excerpt":{"rendered":"<p>&#8222;enie\u00dfen Sie die beste Iberico Bellota Chorizo Alta Gastronom\u00eda 100 % Nat\u00fcrlich in Scheiben geschnitten und jederzeit zum Verzehr bereit. &nbsp; Jede Box enth\u00e4lt 10 P\u00e4ckchen \u00e0 100 g in einem idealen Format zum Verschenken. &nbsp; Die Iberico Bellota Chorizo Alta Gastronom\u00eda 100 % Nat\u00fcrlich von FISAN ist der Traum eines jeden anspruchsvollen Gaumens. Sie &#8230; <a title=\"Iberico Bellota Chorizo Alta Gastronomia 100 % Nat\u00fcrlich Geschnittene Scheiben\" class=\"read-more\" href=\"https:\/\/www.fisan.com\/de\/shop\/alta-gastronomia-bellota-iberico-chorizo-geschnittene-scheiben\/\" aria-label=\"Mehr Informationen \u00fcber Iberico Bellota Chorizo Alta Gastronomia 100 % Nat\u00fcrlich Geschnittene Scheiben\">Weiterlesen<\/a><\/p>\n","protected":false},"featured_media":24706,"template":"","meta":{"_acf_changed":false,"_wp_rev_ctl_limit":""},"product_brand":[],"product_cat":[382,350],"product_tag":[306],"gama":[436],"calidad":[441],"class_list":{"0":"post-34272","1":"product","2":"type-product","3":"status-publish","4":"has-post-thumbnail","6":"product_cat-8-von-hand-geschnitten-in-scheiben","7":"product_cat-4-wurstchen","8":"product_tag-ag","9":"gama-alta-gastronomia-de","10":"calidad-1-bellota-iberico-de","12":"first","13":"outofstock","14":"taxable","15":"shipping-taxable","16":"purchasable","17":"product-type-variable","18":"has-default-attributes"},"acf":[],"yoast_head":"<!-- This site is optimized with the Yoast SEO plugin v25.4 - https:\/\/yoast.com\/wordpress\/plugins\/seo\/ -->\n<title>Iberico Bellota Chorizo Alta Gastronomia 100 % Nat\u00fcrlich Geschnittene Scheiben | FISAN<\/title>\n<meta name=\"description\" content=\"Iberico Bellota Chorizo In Scheiben FISAN.\" \/>\n<meta name=\"robots\" content=\"index, follow, max-snippet:-1, max-image-preview:large, max-video-preview:-1\" \/>\n<link rel=\"canonical\" href=\"https:\/\/www.fisan.com\/de\/shop\/alta-gastronomia-bellota-iberico-chorizo-geschnittene-scheiben\/\" \/>\n<meta property=\"og:locale\" content=\"de_DE\" \/>\n<meta property=\"og:type\" content=\"article\" \/>\n<meta property=\"og:title\" content=\"Iberico Bellota Chorizo Alta Gastronomia 100 % Nat\u00fcrlich Geschnittene Scheiben | FISAN\" \/>\n<meta property=\"og:description\" content=\"Iberico Bellota Chorizo In Scheiben FISAN.\" \/>\n<meta property=\"og:url\" content=\"https:\/\/www.fisan.com\/de\/shop\/alta-gastronomia-bellota-iberico-chorizo-geschnittene-scheiben\/\" \/>\n<meta property=\"og:site_name\" content=\"FISAN\" \/>\n<meta property=\"article:modified_time\" content=\"2025-05-30T11:14:41+00:00\" \/>\n<meta property=\"og:image\" content=\"https:\/\/www.fisan.com\/wp-content\/uploads\/2022\/10\/chorizo-bellota-iberico-ag-cm-00.jpg\" \/>\n\t<meta property=\"og:image:width\" content=\"1200\" \/>\n\t<meta property=\"og:image:height\" content=\"2400\" \/>\n\t<meta property=\"og:image:type\" content=\"image\/jpeg\" \/>\n<meta name=\"twitter:card\" content=\"summary_large_image\" \/>\n<meta name=\"twitter:label1\" content=\"Verf\u00fcgbarkeit\" \/>\n\t<meta name=\"twitter:data1\" content=\"ausverkauft\" \/>\n<script type=\"application\/ld+json\" class=\"yoast-schema-graph\">{\n\t    \"@context\": \"https:\/\/schema.org\",\n\t    \"@graph\": [\n\t        {\n\t            \"@type\": \"WebPage\",\n\t            \"@id\": \"https:\/\/www.fisan.com\/de\/shop\/alta-gastronomia-bellota-iberico-chorizo-geschnittene-scheiben\/\",\n\t            \"url\": \"https:\/\/www.fisan.com\/de\/shop\/alta-gastronomia-bellota-iberico-chorizo-geschnittene-scheiben\/\",\n\t            \"name\": \"Iberico Bellota Chorizo Alta Gastronomia 100 % Nat\u00fcrlich Geschnittene Scheiben | FISAN\",\n\t            \"isPartOf\": {\n\t                \"@id\": \"https:\/\/www.fisan.com\/de\/#website\"\n\t            },\n\t            \"primaryImageOfPage\": {\n\t                \"@id\": \"https:\/\/www.fisan.com\/de\/shop\/alta-gastronomia-bellota-iberico-chorizo-geschnittene-scheiben\/#primaryimage\"\n\t            },\n\t            \"image\": {\n\t                \"@id\": \"https:\/\/www.fisan.com\/de\/shop\/alta-gastronomia-bellota-iberico-chorizo-geschnittene-scheiben\/#primaryimage\"\n\t            },\n\t            \"thumbnailUrl\": \"https:\/\/www.fisan.com\/wp-content\/uploads\/2022\/10\/chorizo-bellota-iberico-ag-cm-00.jpg\",\n\t            \"datePublished\": \"2022-11-18T12:14:50+00:00\",\n\t            \"dateModified\": \"2025-05-30T11:14:41+00:00\",\n\t            \"description\": \"Iberico Bellota Chorizo In Scheiben FISAN.\",\n\t            \"breadcrumb\": {\n\t                \"@id\": \"https:\/\/www.fisan.com\/de\/shop\/alta-gastronomia-bellota-iberico-chorizo-geschnittene-scheiben\/#breadcrumb\"\n\t            },\n\t            \"inLanguage\": \"de\",\n\t            \"potentialAction\": [\n\t                {\n\t                    \"@type\": \"ReadAction\",\n\t                    \"target\": [\n\t                        \"https:\/\/www.fisan.com\/de\/shop\/alta-gastronomia-bellota-iberico-chorizo-geschnittene-scheiben\/\"\n\t                    ]\n\t                }\n\t            ]\n\t        },\n\t        {\n\t            \"@type\": \"ImageObject\",\n\t            \"inLanguage\": \"de\",\n\t            \"@id\": \"https:\/\/www.fisan.com\/de\/shop\/alta-gastronomia-bellota-iberico-chorizo-geschnittene-scheiben\/#primaryimage\",\n\t            \"url\": \"https:\/\/www.fisan.com\/wp-content\/uploads\/2022\/10\/chorizo-bellota-iberico-ag-cm-00.jpg\",\n\t            \"contentUrl\": \"https:\/\/www.fisan.com\/wp-content\/uploads\/2022\/10\/chorizo-bellota-iberico-ag-cm-00.jpg\",\n\t            \"width\": 1200,\n\t            \"height\": 2400,\n\t            \"caption\": \"Iberico Bellota Chorizo Geschnittene Scheiben FISAN\"\n\t        },\n\t        {\n\t            \"@type\": \"BreadcrumbList\",\n\t            \"@id\": \"https:\/\/www.fisan.com\/de\/shop\/alta-gastronomia-bellota-iberico-chorizo-geschnittene-scheiben\/#breadcrumb\",\n\t            \"itemListElement\": [\n\t                {\n\t                    \"@type\": \"ListItem\",\n\t                    \"position\": 1,\n\t                    \"name\": \"FISAN\",\n\t                    \"item\": \"https:\/\/www.fisan.com\/de\/\"\n\t                },\n\t                {\n\t                    \"@type\": \"ListItem\",\n\t                    \"position\": 2,\n\t                    \"name\": \"Produkte\",\n\t                    \"item\": \"https:\/\/www.fisan.com\/de\/produkte\/\"\n\t                },\n\t                {\n\t                    \"@type\": \"ListItem\",\n\t                    \"position\": 3,\n\t                    \"name\": \"Iberico Bellota Chorizo Alta Gastronomia 100 % Nat\u00fcrlich Geschnittene Scheiben\"\n\t                }\n\t            ]\n\t        },\n\t        {\n\t            \"@type\": \"WebSite\",\n\t            \"@id\": \"https:\/\/www.fisan.com\/de\/#website\",\n\t            \"url\": \"https:\/\/www.fisan.com\/de\/\",\n\t            \"name\": \"FISAN\",\n\t            \"description\": \"FISAN | Jamones de bellota ib\u00e9rico y embutidos ib\u00e9ricos desde 1920\",\n\t            \"potentialAction\": [\n\t                {\n\t                    \"@type\": \"SearchAction\",\n\t                    \"target\": {\n\t                        \"@type\": \"EntryPoint\",\n\t                        \"urlTemplate\": \"https:\/\/www.fisan.com\/de\/?s={search_term_string}\"\n\t                    },\n\t                    \"query-input\": {\n\t                        \"@type\": \"PropertyValueSpecification\",\n\t                        \"valueRequired\": true,\n\t                        \"valueName\": \"search_term_string\"\n\t                    }\n\t                }\n\t            ],\n\t            \"inLanguage\": \"de\"\n\t        }\n\t    ]\n\t}<\/script>\n<meta property=\"og:availability\" content=\"out of stock\" \/>\n<meta property=\"product:availability\" content=\"out of stock\" \/>\n<meta property=\"product:retailer_item_id\" content=\"ch-bi100CL\" \/>\n<meta property=\"product:condition\" content=\"new\" \/>\n<!-- \/ Yoast SEO plugin. -->","yoast_head_json":{"title":"Iberico Bellota Chorizo Alta Gastronomia 100 % Nat\u00fcrlich Geschnittene Scheiben | FISAN","description":"Iberico Bellota Chorizo In Scheiben FISAN.","robots":{"index":"index","follow":"follow","max-snippet":"max-snippet:-1","max-image-preview":"max-image-preview:large","max-video-preview":"max-video-preview:-1"},"canonical":"https:\/\/www.fisan.com\/de\/shop\/alta-gastronomia-bellota-iberico-chorizo-geschnittene-scheiben\/","og_locale":"de_DE","og_type":"article","og_title":"Iberico Bellota Chorizo Alta Gastronomia 100 % Nat\u00fcrlich Geschnittene Scheiben | FISAN","og_description":"Iberico Bellota Chorizo In Scheiben FISAN.","og_url":"https:\/\/www.fisan.com\/de\/shop\/alta-gastronomia-bellota-iberico-chorizo-geschnittene-scheiben\/","og_site_name":"FISAN","article_modified_time":"2025-05-30T11:14:41+00:00","og_image":[{"width":1200,"height":2400,"url":"https:\/\/www.fisan.com\/wp-content\/uploads\/2022\/10\/chorizo-bellota-iberico-ag-cm-00.jpg","type":"image\/jpeg"}],"twitter_card":"summary_large_image","twitter_misc":{"Verf\u00fcgbarkeit":"ausverkauft"},"schema":{"@context":"https:\/\/schema.org","@graph":[{"@type":"WebPage","@id":"https:\/\/www.fisan.com\/de\/shop\/alta-gastronomia-bellota-iberico-chorizo-geschnittene-scheiben\/","url":"https:\/\/www.fisan.com\/de\/shop\/alta-gastronomia-bellota-iberico-chorizo-geschnittene-scheiben\/","name":"Iberico Bellota Chorizo Alta Gastronomia 100 % Nat\u00fcrlich Geschnittene Scheiben | FISAN","isPartOf":{"@id":"https:\/\/www.fisan.com\/de\/#website"},"primaryImageOfPage":{"@id":"https:\/\/www.fisan.com\/de\/shop\/alta-gastronomia-bellota-iberico-chorizo-geschnittene-scheiben\/#primaryimage"},"image":{"@id":"https:\/\/www.fisan.com\/de\/shop\/alta-gastronomia-bellota-iberico-chorizo-geschnittene-scheiben\/#primaryimage"},"thumbnailUrl":"https:\/\/www.fisan.com\/wp-content\/uploads\/2022\/10\/chorizo-bellota-iberico-ag-cm-00.jpg","datePublished":"2022-11-18T12:14:50+00:00","dateModified":"2025-05-30T11:14:41+00:00","description":"Iberico Bellota Chorizo In Scheiben FISAN.","breadcrumb":{"@id":"https:\/\/www.fisan.com\/de\/shop\/alta-gastronomia-bellota-iberico-chorizo-geschnittene-scheiben\/#breadcrumb"},"inLanguage":"de","potentialAction":[{"@type":"ReadAction","target":["https:\/\/www.fisan.com\/de\/shop\/alta-gastronomia-bellota-iberico-chorizo-geschnittene-scheiben\/"]}]},{"@type":"ImageObject","inLanguage":"de","@id":"https:\/\/www.fisan.com\/de\/shop\/alta-gastronomia-bellota-iberico-chorizo-geschnittene-scheiben\/#primaryimage","url":"https:\/\/www.fisan.com\/wp-content\/uploads\/2022\/10\/chorizo-bellota-iberico-ag-cm-00.jpg","contentUrl":"https:\/\/www.fisan.com\/wp-content\/uploads\/2022\/10\/chorizo-bellota-iberico-ag-cm-00.jpg","width":1200,"height":2400,"caption":"Iberico Bellota Chorizo Geschnittene Scheiben FISAN"},{"@type":"BreadcrumbList","@id":"https:\/\/www.fisan.com\/de\/shop\/alta-gastronomia-bellota-iberico-chorizo-geschnittene-scheiben\/#breadcrumb","itemListElement":[{"@type":"ListItem","position":1,"name":"FISAN","item":"https:\/\/www.fisan.com\/de\/"},{"@type":"ListItem","position":2,"name":"Produkte","item":"https:\/\/www.fisan.com\/de\/produkte\/"},{"@type":"ListItem","position":3,"name":"Iberico Bellota Chorizo Alta Gastronomia 100 % Nat\u00fcrlich Geschnittene Scheiben"}]},{"@type":"WebSite","@id":"https:\/\/www.fisan.com\/de\/#website","url":"https:\/\/www.fisan.com\/de\/","name":"FISAN","description":"FISAN | Jamones de bellota ib\u00e9rico y embutidos ib\u00e9ricos desde 1920","potentialAction":[{"@type":"SearchAction","target":{"@type":"EntryPoint","urlTemplate":"https:\/\/www.fisan.com\/de\/?s={search_term_string}"},"query-input":{"@type":"PropertyValueSpecification","valueRequired":true,"valueName":"search_term_string"}}],"inLanguage":"de"}]},"og_availability":"out of stock","product_availability":"out of stock","product_retailer_item_id":"ch-bi100CL","product_condition":"new"},"_links":{"self":[{"href":"https:\/\/www.fisan.com\/de\/wp-json\/wp\/v2\/product\/34272","targetHints":{"allow":["GET"]}}],"collection":[{"href":"https:\/\/www.fisan.com\/de\/wp-json\/wp\/v2\/product"}],"about":[{"href":"https:\/\/www.fisan.com\/de\/wp-json\/wp\/v2\/types\/product"}],"version-history":[{"count":8,"href":"https:\/\/www.fisan.com\/de\/wp-json\/wp\/v2\/product\/34272\/revisions"}],"predecessor-version":[{"id":55893,"href":"https:\/\/www.fisan.com\/de\/wp-json\/wp\/v2\/product\/34272\/revisions\/55893"}],"wp:featuredmedia":[{"embeddable":true,"href":"https:\/\/www.fisan.com\/de\/wp-json\/wp\/v2\/media\/24706"}],"wp:attachment":[{"href":"https:\/\/www.fisan.com\/de\/wp-json\/wp\/v2\/media?parent=34272"}],"wp:term":[{"taxonomy":"product_brand","embeddable":true,"href":"https:\/\/www.fisan.com\/de\/wp-json\/wp\/v2\/product_brand?post=34272"},{"taxonomy":"product_cat","embeddable":true,"href":"https:\/\/www.fisan.com\/de\/wp-json\/wp\/v2\/product_cat?post=34272"},{"taxonomy":"product_tag","embeddable":true,"href":"https:\/\/www.fisan.com\/de\/wp-json\/wp\/v2\/product_tag?post=34272"},{"taxonomy":"gama","embeddable":true,"href":"https:\/\/www.fisan.com\/de\/wp-json\/wp\/v2\/gama?post=34272"},{"taxonomy":"calidad","embeddable":true,"href":"https:\/\/www.fisan.com\/de\/wp-json\/wp\/v2\/calidad?post=34272"}],"curies":[{"name":"wp","href":"https:\/\/api.w.org\/{rel}","templated":true}]}}