{"id":34288,"date":"2022-11-18T13:53:47","date_gmt":"2022-11-18T12:53:47","guid":{"rendered":"https:\/\/www.fisan.com\/producto\/bellota-truffel-salchichon-geschnittene-scheiben\/"},"modified":"2025-05-30T13:26:51","modified_gmt":"2025-05-30T11:26:51","slug":"iberico-bellota-salchichon-getruffelt-geschnittene-scheiben","status":"publish","type":"product","link":"https:\/\/www.fisan.com\/de\/shop\/bellota-truffel-salchichon-geschnittene-scheiben\/","title":{"rendered":"Iberico Bellota Salchichon Alta Gastronomia Getr\u00fcffelt 100 % Nat\u00fcrlich Geschnittene Scheiben"},"content":{"rendered":"<p>Genie\u00dfen Sie die beste Iberico Bellota Salchichon Alta Gastronom\u00eda Getr\u00fcffelt 100 % Nat\u00fcrlich in Scheiben geschnitten und jederzeit zum Verzehr bereit.<\/p>\n<p>&nbsp;<\/p>\n<p>Jede Box enth\u00e4lt <strong>10 P\u00e4ckchen \u00e0 100 g<\/strong> in einem idealen Format zum Verschenken.<\/p>\n<p>&nbsp;<\/p>\n<p>Die Iberico Bellota Salchichon Alta Gastronom\u00eda Getr\u00fcffelt 100 % Nat\u00fcrlich steht f\u00fcr die Perfektion der edlen Fleischvarianten des Bellota Schweins \u2013 Pluma, Presa und Secreto \u2013 die zu jeder Jahreszeit ausgew\u00e4hlt werden. Nach jahrelanger Forschung wurden dem Rezept jetzt schwarze Tr\u00fcffel hinzugef\u00fcgt. Deshalb bietet sie nach einer achtmonatigen Ruhezeit in unseren nat\u00fcrlichen Kellern einen einzigartigen Geschmack und ein einzigartiges Aroma.<\/p>\n","protected":false},"excerpt":{"rendered":"<p>Genie\u00dfen Sie die beste Iberico Bellota Salchichon Alta Gastronom\u00eda Getr\u00fcffelt 100 % Nat\u00fcrlich in Scheiben geschnitten und jederzeit zum Verzehr bereit. &nbsp; Jede Box enth\u00e4lt 10 P\u00e4ckchen \u00e0 100 g in einem idealen Format zum Verschenken. &nbsp; Die Iberico Bellota Salchichon Alta Gastronom\u00eda Getr\u00fcffelt 100 % Nat\u00fcrlich steht f\u00fcr die Perfektion der edlen Fleischvarianten des &#8230; <a title=\"Iberico Bellota Salchichon Alta Gastronomia Getr\u00fcffelt 100 % Nat\u00fcrlich Geschnittene Scheiben\" class=\"read-more\" href=\"https:\/\/www.fisan.com\/de\/shop\/bellota-truffel-salchichon-geschnittene-scheiben\/\" aria-label=\"Mehr Informationen \u00fcber Iberico Bellota Salchichon Alta Gastronomia Getr\u00fcffelt 100 % Nat\u00fcrlich Geschnittene Scheiben\">Weiterlesen<\/a><\/p>\n","protected":false},"featured_media":26780,"template":"","meta":{"_acf_changed":false,"_wp_rev_ctl_limit":""},"product_brand":[],"product_cat":[382,350],"product_tag":[306],"gama":[436],"calidad":[441],"class_list":{"0":"post-34288","1":"product","2":"type-product","3":"status-publish","4":"has-post-thumbnail","6":"product_cat-8-von-hand-geschnitten-in-scheiben","7":"product_cat-4-wurstchen","8":"product_tag-ag","9":"gama-alta-gastronomia-de","10":"calidad-1-bellota-iberico-de","12":"first","13":"instock","14":"taxable","15":"shipping-taxable","16":"purchasable","17":"product-type-variable","18":"has-default-attributes"},"acf":[],"yoast_head":"<!-- This site is optimized with the Yoast SEO plugin v25.4 - https:\/\/yoast.com\/wordpress\/plugins\/seo\/ -->\n<title>Iberico Bellota Salchichon Alta Gastronomia Getr\u00fcffelt 100 % Nat\u00fcrlich Geschnittene Scheiben | FISAN<\/title>\n<meta name=\"description\" content=\"Iberico Bellota Salchichon Getr\u00fcffelt In Scheiben FISAN.\" \/>\n<meta name=\"robots\" content=\"index, follow, max-snippet:-1, max-image-preview:large, max-video-preview:-1\" \/>\n<link rel=\"canonical\" href=\"https:\/\/www.fisan.com\/de\/shop\/bellota-truffel-salchichon-geschnittene-scheiben\/\" \/>\n<meta property=\"og:locale\" content=\"de_DE\" \/>\n<meta property=\"og:type\" content=\"article\" \/>\n<meta property=\"og:title\" content=\"Iberico Bellota Salchichon Alta Gastronomia Getr\u00fcffelt 100 % Nat\u00fcrlich Geschnittene Scheiben | FISAN\" \/>\n<meta property=\"og:description\" content=\"Iberico Bellota Salchichon Getr\u00fcffelt In Scheiben FISAN.\" \/>\n<meta property=\"og:url\" content=\"https:\/\/www.fisan.com\/de\/shop\/bellota-truffel-salchichon-geschnittene-scheiben\/\" \/>\n<meta property=\"og:site_name\" content=\"FISAN\" \/>\n<meta property=\"article:modified_time\" content=\"2025-05-30T11:26:51+00:00\" \/>\n<meta property=\"og:image\" content=\"https:\/\/www.fisan.com\/wp-content\/uploads\/2022\/10\/salchichon-bellota-iberico-ag-cm-00.jpg\" \/>\n\t<meta property=\"og:image:width\" content=\"1200\" \/>\n\t<meta property=\"og:image:height\" content=\"2400\" \/>\n\t<meta property=\"og:image:type\" content=\"image\/jpeg\" \/>\n<meta name=\"twitter:card\" content=\"summary_large_image\" \/>\n<meta name=\"twitter:label1\" content=\"Verf\u00fcgbarkeit\" \/>\n\t<meta name=\"twitter:data1\" content=\"Auf Lager\" \/>\n<script type=\"application\/ld+json\" class=\"yoast-schema-graph\">{\n\t    \"@context\": \"https:\/\/schema.org\",\n\t    \"@graph\": [\n\t        {\n\t            \"@type\": \"WebPage\",\n\t            \"@id\": \"https:\/\/www.fisan.com\/de\/shop\/bellota-truffel-salchichon-geschnittene-scheiben\/\",\n\t            \"url\": \"https:\/\/www.fisan.com\/de\/shop\/bellota-truffel-salchichon-geschnittene-scheiben\/\",\n\t            \"name\": \"Iberico Bellota Salchichon Alta Gastronomia Getr\u00fcffelt 100 % Nat\u00fcrlich Geschnittene Scheiben | FISAN\",\n\t            \"isPartOf\": {\n\t                \"@id\": \"https:\/\/www.fisan.com\/de\/#website\"\n\t            },\n\t            \"primaryImageOfPage\": {\n\t                \"@id\": \"https:\/\/www.fisan.com\/de\/shop\/bellota-truffel-salchichon-geschnittene-scheiben\/#primaryimage\"\n\t            },\n\t            \"image\": {\n\t                \"@id\": \"https:\/\/www.fisan.com\/de\/shop\/bellota-truffel-salchichon-geschnittene-scheiben\/#primaryimage\"\n\t            },\n\t            \"thumbnailUrl\": \"https:\/\/www.fisan.com\/wp-content\/uploads\/2022\/10\/salchichon-bellota-iberico-ag-cm-00.jpg\",\n\t            \"datePublished\": \"2022-11-18T12:53:47+00:00\",\n\t            \"dateModified\": \"2025-05-30T11:26:51+00:00\",\n\t            \"description\": \"Iberico Bellota Salchichon Getr\u00fcffelt In Scheiben FISAN.\",\n\t            \"breadcrumb\": {\n\t                \"@id\": \"https:\/\/www.fisan.com\/de\/shop\/bellota-truffel-salchichon-geschnittene-scheiben\/#breadcrumb\"\n\t            },\n\t            \"inLanguage\": \"de\",\n\t            \"potentialAction\": [\n\t                {\n\t                    \"@type\": \"ReadAction\",\n\t                    \"target\": [\n\t                        \"https:\/\/www.fisan.com\/de\/shop\/bellota-truffel-salchichon-geschnittene-scheiben\/\"\n\t                    ]\n\t                }\n\t            ]\n\t        },\n\t        {\n\t            \"@type\": \"ImageObject\",\n\t            \"inLanguage\": \"de\",\n\t            \"@id\": \"https:\/\/www.fisan.com\/de\/shop\/bellota-truffel-salchichon-geschnittene-scheiben\/#primaryimage\",\n\t            \"url\": \"https:\/\/www.fisan.com\/wp-content\/uploads\/2022\/10\/salchichon-bellota-iberico-ag-cm-00.jpg\",\n\t            \"contentUrl\": \"https:\/\/www.fisan.com\/wp-content\/uploads\/2022\/10\/salchichon-bellota-iberico-ag-cm-00.jpg\",\n\t            \"width\": 1200,\n\t            \"height\": 2400,\n\t            \"caption\": \"Salchich\u00f3n de Bellota Ib\u00e9rico 100% Natural con Trufa Negra Alta Gastronom\u00eda cortado loncheado\"\n\t        },\n\t        {\n\t            \"@type\": \"BreadcrumbList\",\n\t            \"@id\": \"https:\/\/www.fisan.com\/de\/shop\/bellota-truffel-salchichon-geschnittene-scheiben\/#breadcrumb\",\n\t            \"itemListElement\": [\n\t                {\n\t                    \"@type\": \"ListItem\",\n\t                    \"position\": 1,\n\t                    \"name\": \"FISAN\",\n\t                    \"item\": \"https:\/\/www.fisan.com\/de\/\"\n\t                },\n\t                {\n\t                    \"@type\": \"ListItem\",\n\t                    \"position\": 2,\n\t                    \"name\": \"Produkte\",\n\t                    \"item\": \"https:\/\/www.fisan.com\/de\/produkte\/\"\n\t                },\n\t                {\n\t                    \"@type\": \"ListItem\",\n\t                    \"position\": 3,\n\t                    \"name\": \"Iberico Bellota Salchichon Alta Gastronomia Getr\u00fcffelt 100 % Nat\u00fcrlich Geschnittene Scheiben\"\n\t                }\n\t            ]\n\t        },\n\t        {\n\t            \"@type\": \"WebSite\",\n\t            \"@id\": \"https:\/\/www.fisan.com\/de\/#website\",\n\t            \"url\": \"https:\/\/www.fisan.com\/de\/\",\n\t            \"name\": \"FISAN\",\n\t            \"description\": \"FISAN | Jamones de bellota ib\u00e9rico y embutidos ib\u00e9ricos desde 1920\",\n\t            \"potentialAction\": [\n\t                {\n\t                    \"@type\": \"SearchAction\",\n\t                    \"target\": {\n\t                        \"@type\": \"EntryPoint\",\n\t                        \"urlTemplate\": \"https:\/\/www.fisan.com\/de\/?s={search_term_string}\"\n\t                    },\n\t                    \"query-input\": {\n\t                        \"@type\": \"PropertyValueSpecification\",\n\t                        \"valueRequired\": true,\n\t                        \"valueName\": \"search_term_string\"\n\t                    }\n\t                }\n\t            ],\n\t            \"inLanguage\": \"de\"\n\t        }\n\t    ]\n\t}<\/script>\n<meta property=\"og:availability\" content=\"instock\" \/>\n<meta property=\"product:availability\" content=\"instock\" \/>\n<meta property=\"product:retailer_item_id\" content=\"s-bi100CL\" \/>\n<meta property=\"product:condition\" content=\"new\" \/>\n<!-- \/ Yoast SEO plugin. -->","yoast_head_json":{"title":"Iberico Bellota Salchichon Alta Gastronomia Getr\u00fcffelt 100 % Nat\u00fcrlich Geschnittene Scheiben | FISAN","description":"Iberico Bellota Salchichon Getr\u00fcffelt In Scheiben FISAN.","robots":{"index":"index","follow":"follow","max-snippet":"max-snippet:-1","max-image-preview":"max-image-preview:large","max-video-preview":"max-video-preview:-1"},"canonical":"https:\/\/www.fisan.com\/de\/shop\/bellota-truffel-salchichon-geschnittene-scheiben\/","og_locale":"de_DE","og_type":"article","og_title":"Iberico Bellota Salchichon Alta Gastronomia Getr\u00fcffelt 100 % Nat\u00fcrlich Geschnittene Scheiben | FISAN","og_description":"Iberico Bellota Salchichon Getr\u00fcffelt In Scheiben FISAN.","og_url":"https:\/\/www.fisan.com\/de\/shop\/bellota-truffel-salchichon-geschnittene-scheiben\/","og_site_name":"FISAN","article_modified_time":"2025-05-30T11:26:51+00:00","og_image":[{"width":1200,"height":2400,"url":"https:\/\/www.fisan.com\/wp-content\/uploads\/2022\/10\/salchichon-bellota-iberico-ag-cm-00.jpg","type":"image\/jpeg"}],"twitter_card":"summary_large_image","twitter_misc":{"Verf\u00fcgbarkeit":"Auf Lager"},"schema":{"@context":"https:\/\/schema.org","@graph":[{"@type":"WebPage","@id":"https:\/\/www.fisan.com\/de\/shop\/bellota-truffel-salchichon-geschnittene-scheiben\/","url":"https:\/\/www.fisan.com\/de\/shop\/bellota-truffel-salchichon-geschnittene-scheiben\/","name":"Iberico Bellota Salchichon Alta Gastronomia Getr\u00fcffelt 100 % Nat\u00fcrlich Geschnittene Scheiben | FISAN","isPartOf":{"@id":"https:\/\/www.fisan.com\/de\/#website"},"primaryImageOfPage":{"@id":"https:\/\/www.fisan.com\/de\/shop\/bellota-truffel-salchichon-geschnittene-scheiben\/#primaryimage"},"image":{"@id":"https:\/\/www.fisan.com\/de\/shop\/bellota-truffel-salchichon-geschnittene-scheiben\/#primaryimage"},"thumbnailUrl":"https:\/\/www.fisan.com\/wp-content\/uploads\/2022\/10\/salchichon-bellota-iberico-ag-cm-00.jpg","datePublished":"2022-11-18T12:53:47+00:00","dateModified":"2025-05-30T11:26:51+00:00","description":"Iberico Bellota Salchichon Getr\u00fcffelt In Scheiben FISAN.","breadcrumb":{"@id":"https:\/\/www.fisan.com\/de\/shop\/bellota-truffel-salchichon-geschnittene-scheiben\/#breadcrumb"},"inLanguage":"de","potentialAction":[{"@type":"ReadAction","target":["https:\/\/www.fisan.com\/de\/shop\/bellota-truffel-salchichon-geschnittene-scheiben\/"]}]},{"@type":"ImageObject","inLanguage":"de","@id":"https:\/\/www.fisan.com\/de\/shop\/bellota-truffel-salchichon-geschnittene-scheiben\/#primaryimage","url":"https:\/\/www.fisan.com\/wp-content\/uploads\/2022\/10\/salchichon-bellota-iberico-ag-cm-00.jpg","contentUrl":"https:\/\/www.fisan.com\/wp-content\/uploads\/2022\/10\/salchichon-bellota-iberico-ag-cm-00.jpg","width":1200,"height":2400,"caption":"Salchich\u00f3n de Bellota Ib\u00e9rico 100% Natural con Trufa Negra Alta Gastronom\u00eda cortado loncheado"},{"@type":"BreadcrumbList","@id":"https:\/\/www.fisan.com\/de\/shop\/bellota-truffel-salchichon-geschnittene-scheiben\/#breadcrumb","itemListElement":[{"@type":"ListItem","position":1,"name":"FISAN","item":"https:\/\/www.fisan.com\/de\/"},{"@type":"ListItem","position":2,"name":"Produkte","item":"https:\/\/www.fisan.com\/de\/produkte\/"},{"@type":"ListItem","position":3,"name":"Iberico Bellota Salchichon Alta Gastronomia Getr\u00fcffelt 100 % Nat\u00fcrlich Geschnittene Scheiben"}]},{"@type":"WebSite","@id":"https:\/\/www.fisan.com\/de\/#website","url":"https:\/\/www.fisan.com\/de\/","name":"FISAN","description":"FISAN | Jamones de bellota ib\u00e9rico y embutidos ib\u00e9ricos desde 1920","potentialAction":[{"@type":"SearchAction","target":{"@type":"EntryPoint","urlTemplate":"https:\/\/www.fisan.com\/de\/?s={search_term_string}"},"query-input":{"@type":"PropertyValueSpecification","valueRequired":true,"valueName":"search_term_string"}}],"inLanguage":"de"}]},"og_availability":"instock","product_availability":"instock","product_retailer_item_id":"s-bi100CL","product_condition":"new"},"_links":{"self":[{"href":"https:\/\/www.fisan.com\/de\/wp-json\/wp\/v2\/product\/34288","targetHints":{"allow":["GET"]}}],"collection":[{"href":"https:\/\/www.fisan.com\/de\/wp-json\/wp\/v2\/product"}],"about":[{"href":"https:\/\/www.fisan.com\/de\/wp-json\/wp\/v2\/types\/product"}],"version-history":[{"count":8,"href":"https:\/\/www.fisan.com\/de\/wp-json\/wp\/v2\/product\/34288\/revisions"}],"predecessor-version":[{"id":55913,"href":"https:\/\/www.fisan.com\/de\/wp-json\/wp\/v2\/product\/34288\/revisions\/55913"}],"wp:featuredmedia":[{"embeddable":true,"href":"https:\/\/www.fisan.com\/de\/wp-json\/wp\/v2\/media\/26780"}],"wp:attachment":[{"href":"https:\/\/www.fisan.com\/de\/wp-json\/wp\/v2\/media?parent=34288"}],"wp:term":[{"taxonomy":"product_brand","embeddable":true,"href":"https:\/\/www.fisan.com\/de\/wp-json\/wp\/v2\/product_brand?post=34288"},{"taxonomy":"product_cat","embeddable":true,"href":"https:\/\/www.fisan.com\/de\/wp-json\/wp\/v2\/product_cat?post=34288"},{"taxonomy":"product_tag","embeddable":true,"href":"https:\/\/www.fisan.com\/de\/wp-json\/wp\/v2\/product_tag?post=34288"},{"taxonomy":"gama","embeddable":true,"href":"https:\/\/www.fisan.com\/de\/wp-json\/wp\/v2\/gama?post=34288"},{"taxonomy":"calidad","embeddable":true,"href":"https:\/\/www.fisan.com\/de\/wp-json\/wp\/v2\/calidad?post=34288"}],"curies":[{"name":"wp","href":"https:\/\/api.w.org\/{rel}","templated":true}]}}