{"id":39539,"date":"2023-09-25T16:37:15","date_gmt":"2023-09-25T14:37:15","guid":{"rendered":"https:\/\/www.fisan.com\/?post_type=product&#038;p=39539"},"modified":"2024-11-15T13:05:24","modified_gmt":"2024-11-15T12:05:24","slug":"schinken-limitierte-auflage-jahrgang-2019","status":"publish","type":"product","link":"https:\/\/www.fisan.com\/de\/shop\/schinken-limitierte-auflage-jahrgang-2019\/","title":{"rendered":"Alta Gastronomia Schinken Limitierte Auflage Jahrgang 2019"},"content":{"rendered":"<p>Dieser Schinken ist Teil der LIMITIERTEN AUFLAGE aus dem JAHRGANG 2019.<\/p>\n<p>Jedes Jahr w\u00e4hlt die Familie FISAN pers\u00f6nlich die besten Schinken aus ihrem Keller aus. Bei FISAN haben wir von Anfang an auf der Weide die besten St\u00fccke ausgew\u00e4hlt, die mit Sorgfalt und Geduld etwa 60 Monate lang in nat\u00fcrlichen Trockenr\u00e4umen und Kellern mit wenig Licht und L\u00e4rm gereift sind.<\/p>\n<p>Die Hingabe und Sorgfalt, die wir in die Aufzucht und anschlie\u00dfende Zubereitung gesteckt haben, spiegeln sich in diesen au\u00dfergew\u00f6hnlichen St\u00fccken wider, die wir bei FISAN Jahr f\u00fcr Jahr pr\u00e4sentieren.<\/p>\n<p>Es wird empfohlen, den Schinken bei einer Temperatur von 22 \u00baC zu verzehren, um sein tiefes und frisches Aroma, seine dunkelrote Farbe mit sehr guter Fettinfiltration und seine Konsistenz auf der Zunge zergehen zu lassen.<\/p>\n<p>Eine exquisite limitierte Auflage<br \/>\nDer FISAN Alta Gastronom\u00eda Schinken Limitierte Auflage Jahrgang 2019 wird geliefert mit:<\/p>\n<ul>\n<li>Deluxe-Box in Sonderedition.<\/li>\n<li>Schinkenmesser.<\/li>\n<li>Ledersch\u00fcrze von FISAN.<\/li>\n<li>Jubil\u00e4umsbuch von FISAN, in dem Sie die Geschichte, die Kultur, die Verkostung und die Raffinesse des Schinkens von FISAN entdecken k\u00f6nnen.<\/li>\n<\/ul>\n<h4>Wie war der Jahrgang 2019?<\/h4>\n<p>Es gab wenig Regen und Eichelfr\u00fcchte, dennoch haben wir bei FISAN eine hervorragende Kampagne erzielt. Dies bedeutet, dass unsere Schweine zwischen 2 und 4 Hektar der besten Weiden in Extremadura und Andalusien genie\u00dfen, mehr als das Doppelte dessen, was die Qualit\u00e4tsnorm f\u00fcr das Schwein verlangt.<\/p>\n","protected":false},"excerpt":{"rendered":"<p>Dieser Schinken ist Teil der LIMITIERTEN AUFLAGE aus dem JAHRGANG 2019. Jedes Jahr w\u00e4hlt die Familie FISAN pers\u00f6nlich die besten Schinken aus ihrem Keller aus. Bei FISAN haben wir von Anfang an auf der Weide die besten St\u00fccke ausgew\u00e4hlt, die mit Sorgfalt und Geduld etwa 60 Monate lang in nat\u00fcrlichen Trockenr\u00e4umen und Kellern mit wenig &#8230; <a title=\"Alta Gastronomia Schinken Limitierte Auflage Jahrgang 2019\" class=\"read-more\" href=\"https:\/\/www.fisan.com\/de\/shop\/schinken-limitierte-auflage-jahrgang-2019\/\" aria-label=\"Mehr Informationen \u00fcber Alta Gastronomia Schinken Limitierte Auflage Jahrgang 2019\">Weiterlesen<\/a><\/p>\n","protected":false},"featured_media":39655,"template":"","meta":{"_acf_changed":false,"_wp_rev_ctl_limit":""},"product_brand":[],"product_cat":[1022],"product_tag":[306,307],"gama":[436],"calidad":[509],"class_list":{"0":"post-39539","1":"product","2":"type-product","3":"status-publish","4":"has-post-thumbnail","6":"product_cat-limitierte-auflage","7":"product_tag-ag","8":"product_tag-destacados-inicio","9":"gama-alta-gastronomia-de","10":"calidad-3-limitierte-auflage","12":"first","13":"outofstock","14":"taxable","15":"shipping-taxable","16":"purchasable","17":"product-type-variable","18":"has-default-attributes"},"acf":[],"yoast_head":"<!-- This site is optimized with the Yoast SEO plugin v25.4 - https:\/\/yoast.com\/wordpress\/plugins\/seo\/ -->\n<title>Alta Gastronomia Schinken Limitierte Auflage Jahrgang 2019 | FISAN<\/title>\n<meta name=\"robots\" content=\"index, follow, max-snippet:-1, max-image-preview:large, max-video-preview:-1\" \/>\n<link rel=\"canonical\" href=\"https:\/\/www.fisan.com\/de\/shop\/schinken-limitierte-auflage-jahrgang-2019\/\" \/>\n<meta property=\"og:locale\" content=\"de_DE\" \/>\n<meta property=\"og:type\" content=\"article\" \/>\n<meta property=\"og:title\" content=\"Alta Gastronomia Schinken Limitierte Auflage Jahrgang 2019 | FISAN\" \/>\n<meta property=\"og:description\" content=\"Dieser Schinken ist Teil der LIMITIERTEN AUFLAGE aus dem JAHRGANG 2019. Jedes Jahr w\u00e4hlt die Familie FISAN pers\u00f6nlich die besten Schinken aus ihrem Keller aus. Bei FISAN haben wir von Anfang an auf der Weide die besten St\u00fccke ausgew\u00e4hlt, die mit Sorgfalt und Geduld etwa 60 Monate lang in nat\u00fcrlichen Trockenr\u00e4umen und Kellern mit wenig ... Weiterlesen\" \/>\n<meta property=\"og:url\" content=\"https:\/\/www.fisan.com\/de\/shop\/schinken-limitierte-auflage-jahrgang-2019\/\" \/>\n<meta property=\"og:site_name\" content=\"FISAN\" \/>\n<meta property=\"article:modified_time\" content=\"2024-11-15T12:05:24+00:00\" \/>\n<meta property=\"og:image\" content=\"https:\/\/www.fisan.com\/wp-content\/uploads\/2023\/09\/jamon-el-2019-ag-pe-00-1.jpg\" \/>\n\t<meta property=\"og:image:width\" content=\"1200\" \/>\n\t<meta property=\"og:image:height\" content=\"2400\" \/>\n\t<meta property=\"og:image:type\" content=\"image\/jpeg\" \/>\n<meta name=\"twitter:card\" content=\"summary_large_image\" \/>\n<meta name=\"twitter:label1\" content=\"Verf\u00fcgbarkeit\" \/>\n\t<meta name=\"twitter:data1\" content=\"ausverkauft\" \/>\n<script type=\"application\/ld+json\" class=\"yoast-schema-graph\">{\n\t    \"@context\": \"https:\/\/schema.org\",\n\t    \"@graph\": [\n\t        {\n\t            \"@type\": \"WebPage\",\n\t            \"@id\": \"https:\/\/www.fisan.com\/de\/shop\/schinken-limitierte-auflage-jahrgang-2019\/\",\n\t            \"url\": \"https:\/\/www.fisan.com\/de\/shop\/schinken-limitierte-auflage-jahrgang-2019\/\",\n\t            \"name\": \"Alta Gastronomia Schinken Limitierte Auflage Jahrgang 2019 | FISAN\",\n\t            \"isPartOf\": {\n\t                \"@id\": \"https:\/\/www.fisan.com\/de\/#website\"\n\t            },\n\t            \"primaryImageOfPage\": {\n\t                \"@id\": \"https:\/\/www.fisan.com\/de\/shop\/schinken-limitierte-auflage-jahrgang-2019\/#primaryimage\"\n\t            },\n\t            \"image\": {\n\t                \"@id\": \"https:\/\/www.fisan.com\/de\/shop\/schinken-limitierte-auflage-jahrgang-2019\/#primaryimage\"\n\t            },\n\t            \"thumbnailUrl\": \"https:\/\/www.fisan.com\/wp-content\/uploads\/2023\/09\/jamon-el-2019-ag-pe-00-1.jpg\",\n\t            \"datePublished\": \"2023-09-25T14:37:15+00:00\",\n\t            \"dateModified\": \"2024-11-15T12:05:24+00:00\",\n\t            \"breadcrumb\": {\n\t                \"@id\": \"https:\/\/www.fisan.com\/de\/shop\/schinken-limitierte-auflage-jahrgang-2019\/#breadcrumb\"\n\t            },\n\t            \"inLanguage\": \"de\",\n\t            \"potentialAction\": [\n\t                {\n\t                    \"@type\": \"ReadAction\",\n\t                    \"target\": [\n\t                        \"https:\/\/www.fisan.com\/de\/shop\/schinken-limitierte-auflage-jahrgang-2019\/\"\n\t                    ]\n\t                }\n\t            ]\n\t        },\n\t        {\n\t            \"@type\": \"ImageObject\",\n\t            \"inLanguage\": \"de\",\n\t            \"@id\": \"https:\/\/www.fisan.com\/de\/shop\/schinken-limitierte-auflage-jahrgang-2019\/#primaryimage\",\n\t            \"url\": \"https:\/\/www.fisan.com\/wp-content\/uploads\/2023\/09\/jamon-el-2019-ag-pe-00-1.jpg\",\n\t            \"contentUrl\": \"https:\/\/www.fisan.com\/wp-content\/uploads\/2023\/09\/jamon-el-2019-ag-pe-00-1.jpg\",\n\t            \"width\": 1200,\n\t            \"height\": 2400,\n\t            \"caption\": \"JAM\u00d3N FISAN EDICI\u00d3N LIMITADA 2019\"\n\t        },\n\t        {\n\t            \"@type\": \"BreadcrumbList\",\n\t            \"@id\": \"https:\/\/www.fisan.com\/de\/shop\/schinken-limitierte-auflage-jahrgang-2019\/#breadcrumb\",\n\t            \"itemListElement\": [\n\t                {\n\t                    \"@type\": \"ListItem\",\n\t                    \"position\": 1,\n\t                    \"name\": \"FISAN\",\n\t                    \"item\": \"https:\/\/www.fisan.com\/de\/\"\n\t                },\n\t                {\n\t                    \"@type\": \"ListItem\",\n\t                    \"position\": 2,\n\t                    \"name\": \"Produkte\",\n\t                    \"item\": \"https:\/\/www.fisan.com\/de\/produkte\/\"\n\t                },\n\t                {\n\t                    \"@type\": \"ListItem\",\n\t                    \"position\": 3,\n\t                    \"name\": \"Alta Gastronomia Schinken Limitierte Auflage Jahrgang 2019\"\n\t                }\n\t            ]\n\t        },\n\t        {\n\t            \"@type\": \"WebSite\",\n\t            \"@id\": \"https:\/\/www.fisan.com\/de\/#website\",\n\t            \"url\": \"https:\/\/www.fisan.com\/de\/\",\n\t            \"name\": \"FISAN\",\n\t            \"description\": \"FISAN | Jamones de bellota ib\u00e9rico y embutidos ib\u00e9ricos desde 1920\",\n\t            \"potentialAction\": [\n\t                {\n\t                    \"@type\": \"SearchAction\",\n\t                    \"target\": {\n\t                        \"@type\": \"EntryPoint\",\n\t                        \"urlTemplate\": \"https:\/\/www.fisan.com\/de\/?s={search_term_string}\"\n\t                    },\n\t                    \"query-input\": {\n\t                        \"@type\": \"PropertyValueSpecification\",\n\t                        \"valueRequired\": true,\n\t                        \"valueName\": \"search_term_string\"\n\t                    }\n\t                }\n\t            ],\n\t            \"inLanguage\": \"de\"\n\t        }\n\t    ]\n\t}<\/script>\n<meta property=\"og:availability\" content=\"out of stock\" \/>\n<meta property=\"product:availability\" content=\"out of stock\" \/>\n<meta property=\"product:retailer_item_id\" content=\"j-agel2019\" \/>\n<meta property=\"product:condition\" content=\"new\" \/>\n<!-- \/ Yoast SEO plugin. -->","yoast_head_json":{"title":"Alta Gastronomia Schinken Limitierte Auflage Jahrgang 2019 | FISAN","robots":{"index":"index","follow":"follow","max-snippet":"max-snippet:-1","max-image-preview":"max-image-preview:large","max-video-preview":"max-video-preview:-1"},"canonical":"https:\/\/www.fisan.com\/de\/shop\/schinken-limitierte-auflage-jahrgang-2019\/","og_locale":"de_DE","og_type":"article","og_title":"Alta Gastronomia Schinken Limitierte Auflage Jahrgang 2019 | FISAN","og_description":"Dieser Schinken ist Teil der LIMITIERTEN AUFLAGE aus dem JAHRGANG 2019. Jedes Jahr w\u00e4hlt die Familie FISAN pers\u00f6nlich die besten Schinken aus ihrem Keller aus. Bei FISAN haben wir von Anfang an auf der Weide die besten St\u00fccke ausgew\u00e4hlt, die mit Sorgfalt und Geduld etwa 60 Monate lang in nat\u00fcrlichen Trockenr\u00e4umen und Kellern mit wenig ... Weiterlesen","og_url":"https:\/\/www.fisan.com\/de\/shop\/schinken-limitierte-auflage-jahrgang-2019\/","og_site_name":"FISAN","article_modified_time":"2024-11-15T12:05:24+00:00","og_image":[{"width":1200,"height":2400,"url":"https:\/\/www.fisan.com\/wp-content\/uploads\/2023\/09\/jamon-el-2019-ag-pe-00-1.jpg","type":"image\/jpeg"}],"twitter_card":"summary_large_image","twitter_misc":{"Verf\u00fcgbarkeit":"ausverkauft"},"schema":{"@context":"https:\/\/schema.org","@graph":[{"@type":"WebPage","@id":"https:\/\/www.fisan.com\/de\/shop\/schinken-limitierte-auflage-jahrgang-2019\/","url":"https:\/\/www.fisan.com\/de\/shop\/schinken-limitierte-auflage-jahrgang-2019\/","name":"Alta Gastronomia Schinken Limitierte Auflage Jahrgang 2019 | FISAN","isPartOf":{"@id":"https:\/\/www.fisan.com\/de\/#website"},"primaryImageOfPage":{"@id":"https:\/\/www.fisan.com\/de\/shop\/schinken-limitierte-auflage-jahrgang-2019\/#primaryimage"},"image":{"@id":"https:\/\/www.fisan.com\/de\/shop\/schinken-limitierte-auflage-jahrgang-2019\/#primaryimage"},"thumbnailUrl":"https:\/\/www.fisan.com\/wp-content\/uploads\/2023\/09\/jamon-el-2019-ag-pe-00-1.jpg","datePublished":"2023-09-25T14:37:15+00:00","dateModified":"2024-11-15T12:05:24+00:00","breadcrumb":{"@id":"https:\/\/www.fisan.com\/de\/shop\/schinken-limitierte-auflage-jahrgang-2019\/#breadcrumb"},"inLanguage":"de","potentialAction":[{"@type":"ReadAction","target":["https:\/\/www.fisan.com\/de\/shop\/schinken-limitierte-auflage-jahrgang-2019\/"]}]},{"@type":"ImageObject","inLanguage":"de","@id":"https:\/\/www.fisan.com\/de\/shop\/schinken-limitierte-auflage-jahrgang-2019\/#primaryimage","url":"https:\/\/www.fisan.com\/wp-content\/uploads\/2023\/09\/jamon-el-2019-ag-pe-00-1.jpg","contentUrl":"https:\/\/www.fisan.com\/wp-content\/uploads\/2023\/09\/jamon-el-2019-ag-pe-00-1.jpg","width":1200,"height":2400,"caption":"JAM\u00d3N FISAN EDICI\u00d3N LIMITADA 2019"},{"@type":"BreadcrumbList","@id":"https:\/\/www.fisan.com\/de\/shop\/schinken-limitierte-auflage-jahrgang-2019\/#breadcrumb","itemListElement":[{"@type":"ListItem","position":1,"name":"FISAN","item":"https:\/\/www.fisan.com\/de\/"},{"@type":"ListItem","position":2,"name":"Produkte","item":"https:\/\/www.fisan.com\/de\/produkte\/"},{"@type":"ListItem","position":3,"name":"Alta Gastronomia Schinken Limitierte Auflage Jahrgang 2019"}]},{"@type":"WebSite","@id":"https:\/\/www.fisan.com\/de\/#website","url":"https:\/\/www.fisan.com\/de\/","name":"FISAN","description":"FISAN | Jamones de bellota ib\u00e9rico y embutidos ib\u00e9ricos desde 1920","potentialAction":[{"@type":"SearchAction","target":{"@type":"EntryPoint","urlTemplate":"https:\/\/www.fisan.com\/de\/?s={search_term_string}"},"query-input":{"@type":"PropertyValueSpecification","valueRequired":true,"valueName":"search_term_string"}}],"inLanguage":"de"}]},"og_availability":"out of stock","product_availability":"out of stock","product_retailer_item_id":"j-agel2019","product_condition":"new"},"_links":{"self":[{"href":"https:\/\/www.fisan.com\/de\/wp-json\/wp\/v2\/product\/39539","targetHints":{"allow":["GET"]}}],"collection":[{"href":"https:\/\/www.fisan.com\/de\/wp-json\/wp\/v2\/product"}],"about":[{"href":"https:\/\/www.fisan.com\/de\/wp-json\/wp\/v2\/types\/product"}],"version-history":[{"count":5,"href":"https:\/\/www.fisan.com\/de\/wp-json\/wp\/v2\/product\/39539\/revisions"}],"predecessor-version":[{"id":50903,"href":"https:\/\/www.fisan.com\/de\/wp-json\/wp\/v2\/product\/39539\/revisions\/50903"}],"wp:featuredmedia":[{"embeddable":true,"href":"https:\/\/www.fisan.com\/de\/wp-json\/wp\/v2\/media\/39655"}],"wp:attachment":[{"href":"https:\/\/www.fisan.com\/de\/wp-json\/wp\/v2\/media?parent=39539"}],"wp:term":[{"taxonomy":"product_brand","embeddable":true,"href":"https:\/\/www.fisan.com\/de\/wp-json\/wp\/v2\/product_brand?post=39539"},{"taxonomy":"product_cat","embeddable":true,"href":"https:\/\/www.fisan.com\/de\/wp-json\/wp\/v2\/product_cat?post=39539"},{"taxonomy":"product_tag","embeddable":true,"href":"https:\/\/www.fisan.com\/de\/wp-json\/wp\/v2\/product_tag?post=39539"},{"taxonomy":"gama","embeddable":true,"href":"https:\/\/www.fisan.com\/de\/wp-json\/wp\/v2\/gama?post=39539"},{"taxonomy":"calidad","embeddable":true,"href":"https:\/\/www.fisan.com\/de\/wp-json\/wp\/v2\/calidad?post=39539"}],"curies":[{"name":"wp","href":"https:\/\/api.w.org\/{rel}","templated":true}]}}