{"id":39583,"date":"2023-09-26T10:09:22","date_gmt":"2023-09-26T08:09:22","guid":{"rendered":"https:\/\/www.fisan.com\/?post_type=product&#038;p=39583"},"modified":"2024-11-15T13:05:54","modified_gmt":"2024-11-15T12:05:54","slug":"schinken-zum-hundertjahrigen-jubilaum-limitierte-auflage-jahrgang-2015","status":"publish","type":"product","link":"https:\/\/www.fisan.com\/de\/shop\/schinken-zum-hundertjahrigen-jubilaum-limitierte-auflage-jahrgang-2015\/","title":{"rendered":"Alta Gastronomia Schinken Zum Hundertj\u00e4hrigen Jubil\u00e4um Limitierte Auflage Jahrgang 2015"},"content":{"rendered":"<p>Dieser Bellota Schinken stammt aus der HUNDERTJ\u00c4HRIGEN AUFLAGE des Jahrgangs 2015.<\/p>\n<p>Um unsere 100-j\u00e4hrige Exzellenz in der Herstellung von Bellota Schinken zu ehren, haben wir bei FISAN die besten St\u00fccke von den Weiden ausgew\u00e4hlt, die rund 100 Monate lang mit Sorgfalt und Geduld in unseren Trockenr\u00e4umen und nat\u00fcrlichen Kellern mit wenig Licht und wenig L\u00e4rm gereift sind.<\/p>\n<p>Eine sorgf\u00e4ltige pers\u00f6nliche Auswahl der Familie S\u00e1nchez, die unser Engagement f\u00fcr Tradition, Know&#8211;how und h\u00f6chste Qualit\u00e4t widerspiegelt.<\/p>\n<p>Es wird empfohlen, den Schinken bei einer Temperatur von 22 \u00baC zu verzehren, um sein tiefes und frisches Aroma, seine dunkelrote Farbe mit sehr guter Fettinfiltration und seine Konsistenz auf der Zunge zergehen zu lassen.<\/p>\n<p>Eine wahrhaft einzigartige Auflage. Ein Juwel von FISAN.<\/p>\n<ul>\n<li>Handgefertigte Box, die mit Naturleder ausgekleidet ist.<\/li>\n<li>Schinkenmesser.<\/li>\n<li>Ledersch\u00fcrze von FISAN.<\/li>\n<li>Jubil\u00e4umsbuch von FISAN, in dem Sie die Geschichte, die Kultur, die Verkostung und die Raffinesse des Schinkens von FISAN entdecken k\u00f6nnen.<\/li>\n<\/ul>\n<h4>Wie war der Jahrgang 2015?<\/h4>\n<p>Wir haben ein sehr fruchtbares Jahr hinter uns \u00e4u\u00dferst stabilen klimatischen Bedingungen hinsichtlich\u00a0 Die Witterungsbedingungen waren in Bezug auf Temperatur und Niederschlag, was eine optimale Erhaltung und Nutzung der Eicheln beg\u00fcnstigte.<\/p>\n<p>Die Schweineherden hatten \u00fcber einen l\u00e4ngeren Zeitraum hinweg ausreichend Eicheln zur Verf\u00fcgung, was ihnen erm\u00f6glichte, in einem angemessenen Tempo gem\u00e4stet zu werden.<\/p>\n","protected":false},"excerpt":{"rendered":"<p>Dieser Bellota Schinken stammt aus der HUNDERTJ\u00c4HRIGEN AUFLAGE des Jahrgangs 2015. Um unsere 100-j\u00e4hrige Exzellenz in der Herstellung von Bellota Schinken zu ehren, haben wir bei FISAN die besten St\u00fccke von den Weiden ausgew\u00e4hlt, die rund 100 Monate lang mit Sorgfalt und Geduld in unseren Trockenr\u00e4umen und nat\u00fcrlichen Kellern mit wenig Licht und wenig L\u00e4rm &#8230; <a title=\"Alta Gastronomia Schinken Zum Hundertj\u00e4hrigen Jubil\u00e4um Limitierte Auflage Jahrgang 2015\" class=\"read-more\" href=\"https:\/\/www.fisan.com\/de\/shop\/schinken-zum-hundertjahrigen-jubilaum-limitierte-auflage-jahrgang-2015\/\" aria-label=\"Mehr Informationen \u00fcber Alta Gastronomia Schinken Zum Hundertj\u00e4hrigen Jubil\u00e4um Limitierte Auflage Jahrgang 2015\">Weiterlesen<\/a><\/p>\n","protected":false},"featured_media":39646,"template":"","meta":{"_acf_changed":false,"_wp_rev_ctl_limit":""},"product_brand":[],"product_cat":[1022],"product_tag":[306,307],"gama":[436],"calidad":[509],"class_list":{"0":"post-39583","1":"product","2":"type-product","3":"status-publish","4":"has-post-thumbnail","6":"product_cat-limitierte-auflage","7":"product_tag-ag","8":"product_tag-destacados-inicio","9":"gama-alta-gastronomia-de","10":"calidad-3-limitierte-auflage","12":"first","13":"instock","14":"taxable","15":"shipping-taxable","16":"purchasable","17":"product-type-variable","18":"has-default-attributes"},"acf":[],"yoast_head":"<!-- This site is optimized with the Yoast SEO plugin v25.4 - https:\/\/yoast.com\/wordpress\/plugins\/seo\/ -->\n<title>Alta Gastronomia Schinken Zum Hundertj\u00e4hrigen Jubil\u00e4um Limitierte Auflage Jahrgang 2015 | FISAN<\/title>\n<meta name=\"robots\" content=\"index, follow, max-snippet:-1, max-image-preview:large, max-video-preview:-1\" \/>\n<link rel=\"canonical\" href=\"https:\/\/www.fisan.com\/de\/shop\/schinken-zum-hundertjahrigen-jubilaum-limitierte-auflage-jahrgang-2015\/\" \/>\n<meta property=\"og:locale\" content=\"de_DE\" \/>\n<meta property=\"og:type\" content=\"article\" \/>\n<meta property=\"og:title\" content=\"Alta Gastronomia Schinken Zum Hundertj\u00e4hrigen Jubil\u00e4um Limitierte Auflage Jahrgang 2015 | FISAN\" \/>\n<meta property=\"og:description\" content=\"Dieser Bellota Schinken stammt aus der HUNDERTJ\u00c4HRIGEN AUFLAGE des Jahrgangs 2015. Um unsere 100-j\u00e4hrige Exzellenz in der Herstellung von Bellota Schinken zu ehren, haben wir bei FISAN die besten St\u00fccke von den Weiden ausgew\u00e4hlt, die rund 100 Monate lang mit Sorgfalt und Geduld in unseren Trockenr\u00e4umen und nat\u00fcrlichen Kellern mit wenig Licht und wenig L\u00e4rm ... Weiterlesen\" \/>\n<meta property=\"og:url\" content=\"https:\/\/www.fisan.com\/de\/shop\/schinken-zum-hundertjahrigen-jubilaum-limitierte-auflage-jahrgang-2015\/\" \/>\n<meta property=\"og:site_name\" content=\"FISAN\" \/>\n<meta property=\"article:modified_time\" content=\"2024-11-15T12:05:54+00:00\" \/>\n<meta property=\"og:image\" content=\"https:\/\/www.fisan.com\/wp-content\/uploads\/2023\/09\/jamon-ec-2015-pe-00-1.jpg\" \/>\n\t<meta property=\"og:image:width\" content=\"1200\" \/>\n\t<meta property=\"og:image:height\" content=\"2400\" \/>\n\t<meta property=\"og:image:type\" content=\"image\/jpeg\" \/>\n<meta name=\"twitter:card\" content=\"summary_large_image\" \/>\n<meta name=\"twitter:label1\" content=\"Verf\u00fcgbarkeit\" \/>\n\t<meta name=\"twitter:data1\" content=\"Auf Lager\" \/>\n<script type=\"application\/ld+json\" class=\"yoast-schema-graph\">{\n\t    \"@context\": \"https:\/\/schema.org\",\n\t    \"@graph\": [\n\t        {\n\t            \"@type\": \"WebPage\",\n\t            \"@id\": \"https:\/\/www.fisan.com\/de\/shop\/schinken-zum-hundertjahrigen-jubilaum-limitierte-auflage-jahrgang-2015\/\",\n\t            \"url\": \"https:\/\/www.fisan.com\/de\/shop\/schinken-zum-hundertjahrigen-jubilaum-limitierte-auflage-jahrgang-2015\/\",\n\t            \"name\": \"Alta Gastronomia Schinken Zum Hundertj\u00e4hrigen Jubil\u00e4um Limitierte Auflage Jahrgang 2015 | FISAN\",\n\t            \"isPartOf\": {\n\t                \"@id\": \"https:\/\/www.fisan.com\/de\/#website\"\n\t            },\n\t            \"primaryImageOfPage\": {\n\t                \"@id\": \"https:\/\/www.fisan.com\/de\/shop\/schinken-zum-hundertjahrigen-jubilaum-limitierte-auflage-jahrgang-2015\/#primaryimage\"\n\t            },\n\t            \"image\": {\n\t                \"@id\": \"https:\/\/www.fisan.com\/de\/shop\/schinken-zum-hundertjahrigen-jubilaum-limitierte-auflage-jahrgang-2015\/#primaryimage\"\n\t            },\n\t            \"thumbnailUrl\": \"https:\/\/www.fisan.com\/wp-content\/uploads\/2023\/09\/jamon-ec-2015-pe-00-1.jpg\",\n\t            \"datePublished\": \"2023-09-26T08:09:22+00:00\",\n\t            \"dateModified\": \"2024-11-15T12:05:54+00:00\",\n\t            \"breadcrumb\": {\n\t                \"@id\": \"https:\/\/www.fisan.com\/de\/shop\/schinken-zum-hundertjahrigen-jubilaum-limitierte-auflage-jahrgang-2015\/#breadcrumb\"\n\t            },\n\t            \"inLanguage\": \"de\",\n\t            \"potentialAction\": [\n\t                {\n\t                    \"@type\": \"ReadAction\",\n\t                    \"target\": [\n\t                        \"https:\/\/www.fisan.com\/de\/shop\/schinken-zum-hundertjahrigen-jubilaum-limitierte-auflage-jahrgang-2015\/\"\n\t                    ]\n\t                }\n\t            ]\n\t        },\n\t        {\n\t            \"@type\": \"ImageObject\",\n\t            \"inLanguage\": \"de\",\n\t            \"@id\": \"https:\/\/www.fisan.com\/de\/shop\/schinken-zum-hundertjahrigen-jubilaum-limitierte-auflage-jahrgang-2015\/#primaryimage\",\n\t            \"url\": \"https:\/\/www.fisan.com\/wp-content\/uploads\/2023\/09\/jamon-ec-2015-pe-00-1.jpg\",\n\t            \"contentUrl\": \"https:\/\/www.fisan.com\/wp-content\/uploads\/2023\/09\/jamon-ec-2015-pe-00-1.jpg\",\n\t            \"width\": 1200,\n\t            \"height\": 2400,\n\t            \"caption\": \"jam\u00f3n FISAN edici\u00f3n centenario\"\n\t        },\n\t        {\n\t            \"@type\": \"BreadcrumbList\",\n\t            \"@id\": \"https:\/\/www.fisan.com\/de\/shop\/schinken-zum-hundertjahrigen-jubilaum-limitierte-auflage-jahrgang-2015\/#breadcrumb\",\n\t            \"itemListElement\": [\n\t                {\n\t                    \"@type\": \"ListItem\",\n\t                    \"position\": 1,\n\t                    \"name\": \"FISAN\",\n\t                    \"item\": \"https:\/\/www.fisan.com\/de\/\"\n\t                },\n\t                {\n\t                    \"@type\": \"ListItem\",\n\t                    \"position\": 2,\n\t                    \"name\": \"Produkte\",\n\t                    \"item\": \"https:\/\/www.fisan.com\/de\/produkte\/\"\n\t                },\n\t                {\n\t                    \"@type\": \"ListItem\",\n\t                    \"position\": 3,\n\t                    \"name\": \"Alta Gastronomia Schinken Zum Hundertj\u00e4hrigen Jubil\u00e4um Limitierte Auflage Jahrgang 2015\"\n\t                }\n\t            ]\n\t        },\n\t        {\n\t            \"@type\": \"WebSite\",\n\t            \"@id\": \"https:\/\/www.fisan.com\/de\/#website\",\n\t            \"url\": \"https:\/\/www.fisan.com\/de\/\",\n\t            \"name\": \"FISAN\",\n\t            \"description\": \"FISAN | Jamones de bellota ib\u00e9rico y embutidos ib\u00e9ricos desde 1920\",\n\t            \"potentialAction\": [\n\t                {\n\t                    \"@type\": \"SearchAction\",\n\t                    \"target\": {\n\t                        \"@type\": \"EntryPoint\",\n\t                        \"urlTemplate\": \"https:\/\/www.fisan.com\/de\/?s={search_term_string}\"\n\t                    },\n\t                    \"query-input\": {\n\t                        \"@type\": \"PropertyValueSpecification\",\n\t                        \"valueRequired\": true,\n\t                        \"valueName\": \"search_term_string\"\n\t                    }\n\t                }\n\t            ],\n\t            \"inLanguage\": \"de\"\n\t        }\n\t    ]\n\t}<\/script>\n<meta property=\"og:availability\" content=\"instock\" \/>\n<meta property=\"product:availability\" content=\"instock\" \/>\n<meta property=\"product:retailer_item_id\" content=\"j-agel2015-ec\" \/>\n<meta property=\"product:condition\" content=\"new\" \/>\n<!-- \/ Yoast SEO plugin. -->","yoast_head_json":{"title":"Alta Gastronomia Schinken Zum Hundertj\u00e4hrigen Jubil\u00e4um Limitierte Auflage Jahrgang 2015 | FISAN","robots":{"index":"index","follow":"follow","max-snippet":"max-snippet:-1","max-image-preview":"max-image-preview:large","max-video-preview":"max-video-preview:-1"},"canonical":"https:\/\/www.fisan.com\/de\/shop\/schinken-zum-hundertjahrigen-jubilaum-limitierte-auflage-jahrgang-2015\/","og_locale":"de_DE","og_type":"article","og_title":"Alta Gastronomia Schinken Zum Hundertj\u00e4hrigen Jubil\u00e4um Limitierte Auflage Jahrgang 2015 | FISAN","og_description":"Dieser Bellota Schinken stammt aus der HUNDERTJ\u00c4HRIGEN AUFLAGE des Jahrgangs 2015. Um unsere 100-j\u00e4hrige Exzellenz in der Herstellung von Bellota Schinken zu ehren, haben wir bei FISAN die besten St\u00fccke von den Weiden ausgew\u00e4hlt, die rund 100 Monate lang mit Sorgfalt und Geduld in unseren Trockenr\u00e4umen und nat\u00fcrlichen Kellern mit wenig Licht und wenig L\u00e4rm ... Weiterlesen","og_url":"https:\/\/www.fisan.com\/de\/shop\/schinken-zum-hundertjahrigen-jubilaum-limitierte-auflage-jahrgang-2015\/","og_site_name":"FISAN","article_modified_time":"2024-11-15T12:05:54+00:00","og_image":[{"width":1200,"height":2400,"url":"https:\/\/www.fisan.com\/wp-content\/uploads\/2023\/09\/jamon-ec-2015-pe-00-1.jpg","type":"image\/jpeg"}],"twitter_card":"summary_large_image","twitter_misc":{"Verf\u00fcgbarkeit":"Auf Lager"},"schema":{"@context":"https:\/\/schema.org","@graph":[{"@type":"WebPage","@id":"https:\/\/www.fisan.com\/de\/shop\/schinken-zum-hundertjahrigen-jubilaum-limitierte-auflage-jahrgang-2015\/","url":"https:\/\/www.fisan.com\/de\/shop\/schinken-zum-hundertjahrigen-jubilaum-limitierte-auflage-jahrgang-2015\/","name":"Alta Gastronomia Schinken Zum Hundertj\u00e4hrigen Jubil\u00e4um Limitierte Auflage Jahrgang 2015 | FISAN","isPartOf":{"@id":"https:\/\/www.fisan.com\/de\/#website"},"primaryImageOfPage":{"@id":"https:\/\/www.fisan.com\/de\/shop\/schinken-zum-hundertjahrigen-jubilaum-limitierte-auflage-jahrgang-2015\/#primaryimage"},"image":{"@id":"https:\/\/www.fisan.com\/de\/shop\/schinken-zum-hundertjahrigen-jubilaum-limitierte-auflage-jahrgang-2015\/#primaryimage"},"thumbnailUrl":"https:\/\/www.fisan.com\/wp-content\/uploads\/2023\/09\/jamon-ec-2015-pe-00-1.jpg","datePublished":"2023-09-26T08:09:22+00:00","dateModified":"2024-11-15T12:05:54+00:00","breadcrumb":{"@id":"https:\/\/www.fisan.com\/de\/shop\/schinken-zum-hundertjahrigen-jubilaum-limitierte-auflage-jahrgang-2015\/#breadcrumb"},"inLanguage":"de","potentialAction":[{"@type":"ReadAction","target":["https:\/\/www.fisan.com\/de\/shop\/schinken-zum-hundertjahrigen-jubilaum-limitierte-auflage-jahrgang-2015\/"]}]},{"@type":"ImageObject","inLanguage":"de","@id":"https:\/\/www.fisan.com\/de\/shop\/schinken-zum-hundertjahrigen-jubilaum-limitierte-auflage-jahrgang-2015\/#primaryimage","url":"https:\/\/www.fisan.com\/wp-content\/uploads\/2023\/09\/jamon-ec-2015-pe-00-1.jpg","contentUrl":"https:\/\/www.fisan.com\/wp-content\/uploads\/2023\/09\/jamon-ec-2015-pe-00-1.jpg","width":1200,"height":2400,"caption":"jam\u00f3n FISAN edici\u00f3n centenario"},{"@type":"BreadcrumbList","@id":"https:\/\/www.fisan.com\/de\/shop\/schinken-zum-hundertjahrigen-jubilaum-limitierte-auflage-jahrgang-2015\/#breadcrumb","itemListElement":[{"@type":"ListItem","position":1,"name":"FISAN","item":"https:\/\/www.fisan.com\/de\/"},{"@type":"ListItem","position":2,"name":"Produkte","item":"https:\/\/www.fisan.com\/de\/produkte\/"},{"@type":"ListItem","position":3,"name":"Alta Gastronomia Schinken Zum Hundertj\u00e4hrigen Jubil\u00e4um Limitierte Auflage Jahrgang 2015"}]},{"@type":"WebSite","@id":"https:\/\/www.fisan.com\/de\/#website","url":"https:\/\/www.fisan.com\/de\/","name":"FISAN","description":"FISAN | Jamones de bellota ib\u00e9rico y embutidos ib\u00e9ricos desde 1920","potentialAction":[{"@type":"SearchAction","target":{"@type":"EntryPoint","urlTemplate":"https:\/\/www.fisan.com\/de\/?s={search_term_string}"},"query-input":{"@type":"PropertyValueSpecification","valueRequired":true,"valueName":"search_term_string"}}],"inLanguage":"de"}]},"og_availability":"instock","product_availability":"instock","product_retailer_item_id":"j-agel2015-ec","product_condition":"new"},"_links":{"self":[{"href":"https:\/\/www.fisan.com\/de\/wp-json\/wp\/v2\/product\/39583","targetHints":{"allow":["GET"]}}],"collection":[{"href":"https:\/\/www.fisan.com\/de\/wp-json\/wp\/v2\/product"}],"about":[{"href":"https:\/\/www.fisan.com\/de\/wp-json\/wp\/v2\/types\/product"}],"version-history":[{"count":8,"href":"https:\/\/www.fisan.com\/de\/wp-json\/wp\/v2\/product\/39583\/revisions"}],"predecessor-version":[{"id":50855,"href":"https:\/\/www.fisan.com\/de\/wp-json\/wp\/v2\/product\/39583\/revisions\/50855"}],"wp:featuredmedia":[{"embeddable":true,"href":"https:\/\/www.fisan.com\/de\/wp-json\/wp\/v2\/media\/39646"}],"wp:attachment":[{"href":"https:\/\/www.fisan.com\/de\/wp-json\/wp\/v2\/media?parent=39583"}],"wp:term":[{"taxonomy":"product_brand","embeddable":true,"href":"https:\/\/www.fisan.com\/de\/wp-json\/wp\/v2\/product_brand?post=39583"},{"taxonomy":"product_cat","embeddable":true,"href":"https:\/\/www.fisan.com\/de\/wp-json\/wp\/v2\/product_cat?post=39583"},{"taxonomy":"product_tag","embeddable":true,"href":"https:\/\/www.fisan.com\/de\/wp-json\/wp\/v2\/product_tag?post=39583"},{"taxonomy":"gama","embeddable":true,"href":"https:\/\/www.fisan.com\/de\/wp-json\/wp\/v2\/gama?post=39583"},{"taxonomy":"calidad","embeddable":true,"href":"https:\/\/www.fisan.com\/de\/wp-json\/wp\/v2\/calidad?post=39583"}],"curies":[{"name":"wp","href":"https:\/\/api.w.org\/{rel}","templated":true}]}}