{"id":40210,"date":"2023-11-02T09:00:01","date_gmt":"2023-11-02T08:00:01","guid":{"rendered":"https:\/\/www.fisan.com\/?post_type=product&#038;p=40210"},"modified":"2024-09-04T14:03:16","modified_gmt":"2024-09-04T12:03:16","slug":"deluxe-box-schinken-lende-und-wurstchen-alta-gastronomia","status":"publish","type":"product","link":"https:\/\/www.fisan.com\/de\/shop\/deluxe-box-schinken-lende-und-wurstchen-alta-gastronomia\/","title":{"rendered":"Deluxe-Box Schinken, Lende und W\u00fcrstchen Alta Gastronom\u00eda"},"content":{"rendered":"<p>Das perfekte Geschenk: ein FISAN Alta Gastronom\u00eda Bellota Ib\u00e9rico Schinken 100% Iberische Rasse kombiniert mit einer Packung verschiedener Bellota Wurstsorten Alta Gastronom\u00eda.<\/p>\n<p>Die Packung besteht aus<\/p>\n<ul>\n<li>1 100% Iberico Bellota Schinken Alta Gastronomia von 6,5 bis 7,0 kg<\/li>\n<li>1 Halbes St\u00fcck Iberico Bellota Salchichon Getr\u00fcffelt Geschnittene Scheiben<\/li>\n<li>1 halbes St\u00fcck Iberico Bellota Chorizo Alta Gastronomia.<\/li>\n<li>1 halbes St\u00fcck 100 % Iberico Bellota Schweinelende Alta Gastronomia.<\/li>\n<\/ul>\n<p>GESCHENK: <strong>Sch\u00fcrze mit FISAN-Stickerei<\/strong><\/p>\n","protected":false},"excerpt":{"rendered":"<p>Das perfekte Geschenk: ein FISAN Alta Gastronom\u00eda Bellota Ib\u00e9rico Schinken 100% Iberische Rasse kombiniert mit einer Packung verschiedener Bellota Wurstsorten Alta Gastronom\u00eda. Die Packung besteht aus 1 100% Iberico Bellota Schinken Alta Gastronomia von 6,5 bis 7,0 kg 1 Halbes St\u00fcck Iberico Bellota Salchichon Getr\u00fcffelt Geschnittene Scheiben 1 halbes St\u00fcck Iberico Bellota Chorizo Alta Gastronomia. &#8230; <a title=\"Deluxe-Box Schinken, Lende und W\u00fcrstchen Alta Gastronom\u00eda\" class=\"read-more\" href=\"https:\/\/www.fisan.com\/de\/shop\/deluxe-box-schinken-lende-und-wurstchen-alta-gastronomia\/\" aria-label=\"Mehr Informationen \u00fcber Deluxe-Box Schinken, Lende und W\u00fcrstchen Alta Gastronom\u00eda\">Weiterlesen<\/a><\/p>\n","protected":false},"featured_media":40217,"template":"","meta":{"_acf_changed":false,"_wp_rev_ctl_limit":""},"product_brand":[],"product_cat":[362],"product_tag":[306],"gama":[436],"calidad":[441],"class_list":{"0":"post-40210","1":"product","2":"type-product","3":"status-publish","4":"has-post-thumbnail","6":"product_cat-6-packchen","7":"product_tag-ag","8":"gama-alta-gastronomia-de","9":"calidad-1-bellota-iberico-de","11":"first","12":"outofstock","13":"sold-individually","14":"taxable","15":"shipping-taxable","16":"product-type-simple"},"acf":[],"yoast_head":"<!-- This site is optimized with the Yoast SEO plugin v25.4 - https:\/\/yoast.com\/wordpress\/plugins\/seo\/ -->\n<title>Deluxe-Box Schinken, Lende und W\u00fcrstchen Alta Gastronom\u00eda | FISAN<\/title>\n<meta name=\"description\" content=\"Verschenken Sie eine Box mit iberischen Bellota Produkten. Ein Bellota Schinken ist das ideale Geschenk f\u00fcr einen besonderen Anlass, vor allem, wenn er von einem P\u00e4ckchen Wurstwaren erg\u00e4nzt wird.\" \/>\n<meta name=\"robots\" content=\"index, follow, max-snippet:-1, max-image-preview:large, max-video-preview:-1\" \/>\n<link rel=\"canonical\" href=\"https:\/\/www.fisan.com\/de\/shop\/deluxe-box-schinken-lende-und-wurstchen-alta-gastronomia\/\" \/>\n<meta property=\"og:locale\" content=\"de_DE\" \/>\n<meta property=\"og:type\" content=\"article\" \/>\n<meta property=\"og:title\" content=\"Deluxe-Box Schinken, Lende und W\u00fcrstchen Alta Gastronom\u00eda | FISAN\" \/>\n<meta property=\"og:description\" content=\"Verschenken Sie eine Box mit iberischen Bellota Produkten. Ein Bellota Schinken ist das ideale Geschenk f\u00fcr einen besonderen Anlass, vor allem, wenn er von einem P\u00e4ckchen Wurstwaren erg\u00e4nzt wird.\" \/>\n<meta property=\"og:url\" content=\"https:\/\/www.fisan.com\/de\/shop\/deluxe-box-schinken-lende-und-wurstchen-alta-gastronomia\/\" \/>\n<meta property=\"og:site_name\" content=\"FISAN\" \/>\n<meta property=\"article:modified_time\" content=\"2024-09-04T12:03:16+00:00\" \/>\n<meta property=\"og:image\" content=\"https:\/\/www.fisan.com\/wp-content\/uploads\/2023\/11\/pack-deluxe-mixto-ag-pe-3m-00.jpg\" \/>\n\t<meta property=\"og:image:width\" content=\"1200\" \/>\n\t<meta property=\"og:image:height\" content=\"2400\" \/>\n\t<meta property=\"og:image:type\" content=\"image\/jpeg\" \/>\n<meta name=\"twitter:card\" content=\"summary_large_image\" \/>\n<meta name=\"twitter:label1\" content=\"Preis\" \/>\n\t<meta name=\"twitter:data1\" content=\"\" \/>\n\t<meta name=\"twitter:label2\" content=\"Verf\u00fcgbarkeit\" \/>\n\t<meta name=\"twitter:data2\" content=\"ausverkauft\" \/>\n<script type=\"application\/ld+json\" class=\"yoast-schema-graph\">{\n\t    \"@context\": \"https:\/\/schema.org\",\n\t    \"@graph\": [\n\t        {\n\t            \"@type\": \"WebPage\",\n\t            \"@id\": \"https:\/\/www.fisan.com\/de\/shop\/deluxe-box-schinken-lende-und-wurstchen-alta-gastronomia\/\",\n\t            \"url\": \"https:\/\/www.fisan.com\/de\/shop\/deluxe-box-schinken-lende-und-wurstchen-alta-gastronomia\/\",\n\t            \"name\": \"Deluxe-Box Schinken, Lende und W\u00fcrstchen Alta Gastronom\u00eda | FISAN\",\n\t            \"isPartOf\": {\n\t                \"@id\": \"https:\/\/www.fisan.com\/de\/#website\"\n\t            },\n\t            \"primaryImageOfPage\": {\n\t                \"@id\": \"https:\/\/www.fisan.com\/de\/shop\/deluxe-box-schinken-lende-und-wurstchen-alta-gastronomia\/#primaryimage\"\n\t            },\n\t            \"image\": {\n\t                \"@id\": \"https:\/\/www.fisan.com\/de\/shop\/deluxe-box-schinken-lende-und-wurstchen-alta-gastronomia\/#primaryimage\"\n\t            },\n\t            \"thumbnailUrl\": \"https:\/\/www.fisan.com\/wp-content\/uploads\/2023\/11\/pack-deluxe-mixto-ag-pe-3m-00.jpg\",\n\t            \"datePublished\": \"2023-11-02T08:00:01+00:00\",\n\t            \"dateModified\": \"2024-09-04T12:03:16+00:00\",\n\t            \"description\": \"Verschenken Sie eine Box mit iberischen Bellota Produkten. Ein Bellota Schinken ist das ideale Geschenk f\u00fcr einen besonderen Anlass, vor allem, wenn er von einem P\u00e4ckchen Wurstwaren erg\u00e4nzt wird.\",\n\t            \"breadcrumb\": {\n\t                \"@id\": \"https:\/\/www.fisan.com\/de\/shop\/deluxe-box-schinken-lende-und-wurstchen-alta-gastronomia\/#breadcrumb\"\n\t            },\n\t            \"inLanguage\": \"de\",\n\t            \"potentialAction\": [\n\t                {\n\t                    \"@type\": \"ReadAction\",\n\t                    \"target\": [\n\t                        \"https:\/\/www.fisan.com\/de\/shop\/deluxe-box-schinken-lende-und-wurstchen-alta-gastronomia\/\"\n\t                    ]\n\t                }\n\t            ]\n\t        },\n\t        {\n\t            \"@type\": \"ImageObject\",\n\t            \"inLanguage\": \"de\",\n\t            \"@id\": \"https:\/\/www.fisan.com\/de\/shop\/deluxe-box-schinken-lende-und-wurstchen-alta-gastronomia\/#primaryimage\",\n\t            \"url\": \"https:\/\/www.fisan.com\/wp-content\/uploads\/2023\/11\/pack-deluxe-mixto-ag-pe-3m-00.jpg\",\n\t            \"contentUrl\": \"https:\/\/www.fisan.com\/wp-content\/uploads\/2023\/11\/pack-deluxe-mixto-ag-pe-3m-00.jpg\",\n\t            \"width\": 1200,\n\t            \"height\": 2400,\n\t            \"caption\": \"pack deluxe pata de jam\u00f3n de bellota\"\n\t        },\n\t        {\n\t            \"@type\": \"BreadcrumbList\",\n\t            \"@id\": \"https:\/\/www.fisan.com\/de\/shop\/deluxe-box-schinken-lende-und-wurstchen-alta-gastronomia\/#breadcrumb\",\n\t            \"itemListElement\": [\n\t                {\n\t                    \"@type\": \"ListItem\",\n\t                    \"position\": 1,\n\t                    \"name\": \"FISAN\",\n\t                    \"item\": \"https:\/\/www.fisan.com\/de\/\"\n\t                },\n\t                {\n\t                    \"@type\": \"ListItem\",\n\t                    \"position\": 2,\n\t                    \"name\": \"Produkte\",\n\t                    \"item\": \"https:\/\/www.fisan.com\/de\/produkte\/\"\n\t                },\n\t                {\n\t                    \"@type\": \"ListItem\",\n\t                    \"position\": 3,\n\t                    \"name\": \"Deluxe-Box Schinken, Lende und W\u00fcrstchen Alta Gastronom\u00eda\"\n\t                }\n\t            ]\n\t        },\n\t        {\n\t            \"@type\": \"WebSite\",\n\t            \"@id\": \"https:\/\/www.fisan.com\/de\/#website\",\n\t            \"url\": \"https:\/\/www.fisan.com\/de\/\",\n\t            \"name\": \"FISAN\",\n\t            \"description\": \"FISAN | Jamones de bellota ib\u00e9rico y embutidos ib\u00e9ricos desde 1920\",\n\t            \"potentialAction\": [\n\t                {\n\t                    \"@type\": \"SearchAction\",\n\t                    \"target\": {\n\t                        \"@type\": \"EntryPoint\",\n\t                        \"urlTemplate\": \"https:\/\/www.fisan.com\/de\/?s={search_term_string}\"\n\t                    },\n\t                    \"query-input\": {\n\t                        \"@type\": \"PropertyValueSpecification\",\n\t                        \"valueRequired\": true,\n\t                        \"valueName\": \"search_term_string\"\n\t                    }\n\t                }\n\t            ],\n\t            \"inLanguage\": \"de\"\n\t        }\n\t    ]\n\t}<\/script>\n<meta property=\"product:price:currency\" content=\"EUR\" \/>\n<meta property=\"og:availability\" content=\"out of stock\" \/>\n<meta property=\"product:availability\" content=\"out of stock\" \/>\n<meta property=\"product:retailer_item_id\" content=\"pa-pjleAG\" \/>\n<meta property=\"product:condition\" content=\"new\" \/>\n<!-- \/ Yoast SEO plugin. -->","yoast_head_json":{"title":"Deluxe-Box Schinken, Lende und W\u00fcrstchen Alta Gastronom\u00eda | FISAN","description":"Verschenken Sie eine Box mit iberischen Bellota Produkten. Ein Bellota Schinken ist das ideale Geschenk f\u00fcr einen besonderen Anlass, vor allem, wenn er von einem P\u00e4ckchen Wurstwaren erg\u00e4nzt wird.","robots":{"index":"index","follow":"follow","max-snippet":"max-snippet:-1","max-image-preview":"max-image-preview:large","max-video-preview":"max-video-preview:-1"},"canonical":"https:\/\/www.fisan.com\/de\/shop\/deluxe-box-schinken-lende-und-wurstchen-alta-gastronomia\/","og_locale":"de_DE","og_type":"article","og_title":"Deluxe-Box Schinken, Lende und W\u00fcrstchen Alta Gastronom\u00eda | FISAN","og_description":"Verschenken Sie eine Box mit iberischen Bellota Produkten. Ein Bellota Schinken ist das ideale Geschenk f\u00fcr einen besonderen Anlass, vor allem, wenn er von einem P\u00e4ckchen Wurstwaren erg\u00e4nzt wird.","og_url":"https:\/\/www.fisan.com\/de\/shop\/deluxe-box-schinken-lende-und-wurstchen-alta-gastronomia\/","og_site_name":"FISAN","article_modified_time":"2024-09-04T12:03:16+00:00","og_image":[{"width":1200,"height":2400,"url":"https:\/\/www.fisan.com\/wp-content\/uploads\/2023\/11\/pack-deluxe-mixto-ag-pe-3m-00.jpg","type":"image\/jpeg"}],"twitter_card":"summary_large_image","twitter_misc":{"Preis":"","Verf\u00fcgbarkeit":"ausverkauft"},"schema":{"@context":"https:\/\/schema.org","@graph":[{"@type":"WebPage","@id":"https:\/\/www.fisan.com\/de\/shop\/deluxe-box-schinken-lende-und-wurstchen-alta-gastronomia\/","url":"https:\/\/www.fisan.com\/de\/shop\/deluxe-box-schinken-lende-und-wurstchen-alta-gastronomia\/","name":"Deluxe-Box Schinken, Lende und W\u00fcrstchen Alta Gastronom\u00eda | FISAN","isPartOf":{"@id":"https:\/\/www.fisan.com\/de\/#website"},"primaryImageOfPage":{"@id":"https:\/\/www.fisan.com\/de\/shop\/deluxe-box-schinken-lende-und-wurstchen-alta-gastronomia\/#primaryimage"},"image":{"@id":"https:\/\/www.fisan.com\/de\/shop\/deluxe-box-schinken-lende-und-wurstchen-alta-gastronomia\/#primaryimage"},"thumbnailUrl":"https:\/\/www.fisan.com\/wp-content\/uploads\/2023\/11\/pack-deluxe-mixto-ag-pe-3m-00.jpg","datePublished":"2023-11-02T08:00:01+00:00","dateModified":"2024-09-04T12:03:16+00:00","description":"Verschenken Sie eine Box mit iberischen Bellota Produkten. Ein Bellota Schinken ist das ideale Geschenk f\u00fcr einen besonderen Anlass, vor allem, wenn er von einem P\u00e4ckchen Wurstwaren erg\u00e4nzt wird.","breadcrumb":{"@id":"https:\/\/www.fisan.com\/de\/shop\/deluxe-box-schinken-lende-und-wurstchen-alta-gastronomia\/#breadcrumb"},"inLanguage":"de","potentialAction":[{"@type":"ReadAction","target":["https:\/\/www.fisan.com\/de\/shop\/deluxe-box-schinken-lende-und-wurstchen-alta-gastronomia\/"]}]},{"@type":"ImageObject","inLanguage":"de","@id":"https:\/\/www.fisan.com\/de\/shop\/deluxe-box-schinken-lende-und-wurstchen-alta-gastronomia\/#primaryimage","url":"https:\/\/www.fisan.com\/wp-content\/uploads\/2023\/11\/pack-deluxe-mixto-ag-pe-3m-00.jpg","contentUrl":"https:\/\/www.fisan.com\/wp-content\/uploads\/2023\/11\/pack-deluxe-mixto-ag-pe-3m-00.jpg","width":1200,"height":2400,"caption":"pack deluxe pata de jam\u00f3n de bellota"},{"@type":"BreadcrumbList","@id":"https:\/\/www.fisan.com\/de\/shop\/deluxe-box-schinken-lende-und-wurstchen-alta-gastronomia\/#breadcrumb","itemListElement":[{"@type":"ListItem","position":1,"name":"FISAN","item":"https:\/\/www.fisan.com\/de\/"},{"@type":"ListItem","position":2,"name":"Produkte","item":"https:\/\/www.fisan.com\/de\/produkte\/"},{"@type":"ListItem","position":3,"name":"Deluxe-Box Schinken, Lende und W\u00fcrstchen Alta Gastronom\u00eda"}]},{"@type":"WebSite","@id":"https:\/\/www.fisan.com\/de\/#website","url":"https:\/\/www.fisan.com\/de\/","name":"FISAN","description":"FISAN | Jamones de bellota ib\u00e9rico y embutidos ib\u00e9ricos desde 1920","potentialAction":[{"@type":"SearchAction","target":{"@type":"EntryPoint","urlTemplate":"https:\/\/www.fisan.com\/de\/?s={search_term_string}"},"query-input":{"@type":"PropertyValueSpecification","valueRequired":true,"valueName":"search_term_string"}}],"inLanguage":"de"}]},"product_price_currency":"EUR","og_availability":"out of stock","product_availability":"out of stock","product_retailer_item_id":"pa-pjleAG","product_condition":"new"},"_links":{"self":[{"href":"https:\/\/www.fisan.com\/de\/wp-json\/wp\/v2\/product\/40210","targetHints":{"allow":["GET"]}}],"collection":[{"href":"https:\/\/www.fisan.com\/de\/wp-json\/wp\/v2\/product"}],"about":[{"href":"https:\/\/www.fisan.com\/de\/wp-json\/wp\/v2\/types\/product"}],"version-history":[{"count":2,"href":"https:\/\/www.fisan.com\/de\/wp-json\/wp\/v2\/product\/40210\/revisions"}],"predecessor-version":[{"id":40711,"href":"https:\/\/www.fisan.com\/de\/wp-json\/wp\/v2\/product\/40210\/revisions\/40711"}],"wp:featuredmedia":[{"embeddable":true,"href":"https:\/\/www.fisan.com\/de\/wp-json\/wp\/v2\/media\/40217"}],"wp:attachment":[{"href":"https:\/\/www.fisan.com\/de\/wp-json\/wp\/v2\/media?parent=40210"}],"wp:term":[{"taxonomy":"product_brand","embeddable":true,"href":"https:\/\/www.fisan.com\/de\/wp-json\/wp\/v2\/product_brand?post=40210"},{"taxonomy":"product_cat","embeddable":true,"href":"https:\/\/www.fisan.com\/de\/wp-json\/wp\/v2\/product_cat?post=40210"},{"taxonomy":"product_tag","embeddable":true,"href":"https:\/\/www.fisan.com\/de\/wp-json\/wp\/v2\/product_tag?post=40210"},{"taxonomy":"gama","embeddable":true,"href":"https:\/\/www.fisan.com\/de\/wp-json\/wp\/v2\/gama?post=40210"},{"taxonomy":"calidad","embeddable":true,"href":"https:\/\/www.fisan.com\/de\/wp-json\/wp\/v2\/calidad?post=40210"}],"curies":[{"name":"wp","href":"https:\/\/api.w.org\/{rel}","templated":true}]}}