{"id":49986,"date":"2024-10-29T10:57:39","date_gmt":"2024-10-29T09:57:39","guid":{"rendered":"https:\/\/www.fisan.com\/?post_type=product&#038;p=49986"},"modified":"2024-11-15T13:05:42","modified_gmt":"2024-11-15T12:05:42","slug":"alta-gastronomia-schinken-limitierte-auflage-jahrgang-2020","status":"publish","type":"product","link":"https:\/\/www.fisan.com\/de\/shop\/alta-gastronomia-schinken-limitierte-auflage-jahrgang-2020\/","title":{"rendered":"Alta Gastronomia Schinken Limitierte Auflage Jahrgang 2020"},"content":{"rendered":"<p><span style=\"font-weight: 400;\">SCHINKEN ALTA GASTRONOM\u00cdA LIMITIERTE AUFLAGE JAHRGANG 2020<\/span><\/p>\n<p><span style=\"font-weight: 400;\">Dieser exklusive Schinken geh\u00f6rt zur limitierten Auflage des Jahrgangs 2020. Jedes St\u00fcck wurde von der Familie FISAN sorgf\u00e4ltig ausgew\u00e4hlt und stammt von unseren Schweinen, die mit gro\u00dfer Hingabe auf der Steineichenw\u00e4lder aufgezogen wurden. Nach rund 60 Monaten in nat\u00fcrlichen Kellern, abgeschirmt von Licht und L\u00e4rm, hat der Schinken seinen perfekten Reifegrad erreicht.<\/span><\/p>\n<p><span style=\"font-weight: 400;\">Dieser neue Jahrgang beweist das Engagement von FISAN f\u00fcr Qualit\u00e4t und Exzellenz. Bereits beim ersten Anschnitt entfaltet der Schinken Alta Gastronom\u00eda Jahrgang 2020 ein frisches, intensives Aroma. Seine dunkelrote Farbe zeigt eine perfekte Fettmarmorierung, die auf der Zunge zergeht. Wir empfehlen, ihn bei einer Temperatur von 22 \u00b0C zu genie\u00dfen, damit sich seine Aromen und Geschmacksnoten bei jedem Bissen voll entfalten.<\/span><\/p>\n<p><span style=\"font-weight: 400;\">Eine einzigartige limitierte Auflage, in der sich Geduld und die jahrhundertelange Erfahrung von FISAN in jeder einzelnen Scheibe vereinen, um Liebhabern des Schinkens Alta Gastronom\u00eda ein unvergleichliches Erlebnis zu bieten.<\/span><\/p>\n<p><span style=\"font-weight: 400;\">Der FISAN Alta Gastronom\u00eda Schinken Limitierte Auflage Jahrgang 2020 wird geliefert mit:<\/span><\/p>\n<ul>\n<li>Handgefertigte Box, die mit Naturleder ausgekleidet ist.<\/li>\n<li>Schinkenmesser.<\/li>\n<li>Ledersch\u00fcrze von FISAN.<\/li>\n<li>Jubil\u00e4umsbuch von FISAN, in dem Sie die Geschichte, die Kultur, die Verkostung und die Raffinesse des Schinkens von FISAN entdecken k\u00f6nnen.<\/li>\n<\/ul>\n<p>&nbsp;<\/p>\n<h4><b>Wie war der Jahrgang 2020<\/b>?<\/h4>\n<p><span style=\"font-weight: 400;\">Ein Jahr voller reicher Frucht und genau den richtigen Regenf\u00e4llen zum optimalen Zeitpunkt, um eine ausgezeichnete Saison f\u00fcr die Produkte 2020 zu garantieren. Die F\u00fclle an Eicheln und die letzten Niederschl\u00e4ge, die das Graswachstum beg\u00fcnstigten, sorgten f\u00fcr eine au\u00dfergew\u00f6hnliche Weidesaison f\u00fcr unsere iberischen Schweine \u2013 und f\u00fchrten so zu den herausragenden Produkten von FISAN.<\/span><\/p>\n","protected":false},"excerpt":{"rendered":"<p>SCHINKEN ALTA GASTRONOM\u00cdA LIMITIERTE AUFLAGE JAHRGANG 2020 Dieser exklusive Schinken geh\u00f6rt zur limitierten Auflage des Jahrgangs 2020. Jedes St\u00fcck wurde von der Familie FISAN sorgf\u00e4ltig ausgew\u00e4hlt und stammt von unseren Schweinen, die mit gro\u00dfer Hingabe auf der Steineichenw\u00e4lder aufgezogen wurden. Nach rund 60 Monaten in nat\u00fcrlichen Kellern, abgeschirmt von Licht und L\u00e4rm, hat der Schinken &#8230; <a title=\"Alta Gastronomia Schinken Limitierte Auflage Jahrgang 2020\" class=\"read-more\" href=\"https:\/\/www.fisan.com\/de\/shop\/alta-gastronomia-schinken-limitierte-auflage-jahrgang-2020\/\" aria-label=\"Mehr Informationen \u00fcber Alta Gastronomia Schinken Limitierte Auflage Jahrgang 2020\">Weiterlesen<\/a><\/p>\n","protected":false},"featured_media":50195,"template":"","meta":{"_acf_changed":false,"_wp_rev_ctl_limit":""},"product_brand":[],"product_cat":[1022],"product_tag":[306,307],"gama":[436],"calidad":[509],"class_list":{"0":"post-49986","1":"product","2":"type-product","3":"status-publish","4":"has-post-thumbnail","6":"product_cat-limitierte-auflage","7":"product_tag-ag","8":"product_tag-destacados-inicio","9":"gama-alta-gastronomia-de","10":"calidad-3-limitierte-auflage","12":"first","13":"instock","14":"taxable","15":"shipping-taxable","16":"purchasable","17":"product-type-variable","18":"has-default-attributes"},"acf":[],"yoast_head":"<!-- This site is optimized with the Yoast SEO plugin v25.4 - https:\/\/yoast.com\/wordpress\/plugins\/seo\/ -->\n<title>Alta Gastronomia Schinken Limitierte Auflage Jahrgang 2020 | FISAN<\/title>\n<meta name=\"robots\" content=\"index, follow, max-snippet:-1, max-image-preview:large, max-video-preview:-1\" \/>\n<link rel=\"canonical\" href=\"https:\/\/www.fisan.com\/de\/shop\/alta-gastronomia-schinken-limitierte-auflage-jahrgang-2020\/\" \/>\n<meta property=\"og:locale\" content=\"de_DE\" \/>\n<meta property=\"og:type\" content=\"article\" \/>\n<meta property=\"og:title\" content=\"Alta Gastronomia Schinken Limitierte Auflage Jahrgang 2020 | FISAN\" \/>\n<meta property=\"og:description\" content=\"SCHINKEN ALTA GASTRONOM\u00cdA LIMITIERTE AUFLAGE JAHRGANG 2020 Dieser exklusive Schinken geh\u00f6rt zur limitierten Auflage des Jahrgangs 2020. Jedes St\u00fcck wurde von der Familie FISAN sorgf\u00e4ltig ausgew\u00e4hlt und stammt von unseren Schweinen, die mit gro\u00dfer Hingabe auf der Steineichenw\u00e4lder aufgezogen wurden. Nach rund 60 Monaten in nat\u00fcrlichen Kellern, abgeschirmt von Licht und L\u00e4rm, hat der Schinken ... Weiterlesen\" \/>\n<meta property=\"og:url\" content=\"https:\/\/www.fisan.com\/de\/shop\/alta-gastronomia-schinken-limitierte-auflage-jahrgang-2020\/\" \/>\n<meta property=\"og:site_name\" content=\"FISAN\" \/>\n<meta property=\"article:modified_time\" content=\"2024-11-15T12:05:42+00:00\" \/>\n<meta property=\"og:image\" content=\"https:\/\/www.fisan.com\/wp-content\/uploads\/2024\/10\/jamon-el-2020-ag-pe-00-2.jpg\" \/>\n\t<meta property=\"og:image:width\" content=\"1200\" \/>\n\t<meta property=\"og:image:height\" content=\"2400\" \/>\n\t<meta property=\"og:image:type\" content=\"image\/jpeg\" \/>\n<meta name=\"twitter:card\" content=\"summary_large_image\" \/>\n<meta name=\"twitter:label1\" content=\"Verf\u00fcgbarkeit\" \/>\n\t<meta name=\"twitter:data1\" content=\"Auf Lager\" \/>\n<script type=\"application\/ld+json\" class=\"yoast-schema-graph\">{\n\t    \"@context\": \"https:\/\/schema.org\",\n\t    \"@graph\": [\n\t        {\n\t            \"@type\": \"WebPage\",\n\t            \"@id\": \"https:\/\/www.fisan.com\/de\/shop\/alta-gastronomia-schinken-limitierte-auflage-jahrgang-2020\/\",\n\t            \"url\": \"https:\/\/www.fisan.com\/de\/shop\/alta-gastronomia-schinken-limitierte-auflage-jahrgang-2020\/\",\n\t            \"name\": \"Alta Gastronomia Schinken Limitierte Auflage Jahrgang 2020 | FISAN\",\n\t            \"isPartOf\": {\n\t                \"@id\": \"https:\/\/www.fisan.com\/de\/#website\"\n\t            },\n\t            \"primaryImageOfPage\": {\n\t                \"@id\": \"https:\/\/www.fisan.com\/de\/shop\/alta-gastronomia-schinken-limitierte-auflage-jahrgang-2020\/#primaryimage\"\n\t            },\n\t            \"image\": {\n\t                \"@id\": \"https:\/\/www.fisan.com\/de\/shop\/alta-gastronomia-schinken-limitierte-auflage-jahrgang-2020\/#primaryimage\"\n\t            },\n\t            \"thumbnailUrl\": \"https:\/\/www.fisan.com\/wp-content\/uploads\/2024\/10\/jamon-el-2020-ag-pe-00-2.jpg\",\n\t            \"datePublished\": \"2024-10-29T09:57:39+00:00\",\n\t            \"dateModified\": \"2024-11-15T12:05:42+00:00\",\n\t            \"breadcrumb\": {\n\t                \"@id\": \"https:\/\/www.fisan.com\/de\/shop\/alta-gastronomia-schinken-limitierte-auflage-jahrgang-2020\/#breadcrumb\"\n\t            },\n\t            \"inLanguage\": \"de\",\n\t            \"potentialAction\": [\n\t                {\n\t                    \"@type\": \"ReadAction\",\n\t                    \"target\": [\n\t                        \"https:\/\/www.fisan.com\/de\/shop\/alta-gastronomia-schinken-limitierte-auflage-jahrgang-2020\/\"\n\t                    ]\n\t                }\n\t            ]\n\t        },\n\t        {\n\t            \"@type\": \"ImageObject\",\n\t            \"inLanguage\": \"de\",\n\t            \"@id\": \"https:\/\/www.fisan.com\/de\/shop\/alta-gastronomia-schinken-limitierte-auflage-jahrgang-2020\/#primaryimage\",\n\t            \"url\": \"https:\/\/www.fisan.com\/wp-content\/uploads\/2024\/10\/jamon-el-2020-ag-pe-00-2.jpg\",\n\t            \"contentUrl\": \"https:\/\/www.fisan.com\/wp-content\/uploads\/2024\/10\/jamon-el-2020-ag-pe-00-2.jpg\",\n\t            \"width\": 1200,\n\t            \"height\": 2400,\n\t            \"caption\": \"JAM\u00d3N FISAN EDICI\u00d3N LIMITADA 2020\"\n\t        },\n\t        {\n\t            \"@type\": \"BreadcrumbList\",\n\t            \"@id\": \"https:\/\/www.fisan.com\/de\/shop\/alta-gastronomia-schinken-limitierte-auflage-jahrgang-2020\/#breadcrumb\",\n\t            \"itemListElement\": [\n\t                {\n\t                    \"@type\": \"ListItem\",\n\t                    \"position\": 1,\n\t                    \"name\": \"FISAN\",\n\t                    \"item\": \"https:\/\/www.fisan.com\/de\/\"\n\t                },\n\t                {\n\t                    \"@type\": \"ListItem\",\n\t                    \"position\": 2,\n\t                    \"name\": \"Produkte\",\n\t                    \"item\": \"https:\/\/www.fisan.com\/de\/produkte\/\"\n\t                },\n\t                {\n\t                    \"@type\": \"ListItem\",\n\t                    \"position\": 3,\n\t                    \"name\": \"Alta Gastronomia Schinken Limitierte Auflage Jahrgang 2020\"\n\t                }\n\t            ]\n\t        },\n\t        {\n\t            \"@type\": \"WebSite\",\n\t            \"@id\": \"https:\/\/www.fisan.com\/de\/#website\",\n\t            \"url\": \"https:\/\/www.fisan.com\/de\/\",\n\t            \"name\": \"FISAN\",\n\t            \"description\": \"FISAN | Jamones de bellota ib\u00e9rico y embutidos ib\u00e9ricos desde 1920\",\n\t            \"potentialAction\": [\n\t                {\n\t                    \"@type\": \"SearchAction\",\n\t                    \"target\": {\n\t                        \"@type\": \"EntryPoint\",\n\t                        \"urlTemplate\": \"https:\/\/www.fisan.com\/de\/?s={search_term_string}\"\n\t                    },\n\t                    \"query-input\": {\n\t                        \"@type\": \"PropertyValueSpecification\",\n\t                        \"valueRequired\": true,\n\t                        \"valueName\": \"search_term_string\"\n\t                    }\n\t                }\n\t            ],\n\t            \"inLanguage\": \"de\"\n\t        }\n\t    ]\n\t}<\/script>\n<meta property=\"og:availability\" content=\"instock\" \/>\n<meta property=\"product:availability\" content=\"instock\" \/>\n<meta property=\"product:retailer_item_id\" content=\"j-agel2020\" \/>\n<meta property=\"product:condition\" content=\"new\" \/>\n<!-- \/ Yoast SEO plugin. -->","yoast_head_json":{"title":"Alta Gastronomia Schinken Limitierte Auflage Jahrgang 2020 | FISAN","robots":{"index":"index","follow":"follow","max-snippet":"max-snippet:-1","max-image-preview":"max-image-preview:large","max-video-preview":"max-video-preview:-1"},"canonical":"https:\/\/www.fisan.com\/de\/shop\/alta-gastronomia-schinken-limitierte-auflage-jahrgang-2020\/","og_locale":"de_DE","og_type":"article","og_title":"Alta Gastronomia Schinken Limitierte Auflage Jahrgang 2020 | FISAN","og_description":"SCHINKEN ALTA GASTRONOM\u00cdA LIMITIERTE AUFLAGE JAHRGANG 2020 Dieser exklusive Schinken geh\u00f6rt zur limitierten Auflage des Jahrgangs 2020. Jedes St\u00fcck wurde von der Familie FISAN sorgf\u00e4ltig ausgew\u00e4hlt und stammt von unseren Schweinen, die mit gro\u00dfer Hingabe auf der Steineichenw\u00e4lder aufgezogen wurden. Nach rund 60 Monaten in nat\u00fcrlichen Kellern, abgeschirmt von Licht und L\u00e4rm, hat der Schinken ... Weiterlesen","og_url":"https:\/\/www.fisan.com\/de\/shop\/alta-gastronomia-schinken-limitierte-auflage-jahrgang-2020\/","og_site_name":"FISAN","article_modified_time":"2024-11-15T12:05:42+00:00","og_image":[{"width":1200,"height":2400,"url":"https:\/\/www.fisan.com\/wp-content\/uploads\/2024\/10\/jamon-el-2020-ag-pe-00-2.jpg","type":"image\/jpeg"}],"twitter_card":"summary_large_image","twitter_misc":{"Verf\u00fcgbarkeit":"Auf Lager"},"schema":{"@context":"https:\/\/schema.org","@graph":[{"@type":"WebPage","@id":"https:\/\/www.fisan.com\/de\/shop\/alta-gastronomia-schinken-limitierte-auflage-jahrgang-2020\/","url":"https:\/\/www.fisan.com\/de\/shop\/alta-gastronomia-schinken-limitierte-auflage-jahrgang-2020\/","name":"Alta Gastronomia Schinken Limitierte Auflage Jahrgang 2020 | FISAN","isPartOf":{"@id":"https:\/\/www.fisan.com\/de\/#website"},"primaryImageOfPage":{"@id":"https:\/\/www.fisan.com\/de\/shop\/alta-gastronomia-schinken-limitierte-auflage-jahrgang-2020\/#primaryimage"},"image":{"@id":"https:\/\/www.fisan.com\/de\/shop\/alta-gastronomia-schinken-limitierte-auflage-jahrgang-2020\/#primaryimage"},"thumbnailUrl":"https:\/\/www.fisan.com\/wp-content\/uploads\/2024\/10\/jamon-el-2020-ag-pe-00-2.jpg","datePublished":"2024-10-29T09:57:39+00:00","dateModified":"2024-11-15T12:05:42+00:00","breadcrumb":{"@id":"https:\/\/www.fisan.com\/de\/shop\/alta-gastronomia-schinken-limitierte-auflage-jahrgang-2020\/#breadcrumb"},"inLanguage":"de","potentialAction":[{"@type":"ReadAction","target":["https:\/\/www.fisan.com\/de\/shop\/alta-gastronomia-schinken-limitierte-auflage-jahrgang-2020\/"]}]},{"@type":"ImageObject","inLanguage":"de","@id":"https:\/\/www.fisan.com\/de\/shop\/alta-gastronomia-schinken-limitierte-auflage-jahrgang-2020\/#primaryimage","url":"https:\/\/www.fisan.com\/wp-content\/uploads\/2024\/10\/jamon-el-2020-ag-pe-00-2.jpg","contentUrl":"https:\/\/www.fisan.com\/wp-content\/uploads\/2024\/10\/jamon-el-2020-ag-pe-00-2.jpg","width":1200,"height":2400,"caption":"JAM\u00d3N FISAN EDICI\u00d3N LIMITADA 2020"},{"@type":"BreadcrumbList","@id":"https:\/\/www.fisan.com\/de\/shop\/alta-gastronomia-schinken-limitierte-auflage-jahrgang-2020\/#breadcrumb","itemListElement":[{"@type":"ListItem","position":1,"name":"FISAN","item":"https:\/\/www.fisan.com\/de\/"},{"@type":"ListItem","position":2,"name":"Produkte","item":"https:\/\/www.fisan.com\/de\/produkte\/"},{"@type":"ListItem","position":3,"name":"Alta Gastronomia Schinken Limitierte Auflage Jahrgang 2020"}]},{"@type":"WebSite","@id":"https:\/\/www.fisan.com\/de\/#website","url":"https:\/\/www.fisan.com\/de\/","name":"FISAN","description":"FISAN | Jamones de bellota ib\u00e9rico y embutidos ib\u00e9ricos desde 1920","potentialAction":[{"@type":"SearchAction","target":{"@type":"EntryPoint","urlTemplate":"https:\/\/www.fisan.com\/de\/?s={search_term_string}"},"query-input":{"@type":"PropertyValueSpecification","valueRequired":true,"valueName":"search_term_string"}}],"inLanguage":"de"}]},"og_availability":"instock","product_availability":"instock","product_retailer_item_id":"j-agel2020","product_condition":"new"},"_links":{"self":[{"href":"https:\/\/www.fisan.com\/de\/wp-json\/wp\/v2\/product\/49986","targetHints":{"allow":["GET"]}}],"collection":[{"href":"https:\/\/www.fisan.com\/de\/wp-json\/wp\/v2\/product"}],"about":[{"href":"https:\/\/www.fisan.com\/de\/wp-json\/wp\/v2\/types\/product"}],"version-history":[{"count":5,"href":"https:\/\/www.fisan.com\/de\/wp-json\/wp\/v2\/product\/49986\/revisions"}],"predecessor-version":[{"id":50904,"href":"https:\/\/www.fisan.com\/de\/wp-json\/wp\/v2\/product\/49986\/revisions\/50904"}],"wp:featuredmedia":[{"embeddable":true,"href":"https:\/\/www.fisan.com\/de\/wp-json\/wp\/v2\/media\/50195"}],"wp:attachment":[{"href":"https:\/\/www.fisan.com\/de\/wp-json\/wp\/v2\/media?parent=49986"}],"wp:term":[{"taxonomy":"product_brand","embeddable":true,"href":"https:\/\/www.fisan.com\/de\/wp-json\/wp\/v2\/product_brand?post=49986"},{"taxonomy":"product_cat","embeddable":true,"href":"https:\/\/www.fisan.com\/de\/wp-json\/wp\/v2\/product_cat?post=49986"},{"taxonomy":"product_tag","embeddable":true,"href":"https:\/\/www.fisan.com\/de\/wp-json\/wp\/v2\/product_tag?post=49986"},{"taxonomy":"gama","embeddable":true,"href":"https:\/\/www.fisan.com\/de\/wp-json\/wp\/v2\/gama?post=49986"},{"taxonomy":"calidad","embeddable":true,"href":"https:\/\/www.fisan.com\/de\/wp-json\/wp\/v2\/calidad?post=49986"}],"curies":[{"name":"wp","href":"https:\/\/api.w.org\/{rel}","templated":true}]}}