{"id":52373,"date":"2024-12-17T12:43:41","date_gmt":"2024-12-17T11:43:41","guid":{"rendered":"https:\/\/www.fisan.com\/?post_type=product&#038;p=52373"},"modified":"2025-09-23T11:58:30","modified_gmt":"2025-09-23T09:58:30","slug":"cebo-de-campo-iberico-schinken-50-iberische-rasse-spezial-auswahl","status":"publish","type":"product","link":"https:\/\/www.fisan.com\/de\/shop\/cebo-de-campo-iberico-schinken-50-iberische-rasse-spezial-auswahl\/","title":{"rendered":"Cebo de Campo Iberico Schinken 50% Iberische Rasse Spezial-Auswahl"},"content":{"rendered":"<p>Die St\u00fccke des Cebo de Campo Iberico Schinken 50% Iberische Rasse Spezial-Auswahl werden sorgf\u00e4ltig f\u00fcr diejenigen ausgew\u00e4hlt, die ein besonderes Produkt von h\u00f6chster Qualit\u00e4t suchen. Sie stammen von Schweinen aus Freilandhaltung, die mit nat\u00fcrlichen Futtermitteln und Ressourcen aus der Natur gef\u00fcttert werden, und bieten ein perfektes Gleichgewicht zwischen Aroma, Geschmack und Saftigkeit. Ein idealer Schinken, um die iberische Tradition in ganz besonderen Momenten zu genie\u00dfen.<\/p>\n","protected":false},"excerpt":{"rendered":"<p>Die St\u00fccke des Cebo de Campo Iberico Schinkens 50% Iberische Rasse stammen von iberischen Schweinen in Freilandhaltung. Ihre Nahrung basiert auf nat\u00fcrlichem Futter und den Ressourcen des Weidelandes. Das Aroma und die S\u00fc\u00dfe machen jedes St\u00fcck zu einer Delikatesse, die den Gaumen von Gastronomie-Liebhabern erfreut.<\/p>\n","protected":false},"featured_media":52824,"template":"","meta":{"_acf_changed":false,"_wp_rev_ctl_limit":""},"product_brand":[],"product_cat":[305],"product_tag":[308,525,309,520],"gama":[],"calidad":[],"class_list":{"0":"post-52373","1":"product","2":"type-product","3":"status-publish","4":"has-post-thumbnail","6":"product_cat-produkte-iberico-schinken","7":"product_tag-destacados-jamon","8":"product_tag-destacados-sabor-tradicional","9":"product_tag-destacados-todos","10":"product_tag-st","12":"first","13":"instock","14":"taxable","15":"shipping-taxable","16":"purchasable","17":"product-type-variable","18":"has-default-attributes"},"acf":[],"yoast_head":"<!-- This site is optimized with the Yoast SEO plugin v25.4 - https:\/\/yoast.com\/wordpress\/plugins\/seo\/ -->\n<title>Cebo de Campo Iberico Schinken Spezial-Auswahl | FISAN<\/title>\n<meta name=\"description\" content=\"Entdecken Sie die Qualit\u00e4t des Cebo de Campo Iberico Schinken Spezial-Auswahl, ein ideales St\u00fcck, um die iberische Tradition zu genie\u00dfen.\" \/>\n<meta name=\"robots\" content=\"index, follow, max-snippet:-1, max-image-preview:large, max-video-preview:-1\" \/>\n<link rel=\"canonical\" href=\"https:\/\/www.fisan.com\/de\/shop\/cebo-de-campo-iberico-schinken-50-iberische-rasse-spezial-auswahl\/\" \/>\n<meta property=\"og:locale\" content=\"de_DE\" \/>\n<meta property=\"og:type\" content=\"article\" \/>\n<meta property=\"og:title\" content=\"Cebo de Campo Iberico Schinken Spezial-Auswahl | FISAN\" \/>\n<meta property=\"og:description\" content=\"Entdecken Sie die Qualit\u00e4t des Cebo de Campo Iberico Schinken Spezial-Auswahl, ein ideales St\u00fcck, um die iberische Tradition zu genie\u00dfen.\" \/>\n<meta property=\"og:url\" content=\"https:\/\/www.fisan.com\/de\/shop\/cebo-de-campo-iberico-schinken-50-iberische-rasse-spezial-auswahl\/\" \/>\n<meta property=\"og:site_name\" content=\"FISAN\" \/>\n<meta property=\"article:modified_time\" content=\"2025-09-23T09:58:30+00:00\" \/>\n<meta property=\"og:image\" content=\"https:\/\/www.fisan.com\/wp-content\/uploads\/2024\/12\/jamon-cebocampo-iberico-50-se-st-pe-00-2.jpg\" \/>\n\t<meta property=\"og:image:width\" content=\"1200\" \/>\n\t<meta property=\"og:image:height\" content=\"2400\" \/>\n\t<meta property=\"og:image:type\" content=\"image\/jpeg\" \/>\n<meta name=\"twitter:card\" content=\"summary_large_image\" \/>\n<meta name=\"twitter:label1\" content=\"Verf\u00fcgbarkeit\" \/>\n\t<meta name=\"twitter:data1\" content=\"Auf Lager\" \/>\n<script type=\"application\/ld+json\" class=\"yoast-schema-graph\">{\n\t    \"@context\": \"https:\/\/schema.org\",\n\t    \"@graph\": [\n\t        {\n\t            \"@type\": \"WebPage\",\n\t            \"@id\": \"https:\/\/www.fisan.com\/de\/shop\/cebo-de-campo-iberico-schinken-50-iberische-rasse-spezial-auswahl\/\",\n\t            \"url\": \"https:\/\/www.fisan.com\/de\/shop\/cebo-de-campo-iberico-schinken-50-iberische-rasse-spezial-auswahl\/\",\n\t            \"name\": \"Cebo de Campo Iberico Schinken Spezial-Auswahl | FISAN\",\n\t            \"isPartOf\": {\n\t                \"@id\": \"https:\/\/www.fisan.com\/de\/#website\"\n\t            },\n\t            \"primaryImageOfPage\": {\n\t                \"@id\": \"https:\/\/www.fisan.com\/de\/shop\/cebo-de-campo-iberico-schinken-50-iberische-rasse-spezial-auswahl\/#primaryimage\"\n\t            },\n\t            \"image\": {\n\t                \"@id\": \"https:\/\/www.fisan.com\/de\/shop\/cebo-de-campo-iberico-schinken-50-iberische-rasse-spezial-auswahl\/#primaryimage\"\n\t            },\n\t            \"thumbnailUrl\": \"https:\/\/www.fisan.com\/wp-content\/uploads\/2024\/12\/jamon-cebocampo-iberico-50-se-st-pe-00-2.jpg\",\n\t            \"datePublished\": \"2024-12-17T11:43:41+00:00\",\n\t            \"dateModified\": \"2025-09-23T09:58:30+00:00\",\n\t            \"description\": \"Entdecken Sie die Qualit\u00e4t des Cebo de Campo Iberico Schinken Spezial-Auswahl, ein ideales St\u00fcck, um die iberische Tradition zu genie\u00dfen.\",\n\t            \"breadcrumb\": {\n\t                \"@id\": \"https:\/\/www.fisan.com\/de\/shop\/cebo-de-campo-iberico-schinken-50-iberische-rasse-spezial-auswahl\/#breadcrumb\"\n\t            },\n\t            \"inLanguage\": \"de\",\n\t            \"potentialAction\": [\n\t                {\n\t                    \"@type\": \"ReadAction\",\n\t                    \"target\": [\n\t                        \"https:\/\/www.fisan.com\/de\/shop\/cebo-de-campo-iberico-schinken-50-iberische-rasse-spezial-auswahl\/\"\n\t                    ]\n\t                }\n\t            ]\n\t        },\n\t        {\n\t            \"@type\": \"ImageObject\",\n\t            \"inLanguage\": \"de\",\n\t            \"@id\": \"https:\/\/www.fisan.com\/de\/shop\/cebo-de-campo-iberico-schinken-50-iberische-rasse-spezial-auswahl\/#primaryimage\",\n\t            \"url\": \"https:\/\/www.fisan.com\/wp-content\/uploads\/2024\/12\/jamon-cebocampo-iberico-50-se-st-pe-00-2.jpg\",\n\t            \"contentUrl\": \"https:\/\/www.fisan.com\/wp-content\/uploads\/2024\/12\/jamon-cebocampo-iberico-50-se-st-pe-00-2.jpg\",\n\t            \"width\": 1200,\n\t            \"height\": 2400,\n\t            \"caption\": \"Jam\u00f3n de cebo de campo ib\u00e9rico 50% raza ib\u00e9rica Selecci\u00f3n Especial\"\n\t        },\n\t        {\n\t            \"@type\": \"BreadcrumbList\",\n\t            \"@id\": \"https:\/\/www.fisan.com\/de\/shop\/cebo-de-campo-iberico-schinken-50-iberische-rasse-spezial-auswahl\/#breadcrumb\",\n\t            \"itemListElement\": [\n\t                {\n\t                    \"@type\": \"ListItem\",\n\t                    \"position\": 1,\n\t                    \"name\": \"FISAN\",\n\t                    \"item\": \"https:\/\/www.fisan.com\/de\/\"\n\t                },\n\t                {\n\t                    \"@type\": \"ListItem\",\n\t                    \"position\": 2,\n\t                    \"name\": \"Produkte\",\n\t                    \"item\": \"https:\/\/www.fisan.com\/de\/produkte\/\"\n\t                },\n\t                {\n\t                    \"@type\": \"ListItem\",\n\t                    \"position\": 3,\n\t                    \"name\": \"Cebo de Campo Iberico Schinken 50% Iberische Rasse Spezial-Auswahl\"\n\t                }\n\t            ]\n\t        },\n\t        {\n\t            \"@type\": \"WebSite\",\n\t            \"@id\": \"https:\/\/www.fisan.com\/de\/#website\",\n\t            \"url\": \"https:\/\/www.fisan.com\/de\/\",\n\t            \"name\": \"FISAN\",\n\t            \"description\": \"FISAN | Jamones de bellota ib\u00e9rico y embutidos ib\u00e9ricos desde 1920\",\n\t            \"potentialAction\": [\n\t                {\n\t                    \"@type\": \"SearchAction\",\n\t                    \"target\": {\n\t                        \"@type\": \"EntryPoint\",\n\t                        \"urlTemplate\": \"https:\/\/www.fisan.com\/de\/?s={search_term_string}\"\n\t                    },\n\t                    \"query-input\": {\n\t                        \"@type\": \"PropertyValueSpecification\",\n\t                        \"valueRequired\": true,\n\t                        \"valueName\": \"search_term_string\"\n\t                    }\n\t                }\n\t            ],\n\t            \"inLanguage\": \"de\"\n\t        }\n\t    ]\n\t}<\/script>\n<meta property=\"og:availability\" content=\"instock\" \/>\n<meta property=\"product:availability\" content=\"instock\" \/>\n<meta property=\"product:retailer_item_id\" content=\"j-cc50-se\" \/>\n<meta property=\"product:condition\" content=\"new\" \/>\n<!-- \/ Yoast SEO plugin. -->","yoast_head_json":{"title":"Cebo de Campo Iberico Schinken Spezial-Auswahl | FISAN","description":"Entdecken Sie die Qualit\u00e4t des Cebo de Campo Iberico Schinken Spezial-Auswahl, ein ideales St\u00fcck, um die iberische Tradition zu genie\u00dfen.","robots":{"index":"index","follow":"follow","max-snippet":"max-snippet:-1","max-image-preview":"max-image-preview:large","max-video-preview":"max-video-preview:-1"},"canonical":"https:\/\/www.fisan.com\/de\/shop\/cebo-de-campo-iberico-schinken-50-iberische-rasse-spezial-auswahl\/","og_locale":"de_DE","og_type":"article","og_title":"Cebo de Campo Iberico Schinken Spezial-Auswahl | FISAN","og_description":"Entdecken Sie die Qualit\u00e4t des Cebo de Campo Iberico Schinken Spezial-Auswahl, ein ideales St\u00fcck, um die iberische Tradition zu genie\u00dfen.","og_url":"https:\/\/www.fisan.com\/de\/shop\/cebo-de-campo-iberico-schinken-50-iberische-rasse-spezial-auswahl\/","og_site_name":"FISAN","article_modified_time":"2025-09-23T09:58:30+00:00","og_image":[{"width":1200,"height":2400,"url":"https:\/\/www.fisan.com\/wp-content\/uploads\/2024\/12\/jamon-cebocampo-iberico-50-se-st-pe-00-2.jpg","type":"image\/jpeg"}],"twitter_card":"summary_large_image","twitter_misc":{"Verf\u00fcgbarkeit":"Auf Lager"},"schema":{"@context":"https:\/\/schema.org","@graph":[{"@type":"WebPage","@id":"https:\/\/www.fisan.com\/de\/shop\/cebo-de-campo-iberico-schinken-50-iberische-rasse-spezial-auswahl\/","url":"https:\/\/www.fisan.com\/de\/shop\/cebo-de-campo-iberico-schinken-50-iberische-rasse-spezial-auswahl\/","name":"Cebo de Campo Iberico Schinken Spezial-Auswahl | FISAN","isPartOf":{"@id":"https:\/\/www.fisan.com\/de\/#website"},"primaryImageOfPage":{"@id":"https:\/\/www.fisan.com\/de\/shop\/cebo-de-campo-iberico-schinken-50-iberische-rasse-spezial-auswahl\/#primaryimage"},"image":{"@id":"https:\/\/www.fisan.com\/de\/shop\/cebo-de-campo-iberico-schinken-50-iberische-rasse-spezial-auswahl\/#primaryimage"},"thumbnailUrl":"https:\/\/www.fisan.com\/wp-content\/uploads\/2024\/12\/jamon-cebocampo-iberico-50-se-st-pe-00-2.jpg","datePublished":"2024-12-17T11:43:41+00:00","dateModified":"2025-09-23T09:58:30+00:00","description":"Entdecken Sie die Qualit\u00e4t des Cebo de Campo Iberico Schinken Spezial-Auswahl, ein ideales St\u00fcck, um die iberische Tradition zu genie\u00dfen.","breadcrumb":{"@id":"https:\/\/www.fisan.com\/de\/shop\/cebo-de-campo-iberico-schinken-50-iberische-rasse-spezial-auswahl\/#breadcrumb"},"inLanguage":"de","potentialAction":[{"@type":"ReadAction","target":["https:\/\/www.fisan.com\/de\/shop\/cebo-de-campo-iberico-schinken-50-iberische-rasse-spezial-auswahl\/"]}]},{"@type":"ImageObject","inLanguage":"de","@id":"https:\/\/www.fisan.com\/de\/shop\/cebo-de-campo-iberico-schinken-50-iberische-rasse-spezial-auswahl\/#primaryimage","url":"https:\/\/www.fisan.com\/wp-content\/uploads\/2024\/12\/jamon-cebocampo-iberico-50-se-st-pe-00-2.jpg","contentUrl":"https:\/\/www.fisan.com\/wp-content\/uploads\/2024\/12\/jamon-cebocampo-iberico-50-se-st-pe-00-2.jpg","width":1200,"height":2400,"caption":"Jam\u00f3n de cebo de campo ib\u00e9rico 50% raza ib\u00e9rica Selecci\u00f3n Especial"},{"@type":"BreadcrumbList","@id":"https:\/\/www.fisan.com\/de\/shop\/cebo-de-campo-iberico-schinken-50-iberische-rasse-spezial-auswahl\/#breadcrumb","itemListElement":[{"@type":"ListItem","position":1,"name":"FISAN","item":"https:\/\/www.fisan.com\/de\/"},{"@type":"ListItem","position":2,"name":"Produkte","item":"https:\/\/www.fisan.com\/de\/produkte\/"},{"@type":"ListItem","position":3,"name":"Cebo de Campo Iberico Schinken 50% Iberische Rasse Spezial-Auswahl"}]},{"@type":"WebSite","@id":"https:\/\/www.fisan.com\/de\/#website","url":"https:\/\/www.fisan.com\/de\/","name":"FISAN","description":"FISAN | Jamones de bellota ib\u00e9rico y embutidos ib\u00e9ricos desde 1920","potentialAction":[{"@type":"SearchAction","target":{"@type":"EntryPoint","urlTemplate":"https:\/\/www.fisan.com\/de\/?s={search_term_string}"},"query-input":{"@type":"PropertyValueSpecification","valueRequired":true,"valueName":"search_term_string"}}],"inLanguage":"de"}]},"og_availability":"instock","product_availability":"instock","product_retailer_item_id":"j-cc50-se","product_condition":"new"},"_links":{"self":[{"href":"https:\/\/www.fisan.com\/de\/wp-json\/wp\/v2\/product\/52373","targetHints":{"allow":["GET"]}}],"collection":[{"href":"https:\/\/www.fisan.com\/de\/wp-json\/wp\/v2\/product"}],"about":[{"href":"https:\/\/www.fisan.com\/de\/wp-json\/wp\/v2\/types\/product"}],"version-history":[{"count":2,"href":"https:\/\/www.fisan.com\/de\/wp-json\/wp\/v2\/product\/52373\/revisions"}],"predecessor-version":[{"id":57202,"href":"https:\/\/www.fisan.com\/de\/wp-json\/wp\/v2\/product\/52373\/revisions\/57202"}],"wp:featuredmedia":[{"embeddable":true,"href":"https:\/\/www.fisan.com\/de\/wp-json\/wp\/v2\/media\/52824"}],"wp:attachment":[{"href":"https:\/\/www.fisan.com\/de\/wp-json\/wp\/v2\/media?parent=52373"}],"wp:term":[{"taxonomy":"product_brand","embeddable":true,"href":"https:\/\/www.fisan.com\/de\/wp-json\/wp\/v2\/product_brand?post=52373"},{"taxonomy":"product_cat","embeddable":true,"href":"https:\/\/www.fisan.com\/de\/wp-json\/wp\/v2\/product_cat?post=52373"},{"taxonomy":"product_tag","embeddable":true,"href":"https:\/\/www.fisan.com\/de\/wp-json\/wp\/v2\/product_tag?post=52373"},{"taxonomy":"gama","embeddable":true,"href":"https:\/\/www.fisan.com\/de\/wp-json\/wp\/v2\/gama?post=52373"},{"taxonomy":"calidad","embeddable":true,"href":"https:\/\/www.fisan.com\/de\/wp-json\/wp\/v2\/calidad?post=52373"}],"curies":[{"name":"wp","href":"https:\/\/api.w.org\/{rel}","templated":true}]}}