{"id":58894,"date":"2024-06-06T09:32:53","date_gmt":"2024-06-06T07:32:53","guid":{"rendered":"https:\/\/www.fisan.com\/producto\/abanico-iberico-natural\/"},"modified":"2025-11-24T10:54:04","modified_gmt":"2025-11-24T09:54:04","slug":"iberico-bellota-abanico-natuerlich","status":"publish","type":"product","link":"https:\/\/www.fisan.com\/de\/shop\/iberico-bellota-abanico-natuerlich\/","title":{"rendered":"Ib\u00e9rico Abanico 100% nat\u00fcrlich"},"content":{"rendered":"<p>Der Ib\u00e9rico Abanico verdankt seinen Namen seiner eleganten F\u00e4cherform. Dieser besondere Cut stammt aus dem \u00e4u\u00dferen Bereich der Rippen des Ib\u00e9rico Schweins. Obwohl das St\u00fcck relativ fein ist, macht es seine intensive Marmorierung zu einem unvergleichlich saftigen und aromatischen Genuss.<\/p>\n","protected":false},"excerpt":{"rendered":"<p>Der Ib\u00e9rico Abanico verdankt seinen Namen seiner eleganten F\u00e4cherform. Dieser besondere Cut stammt aus dem \u00e4u\u00dferen Bereich der Rippen des Ib\u00e9rico Schweins. Obwohl das St\u00fcck relativ fein ist, macht es seine intensive Marmorierung zu einem unvergleichlich saftigen und aromatischen Genuss.<\/p>\n","protected":false},"featured_media":47076,"template":"","meta":{"_acf_changed":false,"_wp_rev_ctl_limit":""},"product_brand":[],"product_cat":[370],"product_tag":[520],"gama":[1373],"calidad":[516],"class_list":{"0":"post-58894","1":"product","2":"type-product","3":"status-publish","4":"has-post-thumbnail","6":"product_cat-5-fleisch","7":"product_tag-st","8":"product_shipping_class-carnes-de","9":"gama-sabor-tradicional-de-2","10":"calidad-4-iberico-de","12":"first","13":"no_disponible_online","14":"taxable","15":"shipping-taxable","16":"product-type-simple"},"acf":[],"yoast_head":"<!-- This site is optimized with the Yoast SEO plugin v25.4 - https:\/\/yoast.com\/wordpress\/plugins\/seo\/ -->\n<title>Ib\u00e9rico Abanico 100% nat\u00fcrlich | FISAN<\/title>\n<meta name=\"description\" content=\"Entdecken Sie den 100% nat\u00fcrlichen Ib\u00e9rico Abanico von FISAN: Ein Cut mit unvergleichlichem Geschmack, benannt nach seiner charakteristischen F\u00e4cherform.\" \/>\n<meta name=\"robots\" content=\"index, follow, max-snippet:-1, max-image-preview:large, max-video-preview:-1\" \/>\n<link rel=\"canonical\" href=\"https:\/\/www.fisan.com\/de\/shop\/iberico-bellota-abanico-natuerlich\/\" \/>\n<meta property=\"og:locale\" content=\"de_DE\" \/>\n<meta property=\"og:type\" content=\"article\" \/>\n<meta property=\"og:title\" content=\"Ib\u00e9rico Abanico 100% nat\u00fcrlich | FISAN\" \/>\n<meta property=\"og:description\" content=\"Entdecken Sie den 100% nat\u00fcrlichen Ib\u00e9rico Abanico von FISAN: Ein Cut mit unvergleichlichem Geschmack, benannt nach seiner charakteristischen F\u00e4cherform.\" \/>\n<meta property=\"og:url\" content=\"https:\/\/www.fisan.com\/de\/shop\/iberico-bellota-abanico-natuerlich\/\" \/>\n<meta property=\"og:site_name\" content=\"FISAN\" \/>\n<meta property=\"article:modified_time\" content=\"2025-11-24T09:54:04+00:00\" \/>\n<meta property=\"og:image\" content=\"https:\/\/www.fisan.com\/wp-content\/uploads\/2024\/06\/abanico-bellota-iberico-pe-00-1.jpg\" \/>\n\t<meta property=\"og:image:width\" content=\"1200\" \/>\n\t<meta property=\"og:image:height\" content=\"2400\" \/>\n\t<meta property=\"og:image:type\" content=\"image\/jpeg\" \/>\n<meta name=\"twitter:card\" content=\"summary_large_image\" \/>\n<meta name=\"twitter:label1\" content=\"Preis\" \/>\n\t<meta name=\"twitter:data1\" content=\"\" \/>\n\t<meta name=\"twitter:label2\" content=\"Verf\u00fcgbarkeit\" \/>\n\t<meta name=\"twitter:data2\" content=\"Auf Lager\" \/>\n<script type=\"application\/ld+json\" class=\"yoast-schema-graph\">{\n\t    \"@context\": \"https:\/\/schema.org\",\n\t    \"@graph\": [\n\t        {\n\t            \"@type\": \"WebPage\",\n\t            \"@id\": \"https:\/\/www.fisan.com\/de\/shop\/iberico-bellota-abanico-natuerlich\/\",\n\t            \"url\": \"https:\/\/www.fisan.com\/de\/shop\/iberico-bellota-abanico-natuerlich\/\",\n\t            \"name\": \"Ib\u00e9rico Abanico 100% nat\u00fcrlich | FISAN\",\n\t            \"isPartOf\": {\n\t                \"@id\": \"https:\/\/www.fisan.com\/de\/#website\"\n\t            },\n\t            \"primaryImageOfPage\": {\n\t                \"@id\": \"https:\/\/www.fisan.com\/de\/shop\/iberico-bellota-abanico-natuerlich\/#primaryimage\"\n\t            },\n\t            \"image\": {\n\t                \"@id\": \"https:\/\/www.fisan.com\/de\/shop\/iberico-bellota-abanico-natuerlich\/#primaryimage\"\n\t            },\n\t            \"thumbnailUrl\": \"https:\/\/www.fisan.com\/wp-content\/uploads\/2024\/06\/abanico-bellota-iberico-pe-00-1.jpg\",\n\t            \"datePublished\": \"2024-06-06T07:32:53+00:00\",\n\t            \"dateModified\": \"2025-11-24T09:54:04+00:00\",\n\t            \"description\": \"Entdecken Sie den 100% nat\u00fcrlichen Ib\u00e9rico Abanico von FISAN: Ein Cut mit unvergleichlichem Geschmack, benannt nach seiner charakteristischen F\u00e4cherform.\",\n\t            \"breadcrumb\": {\n\t                \"@id\": \"https:\/\/www.fisan.com\/de\/shop\/iberico-bellota-abanico-natuerlich\/#breadcrumb\"\n\t            },\n\t            \"inLanguage\": \"de\",\n\t            \"potentialAction\": [\n\t                {\n\t                    \"@type\": \"ReadAction\",\n\t                    \"target\": [\n\t                        \"https:\/\/www.fisan.com\/de\/shop\/iberico-bellota-abanico-natuerlich\/\"\n\t                    ]\n\t                }\n\t            ]\n\t        },\n\t        {\n\t            \"@type\": \"ImageObject\",\n\t            \"inLanguage\": \"de\",\n\t            \"@id\": \"https:\/\/www.fisan.com\/de\/shop\/iberico-bellota-abanico-natuerlich\/#primaryimage\",\n\t            \"url\": \"https:\/\/www.fisan.com\/wp-content\/uploads\/2024\/06\/abanico-bellota-iberico-pe-00-1.jpg\",\n\t            \"contentUrl\": \"https:\/\/www.fisan.com\/wp-content\/uploads\/2024\/06\/abanico-bellota-iberico-pe-00-1.jpg\",\n\t            \"width\": 1200,\n\t            \"height\": 2400,\n\t            \"caption\": \"Abanico Ib\u00e9rico 100% Natural\"\n\t        },\n\t        {\n\t            \"@type\": \"BreadcrumbList\",\n\t            \"@id\": \"https:\/\/www.fisan.com\/de\/shop\/iberico-bellota-abanico-natuerlich\/#breadcrumb\",\n\t            \"itemListElement\": [\n\t                {\n\t                    \"@type\": \"ListItem\",\n\t                    \"position\": 1,\n\t                    \"name\": \"FISAN\",\n\t                    \"item\": \"https:\/\/www.fisan.com\/de\/\"\n\t                },\n\t                {\n\t                    \"@type\": \"ListItem\",\n\t                    \"position\": 2,\n\t                    \"name\": \"Produkte\",\n\t                    \"item\": \"https:\/\/www.fisan.com\/de\/produkte\/\"\n\t                },\n\t                {\n\t                    \"@type\": \"ListItem\",\n\t                    \"position\": 3,\n\t                    \"name\": \"Ib\u00e9rico Abanico 100% nat\u00fcrlich\"\n\t                }\n\t            ]\n\t        },\n\t        {\n\t            \"@type\": \"WebSite\",\n\t            \"@id\": \"https:\/\/www.fisan.com\/de\/#website\",\n\t            \"url\": \"https:\/\/www.fisan.com\/de\/\",\n\t            \"name\": \"FISAN\",\n\t            \"description\": \"FISAN | Jamones de bellota ib\u00e9rico y embutidos ib\u00e9ricos desde 1920\",\n\t            \"potentialAction\": [\n\t                {\n\t                    \"@type\": \"SearchAction\",\n\t                    \"target\": {\n\t                        \"@type\": \"EntryPoint\",\n\t                        \"urlTemplate\": \"https:\/\/www.fisan.com\/de\/?s={search_term_string}\"\n\t                    },\n\t                    \"query-input\": {\n\t                        \"@type\": \"PropertyValueSpecification\",\n\t                        \"valueRequired\": true,\n\t                        \"valueName\": \"search_term_string\"\n\t                    }\n\t                }\n\t            ],\n\t            \"inLanguage\": \"de\"\n\t        }\n\t    ]\n\t}<\/script>\n<meta property=\"product:price:currency\" content=\"EUR\" \/>\n<meta property=\"og:availability\" content=\"instock\" \/>\n<meta property=\"product:availability\" content=\"instock\" \/>\n<meta property=\"product:retailer_item_id\" content=\"ca-abbi\" \/>\n<meta property=\"product:condition\" content=\"new\" \/>\n<!-- \/ Yoast SEO plugin. -->","yoast_head_json":{"title":"Ib\u00e9rico Abanico 100% nat\u00fcrlich | FISAN","description":"Entdecken Sie den 100% nat\u00fcrlichen Ib\u00e9rico Abanico von FISAN: Ein Cut mit unvergleichlichem Geschmack, benannt nach seiner charakteristischen F\u00e4cherform.","robots":{"index":"index","follow":"follow","max-snippet":"max-snippet:-1","max-image-preview":"max-image-preview:large","max-video-preview":"max-video-preview:-1"},"canonical":"https:\/\/www.fisan.com\/de\/shop\/iberico-bellota-abanico-natuerlich\/","og_locale":"de_DE","og_type":"article","og_title":"Ib\u00e9rico Abanico 100% nat\u00fcrlich | FISAN","og_description":"Entdecken Sie den 100% nat\u00fcrlichen Ib\u00e9rico Abanico von FISAN: Ein Cut mit unvergleichlichem Geschmack, benannt nach seiner charakteristischen F\u00e4cherform.","og_url":"https:\/\/www.fisan.com\/de\/shop\/iberico-bellota-abanico-natuerlich\/","og_site_name":"FISAN","article_modified_time":"2025-11-24T09:54:04+00:00","og_image":[{"width":1200,"height":2400,"url":"https:\/\/www.fisan.com\/wp-content\/uploads\/2024\/06\/abanico-bellota-iberico-pe-00-1.jpg","type":"image\/jpeg"}],"twitter_card":"summary_large_image","twitter_misc":{"Preis":"","Verf\u00fcgbarkeit":"Auf Lager"},"schema":{"@context":"https:\/\/schema.org","@graph":[{"@type":"WebPage","@id":"https:\/\/www.fisan.com\/de\/shop\/iberico-bellota-abanico-natuerlich\/","url":"https:\/\/www.fisan.com\/de\/shop\/iberico-bellota-abanico-natuerlich\/","name":"Ib\u00e9rico Abanico 100% nat\u00fcrlich | FISAN","isPartOf":{"@id":"https:\/\/www.fisan.com\/de\/#website"},"primaryImageOfPage":{"@id":"https:\/\/www.fisan.com\/de\/shop\/iberico-bellota-abanico-natuerlich\/#primaryimage"},"image":{"@id":"https:\/\/www.fisan.com\/de\/shop\/iberico-bellota-abanico-natuerlich\/#primaryimage"},"thumbnailUrl":"https:\/\/www.fisan.com\/wp-content\/uploads\/2024\/06\/abanico-bellota-iberico-pe-00-1.jpg","datePublished":"2024-06-06T07:32:53+00:00","dateModified":"2025-11-24T09:54:04+00:00","description":"Entdecken Sie den 100% nat\u00fcrlichen Ib\u00e9rico Abanico von FISAN: Ein Cut mit unvergleichlichem Geschmack, benannt nach seiner charakteristischen F\u00e4cherform.","breadcrumb":{"@id":"https:\/\/www.fisan.com\/de\/shop\/iberico-bellota-abanico-natuerlich\/#breadcrumb"},"inLanguage":"de","potentialAction":[{"@type":"ReadAction","target":["https:\/\/www.fisan.com\/de\/shop\/iberico-bellota-abanico-natuerlich\/"]}]},{"@type":"ImageObject","inLanguage":"de","@id":"https:\/\/www.fisan.com\/de\/shop\/iberico-bellota-abanico-natuerlich\/#primaryimage","url":"https:\/\/www.fisan.com\/wp-content\/uploads\/2024\/06\/abanico-bellota-iberico-pe-00-1.jpg","contentUrl":"https:\/\/www.fisan.com\/wp-content\/uploads\/2024\/06\/abanico-bellota-iberico-pe-00-1.jpg","width":1200,"height":2400,"caption":"Abanico Ib\u00e9rico 100% Natural"},{"@type":"BreadcrumbList","@id":"https:\/\/www.fisan.com\/de\/shop\/iberico-bellota-abanico-natuerlich\/#breadcrumb","itemListElement":[{"@type":"ListItem","position":1,"name":"FISAN","item":"https:\/\/www.fisan.com\/de\/"},{"@type":"ListItem","position":2,"name":"Produkte","item":"https:\/\/www.fisan.com\/de\/produkte\/"},{"@type":"ListItem","position":3,"name":"Ib\u00e9rico Abanico 100% nat\u00fcrlich"}]},{"@type":"WebSite","@id":"https:\/\/www.fisan.com\/de\/#website","url":"https:\/\/www.fisan.com\/de\/","name":"FISAN","description":"FISAN | Jamones de bellota ib\u00e9rico y embutidos ib\u00e9ricos desde 1920","potentialAction":[{"@type":"SearchAction","target":{"@type":"EntryPoint","urlTemplate":"https:\/\/www.fisan.com\/de\/?s={search_term_string}"},"query-input":{"@type":"PropertyValueSpecification","valueRequired":true,"valueName":"search_term_string"}}],"inLanguage":"de"}]},"product_price_currency":"EUR","og_availability":"instock","product_availability":"instock","product_retailer_item_id":"ca-abbi","product_condition":"new"},"_links":{"self":[{"href":"https:\/\/www.fisan.com\/de\/wp-json\/wp\/v2\/product\/58894","targetHints":{"allow":["GET"]}}],"collection":[{"href":"https:\/\/www.fisan.com\/de\/wp-json\/wp\/v2\/product"}],"about":[{"href":"https:\/\/www.fisan.com\/de\/wp-json\/wp\/v2\/types\/product"}],"version-history":[{"count":3,"href":"https:\/\/www.fisan.com\/de\/wp-json\/wp\/v2\/product\/58894\/revisions"}],"predecessor-version":[{"id":58900,"href":"https:\/\/www.fisan.com\/de\/wp-json\/wp\/v2\/product\/58894\/revisions\/58900"}],"wp:featuredmedia":[{"embeddable":true,"href":"https:\/\/www.fisan.com\/de\/wp-json\/wp\/v2\/media\/47076"}],"wp:attachment":[{"href":"https:\/\/www.fisan.com\/de\/wp-json\/wp\/v2\/media?parent=58894"}],"wp:term":[{"taxonomy":"product_brand","embeddable":true,"href":"https:\/\/www.fisan.com\/de\/wp-json\/wp\/v2\/product_brand?post=58894"},{"taxonomy":"product_cat","embeddable":true,"href":"https:\/\/www.fisan.com\/de\/wp-json\/wp\/v2\/product_cat?post=58894"},{"taxonomy":"product_tag","embeddable":true,"href":"https:\/\/www.fisan.com\/de\/wp-json\/wp\/v2\/product_tag?post=58894"},{"taxonomy":"gama","embeddable":true,"href":"https:\/\/www.fisan.com\/de\/wp-json\/wp\/v2\/gama?post=58894"},{"taxonomy":"calidad","embeddable":true,"href":"https:\/\/www.fisan.com\/de\/wp-json\/wp\/v2\/calidad?post=58894"}],"curies":[{"name":"wp","href":"https:\/\/api.w.org\/{rel}","templated":true}]}}