{"id":58931,"date":"2024-05-20T16:32:42","date_gmt":"2024-05-20T14:32:42","guid":{"rendered":"https:\/\/www.fisan.com\/producto\/panceta-bellota-iberica-embuchada-curada\/"},"modified":"2025-11-24T14:24:18","modified_gmt":"2025-11-24T13:24:18","slug":"gereifte-iberico-bellota-panceta","status":"publish","type":"product","link":"https:\/\/www.fisan.com\/de\/shop\/gereifte-iberico-bellota-panceta\/","title":{"rendered":"Gereifte 100% Ib\u00e9rico Bellota Panceta Embuchada (Bauchspeck im Naturdarm gereift)"},"content":{"rendered":"<p>Diese gereifte 100% Ib\u00e9rico Bellota Panceta (Bauchspeck), die traditionell im Naturdarm reift (Embuchada) und mit nat\u00fcrlichen Zutaten wie Piment\u00f3n de la Vera, Knoblauch und <\/p>\n<p>Salz verfeinert wird, reift 6 Monate in unseren Kellern.<\/p>\n<p>Ideal f\u00fcr die kalte Platte oder als edle Zutat in der K\u00fcche.<\/p>\n<p>Eine wahre Delikatesse. Zergeht auf der Zunge&#8230; \u00dcberraschen Sie Ihre G\u00e4ste!<\/p>\n","protected":false},"excerpt":{"rendered":"<p>Diese gereifte 100% Ib\u00e9rico Bellota Panceta (Bauchspeck), die traditionell im Naturdarm reift (Embuchada) und mit nat\u00fcrlichen Zutaten wie Piment\u00f3n de la Vera, Knoblauch und Salz verfeinert wird, reift 6 Monate in unseren Kellern. Ideal f\u00fcr die kalte Platte oder als edle Zutat in der K\u00fcche. Eine wahre Delikatesse. Zergeht auf der Zunge&#8230; \u00dcberraschen Sie Ihre &#8230; <a title=\"Gereifte 100% Ib\u00e9rico Bellota Panceta Embuchada (Bauchspeck im Naturdarm gereift)\" class=\"read-more\" href=\"https:\/\/www.fisan.com\/de\/shop\/gereifte-iberico-bellota-panceta\/\" aria-label=\"Mehr Informationen \u00fcber Gereifte 100% Ib\u00e9rico Bellota Panceta Embuchada (Bauchspeck im Naturdarm gereift)\">Weiterlesen<\/a><\/p>\n","protected":false},"featured_media":49208,"template":"","meta":{"_acf_changed":false,"_wp_rev_ctl_limit":""},"product_brand":[],"product_cat":[350],"product_tag":[306,1379],"gama":[436],"calidad":[441],"class_list":{"0":"post-58931","1":"product","2":"type-product","3":"status-publish","4":"has-post-thumbnail","6":"product_cat-4-wurstchen","7":"product_tag-ag","8":"product_tag-no-disponible-online-de","9":"gama-alta-gastronomia-de","10":"calidad-1-bellota-iberico-de","12":"first","13":"instock","14":"taxable","15":"shipping-taxable","16":"purchasable","17":"product-type-variable","18":"has-default-attributes"},"acf":[],"yoast_head":"<!-- This site is optimized with the Yoast SEO plugin v25.4 - https:\/\/yoast.com\/wordpress\/plugins\/seo\/ -->\n<title>Gereifte 100% Ib\u00e9rico Bellota Panceta (Bauchspeck) | FISAN<\/title>\n<meta name=\"description\" content=\"Entdecken Sie FISAN 100% Ib\u00e9rico Bellota Panceta (Bauchspeck), im Naturdarm gereift: Unvergleichlicher Geschmack, zarter Schmelz, 100% nat\u00fcrlich. Tradition seit 1921.\" \/>\n<meta name=\"robots\" content=\"index, follow, max-snippet:-1, max-image-preview:large, max-video-preview:-1\" \/>\n<link rel=\"canonical\" href=\"https:\/\/www.fisan.com\/de\/shop\/gereifte-iberico-bellota-panceta\/\" \/>\n<meta property=\"og:locale\" content=\"de_DE\" \/>\n<meta property=\"og:type\" content=\"article\" \/>\n<meta property=\"og:title\" content=\"Gereifte 100% Ib\u00e9rico Bellota Panceta (Bauchspeck) | FISAN\" \/>\n<meta property=\"og:description\" content=\"Entdecken Sie FISAN 100% Ib\u00e9rico Bellota Panceta (Bauchspeck), im Naturdarm gereift: Unvergleichlicher Geschmack, zarter Schmelz, 100% nat\u00fcrlich. Tradition seit 1921.\" \/>\n<meta property=\"og:url\" content=\"https:\/\/www.fisan.com\/de\/shop\/gereifte-iberico-bellota-panceta\/\" \/>\n<meta property=\"og:site_name\" content=\"FISAN\" \/>\n<meta property=\"article:modified_time\" content=\"2025-11-24T13:24:18+00:00\" \/>\n<meta property=\"og:image\" content=\"https:\/\/www.fisan.com\/wp-content\/uploads\/2024\/05\/panceta-embuchada-bellota-100-pe-00.jpg\" \/>\n\t<meta property=\"og:image:width\" content=\"1200\" \/>\n\t<meta property=\"og:image:height\" content=\"2400\" \/>\n\t<meta property=\"og:image:type\" content=\"image\/jpeg\" \/>\n<meta name=\"twitter:card\" content=\"summary_large_image\" \/>\n<meta name=\"twitter:label1\" content=\"Verf\u00fcgbarkeit\" \/>\n\t<meta name=\"twitter:data1\" content=\"Auf Lager\" \/>\n<script type=\"application\/ld+json\" class=\"yoast-schema-graph\">{\n\t    \"@context\": \"https:\/\/schema.org\",\n\t    \"@graph\": [\n\t        {\n\t            \"@type\": \"WebPage\",\n\t            \"@id\": \"https:\/\/www.fisan.com\/de\/shop\/gereifte-iberico-bellota-panceta\/\",\n\t            \"url\": \"https:\/\/www.fisan.com\/de\/shop\/gereifte-iberico-bellota-panceta\/\",\n\t            \"name\": \"Gereifte 100% Ib\u00e9rico Bellota Panceta (Bauchspeck) | FISAN\",\n\t            \"isPartOf\": {\n\t                \"@id\": \"https:\/\/www.fisan.com\/de\/#website\"\n\t            },\n\t            \"primaryImageOfPage\": {\n\t                \"@id\": \"https:\/\/www.fisan.com\/de\/shop\/gereifte-iberico-bellota-panceta\/#primaryimage\"\n\t            },\n\t            \"image\": {\n\t                \"@id\": \"https:\/\/www.fisan.com\/de\/shop\/gereifte-iberico-bellota-panceta\/#primaryimage\"\n\t            },\n\t            \"thumbnailUrl\": \"https:\/\/www.fisan.com\/wp-content\/uploads\/2024\/05\/panceta-embuchada-bellota-100-pe-00.jpg\",\n\t            \"datePublished\": \"2024-05-20T14:32:42+00:00\",\n\t            \"dateModified\": \"2025-11-24T13:24:18+00:00\",\n\t            \"description\": \"Entdecken Sie FISAN 100% Ib\u00e9rico Bellota Panceta (Bauchspeck), im Naturdarm gereift: Unvergleichlicher Geschmack, zarter Schmelz, 100% nat\u00fcrlich. Tradition seit 1921.\",\n\t            \"breadcrumb\": {\n\t                \"@id\": \"https:\/\/www.fisan.com\/de\/shop\/gereifte-iberico-bellota-panceta\/#breadcrumb\"\n\t            },\n\t            \"inLanguage\": \"de\",\n\t            \"potentialAction\": [\n\t                {\n\t                    \"@type\": \"ReadAction\",\n\t                    \"target\": [\n\t                        \"https:\/\/www.fisan.com\/de\/shop\/gereifte-iberico-bellota-panceta\/\"\n\t                    ]\n\t                }\n\t            ]\n\t        },\n\t        {\n\t            \"@type\": \"ImageObject\",\n\t            \"inLanguage\": \"de\",\n\t            \"@id\": \"https:\/\/www.fisan.com\/de\/shop\/gereifte-iberico-bellota-panceta\/#primaryimage\",\n\t            \"url\": \"https:\/\/www.fisan.com\/wp-content\/uploads\/2024\/05\/panceta-embuchada-bellota-100-pe-00.jpg\",\n\t            \"contentUrl\": \"https:\/\/www.fisan.com\/wp-content\/uploads\/2024\/05\/panceta-embuchada-bellota-100-pe-00.jpg\",\n\t            \"width\": 1200,\n\t            \"height\": 2400,\n\t            \"caption\": \"PANCETA DE BELLOTA 100% IB\u00c9RICA EMBUCHADA CURADA\"\n\t        },\n\t        {\n\t            \"@type\": \"BreadcrumbList\",\n\t            \"@id\": \"https:\/\/www.fisan.com\/de\/shop\/gereifte-iberico-bellota-panceta\/#breadcrumb\",\n\t            \"itemListElement\": [\n\t                {\n\t                    \"@type\": \"ListItem\",\n\t                    \"position\": 1,\n\t                    \"name\": \"FISAN\",\n\t                    \"item\": \"https:\/\/www.fisan.com\/de\/\"\n\t                },\n\t                {\n\t                    \"@type\": \"ListItem\",\n\t                    \"position\": 2,\n\t                    \"name\": \"Produkte\",\n\t                    \"item\": \"https:\/\/www.fisan.com\/de\/produkte\/\"\n\t                },\n\t                {\n\t                    \"@type\": \"ListItem\",\n\t                    \"position\": 3,\n\t                    \"name\": \"Gereifte 100% Ib\u00e9rico Bellota Panceta Embuchada (Bauchspeck im Naturdarm gereift)\"\n\t                }\n\t            ]\n\t        },\n\t        {\n\t            \"@type\": \"WebSite\",\n\t            \"@id\": \"https:\/\/www.fisan.com\/de\/#website\",\n\t            \"url\": \"https:\/\/www.fisan.com\/de\/\",\n\t            \"name\": \"FISAN\",\n\t            \"description\": \"FISAN | Jamones de bellota ib\u00e9rico y embutidos ib\u00e9ricos desde 1920\",\n\t            \"potentialAction\": [\n\t                {\n\t                    \"@type\": \"SearchAction\",\n\t                    \"target\": {\n\t                        \"@type\": \"EntryPoint\",\n\t                        \"urlTemplate\": \"https:\/\/www.fisan.com\/de\/?s={search_term_string}\"\n\t                    },\n\t                    \"query-input\": {\n\t                        \"@type\": \"PropertyValueSpecification\",\n\t                        \"valueRequired\": true,\n\t                        \"valueName\": \"search_term_string\"\n\t                    }\n\t                }\n\t            ],\n\t            \"inLanguage\": \"de\"\n\t        }\n\t    ]\n\t}<\/script>\n<meta property=\"og:availability\" content=\"instock\" \/>\n<meta property=\"product:availability\" content=\"instock\" \/>\n<meta property=\"product:retailer_item_id\" content=\"pa-bi100ce\" \/>\n<meta property=\"product:condition\" content=\"new\" \/>\n<!-- \/ Yoast SEO plugin. -->","yoast_head_json":{"title":"Gereifte 100% Ib\u00e9rico Bellota Panceta (Bauchspeck) | FISAN","description":"Entdecken Sie FISAN 100% Ib\u00e9rico Bellota Panceta (Bauchspeck), im Naturdarm gereift: Unvergleichlicher Geschmack, zarter Schmelz, 100% nat\u00fcrlich. Tradition seit 1921.","robots":{"index":"index","follow":"follow","max-snippet":"max-snippet:-1","max-image-preview":"max-image-preview:large","max-video-preview":"max-video-preview:-1"},"canonical":"https:\/\/www.fisan.com\/de\/shop\/gereifte-iberico-bellota-panceta\/","og_locale":"de_DE","og_type":"article","og_title":"Gereifte 100% Ib\u00e9rico Bellota Panceta (Bauchspeck) | FISAN","og_description":"Entdecken Sie FISAN 100% Ib\u00e9rico Bellota Panceta (Bauchspeck), im Naturdarm gereift: Unvergleichlicher Geschmack, zarter Schmelz, 100% nat\u00fcrlich. Tradition seit 1921.","og_url":"https:\/\/www.fisan.com\/de\/shop\/gereifte-iberico-bellota-panceta\/","og_site_name":"FISAN","article_modified_time":"2025-11-24T13:24:18+00:00","og_image":[{"width":1200,"height":2400,"url":"https:\/\/www.fisan.com\/wp-content\/uploads\/2024\/05\/panceta-embuchada-bellota-100-pe-00.jpg","type":"image\/jpeg"}],"twitter_card":"summary_large_image","twitter_misc":{"Verf\u00fcgbarkeit":"Auf Lager"},"schema":{"@context":"https:\/\/schema.org","@graph":[{"@type":"WebPage","@id":"https:\/\/www.fisan.com\/de\/shop\/gereifte-iberico-bellota-panceta\/","url":"https:\/\/www.fisan.com\/de\/shop\/gereifte-iberico-bellota-panceta\/","name":"Gereifte 100% Ib\u00e9rico Bellota Panceta (Bauchspeck) | FISAN","isPartOf":{"@id":"https:\/\/www.fisan.com\/de\/#website"},"primaryImageOfPage":{"@id":"https:\/\/www.fisan.com\/de\/shop\/gereifte-iberico-bellota-panceta\/#primaryimage"},"image":{"@id":"https:\/\/www.fisan.com\/de\/shop\/gereifte-iberico-bellota-panceta\/#primaryimage"},"thumbnailUrl":"https:\/\/www.fisan.com\/wp-content\/uploads\/2024\/05\/panceta-embuchada-bellota-100-pe-00.jpg","datePublished":"2024-05-20T14:32:42+00:00","dateModified":"2025-11-24T13:24:18+00:00","description":"Entdecken Sie FISAN 100% Ib\u00e9rico Bellota Panceta (Bauchspeck), im Naturdarm gereift: Unvergleichlicher Geschmack, zarter Schmelz, 100% nat\u00fcrlich. Tradition seit 1921.","breadcrumb":{"@id":"https:\/\/www.fisan.com\/de\/shop\/gereifte-iberico-bellota-panceta\/#breadcrumb"},"inLanguage":"de","potentialAction":[{"@type":"ReadAction","target":["https:\/\/www.fisan.com\/de\/shop\/gereifte-iberico-bellota-panceta\/"]}]},{"@type":"ImageObject","inLanguage":"de","@id":"https:\/\/www.fisan.com\/de\/shop\/gereifte-iberico-bellota-panceta\/#primaryimage","url":"https:\/\/www.fisan.com\/wp-content\/uploads\/2024\/05\/panceta-embuchada-bellota-100-pe-00.jpg","contentUrl":"https:\/\/www.fisan.com\/wp-content\/uploads\/2024\/05\/panceta-embuchada-bellota-100-pe-00.jpg","width":1200,"height":2400,"caption":"PANCETA DE BELLOTA 100% IB\u00c9RICA EMBUCHADA CURADA"},{"@type":"BreadcrumbList","@id":"https:\/\/www.fisan.com\/de\/shop\/gereifte-iberico-bellota-panceta\/#breadcrumb","itemListElement":[{"@type":"ListItem","position":1,"name":"FISAN","item":"https:\/\/www.fisan.com\/de\/"},{"@type":"ListItem","position":2,"name":"Produkte","item":"https:\/\/www.fisan.com\/de\/produkte\/"},{"@type":"ListItem","position":3,"name":"Gereifte 100% Ib\u00e9rico Bellota Panceta Embuchada (Bauchspeck im Naturdarm gereift)"}]},{"@type":"WebSite","@id":"https:\/\/www.fisan.com\/de\/#website","url":"https:\/\/www.fisan.com\/de\/","name":"FISAN","description":"FISAN | Jamones de bellota ib\u00e9rico y embutidos ib\u00e9ricos desde 1920","potentialAction":[{"@type":"SearchAction","target":{"@type":"EntryPoint","urlTemplate":"https:\/\/www.fisan.com\/de\/?s={search_term_string}"},"query-input":{"@type":"PropertyValueSpecification","valueRequired":true,"valueName":"search_term_string"}}],"inLanguage":"de"}]},"og_availability":"instock","product_availability":"instock","product_retailer_item_id":"pa-bi100ce","product_condition":"new"},"_links":{"self":[{"href":"https:\/\/www.fisan.com\/de\/wp-json\/wp\/v2\/product\/58931","targetHints":{"allow":["GET"]}}],"collection":[{"href":"https:\/\/www.fisan.com\/de\/wp-json\/wp\/v2\/product"}],"about":[{"href":"https:\/\/www.fisan.com\/de\/wp-json\/wp\/v2\/types\/product"}],"version-history":[{"count":3,"href":"https:\/\/www.fisan.com\/de\/wp-json\/wp\/v2\/product\/58931\/revisions"}],"predecessor-version":[{"id":58944,"href":"https:\/\/www.fisan.com\/de\/wp-json\/wp\/v2\/product\/58931\/revisions\/58944"}],"wp:featuredmedia":[{"embeddable":true,"href":"https:\/\/www.fisan.com\/de\/wp-json\/wp\/v2\/media\/49208"}],"wp:attachment":[{"href":"https:\/\/www.fisan.com\/de\/wp-json\/wp\/v2\/media?parent=58931"}],"wp:term":[{"taxonomy":"product_brand","embeddable":true,"href":"https:\/\/www.fisan.com\/de\/wp-json\/wp\/v2\/product_brand?post=58931"},{"taxonomy":"product_cat","embeddable":true,"href":"https:\/\/www.fisan.com\/de\/wp-json\/wp\/v2\/product_cat?post=58931"},{"taxonomy":"product_tag","embeddable":true,"href":"https:\/\/www.fisan.com\/de\/wp-json\/wp\/v2\/product_tag?post=58931"},{"taxonomy":"gama","embeddable":true,"href":"https:\/\/www.fisan.com\/de\/wp-json\/wp\/v2\/gama?post=58931"},{"taxonomy":"calidad","embeddable":true,"href":"https:\/\/www.fisan.com\/de\/wp-json\/wp\/v2\/calidad?post=58931"}],"curies":[{"name":"wp","href":"https:\/\/api.w.org\/{rel}","templated":true}]}}