{"id":58953,"date":"2024-05-20T16:29:08","date_gmt":"2024-05-20T14:29:08","guid":{"rendered":"https:\/\/www.fisan.com\/producto\/sobrasada-bellota-iberica\/"},"modified":"2025-11-24T15:00:57","modified_gmt":"2025-11-24T14:00:57","slug":"iberico-bellota-sobrasada","status":"publish","type":"product","link":"https:\/\/www.fisan.com\/de\/shop\/iberico-bellota-sobrasada\/","title":{"rendered":"100% Ib\u00e9rico Bellota Sobrasada"},"content":{"rendered":"<p>F\u00fcr diese 100% nat\u00fcrliche und 100% Ib\u00e9rico-Spezialit\u00e4t vereinen wir edles Secreto und Lendenspeck nach unserem hundertj\u00e4hrigen Familienrezept. Anschlie\u00dfend darf sie \u00fcber 6 Monate in unseren Reifekellern reifen.<br \/>\nDie 100% Ib\u00e9rico Bellota Sobrasada von FISAN hat eine cremig-zarte Textur, die auf dem Gaumen zergeht und dabei einen intensiven, eleganten Geschmack entfaltet \u2013 f\u00fcr ein au\u00dfergew\u00f6hnlich exquisites Genusserlebnis.<br \/>\nOb mit Picos (typischen Brotstangen), auf ger\u00f6stetem Brot, im Sandwich oder zum Veredeln Ihrer Saucen \u2013 sie ist das perfekte Produkt f\u00fcr gemeinsame Genussmomente mit der Familie.<\/p>\n","protected":false},"excerpt":{"rendered":"<p>F\u00fcr diese 100% nat\u00fcrliche und 100% Ib\u00e9rico-Spezialit\u00e4t vereinen wir edles Secreto und Lendenspeck nach unserem hundertj\u00e4hrigen Familienrezept. Anschlie\u00dfend darf sie \u00fcber 6 Monate in unseren Reifekellern reifen. Die 100% Ib\u00e9rico Bellota Sobrasada von FISAN hat eine cremig-zarte Textur, die auf dem Gaumen zergeht und dabei einen intensiven, eleganten Geschmack entfaltet \u2013 f\u00fcr ein au\u00dfergew\u00f6hnlich exquisites &#8230; <a title=\"100% Ib\u00e9rico Bellota Sobrasada\" class=\"read-more\" href=\"https:\/\/www.fisan.com\/de\/shop\/iberico-bellota-sobrasada\/\" aria-label=\"Mehr Informationen \u00fcber 100% Ib\u00e9rico Bellota Sobrasada\">Weiterlesen<\/a><\/p>\n","protected":false},"featured_media":49196,"template":"","meta":{"_acf_changed":false,"_wp_rev_ctl_limit":""},"product_brand":[],"product_cat":[350],"product_tag":[306],"gama":[436],"calidad":[441],"class_list":{"0":"post-58953","1":"product","2":"type-product","3":"status-publish","4":"has-post-thumbnail","6":"product_cat-4-wurstchen","7":"product_tag-ag","8":"gama-alta-gastronomia-de","9":"calidad-1-bellota-iberico-de","11":"first","12":"outofstock","13":"taxable","14":"shipping-taxable","15":"purchasable","16":"product-type-variable","17":"has-default-attributes"},"acf":[],"yoast_head":"<!-- This site is optimized with the Yoast SEO plugin v25.4 - https:\/\/yoast.com\/wordpress\/plugins\/seo\/ -->\n<title>100% Ib\u00e9rico Bellota Sobrasada | FISAN<\/title>\n<meta name=\"description\" content=\"Besuchen Sie den FISAN Onlineshop und entdecken Sie unsere 100% Ib\u00e9rico Bellota Sobrasada, hergestellt aus dem edlen Secreto und Lendespeck.\" \/>\n<meta name=\"robots\" content=\"index, follow, max-snippet:-1, max-image-preview:large, max-video-preview:-1\" \/>\n<link rel=\"canonical\" href=\"https:\/\/www.fisan.com\/de\/shop\/iberico-bellota-sobrasada\/\" \/>\n<meta property=\"og:locale\" content=\"de_DE\" \/>\n<meta property=\"og:type\" content=\"article\" \/>\n<meta property=\"og:title\" content=\"100% Ib\u00e9rico Bellota Sobrasada | FISAN\" \/>\n<meta property=\"og:description\" content=\"Besuchen Sie den FISAN Onlineshop und entdecken Sie unsere 100% Ib\u00e9rico Bellota Sobrasada, hergestellt aus dem edlen Secreto und Lendespeck.\" \/>\n<meta property=\"og:url\" content=\"https:\/\/www.fisan.com\/de\/shop\/iberico-bellota-sobrasada\/\" \/>\n<meta property=\"og:site_name\" content=\"FISAN\" \/>\n<meta property=\"article:modified_time\" content=\"2025-11-24T14:00:57+00:00\" \/>\n<meta property=\"og:image\" content=\"https:\/\/www.fisan.com\/wp-content\/uploads\/2024\/05\/sobrasada-bellota-iberica-100-pe-00.jpg\" \/>\n\t<meta property=\"og:image:width\" content=\"1200\" \/>\n\t<meta property=\"og:image:height\" content=\"2400\" \/>\n\t<meta property=\"og:image:type\" content=\"image\/jpeg\" \/>\n<meta name=\"twitter:card\" content=\"summary_large_image\" \/>\n<meta name=\"twitter:label1\" content=\"Verf\u00fcgbarkeit\" \/>\n\t<meta name=\"twitter:data1\" content=\"ausverkauft\" \/>\n<script type=\"application\/ld+json\" class=\"yoast-schema-graph\">{\n\t    \"@context\": \"https:\/\/schema.org\",\n\t    \"@graph\": [\n\t        {\n\t            \"@type\": \"WebPage\",\n\t            \"@id\": \"https:\/\/www.fisan.com\/de\/shop\/iberico-bellota-sobrasada\/\",\n\t            \"url\": \"https:\/\/www.fisan.com\/de\/shop\/iberico-bellota-sobrasada\/\",\n\t            \"name\": \"100% Ib\u00e9rico Bellota Sobrasada | FISAN\",\n\t            \"isPartOf\": {\n\t                \"@id\": \"https:\/\/www.fisan.com\/de\/#website\"\n\t            },\n\t            \"primaryImageOfPage\": {\n\t                \"@id\": \"https:\/\/www.fisan.com\/de\/shop\/iberico-bellota-sobrasada\/#primaryimage\"\n\t            },\n\t            \"image\": {\n\t                \"@id\": \"https:\/\/www.fisan.com\/de\/shop\/iberico-bellota-sobrasada\/#primaryimage\"\n\t            },\n\t            \"thumbnailUrl\": \"https:\/\/www.fisan.com\/wp-content\/uploads\/2024\/05\/sobrasada-bellota-iberica-100-pe-00.jpg\",\n\t            \"datePublished\": \"2024-05-20T14:29:08+00:00\",\n\t            \"dateModified\": \"2025-11-24T14:00:57+00:00\",\n\t            \"description\": \"Besuchen Sie den FISAN Onlineshop und entdecken Sie unsere 100% Ib\u00e9rico Bellota Sobrasada, hergestellt aus dem edlen Secreto und Lendespeck.\",\n\t            \"breadcrumb\": {\n\t                \"@id\": \"https:\/\/www.fisan.com\/de\/shop\/iberico-bellota-sobrasada\/#breadcrumb\"\n\t            },\n\t            \"inLanguage\": \"de\",\n\t            \"potentialAction\": [\n\t                {\n\t                    \"@type\": \"ReadAction\",\n\t                    \"target\": [\n\t                        \"https:\/\/www.fisan.com\/de\/shop\/iberico-bellota-sobrasada\/\"\n\t                    ]\n\t                }\n\t            ]\n\t        },\n\t        {\n\t            \"@type\": \"ImageObject\",\n\t            \"inLanguage\": \"de\",\n\t            \"@id\": \"https:\/\/www.fisan.com\/de\/shop\/iberico-bellota-sobrasada\/#primaryimage\",\n\t            \"url\": \"https:\/\/www.fisan.com\/wp-content\/uploads\/2024\/05\/sobrasada-bellota-iberica-100-pe-00.jpg\",\n\t            \"contentUrl\": \"https:\/\/www.fisan.com\/wp-content\/uploads\/2024\/05\/sobrasada-bellota-iberica-100-pe-00.jpg\",\n\t            \"width\": 1200,\n\t            \"height\": 2400,\n\t            \"caption\": \"SOBRASADA DE BELLOTA 100% IB\u00c9RICA\"\n\t        },\n\t        {\n\t            \"@type\": \"BreadcrumbList\",\n\t            \"@id\": \"https:\/\/www.fisan.com\/de\/shop\/iberico-bellota-sobrasada\/#breadcrumb\",\n\t            \"itemListElement\": [\n\t                {\n\t                    \"@type\": \"ListItem\",\n\t                    \"position\": 1,\n\t                    \"name\": \"FISAN\",\n\t                    \"item\": \"https:\/\/www.fisan.com\/de\/\"\n\t                },\n\t                {\n\t                    \"@type\": \"ListItem\",\n\t                    \"position\": 2,\n\t                    \"name\": \"Produkte\",\n\t                    \"item\": \"https:\/\/www.fisan.com\/de\/produkte\/\"\n\t                },\n\t                {\n\t                    \"@type\": \"ListItem\",\n\t                    \"position\": 3,\n\t                    \"name\": \"100% Ib\u00e9rico Bellota Sobrasada\"\n\t                }\n\t            ]\n\t        },\n\t        {\n\t            \"@type\": \"WebSite\",\n\t            \"@id\": \"https:\/\/www.fisan.com\/de\/#website\",\n\t            \"url\": \"https:\/\/www.fisan.com\/de\/\",\n\t            \"name\": \"FISAN\",\n\t            \"description\": \"FISAN | Jamones de bellota ib\u00e9rico y embutidos ib\u00e9ricos desde 1920\",\n\t            \"potentialAction\": [\n\t                {\n\t                    \"@type\": \"SearchAction\",\n\t                    \"target\": {\n\t                        \"@type\": \"EntryPoint\",\n\t                        \"urlTemplate\": \"https:\/\/www.fisan.com\/de\/?s={search_term_string}\"\n\t                    },\n\t                    \"query-input\": {\n\t                        \"@type\": \"PropertyValueSpecification\",\n\t                        \"valueRequired\": true,\n\t                        \"valueName\": \"search_term_string\"\n\t                    }\n\t                }\n\t            ],\n\t            \"inLanguage\": \"de\"\n\t        }\n\t    ]\n\t}<\/script>\n<meta property=\"og:availability\" content=\"out of stock\" \/>\n<meta property=\"product:availability\" content=\"out of stock\" \/>\n<meta property=\"product:retailer_item_id\" content=\"so-bi100\" \/>\n<meta property=\"product:condition\" content=\"new\" \/>\n<!-- \/ Yoast SEO plugin. -->","yoast_head_json":{"title":"100% Ib\u00e9rico Bellota Sobrasada | FISAN","description":"Besuchen Sie den FISAN Onlineshop und entdecken Sie unsere 100% Ib\u00e9rico Bellota Sobrasada, hergestellt aus dem edlen Secreto und Lendespeck.","robots":{"index":"index","follow":"follow","max-snippet":"max-snippet:-1","max-image-preview":"max-image-preview:large","max-video-preview":"max-video-preview:-1"},"canonical":"https:\/\/www.fisan.com\/de\/shop\/iberico-bellota-sobrasada\/","og_locale":"de_DE","og_type":"article","og_title":"100% Ib\u00e9rico Bellota Sobrasada | FISAN","og_description":"Besuchen Sie den FISAN Onlineshop und entdecken Sie unsere 100% Ib\u00e9rico Bellota Sobrasada, hergestellt aus dem edlen Secreto und Lendespeck.","og_url":"https:\/\/www.fisan.com\/de\/shop\/iberico-bellota-sobrasada\/","og_site_name":"FISAN","article_modified_time":"2025-11-24T14:00:57+00:00","og_image":[{"width":1200,"height":2400,"url":"https:\/\/www.fisan.com\/wp-content\/uploads\/2024\/05\/sobrasada-bellota-iberica-100-pe-00.jpg","type":"image\/jpeg"}],"twitter_card":"summary_large_image","twitter_misc":{"Verf\u00fcgbarkeit":"ausverkauft"},"schema":{"@context":"https:\/\/schema.org","@graph":[{"@type":"WebPage","@id":"https:\/\/www.fisan.com\/de\/shop\/iberico-bellota-sobrasada\/","url":"https:\/\/www.fisan.com\/de\/shop\/iberico-bellota-sobrasada\/","name":"100% Ib\u00e9rico Bellota Sobrasada | FISAN","isPartOf":{"@id":"https:\/\/www.fisan.com\/de\/#website"},"primaryImageOfPage":{"@id":"https:\/\/www.fisan.com\/de\/shop\/iberico-bellota-sobrasada\/#primaryimage"},"image":{"@id":"https:\/\/www.fisan.com\/de\/shop\/iberico-bellota-sobrasada\/#primaryimage"},"thumbnailUrl":"https:\/\/www.fisan.com\/wp-content\/uploads\/2024\/05\/sobrasada-bellota-iberica-100-pe-00.jpg","datePublished":"2024-05-20T14:29:08+00:00","dateModified":"2025-11-24T14:00:57+00:00","description":"Besuchen Sie den FISAN Onlineshop und entdecken Sie unsere 100% Ib\u00e9rico Bellota Sobrasada, hergestellt aus dem edlen Secreto und Lendespeck.","breadcrumb":{"@id":"https:\/\/www.fisan.com\/de\/shop\/iberico-bellota-sobrasada\/#breadcrumb"},"inLanguage":"de","potentialAction":[{"@type":"ReadAction","target":["https:\/\/www.fisan.com\/de\/shop\/iberico-bellota-sobrasada\/"]}]},{"@type":"ImageObject","inLanguage":"de","@id":"https:\/\/www.fisan.com\/de\/shop\/iberico-bellota-sobrasada\/#primaryimage","url":"https:\/\/www.fisan.com\/wp-content\/uploads\/2024\/05\/sobrasada-bellota-iberica-100-pe-00.jpg","contentUrl":"https:\/\/www.fisan.com\/wp-content\/uploads\/2024\/05\/sobrasada-bellota-iberica-100-pe-00.jpg","width":1200,"height":2400,"caption":"SOBRASADA DE BELLOTA 100% IB\u00c9RICA"},{"@type":"BreadcrumbList","@id":"https:\/\/www.fisan.com\/de\/shop\/iberico-bellota-sobrasada\/#breadcrumb","itemListElement":[{"@type":"ListItem","position":1,"name":"FISAN","item":"https:\/\/www.fisan.com\/de\/"},{"@type":"ListItem","position":2,"name":"Produkte","item":"https:\/\/www.fisan.com\/de\/produkte\/"},{"@type":"ListItem","position":3,"name":"100% Ib\u00e9rico Bellota Sobrasada"}]},{"@type":"WebSite","@id":"https:\/\/www.fisan.com\/de\/#website","url":"https:\/\/www.fisan.com\/de\/","name":"FISAN","description":"FISAN | Jamones de bellota ib\u00e9rico y embutidos ib\u00e9ricos desde 1920","potentialAction":[{"@type":"SearchAction","target":{"@type":"EntryPoint","urlTemplate":"https:\/\/www.fisan.com\/de\/?s={search_term_string}"},"query-input":{"@type":"PropertyValueSpecification","valueRequired":true,"valueName":"search_term_string"}}],"inLanguage":"de"}]},"og_availability":"out of stock","product_availability":"out of stock","product_retailer_item_id":"so-bi100","product_condition":"new"},"_links":{"self":[{"href":"https:\/\/www.fisan.com\/de\/wp-json\/wp\/v2\/product\/58953","targetHints":{"allow":["GET"]}}],"collection":[{"href":"https:\/\/www.fisan.com\/de\/wp-json\/wp\/v2\/product"}],"about":[{"href":"https:\/\/www.fisan.com\/de\/wp-json\/wp\/v2\/types\/product"}],"version-history":[{"count":1,"href":"https:\/\/www.fisan.com\/de\/wp-json\/wp\/v2\/product\/58953\/revisions"}],"predecessor-version":[{"id":58955,"href":"https:\/\/www.fisan.com\/de\/wp-json\/wp\/v2\/product\/58953\/revisions\/58955"}],"wp:featuredmedia":[{"embeddable":true,"href":"https:\/\/www.fisan.com\/de\/wp-json\/wp\/v2\/media\/49196"}],"wp:attachment":[{"href":"https:\/\/www.fisan.com\/de\/wp-json\/wp\/v2\/media?parent=58953"}],"wp:term":[{"taxonomy":"product_brand","embeddable":true,"href":"https:\/\/www.fisan.com\/de\/wp-json\/wp\/v2\/product_brand?post=58953"},{"taxonomy":"product_cat","embeddable":true,"href":"https:\/\/www.fisan.com\/de\/wp-json\/wp\/v2\/product_cat?post=58953"},{"taxonomy":"product_tag","embeddable":true,"href":"https:\/\/www.fisan.com\/de\/wp-json\/wp\/v2\/product_tag?post=58953"},{"taxonomy":"gama","embeddable":true,"href":"https:\/\/www.fisan.com\/de\/wp-json\/wp\/v2\/gama?post=58953"},{"taxonomy":"calidad","embeddable":true,"href":"https:\/\/www.fisan.com\/de\/wp-json\/wp\/v2\/calidad?post=58953"}],"curies":[{"name":"wp","href":"https:\/\/api.w.org\/{rel}","templated":true}]}}