{"id":58964,"date":"2024-05-20T14:37:20","date_gmt":"2024-05-20T12:37:20","guid":{"rendered":"https:\/\/www.fisan.com\/producto\/papada-de-bellota-iberica-curada\/"},"modified":"2025-11-24T16:02:05","modified_gmt":"2025-11-24T15:02:05","slug":"gereifte-iberico-bellota-papada","status":"publish","type":"product","link":"https:\/\/www.fisan.com\/de\/shop\/gereifte-iberico-bellota-papada\/","title":{"rendered":"Gereifte 100% Ib\u00e9rico Bellota Papada (Backenspeck)"},"content":{"rendered":"<p>Diese 100% Ib\u00e9rico Bellota Papada (Backenspeck) wird mit einer feinen Salznote verfeinert und darf auf nat\u00fcrliche Weise in unseren Trockenr\u00e4umen und Kellern reifen \u2013 Seite an Seite mit unseren Schinken, deren edle Aromen sie dabei aufnimmt. Dieser traditionelle Reifeprozess verleiht ihr eine wunderbare Saftigkeit und eine perfekte Umami-Note. Ein Genusserlebnis, das am Gaumen an den besten Bellota Schinken erinnert.<\/p>\n<p>Genie\u00dfen Sie sie pur wie eine hochwertige Wurstspezialit\u00e4t, in hauchd\u00fcnne Scheiben geschnitten und auf einem Teller pr\u00e4sentiert. Dar\u00fcber hinaus ist sie die perfekte Zutat, um die Aromen unz\u00e4hliger Gerichte zu intensivieren. Ein unverzichtbarer Bestandteil in der Spitzengastronomie!<\/p>\n","protected":false},"excerpt":{"rendered":"<p>Diese 100% Ib\u00e9rico Bellota Papada (Backenspeck) wird mit einer feinen Salznote verfeinert und darf auf nat\u00fcrliche Weise in unseren Trockenr\u00e4umen und Kellern reifen \u2013 Seite an Seite mit unseren Schinken, deren edle Aromen sie dabei aufnimmt. Dieser traditionelle Reifeprozess verleiht ihr eine wunderbare Saftigkeit und eine perfekte Umami-Note. Ein Genusserlebnis, das am Gaumen an den &#8230; <a title=\"Gereifte 100% Ib\u00e9rico Bellota Papada (Backenspeck)\" class=\"read-more\" href=\"https:\/\/www.fisan.com\/de\/shop\/gereifte-iberico-bellota-papada\/\" aria-label=\"Mehr Informationen \u00fcber Gereifte 100% Ib\u00e9rico Bellota Papada (Backenspeck)\">Weiterlesen<\/a><\/p>\n","protected":false},"featured_media":49190,"template":"","meta":{"_acf_changed":false,"_wp_rev_ctl_limit":""},"product_brand":[],"product_cat":[350],"product_tag":[306],"gama":[436],"calidad":[441],"class_list":{"0":"post-58964","1":"product","2":"type-product","3":"status-publish","4":"has-post-thumbnail","6":"product_cat-4-wurstchen","7":"product_tag-ag","8":"product_shipping_class-carnes-de","9":"gama-alta-gastronomia-de","10":"calidad-1-bellota-iberico-de","12":"first","13":"no_disponible_online","14":"taxable","15":"shipping-taxable","16":"product-type-simple"},"acf":[],"yoast_head":"<!-- This site is optimized with the Yoast SEO plugin v25.4 - https:\/\/yoast.com\/wordpress\/plugins\/seo\/ -->\n<title>Gereifte 100% Ib\u00e9rico Bellota Papada (Backenspeck) | FISAN<\/title>\n<meta name=\"description\" content=\"Gereifte 100% Ib\u00e9rico Bellota Papada (Backenspeck) | FISANUnsere 100% Ib\u00e9rico Bellota Papada zeichnet sich durch eine feine Salznote und eine nat\u00fcrliche Reifung in unseren Kellern aus. Genie\u00dfen Sie den vollen FISAN-Geschmack!\" \/>\n<meta name=\"robots\" content=\"index, follow, max-snippet:-1, max-image-preview:large, max-video-preview:-1\" \/>\n<link rel=\"canonical\" href=\"https:\/\/www.fisan.com\/de\/shop\/gereifte-iberico-bellota-papada\/\" \/>\n<meta property=\"og:locale\" content=\"de_DE\" \/>\n<meta property=\"og:type\" content=\"article\" \/>\n<meta property=\"og:title\" content=\"Gereifte 100% Ib\u00e9rico Bellota Papada (Backenspeck) | FISAN\" \/>\n<meta property=\"og:description\" content=\"Gereifte 100% Ib\u00e9rico Bellota Papada (Backenspeck) | FISANUnsere 100% Ib\u00e9rico Bellota Papada zeichnet sich durch eine feine Salznote und eine nat\u00fcrliche Reifung in unseren Kellern aus. Genie\u00dfen Sie den vollen FISAN-Geschmack!\" \/>\n<meta property=\"og:url\" content=\"https:\/\/www.fisan.com\/de\/shop\/gereifte-iberico-bellota-papada\/\" \/>\n<meta property=\"og:site_name\" content=\"FISAN\" \/>\n<meta property=\"article:modified_time\" content=\"2025-11-24T15:02:05+00:00\" \/>\n<meta property=\"og:image\" content=\"https:\/\/www.fisan.com\/wp-content\/uploads\/2024\/05\/papada-curada-bellota-iberica-100-pe-00.jpg\" \/>\n\t<meta property=\"og:image:width\" content=\"1200\" \/>\n\t<meta property=\"og:image:height\" content=\"2400\" \/>\n\t<meta property=\"og:image:type\" content=\"image\/jpeg\" \/>\n<meta name=\"twitter:card\" content=\"summary_large_image\" \/>\n<meta name=\"twitter:label1\" content=\"Preis\" \/>\n\t<meta name=\"twitter:data1\" content=\"\" \/>\n\t<meta name=\"twitter:label2\" content=\"Verf\u00fcgbarkeit\" \/>\n\t<meta name=\"twitter:data2\" content=\"Auf Lager\" \/>\n<script type=\"application\/ld+json\" class=\"yoast-schema-graph\">{\n\t    \"@context\": \"https:\/\/schema.org\",\n\t    \"@graph\": [\n\t        {\n\t            \"@type\": \"WebPage\",\n\t            \"@id\": \"https:\/\/www.fisan.com\/de\/shop\/gereifte-iberico-bellota-papada\/\",\n\t            \"url\": \"https:\/\/www.fisan.com\/de\/shop\/gereifte-iberico-bellota-papada\/\",\n\t            \"name\": \"Gereifte 100% Ib\u00e9rico Bellota Papada (Backenspeck) | FISAN\",\n\t            \"isPartOf\": {\n\t                \"@id\": \"https:\/\/www.fisan.com\/de\/#website\"\n\t            },\n\t            \"primaryImageOfPage\": {\n\t                \"@id\": \"https:\/\/www.fisan.com\/de\/shop\/gereifte-iberico-bellota-papada\/#primaryimage\"\n\t            },\n\t            \"image\": {\n\t                \"@id\": \"https:\/\/www.fisan.com\/de\/shop\/gereifte-iberico-bellota-papada\/#primaryimage\"\n\t            },\n\t            \"thumbnailUrl\": \"https:\/\/www.fisan.com\/wp-content\/uploads\/2024\/05\/papada-curada-bellota-iberica-100-pe-00.jpg\",\n\t            \"datePublished\": \"2024-05-20T12:37:20+00:00\",\n\t            \"dateModified\": \"2025-11-24T15:02:05+00:00\",\n\t            \"description\": \"Gereifte 100% Ib\u00e9rico Bellota Papada (Backenspeck) | FISANUnsere 100% Ib\u00e9rico Bellota Papada zeichnet sich durch eine feine Salznote und eine nat\u00fcrliche Reifung in unseren Kellern aus. Genie\u00dfen Sie den vollen FISAN-Geschmack!\",\n\t            \"breadcrumb\": {\n\t                \"@id\": \"https:\/\/www.fisan.com\/de\/shop\/gereifte-iberico-bellota-papada\/#breadcrumb\"\n\t            },\n\t            \"inLanguage\": \"de\",\n\t            \"potentialAction\": [\n\t                {\n\t                    \"@type\": \"ReadAction\",\n\t                    \"target\": [\n\t                        \"https:\/\/www.fisan.com\/de\/shop\/gereifte-iberico-bellota-papada\/\"\n\t                    ]\n\t                }\n\t            ]\n\t        },\n\t        {\n\t            \"@type\": \"ImageObject\",\n\t            \"inLanguage\": \"de\",\n\t            \"@id\": \"https:\/\/www.fisan.com\/de\/shop\/gereifte-iberico-bellota-papada\/#primaryimage\",\n\t            \"url\": \"https:\/\/www.fisan.com\/wp-content\/uploads\/2024\/05\/papada-curada-bellota-iberica-100-pe-00.jpg\",\n\t            \"contentUrl\": \"https:\/\/www.fisan.com\/wp-content\/uploads\/2024\/05\/papada-curada-bellota-iberica-100-pe-00.jpg\",\n\t            \"width\": 1200,\n\t            \"height\": 2400,\n\t            \"caption\": \"PAPADA BELLOTA IBERICA CURADA\"\n\t        },\n\t        {\n\t            \"@type\": \"BreadcrumbList\",\n\t            \"@id\": \"https:\/\/www.fisan.com\/de\/shop\/gereifte-iberico-bellota-papada\/#breadcrumb\",\n\t            \"itemListElement\": [\n\t                {\n\t                    \"@type\": \"ListItem\",\n\t                    \"position\": 1,\n\t                    \"name\": \"FISAN\",\n\t                    \"item\": \"https:\/\/www.fisan.com\/de\/\"\n\t                },\n\t                {\n\t                    \"@type\": \"ListItem\",\n\t                    \"position\": 2,\n\t                    \"name\": \"Produkte\",\n\t                    \"item\": \"https:\/\/www.fisan.com\/de\/produkte\/\"\n\t                },\n\t                {\n\t                    \"@type\": \"ListItem\",\n\t                    \"position\": 3,\n\t                    \"name\": \"Gereifte 100% Ib\u00e9rico Bellota Papada (Backenspeck)\"\n\t                }\n\t            ]\n\t        },\n\t        {\n\t            \"@type\": \"WebSite\",\n\t            \"@id\": \"https:\/\/www.fisan.com\/de\/#website\",\n\t            \"url\": \"https:\/\/www.fisan.com\/de\/\",\n\t            \"name\": \"FISAN\",\n\t            \"description\": \"FISAN | Jamones de bellota ib\u00e9rico y embutidos ib\u00e9ricos desde 1920\",\n\t            \"potentialAction\": [\n\t                {\n\t                    \"@type\": \"SearchAction\",\n\t                    \"target\": {\n\t                        \"@type\": \"EntryPoint\",\n\t                        \"urlTemplate\": \"https:\/\/www.fisan.com\/de\/?s={search_term_string}\"\n\t                    },\n\t                    \"query-input\": {\n\t                        \"@type\": \"PropertyValueSpecification\",\n\t                        \"valueRequired\": true,\n\t                        \"valueName\": \"search_term_string\"\n\t                    }\n\t                }\n\t            ],\n\t            \"inLanguage\": \"de\"\n\t        }\n\t    ]\n\t}<\/script>\n<meta property=\"product:price:currency\" content=\"EUR\" \/>\n<meta property=\"og:availability\" content=\"instock\" \/>\n<meta property=\"product:availability\" content=\"instock\" \/>\n<meta property=\"product:retailer_item_id\" content=\"ca-pabic\" \/>\n<meta property=\"product:condition\" content=\"new\" \/>\n<!-- \/ Yoast SEO plugin. -->","yoast_head_json":{"title":"Gereifte 100% Ib\u00e9rico Bellota Papada (Backenspeck) | FISAN","description":"Gereifte 100% Ib\u00e9rico Bellota Papada (Backenspeck) | FISANUnsere 100% Ib\u00e9rico Bellota Papada zeichnet sich durch eine feine Salznote und eine nat\u00fcrliche Reifung in unseren Kellern aus. Genie\u00dfen Sie den vollen FISAN-Geschmack!","robots":{"index":"index","follow":"follow","max-snippet":"max-snippet:-1","max-image-preview":"max-image-preview:large","max-video-preview":"max-video-preview:-1"},"canonical":"https:\/\/www.fisan.com\/de\/shop\/gereifte-iberico-bellota-papada\/","og_locale":"de_DE","og_type":"article","og_title":"Gereifte 100% Ib\u00e9rico Bellota Papada (Backenspeck) | FISAN","og_description":"Gereifte 100% Ib\u00e9rico Bellota Papada (Backenspeck) | FISANUnsere 100% Ib\u00e9rico Bellota Papada zeichnet sich durch eine feine Salznote und eine nat\u00fcrliche Reifung in unseren Kellern aus. Genie\u00dfen Sie den vollen FISAN-Geschmack!","og_url":"https:\/\/www.fisan.com\/de\/shop\/gereifte-iberico-bellota-papada\/","og_site_name":"FISAN","article_modified_time":"2025-11-24T15:02:05+00:00","og_image":[{"width":1200,"height":2400,"url":"https:\/\/www.fisan.com\/wp-content\/uploads\/2024\/05\/papada-curada-bellota-iberica-100-pe-00.jpg","type":"image\/jpeg"}],"twitter_card":"summary_large_image","twitter_misc":{"Preis":"","Verf\u00fcgbarkeit":"Auf Lager"},"schema":{"@context":"https:\/\/schema.org","@graph":[{"@type":"WebPage","@id":"https:\/\/www.fisan.com\/de\/shop\/gereifte-iberico-bellota-papada\/","url":"https:\/\/www.fisan.com\/de\/shop\/gereifte-iberico-bellota-papada\/","name":"Gereifte 100% Ib\u00e9rico Bellota Papada (Backenspeck) | FISAN","isPartOf":{"@id":"https:\/\/www.fisan.com\/de\/#website"},"primaryImageOfPage":{"@id":"https:\/\/www.fisan.com\/de\/shop\/gereifte-iberico-bellota-papada\/#primaryimage"},"image":{"@id":"https:\/\/www.fisan.com\/de\/shop\/gereifte-iberico-bellota-papada\/#primaryimage"},"thumbnailUrl":"https:\/\/www.fisan.com\/wp-content\/uploads\/2024\/05\/papada-curada-bellota-iberica-100-pe-00.jpg","datePublished":"2024-05-20T12:37:20+00:00","dateModified":"2025-11-24T15:02:05+00:00","description":"Gereifte 100% Ib\u00e9rico Bellota Papada (Backenspeck) | FISANUnsere 100% Ib\u00e9rico Bellota Papada zeichnet sich durch eine feine Salznote und eine nat\u00fcrliche Reifung in unseren Kellern aus. Genie\u00dfen Sie den vollen FISAN-Geschmack!","breadcrumb":{"@id":"https:\/\/www.fisan.com\/de\/shop\/gereifte-iberico-bellota-papada\/#breadcrumb"},"inLanguage":"de","potentialAction":[{"@type":"ReadAction","target":["https:\/\/www.fisan.com\/de\/shop\/gereifte-iberico-bellota-papada\/"]}]},{"@type":"ImageObject","inLanguage":"de","@id":"https:\/\/www.fisan.com\/de\/shop\/gereifte-iberico-bellota-papada\/#primaryimage","url":"https:\/\/www.fisan.com\/wp-content\/uploads\/2024\/05\/papada-curada-bellota-iberica-100-pe-00.jpg","contentUrl":"https:\/\/www.fisan.com\/wp-content\/uploads\/2024\/05\/papada-curada-bellota-iberica-100-pe-00.jpg","width":1200,"height":2400,"caption":"PAPADA BELLOTA IBERICA CURADA"},{"@type":"BreadcrumbList","@id":"https:\/\/www.fisan.com\/de\/shop\/gereifte-iberico-bellota-papada\/#breadcrumb","itemListElement":[{"@type":"ListItem","position":1,"name":"FISAN","item":"https:\/\/www.fisan.com\/de\/"},{"@type":"ListItem","position":2,"name":"Produkte","item":"https:\/\/www.fisan.com\/de\/produkte\/"},{"@type":"ListItem","position":3,"name":"Gereifte 100% Ib\u00e9rico Bellota Papada (Backenspeck)"}]},{"@type":"WebSite","@id":"https:\/\/www.fisan.com\/de\/#website","url":"https:\/\/www.fisan.com\/de\/","name":"FISAN","description":"FISAN | Jamones de bellota ib\u00e9rico y embutidos ib\u00e9ricos desde 1920","potentialAction":[{"@type":"SearchAction","target":{"@type":"EntryPoint","urlTemplate":"https:\/\/www.fisan.com\/de\/?s={search_term_string}"},"query-input":{"@type":"PropertyValueSpecification","valueRequired":true,"valueName":"search_term_string"}}],"inLanguage":"de"}]},"product_price_currency":"EUR","og_availability":"instock","product_availability":"instock","product_retailer_item_id":"ca-pabic","product_condition":"new"},"_links":{"self":[{"href":"https:\/\/www.fisan.com\/de\/wp-json\/wp\/v2\/product\/58964","targetHints":{"allow":["GET"]}}],"collection":[{"href":"https:\/\/www.fisan.com\/de\/wp-json\/wp\/v2\/product"}],"about":[{"href":"https:\/\/www.fisan.com\/de\/wp-json\/wp\/v2\/types\/product"}],"version-history":[{"count":1,"href":"https:\/\/www.fisan.com\/de\/wp-json\/wp\/v2\/product\/58964\/revisions"}],"predecessor-version":[{"id":58965,"href":"https:\/\/www.fisan.com\/de\/wp-json\/wp\/v2\/product\/58964\/revisions\/58965"}],"wp:featuredmedia":[{"embeddable":true,"href":"https:\/\/www.fisan.com\/de\/wp-json\/wp\/v2\/media\/49190"}],"wp:attachment":[{"href":"https:\/\/www.fisan.com\/de\/wp-json\/wp\/v2\/media?parent=58964"}],"wp:term":[{"taxonomy":"product_brand","embeddable":true,"href":"https:\/\/www.fisan.com\/de\/wp-json\/wp\/v2\/product_brand?post=58964"},{"taxonomy":"product_cat","embeddable":true,"href":"https:\/\/www.fisan.com\/de\/wp-json\/wp\/v2\/product_cat?post=58964"},{"taxonomy":"product_tag","embeddable":true,"href":"https:\/\/www.fisan.com\/de\/wp-json\/wp\/v2\/product_tag?post=58964"},{"taxonomy":"gama","embeddable":true,"href":"https:\/\/www.fisan.com\/de\/wp-json\/wp\/v2\/gama?post=58964"},{"taxonomy":"calidad","embeddable":true,"href":"https:\/\/www.fisan.com\/de\/wp-json\/wp\/v2\/calidad?post=58964"}],"curies":[{"name":"wp","href":"https:\/\/api.w.org\/{rel}","templated":true}]}}