{"id":33266,"date":"2022-12-19T17:22:13","date_gmt":"2022-12-19T16:22:13","guid":{"rendered":"https:\/\/www.fisan.com\/producto\/bellota-75-iberico-ham-guijuelo-pdo\/"},"modified":"2025-12-01T23:00:09","modified_gmt":"2025-12-01T22:00:09","slug":"iberico-bellota-ham-75-iberian-breed-pdo-guijuelo","status":"publish","type":"product","link":"https:\/\/www.fisan.com\/en\/shop\/bellota-75-iberico-ham-guijuelo-pdo\/","title":{"rendered":"Iberico Bellota Ham 75% Iberian Breed P.D.O. Guijuelo"},"content":{"rendered":"<p>FISAN Ham, under the Guijuelo P.D.O., is a unique piece. Its exquisite aroma and flavour are guaranteed by this seal of approval that indicates its protected designation of origin and, added to our more than 100 years of experience, ensures the highest quality of all our products. These hams are easy to identify, since they bear the PDO seal (with its colour specifications), the PDO label (with the yellow and red seal that identifies Guijuelo PDO ham), on one side and the FISAN logo on the other side.<\/p>\n","protected":false},"excerpt":{"rendered":"<p>FISAN Ham, under the Guijuelo P.D.O., is a unique piece. Its exquisite aroma and flavour are guaranteed by this seal of approval that indicates its protected designation of origin and, added to our more than 100 years of experience, ensures the highest quality of all our products. These hams are easy to identify, since they bear the PDO seal (with its colour specifications), the PDO label (with the yellow and red seal that identifies Guijuelo PDO ham), on one side and the FISAN logo on the other side.<\/p>\n","protected":false},"featured_media":29477,"template":"","meta":{"_acf_changed":false,"_wp_rev_ctl_limit":""},"product_brand":[],"product_cat":[663,287],"product_tag":[290,291,518],"gama":[],"calidad":[440],"class_list":{"0":"post-33266","1":"product","2":"type-product","3":"status-publish","4":"has-post-thumbnail","6":"product_cat-products-ham","7":"product_cat-products-iberico-ham","8":"product_tag-destacados-jamon","9":"product_tag-destacados-todos","10":"product_tag-st","11":"calidad-1-bellota-iberico-en","13":"first","14":"instock","15":"taxable","16":"shipping-taxable","17":"purchasable","18":"product-type-variable","19":"has-default-attributes"},"acf":[],"yoast_head":"<!-- This site is optimized with the Yoast SEO plugin v25.4 - https:\/\/yoast.com\/wordpress\/plugins\/seo\/ -->\n<title>Iberico Bellota Ham 75% Iberian Breed P.D.O. Guijuelo | FISAN<\/title>\n<meta name=\"robots\" content=\"index, follow, max-snippet:-1, max-image-preview:large, max-video-preview:-1\" \/>\n<link rel=\"canonical\" href=\"https:\/\/www.fisan.com\/en\/shop\/bellota-75-iberico-ham-guijuelo-pdo\/\" \/>\n<meta property=\"og:locale\" content=\"en_GB\" \/>\n<meta property=\"og:type\" content=\"article\" \/>\n<meta property=\"og:title\" content=\"Iberico Bellota Ham 75% Iberian Breed P.D.O. Guijuelo | FISAN\" \/>\n<meta property=\"og:description\" content=\"FISAN Ham, under the Guijuelo P.D.O., is a unique piece. Its exquisite aroma and flavour are guaranteed by this seal of approval that indicates its protected designation of origin and, added to our more than 100 years of experience, ensures the highest quality of all our products. These hams are easy to identify, since they bear the PDO seal (with its colour specifications), the PDO label (with the yellow and red seal that identifies Guijuelo PDO ham), on one side and the FISAN logo on the other side.\" \/>\n<meta property=\"og:url\" content=\"https:\/\/www.fisan.com\/en\/shop\/bellota-75-iberico-ham-guijuelo-pdo\/\" \/>\n<meta property=\"og:site_name\" content=\"FISAN\" \/>\n<meta property=\"article:modified_time\" content=\"2025-12-01T22:00:09+00:00\" \/>\n<meta property=\"og:image\" content=\"https:\/\/www.fisan.com\/wp-content\/uploads\/2022\/12\/jamon-bellota-iberico-do-75-st-pe-00.jpg\" \/>\n\t<meta property=\"og:image:width\" content=\"1200\" \/>\n\t<meta property=\"og:image:height\" content=\"2400\" \/>\n\t<meta property=\"og:image:type\" content=\"image\/jpeg\" \/>\n<meta name=\"twitter:card\" content=\"summary_large_image\" \/>\n<meta name=\"twitter:label1\" content=\"Availability\" \/>\n\t<meta name=\"twitter:data1\" content=\"In stock\" \/>\n<script type=\"application\/ld+json\" class=\"yoast-schema-graph\">{\n\t    \"@context\": \"https:\/\/schema.org\",\n\t    \"@graph\": [\n\t        {\n\t            \"@type\": \"WebPage\",\n\t            \"@id\": \"https:\/\/www.fisan.com\/en\/shop\/bellota-75-iberico-ham-guijuelo-pdo\/\",\n\t            \"url\": \"https:\/\/www.fisan.com\/en\/shop\/bellota-75-iberico-ham-guijuelo-pdo\/\",\n\t            \"name\": \"Iberico Bellota Ham 75% Iberian Breed P.D.O. Guijuelo | FISAN\",\n\t            \"isPartOf\": {\n\t                \"@id\": \"https:\/\/www.fisan.com\/en\/#website\"\n\t            },\n\t            \"primaryImageOfPage\": {\n\t                \"@id\": \"https:\/\/www.fisan.com\/en\/shop\/bellota-75-iberico-ham-guijuelo-pdo\/#primaryimage\"\n\t            },\n\t            \"image\": {\n\t                \"@id\": \"https:\/\/www.fisan.com\/en\/shop\/bellota-75-iberico-ham-guijuelo-pdo\/#primaryimage\"\n\t            },\n\t            \"thumbnailUrl\": \"https:\/\/www.fisan.com\/wp-content\/uploads\/2022\/12\/jamon-bellota-iberico-do-75-st-pe-00.jpg\",\n\t            \"datePublished\": \"2022-12-19T16:22:13+00:00\",\n\t            \"dateModified\": \"2025-12-01T22:00:09+00:00\",\n\t            \"breadcrumb\": {\n\t                \"@id\": \"https:\/\/www.fisan.com\/en\/shop\/bellota-75-iberico-ham-guijuelo-pdo\/#breadcrumb\"\n\t            },\n\t            \"inLanguage\": \"en-GB\",\n\t            \"potentialAction\": [\n\t                {\n\t                    \"@type\": \"ReadAction\",\n\t                    \"target\": [\n\t                        \"https:\/\/www.fisan.com\/en\/shop\/bellota-75-iberico-ham-guijuelo-pdo\/\"\n\t                    ]\n\t                }\n\t            ]\n\t        },\n\t        {\n\t            \"@type\": \"ImageObject\",\n\t            \"inLanguage\": \"en-GB\",\n\t            \"@id\": \"https:\/\/www.fisan.com\/en\/shop\/bellota-75-iberico-ham-guijuelo-pdo\/#primaryimage\",\n\t            \"url\": \"https:\/\/www.fisan.com\/wp-content\/uploads\/2022\/12\/jamon-bellota-iberico-do-75-st-pe-00.jpg\",\n\t            \"contentUrl\": \"https:\/\/www.fisan.com\/wp-content\/uploads\/2022\/12\/jamon-bellota-iberico-do-75-st-pe-00.jpg\",\n\t            \"width\": 1200,\n\t            \"height\": 2400,\n\t            \"caption\": \"jam\u00f3n de bellota ib\u00e9rico 75% raza ib\u00e9rica D.O. Guijuelo Sabor tradicional\"\n\t        },\n\t        {\n\t            \"@type\": \"BreadcrumbList\",\n\t            \"@id\": \"https:\/\/www.fisan.com\/en\/shop\/bellota-75-iberico-ham-guijuelo-pdo\/#breadcrumb\",\n\t            \"itemListElement\": [\n\t                {\n\t                    \"@type\": \"ListItem\",\n\t                    \"position\": 1,\n\t                    \"name\": \"FISAN\",\n\t                    \"item\": \"https:\/\/www.fisan.com\/en\/\"\n\t                },\n\t                {\n\t                    \"@type\": \"ListItem\",\n\t                    \"position\": 2,\n\t                    \"name\": \"Products\",\n\t                    \"item\": \"https:\/\/www.fisan.com\/en\/products\/\"\n\t                },\n\t                {\n\t                    \"@type\": \"ListItem\",\n\t                    \"position\": 3,\n\t                    \"name\": \"Iberico Bellota Ham 75% Iberian Breed P.D.O. Guijuelo\"\n\t                }\n\t            ]\n\t        },\n\t        {\n\t            \"@type\": \"WebSite\",\n\t            \"@id\": \"https:\/\/www.fisan.com\/en\/#website\",\n\t            \"url\": \"https:\/\/www.fisan.com\/en\/\",\n\t            \"name\": \"FISAN\",\n\t            \"description\": \"FISAN | Jamones de bellota ib\u00e9rico y embutidos ib\u00e9ricos desde 1920\",\n\t            \"potentialAction\": [\n\t                {\n\t                    \"@type\": \"SearchAction\",\n\t                    \"target\": {\n\t                        \"@type\": \"EntryPoint\",\n\t                        \"urlTemplate\": \"https:\/\/www.fisan.com\/en\/?s={search_term_string}\"\n\t                    },\n\t                    \"query-input\": {\n\t                        \"@type\": \"PropertyValueSpecification\",\n\t                        \"valueRequired\": true,\n\t                        \"valueName\": \"search_term_string\"\n\t                    }\n\t                }\n\t            ],\n\t            \"inLanguage\": \"en-GB\"\n\t        }\n\t    ]\n\t}<\/script>\n<meta property=\"og:availability\" content=\"instock\" \/>\n<meta property=\"product:availability\" content=\"instock\" \/>\n<meta property=\"product:retailer_item_id\" content=\"j-bi75-do\" \/>\n<meta property=\"product:condition\" content=\"new\" \/>\n<!-- \/ Yoast SEO plugin. -->","yoast_head_json":{"title":"Iberico Bellota Ham 75% Iberian Breed P.D.O. Guijuelo | FISAN","robots":{"index":"index","follow":"follow","max-snippet":"max-snippet:-1","max-image-preview":"max-image-preview:large","max-video-preview":"max-video-preview:-1"},"canonical":"https:\/\/www.fisan.com\/en\/shop\/bellota-75-iberico-ham-guijuelo-pdo\/","og_locale":"en_GB","og_type":"article","og_title":"Iberico Bellota Ham 75% Iberian Breed P.D.O. Guijuelo | FISAN","og_description":"FISAN Ham, under the Guijuelo P.D.O., is a unique piece. Its exquisite aroma and flavour are guaranteed by this seal of approval that indicates its protected designation of origin and, added to our more than 100 years of experience, ensures the highest quality of all our products. These hams are easy to identify, since they bear the PDO seal (with its colour specifications), the PDO label (with the yellow and red seal that identifies Guijuelo PDO ham), on one side and the FISAN logo on the other side.","og_url":"https:\/\/www.fisan.com\/en\/shop\/bellota-75-iberico-ham-guijuelo-pdo\/","og_site_name":"FISAN","article_modified_time":"2025-12-01T22:00:09+00:00","og_image":[{"width":1200,"height":2400,"url":"https:\/\/www.fisan.com\/wp-content\/uploads\/2022\/12\/jamon-bellota-iberico-do-75-st-pe-00.jpg","type":"image\/jpeg"}],"twitter_card":"summary_large_image","twitter_misc":{"Availability":"In stock"},"schema":{"@context":"https:\/\/schema.org","@graph":[{"@type":"WebPage","@id":"https:\/\/www.fisan.com\/en\/shop\/bellota-75-iberico-ham-guijuelo-pdo\/","url":"https:\/\/www.fisan.com\/en\/shop\/bellota-75-iberico-ham-guijuelo-pdo\/","name":"Iberico Bellota Ham 75% Iberian Breed P.D.O. Guijuelo | FISAN","isPartOf":{"@id":"https:\/\/www.fisan.com\/en\/#website"},"primaryImageOfPage":{"@id":"https:\/\/www.fisan.com\/en\/shop\/bellota-75-iberico-ham-guijuelo-pdo\/#primaryimage"},"image":{"@id":"https:\/\/www.fisan.com\/en\/shop\/bellota-75-iberico-ham-guijuelo-pdo\/#primaryimage"},"thumbnailUrl":"https:\/\/www.fisan.com\/wp-content\/uploads\/2022\/12\/jamon-bellota-iberico-do-75-st-pe-00.jpg","datePublished":"2022-12-19T16:22:13+00:00","dateModified":"2025-12-01T22:00:09+00:00","breadcrumb":{"@id":"https:\/\/www.fisan.com\/en\/shop\/bellota-75-iberico-ham-guijuelo-pdo\/#breadcrumb"},"inLanguage":"en-GB","potentialAction":[{"@type":"ReadAction","target":["https:\/\/www.fisan.com\/en\/shop\/bellota-75-iberico-ham-guijuelo-pdo\/"]}]},{"@type":"ImageObject","inLanguage":"en-GB","@id":"https:\/\/www.fisan.com\/en\/shop\/bellota-75-iberico-ham-guijuelo-pdo\/#primaryimage","url":"https:\/\/www.fisan.com\/wp-content\/uploads\/2022\/12\/jamon-bellota-iberico-do-75-st-pe-00.jpg","contentUrl":"https:\/\/www.fisan.com\/wp-content\/uploads\/2022\/12\/jamon-bellota-iberico-do-75-st-pe-00.jpg","width":1200,"height":2400,"caption":"jam\u00f3n de bellota ib\u00e9rico 75% raza ib\u00e9rica D.O. Guijuelo Sabor tradicional"},{"@type":"BreadcrumbList","@id":"https:\/\/www.fisan.com\/en\/shop\/bellota-75-iberico-ham-guijuelo-pdo\/#breadcrumb","itemListElement":[{"@type":"ListItem","position":1,"name":"FISAN","item":"https:\/\/www.fisan.com\/en\/"},{"@type":"ListItem","position":2,"name":"Products","item":"https:\/\/www.fisan.com\/en\/products\/"},{"@type":"ListItem","position":3,"name":"Iberico Bellota Ham 75% Iberian Breed P.D.O. Guijuelo"}]},{"@type":"WebSite","@id":"https:\/\/www.fisan.com\/en\/#website","url":"https:\/\/www.fisan.com\/en\/","name":"FISAN","description":"FISAN | Jamones de bellota ib\u00e9rico y embutidos ib\u00e9ricos desde 1920","potentialAction":[{"@type":"SearchAction","target":{"@type":"EntryPoint","urlTemplate":"https:\/\/www.fisan.com\/en\/?s={search_term_string}"},"query-input":{"@type":"PropertyValueSpecification","valueRequired":true,"valueName":"search_term_string"}}],"inLanguage":"en-GB"}]},"og_availability":"instock","product_availability":"instock","product_retailer_item_id":"j-bi75-do","product_condition":"new"},"_links":{"self":[{"href":"https:\/\/www.fisan.com\/en\/wp-json\/wp\/v2\/product\/33266","targetHints":{"allow":["GET"]}}],"collection":[{"href":"https:\/\/www.fisan.com\/en\/wp-json\/wp\/v2\/product"}],"about":[{"href":"https:\/\/www.fisan.com\/en\/wp-json\/wp\/v2\/types\/product"}],"version-history":[{"count":9,"href":"https:\/\/www.fisan.com\/en\/wp-json\/wp\/v2\/product\/33266\/revisions"}],"predecessor-version":[{"id":57107,"href":"https:\/\/www.fisan.com\/en\/wp-json\/wp\/v2\/product\/33266\/revisions\/57107"}],"wp:featuredmedia":[{"embeddable":true,"href":"https:\/\/www.fisan.com\/en\/wp-json\/wp\/v2\/media\/29477"}],"wp:attachment":[{"href":"https:\/\/www.fisan.com\/en\/wp-json\/wp\/v2\/media?parent=33266"}],"wp:term":[{"taxonomy":"product_brand","embeddable":true,"href":"https:\/\/www.fisan.com\/en\/wp-json\/wp\/v2\/product_brand?post=33266"},{"taxonomy":"product_cat","embeddable":true,"href":"https:\/\/www.fisan.com\/en\/wp-json\/wp\/v2\/product_cat?post=33266"},{"taxonomy":"product_tag","embeddable":true,"href":"https:\/\/www.fisan.com\/en\/wp-json\/wp\/v2\/product_tag?post=33266"},{"taxonomy":"gama","embeddable":true,"href":"https:\/\/www.fisan.com\/en\/wp-json\/wp\/v2\/gama?post=33266"},{"taxonomy":"calidad","embeddable":true,"href":"https:\/\/www.fisan.com\/en\/wp-json\/wp\/v2\/calidad?post=33266"}],"curies":[{"name":"wp","href":"https:\/\/api.w.org\/{rel}","templated":true}]}}