{"id":34286,"date":"2022-11-18T13:53:47","date_gmt":"2022-11-18T12:53:47","guid":{"rendered":"https:\/\/www.fisan.com\/producto\/alta-gastronomia-truffled-bellota-salchichon-carved\/"},"modified":"2025-05-30T13:25:15","modified_gmt":"2025-05-30T11:25:15","slug":"iberico-bellota-salchichon-truffled-sliced","status":"publish","type":"product","link":"https:\/\/www.fisan.com\/en\/shop\/alta-gastronomia-bellota-salchichon-with-black-truffle-carved\/","title":{"rendered":"Alta Gastronom\u00eda Sliced Truffled Iberico Bellota Salchichon Sausage 100% Natural"},"content":{"rendered":"<p>Enjoy the best Iberico Bellota Salchichon Alta Gastronomia with Black Truffle 100% Natural, sliced and ready to taste at any time.<\/p>\n<p>&nbsp;<\/p>\n<p>Each pack includes <strong>10 sachets of 100g <\/strong>in an ideal gift format.<\/p>\n<p>&nbsp;<\/p>\n<p>Our Iberico Bellota Salchichon Alta Gastronomia with Black Truffle 100% Natural is the perfect representation of bellota pork\u2019s noble meats, which are selected during each campaign: pluma, presa, and secreto cuts. After years of research, black truffle was added to its recipe. Hence, after standing for 8 months in our natural cellars, it offers a unique taste and aroma.<\/p>\n","protected":false},"excerpt":{"rendered":"<p>Enjoy the best Iberico Bellota Salchichon Alta Gastronomia with Black Truffle 100% Natural, sliced and ready to taste at any time. &nbsp; Each pack includes 10 sachets of 100g in an ideal gift format. &nbsp; Our Iberico Bellota Salchichon Alta Gastronomia with Black Truffle 100% Natural is the perfect representation of bellota pork\u2019s noble meats, &#8230; <a title=\"Alta Gastronom\u00eda Sliced Truffled Iberico Bellota Salchichon Sausage 100% Natural\" class=\"read-more\" href=\"https:\/\/www.fisan.com\/en\/shop\/alta-gastronomia-bellota-salchichon-with-black-truffle-carved\/\" aria-label=\"Read more about Alta Gastronom\u00eda Sliced Truffled Iberico Bellota Salchichon Sausage 100% Natural\">Read more<\/a><\/p>\n","protected":false},"featured_media":17005,"template":"","meta":{"_acf_changed":false,"_wp_rev_ctl_limit":""},"product_brand":[],"product_cat":[273,349],"product_tag":[288],"gama":[434],"calidad":[440],"class_list":{"0":"post-34286","1":"product","2":"type-product","3":"status-publish","4":"has-post-thumbnail","6":"product_cat-8-hand-carved-sliced","7":"product_cat-4-sausage","8":"product_tag-ag","9":"gama-alta-gastronomia-en","10":"calidad-1-bellota-iberico-en","12":"first","13":"instock","14":"taxable","15":"shipping-taxable","16":"purchasable","17":"product-type-variable","18":"has-default-attributes"},"acf":[],"yoast_head":"<!-- This site is optimized with the Yoast SEO plugin v25.4 - https:\/\/yoast.com\/wordpress\/plugins\/seo\/ -->\n<title>Sliced Truffled Iberico Bellota Salchichon Sausage | FISAN<\/title>\n<meta name=\"description\" content=\"Find 100% Natural sliced truffled Iberico Bellota salchichon sausage at FISAN and choose our Alta Gastronomia charcuterie with exquisite flavours. Since 1920.\" \/>\n<meta name=\"robots\" content=\"index, follow, max-snippet:-1, max-image-preview:large, max-video-preview:-1\" \/>\n<link rel=\"canonical\" href=\"https:\/\/www.fisan.com\/en\/shop\/alta-gastronomia-bellota-salchichon-with-black-truffle-carved\/\" \/>\n<meta property=\"og:locale\" content=\"en_GB\" \/>\n<meta property=\"og:type\" content=\"article\" \/>\n<meta property=\"og:title\" content=\"Sliced Truffled Iberico Bellota Salchichon Sausage | FISAN\" \/>\n<meta property=\"og:description\" content=\"Find 100% Natural sliced truffled Iberico Bellota salchichon sausage at FISAN and choose our Alta Gastronomia charcuterie with exquisite flavours. Since 1920.\" \/>\n<meta property=\"og:url\" content=\"https:\/\/www.fisan.com\/en\/shop\/alta-gastronomia-bellota-salchichon-with-black-truffle-carved\/\" \/>\n<meta property=\"og:site_name\" content=\"FISAN\" \/>\n<meta property=\"article:modified_time\" content=\"2025-05-30T11:25:15+00:00\" \/>\n<meta property=\"og:image\" content=\"https:\/\/www.fisan.com\/wp-content\/uploads\/2022\/10\/salchichon-bellota-iberico-ag-cm-00.jpg\" \/>\n\t<meta property=\"og:image:width\" content=\"1200\" \/>\n\t<meta property=\"og:image:height\" content=\"2400\" \/>\n\t<meta property=\"og:image:type\" content=\"image\/jpeg\" \/>\n<meta name=\"twitter:card\" content=\"summary_large_image\" \/>\n<meta name=\"twitter:label1\" content=\"Availability\" \/>\n\t<meta name=\"twitter:data1\" content=\"In stock\" \/>\n<script type=\"application\/ld+json\" class=\"yoast-schema-graph\">{\n\t    \"@context\": \"https:\/\/schema.org\",\n\t    \"@graph\": [\n\t        {\n\t            \"@type\": \"WebPage\",\n\t            \"@id\": \"https:\/\/www.fisan.com\/en\/shop\/alta-gastronomia-bellota-salchichon-with-black-truffle-carved\/\",\n\t            \"url\": \"https:\/\/www.fisan.com\/en\/shop\/alta-gastronomia-bellota-salchichon-with-black-truffle-carved\/\",\n\t            \"name\": \"Sliced Truffled Iberico Bellota Salchichon Sausage | FISAN\",\n\t            \"isPartOf\": {\n\t                \"@id\": \"https:\/\/www.fisan.com\/en\/#website\"\n\t            },\n\t            \"primaryImageOfPage\": {\n\t                \"@id\": \"https:\/\/www.fisan.com\/en\/shop\/alta-gastronomia-bellota-salchichon-with-black-truffle-carved\/#primaryimage\"\n\t            },\n\t            \"image\": {\n\t                \"@id\": \"https:\/\/www.fisan.com\/en\/shop\/alta-gastronomia-bellota-salchichon-with-black-truffle-carved\/#primaryimage\"\n\t            },\n\t            \"thumbnailUrl\": \"https:\/\/www.fisan.com\/wp-content\/uploads\/2022\/10\/salchichon-bellota-iberico-ag-cm-00.jpg\",\n\t            \"datePublished\": \"2022-11-18T12:53:47+00:00\",\n\t            \"dateModified\": \"2025-05-30T11:25:15+00:00\",\n\t            \"description\": \"Find 100% Natural sliced truffled Iberico Bellota salchichon sausage at FISAN and choose our Alta Gastronomia charcuterie with exquisite flavours. Since 1920.\",\n\t            \"breadcrumb\": {\n\t                \"@id\": \"https:\/\/www.fisan.com\/en\/shop\/alta-gastronomia-bellota-salchichon-with-black-truffle-carved\/#breadcrumb\"\n\t            },\n\t            \"inLanguage\": \"en-GB\",\n\t            \"potentialAction\": [\n\t                {\n\t                    \"@type\": \"ReadAction\",\n\t                    \"target\": [\n\t                        \"https:\/\/www.fisan.com\/en\/shop\/alta-gastronomia-bellota-salchichon-with-black-truffle-carved\/\"\n\t                    ]\n\t                }\n\t            ]\n\t        },\n\t        {\n\t            \"@type\": \"ImageObject\",\n\t            \"inLanguage\": \"en-GB\",\n\t            \"@id\": \"https:\/\/www.fisan.com\/en\/shop\/alta-gastronomia-bellota-salchichon-with-black-truffle-carved\/#primaryimage\",\n\t            \"url\": \"https:\/\/www.fisan.com\/wp-content\/uploads\/2022\/10\/salchichon-bellota-iberico-ag-cm-00.jpg\",\n\t            \"contentUrl\": \"https:\/\/www.fisan.com\/wp-content\/uploads\/2022\/10\/salchichon-bellota-iberico-ag-cm-00.jpg\",\n\t            \"width\": 1200,\n\t            \"height\": 2400,\n\t            \"caption\": \"Salchich\u00f3n de Bellota Ib\u00e9rico 100% Natural con Trufa Negra Alta Gastronom\u00eda cortado loncheado\"\n\t        },\n\t        {\n\t            \"@type\": \"BreadcrumbList\",\n\t            \"@id\": \"https:\/\/www.fisan.com\/en\/shop\/alta-gastronomia-bellota-salchichon-with-black-truffle-carved\/#breadcrumb\",\n\t            \"itemListElement\": [\n\t                {\n\t                    \"@type\": \"ListItem\",\n\t                    \"position\": 1,\n\t                    \"name\": \"FISAN\",\n\t                    \"item\": \"https:\/\/www.fisan.com\/en\/\"\n\t                },\n\t                {\n\t                    \"@type\": \"ListItem\",\n\t                    \"position\": 2,\n\t                    \"name\": \"Products\",\n\t                    \"item\": \"https:\/\/www.fisan.com\/en\/products\/\"\n\t                },\n\t                {\n\t                    \"@type\": \"ListItem\",\n\t                    \"position\": 3,\n\t                    \"name\": \"Alta Gastronom\u00eda Sliced Truffled Iberico Bellota Salchichon Sausage 100% Natural\"\n\t                }\n\t            ]\n\t        },\n\t        {\n\t            \"@type\": \"WebSite\",\n\t            \"@id\": \"https:\/\/www.fisan.com\/en\/#website\",\n\t            \"url\": \"https:\/\/www.fisan.com\/en\/\",\n\t            \"name\": \"FISAN\",\n\t            \"description\": \"FISAN | Jamones de bellota ib\u00e9rico y embutidos ib\u00e9ricos desde 1920\",\n\t            \"potentialAction\": [\n\t                {\n\t                    \"@type\": \"SearchAction\",\n\t                    \"target\": {\n\t                        \"@type\": \"EntryPoint\",\n\t                        \"urlTemplate\": \"https:\/\/www.fisan.com\/en\/?s={search_term_string}\"\n\t                    },\n\t                    \"query-input\": {\n\t                        \"@type\": \"PropertyValueSpecification\",\n\t                        \"valueRequired\": true,\n\t                        \"valueName\": \"search_term_string\"\n\t                    }\n\t                }\n\t            ],\n\t            \"inLanguage\": \"en-GB\"\n\t        }\n\t    ]\n\t}<\/script>\n<meta property=\"og:availability\" content=\"instock\" \/>\n<meta property=\"product:availability\" content=\"instock\" \/>\n<meta property=\"product:retailer_item_id\" content=\"s-bi100CL\" \/>\n<meta property=\"product:condition\" content=\"new\" \/>\n<!-- \/ Yoast SEO plugin. -->","yoast_head_json":{"title":"Sliced Truffled Iberico Bellota Salchichon Sausage | FISAN","description":"Find 100% Natural sliced truffled Iberico Bellota salchichon sausage at FISAN and choose our Alta Gastronomia charcuterie with exquisite flavours. Since 1920.","robots":{"index":"index","follow":"follow","max-snippet":"max-snippet:-1","max-image-preview":"max-image-preview:large","max-video-preview":"max-video-preview:-1"},"canonical":"https:\/\/www.fisan.com\/en\/shop\/alta-gastronomia-bellota-salchichon-with-black-truffle-carved\/","og_locale":"en_GB","og_type":"article","og_title":"Sliced Truffled Iberico Bellota Salchichon Sausage | FISAN","og_description":"Find 100% Natural sliced truffled Iberico Bellota salchichon sausage at FISAN and choose our Alta Gastronomia charcuterie with exquisite flavours. Since 1920.","og_url":"https:\/\/www.fisan.com\/en\/shop\/alta-gastronomia-bellota-salchichon-with-black-truffle-carved\/","og_site_name":"FISAN","article_modified_time":"2025-05-30T11:25:15+00:00","og_image":[{"width":1200,"height":2400,"url":"https:\/\/www.fisan.com\/wp-content\/uploads\/2022\/10\/salchichon-bellota-iberico-ag-cm-00.jpg","type":"image\/jpeg"}],"twitter_card":"summary_large_image","twitter_misc":{"Availability":"In stock"},"schema":{"@context":"https:\/\/schema.org","@graph":[{"@type":"WebPage","@id":"https:\/\/www.fisan.com\/en\/shop\/alta-gastronomia-bellota-salchichon-with-black-truffle-carved\/","url":"https:\/\/www.fisan.com\/en\/shop\/alta-gastronomia-bellota-salchichon-with-black-truffle-carved\/","name":"Sliced Truffled Iberico Bellota Salchichon Sausage | FISAN","isPartOf":{"@id":"https:\/\/www.fisan.com\/en\/#website"},"primaryImageOfPage":{"@id":"https:\/\/www.fisan.com\/en\/shop\/alta-gastronomia-bellota-salchichon-with-black-truffle-carved\/#primaryimage"},"image":{"@id":"https:\/\/www.fisan.com\/en\/shop\/alta-gastronomia-bellota-salchichon-with-black-truffle-carved\/#primaryimage"},"thumbnailUrl":"https:\/\/www.fisan.com\/wp-content\/uploads\/2022\/10\/salchichon-bellota-iberico-ag-cm-00.jpg","datePublished":"2022-11-18T12:53:47+00:00","dateModified":"2025-05-30T11:25:15+00:00","description":"Find 100% Natural sliced truffled Iberico Bellota salchichon sausage at FISAN and choose our Alta Gastronomia charcuterie with exquisite flavours. Since 1920.","breadcrumb":{"@id":"https:\/\/www.fisan.com\/en\/shop\/alta-gastronomia-bellota-salchichon-with-black-truffle-carved\/#breadcrumb"},"inLanguage":"en-GB","potentialAction":[{"@type":"ReadAction","target":["https:\/\/www.fisan.com\/en\/shop\/alta-gastronomia-bellota-salchichon-with-black-truffle-carved\/"]}]},{"@type":"ImageObject","inLanguage":"en-GB","@id":"https:\/\/www.fisan.com\/en\/shop\/alta-gastronomia-bellota-salchichon-with-black-truffle-carved\/#primaryimage","url":"https:\/\/www.fisan.com\/wp-content\/uploads\/2022\/10\/salchichon-bellota-iberico-ag-cm-00.jpg","contentUrl":"https:\/\/www.fisan.com\/wp-content\/uploads\/2022\/10\/salchichon-bellota-iberico-ag-cm-00.jpg","width":1200,"height":2400,"caption":"Salchich\u00f3n de Bellota Ib\u00e9rico 100% Natural con Trufa Negra Alta Gastronom\u00eda cortado loncheado"},{"@type":"BreadcrumbList","@id":"https:\/\/www.fisan.com\/en\/shop\/alta-gastronomia-bellota-salchichon-with-black-truffle-carved\/#breadcrumb","itemListElement":[{"@type":"ListItem","position":1,"name":"FISAN","item":"https:\/\/www.fisan.com\/en\/"},{"@type":"ListItem","position":2,"name":"Products","item":"https:\/\/www.fisan.com\/en\/products\/"},{"@type":"ListItem","position":3,"name":"Alta Gastronom\u00eda Sliced Truffled Iberico Bellota Salchichon Sausage 100% Natural"}]},{"@type":"WebSite","@id":"https:\/\/www.fisan.com\/en\/#website","url":"https:\/\/www.fisan.com\/en\/","name":"FISAN","description":"FISAN | Jamones de bellota ib\u00e9rico y embutidos ib\u00e9ricos desde 1920","potentialAction":[{"@type":"SearchAction","target":{"@type":"EntryPoint","urlTemplate":"https:\/\/www.fisan.com\/en\/?s={search_term_string}"},"query-input":{"@type":"PropertyValueSpecification","valueRequired":true,"valueName":"search_term_string"}}],"inLanguage":"en-GB"}]},"og_availability":"instock","product_availability":"instock","product_retailer_item_id":"s-bi100CL","product_condition":"new"},"_links":{"self":[{"href":"https:\/\/www.fisan.com\/en\/wp-json\/wp\/v2\/product\/34286","targetHints":{"allow":["GET"]}}],"collection":[{"href":"https:\/\/www.fisan.com\/en\/wp-json\/wp\/v2\/product"}],"about":[{"href":"https:\/\/www.fisan.com\/en\/wp-json\/wp\/v2\/types\/product"}],"version-history":[{"count":20,"href":"https:\/\/www.fisan.com\/en\/wp-json\/wp\/v2\/product\/34286\/revisions"}],"predecessor-version":[{"id":55910,"href":"https:\/\/www.fisan.com\/en\/wp-json\/wp\/v2\/product\/34286\/revisions\/55910"}],"wp:featuredmedia":[{"embeddable":true,"href":"https:\/\/www.fisan.com\/en\/wp-json\/wp\/v2\/media\/17005"}],"wp:attachment":[{"href":"https:\/\/www.fisan.com\/en\/wp-json\/wp\/v2\/media?parent=34286"}],"wp:term":[{"taxonomy":"product_brand","embeddable":true,"href":"https:\/\/www.fisan.com\/en\/wp-json\/wp\/v2\/product_brand?post=34286"},{"taxonomy":"product_cat","embeddable":true,"href":"https:\/\/www.fisan.com\/en\/wp-json\/wp\/v2\/product_cat?post=34286"},{"taxonomy":"product_tag","embeddable":true,"href":"https:\/\/www.fisan.com\/en\/wp-json\/wp\/v2\/product_tag?post=34286"},{"taxonomy":"gama","embeddable":true,"href":"https:\/\/www.fisan.com\/en\/wp-json\/wp\/v2\/gama?post=34286"},{"taxonomy":"calidad","embeddable":true,"href":"https:\/\/www.fisan.com\/en\/wp-json\/wp\/v2\/calidad?post=34286"}],"curies":[{"name":"wp","href":"https:\/\/api.w.org\/{rel}","templated":true}]}}