{"id":45774,"date":"2024-05-23T15:28:38","date_gmt":"2024-05-23T13:28:38","guid":{"rendered":"https:\/\/www.fisan.com\/?post_type=product&#038;p=45774"},"modified":"2025-06-06T13:46:46","modified_gmt":"2025-06-06T11:46:46","slug":"iberico-vela-bellota-salchichon-alta-gastronomia-with-black-truffle","status":"publish","type":"product","link":"https:\/\/www.fisan.com\/en\/shop\/natural-iberico-vela-bellota-salchichon-alta-gastronomia-with-black-truffle\/","title":{"rendered":"Iberico Bellota Vela Salchichon with Black Truffle Alta Gastronomia 100% Natural"},"content":{"rendered":"<p>The Iberico Bellota Vela Salchichon with Black Truffle Alta Gastronomia 100% Natural represents the perfection of the noble meats of the acorn-fed pig, prey and secret, selected each season. And, after years of research, it incorporates black truffle in its recipe. For this reason, once it has rested for eight months in our natural cellars, it offers a unique flavour and aroma.<\/p>\n","protected":false},"excerpt":{"rendered":"<p>The Iberico Bellota Vela Salchichon with Black Truffle Alta Gastronomia 100% Natural represents the perfection of the noble meats of the acorn-fed pig, prey and secret, selected each season. And, after years of research, it incorporates black truffle in its recipe. For this reason, once it has rested for eight months in our natural cellars, &#8230; <a title=\"Iberico Bellota Vela Salchichon with Black Truffle Alta Gastronomia 100% Natural\" class=\"read-more\" href=\"https:\/\/www.fisan.com\/en\/shop\/natural-iberico-vela-bellota-salchichon-alta-gastronomia-with-black-truffle\/\" aria-label=\"Read more about Iberico Bellota Vela Salchichon with Black Truffle Alta Gastronomia 100% Natural\">Read more<\/a><\/p>\n","protected":false},"featured_media":45836,"template":"","meta":{"_acf_changed":false,"_wp_rev_ctl_limit":""},"product_brand":[],"product_cat":[349],"product_tag":[288,528,289],"gama":[434],"calidad":[440],"class_list":{"0":"post-45774","1":"product","2":"type-product","3":"status-publish","4":"has-post-thumbnail","6":"product_cat-4-sausage","7":"product_tag-ag","8":"product_tag-destacados-embutido","9":"product_tag-destacados-inicio","10":"gama-alta-gastronomia-en","11":"calidad-1-bellota-iberico-en","13":"first","14":"instock","15":"taxable","16":"shipping-taxable","17":"purchasable","18":"product-type-variable","19":"has-default-attributes"},"acf":[],"yoast_head":"<!-- This site is optimized with the Yoast SEO plugin v25.4 - https:\/\/yoast.com\/wordpress\/plugins\/seo\/ -->\n<title>Iberico Bellota Black Truffle Salchichon Vela Sausage | FISAN<\/title>\n<meta name=\"description\" content=\"Discover the unmistakeable flavour of FISAN&#039;s Iberico Bellota black truffle salchichon vela sausage, a 100% natural product for the most demanding palates.\" \/>\n<meta name=\"robots\" content=\"index, follow, max-snippet:-1, max-image-preview:large, max-video-preview:-1\" \/>\n<link rel=\"canonical\" href=\"https:\/\/www.fisan.com\/en\/shop\/natural-iberico-vela-bellota-salchichon-alta-gastronomia-with-black-truffle\/\" \/>\n<meta property=\"og:locale\" content=\"en_GB\" \/>\n<meta property=\"og:type\" content=\"article\" \/>\n<meta property=\"og:title\" content=\"Iberico Bellota Black Truffle Salchichon Vela Sausage | FISAN\" \/>\n<meta property=\"og:description\" content=\"Discover the unmistakeable flavour of FISAN&#039;s Iberico Bellota black truffle salchichon vela sausage, a 100% natural product for the most demanding palates.\" \/>\n<meta property=\"og:url\" content=\"https:\/\/www.fisan.com\/en\/shop\/natural-iberico-vela-bellota-salchichon-alta-gastronomia-with-black-truffle\/\" \/>\n<meta property=\"og:site_name\" content=\"FISAN\" \/>\n<meta property=\"article:modified_time\" content=\"2025-06-06T11:46:46+00:00\" \/>\n<meta property=\"og:image\" content=\"https:\/\/www.fisan.com\/wp-content\/uploads\/2024\/05\/salchichon-vela-iberico-bellota-ag-pe-00.jpg\" \/>\n\t<meta property=\"og:image:width\" content=\"1200\" \/>\n\t<meta property=\"og:image:height\" content=\"2400\" \/>\n\t<meta property=\"og:image:type\" content=\"image\/jpeg\" \/>\n<meta name=\"twitter:card\" content=\"summary_large_image\" \/>\n<meta name=\"twitter:label1\" content=\"Availability\" \/>\n\t<meta name=\"twitter:data1\" content=\"In stock\" \/>\n<script type=\"application\/ld+json\" class=\"yoast-schema-graph\">{\n\t    \"@context\": \"https:\/\/schema.org\",\n\t    \"@graph\": [\n\t        {\n\t            \"@type\": \"WebPage\",\n\t            \"@id\": \"https:\/\/www.fisan.com\/en\/shop\/natural-iberico-vela-bellota-salchichon-alta-gastronomia-with-black-truffle\/\",\n\t            \"url\": \"https:\/\/www.fisan.com\/en\/shop\/natural-iberico-vela-bellota-salchichon-alta-gastronomia-with-black-truffle\/\",\n\t            \"name\": \"Iberico Bellota Black Truffle Salchichon Vela Sausage | FISAN\",\n\t            \"isPartOf\": {\n\t                \"@id\": \"https:\/\/www.fisan.com\/en\/#website\"\n\t            },\n\t            \"primaryImageOfPage\": {\n\t                \"@id\": \"https:\/\/www.fisan.com\/en\/shop\/natural-iberico-vela-bellota-salchichon-alta-gastronomia-with-black-truffle\/#primaryimage\"\n\t            },\n\t            \"image\": {\n\t                \"@id\": \"https:\/\/www.fisan.com\/en\/shop\/natural-iberico-vela-bellota-salchichon-alta-gastronomia-with-black-truffle\/#primaryimage\"\n\t            },\n\t            \"thumbnailUrl\": \"https:\/\/www.fisan.com\/wp-content\/uploads\/2024\/05\/salchichon-vela-iberico-bellota-ag-pe-00.jpg\",\n\t            \"datePublished\": \"2024-05-23T13:28:38+00:00\",\n\t            \"dateModified\": \"2025-06-06T11:46:46+00:00\",\n\t            \"description\": \"Discover the unmistakeable flavour of FISAN's Iberico Bellota black truffle salchichon vela sausage, a 100% natural product for the most demanding palates.\",\n\t            \"breadcrumb\": {\n\t                \"@id\": \"https:\/\/www.fisan.com\/en\/shop\/natural-iberico-vela-bellota-salchichon-alta-gastronomia-with-black-truffle\/#breadcrumb\"\n\t            },\n\t            \"inLanguage\": \"en-GB\",\n\t            \"potentialAction\": [\n\t                {\n\t                    \"@type\": \"ReadAction\",\n\t                    \"target\": [\n\t                        \"https:\/\/www.fisan.com\/en\/shop\/natural-iberico-vela-bellota-salchichon-alta-gastronomia-with-black-truffle\/\"\n\t                    ]\n\t                }\n\t            ]\n\t        },\n\t        {\n\t            \"@type\": \"ImageObject\",\n\t            \"inLanguage\": \"en-GB\",\n\t            \"@id\": \"https:\/\/www.fisan.com\/en\/shop\/natural-iberico-vela-bellota-salchichon-alta-gastronomia-with-black-truffle\/#primaryimage\",\n\t            \"url\": \"https:\/\/www.fisan.com\/wp-content\/uploads\/2024\/05\/salchichon-vela-iberico-bellota-ag-pe-00.jpg\",\n\t            \"contentUrl\": \"https:\/\/www.fisan.com\/wp-content\/uploads\/2024\/05\/salchichon-vela-iberico-bellota-ag-pe-00.jpg\",\n\t            \"width\": 1200,\n\t            \"height\": 2400,\n\t            \"caption\": \"Salchich\u00f3n Vela de Bellota Ib\u00e9rica 100% Natural con Trufa Negra Alta Gastronom\u00eda\"\n\t        },\n\t        {\n\t            \"@type\": \"BreadcrumbList\",\n\t            \"@id\": \"https:\/\/www.fisan.com\/en\/shop\/natural-iberico-vela-bellota-salchichon-alta-gastronomia-with-black-truffle\/#breadcrumb\",\n\t            \"itemListElement\": [\n\t                {\n\t                    \"@type\": \"ListItem\",\n\t                    \"position\": 1,\n\t                    \"name\": \"FISAN\",\n\t                    \"item\": \"https:\/\/www.fisan.com\/en\/\"\n\t                },\n\t                {\n\t                    \"@type\": \"ListItem\",\n\t                    \"position\": 2,\n\t                    \"name\": \"Products\",\n\t                    \"item\": \"https:\/\/www.fisan.com\/en\/products\/\"\n\t                },\n\t                {\n\t                    \"@type\": \"ListItem\",\n\t                    \"position\": 3,\n\t                    \"name\": \"Iberico Bellota Vela Salchichon with Black Truffle Alta Gastronomia 100% Natural\"\n\t                }\n\t            ]\n\t        },\n\t        {\n\t            \"@type\": \"WebSite\",\n\t            \"@id\": \"https:\/\/www.fisan.com\/en\/#website\",\n\t            \"url\": \"https:\/\/www.fisan.com\/en\/\",\n\t            \"name\": \"FISAN\",\n\t            \"description\": \"FISAN | Jamones de bellota ib\u00e9rico y embutidos ib\u00e9ricos desde 1920\",\n\t            \"potentialAction\": [\n\t                {\n\t                    \"@type\": \"SearchAction\",\n\t                    \"target\": {\n\t                        \"@type\": \"EntryPoint\",\n\t                        \"urlTemplate\": \"https:\/\/www.fisan.com\/en\/?s={search_term_string}\"\n\t                    },\n\t                    \"query-input\": {\n\t                        \"@type\": \"PropertyValueSpecification\",\n\t                        \"valueRequired\": true,\n\t                        \"valueName\": \"search_term_string\"\n\t                    }\n\t                }\n\t            ],\n\t            \"inLanguage\": \"en-GB\"\n\t        }\n\t    ]\n\t}<\/script>\n<meta property=\"og:availability\" content=\"instock\" \/>\n<meta property=\"product:availability\" content=\"instock\" \/>\n<meta property=\"product:retailer_item_id\" content=\"s-bi100-1\" \/>\n<meta property=\"product:condition\" content=\"new\" \/>\n<!-- \/ Yoast SEO plugin. -->","yoast_head_json":{"title":"Iberico Bellota Black Truffle Salchichon Vela Sausage | FISAN","description":"Discover the unmistakeable flavour of FISAN's Iberico Bellota black truffle salchichon vela sausage, a 100% natural product for the most demanding palates.","robots":{"index":"index","follow":"follow","max-snippet":"max-snippet:-1","max-image-preview":"max-image-preview:large","max-video-preview":"max-video-preview:-1"},"canonical":"https:\/\/www.fisan.com\/en\/shop\/natural-iberico-vela-bellota-salchichon-alta-gastronomia-with-black-truffle\/","og_locale":"en_GB","og_type":"article","og_title":"Iberico Bellota Black Truffle Salchichon Vela Sausage | FISAN","og_description":"Discover the unmistakeable flavour of FISAN's Iberico Bellota black truffle salchichon vela sausage, a 100% natural product for the most demanding palates.","og_url":"https:\/\/www.fisan.com\/en\/shop\/natural-iberico-vela-bellota-salchichon-alta-gastronomia-with-black-truffle\/","og_site_name":"FISAN","article_modified_time":"2025-06-06T11:46:46+00:00","og_image":[{"width":1200,"height":2400,"url":"https:\/\/www.fisan.com\/wp-content\/uploads\/2024\/05\/salchichon-vela-iberico-bellota-ag-pe-00.jpg","type":"image\/jpeg"}],"twitter_card":"summary_large_image","twitter_misc":{"Availability":"In stock"},"schema":{"@context":"https:\/\/schema.org","@graph":[{"@type":"WebPage","@id":"https:\/\/www.fisan.com\/en\/shop\/natural-iberico-vela-bellota-salchichon-alta-gastronomia-with-black-truffle\/","url":"https:\/\/www.fisan.com\/en\/shop\/natural-iberico-vela-bellota-salchichon-alta-gastronomia-with-black-truffle\/","name":"Iberico Bellota Black Truffle Salchichon Vela Sausage | FISAN","isPartOf":{"@id":"https:\/\/www.fisan.com\/en\/#website"},"primaryImageOfPage":{"@id":"https:\/\/www.fisan.com\/en\/shop\/natural-iberico-vela-bellota-salchichon-alta-gastronomia-with-black-truffle\/#primaryimage"},"image":{"@id":"https:\/\/www.fisan.com\/en\/shop\/natural-iberico-vela-bellota-salchichon-alta-gastronomia-with-black-truffle\/#primaryimage"},"thumbnailUrl":"https:\/\/www.fisan.com\/wp-content\/uploads\/2024\/05\/salchichon-vela-iberico-bellota-ag-pe-00.jpg","datePublished":"2024-05-23T13:28:38+00:00","dateModified":"2025-06-06T11:46:46+00:00","description":"Discover the unmistakeable flavour of FISAN's Iberico Bellota black truffle salchichon vela sausage, a 100% natural product for the most demanding palates.","breadcrumb":{"@id":"https:\/\/www.fisan.com\/en\/shop\/natural-iberico-vela-bellota-salchichon-alta-gastronomia-with-black-truffle\/#breadcrumb"},"inLanguage":"en-GB","potentialAction":[{"@type":"ReadAction","target":["https:\/\/www.fisan.com\/en\/shop\/natural-iberico-vela-bellota-salchichon-alta-gastronomia-with-black-truffle\/"]}]},{"@type":"ImageObject","inLanguage":"en-GB","@id":"https:\/\/www.fisan.com\/en\/shop\/natural-iberico-vela-bellota-salchichon-alta-gastronomia-with-black-truffle\/#primaryimage","url":"https:\/\/www.fisan.com\/wp-content\/uploads\/2024\/05\/salchichon-vela-iberico-bellota-ag-pe-00.jpg","contentUrl":"https:\/\/www.fisan.com\/wp-content\/uploads\/2024\/05\/salchichon-vela-iberico-bellota-ag-pe-00.jpg","width":1200,"height":2400,"caption":"Salchich\u00f3n Vela de Bellota Ib\u00e9rica 100% Natural con Trufa Negra Alta Gastronom\u00eda"},{"@type":"BreadcrumbList","@id":"https:\/\/www.fisan.com\/en\/shop\/natural-iberico-vela-bellota-salchichon-alta-gastronomia-with-black-truffle\/#breadcrumb","itemListElement":[{"@type":"ListItem","position":1,"name":"FISAN","item":"https:\/\/www.fisan.com\/en\/"},{"@type":"ListItem","position":2,"name":"Products","item":"https:\/\/www.fisan.com\/en\/products\/"},{"@type":"ListItem","position":3,"name":"Iberico Bellota Vela Salchichon with Black Truffle Alta Gastronomia 100% Natural"}]},{"@type":"WebSite","@id":"https:\/\/www.fisan.com\/en\/#website","url":"https:\/\/www.fisan.com\/en\/","name":"FISAN","description":"FISAN | Jamones de bellota ib\u00e9rico y embutidos ib\u00e9ricos desde 1920","potentialAction":[{"@type":"SearchAction","target":{"@type":"EntryPoint","urlTemplate":"https:\/\/www.fisan.com\/en\/?s={search_term_string}"},"query-input":{"@type":"PropertyValueSpecification","valueRequired":true,"valueName":"search_term_string"}}],"inLanguage":"en-GB"}]},"og_availability":"instock","product_availability":"instock","product_retailer_item_id":"s-bi100-1","product_condition":"new"},"_links":{"self":[{"href":"https:\/\/www.fisan.com\/en\/wp-json\/wp\/v2\/product\/45774","targetHints":{"allow":["GET"]}}],"collection":[{"href":"https:\/\/www.fisan.com\/en\/wp-json\/wp\/v2\/product"}],"about":[{"href":"https:\/\/www.fisan.com\/en\/wp-json\/wp\/v2\/types\/product"}],"version-history":[{"count":14,"href":"https:\/\/www.fisan.com\/en\/wp-json\/wp\/v2\/product\/45774\/revisions"}],"predecessor-version":[{"id":56166,"href":"https:\/\/www.fisan.com\/en\/wp-json\/wp\/v2\/product\/45774\/revisions\/56166"}],"wp:featuredmedia":[{"embeddable":true,"href":"https:\/\/www.fisan.com\/en\/wp-json\/wp\/v2\/media\/45836"}],"wp:attachment":[{"href":"https:\/\/www.fisan.com\/en\/wp-json\/wp\/v2\/media?parent=45774"}],"wp:term":[{"taxonomy":"product_brand","embeddable":true,"href":"https:\/\/www.fisan.com\/en\/wp-json\/wp\/v2\/product_brand?post=45774"},{"taxonomy":"product_cat","embeddable":true,"href":"https:\/\/www.fisan.com\/en\/wp-json\/wp\/v2\/product_cat?post=45774"},{"taxonomy":"product_tag","embeddable":true,"href":"https:\/\/www.fisan.com\/en\/wp-json\/wp\/v2\/product_tag?post=45774"},{"taxonomy":"gama","embeddable":true,"href":"https:\/\/www.fisan.com\/en\/wp-json\/wp\/v2\/gama?post=45774"},{"taxonomy":"calidad","embeddable":true,"href":"https:\/\/www.fisan.com\/en\/wp-json\/wp\/v2\/calidad?post=45774"}],"curies":[{"name":"wp","href":"https:\/\/api.w.org\/{rel}","templated":true}]}}