{"id":52367,"date":"2024-12-17T12:43:41","date_gmt":"2024-12-17T11:43:41","guid":{"rendered":"https:\/\/www.fisan.com\/?post_type=product&#038;p=52367"},"modified":"2025-09-23T11:57:59","modified_gmt":"2025-09-23T09:57:59","slug":"iberico-cebo-de-campo-ham-50-iberian-breed-special-selection","status":"publish","type":"product","link":"https:\/\/www.fisan.com\/en\/shop\/iberico-cebo-de-campo-ham-50-iberian-breed-special-selection\/","title":{"rendered":"Iberico Cebo de Campo Ham 50% Iberian Breed Special Selection"},"content":{"rendered":"<p>The Iberico Cebo de Campo Ham 50% Iberian Breed Special Selection pieces are carefully selected for those who are looking for a special product with superior quality. Sourced from free-range pigs fed with natural feed and resources from the countryside, they offer a perfect balance between aroma, flavour and juiciness. An ideal ham to enjoy the Iberian tradition in the most special moments.<\/p>\n","protected":false},"excerpt":{"rendered":"<p>The Iberico Cebo de Campo Ham 50% Iberian Breed Special Selection pieces are carefully selected for those who are looking for a special product with superior quality. Sourced from free-range pigs fed with natural feed and resources from the countryside, they offer a perfect balance between aroma, flavour and juiciness. An ideal ham to enjoy &#8230; <a title=\"Iberico Cebo de Campo Ham 50% Iberian Breed Special Selection\" class=\"read-more\" href=\"https:\/\/www.fisan.com\/en\/shop\/iberico-cebo-de-campo-ham-50-iberian-breed-special-selection\/\" aria-label=\"Read more about Iberico Cebo de Campo Ham 50% Iberian Breed Special Selection\">Read more<\/a><\/p>\n","protected":false},"featured_media":52822,"template":"","meta":{"_acf_changed":false,"_wp_rev_ctl_limit":""},"product_brand":[],"product_cat":[287],"product_tag":[290,523,291,518],"gama":[],"calidad":[],"class_list":{"0":"post-52367","1":"product","2":"type-product","3":"status-publish","4":"has-post-thumbnail","6":"product_cat-products-iberico-ham","7":"product_tag-destacados-jamon","8":"product_tag-destacados-sabor-tradicional","9":"product_tag-destacados-todos","10":"product_tag-st","12":"first","13":"instock","14":"taxable","15":"shipping-taxable","16":"purchasable","17":"product-type-variable","18":"has-default-attributes"},"acf":[],"yoast_head":"<!-- This site is optimized with the Yoast SEO plugin v25.4 - https:\/\/yoast.com\/wordpress\/plugins\/seo\/ -->\n<title>Iberico Cebo de Campo Ham Special Selection | FISAN<\/title>\n<meta name=\"description\" content=\"Discover the quality of the Iberico Cebo de Campo Ham 50% Iberian Breed Special Selection, an ideal piece to enjoy the Iberian tradition.\" \/>\n<meta name=\"robots\" content=\"index, follow, max-snippet:-1, max-image-preview:large, max-video-preview:-1\" \/>\n<link rel=\"canonical\" href=\"https:\/\/www.fisan.com\/en\/shop\/iberico-cebo-de-campo-ham-50-iberian-breed-special-selection\/\" \/>\n<meta property=\"og:locale\" content=\"en_GB\" \/>\n<meta property=\"og:type\" content=\"article\" \/>\n<meta property=\"og:title\" content=\"Iberico Cebo de Campo Ham Special Selection | FISAN\" \/>\n<meta property=\"og:description\" content=\"Discover the quality of the Iberico Cebo de Campo Ham 50% Iberian Breed Special Selection, an ideal piece to enjoy the Iberian tradition.\" \/>\n<meta property=\"og:url\" content=\"https:\/\/www.fisan.com\/en\/shop\/iberico-cebo-de-campo-ham-50-iberian-breed-special-selection\/\" \/>\n<meta property=\"og:site_name\" content=\"FISAN\" \/>\n<meta property=\"article:modified_time\" content=\"2025-09-23T09:57:59+00:00\" \/>\n<meta property=\"og:image\" content=\"https:\/\/www.fisan.com\/wp-content\/uploads\/2024\/12\/jamon-cebocampo-iberico-50-se-st-pe-00-2.jpg\" \/>\n\t<meta property=\"og:image:width\" content=\"1200\" \/>\n\t<meta property=\"og:image:height\" content=\"2400\" \/>\n\t<meta property=\"og:image:type\" content=\"image\/jpeg\" \/>\n<meta name=\"twitter:card\" content=\"summary_large_image\" \/>\n<meta name=\"twitter:label1\" content=\"Availability\" \/>\n\t<meta name=\"twitter:data1\" content=\"In stock\" \/>\n<script type=\"application\/ld+json\" class=\"yoast-schema-graph\">{\n\t    \"@context\": \"https:\/\/schema.org\",\n\t    \"@graph\": [\n\t        {\n\t            \"@type\": \"WebPage\",\n\t            \"@id\": \"https:\/\/www.fisan.com\/en\/shop\/iberico-cebo-de-campo-ham-50-iberian-breed-special-selection\/\",\n\t            \"url\": \"https:\/\/www.fisan.com\/en\/shop\/iberico-cebo-de-campo-ham-50-iberian-breed-special-selection\/\",\n\t            \"name\": \"Iberico Cebo de Campo Ham Special Selection | FISAN\",\n\t            \"isPartOf\": {\n\t                \"@id\": \"https:\/\/www.fisan.com\/en\/#website\"\n\t            },\n\t            \"primaryImageOfPage\": {\n\t                \"@id\": \"https:\/\/www.fisan.com\/en\/shop\/iberico-cebo-de-campo-ham-50-iberian-breed-special-selection\/#primaryimage\"\n\t            },\n\t            \"image\": {\n\t                \"@id\": \"https:\/\/www.fisan.com\/en\/shop\/iberico-cebo-de-campo-ham-50-iberian-breed-special-selection\/#primaryimage\"\n\t            },\n\t            \"thumbnailUrl\": \"https:\/\/www.fisan.com\/wp-content\/uploads\/2024\/12\/jamon-cebocampo-iberico-50-se-st-pe-00-2.jpg\",\n\t            \"datePublished\": \"2024-12-17T11:43:41+00:00\",\n\t            \"dateModified\": \"2025-09-23T09:57:59+00:00\",\n\t            \"description\": \"Discover the quality of the Iberico Cebo de Campo Ham 50% Iberian Breed Special Selection, an ideal piece to enjoy the Iberian tradition.\",\n\t            \"breadcrumb\": {\n\t                \"@id\": \"https:\/\/www.fisan.com\/en\/shop\/iberico-cebo-de-campo-ham-50-iberian-breed-special-selection\/#breadcrumb\"\n\t            },\n\t            \"inLanguage\": \"en-GB\",\n\t            \"potentialAction\": [\n\t                {\n\t                    \"@type\": \"ReadAction\",\n\t                    \"target\": [\n\t                        \"https:\/\/www.fisan.com\/en\/shop\/iberico-cebo-de-campo-ham-50-iberian-breed-special-selection\/\"\n\t                    ]\n\t                }\n\t            ]\n\t        },\n\t        {\n\t            \"@type\": \"ImageObject\",\n\t            \"inLanguage\": \"en-GB\",\n\t            \"@id\": \"https:\/\/www.fisan.com\/en\/shop\/iberico-cebo-de-campo-ham-50-iberian-breed-special-selection\/#primaryimage\",\n\t            \"url\": \"https:\/\/www.fisan.com\/wp-content\/uploads\/2024\/12\/jamon-cebocampo-iberico-50-se-st-pe-00-2.jpg\",\n\t            \"contentUrl\": \"https:\/\/www.fisan.com\/wp-content\/uploads\/2024\/12\/jamon-cebocampo-iberico-50-se-st-pe-00-2.jpg\",\n\t            \"width\": 1200,\n\t            \"height\": 2400,\n\t            \"caption\": \"Jam\u00f3n de cebo de campo ib\u00e9rico 50% raza ib\u00e9rica Selecci\u00f3n Especial\"\n\t        },\n\t        {\n\t            \"@type\": \"BreadcrumbList\",\n\t            \"@id\": \"https:\/\/www.fisan.com\/en\/shop\/iberico-cebo-de-campo-ham-50-iberian-breed-special-selection\/#breadcrumb\",\n\t            \"itemListElement\": [\n\t                {\n\t                    \"@type\": \"ListItem\",\n\t                    \"position\": 1,\n\t                    \"name\": \"FISAN\",\n\t                    \"item\": \"https:\/\/www.fisan.com\/en\/\"\n\t                },\n\t                {\n\t                    \"@type\": \"ListItem\",\n\t                    \"position\": 2,\n\t                    \"name\": \"Products\",\n\t                    \"item\": \"https:\/\/www.fisan.com\/en\/products\/\"\n\t                },\n\t                {\n\t                    \"@type\": \"ListItem\",\n\t                    \"position\": 3,\n\t                    \"name\": \"Iberico Cebo de Campo Ham 50% Iberian Breed Special Selection\"\n\t                }\n\t            ]\n\t        },\n\t        {\n\t            \"@type\": \"WebSite\",\n\t            \"@id\": \"https:\/\/www.fisan.com\/en\/#website\",\n\t            \"url\": \"https:\/\/www.fisan.com\/en\/\",\n\t            \"name\": \"FISAN\",\n\t            \"description\": \"FISAN | Jamones de bellota ib\u00e9rico y embutidos ib\u00e9ricos desde 1920\",\n\t            \"potentialAction\": [\n\t                {\n\t                    \"@type\": \"SearchAction\",\n\t                    \"target\": {\n\t                        \"@type\": \"EntryPoint\",\n\t                        \"urlTemplate\": \"https:\/\/www.fisan.com\/en\/?s={search_term_string}\"\n\t                    },\n\t                    \"query-input\": {\n\t                        \"@type\": \"PropertyValueSpecification\",\n\t                        \"valueRequired\": true,\n\t                        \"valueName\": \"search_term_string\"\n\t                    }\n\t                }\n\t            ],\n\t            \"inLanguage\": \"en-GB\"\n\t        }\n\t    ]\n\t}<\/script>\n<meta property=\"og:availability\" content=\"instock\" \/>\n<meta property=\"product:availability\" content=\"instock\" \/>\n<meta property=\"product:retailer_item_id\" content=\"j-cc50-se\" \/>\n<meta property=\"product:condition\" content=\"new\" \/>\n<!-- \/ Yoast SEO plugin. -->","yoast_head_json":{"title":"Iberico Cebo de Campo Ham Special Selection | FISAN","description":"Discover the quality of the Iberico Cebo de Campo Ham 50% Iberian Breed Special Selection, an ideal piece to enjoy the Iberian tradition.","robots":{"index":"index","follow":"follow","max-snippet":"max-snippet:-1","max-image-preview":"max-image-preview:large","max-video-preview":"max-video-preview:-1"},"canonical":"https:\/\/www.fisan.com\/en\/shop\/iberico-cebo-de-campo-ham-50-iberian-breed-special-selection\/","og_locale":"en_GB","og_type":"article","og_title":"Iberico Cebo de Campo Ham Special Selection | FISAN","og_description":"Discover the quality of the Iberico Cebo de Campo Ham 50% Iberian Breed Special Selection, an ideal piece to enjoy the Iberian tradition.","og_url":"https:\/\/www.fisan.com\/en\/shop\/iberico-cebo-de-campo-ham-50-iberian-breed-special-selection\/","og_site_name":"FISAN","article_modified_time":"2025-09-23T09:57:59+00:00","og_image":[{"width":1200,"height":2400,"url":"https:\/\/www.fisan.com\/wp-content\/uploads\/2024\/12\/jamon-cebocampo-iberico-50-se-st-pe-00-2.jpg","type":"image\/jpeg"}],"twitter_card":"summary_large_image","twitter_misc":{"Availability":"In stock"},"schema":{"@context":"https:\/\/schema.org","@graph":[{"@type":"WebPage","@id":"https:\/\/www.fisan.com\/en\/shop\/iberico-cebo-de-campo-ham-50-iberian-breed-special-selection\/","url":"https:\/\/www.fisan.com\/en\/shop\/iberico-cebo-de-campo-ham-50-iberian-breed-special-selection\/","name":"Iberico Cebo de Campo Ham Special Selection | FISAN","isPartOf":{"@id":"https:\/\/www.fisan.com\/en\/#website"},"primaryImageOfPage":{"@id":"https:\/\/www.fisan.com\/en\/shop\/iberico-cebo-de-campo-ham-50-iberian-breed-special-selection\/#primaryimage"},"image":{"@id":"https:\/\/www.fisan.com\/en\/shop\/iberico-cebo-de-campo-ham-50-iberian-breed-special-selection\/#primaryimage"},"thumbnailUrl":"https:\/\/www.fisan.com\/wp-content\/uploads\/2024\/12\/jamon-cebocampo-iberico-50-se-st-pe-00-2.jpg","datePublished":"2024-12-17T11:43:41+00:00","dateModified":"2025-09-23T09:57:59+00:00","description":"Discover the quality of the Iberico Cebo de Campo Ham 50% Iberian Breed Special Selection, an ideal piece to enjoy the Iberian tradition.","breadcrumb":{"@id":"https:\/\/www.fisan.com\/en\/shop\/iberico-cebo-de-campo-ham-50-iberian-breed-special-selection\/#breadcrumb"},"inLanguage":"en-GB","potentialAction":[{"@type":"ReadAction","target":["https:\/\/www.fisan.com\/en\/shop\/iberico-cebo-de-campo-ham-50-iberian-breed-special-selection\/"]}]},{"@type":"ImageObject","inLanguage":"en-GB","@id":"https:\/\/www.fisan.com\/en\/shop\/iberico-cebo-de-campo-ham-50-iberian-breed-special-selection\/#primaryimage","url":"https:\/\/www.fisan.com\/wp-content\/uploads\/2024\/12\/jamon-cebocampo-iberico-50-se-st-pe-00-2.jpg","contentUrl":"https:\/\/www.fisan.com\/wp-content\/uploads\/2024\/12\/jamon-cebocampo-iberico-50-se-st-pe-00-2.jpg","width":1200,"height":2400,"caption":"Jam\u00f3n de cebo de campo ib\u00e9rico 50% raza ib\u00e9rica Selecci\u00f3n Especial"},{"@type":"BreadcrumbList","@id":"https:\/\/www.fisan.com\/en\/shop\/iberico-cebo-de-campo-ham-50-iberian-breed-special-selection\/#breadcrumb","itemListElement":[{"@type":"ListItem","position":1,"name":"FISAN","item":"https:\/\/www.fisan.com\/en\/"},{"@type":"ListItem","position":2,"name":"Products","item":"https:\/\/www.fisan.com\/en\/products\/"},{"@type":"ListItem","position":3,"name":"Iberico Cebo de Campo Ham 50% Iberian Breed Special Selection"}]},{"@type":"WebSite","@id":"https:\/\/www.fisan.com\/en\/#website","url":"https:\/\/www.fisan.com\/en\/","name":"FISAN","description":"FISAN | Jamones de bellota ib\u00e9rico y embutidos ib\u00e9ricos desde 1920","potentialAction":[{"@type":"SearchAction","target":{"@type":"EntryPoint","urlTemplate":"https:\/\/www.fisan.com\/en\/?s={search_term_string}"},"query-input":{"@type":"PropertyValueSpecification","valueRequired":true,"valueName":"search_term_string"}}],"inLanguage":"en-GB"}]},"og_availability":"instock","product_availability":"instock","product_retailer_item_id":"j-cc50-se","product_condition":"new"},"_links":{"self":[{"href":"https:\/\/www.fisan.com\/en\/wp-json\/wp\/v2\/product\/52367","targetHints":{"allow":["GET"]}}],"collection":[{"href":"https:\/\/www.fisan.com\/en\/wp-json\/wp\/v2\/product"}],"about":[{"href":"https:\/\/www.fisan.com\/en\/wp-json\/wp\/v2\/types\/product"}],"version-history":[{"count":2,"href":"https:\/\/www.fisan.com\/en\/wp-json\/wp\/v2\/product\/52367\/revisions"}],"predecessor-version":[{"id":57200,"href":"https:\/\/www.fisan.com\/en\/wp-json\/wp\/v2\/product\/52367\/revisions\/57200"}],"wp:featuredmedia":[{"embeddable":true,"href":"https:\/\/www.fisan.com\/en\/wp-json\/wp\/v2\/media\/52822"}],"wp:attachment":[{"href":"https:\/\/www.fisan.com\/en\/wp-json\/wp\/v2\/media?parent=52367"}],"wp:term":[{"taxonomy":"product_brand","embeddable":true,"href":"https:\/\/www.fisan.com\/en\/wp-json\/wp\/v2\/product_brand?post=52367"},{"taxonomy":"product_cat","embeddable":true,"href":"https:\/\/www.fisan.com\/en\/wp-json\/wp\/v2\/product_cat?post=52367"},{"taxonomy":"product_tag","embeddable":true,"href":"https:\/\/www.fisan.com\/en\/wp-json\/wp\/v2\/product_tag?post=52367"},{"taxonomy":"gama","embeddable":true,"href":"https:\/\/www.fisan.com\/en\/wp-json\/wp\/v2\/gama?post=52367"},{"taxonomy":"calidad","embeddable":true,"href":"https:\/\/www.fisan.com\/en\/wp-json\/wp\/v2\/calidad?post=52367"}],"curies":[{"name":"wp","href":"https:\/\/api.w.org\/{rel}","templated":true}]}}