{"id":60552,"date":"2026-01-22T11:00:56","date_gmt":"2026-01-22T10:00:56","guid":{"rendered":"https:\/\/www.fisan.com\/?post_type=product&#038;p=60552"},"modified":"2026-01-23T14:00:29","modified_gmt":"2026-01-23T13:00:29","slug":"guanciale-bellota-100-iberico","status":"publish","type":"product","link":"https:\/\/www.fisan.com\/en\/shop\/guanciale-bellota-100-iberico\/","title":{"rendered":"100% Ib\u00e9rico Bellota Guanciale Alta Gastronom\u00eda"},"content":{"rendered":"<p>100% Ib\u00e9rico Bellota Guanciale Alta Gastronom\u00eda FISAN is the Spanish gourmet interpretation of the traditional Italian guanciale, crafted from the jowl of Iberian pigs fed on acorns.<\/p>\n<p>As the ultimate expression of Iberian unctuousness, this cult piece offers an extraordinary culinary experience.<\/p>\n<p>Made from selected acorn-fed jowls, it stands out for its pearlescent marbled fat that melts delicately, releasing a clean and subtly captivating aroma. On the palate, its silky texture reveals the classic FISAN sweetness and a masterful saline balance, culminating in a deep, complex flavor with notes of the montanera (dehesa forest). A technical masterpiece of slow curing, designed to bring elegance and exceptional aromatic persistence to the most sublime haute cuisine creations.<\/p>\n","protected":false},"excerpt":{"rendered":"<p>100% Ib\u00e9rico Bellota Guanciale Alta Gastronom\u00eda FISAN is the Spanish gourmet interpretation of the traditional Italian guanciale, crafted from the jowl of Iberian pigs fed on acorns. As the ultimate expression of Iberian unctuousness, this cult piece offers an extraordinary culinary experience. Made from selected acorn-fed jowls, it stands out for its pearlescent marbled fat &#8230; <a title=\"100% Ib\u00e9rico Bellota Guanciale Alta Gastronom\u00eda\" class=\"read-more\" href=\"https:\/\/www.fisan.com\/en\/shop\/guanciale-bellota-100-iberico\/\" aria-label=\"Read more about 100% Ib\u00e9rico Bellota Guanciale Alta Gastronom\u00eda\">Read more<\/a><\/p>\n","protected":false},"featured_media":60574,"template":"","meta":{"_acf_changed":false,"_wp_rev_ctl_limit":""},"product_brand":[],"product_cat":[349],"product_tag":[288],"gama":[434],"calidad":[440],"class_list":{"0":"post-60552","1":"product","2":"type-product","3":"status-publish","4":"has-post-thumbnail","6":"product_cat-4-sausage","7":"product_tag-ag","8":"gama-alta-gastronomia-en","9":"calidad-1-bellota-iberico-en","11":"first","12":"instock","13":"taxable","14":"shipping-taxable","15":"purchasable","16":"product-type-variable","17":"has-default-attributes"},"acf":[],"yoast_head":"<!-- This site is optimized with the Yoast SEO plugin v25.4 - https:\/\/yoast.com\/wordpress\/plugins\/seo\/ -->\n<title>Guanciale de bellota 100% ib\u00e9rico | FISAN<\/title>\n<meta name=\"description\" content=\"Visita la tienda de FISAN y disfruta al m\u00e1ximo del Guanciale de bellota ib\u00e9rico 100% Alta Gastronom\u00eda. Perfecto para tus platos.\" \/>\n<meta name=\"robots\" content=\"index, follow, max-snippet:-1, max-image-preview:large, max-video-preview:-1\" \/>\n<link rel=\"canonical\" href=\"https:\/\/www.fisan.com\/en\/shop\/guanciale-bellota-100-iberico\/\" \/>\n<meta property=\"og:locale\" content=\"en_GB\" \/>\n<meta property=\"og:type\" content=\"article\" \/>\n<meta property=\"og:title\" content=\"Guanciale de bellota 100% ib\u00e9rico | FISAN\" \/>\n<meta property=\"og:description\" content=\"Visita la tienda de FISAN y disfruta al m\u00e1ximo del Guanciale de bellota ib\u00e9rico 100% Alta Gastronom\u00eda. Perfecto para tus platos.\" \/>\n<meta property=\"og:url\" content=\"https:\/\/www.fisan.com\/en\/shop\/guanciale-bellota-100-iberico\/\" \/>\n<meta property=\"og:site_name\" content=\"FISAN\" \/>\n<meta property=\"article:modified_time\" content=\"2026-01-23T13:00:29+00:00\" \/>\n<meta property=\"og:image\" content=\"https:\/\/www.fisan.com\/wp-content\/uploads\/2026\/01\/guanciale-bellota-100-iberico-ag-pe-00.jpg\" \/>\n\t<meta property=\"og:image:width\" content=\"1200\" \/>\n\t<meta property=\"og:image:height\" content=\"2400\" \/>\n\t<meta property=\"og:image:type\" content=\"image\/jpeg\" \/>\n<meta name=\"twitter:card\" content=\"summary_large_image\" \/>\n<meta name=\"twitter:label1\" content=\"Availability\" \/>\n\t<meta name=\"twitter:data1\" content=\"In stock\" \/>\n<script type=\"application\/ld+json\" class=\"yoast-schema-graph\">{\n\t    \"@context\": \"https:\/\/schema.org\",\n\t    \"@graph\": [\n\t        {\n\t            \"@type\": \"WebPage\",\n\t            \"@id\": \"https:\/\/www.fisan.com\/en\/shop\/guanciale-bellota-100-iberico\/\",\n\t            \"url\": \"https:\/\/www.fisan.com\/en\/shop\/guanciale-bellota-100-iberico\/\",\n\t            \"name\": \"Guanciale de bellota 100% ib\u00e9rico | FISAN\",\n\t            \"isPartOf\": {\n\t                \"@id\": \"https:\/\/www.fisan.com\/en\/#website\"\n\t            },\n\t            \"primaryImageOfPage\": {\n\t                \"@id\": \"https:\/\/www.fisan.com\/en\/shop\/guanciale-bellota-100-iberico\/#primaryimage\"\n\t            },\n\t            \"image\": {\n\t                \"@id\": \"https:\/\/www.fisan.com\/en\/shop\/guanciale-bellota-100-iberico\/#primaryimage\"\n\t            },\n\t            \"thumbnailUrl\": \"https:\/\/www.fisan.com\/wp-content\/uploads\/2026\/01\/guanciale-bellota-100-iberico-ag-pe-00.jpg\",\n\t            \"datePublished\": \"2026-01-22T10:00:56+00:00\",\n\t            \"dateModified\": \"2026-01-23T13:00:29+00:00\",\n\t            \"description\": \"Visita la tienda de FISAN y disfruta al m\u00e1ximo del Guanciale de bellota ib\u00e9rico 100% Alta Gastronom\u00eda. Perfecto para tus platos.\",\n\t            \"breadcrumb\": {\n\t                \"@id\": \"https:\/\/www.fisan.com\/en\/shop\/guanciale-bellota-100-iberico\/#breadcrumb\"\n\t            },\n\t            \"inLanguage\": \"en-GB\",\n\t            \"potentialAction\": [\n\t                {\n\t                    \"@type\": \"ReadAction\",\n\t                    \"target\": [\n\t                        \"https:\/\/www.fisan.com\/en\/shop\/guanciale-bellota-100-iberico\/\"\n\t                    ]\n\t                }\n\t            ]\n\t        },\n\t        {\n\t            \"@type\": \"ImageObject\",\n\t            \"inLanguage\": \"en-GB\",\n\t            \"@id\": \"https:\/\/www.fisan.com\/en\/shop\/guanciale-bellota-100-iberico\/#primaryimage\",\n\t            \"url\": \"https:\/\/www.fisan.com\/wp-content\/uploads\/2026\/01\/guanciale-bellota-100-iberico-ag-pe-00.jpg\",\n\t            \"contentUrl\": \"https:\/\/www.fisan.com\/wp-content\/uploads\/2026\/01\/guanciale-bellota-100-iberico-ag-pe-00.jpg\",\n\t            \"width\": 1200,\n\t            \"height\": 2400,\n\t            \"caption\": \"Guanciale bellota 100 iberico\"\n\t        },\n\t        {\n\t            \"@type\": \"BreadcrumbList\",\n\t            \"@id\": \"https:\/\/www.fisan.com\/en\/shop\/guanciale-bellota-100-iberico\/#breadcrumb\",\n\t            \"itemListElement\": [\n\t                {\n\t                    \"@type\": \"ListItem\",\n\t                    \"position\": 1,\n\t                    \"name\": \"FISAN\",\n\t                    \"item\": \"https:\/\/www.fisan.com\/en\/\"\n\t                },\n\t                {\n\t                    \"@type\": \"ListItem\",\n\t                    \"position\": 2,\n\t                    \"name\": \"Products\",\n\t                    \"item\": \"https:\/\/www.fisan.com\/en\/products\/\"\n\t                },\n\t                {\n\t                    \"@type\": \"ListItem\",\n\t                    \"position\": 3,\n\t                    \"name\": \"100% Ib\u00e9rico Bellota Guanciale Alta Gastronom\u00eda\"\n\t                }\n\t            ]\n\t        },\n\t        {\n\t            \"@type\": \"WebSite\",\n\t            \"@id\": \"https:\/\/www.fisan.com\/en\/#website\",\n\t            \"url\": \"https:\/\/www.fisan.com\/en\/\",\n\t            \"name\": \"FISAN\",\n\t            \"description\": \"FISAN | Jamones de bellota ib\u00e9rico y embutidos ib\u00e9ricos desde 1920\",\n\t            \"potentialAction\": [\n\t                {\n\t                    \"@type\": \"SearchAction\",\n\t                    \"target\": {\n\t                        \"@type\": \"EntryPoint\",\n\t                        \"urlTemplate\": \"https:\/\/www.fisan.com\/en\/?s={search_term_string}\"\n\t                    },\n\t                    \"query-input\": {\n\t                        \"@type\": \"PropertyValueSpecification\",\n\t                        \"valueRequired\": true,\n\t                        \"valueName\": \"search_term_string\"\n\t                    }\n\t                }\n\t            ],\n\t            \"inLanguage\": \"en-GB\"\n\t        }\n\t    ]\n\t}<\/script>\n<meta property=\"og:availability\" content=\"instock\" \/>\n<meta property=\"product:availability\" content=\"instock\" \/>\n<meta property=\"product:retailer_item_id\" content=\"fu-bi100-1\" \/>\n<meta property=\"product:condition\" content=\"new\" \/>\n<!-- \/ Yoast SEO plugin. -->","yoast_head_json":{"title":"Guanciale de bellota 100% ib\u00e9rico | FISAN","description":"Visita la tienda de FISAN y disfruta al m\u00e1ximo del Guanciale de bellota ib\u00e9rico 100% Alta Gastronom\u00eda. Perfecto para tus platos.","robots":{"index":"index","follow":"follow","max-snippet":"max-snippet:-1","max-image-preview":"max-image-preview:large","max-video-preview":"max-video-preview:-1"},"canonical":"https:\/\/www.fisan.com\/en\/shop\/guanciale-bellota-100-iberico\/","og_locale":"en_GB","og_type":"article","og_title":"Guanciale de bellota 100% ib\u00e9rico | FISAN","og_description":"Visita la tienda de FISAN y disfruta al m\u00e1ximo del Guanciale de bellota ib\u00e9rico 100% Alta Gastronom\u00eda. Perfecto para tus platos.","og_url":"https:\/\/www.fisan.com\/en\/shop\/guanciale-bellota-100-iberico\/","og_site_name":"FISAN","article_modified_time":"2026-01-23T13:00:29+00:00","og_image":[{"width":1200,"height":2400,"url":"https:\/\/www.fisan.com\/wp-content\/uploads\/2026\/01\/guanciale-bellota-100-iberico-ag-pe-00.jpg","type":"image\/jpeg"}],"twitter_card":"summary_large_image","twitter_misc":{"Availability":"In stock"},"schema":{"@context":"https:\/\/schema.org","@graph":[{"@type":"WebPage","@id":"https:\/\/www.fisan.com\/en\/shop\/guanciale-bellota-100-iberico\/","url":"https:\/\/www.fisan.com\/en\/shop\/guanciale-bellota-100-iberico\/","name":"Guanciale de bellota 100% ib\u00e9rico | FISAN","isPartOf":{"@id":"https:\/\/www.fisan.com\/en\/#website"},"primaryImageOfPage":{"@id":"https:\/\/www.fisan.com\/en\/shop\/guanciale-bellota-100-iberico\/#primaryimage"},"image":{"@id":"https:\/\/www.fisan.com\/en\/shop\/guanciale-bellota-100-iberico\/#primaryimage"},"thumbnailUrl":"https:\/\/www.fisan.com\/wp-content\/uploads\/2026\/01\/guanciale-bellota-100-iberico-ag-pe-00.jpg","datePublished":"2026-01-22T10:00:56+00:00","dateModified":"2026-01-23T13:00:29+00:00","description":"Visita la tienda de FISAN y disfruta al m\u00e1ximo del Guanciale de bellota ib\u00e9rico 100% Alta Gastronom\u00eda. Perfecto para tus platos.","breadcrumb":{"@id":"https:\/\/www.fisan.com\/en\/shop\/guanciale-bellota-100-iberico\/#breadcrumb"},"inLanguage":"en-GB","potentialAction":[{"@type":"ReadAction","target":["https:\/\/www.fisan.com\/en\/shop\/guanciale-bellota-100-iberico\/"]}]},{"@type":"ImageObject","inLanguage":"en-GB","@id":"https:\/\/www.fisan.com\/en\/shop\/guanciale-bellota-100-iberico\/#primaryimage","url":"https:\/\/www.fisan.com\/wp-content\/uploads\/2026\/01\/guanciale-bellota-100-iberico-ag-pe-00.jpg","contentUrl":"https:\/\/www.fisan.com\/wp-content\/uploads\/2026\/01\/guanciale-bellota-100-iberico-ag-pe-00.jpg","width":1200,"height":2400,"caption":"Guanciale bellota 100 iberico"},{"@type":"BreadcrumbList","@id":"https:\/\/www.fisan.com\/en\/shop\/guanciale-bellota-100-iberico\/#breadcrumb","itemListElement":[{"@type":"ListItem","position":1,"name":"FISAN","item":"https:\/\/www.fisan.com\/en\/"},{"@type":"ListItem","position":2,"name":"Products","item":"https:\/\/www.fisan.com\/en\/products\/"},{"@type":"ListItem","position":3,"name":"100% Ib\u00e9rico Bellota Guanciale Alta Gastronom\u00eda"}]},{"@type":"WebSite","@id":"https:\/\/www.fisan.com\/en\/#website","url":"https:\/\/www.fisan.com\/en\/","name":"FISAN","description":"FISAN | Jamones de bellota ib\u00e9rico y embutidos ib\u00e9ricos desde 1920","potentialAction":[{"@type":"SearchAction","target":{"@type":"EntryPoint","urlTemplate":"https:\/\/www.fisan.com\/en\/?s={search_term_string}"},"query-input":{"@type":"PropertyValueSpecification","valueRequired":true,"valueName":"search_term_string"}}],"inLanguage":"en-GB"}]},"og_availability":"instock","product_availability":"instock","product_retailer_item_id":"fu-bi100-1","product_condition":"new"},"_links":{"self":[{"href":"https:\/\/www.fisan.com\/en\/wp-json\/wp\/v2\/product\/60552","targetHints":{"allow":["GET"]}}],"collection":[{"href":"https:\/\/www.fisan.com\/en\/wp-json\/wp\/v2\/product"}],"about":[{"href":"https:\/\/www.fisan.com\/en\/wp-json\/wp\/v2\/types\/product"}],"version-history":[{"count":5,"href":"https:\/\/www.fisan.com\/en\/wp-json\/wp\/v2\/product\/60552\/revisions"}],"predecessor-version":[{"id":60719,"href":"https:\/\/www.fisan.com\/en\/wp-json\/wp\/v2\/product\/60552\/revisions\/60719"}],"wp:featuredmedia":[{"embeddable":true,"href":"https:\/\/www.fisan.com\/en\/wp-json\/wp\/v2\/media\/60574"}],"wp:attachment":[{"href":"https:\/\/www.fisan.com\/en\/wp-json\/wp\/v2\/media?parent=60552"}],"wp:term":[{"taxonomy":"product_brand","embeddable":true,"href":"https:\/\/www.fisan.com\/en\/wp-json\/wp\/v2\/product_brand?post=60552"},{"taxonomy":"product_cat","embeddable":true,"href":"https:\/\/www.fisan.com\/en\/wp-json\/wp\/v2\/product_cat?post=60552"},{"taxonomy":"product_tag","embeddable":true,"href":"https:\/\/www.fisan.com\/en\/wp-json\/wp\/v2\/product_tag?post=60552"},{"taxonomy":"gama","embeddable":true,"href":"https:\/\/www.fisan.com\/en\/wp-json\/wp\/v2\/gama?post=60552"},{"taxonomy":"calidad","embeddable":true,"href":"https:\/\/www.fisan.com\/en\/wp-json\/wp\/v2\/calidad?post=60552"}],"curies":[{"name":"wp","href":"https:\/\/api.w.org\/{rel}","templated":true}]}}