{"id":38793,"date":"2022-09-09T11:30:20","date_gmt":"2022-09-09T09:30:20","guid":{"rendered":"https:\/\/www.fisan.com\/avertissement-legal\/"},"modified":"2023-05-22T13:41:42","modified_gmt":"2023-05-22T11:41:42","slug":"avertissement-legal","status":"publish","type":"page","link":"https:\/\/www.fisan.com\/fr\/avertissement-legal\/","title":{"rendered":"Avertissement l\u00e9gal"},"content":{"rendered":"\t\t<div data-elementor-type=\"wp-page\" data-elementor-id=\"38793\" class=\"elementor elementor-38793 elementor-3637\" data-elementor-post-type=\"page\">\n\t\t\t\t\t\t<section class=\"elementor-section elementor-top-section elementor-element elementor-element-4a0c955 elementor-section-full_width elementor-section-height-default elementor-section-height-default\" data-id=\"4a0c955\" data-element_type=\"section\" data-settings=\"{&quot;background_background&quot;:&quot;classic&quot;}\">\n\t\t\t\t\t\t<div class=\"elementor-container elementor-column-gap-default\">\n\t\t\t\t\t<div class=\"elementor-column elementor-col-100 elementor-top-column elementor-element elementor-element-ae1b484\" data-id=\"ae1b484\" data-element_type=\"column\">\n\t\t\t<div class=\"elementor-widget-wrap elementor-element-populated\">\n\t\t\t\t\t\t<div class=\"elementor-element elementor-element-ce163e5 elementor-widget elementor-widget-breadcrumbs\" data-id=\"ce163e5\" data-element_type=\"widget\" data-widget_type=\"breadcrumbs.default\">\n\t\t\t\t<div class=\"elementor-widget-container\">\n\t\t\t\t\t<p id=\"breadcrumbs\"><span><span><a href=\"https:\/\/www.fisan.com\/fr\/\">FISAN<\/a><\/span><\/span><\/p>\t\t\t\t<\/div>\n\t\t\t\t<\/div>\n\t\t\t\t\t<\/div>\n\t\t<\/div>\n\t\t\t\t\t<\/div>\n\t\t<\/section>\n\t\t\t\t<section class=\"elementor-section elementor-top-section elementor-element elementor-element-46d2362a elementor-section-boxed elementor-section-height-default elementor-section-height-default\" data-id=\"46d2362a\" data-element_type=\"section\">\n\t\t\t\t\t\t<div class=\"elementor-container elementor-column-gap-default\">\n\t\t\t\t\t<div class=\"elementor-column elementor-col-100 elementor-top-column elementor-element elementor-element-376e2e1b\" data-id=\"376e2e1b\" data-element_type=\"column\">\n\t\t\t<div class=\"elementor-widget-wrap elementor-element-populated\">\n\t\t\t\t\t\t<div class=\"elementor-element elementor-element-4b4b327e elementor-widget elementor-widget-text-editor\" data-id=\"4b4b327e\" data-element_type=\"widget\" data-widget_type=\"text-editor.default\">\n\t\t\t\t<div class=\"elementor-widget-container\">\n\t\t\t\t\t\t\t\t\t<h1>Avertissement l\u00e9gal<\/h1>\n<p align=\"justify\">Conform\u00e9ment \u00e0 l&rsquo;obligation d&rsquo;information contenue dans l&rsquo;article 10 de la loi 34\/2002 du 11 juillet sur les services de la soci\u00e9t\u00e9 de l&rsquo;information et du commerce \u00e9lectronique, nous vous informons que le site Web et le portail Internet www.fisan .com (ci-apr\u00e8s, \u00a0\u00bb le site Web\u00a0\u00bb) appartient \u00e0 FLORENCIO SANCHEZ E HIJOS, SL, dont le si\u00e8ge social est situ\u00e9 C\/ Filiberto Villalobos, 109, 3\u00ba A avec CIF n\u00ba B37357654. La pr\u00e9sente notice l\u00e9gale r\u00e9git les conditions d&rsquo;utilisation du portail Internet susmentionn\u00e9.<\/p>\n<h3>Droit applicable et juridiction<\/h3>\n<p align=\"justify\">En g\u00e9n\u00e9ral, les relations entre FLORENCIO SANCHEZ E HIJOS, SL et les utilisateurs de ses services t\u00e9l\u00e9matiques, pr\u00e9sents sur le web, sont soumises \u00e0 la l\u00e9gislation et \u00e0 la juridiction espagnoles.<\/p>\n<p align=\"justify\">Les parties renoncent express\u00e9ment \u00e0 la juridiction qui pourrait leur correspondre et se soumettent express\u00e9ment aux Cours et Tribunaux de Salamanque pour r\u00e9soudre toute controverse pouvant survenir dans l&rsquo;interpr\u00e9tation ou l&rsquo;ex\u00e9cution des pr\u00e9sentes conditions contractuelles.<\/p>\n<h3 class=\"blue\">\u00c0 propos de FISAN<\/h3>\n<p align=\"justify\">Florencio S\u00e1nchez e Hijos S.L, (FISAN) est une entreprise d\u00e9di\u00e9e \u00e0 la production et \u00e0 la vente de produits de porc ib\u00e9rique au public. FISAN poss\u00e8de son propre abattoir dans ses installations de Campillo de Salvatierra, district de Guijuelo, o\u00f9 commence le processus de production de ses jambons et saucissons ib\u00e9riques. En eux, il dispose \u00e9galement de plus de 15 000 m\u00e8tres carr\u00e9s d\u00e9di\u00e9s aux caves et aux s\u00e9choirs o\u00f9 ses produits m\u00fbrissent et sont s\u00e9ch\u00e9s naturellement. La gamme de produits FISAN comprend du jambon, de l&rsquo;\u00e9paule, de la longe, du chorizo, du salchich\u00f3n, du lomo de presa, des longanizas et du morc\u00f3n de bellota ainsi qu&rsquo;une vaste production d&rsquo;autres produits obtenus \u00e0 partir de l&rsquo;utilisation du porc ib\u00e9rique.<\/p>\n<h3 class=\"blue\">Acceptation par l&rsquo;utilisateur<\/h3>\n<p align=\"justify\">Les pr\u00e9sentes mentions l\u00e9gales r\u00e9glementent l&rsquo;acc\u00e8s et l&rsquo;utilisation du site Web que FLORENCIO SANCHEZ E HIJOS, SL met \u00e0 la disposition des internautes. La personne qui acc\u00e8de, navigue, utilise ou participe aux services et activit\u00e9s du site Web est consid\u00e9r\u00e9e comme un utilisateur.<\/p>\n<p align=\"justify\">L&rsquo;utilisateur est inform\u00e9 et accepte que l&rsquo;acc\u00e8s \u00e0 ce site n&rsquo;implique en aucun cas le d\u00e9but d&rsquo;une relation commerciale avec FLORENCIO SANCHEZ E HIJOS, SL.<\/p>\n<p align=\"justify\">L&rsquo;acc\u00e8s et la navigation sur le site par l&rsquo;utilisateur impliquent l&rsquo;acceptation de l&rsquo;int\u00e9gralit\u00e9 des pr\u00e9sentes Conditions d&rsquo;Utilisation. En cas de d\u00e9saccord avec les conditions, vous devez vous abstenir d&rsquo;utiliser le site Web.<\/p>\n<h3 class=\"blue\">l&rsquo;acc\u00e8s \u00e0 Internet<\/h3>\n<p align=\"justify\">L&rsquo;acc\u00e8s au site Web par les utilisateurs est gratuit.<\/p>\n<p align=\"justify\">S&rsquo;il est n\u00e9cessaire pour l&rsquo;utilisateur de fournir des donn\u00e9es personnelles pour acc\u00e9der \u00e0 l&rsquo;un des services, la collecte et le traitement des donn\u00e9es seront effectu\u00e9s conform\u00e9ment \u00e0 la r\u00e9glementation en vigueur, notamment le RGPD. Pour plus d&rsquo;informations, consultez notre politique de confidentialit\u00e9 :&nbsp;<a href=\"https:\/\/www.fisan.com\/politica-de-privacidad\/\">https:\/\/www.fisan.com\/politica-de-privacidad<\/a><\/p>\n<h3 class=\"blue\">Contenu et utilisation<\/h3>\n<p align=\"justify\">La visite du site Web par l&rsquo;utilisateur doit \u00eatre effectu\u00e9e de mani\u00e8re responsable et conform\u00e9ment \u00e0 la l\u00e9gislation en vigueur, de bonne foi, aux pr\u00e9sentes mentions l\u00e9gales et dans le respect des droits de propri\u00e9t\u00e9 intellectuelle et industrielle d\u00e9tenus par FLORENCIO SANCHEZ E HIJOS, SL ou toute autre personne physique ou morale.<\/p>\n<p align=\"justify\">L&rsquo;utilisation de tout contenu du site Web \u00e0 des fins qui sont ou pourraient \u00eatre ill\u00e9gales est totalement interdite, de m\u00eame que l&rsquo;ex\u00e9cution de toute action qui cause ou peut causer des dommages ou des alt\u00e9rations de toute nature sans le consentement de FLORENCIO SANCHEZ E HIJOS, SL , au site Web ou \u00e0 son contenu.<\/p>\n<p align=\"justify\">Le propri\u00e9taire du site Web ne s&rsquo;identifie pas aux opinions qui y sont exprim\u00e9es par ses collaborateurs. La soci\u00e9t\u00e9 se r\u00e9serve le droit d&rsquo;apporter les modifications qu&rsquo;elle juge appropri\u00e9es sur son site Web sans pr\u00e9avis, pouvant modifier, supprimer ou ajouter \u00e0 la fois le contenu et les services fournis par son interm\u00e9diaire et la mani\u00e8re dont ils sont pr\u00e9sent\u00e9s ou localis\u00e9s sur leurs serveurs.<\/p>\n<h3>Propri\u00e9t\u00e9 intellectuelle et industrielle<\/h3>\n<p align=\"justify\">Les droits de propri\u00e9t\u00e9 intellectuelle du contenu des pages Web, leur conception graphique et leurs codes sont la propri\u00e9t\u00e9 de FLORENCIO SANCHEZ E HIJOS, SL et, par cons\u00e9quent, leur reproduction, distribution, communication publique, transformation ou toute autre activit\u00e9 r\u00e9alis\u00e9e avec le contenu de le site Web, m\u00eame pas, m\u00eame si les sources sont cit\u00e9es, sauf avec le consentement pr\u00e9alable, expr\u00e8s et \u00e9crit de FLORENCIO SANCHEZ E HIJOS, SL. Tous les noms commerciaux, marques ou signes diff\u00e9rents de toute nature contenus dans les pages Web de la soci\u00e9t\u00e9 sont la propri\u00e9t\u00e9 de leurs propri\u00e9taires et sont prot\u00e9g\u00e9s par la loi.<\/p>\n<p align=\"justify\">FLORENCIO SANCHEZ E HIJOS, SL n&rsquo;accorde aucune licence ou autorisation d&rsquo;utilisation de quelque nature que ce soit sur ses droits de propri\u00e9t\u00e9 intellectuelle et industrielle ou sur toute autre propri\u00e9t\u00e9 ou droit li\u00e9 au site Web, et en aucun cas il ne sera entendu que l&rsquo;acc\u00e8s et la navigation des utilisateurs implique une renonciation, une transmission, une licence ou une cession totale ou partielle desdits droits par FLORENCIO SANCHEZ E HIJOS, SL.<\/p>\n<p align=\"justify\">Toute utilisation de ces contenus non pr\u00e9alablement autoris\u00e9e par FLORENCIO SANCHEZ E HIJOS, SL sera consid\u00e9r\u00e9e comme une violation grave des droits de propri\u00e9t\u00e9 intellectuelle ou industrielle et donnera lieu aux responsabilit\u00e9s l\u00e9galement \u00e9tablies. FLORENCIO SANCHEZ E HIJOS, SL se r\u00e9serve le droit d&rsquo;exercer les actions judiciaires et extrajudiciaires correspondantes contre l&rsquo;utilisateur.<\/p>\n<h3>Responsabilit\u00e9 et garanties<\/h3>\n<p align=\"justify\">FLORENCIO SANCHEZ E HIJOS, SL d\u00e9clare avoir adopt\u00e9 les mesures n\u00e9cessaires qui, dans la mesure de ses possibilit\u00e9s et de l&rsquo;\u00e9tat de la technologie, permettent le bon fonctionnement de son site Web ainsi que l&rsquo;absence de virus et de composants nuisibles. Toutefois, FLORENCIO SANCHEZ E HIJOS, SL ne peut \u00eatre tenu responsable des situations suivantes, \u00e9num\u00e9r\u00e9es \u00e0 titre d&rsquo;exemple mais non limitatif :<\/p>\n<ul>\n<li>La continuit\u00e9 et la disponibilit\u00e9 du Contenu.<\/li>\n<li>L&rsquo;absence d&rsquo;erreurs dans ledit Contenu ou la correction de tout d\u00e9faut pouvant survenir.<\/li>\n<li>L&rsquo;absence de virus et\/ou d&rsquo;autres composants nuisibles.<\/li>\n<li>Les dommages ou pertes caus\u00e9s par toute personne qui viole les syst\u00e8mes de s\u00e9curit\u00e9 de FLORENCIO SANCHEZ E HIJOS, SL.<\/li>\n<li>L&rsquo;utilisation que les utilisateurs peuvent faire des contenus inclus dans le site Web. Par cons\u00e9quent, FLORENCIO SANCHEZ E HIJOS, SL ne garantit pas que l&rsquo;utilisation que les utilisateurs peuvent faire du contenu inclus sur le site Web, le cas \u00e9ch\u00e9ant, est conforme \u00e0 la pr\u00e9sente notice l\u00e9gale, ni que l&rsquo;utilisation du site Web est effectu\u00e9e de mani\u00e8re diligente.<\/li>\n<li>L&rsquo;utilisation par des mineurs du site ou l&rsquo;envoi de leurs donn\u00e9es personnelles sans l&rsquo;autorisation de leurs tuteurs, les tuteurs \u00e9tant responsables de l&rsquo;usage qu&rsquo;ils font d&rsquo;Internet.<\/li>\n<li>Le contenu auquel l&rsquo;utilisateur peut acc\u00e9der via des liens non autoris\u00e9s ou introduit par les utilisateurs via des commentaires ou des outils similaires.<\/li>\n<li>L&rsquo;introduction de donn\u00e9es erron\u00e9es par l&rsquo;utilisateur ou un tiers.<\/li>\n<\/ul>\n<p align=\"justify\">FLORENCIO SANCHEZ E HIJOS, SL peut suspendre temporairement l&rsquo;acc\u00e8s au site Web sans pr\u00e9avis pour des op\u00e9rations de maintenance, de r\u00e9paration, de mise \u00e0 jour ou d&rsquo;am\u00e9lioration. Cependant, chaque fois que les circonstances le permettent, FLORENCIO SANCHEZ E HIJOS, SL informera l&rsquo;utilisateur, suffisamment \u00e0 l&rsquo;avance, de la date pr\u00e9vue pour la suspension du contenu.<\/p>\n<p align=\"justify\">Aussi, conform\u00e9ment aux art. 11 et 16 de la loi 34\/2002 du 11 juillet sur les services de la soci\u00e9t\u00e9 de l&rsquo;information et du commerce \u00e9lectronique (LSSICE), FLORENCIO SANCHEZ E HIJOS, SL s&rsquo;engage \u00e0 \u00e9liminer ou, le cas \u00e9ch\u00e9ant, \u00e0 bloquer les contenus qui pourraient affecter ou \u00eatre contraires \u00e0 la l\u00e9gislation en vigueur, les droits des tiers ou les bonnes m\u0153urs et l&rsquo;ordre public.<\/p>\n<h3>Cookies<\/h3>\n<p align=\"justify\">FLORENCIO SANCHEZ E HIJOS, SL utilise des cookies dans le but d&rsquo;optimiser et de personnaliser votre navigation sur le site. Les cookies sont des fichiers d&rsquo;informations physiques qui sont stock\u00e9s dans le propre terminal de l&rsquo;utilisateur, les informations collect\u00e9es via les cookies servent \u00e0 faciliter la navigation de l&rsquo;utilisateur sur le portail et \u00e0 optimiser l&rsquo;exp\u00e9rience de navigation. Les donn\u00e9es collect\u00e9es par le biais des cookies peuvent \u00eatre partag\u00e9es avec leurs cr\u00e9ateurs, mais en aucun cas les informations obtenues par ceux-ci ne seront associ\u00e9es \u00e0 des donn\u00e9es personnelles ou \u00e0 des donn\u00e9es permettant d&rsquo;identifier l&rsquo;utilisateur.<\/p>\n<p align=\"justify\">Toutefois, si l&rsquo;utilisateur ne souhaite pas que des cookies soient install\u00e9s sur son disque dur, il a la possibilit\u00e9 de configurer le navigateur de mani\u00e8re \u00e0 ce qu&rsquo;il emp\u00eache l&rsquo;installation de ces fichiers ou s\u00e9lectionne uniquement les options qui lui sont pr\u00e9f\u00e9r\u00e9es. Pour plus d&rsquo;informations, consultez notre Politique relative aux cookies.&nbsp;<a href=\"https:\/\/www.fisan.com\/politica-de-cookies\/\">https:\/\/www.fisan.com\/politica-de-cookies<\/a><\/p>\n<h3 class=\"blue\">Liens (links)<\/h3>\n<p align=\"justify\">La pr\u00e9sence de liens (links) sur le site FLORENCIO SANCHEZ E HIJOS, SL vers d&rsquo;autres sites Internet est uniquement \u00e0 titre informatif et n&rsquo;implique en aucun cas une suggestion, une invitation ou une recommandation \u00e0 leur sujet. FLORENCIO SANCHEZ E HIJOS, SL n&rsquo;assumera aucune responsabilit\u00e9 pour le contenu d&rsquo;un lien appartenant \u00e0 un site Web tiers, ni ne garantira sa fiabilit\u00e9, son exactitude, son \u00e9tendue, sa v\u00e9racit\u00e9, sa validit\u00e9 et sa disponibilit\u00e9 technique.<\/p>\n<p align=\"justify\">Dans le cas o\u00f9 des liens vers le site Web de FLORENCIO SANCHEZ E HIJOS, SL sont \u00e9tablis sur d&rsquo;autres sites Web, il ne sera pas entendu que FLORENCIO SANCHEZ E HIJOS, SL a autoris\u00e9 le lien ou le contenu du site Web dans lequel le contenu est contenu. , aucun contenu inappropri\u00e9, diffamatoire, ill\u00e9gal, obsc\u00e8ne ou ill\u00e9gal ne peut \u00eatre inclus sur la page li\u00e9e, ni aucun autre contenu contraire \u00e0 la l\u00e9gislation en vigueur.<\/p>\n<p align=\"justify\">FLORENCIO SANCHEZ E HIJOS, SL se r\u00e9serve le droit de contacter le propri\u00e9taire du site Web sur lequel le lien est \u00e9tabli s&rsquo;il estime que la r\u00e9glementation n&rsquo;est pas respect\u00e9e, ainsi que d&rsquo;exercer les actions judiciaires et extrajudiciaires correspondantes.<\/p>\n<h3 class=\"blue\">Modification des conditions<\/h3>\n<p align=\"justify\">FLORENCIO SANCHEZ E HIJOS, SL se r\u00e9serve express\u00e9ment le droit de modifier unilat\u00e9ralement, totalement ou partiellement, sans pr\u00e9avis, le pr\u00e9sent avis l\u00e9gal. L&rsquo;utilisateur reconna\u00eet et accepte qu&rsquo;il est de sa responsabilit\u00e9 de consulter p\u00e9riodiquement les pr\u00e9sentes mentions l\u00e9gales.<\/p>\t\t\t\t\t\t\t\t<\/div>\n\t\t\t\t<\/div>\n\t\t\t\t\t<\/div>\n\t\t<\/div>\n\t\t\t\t\t<\/div>\n\t\t<\/section>\n\t\t\t\t<\/div>\n\t\t","protected":false},"excerpt":{"rendered":"<p>Avertissement l\u00e9gal Conform\u00e9ment \u00e0 l&rsquo;obligation d&rsquo;information contenue dans l&rsquo;article 10 de la loi 34\/2002 du 11 juillet sur les services de la soci\u00e9t\u00e9 de l&rsquo;information et du commerce \u00e9lectronique, nous vous informons que le site Web et le portail Internet www.fisan .com (ci-apr\u00e8s, \u00a0\u00bb le site Web\u00a0\u00bb) appartient \u00e0 FLORENCIO SANCHEZ E HIJOS, SL, dont &#8230; <a title=\"Avertissement l\u00e9gal\" class=\"read-more\" href=\"https:\/\/www.fisan.com\/fr\/avertissement-legal\/\" aria-label=\"En savoir plus sur Avertissement l\u00e9gal\">Lire la suite<\/a><\/p>\n","protected":false},"author":1,"featured_media":0,"parent":0,"menu_order":99,"comment_status":"closed","ping_status":"closed","template":"","meta":{"_acf_changed":false,"footnotes":"","_wp_rev_ctl_limit":""},"class_list":["post-38793","page","type-page","status-publish"],"acf":[],"yoast_head":"<!-- This site is optimized with the Yoast SEO plugin v25.4 - https:\/\/yoast.com\/wordpress\/plugins\/seo\/ -->\n<title>Avertissement l\u00e9gal | FISAN<\/title>\n<meta name=\"robots\" content=\"noindex, nofollow\" \/>\n<meta property=\"og:locale\" content=\"fr_FR\" \/>\n<meta property=\"og:type\" content=\"article\" \/>\n<meta property=\"og:title\" content=\"Avertissement l\u00e9gal | FISAN\" \/>\n<meta property=\"og:description\" content=\"Avertissement l\u00e9gal Conform\u00e9ment \u00e0 l&rsquo;obligation d&rsquo;information contenue dans l&rsquo;article 10 de la loi 34\/2002 du 11 juillet sur les services de la soci\u00e9t\u00e9 de l&rsquo;information et du commerce \u00e9lectronique, nous vous informons que le site Web et le portail Internet www.fisan .com (ci-apr\u00e8s, \u00a0\u00bb le site Web\u00a0\u00bb) appartient \u00e0 FLORENCIO SANCHEZ E HIJOS, SL, dont ... Lire la suite\" \/>\n<meta property=\"og:url\" content=\"https:\/\/www.fisan.com\/fr\/avertissement-legal\/\" \/>\n<meta property=\"og:site_name\" content=\"FISAN\" \/>\n<meta property=\"article:modified_time\" content=\"2023-05-22T11:41:42+00:00\" \/>\n<meta name=\"twitter:card\" content=\"summary_large_image\" \/>\n<meta name=\"twitter:label1\" content=\"Dur\u00e9e de lecture estim\u00e9e\" \/>\n\t<meta name=\"twitter:data1\" content=\"9 minutes\" \/>\n<script type=\"application\/ld+json\" class=\"yoast-schema-graph\">{\n\t    \"@context\": \"https:\/\/schema.org\",\n\t    \"@graph\": [\n\t        {\n\t            \"@type\": \"WebPage\",\n\t            \"@id\": \"https:\/\/www.fisan.com\/fr\/avertissement-legal\/\",\n\t            \"url\": \"https:\/\/www.fisan.com\/fr\/avertissement-legal\/\",\n\t            \"name\": \"Avertissement l\u00e9gal | FISAN\",\n\t            \"isPartOf\": {\n\t                \"@id\": \"https:\/\/www.fisan.com\/fr\/#website\"\n\t            },\n\t            \"datePublished\": \"2022-09-09T09:30:20+00:00\",\n\t            \"dateModified\": \"2023-05-22T11:41:42+00:00\",\n\t            \"breadcrumb\": {\n\t                \"@id\": \"https:\/\/www.fisan.com\/fr\/avertissement-legal\/#breadcrumb\"\n\t            },\n\t            \"inLanguage\": \"fr-FR\",\n\t            \"potentialAction\": [\n\t                {\n\t                    \"@type\": \"ReadAction\",\n\t                    \"target\": [\n\t                        \"https:\/\/www.fisan.com\/fr\/avertissement-legal\/\"\n\t                    ]\n\t                }\n\t            ]\n\t        },\n\t        {\n\t            \"@type\": \"BreadcrumbList\",\n\t            \"@id\": \"https:\/\/www.fisan.com\/fr\/avertissement-legal\/#breadcrumb\",\n\t            \"itemListElement\": [\n\t                {\n\t                    \"@type\": \"ListItem\",\n\t                    \"position\": 1,\n\t                    \"name\": \"FISAN\",\n\t                    \"item\": \"https:\/\/www.fisan.com\/fr\/\"\n\t                },\n\t                {\n\t                    \"@type\": \"ListItem\",\n\t                    \"position\": 2,\n\t                    \"name\": \"Avertissement l\u00e9gal\"\n\t                }\n\t            ]\n\t        },\n\t        {\n\t            \"@type\": \"WebSite\",\n\t            \"@id\": \"https:\/\/www.fisan.com\/fr\/#website\",\n\t            \"url\": \"https:\/\/www.fisan.com\/fr\/\",\n\t            \"name\": \"FISAN\",\n\t            \"description\": \"FISAN | Jamones de bellota ib\u00e9rico y embutidos ib\u00e9ricos desde 1920\",\n\t            \"potentialAction\": [\n\t                {\n\t                    \"@type\": \"SearchAction\",\n\t                    \"target\": {\n\t                        \"@type\": \"EntryPoint\",\n\t                        \"urlTemplate\": \"https:\/\/www.fisan.com\/fr\/?s={search_term_string}\"\n\t                    },\n\t                    \"query-input\": {\n\t                        \"@type\": \"PropertyValueSpecification\",\n\t                        \"valueRequired\": true,\n\t                        \"valueName\": \"search_term_string\"\n\t                    }\n\t                }\n\t            ],\n\t            \"inLanguage\": \"fr-FR\"\n\t        }\n\t    ]\n\t}<\/script>\n<!-- \/ Yoast SEO plugin. -->","yoast_head_json":{"title":"Avertissement l\u00e9gal | FISAN","robots":{"index":"noindex","follow":"nofollow"},"og_locale":"fr_FR","og_type":"article","og_title":"Avertissement l\u00e9gal | FISAN","og_description":"Avertissement l\u00e9gal Conform\u00e9ment \u00e0 l&rsquo;obligation d&rsquo;information contenue dans l&rsquo;article 10 de la loi 34\/2002 du 11 juillet sur les services de la soci\u00e9t\u00e9 de l&rsquo;information et du commerce \u00e9lectronique, nous vous informons que le site Web et le portail Internet www.fisan .com (ci-apr\u00e8s, \u00a0\u00bb le site Web\u00a0\u00bb) appartient \u00e0 FLORENCIO SANCHEZ E HIJOS, SL, dont ... Lire la suite","og_url":"https:\/\/www.fisan.com\/fr\/avertissement-legal\/","og_site_name":"FISAN","article_modified_time":"2023-05-22T11:41:42+00:00","twitter_card":"summary_large_image","twitter_misc":{"Dur\u00e9e de lecture estim\u00e9e":"9 minutes"},"schema":{"@context":"https:\/\/schema.org","@graph":[{"@type":"WebPage","@id":"https:\/\/www.fisan.com\/fr\/avertissement-legal\/","url":"https:\/\/www.fisan.com\/fr\/avertissement-legal\/","name":"Avertissement l\u00e9gal | FISAN","isPartOf":{"@id":"https:\/\/www.fisan.com\/fr\/#website"},"datePublished":"2022-09-09T09:30:20+00:00","dateModified":"2023-05-22T11:41:42+00:00","breadcrumb":{"@id":"https:\/\/www.fisan.com\/fr\/avertissement-legal\/#breadcrumb"},"inLanguage":"fr-FR","potentialAction":[{"@type":"ReadAction","target":["https:\/\/www.fisan.com\/fr\/avertissement-legal\/"]}]},{"@type":"BreadcrumbList","@id":"https:\/\/www.fisan.com\/fr\/avertissement-legal\/#breadcrumb","itemListElement":[{"@type":"ListItem","position":1,"name":"FISAN","item":"https:\/\/www.fisan.com\/fr\/"},{"@type":"ListItem","position":2,"name":"Avertissement l\u00e9gal"}]},{"@type":"WebSite","@id":"https:\/\/www.fisan.com\/fr\/#website","url":"https:\/\/www.fisan.com\/fr\/","name":"FISAN","description":"FISAN | Jamones de bellota ib\u00e9rico y embutidos ib\u00e9ricos desde 1920","potentialAction":[{"@type":"SearchAction","target":{"@type":"EntryPoint","urlTemplate":"https:\/\/www.fisan.com\/fr\/?s={search_term_string}"},"query-input":{"@type":"PropertyValueSpecification","valueRequired":true,"valueName":"search_term_string"}}],"inLanguage":"fr-FR"}]}},"_links":{"self":[{"href":"https:\/\/www.fisan.com\/fr\/wp-json\/wp\/v2\/pages\/38793","targetHints":{"allow":["GET"]}}],"collection":[{"href":"https:\/\/www.fisan.com\/fr\/wp-json\/wp\/v2\/pages"}],"about":[{"href":"https:\/\/www.fisan.com\/fr\/wp-json\/wp\/v2\/types\/page"}],"author":[{"embeddable":true,"href":"https:\/\/www.fisan.com\/fr\/wp-json\/wp\/v2\/users\/1"}],"replies":[{"embeddable":true,"href":"https:\/\/www.fisan.com\/fr\/wp-json\/wp\/v2\/comments?post=38793"}],"version-history":[{"count":1,"href":"https:\/\/www.fisan.com\/fr\/wp-json\/wp\/v2\/pages\/38793\/revisions"}],"predecessor-version":[{"id":38794,"href":"https:\/\/www.fisan.com\/fr\/wp-json\/wp\/v2\/pages\/38793\/revisions\/38794"}],"wp:attachment":[{"href":"https:\/\/www.fisan.com\/fr\/wp-json\/wp\/v2\/media?parent=38793"}],"curies":[{"name":"wp","href":"https:\/\/api.w.org\/{rel}","templated":true}]}}