{"id":38803,"date":"2022-09-09T11:54:45","date_gmt":"2022-09-09T09:54:45","guid":{"rendered":"https:\/\/www.fisan.com\/politique-de-cookies\/"},"modified":"2023-05-23T11:34:40","modified_gmt":"2023-05-23T09:34:40","slug":"politique-de-cookies","status":"publish","type":"page","link":"https:\/\/www.fisan.com\/fr\/politique-de-cookies\/","title":{"rendered":"Politique de cookies"},"content":{"rendered":"\t\t<div data-elementor-type=\"wp-page\" data-elementor-id=\"38803\" class=\"elementor elementor-38803 elementor-3660\" data-elementor-post-type=\"page\">\n\t\t\t\t\t\t<section class=\"elementor-section elementor-top-section elementor-element elementor-element-7ac1859 elementor-section-full_width elementor-section-height-default elementor-section-height-default\" data-id=\"7ac1859\" data-element_type=\"section\" data-settings=\"{&quot;background_background&quot;:&quot;classic&quot;}\">\n\t\t\t\t\t\t<div class=\"elementor-container elementor-column-gap-default\">\n\t\t\t\t\t<div class=\"elementor-column elementor-col-100 elementor-top-column elementor-element elementor-element-1392787\" data-id=\"1392787\" data-element_type=\"column\">\n\t\t\t<div class=\"elementor-widget-wrap elementor-element-populated\">\n\t\t\t\t\t\t<div class=\"elementor-element elementor-element-7edafa2 elementor-widget elementor-widget-breadcrumbs\" data-id=\"7edafa2\" data-element_type=\"widget\" data-widget_type=\"breadcrumbs.default\">\n\t\t\t\t<div class=\"elementor-widget-container\">\n\t\t\t\t\t<p id=\"breadcrumbs\"><span><span><a href=\"https:\/\/www.fisan.com\/fr\/\">FISAN<\/a><\/span><\/span><\/p>\t\t\t\t<\/div>\n\t\t\t\t<\/div>\n\t\t\t\t\t<\/div>\n\t\t<\/div>\n\t\t\t\t\t<\/div>\n\t\t<\/section>\n\t\t\t\t<section class=\"elementor-section elementor-top-section elementor-element elementor-element-07f9a6b elementor-section-boxed elementor-section-height-default elementor-section-height-default\" data-id=\"07f9a6b\" data-element_type=\"section\">\n\t\t\t\t\t\t<div class=\"elementor-container elementor-column-gap-default\">\n\t\t\t\t\t<div class=\"elementor-column elementor-col-100 elementor-top-column elementor-element elementor-element-7dfa10e\" data-id=\"7dfa10e\" data-element_type=\"column\">\n\t\t\t<div class=\"elementor-widget-wrap elementor-element-populated\">\n\t\t\t\t\t\t<div class=\"elementor-element elementor-element-74fd581 elementor-widget elementor-widget-text-editor\" data-id=\"74fd581\" data-element_type=\"widget\" data-widget_type=\"text-editor.default\">\n\t\t\t\t<div class=\"elementor-widget-container\">\n\t\t\t\t\t\t\t\t\t<h1>Politique de cookies<\/h1>\n<p align=\"justify\">Conform\u00e9ment au devoir d&rsquo;information contenu dans la section 2 de l&rsquo;article 22 de la loi 34\/2002 du 11 juillet sur les services de la soci\u00e9t\u00e9 de l&rsquo;information et du commerce \u00e9lectronique, le but de cette politique de cookies est de vous informer de mani\u00e8re claire et pr\u00e9cise sur le cookies utilis\u00e9s sur le site FLORENCIO SANCHEZ E HIJOS, SL.<\/p>\n\n<h3>Que sont les cookies ?<\/h3>\n<p align=\"justify\">Un cookie est un petit fichier que les sites Web envoient \u00e0 votre navigateur et t\u00e9l\u00e9chargent sur votre ordinateur. Les cookies permettent au site Web de stocker et de r\u00e9cup\u00e9rer des informations sur votre visite, telles que votre langue pr\u00e9f\u00e9r\u00e9e et d&rsquo;autres options, afin d&rsquo;am\u00e9liorer les services offerts et de contribuer \u00e0 une meilleure exp\u00e9rience de navigation pour l&rsquo;utilisateur.<\/p>\n\n<h3>Types de cookies<\/h3>\n<p align=\"justify\">Selon qui g\u00e8re le domaine \u00e0 partir duquel les cookies sont envoy\u00e9s et les donn\u00e9es sont trait\u00e9es, une distinction sera faite entre les cookies propres et les cookies tiers.<\/p>\n<p align=\"justify\">Les cookies peuvent \u00e9galement \u00eatre class\u00e9s en fonction de la dur\u00e9e pendant laquelle ils restent stock\u00e9s dans le navigateur de l&rsquo;utilisateur, en distinguant les cookies de session ou les cookies persistants.<\/p>\n<p align=\"justify\">Enfin, selon la finalit\u00e9 pour laquelle les informations collect\u00e9es sont trait\u00e9es, les cookies peuvent \u00eatre class\u00e9s dans les cat\u00e9gories suivantes :<\/p>\n\n<ul>\n \t<li>Cookies techniques : permettent \u00e0 l&rsquo;utilisateur de naviguer sur un site Internet et d&rsquo;utiliser certains des services propos\u00e9s par celui-ci (comme, par exemple, ceux qui servent \u00e0 m\u00e9moriser les \u00e9l\u00e9ments qui composent un panier).<\/li>\n \t<li>Cookies de personnalisation : permettent \u00e0 l&rsquo;utilisateur d&rsquo;acc\u00e9der au site Web avec certaines caract\u00e9ristiques, telles que la langue.<\/li>\n \t<li>Cookies de s\u00e9curit\u00e9 : ils sont utilis\u00e9s pour emp\u00eacher ou entraver les attaques contre le site Web.<\/li>\n \t<li>Cookies de plug-in pour \u00e9changer du contenu social : dits plug-ins, qui permettent de partager du contenu sur les r\u00e9seaux sociaux.<\/li>\n \t<li>Cookies d&rsquo;analyse : permettent au responsable du traitement de surveiller le comportement de l&rsquo;utilisateur.<\/li>\n \t<li>Cookies publicitaires : permettent de g\u00e9rer les espaces publicitaires du site.<\/li>\n \t<li>Cookies publicitaires comportementaux : comme les pr\u00e9c\u00e9dents, ils sont utilis\u00e9s pour g\u00e9rer les espaces publicitaires du site en fonction des informations collect\u00e9es sur le comportement et les habitudes de l&rsquo;utilisateur, en adaptant la publicit\u00e9 au profil de l&rsquo;utilisateur.<\/li>\n \t<li>Cookies de g\u00e9olocalisation : utilis\u00e9s pour conna\u00eetre le pays o\u00f9 se trouve l&rsquo;utilisateur<\/li>\n<\/ul>\n<h3 id=\"configuracion\" class=\"blue\">Autorisation d&rsquo;utilisation des cookies<\/h3>\n<p align=\"justify\">Conform\u00e9ment \u00e0 la notice relative aux cookies qui appara\u00eet sur le site, l&rsquo;utilisateur accepte qu&rsquo;en appuyant sur le bouton \u00ab\u00a0Oui, j&rsquo;accepte\u00a0\u00bb, il consent express\u00e9ment \u00e0 l&rsquo;utilisation de cookies selon la description d\u00e9taill\u00e9e ci-dessous, sans pr\u00e9judice du fait que l&rsquo;utilisateur peut modifier la configuration de votre navigateur pour refuser l&rsquo;utilisation de cookies gr\u00e2ce \u00e0 l&rsquo;utilisation du bouton<strong>\u00ab\u00a0Refuser les cookies\u00a0\u00bb<\/strong> (\u00e0 l&rsquo;exception des cookies techniques et de s\u00e9curit\u00e9 indispensables \u00e0 la fourniture du service) ou vous pouvez les param\u00e9trer dans le lien en bas de page.<\/p>\n\n<h3>Comment modifier les param\u00e8tres des cookies<\/h3>\n<p align=\"justify\">Vous pouvez restreindre, bloquer ou supprimer les cookies de FLORENCIO SANCHEZ E HIJOS, SL ou de toute autre page Web \u00e0 l&rsquo;aide de votre navigateur.<\/p>\n<p align=\"justify\">\u00c0 partir du lien suivant, vous pouvez <a style=\"border: 1px solid #ccc; padding: 8px 10px; background: #f2f2f2;\" href=\"\/#gdpr_cookie_modal\">g\u00e9rer les cookies<\/a> sur notre site Web.<\/p>\n<p align=\"justify\"> Dans chaque navigateur, l&rsquo;op\u00e9ration est diff\u00e9rente, vous pouvez trouver comment le faire dans le menu d&rsquo;aide de votre navigateur o\u00f9 la proc\u00e9dure pour son \u00e9limination est \u00e9tablie. Pour plus d&rsquo;informations:<\/p>\n\n<ul>\n \t<li>Google Chrome:\n<a href=\"https:\/\/support.google.com\/chrome\/answer\/95647?co=GENIE.Platform%3DDesktop&amp;hl=es\" target=\"_blank\" rel=\"noopener noreferrer\">https:\/\/support.google.com\/chrome\/answer\/95647?co=GENIE.Platform%3DDesktop&amp;hl=es<\/a><\/li>\n \t<li>Mozilla Firefox:\n<a href=\"https:\/\/support.mozilla.org\/es\/kb\/habilitar-y-deshabilitar-cookies-sitios-web-rastrear-preferencias\" target=\"_blank\" rel=\"noopener noreferrer\">https:\/\/support.mozilla.org\/es\/kb\/habilitar-y-deshabilitar-cookies-sitios-web-rastrear-preferencias<\/a><\/li>\n \t<li>Safari::\n<a href=\"https:\/\/support.apple.com\/es-es\/guide\/safari\/sfri11471\/mac\" target=\"_blank\" rel=\"noopener noreferrer\">https:\/\/support.apple.com\/es-es\/guide\/safari\/sfri11471\/mac<\/a><\/li>\n \t<li>Internet Explorer:\n<a href=\"https:\/\/support.microsoft.com\/es-es\/help\/278835\/how-to-delete-cookie-files-in-internet-explorer\" target=\"_blank\" rel=\"noopener noreferrer\">https:\/\/support.microsoft.com\/es-es\/help\/278835\/how-to-delete-cookie-files-in-internet-explorer<\/a><\/li>\n<\/ul>\n<p align=\"justify\">Il est possible qu&rsquo;en d\u00e9sactivant les cookies, la page Web ne fonctionne pas correctement ou que vous ne puissiez pas acc\u00e9der \u00e0 certaines fonctions de celle-ci.<\/p>\n\n<h3>Cookies utilis\u00e9s sur le web<\/h3>\n<p align=\"justify\">Diff\u00e9rents types de cookies sont utilis\u00e9s sur le portail Web \u00e0 des fins diff\u00e9rentes, les cookies utilis\u00e9s sont \u00e9num\u00e9r\u00e9s ci-dessous :<\/p>\n\n<h3>COOKIES UTILIS\u00c9S SUR CE SITE WEB<\/h3>\n<h4 class=\"blue\">COOKIES CONTR\u00d4L\u00c9S PAR L&rsquo;\u00c9DITEUR<\/h4>\n<p align=\"justify\"><strong>technique et fonctionnel<\/strong><\/p>\n\n<table class=\"table table-striped\">\n<tbody>\n<tr>\n<td><strong>Propri\u00e9t\u00e9<\/strong><\/td>\n<td><strong>Cookie<\/strong><\/td>\n<td><strong>But<\/strong><\/td>\n<td><strong>Terme<\/strong><\/td>\n<\/tr>\n<tr>\n<td>fisan.com<\/td>\n<td>pll_language<\/td>\n<td>Identifie et stocke la langue de navigation de l&rsquo;utilisateur sur la page.<\/td>\n<td>Session<\/td>\n<\/tr>\n<tr>\n<td>fisan.com<\/td>\n<td>tk_ai<\/td>\n<td>Utilis\u00e9 comme identifiant anonyme si l&rsquo;utilisateur connect\u00e9 n&rsquo;est pas connect\u00e9 \u00e0 WordPress.com.<\/td>\n<td>Session<\/td>\n<\/tr>\n<tr>\n<td>fisan.com<\/td>\n<td>PHPSESSID<\/td>\n<td>Utilis\u00e9 par le langage de chiffrement PHP pour permettre l&rsquo;enregistrement des variables de session sur le serveur Web. Ces cookies sont essentiels au fonctionnement du site Web.<\/td>\n<td>Session<\/td>\n<\/tr>\n<tr>\n<td>fisan.com<\/td>\n<td>wfwaf-authcookie-<\/td>\n<td>Ce cookie est d\u00e9fini par le plugin de s\u00e9curit\u00e9 WordPress \u00ab Wordfence \u00bb. Il est utilis\u00e9 pour authentifier la demande de connexion de l&rsquo;utilisateur.<\/td>\n<td>1 jour<\/td>\n<\/tr>\n<\/tbody>\n<\/table>\n<p align=\"justify\"><strong>Analytique<\/strong><\/p>\n\n<table class=\"table table-striped\">\n<tbody>\n<tr>\n<td><strong>Propri\u00e9t\u00e9<\/strong><\/td>\n<td><strong>Cookie<\/strong><\/td>\n<td><strong>But<\/strong><\/td>\n<td><strong>Terme<\/strong><\/td>\n<\/tr>\n<tr>\n<td>fisan.com<\/td>\n<td>_ga<\/td>\n<td>ID utilis\u00e9 pour identifier les utilisateurs<\/td>\n<td>dans 2 ans<\/td>\n<\/tr>\n<tr>\n<td>fisan.com<\/td>\n<td>_gat<\/td>\n<td>Analytics, li\u00e9 \u00e0 Google Analytics utilis\u00e9 pour limiter le taux de requ\u00eates.<\/td>\n<td>1 minute<\/td>\n<\/tr>\n<tr>\n<td>fisan.com<\/td>\n<td>_gid<\/td>\n<td>ID utilis\u00e9 pour identifier les utilisateurs pendant 24 heures apr\u00e8s la derni\u00e8re activit\u00e9<\/td>\n<td>dans 20 heures<\/td>\n<\/tr>\n<\/tbody>\n<\/table>\n<p align=\"justify\"><strong>Publicit\u00e9<\/strong><\/p>\n\n<table class=\"table table-striped\">\n<tbody>\n<tr>\n<td><strong>Propri\u00e9t\u00e9<\/strong><\/td>\n<td><strong>Cookie<\/strong><\/td>\n<td><strong>But<\/strong><\/td>\n<td><strong>Terme<\/strong><\/td>\n<\/tr>\n<tr>\n<td>facebook.com<\/td>\n<td>datr<\/td>\n<td>Il est utilis\u00e9 pour emp\u00eacher la cr\u00e9ation de faux comptes\/spam. Le cookie DATR est associ\u00e9 \u00e0 un navigateur, et non \u00e0 des personnes individuelles.<\/td>\n<td>dans 2 ans<\/td>\n<\/tr>\n<tr>\n<td>facebook.com<\/td>\n<td>fr<\/td>\n<td>Contient un navigateur unique et un identifiant d&rsquo;utilisateur, qui est utilis\u00e9 pour la publicit\u00e9 cibl\u00e9e.<\/td>\n<td>Dans 3 mois<\/td>\n<\/tr>\n<tr>\n<td>facebook.com<\/td>\n<td>sb<\/td>\n<td>Cookies d&rsquo;identification du navigateur Facebook, d&rsquo;authentification, de marketing et autres cookies de fonctionnalit\u00e9 sp\u00e9cifiques \u00e0 Facebook.<\/td>\n<td>dans 2 ans<\/td>\n<\/tr>\n<tr>\n<td>gstatic.com<\/td>\n<td>1P_JAR<\/td>\n<td>Ces cookies sont d\u00e9finis via des vid\u00e9os YouTube int\u00e9gr\u00e9es. Ils enregistrent des donn\u00e9es statistiques anonymes sur, par exemple, le nombre de lectures de la vid\u00e9o et les param\u00e8tres utilis\u00e9s pour la lecture.<\/td>\n<td>dans 16 jours<\/td>\n<\/tr>\n<tr>\n<td>fisan.com<\/td>\n<td>_fbp<\/td>\n<td>Utilis\u00e9 par Facebook pour proposer une s\u00e9rie de produits tels que de la publicit\u00e9, des offres en temps r\u00e9el d&rsquo;annonceurs tiers<\/td>\n<td>Dans 3 mois<\/td>\n<\/tr>\n<\/tbody>\n<\/table>\n<h4>COOKIES TIERS<\/h4>\nLes services tiers \u00e9chappent au contr\u00f4le de l&rsquo;\u00e9diteur. Les prestataires peuvent modifier \u00e0 tout moment leurs conditions de service, finalit\u00e9 et utilisation des cookies, etc.\n<h5>Fournisseurs externes de ce site Web :<\/h5>\n<table class=\"table table-striped\">\n<tbody>\n<tr>\n<td><b>TITULAIRE<\/b><\/td>\n<td><b>BUT<\/b><\/td>\n<\/tr>\n<tr>\n<td><a href=\"https:\/\/developers.google.com\/analytics\/\" target=\"_blank\" rel=\"noopener noreferrer\">Google Analytics<\/a><\/td>\n<td>Il est utilis\u00e9 pour obtenir des rapports statistiques sur le trafic du site Web<\/td>\n<\/tr>\n<tr>\n<td><a href=\"https:\/\/marketingplatform.google.com\/about\/enterprise\/\" target=\"_blank\" rel=\"noopener noreferrer\">Doubleclick by Google<\/a><\/td>\n<td>Ce sont des cookies publicitaires ; sont utilis\u00e9s pour am\u00e9liorer la publicit\u00e9. Ils sont souvent utilis\u00e9s pour cibler la publicit\u00e9 en fonction du contenu pertinent pour un utilisateur, am\u00e9liorer les rapports sur les performances des campagnes et \u00e9viter d&rsquo;afficher des publicit\u00e9s que l&rsquo;utilisateur a d\u00e9j\u00e0 vues.<\/td>\n<\/tr>\n<tr>\n<td><a href=\"https:\/\/www.facebook.com\/privacy\/explanation\" target=\"_blank\" rel=\"noopener noreferrer\">Facebook<\/a><\/td>\n<td>Cookies de connexion dans <b>FLORENCIO S\u00c1NCHEZ E HIJOS, S.L<\/b>. via la connexion Facebook<\/td>\n<\/tr>\n<tr>\n<td><a href=\"https:\/\/www.google.com\/analytics\/tag-manager\/use-policy\/\" target=\"_blank\" rel=\"noopener noreferrer\">Google Tag Manager<\/a><\/td>\n<td>Outil qui facilite le t\u00e9l\u00e9chargement et la gestion des \u00e9tiquettes sur le Web et les propri\u00e9t\u00e9s de l&rsquo;application de <b>FLORENCIO S\u00c1NCHEZ E HIJOS, S.L.<\/b><\/td>\n<\/tr>\n<tr>\n<td><a href=\"https:\/\/twitter.com\/es\/privacy\" target=\"_blank\" rel=\"noopener noreferrer\">Twitter Advertising<\/a><\/td>\n<td>Publicit\u00e9 comportementale. Ils sont utilis\u00e9s pour am\u00e9liorer la pertinence des publicit\u00e9s pr\u00e9sent\u00e9es aux utilisateurs.<\/td>\n<\/tr>\n<\/tbody>\n<\/table>\n\n<hr align=\"left\" width=\"50%\">\n\n<h3>Modification des conditions<\/h3>\n<p align=\"justify\">FLORENCIO SANCHEZ E HIJOS, SL se r\u00e9serve express\u00e9ment le droit de modifier unilat\u00e9ralement, totalement ou partiellement, sans pr\u00e9avis, cette politique de cookies. L&rsquo;utilisateur reconna\u00eet et accepte qu&rsquo;il est de sa responsabilit\u00e9 de consulter cette politique de cookies.<\/p>\t\t\t\t\t\t\t\t<\/div>\n\t\t\t\t<\/div>\n\t\t\t\t\t<\/div>\n\t\t<\/div>\n\t\t\t\t\t<\/div>\n\t\t<\/section>\n\t\t\t\t<\/div>\n\t\t","protected":false},"excerpt":{"rendered":"<p>Politique de cookies Conform\u00e9ment au devoir d&rsquo;information contenu dans la section 2 de l&rsquo;article 22 de la loi 34\/2002 du 11 juillet sur les services de la soci\u00e9t\u00e9 de l&rsquo;information et du commerce \u00e9lectronique, le but de cette politique de cookies est de vous informer de mani\u00e8re claire et pr\u00e9cise sur le cookies utilis\u00e9s sur &#8230; <a title=\"Politique de cookies\" class=\"read-more\" href=\"https:\/\/www.fisan.com\/fr\/politique-de-cookies\/\" aria-label=\"En savoir plus sur Politique de cookies\">Lire la suite<\/a><\/p>\n","protected":false},"author":1,"featured_media":0,"parent":0,"menu_order":99,"comment_status":"closed","ping_status":"closed","template":"","meta":{"_acf_changed":false,"footnotes":"","_wp_rev_ctl_limit":""},"class_list":["post-38803","page","type-page","status-publish"],"acf":[],"yoast_head":"<!-- This site is optimized with the Yoast SEO plugin v25.4 - https:\/\/yoast.com\/wordpress\/plugins\/seo\/ -->\n<title>Politique de cookies | FISAN<\/title>\n<meta name=\"robots\" content=\"noindex, nofollow\" \/>\n<meta property=\"og:locale\" content=\"fr_FR\" \/>\n<meta property=\"og:type\" content=\"article\" \/>\n<meta property=\"og:title\" content=\"Politique de cookies | FISAN\" \/>\n<meta property=\"og:description\" content=\"Politique de cookies Conform\u00e9ment au devoir d&rsquo;information contenu dans la section 2 de l&rsquo;article 22 de la loi 34\/2002 du 11 juillet sur les services de la soci\u00e9t\u00e9 de l&rsquo;information et du commerce \u00e9lectronique, le but de cette politique de cookies est de vous informer de mani\u00e8re claire et pr\u00e9cise sur le cookies utilis\u00e9s sur ... Lire la suite\" \/>\n<meta property=\"og:url\" content=\"https:\/\/www.fisan.com\/fr\/politique-de-cookies\/\" \/>\n<meta property=\"og:site_name\" content=\"FISAN\" \/>\n<meta property=\"article:modified_time\" content=\"2023-05-23T09:34:40+00:00\" \/>\n<meta name=\"twitter:card\" content=\"summary_large_image\" \/>\n<meta name=\"twitter:label1\" content=\"Dur\u00e9e de lecture estim\u00e9e\" \/>\n\t<meta name=\"twitter:data1\" content=\"6 minutes\" \/>\n<script type=\"application\/ld+json\" class=\"yoast-schema-graph\">{\n\t    \"@context\": \"https:\/\/schema.org\",\n\t    \"@graph\": [\n\t        {\n\t            \"@type\": \"WebPage\",\n\t            \"@id\": \"https:\/\/www.fisan.com\/fr\/politique-de-cookies\/\",\n\t            \"url\": \"https:\/\/www.fisan.com\/fr\/politique-de-cookies\/\",\n\t            \"name\": \"Politique de cookies | FISAN\",\n\t            \"isPartOf\": {\n\t                \"@id\": \"https:\/\/www.fisan.com\/fr\/#website\"\n\t            },\n\t            \"datePublished\": \"2022-09-09T09:54:45+00:00\",\n\t            \"dateModified\": \"2023-05-23T09:34:40+00:00\",\n\t            \"breadcrumb\": {\n\t                \"@id\": \"https:\/\/www.fisan.com\/fr\/politique-de-cookies\/#breadcrumb\"\n\t            },\n\t            \"inLanguage\": \"fr-FR\",\n\t            \"potentialAction\": [\n\t                {\n\t                    \"@type\": \"ReadAction\",\n\t                    \"target\": [\n\t                        \"https:\/\/www.fisan.com\/fr\/politique-de-cookies\/\"\n\t                    ]\n\t                }\n\t            ]\n\t        },\n\t        {\n\t            \"@type\": \"BreadcrumbList\",\n\t            \"@id\": \"https:\/\/www.fisan.com\/fr\/politique-de-cookies\/#breadcrumb\",\n\t            \"itemListElement\": [\n\t                {\n\t                    \"@type\": \"ListItem\",\n\t                    \"position\": 1,\n\t                    \"name\": \"FISAN\",\n\t                    \"item\": \"https:\/\/www.fisan.com\/fr\/\"\n\t                },\n\t                {\n\t                    \"@type\": \"ListItem\",\n\t                    \"position\": 2,\n\t                    \"name\": \"Politique de cookies\"\n\t                }\n\t            ]\n\t        },\n\t        {\n\t            \"@type\": \"WebSite\",\n\t            \"@id\": \"https:\/\/www.fisan.com\/fr\/#website\",\n\t            \"url\": \"https:\/\/www.fisan.com\/fr\/\",\n\t            \"name\": \"FISAN\",\n\t            \"description\": \"FISAN | Jamones de bellota ib\u00e9rico y embutidos ib\u00e9ricos desde 1920\",\n\t            \"potentialAction\": [\n\t                {\n\t                    \"@type\": \"SearchAction\",\n\t                    \"target\": {\n\t                        \"@type\": \"EntryPoint\",\n\t                        \"urlTemplate\": \"https:\/\/www.fisan.com\/fr\/?s={search_term_string}\"\n\t                    },\n\t                    \"query-input\": {\n\t                        \"@type\": \"PropertyValueSpecification\",\n\t                        \"valueRequired\": true,\n\t                        \"valueName\": \"search_term_string\"\n\t                    }\n\t                }\n\t            ],\n\t            \"inLanguage\": \"fr-FR\"\n\t        }\n\t    ]\n\t}<\/script>\n<!-- \/ Yoast SEO plugin. -->","yoast_head_json":{"title":"Politique de cookies | FISAN","robots":{"index":"noindex","follow":"nofollow"},"og_locale":"fr_FR","og_type":"article","og_title":"Politique de cookies | FISAN","og_description":"Politique de cookies Conform\u00e9ment au devoir d&rsquo;information contenu dans la section 2 de l&rsquo;article 22 de la loi 34\/2002 du 11 juillet sur les services de la soci\u00e9t\u00e9 de l&rsquo;information et du commerce \u00e9lectronique, le but de cette politique de cookies est de vous informer de mani\u00e8re claire et pr\u00e9cise sur le cookies utilis\u00e9s sur ... Lire la suite","og_url":"https:\/\/www.fisan.com\/fr\/politique-de-cookies\/","og_site_name":"FISAN","article_modified_time":"2023-05-23T09:34:40+00:00","twitter_card":"summary_large_image","twitter_misc":{"Dur\u00e9e de lecture estim\u00e9e":"6 minutes"},"schema":{"@context":"https:\/\/schema.org","@graph":[{"@type":"WebPage","@id":"https:\/\/www.fisan.com\/fr\/politique-de-cookies\/","url":"https:\/\/www.fisan.com\/fr\/politique-de-cookies\/","name":"Politique de cookies | FISAN","isPartOf":{"@id":"https:\/\/www.fisan.com\/fr\/#website"},"datePublished":"2022-09-09T09:54:45+00:00","dateModified":"2023-05-23T09:34:40+00:00","breadcrumb":{"@id":"https:\/\/www.fisan.com\/fr\/politique-de-cookies\/#breadcrumb"},"inLanguage":"fr-FR","potentialAction":[{"@type":"ReadAction","target":["https:\/\/www.fisan.com\/fr\/politique-de-cookies\/"]}]},{"@type":"BreadcrumbList","@id":"https:\/\/www.fisan.com\/fr\/politique-de-cookies\/#breadcrumb","itemListElement":[{"@type":"ListItem","position":1,"name":"FISAN","item":"https:\/\/www.fisan.com\/fr\/"},{"@type":"ListItem","position":2,"name":"Politique de cookies"}]},{"@type":"WebSite","@id":"https:\/\/www.fisan.com\/fr\/#website","url":"https:\/\/www.fisan.com\/fr\/","name":"FISAN","description":"FISAN | Jamones de bellota ib\u00e9rico y embutidos ib\u00e9ricos desde 1920","potentialAction":[{"@type":"SearchAction","target":{"@type":"EntryPoint","urlTemplate":"https:\/\/www.fisan.com\/fr\/?s={search_term_string}"},"query-input":{"@type":"PropertyValueSpecification","valueRequired":true,"valueName":"search_term_string"}}],"inLanguage":"fr-FR"}]}},"_links":{"self":[{"href":"https:\/\/www.fisan.com\/fr\/wp-json\/wp\/v2\/pages\/38803","targetHints":{"allow":["GET"]}}],"collection":[{"href":"https:\/\/www.fisan.com\/fr\/wp-json\/wp\/v2\/pages"}],"about":[{"href":"https:\/\/www.fisan.com\/fr\/wp-json\/wp\/v2\/types\/page"}],"author":[{"embeddable":true,"href":"https:\/\/www.fisan.com\/fr\/wp-json\/wp\/v2\/users\/1"}],"replies":[{"embeddable":true,"href":"https:\/\/www.fisan.com\/fr\/wp-json\/wp\/v2\/comments?post=38803"}],"version-history":[{"count":3,"href":"https:\/\/www.fisan.com\/fr\/wp-json\/wp\/v2\/pages\/38803\/revisions"}],"predecessor-version":[{"id":38822,"href":"https:\/\/www.fisan.com\/fr\/wp-json\/wp\/v2\/pages\/38803\/revisions\/38822"}],"wp:attachment":[{"href":"https:\/\/www.fisan.com\/fr\/wp-json\/wp\/v2\/media?parent=38803"}],"curies":[{"name":"wp","href":"https:\/\/api.w.org\/{rel}","templated":true}]}}