{"id":33268,"date":"2022-12-19T17:22:13","date_gmt":"2022-12-19T16:22:13","guid":{"rendered":"https:\/\/www.fisan.com\/producto\/jambon-de-bellota-75-iberico-d-o-guijuelo\/"},"modified":"2025-12-01T23:00:10","modified_gmt":"2025-12-01T22:00:10","slug":"jambon-de-bellota-iberique-75-race-iberique-pdo-guijuelo","status":"publish","type":"product","link":"https:\/\/www.fisan.com\/fr\/boutique\/jambon-de-bellota-75-iberico-do-guijuelo\/","title":{"rendered":"Jambon de Bellota Ib\u00e9rique 75% Race Ib\u00e9rique P.D.O. Guijuelo"},"content":{"rendered":"","protected":false},"excerpt":{"rendered":"<p>Le Jambon de Bellota Ib\u00e9rique 75% Race Ib\u00e9rique FISAN certifi\u00e9 par la P.D.O. Guijuelo est une pi\u00e8ce unique. Il a un ar\u00f4me et une saveur exquis, car il poss\u00e8de ce sceau de garantie qu&rsquo;implique l&rsquo;appellation d&rsquo;origine prot\u00e9g\u00e9e, qui assure la plus haute qualit\u00e9 de tous ses produits, et notre exp\u00e9rience de plus de 100 ans. Ces jambons sont facilement identifiables, car ils portent d&rsquo;une part le sceau P.D.O. (avec les couleurs de la norme), l&rsquo;\u00e9tiquette P.D.O. (avec le sceau jaune et rouge qui identifie le jambon P.D.O. Guijuelo) et d&rsquo;autre part l&rsquo;\u00e9tiquette FISAN.<\/p>\n","protected":false},"featured_media":29478,"template":"","meta":{"_acf_changed":false,"_wp_rev_ctl_limit":""},"product_brand":[],"product_cat":[716,296],"product_tag":[299,300,519],"gama":[1371],"calidad":[338],"class_list":{"0":"post-33268","1":"product","2":"type-product","3":"status-publish","4":"has-post-thumbnail","6":"product_cat-produits-jambon","7":"product_cat-produits-jambon-iberico","8":"product_tag-destacados-jamon","9":"product_tag-destacados-todos","10":"product_tag-st","11":"gama-sabor-tradicional-fr-2","12":"calidad-1-bellota-iberico","14":"first","15":"instock","16":"taxable","17":"shipping-taxable","18":"purchasable","19":"product-type-variable","20":"has-default-attributes"},"acf":[],"yoast_head":"<!-- This site is optimized with the Yoast SEO plugin v25.4 - https:\/\/yoast.com\/wordpress\/plugins\/seo\/ -->\n<title>Jambon de Bellota Ib\u00e9rique 75% Race Ib\u00e9rique P.D.O. Guijuelo | FISAN<\/title>\n<meta name=\"robots\" content=\"index, follow, max-snippet:-1, max-image-preview:large, max-video-preview:-1\" \/>\n<link rel=\"canonical\" href=\"https:\/\/www.fisan.com\/fr\/boutique\/jambon-de-bellota-75-iberico-do-guijuelo\/\" \/>\n<meta property=\"og:locale\" content=\"fr_FR\" \/>\n<meta property=\"og:type\" content=\"article\" \/>\n<meta property=\"og:title\" content=\"Jambon de Bellota Ib\u00e9rique 75% Race Ib\u00e9rique P.D.O. Guijuelo | FISAN\" \/>\n<meta property=\"og:description\" content=\"Le Jambon de Bellota Ib\u00e9rique 75% Race Ib\u00e9rique FISAN certifi\u00e9 par la P.D.O. Guijuelo est une pi\u00e8ce unique. Il a un ar\u00f4me et une saveur exquis, car il poss\u00e8de ce sceau de garantie qu&#039;implique l&#039;appellation d&#039;origine prot\u00e9g\u00e9e, qui assure la plus haute qualit\u00e9 de tous ses produits, et notre exp\u00e9rience de plus de 100 ans. Ces jambons sont facilement identifiables, car ils portent d&#039;une part le sceau P.D.O. (avec les couleurs de la norme), l&#039;\u00e9tiquette P.D.O. (avec le sceau jaune et rouge qui identifie le jambon P.D.O. Guijuelo) et d&#039;autre part l&#039;\u00e9tiquette FISAN.\" \/>\n<meta property=\"og:url\" content=\"https:\/\/www.fisan.com\/fr\/boutique\/jambon-de-bellota-75-iberico-do-guijuelo\/\" \/>\n<meta property=\"og:site_name\" content=\"FISAN\" \/>\n<meta property=\"article:modified_time\" content=\"2025-12-01T22:00:10+00:00\" \/>\n<meta property=\"og:image\" content=\"https:\/\/www.fisan.com\/wp-content\/uploads\/2022\/12\/jamon-bellota-iberico-do-75-st-pe-00.jpg\" \/>\n\t<meta property=\"og:image:width\" content=\"1200\" \/>\n\t<meta property=\"og:image:height\" content=\"2400\" \/>\n\t<meta property=\"og:image:type\" content=\"image\/jpeg\" \/>\n<meta name=\"twitter:card\" content=\"summary_large_image\" \/>\n<meta name=\"twitter:label1\" content=\"Disponibilit\u00e9\" \/>\n\t<meta name=\"twitter:data1\" content=\"En stock\" \/>\n<script type=\"application\/ld+json\" class=\"yoast-schema-graph\">{\n\t    \"@context\": \"https:\/\/schema.org\",\n\t    \"@graph\": [\n\t        {\n\t            \"@type\": \"WebPage\",\n\t            \"@id\": \"https:\/\/www.fisan.com\/fr\/boutique\/jambon-de-bellota-75-iberico-do-guijuelo\/\",\n\t            \"url\": \"https:\/\/www.fisan.com\/fr\/boutique\/jambon-de-bellota-75-iberico-do-guijuelo\/\",\n\t            \"name\": \"Jambon de Bellota Ib\u00e9rique 75% Race Ib\u00e9rique P.D.O. Guijuelo | FISAN\",\n\t            \"isPartOf\": {\n\t                \"@id\": \"https:\/\/www.fisan.com\/fr\/#website\"\n\t            },\n\t            \"primaryImageOfPage\": {\n\t                \"@id\": \"https:\/\/www.fisan.com\/fr\/boutique\/jambon-de-bellota-75-iberico-do-guijuelo\/#primaryimage\"\n\t            },\n\t            \"image\": {\n\t                \"@id\": \"https:\/\/www.fisan.com\/fr\/boutique\/jambon-de-bellota-75-iberico-do-guijuelo\/#primaryimage\"\n\t            },\n\t            \"thumbnailUrl\": \"https:\/\/www.fisan.com\/wp-content\/uploads\/2022\/12\/jamon-bellota-iberico-do-75-st-pe-00.jpg\",\n\t            \"datePublished\": \"2022-12-19T16:22:13+00:00\",\n\t            \"dateModified\": \"2025-12-01T22:00:10+00:00\",\n\t            \"breadcrumb\": {\n\t                \"@id\": \"https:\/\/www.fisan.com\/fr\/boutique\/jambon-de-bellota-75-iberico-do-guijuelo\/#breadcrumb\"\n\t            },\n\t            \"inLanguage\": \"fr-FR\",\n\t            \"potentialAction\": [\n\t                {\n\t                    \"@type\": \"ReadAction\",\n\t                    \"target\": [\n\t                        \"https:\/\/www.fisan.com\/fr\/boutique\/jambon-de-bellota-75-iberico-do-guijuelo\/\"\n\t                    ]\n\t                }\n\t            ]\n\t        },\n\t        {\n\t            \"@type\": \"ImageObject\",\n\t            \"inLanguage\": \"fr-FR\",\n\t            \"@id\": \"https:\/\/www.fisan.com\/fr\/boutique\/jambon-de-bellota-75-iberico-do-guijuelo\/#primaryimage\",\n\t            \"url\": \"https:\/\/www.fisan.com\/wp-content\/uploads\/2022\/12\/jamon-bellota-iberico-do-75-st-pe-00.jpg\",\n\t            \"contentUrl\": \"https:\/\/www.fisan.com\/wp-content\/uploads\/2022\/12\/jamon-bellota-iberico-do-75-st-pe-00.jpg\",\n\t            \"width\": 1200,\n\t            \"height\": 2400,\n\t            \"caption\": \"jam\u00f3n de bellota ib\u00e9rico 75% raza ib\u00e9rica D.O. Guijuelo Sabor tradicional\"\n\t        },\n\t        {\n\t            \"@type\": \"BreadcrumbList\",\n\t            \"@id\": \"https:\/\/www.fisan.com\/fr\/boutique\/jambon-de-bellota-75-iberico-do-guijuelo\/#breadcrumb\",\n\t            \"itemListElement\": [\n\t                {\n\t                    \"@type\": \"ListItem\",\n\t                    \"position\": 1,\n\t                    \"name\": \"FISAN\",\n\t                    \"item\": \"https:\/\/www.fisan.com\/fr\/\"\n\t                },\n\t                {\n\t                    \"@type\": \"ListItem\",\n\t                    \"position\": 2,\n\t                    \"name\": \"Produits\",\n\t                    \"item\": \"https:\/\/www.fisan.com\/fr\/produits\/\"\n\t                },\n\t                {\n\t                    \"@type\": \"ListItem\",\n\t                    \"position\": 3,\n\t                    \"name\": \"Jambon de Bellota Ib\u00e9rique 75% Race Ib\u00e9rique P.D.O. Guijuelo\"\n\t                }\n\t            ]\n\t        },\n\t        {\n\t            \"@type\": \"WebSite\",\n\t            \"@id\": \"https:\/\/www.fisan.com\/fr\/#website\",\n\t            \"url\": \"https:\/\/www.fisan.com\/fr\/\",\n\t            \"name\": \"FISAN\",\n\t            \"description\": \"FISAN | Jamones de bellota ib\u00e9rico y embutidos ib\u00e9ricos desde 1920\",\n\t            \"potentialAction\": [\n\t                {\n\t                    \"@type\": \"SearchAction\",\n\t                    \"target\": {\n\t                        \"@type\": \"EntryPoint\",\n\t                        \"urlTemplate\": \"https:\/\/www.fisan.com\/fr\/?s={search_term_string}\"\n\t                    },\n\t                    \"query-input\": {\n\t                        \"@type\": \"PropertyValueSpecification\",\n\t                        \"valueRequired\": true,\n\t                        \"valueName\": \"search_term_string\"\n\t                    }\n\t                }\n\t            ],\n\t            \"inLanguage\": \"fr-FR\"\n\t        }\n\t    ]\n\t}<\/script>\n<meta property=\"og:availability\" content=\"instock\" \/>\n<meta property=\"product:availability\" content=\"instock\" \/>\n<meta property=\"product:retailer_item_id\" content=\"j-bi75-do\" \/>\n<meta property=\"product:condition\" content=\"new\" \/>\n<!-- \/ Yoast SEO plugin. -->","yoast_head_json":{"title":"Jambon de Bellota Ib\u00e9rique 75% Race Ib\u00e9rique P.D.O. Guijuelo | FISAN","robots":{"index":"index","follow":"follow","max-snippet":"max-snippet:-1","max-image-preview":"max-image-preview:large","max-video-preview":"max-video-preview:-1"},"canonical":"https:\/\/www.fisan.com\/fr\/boutique\/jambon-de-bellota-75-iberico-do-guijuelo\/","og_locale":"fr_FR","og_type":"article","og_title":"Jambon de Bellota Ib\u00e9rique 75% Race Ib\u00e9rique P.D.O. Guijuelo | FISAN","og_description":"Le Jambon de Bellota Ib\u00e9rique 75% Race Ib\u00e9rique FISAN certifi\u00e9 par la P.D.O. Guijuelo est une pi\u00e8ce unique. Il a un ar\u00f4me et une saveur exquis, car il poss\u00e8de ce sceau de garantie qu'implique l'appellation d'origine prot\u00e9g\u00e9e, qui assure la plus haute qualit\u00e9 de tous ses produits, et notre exp\u00e9rience de plus de 100 ans. Ces jambons sont facilement identifiables, car ils portent d'une part le sceau P.D.O. (avec les couleurs de la norme), l'\u00e9tiquette P.D.O. (avec le sceau jaune et rouge qui identifie le jambon P.D.O. Guijuelo) et d'autre part l'\u00e9tiquette FISAN.","og_url":"https:\/\/www.fisan.com\/fr\/boutique\/jambon-de-bellota-75-iberico-do-guijuelo\/","og_site_name":"FISAN","article_modified_time":"2025-12-01T22:00:10+00:00","og_image":[{"width":1200,"height":2400,"url":"https:\/\/www.fisan.com\/wp-content\/uploads\/2022\/12\/jamon-bellota-iberico-do-75-st-pe-00.jpg","type":"image\/jpeg"}],"twitter_card":"summary_large_image","twitter_misc":{"Disponibilit\u00e9":"En stock"},"schema":{"@context":"https:\/\/schema.org","@graph":[{"@type":"WebPage","@id":"https:\/\/www.fisan.com\/fr\/boutique\/jambon-de-bellota-75-iberico-do-guijuelo\/","url":"https:\/\/www.fisan.com\/fr\/boutique\/jambon-de-bellota-75-iberico-do-guijuelo\/","name":"Jambon de Bellota Ib\u00e9rique 75% Race Ib\u00e9rique P.D.O. Guijuelo | FISAN","isPartOf":{"@id":"https:\/\/www.fisan.com\/fr\/#website"},"primaryImageOfPage":{"@id":"https:\/\/www.fisan.com\/fr\/boutique\/jambon-de-bellota-75-iberico-do-guijuelo\/#primaryimage"},"image":{"@id":"https:\/\/www.fisan.com\/fr\/boutique\/jambon-de-bellota-75-iberico-do-guijuelo\/#primaryimage"},"thumbnailUrl":"https:\/\/www.fisan.com\/wp-content\/uploads\/2022\/12\/jamon-bellota-iberico-do-75-st-pe-00.jpg","datePublished":"2022-12-19T16:22:13+00:00","dateModified":"2025-12-01T22:00:10+00:00","breadcrumb":{"@id":"https:\/\/www.fisan.com\/fr\/boutique\/jambon-de-bellota-75-iberico-do-guijuelo\/#breadcrumb"},"inLanguage":"fr-FR","potentialAction":[{"@type":"ReadAction","target":["https:\/\/www.fisan.com\/fr\/boutique\/jambon-de-bellota-75-iberico-do-guijuelo\/"]}]},{"@type":"ImageObject","inLanguage":"fr-FR","@id":"https:\/\/www.fisan.com\/fr\/boutique\/jambon-de-bellota-75-iberico-do-guijuelo\/#primaryimage","url":"https:\/\/www.fisan.com\/wp-content\/uploads\/2022\/12\/jamon-bellota-iberico-do-75-st-pe-00.jpg","contentUrl":"https:\/\/www.fisan.com\/wp-content\/uploads\/2022\/12\/jamon-bellota-iberico-do-75-st-pe-00.jpg","width":1200,"height":2400,"caption":"jam\u00f3n de bellota ib\u00e9rico 75% raza ib\u00e9rica D.O. Guijuelo Sabor tradicional"},{"@type":"BreadcrumbList","@id":"https:\/\/www.fisan.com\/fr\/boutique\/jambon-de-bellota-75-iberico-do-guijuelo\/#breadcrumb","itemListElement":[{"@type":"ListItem","position":1,"name":"FISAN","item":"https:\/\/www.fisan.com\/fr\/"},{"@type":"ListItem","position":2,"name":"Produits","item":"https:\/\/www.fisan.com\/fr\/produits\/"},{"@type":"ListItem","position":3,"name":"Jambon de Bellota Ib\u00e9rique 75% Race Ib\u00e9rique P.D.O. Guijuelo"}]},{"@type":"WebSite","@id":"https:\/\/www.fisan.com\/fr\/#website","url":"https:\/\/www.fisan.com\/fr\/","name":"FISAN","description":"FISAN | Jamones de bellota ib\u00e9rico y embutidos ib\u00e9ricos desde 1920","potentialAction":[{"@type":"SearchAction","target":{"@type":"EntryPoint","urlTemplate":"https:\/\/www.fisan.com\/fr\/?s={search_term_string}"},"query-input":{"@type":"PropertyValueSpecification","valueRequired":true,"valueName":"search_term_string"}}],"inLanguage":"fr-FR"}]},"og_availability":"instock","product_availability":"instock","product_retailer_item_id":"j-bi75-do","product_condition":"new"},"_links":{"self":[{"href":"https:\/\/www.fisan.com\/fr\/wp-json\/wp\/v2\/product\/33268","targetHints":{"allow":["GET"]}}],"collection":[{"href":"https:\/\/www.fisan.com\/fr\/wp-json\/wp\/v2\/product"}],"about":[{"href":"https:\/\/www.fisan.com\/fr\/wp-json\/wp\/v2\/types\/product"}],"version-history":[{"count":9,"href":"https:\/\/www.fisan.com\/fr\/wp-json\/wp\/v2\/product\/33268\/revisions"}],"predecessor-version":[{"id":57108,"href":"https:\/\/www.fisan.com\/fr\/wp-json\/wp\/v2\/product\/33268\/revisions\/57108"}],"wp:featuredmedia":[{"embeddable":true,"href":"https:\/\/www.fisan.com\/fr\/wp-json\/wp\/v2\/media\/29478"}],"wp:attachment":[{"href":"https:\/\/www.fisan.com\/fr\/wp-json\/wp\/v2\/media?parent=33268"}],"wp:term":[{"taxonomy":"product_brand","embeddable":true,"href":"https:\/\/www.fisan.com\/fr\/wp-json\/wp\/v2\/product_brand?post=33268"},{"taxonomy":"product_cat","embeddable":true,"href":"https:\/\/www.fisan.com\/fr\/wp-json\/wp\/v2\/product_cat?post=33268"},{"taxonomy":"product_tag","embeddable":true,"href":"https:\/\/www.fisan.com\/fr\/wp-json\/wp\/v2\/product_tag?post=33268"},{"taxonomy":"gama","embeddable":true,"href":"https:\/\/www.fisan.com\/fr\/wp-json\/wp\/v2\/gama?post=33268"},{"taxonomy":"calidad","embeddable":true,"href":"https:\/\/www.fisan.com\/fr\/wp-json\/wp\/v2\/calidad?post=33268"}],"curies":[{"name":"wp","href":"https:\/\/api.w.org\/{rel}","templated":true}]}}