{"id":33301,"date":"2022-10-07T23:29:31","date_gmt":"2022-10-07T21:29:31","guid":{"rendered":"https:\/\/www.fisan.com\/producto\/epaule-de-bellota-75-iberico\/"},"modified":"2025-09-23T11:46:44","modified_gmt":"2025-09-23T09:46:44","slug":"epaule-de-bellota-iberico-75-race-iberique","status":"publish","type":"product","link":"https:\/\/www.fisan.com\/fr\/boutique\/epaule-de-bellota-75-iberico\/","title":{"rendered":"\u00c9paule de Bellota Ib\u00e9rique 75% Race Ib\u00e9rique Alta Gastronomia"},"content":{"rendered":"<p>L&rsquo;\u00e9paule de Bellota Ib\u00e9rique 75% Race Ib\u00e9rique Alta Gastronomia refl\u00e8te le go\u00fbt intense et frais du p\u00e2turage. Son intensit\u00e9 en termes de couleur et d\u2019odeur nous transporte dans la cave naturelle o\u00f9 il a vieilli pendant plus de trois ans et r\u00e9gale les palais les plus exp\u00e9riment\u00e9s avec son parfait \u00e9quilibre en sel. Seules les pi\u00e8ces exceptionnelles entrent dans la classification Alta Gastronom\u00eda.<\/p>\n<p>&nbsp;<\/p>\n<p><strong>Savourez votre \u00c9paule de Bellota Ib\u00e9rique 75% Race Ib\u00e9rique Alta Gastronomia coup\u00e9 \u00e0 la main:<\/strong><br \/>\nNos formats d\u00e9coup\u00e9s au couteau et en tranches vous permettent de d\u00e9guster et de partager plus facilement votre \u00e9paule de bellota ib\u00e9rique. Vous recevrez 20 blisters individuels (environ 100 g) dans une bo\u00eete, et si vous choisissez notre format DELUXE, dans 2 bo\u00eetes avec un emballage cadeau sp\u00e9cial.<\/p>\n","protected":false},"excerpt":{"rendered":"<p>L&rsquo;\u00e9paule de Bellota Ib\u00e9rique 75% Race Ib\u00e9rique Alta Gastronomia refl\u00e8te le go\u00fbt intense et frais du p\u00e2turage. Son intensit\u00e9 en termes de couleur et d\u2019odeur nous transporte dans la cave naturelle o\u00f9 il a vieilli pendant plus de trois ans et r\u00e9gale les palais les plus exp\u00e9riment\u00e9s avec son parfait \u00e9quilibre en sel. Seules les &#8230; <a title=\"\u00c9paule de Bellota Ib\u00e9rique 75% Race Ib\u00e9rique Alta Gastronomia\" class=\"read-more\" href=\"https:\/\/www.fisan.com\/fr\/boutique\/epaule-de-bellota-75-iberico\/\" aria-label=\"En savoir plus sur \u00c9paule de Bellota Ib\u00e9rique 75% Race Ib\u00e9rique Alta Gastronomia\">Lire la suite<\/a><\/p>\n","protected":false},"featured_media":24513,"template":"","meta":{"_acf_changed":false,"_wp_rev_ctl_limit":""},"product_brand":[],"product_cat":[345],"product_tag":[297],"gama":[435],"calidad":[338],"class_list":{"0":"post-33301","1":"product","2":"type-product","3":"status-publish","4":"has-post-thumbnail","6":"product_cat-2-epaule","7":"product_tag-ag","8":"gama-alta-gastronomia-fr","9":"calidad-1-bellota-iberico","11":"first","12":"instock","13":"taxable","14":"shipping-taxable","15":"purchasable","16":"product-type-variable","17":"has-default-attributes"},"acf":[],"yoast_head":"<!-- This site is optimized with the Yoast SEO plugin v25.4 - https:\/\/yoast.com\/wordpress\/plugins\/seo\/ -->\n<title>\u00c9paule de Bellota Ib\u00e9rique 75% Race Ib\u00e9rique Alta Gastronomia | FISAN<\/title>\n<meta name=\"robots\" content=\"index, follow, max-snippet:-1, max-image-preview:large, max-video-preview:-1\" \/>\n<link rel=\"canonical\" href=\"https:\/\/www.fisan.com\/fr\/boutique\/epaule-de-bellota-75-iberico\/\" \/>\n<meta property=\"og:locale\" content=\"fr_FR\" \/>\n<meta property=\"og:type\" content=\"article\" \/>\n<meta property=\"og:title\" content=\"\u00c9paule de Bellota Ib\u00e9rique 75% Race Ib\u00e9rique Alta Gastronomia | FISAN\" \/>\n<meta property=\"og:description\" content=\"L&rsquo;\u00e9paule de Bellota Ib\u00e9rique 75% Race Ib\u00e9rique Alta Gastronomia refl\u00e8te le go\u00fbt intense et frais du p\u00e2turage. Son intensit\u00e9 en termes de couleur et d\u2019odeur nous transporte dans la cave naturelle o\u00f9 il a vieilli pendant plus de trois ans et r\u00e9gale les palais les plus exp\u00e9riment\u00e9s avec son parfait \u00e9quilibre en sel. Seules les ... Lire la suite\" \/>\n<meta property=\"og:url\" content=\"https:\/\/www.fisan.com\/fr\/boutique\/epaule-de-bellota-75-iberico\/\" \/>\n<meta property=\"og:site_name\" content=\"FISAN\" \/>\n<meta property=\"article:modified_time\" content=\"2025-09-23T09:46:44+00:00\" \/>\n<meta property=\"og:image\" content=\"https:\/\/www.fisan.com\/wp-content\/uploads\/2022\/10\/paleta-bellota-iberica-75-ag-pe-00.jpg\" \/>\n\t<meta property=\"og:image:width\" content=\"1200\" \/>\n\t<meta property=\"og:image:height\" content=\"2400\" \/>\n\t<meta property=\"og:image:type\" content=\"image\/jpeg\" \/>\n<meta name=\"twitter:card\" content=\"summary_large_image\" \/>\n<meta name=\"twitter:label1\" content=\"Disponibilit\u00e9\" \/>\n\t<meta name=\"twitter:data1\" content=\"En stock\" \/>\n<script type=\"application\/ld+json\" class=\"yoast-schema-graph\">{\n\t    \"@context\": \"https:\/\/schema.org\",\n\t    \"@graph\": [\n\t        {\n\t            \"@type\": \"WebPage\",\n\t            \"@id\": \"https:\/\/www.fisan.com\/fr\/boutique\/epaule-de-bellota-75-iberico\/\",\n\t            \"url\": \"https:\/\/www.fisan.com\/fr\/boutique\/epaule-de-bellota-75-iberico\/\",\n\t            \"name\": \"\u00c9paule de Bellota Ib\u00e9rique 75% Race Ib\u00e9rique Alta Gastronomia | FISAN\",\n\t            \"isPartOf\": {\n\t                \"@id\": \"https:\/\/www.fisan.com\/fr\/#website\"\n\t            },\n\t            \"primaryImageOfPage\": {\n\t                \"@id\": \"https:\/\/www.fisan.com\/fr\/boutique\/epaule-de-bellota-75-iberico\/#primaryimage\"\n\t            },\n\t            \"image\": {\n\t                \"@id\": \"https:\/\/www.fisan.com\/fr\/boutique\/epaule-de-bellota-75-iberico\/#primaryimage\"\n\t            },\n\t            \"thumbnailUrl\": \"https:\/\/www.fisan.com\/wp-content\/uploads\/2022\/10\/paleta-bellota-iberica-75-ag-pe-00.jpg\",\n\t            \"datePublished\": \"2022-10-07T21:29:31+00:00\",\n\t            \"dateModified\": \"2025-09-23T09:46:44+00:00\",\n\t            \"breadcrumb\": {\n\t                \"@id\": \"https:\/\/www.fisan.com\/fr\/boutique\/epaule-de-bellota-75-iberico\/#breadcrumb\"\n\t            },\n\t            \"inLanguage\": \"fr-FR\",\n\t            \"potentialAction\": [\n\t                {\n\t                    \"@type\": \"ReadAction\",\n\t                    \"target\": [\n\t                        \"https:\/\/www.fisan.com\/fr\/boutique\/epaule-de-bellota-75-iberico\/\"\n\t                    ]\n\t                }\n\t            ]\n\t        },\n\t        {\n\t            \"@type\": \"ImageObject\",\n\t            \"inLanguage\": \"fr-FR\",\n\t            \"@id\": \"https:\/\/www.fisan.com\/fr\/boutique\/epaule-de-bellota-75-iberico\/#primaryimage\",\n\t            \"url\": \"https:\/\/www.fisan.com\/wp-content\/uploads\/2022\/10\/paleta-bellota-iberica-75-ag-pe-00.jpg\",\n\t            \"contentUrl\": \"https:\/\/www.fisan.com\/wp-content\/uploads\/2022\/10\/paleta-bellota-iberica-75-ag-pe-00.jpg\",\n\t            \"width\": 1200,\n\t            \"height\": 2400\n\t        },\n\t        {\n\t            \"@type\": \"BreadcrumbList\",\n\t            \"@id\": \"https:\/\/www.fisan.com\/fr\/boutique\/epaule-de-bellota-75-iberico\/#breadcrumb\",\n\t            \"itemListElement\": [\n\t                {\n\t                    \"@type\": \"ListItem\",\n\t                    \"position\": 1,\n\t                    \"name\": \"FISAN\",\n\t                    \"item\": \"https:\/\/www.fisan.com\/fr\/\"\n\t                },\n\t                {\n\t                    \"@type\": \"ListItem\",\n\t                    \"position\": 2,\n\t                    \"name\": \"Produits\",\n\t                    \"item\": \"https:\/\/www.fisan.com\/fr\/produits\/\"\n\t                },\n\t                {\n\t                    \"@type\": \"ListItem\",\n\t                    \"position\": 3,\n\t                    \"name\": \"\u00c9paule de Bellota Ib\u00e9rique 75% Race Ib\u00e9rique Alta Gastronomia\"\n\t                }\n\t            ]\n\t        },\n\t        {\n\t            \"@type\": \"WebSite\",\n\t            \"@id\": \"https:\/\/www.fisan.com\/fr\/#website\",\n\t            \"url\": \"https:\/\/www.fisan.com\/fr\/\",\n\t            \"name\": \"FISAN\",\n\t            \"description\": \"FISAN | Jamones de bellota ib\u00e9rico y embutidos ib\u00e9ricos desde 1920\",\n\t            \"potentialAction\": [\n\t                {\n\t                    \"@type\": \"SearchAction\",\n\t                    \"target\": {\n\t                        \"@type\": \"EntryPoint\",\n\t                        \"urlTemplate\": \"https:\/\/www.fisan.com\/fr\/?s={search_term_string}\"\n\t                    },\n\t                    \"query-input\": {\n\t                        \"@type\": \"PropertyValueSpecification\",\n\t                        \"valueRequired\": true,\n\t                        \"valueName\": \"search_term_string\"\n\t                    }\n\t                }\n\t            ],\n\t            \"inLanguage\": \"fr-FR\"\n\t        }\n\t    ]\n\t}<\/script>\n<meta property=\"og:availability\" content=\"instock\" \/>\n<meta property=\"product:availability\" content=\"instock\" \/>\n<meta property=\"product:retailer_item_id\" content=\"p-bi75\" \/>\n<meta property=\"product:condition\" content=\"new\" \/>\n<!-- \/ Yoast SEO plugin. -->","yoast_head_json":{"title":"\u00c9paule de Bellota Ib\u00e9rique 75% Race Ib\u00e9rique Alta Gastronomia | FISAN","robots":{"index":"index","follow":"follow","max-snippet":"max-snippet:-1","max-image-preview":"max-image-preview:large","max-video-preview":"max-video-preview:-1"},"canonical":"https:\/\/www.fisan.com\/fr\/boutique\/epaule-de-bellota-75-iberico\/","og_locale":"fr_FR","og_type":"article","og_title":"\u00c9paule de Bellota Ib\u00e9rique 75% Race Ib\u00e9rique Alta Gastronomia | FISAN","og_description":"L&rsquo;\u00e9paule de Bellota Ib\u00e9rique 75% Race Ib\u00e9rique Alta Gastronomia refl\u00e8te le go\u00fbt intense et frais du p\u00e2turage. Son intensit\u00e9 en termes de couleur et d\u2019odeur nous transporte dans la cave naturelle o\u00f9 il a vieilli pendant plus de trois ans et r\u00e9gale les palais les plus exp\u00e9riment\u00e9s avec son parfait \u00e9quilibre en sel. Seules les ... Lire la suite","og_url":"https:\/\/www.fisan.com\/fr\/boutique\/epaule-de-bellota-75-iberico\/","og_site_name":"FISAN","article_modified_time":"2025-09-23T09:46:44+00:00","og_image":[{"width":1200,"height":2400,"url":"https:\/\/www.fisan.com\/wp-content\/uploads\/2022\/10\/paleta-bellota-iberica-75-ag-pe-00.jpg","type":"image\/jpeg"}],"twitter_card":"summary_large_image","twitter_misc":{"Disponibilit\u00e9":"En stock"},"schema":{"@context":"https:\/\/schema.org","@graph":[{"@type":"WebPage","@id":"https:\/\/www.fisan.com\/fr\/boutique\/epaule-de-bellota-75-iberico\/","url":"https:\/\/www.fisan.com\/fr\/boutique\/epaule-de-bellota-75-iberico\/","name":"\u00c9paule de Bellota Ib\u00e9rique 75% Race Ib\u00e9rique Alta Gastronomia | FISAN","isPartOf":{"@id":"https:\/\/www.fisan.com\/fr\/#website"},"primaryImageOfPage":{"@id":"https:\/\/www.fisan.com\/fr\/boutique\/epaule-de-bellota-75-iberico\/#primaryimage"},"image":{"@id":"https:\/\/www.fisan.com\/fr\/boutique\/epaule-de-bellota-75-iberico\/#primaryimage"},"thumbnailUrl":"https:\/\/www.fisan.com\/wp-content\/uploads\/2022\/10\/paleta-bellota-iberica-75-ag-pe-00.jpg","datePublished":"2022-10-07T21:29:31+00:00","dateModified":"2025-09-23T09:46:44+00:00","breadcrumb":{"@id":"https:\/\/www.fisan.com\/fr\/boutique\/epaule-de-bellota-75-iberico\/#breadcrumb"},"inLanguage":"fr-FR","potentialAction":[{"@type":"ReadAction","target":["https:\/\/www.fisan.com\/fr\/boutique\/epaule-de-bellota-75-iberico\/"]}]},{"@type":"ImageObject","inLanguage":"fr-FR","@id":"https:\/\/www.fisan.com\/fr\/boutique\/epaule-de-bellota-75-iberico\/#primaryimage","url":"https:\/\/www.fisan.com\/wp-content\/uploads\/2022\/10\/paleta-bellota-iberica-75-ag-pe-00.jpg","contentUrl":"https:\/\/www.fisan.com\/wp-content\/uploads\/2022\/10\/paleta-bellota-iberica-75-ag-pe-00.jpg","width":1200,"height":2400},{"@type":"BreadcrumbList","@id":"https:\/\/www.fisan.com\/fr\/boutique\/epaule-de-bellota-75-iberico\/#breadcrumb","itemListElement":[{"@type":"ListItem","position":1,"name":"FISAN","item":"https:\/\/www.fisan.com\/fr\/"},{"@type":"ListItem","position":2,"name":"Produits","item":"https:\/\/www.fisan.com\/fr\/produits\/"},{"@type":"ListItem","position":3,"name":"\u00c9paule de Bellota Ib\u00e9rique 75% Race Ib\u00e9rique Alta Gastronomia"}]},{"@type":"WebSite","@id":"https:\/\/www.fisan.com\/fr\/#website","url":"https:\/\/www.fisan.com\/fr\/","name":"FISAN","description":"FISAN | Jamones de bellota ib\u00e9rico y embutidos ib\u00e9ricos desde 1920","potentialAction":[{"@type":"SearchAction","target":{"@type":"EntryPoint","urlTemplate":"https:\/\/www.fisan.com\/fr\/?s={search_term_string}"},"query-input":{"@type":"PropertyValueSpecification","valueRequired":true,"valueName":"search_term_string"}}],"inLanguage":"fr-FR"}]},"og_availability":"instock","product_availability":"instock","product_retailer_item_id":"p-bi75","product_condition":"new"},"_links":{"self":[{"href":"https:\/\/www.fisan.com\/fr\/wp-json\/wp\/v2\/product\/33301","targetHints":{"allow":["GET"]}}],"collection":[{"href":"https:\/\/www.fisan.com\/fr\/wp-json\/wp\/v2\/product"}],"about":[{"href":"https:\/\/www.fisan.com\/fr\/wp-json\/wp\/v2\/types\/product"}],"version-history":[{"count":11,"href":"https:\/\/www.fisan.com\/fr\/wp-json\/wp\/v2\/product\/33301\/revisions"}],"predecessor-version":[{"id":57144,"href":"https:\/\/www.fisan.com\/fr\/wp-json\/wp\/v2\/product\/33301\/revisions\/57144"}],"wp:featuredmedia":[{"embeddable":true,"href":"https:\/\/www.fisan.com\/fr\/wp-json\/wp\/v2\/media\/24513"}],"wp:attachment":[{"href":"https:\/\/www.fisan.com\/fr\/wp-json\/wp\/v2\/media?parent=33301"}],"wp:term":[{"taxonomy":"product_brand","embeddable":true,"href":"https:\/\/www.fisan.com\/fr\/wp-json\/wp\/v2\/product_brand?post=33301"},{"taxonomy":"product_cat","embeddable":true,"href":"https:\/\/www.fisan.com\/fr\/wp-json\/wp\/v2\/product_cat?post=33301"},{"taxonomy":"product_tag","embeddable":true,"href":"https:\/\/www.fisan.com\/fr\/wp-json\/wp\/v2\/product_tag?post=33301"},{"taxonomy":"gama","embeddable":true,"href":"https:\/\/www.fisan.com\/fr\/wp-json\/wp\/v2\/gama?post=33301"},{"taxonomy":"calidad","embeddable":true,"href":"https:\/\/www.fisan.com\/fr\/wp-json\/wp\/v2\/calidad?post=33301"}],"curies":[{"name":"wp","href":"https:\/\/api.w.org\/{rel}","templated":true}]}}