{"id":33319,"date":"2022-12-20T19:33:20","date_gmt":"2022-12-20T18:33:20","guid":{"rendered":"https:\/\/www.fisan.com\/producto\/epaule-de-bellota-75-iberico-d-o-guijuelo\/"},"modified":"2025-12-19T23:00:23","modified_gmt":"2025-12-19T22:00:23","slug":"epaule-de-bellota-iberique-75-race-iberique-pdo-guijuelo","status":"publish","type":"product","link":"https:\/\/www.fisan.com\/fr\/boutique\/epaule-de-bellota-75-iberico-do-guijuelo\/","title":{"rendered":"\u00c9paule de Bellota Ib\u00e9rique 75% Race Ib\u00e9rique P.D.O. GUIJUELO"},"content":{"rendered":"<p>L&rsquo;\u00e9paule de Bellota Ib\u00e9rique 75% Race Ib\u00e9rique P.D.O. GUIJUELO pr\u00e9sente des caract\u00e9ristiques organoleptiques et une saveur uniques, qui sont une r\u00e9f\u00e9rence de la qualit\u00e9 toujours offerte par les produits garantis par ce label de qualit\u00e9 reconnu et prestigieux. La d\u00e9nomination d&rsquo;origine prot\u00e9g\u00e9e Guijuelo dispose d&rsquo;un conseil r\u00e9gulateur qui impose une s\u00e9rie de conditions sur la reproduction et l&rsquo;\u00e9levage des porcs, ainsi que sur le processus d&rsquo;\u00e9laboration du jambon et de l&rsquo;\u00e9paule, qui garantissent que tous ses produits sont de la plus haute qualit\u00e9.<\/p>\n<div><\/div>\n","protected":false},"excerpt":{"rendered":"<p>L&rsquo;\u00e9paule Ib\u00e9rique de Bellota 75 % Race Ib\u00e9rica D.O. Guijuelo pr\u00e9sente des caract\u00e9ristiques organoleptiques et une saveur uniques, qui sont une r\u00e9f\u00e9rence de la qualit\u00e9 toujours offerte par les produits garantis par ce label de qualit\u00e9 reconnu et prestigieux. La d\u00e9nomination d&rsquo;origine prot\u00e9g\u00e9e Guijuelo dispose d&rsquo;un conseil r\u00e9gulateur qui impose une s\u00e9rie de conditions sur la reproduction et l&rsquo;\u00e9levage des porcs, ainsi que sur le processus d&rsquo;\u00e9laboration du jambon et de l&rsquo;\u00e9paule, qui garantissent que tous ses produits sont de la plus haute qualit\u00e9.<\/p>\n<div><\/div>\n","protected":false},"featured_media":29507,"template":"","meta":{"_acf_changed":false,"_wp_rev_ctl_limit":""},"product_brand":[],"product_cat":[345],"product_tag":[524,519],"gama":[1371],"calidad":[338],"class_list":{"0":"post-33319","1":"product","2":"type-product","3":"status-publish","4":"has-post-thumbnail","6":"product_cat-2-epaule","7":"product_tag-destacados-sabor-tradicional","8":"product_tag-st","9":"gama-sabor-tradicional-fr-2","10":"calidad-1-bellota-iberico","12":"first","13":"instock","14":"taxable","15":"shipping-taxable","16":"purchasable","17":"product-type-variable","18":"has-default-attributes"},"acf":[],"yoast_head":"<!-- This site is optimized with the Yoast SEO plugin v25.4 - https:\/\/yoast.com\/wordpress\/plugins\/seo\/ -->\n<title>\u00c9paule de Bellota Ib\u00e9rique 75% Race Ib\u00e9rique P.D.O. GUIJUELO | FISAN<\/title>\n<meta name=\"robots\" content=\"index, follow, max-snippet:-1, max-image-preview:large, max-video-preview:-1\" \/>\n<link rel=\"canonical\" href=\"https:\/\/www.fisan.com\/fr\/boutique\/epaule-de-bellota-75-iberico-do-guijuelo\/\" \/>\n<meta property=\"og:locale\" content=\"fr_FR\" \/>\n<meta property=\"og:type\" content=\"article\" \/>\n<meta property=\"og:title\" content=\"\u00c9paule de Bellota Ib\u00e9rique 75% Race Ib\u00e9rique P.D.O. GUIJUELO | FISAN\" \/>\n<meta property=\"og:description\" content=\"L&#039;\u00e9paule Ib\u00e9rique de Bellota 75 % Race Ib\u00e9rica D.O. Guijuelo pr\u00e9sente des caract\u00e9ristiques organoleptiques et une saveur uniques, qui sont une r\u00e9f\u00e9rence de la qualit\u00e9 toujours offerte par les produits garantis par ce label de qualit\u00e9 reconnu et prestigieux. La d\u00e9nomination d&#039;origine prot\u00e9g\u00e9e Guijuelo dispose d&#039;un conseil r\u00e9gulateur qui impose une s\u00e9rie de conditions sur la reproduction et l&#039;\u00e9levage des porcs, ainsi que sur le processus d&#039;\u00e9laboration du jambon et de l&#039;\u00e9paule, qui garantissent que tous ses produits sont de la plus haute qualit\u00e9.\" \/>\n<meta property=\"og:url\" content=\"https:\/\/www.fisan.com\/fr\/boutique\/epaule-de-bellota-75-iberico-do-guijuelo\/\" \/>\n<meta property=\"og:site_name\" content=\"FISAN\" \/>\n<meta property=\"article:modified_time\" content=\"2025-12-19T22:00:23+00:00\" \/>\n<meta property=\"og:image\" content=\"https:\/\/www.fisan.com\/wp-content\/uploads\/2022\/12\/paleta-bellota-iberica-do-75-st-pe-00.jpg\" \/>\n\t<meta property=\"og:image:width\" content=\"1200\" \/>\n\t<meta property=\"og:image:height\" content=\"2400\" \/>\n\t<meta property=\"og:image:type\" content=\"image\/jpeg\" \/>\n<meta name=\"twitter:card\" content=\"summary_large_image\" \/>\n<meta name=\"twitter:label1\" content=\"Disponibilit\u00e9\" \/>\n\t<meta name=\"twitter:data1\" content=\"En stock\" \/>\n<script type=\"application\/ld+json\" class=\"yoast-schema-graph\">{\n\t    \"@context\": \"https:\/\/schema.org\",\n\t    \"@graph\": [\n\t        {\n\t            \"@type\": \"WebPage\",\n\t            \"@id\": \"https:\/\/www.fisan.com\/fr\/boutique\/epaule-de-bellota-75-iberico-do-guijuelo\/\",\n\t            \"url\": \"https:\/\/www.fisan.com\/fr\/boutique\/epaule-de-bellota-75-iberico-do-guijuelo\/\",\n\t            \"name\": \"\u00c9paule de Bellota Ib\u00e9rique 75% Race Ib\u00e9rique P.D.O. GUIJUELO | FISAN\",\n\t            \"isPartOf\": {\n\t                \"@id\": \"https:\/\/www.fisan.com\/fr\/#website\"\n\t            },\n\t            \"primaryImageOfPage\": {\n\t                \"@id\": \"https:\/\/www.fisan.com\/fr\/boutique\/epaule-de-bellota-75-iberico-do-guijuelo\/#primaryimage\"\n\t            },\n\t            \"image\": {\n\t                \"@id\": \"https:\/\/www.fisan.com\/fr\/boutique\/epaule-de-bellota-75-iberico-do-guijuelo\/#primaryimage\"\n\t            },\n\t            \"thumbnailUrl\": \"https:\/\/www.fisan.com\/wp-content\/uploads\/2022\/12\/paleta-bellota-iberica-do-75-st-pe-00.jpg\",\n\t            \"datePublished\": \"2022-12-20T18:33:20+00:00\",\n\t            \"dateModified\": \"2025-12-19T22:00:23+00:00\",\n\t            \"breadcrumb\": {\n\t                \"@id\": \"https:\/\/www.fisan.com\/fr\/boutique\/epaule-de-bellota-75-iberico-do-guijuelo\/#breadcrumb\"\n\t            },\n\t            \"inLanguage\": \"fr-FR\",\n\t            \"potentialAction\": [\n\t                {\n\t                    \"@type\": \"ReadAction\",\n\t                    \"target\": [\n\t                        \"https:\/\/www.fisan.com\/fr\/boutique\/epaule-de-bellota-75-iberico-do-guijuelo\/\"\n\t                    ]\n\t                }\n\t            ]\n\t        },\n\t        {\n\t            \"@type\": \"ImageObject\",\n\t            \"inLanguage\": \"fr-FR\",\n\t            \"@id\": \"https:\/\/www.fisan.com\/fr\/boutique\/epaule-de-bellota-75-iberico-do-guijuelo\/#primaryimage\",\n\t            \"url\": \"https:\/\/www.fisan.com\/wp-content\/uploads\/2022\/12\/paleta-bellota-iberica-do-75-st-pe-00.jpg\",\n\t            \"contentUrl\": \"https:\/\/www.fisan.com\/wp-content\/uploads\/2022\/12\/paleta-bellota-iberica-do-75-st-pe-00.jpg\",\n\t            \"width\": 1200,\n\t            \"height\": 2400,\n\t            \"caption\": \"Paleta de Bellota Ib\u00e9rica 75% raza iberica D.O. Guijuelo Sabor Tradicional\"\n\t        },\n\t        {\n\t            \"@type\": \"BreadcrumbList\",\n\t            \"@id\": \"https:\/\/www.fisan.com\/fr\/boutique\/epaule-de-bellota-75-iberico-do-guijuelo\/#breadcrumb\",\n\t            \"itemListElement\": [\n\t                {\n\t                    \"@type\": \"ListItem\",\n\t                    \"position\": 1,\n\t                    \"name\": \"FISAN\",\n\t                    \"item\": \"https:\/\/www.fisan.com\/fr\/\"\n\t                },\n\t                {\n\t                    \"@type\": \"ListItem\",\n\t                    \"position\": 2,\n\t                    \"name\": \"Produits\",\n\t                    \"item\": \"https:\/\/www.fisan.com\/fr\/produits\/\"\n\t                },\n\t                {\n\t                    \"@type\": \"ListItem\",\n\t                    \"position\": 3,\n\t                    \"name\": \"\u00c9paule de Bellota Ib\u00e9rique 75% Race Ib\u00e9rique P.D.O. GUIJUELO\"\n\t                }\n\t            ]\n\t        },\n\t        {\n\t            \"@type\": \"WebSite\",\n\t            \"@id\": \"https:\/\/www.fisan.com\/fr\/#website\",\n\t            \"url\": \"https:\/\/www.fisan.com\/fr\/\",\n\t            \"name\": \"FISAN\",\n\t            \"description\": \"FISAN | Jamones de bellota ib\u00e9rico y embutidos ib\u00e9ricos desde 1920\",\n\t            \"potentialAction\": [\n\t                {\n\t                    \"@type\": \"SearchAction\",\n\t                    \"target\": {\n\t                        \"@type\": \"EntryPoint\",\n\t                        \"urlTemplate\": \"https:\/\/www.fisan.com\/fr\/?s={search_term_string}\"\n\t                    },\n\t                    \"query-input\": {\n\t                        \"@type\": \"PropertyValueSpecification\",\n\t                        \"valueRequired\": true,\n\t                        \"valueName\": \"search_term_string\"\n\t                    }\n\t                }\n\t            ],\n\t            \"inLanguage\": \"fr-FR\"\n\t        }\n\t    ]\n\t}<\/script>\n<meta property=\"og:availability\" content=\"instock\" \/>\n<meta property=\"product:availability\" content=\"instock\" \/>\n<meta property=\"product:retailer_item_id\" content=\"p-bi75-do\" \/>\n<meta property=\"product:condition\" content=\"new\" \/>\n<!-- \/ Yoast SEO plugin. -->","yoast_head_json":{"title":"\u00c9paule de Bellota Ib\u00e9rique 75% Race Ib\u00e9rique P.D.O. GUIJUELO | FISAN","robots":{"index":"index","follow":"follow","max-snippet":"max-snippet:-1","max-image-preview":"max-image-preview:large","max-video-preview":"max-video-preview:-1"},"canonical":"https:\/\/www.fisan.com\/fr\/boutique\/epaule-de-bellota-75-iberico-do-guijuelo\/","og_locale":"fr_FR","og_type":"article","og_title":"\u00c9paule de Bellota Ib\u00e9rique 75% Race Ib\u00e9rique P.D.O. GUIJUELO | FISAN","og_description":"L'\u00e9paule Ib\u00e9rique de Bellota 75 % Race Ib\u00e9rica D.O. Guijuelo pr\u00e9sente des caract\u00e9ristiques organoleptiques et une saveur uniques, qui sont une r\u00e9f\u00e9rence de la qualit\u00e9 toujours offerte par les produits garantis par ce label de qualit\u00e9 reconnu et prestigieux. La d\u00e9nomination d'origine prot\u00e9g\u00e9e Guijuelo dispose d'un conseil r\u00e9gulateur qui impose une s\u00e9rie de conditions sur la reproduction et l'\u00e9levage des porcs, ainsi que sur le processus d'\u00e9laboration du jambon et de l'\u00e9paule, qui garantissent que tous ses produits sont de la plus haute qualit\u00e9.","og_url":"https:\/\/www.fisan.com\/fr\/boutique\/epaule-de-bellota-75-iberico-do-guijuelo\/","og_site_name":"FISAN","article_modified_time":"2025-12-19T22:00:23+00:00","og_image":[{"width":1200,"height":2400,"url":"https:\/\/www.fisan.com\/wp-content\/uploads\/2022\/12\/paleta-bellota-iberica-do-75-st-pe-00.jpg","type":"image\/jpeg"}],"twitter_card":"summary_large_image","twitter_misc":{"Disponibilit\u00e9":"En stock"},"schema":{"@context":"https:\/\/schema.org","@graph":[{"@type":"WebPage","@id":"https:\/\/www.fisan.com\/fr\/boutique\/epaule-de-bellota-75-iberico-do-guijuelo\/","url":"https:\/\/www.fisan.com\/fr\/boutique\/epaule-de-bellota-75-iberico-do-guijuelo\/","name":"\u00c9paule de Bellota Ib\u00e9rique 75% Race Ib\u00e9rique P.D.O. GUIJUELO | FISAN","isPartOf":{"@id":"https:\/\/www.fisan.com\/fr\/#website"},"primaryImageOfPage":{"@id":"https:\/\/www.fisan.com\/fr\/boutique\/epaule-de-bellota-75-iberico-do-guijuelo\/#primaryimage"},"image":{"@id":"https:\/\/www.fisan.com\/fr\/boutique\/epaule-de-bellota-75-iberico-do-guijuelo\/#primaryimage"},"thumbnailUrl":"https:\/\/www.fisan.com\/wp-content\/uploads\/2022\/12\/paleta-bellota-iberica-do-75-st-pe-00.jpg","datePublished":"2022-12-20T18:33:20+00:00","dateModified":"2025-12-19T22:00:23+00:00","breadcrumb":{"@id":"https:\/\/www.fisan.com\/fr\/boutique\/epaule-de-bellota-75-iberico-do-guijuelo\/#breadcrumb"},"inLanguage":"fr-FR","potentialAction":[{"@type":"ReadAction","target":["https:\/\/www.fisan.com\/fr\/boutique\/epaule-de-bellota-75-iberico-do-guijuelo\/"]}]},{"@type":"ImageObject","inLanguage":"fr-FR","@id":"https:\/\/www.fisan.com\/fr\/boutique\/epaule-de-bellota-75-iberico-do-guijuelo\/#primaryimage","url":"https:\/\/www.fisan.com\/wp-content\/uploads\/2022\/12\/paleta-bellota-iberica-do-75-st-pe-00.jpg","contentUrl":"https:\/\/www.fisan.com\/wp-content\/uploads\/2022\/12\/paleta-bellota-iberica-do-75-st-pe-00.jpg","width":1200,"height":2400,"caption":"Paleta de Bellota Ib\u00e9rica 75% raza iberica D.O. Guijuelo Sabor Tradicional"},{"@type":"BreadcrumbList","@id":"https:\/\/www.fisan.com\/fr\/boutique\/epaule-de-bellota-75-iberico-do-guijuelo\/#breadcrumb","itemListElement":[{"@type":"ListItem","position":1,"name":"FISAN","item":"https:\/\/www.fisan.com\/fr\/"},{"@type":"ListItem","position":2,"name":"Produits","item":"https:\/\/www.fisan.com\/fr\/produits\/"},{"@type":"ListItem","position":3,"name":"\u00c9paule de Bellota Ib\u00e9rique 75% Race Ib\u00e9rique P.D.O. GUIJUELO"}]},{"@type":"WebSite","@id":"https:\/\/www.fisan.com\/fr\/#website","url":"https:\/\/www.fisan.com\/fr\/","name":"FISAN","description":"FISAN | Jamones de bellota ib\u00e9rico y embutidos ib\u00e9ricos desde 1920","potentialAction":[{"@type":"SearchAction","target":{"@type":"EntryPoint","urlTemplate":"https:\/\/www.fisan.com\/fr\/?s={search_term_string}"},"query-input":{"@type":"PropertyValueSpecification","valueRequired":true,"valueName":"search_term_string"}}],"inLanguage":"fr-FR"}]},"og_availability":"instock","product_availability":"instock","product_retailer_item_id":"p-bi75-do","product_condition":"new"},"_links":{"self":[{"href":"https:\/\/www.fisan.com\/fr\/wp-json\/wp\/v2\/product\/33319","targetHints":{"allow":["GET"]}}],"collection":[{"href":"https:\/\/www.fisan.com\/fr\/wp-json\/wp\/v2\/product"}],"about":[{"href":"https:\/\/www.fisan.com\/fr\/wp-json\/wp\/v2\/types\/product"}],"version-history":[{"count":10,"href":"https:\/\/www.fisan.com\/fr\/wp-json\/wp\/v2\/product\/33319\/revisions"}],"predecessor-version":[{"id":57164,"href":"https:\/\/www.fisan.com\/fr\/wp-json\/wp\/v2\/product\/33319\/revisions\/57164"}],"wp:featuredmedia":[{"embeddable":true,"href":"https:\/\/www.fisan.com\/fr\/wp-json\/wp\/v2\/media\/29507"}],"wp:attachment":[{"href":"https:\/\/www.fisan.com\/fr\/wp-json\/wp\/v2\/media?parent=33319"}],"wp:term":[{"taxonomy":"product_brand","embeddable":true,"href":"https:\/\/www.fisan.com\/fr\/wp-json\/wp\/v2\/product_brand?post=33319"},{"taxonomy":"product_cat","embeddable":true,"href":"https:\/\/www.fisan.com\/fr\/wp-json\/wp\/v2\/product_cat?post=33319"},{"taxonomy":"product_tag","embeddable":true,"href":"https:\/\/www.fisan.com\/fr\/wp-json\/wp\/v2\/product_tag?post=33319"},{"taxonomy":"gama","embeddable":true,"href":"https:\/\/www.fisan.com\/fr\/wp-json\/wp\/v2\/gama?post=33319"},{"taxonomy":"calidad","embeddable":true,"href":"https:\/\/www.fisan.com\/fr\/wp-json\/wp\/v2\/calidad?post=33319"}],"curies":[{"name":"wp","href":"https:\/\/api.w.org\/{rel}","templated":true}]}}