{"id":33351,"date":"2022-10-07T16:52:41","date_gmt":"2022-10-07T14:52:41","guid":{"rendered":"https:\/\/www.fisan.com\/producto\/saucisson-de-bellota-a-la-truffe-alta-gastronomia\/"},"modified":"2025-06-06T12:12:31","modified_gmt":"2025-06-06T10:12:31","slug":"saucisson-de-bellota-iberique-alta-gastronomia-a-la-truffe","status":"publish","type":"product","link":"https:\/\/www.fisan.com\/fr\/boutique\/saucisson-de-bellota-a-la-truffe-alta-gastronomia\/","title":{"rendered":"Saucisson de Bellota Ib\u00e9rique \u00e0 la truffe noire Alta Gastronomia 100% Naturel"},"content":{"rendered":"<p>Le Saucisson de Bellota Ib\u00e9rique \u00e0 la truffe noire Alta Gastronomia 100% Naturel repr\u00e9sente la perfection des morceaux les plus nobles du porc nourri aux glands, pluma, presa et secreto s\u00e9lectionn\u00e9s \u00e0 chaque campagne. Apr\u00e8s des ann\u00e9es de recherche, nous avons incorpor\u00e9 dans sa recette la truffe noire. C\u2019est ainsi que, apr\u00e8s avoir vieilli huit mois dans nos caves naturelles, il peut nous offrir ce go\u00fbt et cet ar\u00f4me uniques.<\/p>\n<p>&nbsp;<\/p>\n<p><strong>D\u00e9gustez votre saucisson de bellota ib\u00e9rique \u00e0 la truffe noire coup\u00e9 en tranches:<\/strong><br \/>\nLe format id\u00e9al pour ceux qui veulent d\u00e9guster notre saucisson ib\u00e9rique d&rsquo;une mani\u00e8re simple et confortable. Dans cette pr\u00e9sentation, vous trouverez 10 blisters de 100 grammes dans une bo\u00eete sp\u00e9ciale. Le cadeau id\u00e9al.<\/p>\n","protected":false},"excerpt":{"rendered":"<p>Le Saucisson de Bellota Ib\u00e9rique \u00e0 la truffe noire Alta Gastronomia 100% Naturel repr\u00e9sente la perfection des morceaux les plus nobles du porc nourri aux glands, pluma, presa et secreto s\u00e9lectionn\u00e9s \u00e0 chaque campagne. Apr\u00e8s des ann\u00e9es de recherche, nous avons incorpor\u00e9 dans sa recette la truffe noire. C\u2019est ainsi que, apr\u00e8s avoir vieilli huit &#8230; <a title=\"Saucisson de Bellota Ib\u00e9rique \u00e0 la truffe noire Alta Gastronomia 100% Naturel\" class=\"read-more\" href=\"https:\/\/www.fisan.com\/fr\/boutique\/saucisson-de-bellota-a-la-truffe-alta-gastronomia\/\" aria-label=\"En savoir plus sur Saucisson de Bellota Ib\u00e9rique \u00e0 la truffe noire Alta Gastronomia 100% Naturel\">Lire la suite<\/a><\/p>\n","protected":false},"featured_media":24713,"template":"","meta":{"_acf_changed":false,"_wp_rev_ctl_limit":""},"product_brand":[],"product_cat":[353],"product_tag":[297,529,298],"gama":[435],"calidad":[338],"class_list":{"0":"post-33351","1":"product","2":"type-product","3":"status-publish","4":"has-post-thumbnail","6":"product_cat-4-charcuterie","7":"product_tag-ag","8":"product_tag-destacados-embutido","9":"product_tag-destacados-inicio","10":"gama-alta-gastronomia-fr","11":"calidad-1-bellota-iberico","13":"first","14":"instock","15":"taxable","16":"shipping-taxable","17":"purchasable","18":"product-type-variable","19":"has-default-attributes"},"acf":[],"yoast_head":"<!-- This site is optimized with the Yoast SEO plugin v25.4 - https:\/\/yoast.com\/wordpress\/plugins\/seo\/ -->\n<title>Saucisson de Bellota Ib\u00e9rique \u00e0 la truffe noire Alta Gastronomia 100% Naturel | FISAN<\/title>\n<meta name=\"robots\" content=\"index, follow, max-snippet:-1, max-image-preview:large, max-video-preview:-1\" \/>\n<link rel=\"canonical\" href=\"https:\/\/www.fisan.com\/fr\/boutique\/saucisson-de-bellota-a-la-truffe-alta-gastronomia\/\" \/>\n<meta property=\"og:locale\" content=\"fr_FR\" \/>\n<meta property=\"og:type\" content=\"article\" \/>\n<meta property=\"og:title\" content=\"Saucisson de Bellota Ib\u00e9rique \u00e0 la truffe noire Alta Gastronomia 100% Naturel | FISAN\" \/>\n<meta property=\"og:description\" content=\"Le Saucisson de Bellota Ib\u00e9rique \u00e0 la truffe noire Alta Gastronomia 100% Naturel repr\u00e9sente la perfection des morceaux les plus nobles du porc nourri aux glands, pluma, presa et secreto s\u00e9lectionn\u00e9s \u00e0 chaque campagne. Apr\u00e8s des ann\u00e9es de recherche, nous avons incorpor\u00e9 dans sa recette la truffe noire. C\u2019est ainsi que, apr\u00e8s avoir vieilli huit ... Lire la suite\" \/>\n<meta property=\"og:url\" content=\"https:\/\/www.fisan.com\/fr\/boutique\/saucisson-de-bellota-a-la-truffe-alta-gastronomia\/\" \/>\n<meta property=\"og:site_name\" content=\"FISAN\" \/>\n<meta property=\"article:modified_time\" content=\"2025-06-06T10:12:31+00:00\" \/>\n<meta property=\"og:image\" content=\"https:\/\/www.fisan.com\/wp-content\/uploads\/2022\/10\/salchichon-bellota-iberico-ag-pe-00.jpg\" \/>\n\t<meta property=\"og:image:width\" content=\"1200\" \/>\n\t<meta property=\"og:image:height\" content=\"2400\" \/>\n\t<meta property=\"og:image:type\" content=\"image\/jpeg\" \/>\n<meta name=\"twitter:card\" content=\"summary_large_image\" \/>\n<meta name=\"twitter:label1\" content=\"Disponibilit\u00e9\" \/>\n\t<meta name=\"twitter:data1\" content=\"En stock\" \/>\n<script type=\"application\/ld+json\" class=\"yoast-schema-graph\">{\n\t    \"@context\": \"https:\/\/schema.org\",\n\t    \"@graph\": [\n\t        {\n\t            \"@type\": \"WebPage\",\n\t            \"@id\": \"https:\/\/www.fisan.com\/fr\/boutique\/saucisson-de-bellota-a-la-truffe-alta-gastronomia\/\",\n\t            \"url\": \"https:\/\/www.fisan.com\/fr\/boutique\/saucisson-de-bellota-a-la-truffe-alta-gastronomia\/\",\n\t            \"name\": \"Saucisson de Bellota Ib\u00e9rique \u00e0 la truffe noire Alta Gastronomia 100% Naturel | FISAN\",\n\t            \"isPartOf\": {\n\t                \"@id\": \"https:\/\/www.fisan.com\/fr\/#website\"\n\t            },\n\t            \"primaryImageOfPage\": {\n\t                \"@id\": \"https:\/\/www.fisan.com\/fr\/boutique\/saucisson-de-bellota-a-la-truffe-alta-gastronomia\/#primaryimage\"\n\t            },\n\t            \"image\": {\n\t                \"@id\": \"https:\/\/www.fisan.com\/fr\/boutique\/saucisson-de-bellota-a-la-truffe-alta-gastronomia\/#primaryimage\"\n\t            },\n\t            \"thumbnailUrl\": \"https:\/\/www.fisan.com\/wp-content\/uploads\/2022\/10\/salchichon-bellota-iberico-ag-pe-00.jpg\",\n\t            \"datePublished\": \"2022-10-07T14:52:41+00:00\",\n\t            \"dateModified\": \"2025-06-06T10:12:31+00:00\",\n\t            \"breadcrumb\": {\n\t                \"@id\": \"https:\/\/www.fisan.com\/fr\/boutique\/saucisson-de-bellota-a-la-truffe-alta-gastronomia\/#breadcrumb\"\n\t            },\n\t            \"inLanguage\": \"fr-FR\",\n\t            \"potentialAction\": [\n\t                {\n\t                    \"@type\": \"ReadAction\",\n\t                    \"target\": [\n\t                        \"https:\/\/www.fisan.com\/fr\/boutique\/saucisson-de-bellota-a-la-truffe-alta-gastronomia\/\"\n\t                    ]\n\t                }\n\t            ]\n\t        },\n\t        {\n\t            \"@type\": \"ImageObject\",\n\t            \"inLanguage\": \"fr-FR\",\n\t            \"@id\": \"https:\/\/www.fisan.com\/fr\/boutique\/saucisson-de-bellota-a-la-truffe-alta-gastronomia\/#primaryimage\",\n\t            \"url\": \"https:\/\/www.fisan.com\/wp-content\/uploads\/2022\/10\/salchichon-bellota-iberico-ag-pe-00.jpg\",\n\t            \"contentUrl\": \"https:\/\/www.fisan.com\/wp-content\/uploads\/2022\/10\/salchichon-bellota-iberico-ag-pe-00.jpg\",\n\t            \"width\": 1200,\n\t            \"height\": 2400,\n\t            \"caption\": \"Chorizo de Bellota Ib\u00e9rique Alta Gastronomia FISAN\"\n\t        },\n\t        {\n\t            \"@type\": \"BreadcrumbList\",\n\t            \"@id\": \"https:\/\/www.fisan.com\/fr\/boutique\/saucisson-de-bellota-a-la-truffe-alta-gastronomia\/#breadcrumb\",\n\t            \"itemListElement\": [\n\t                {\n\t                    \"@type\": \"ListItem\",\n\t                    \"position\": 1,\n\t                    \"name\": \"FISAN\",\n\t                    \"item\": \"https:\/\/www.fisan.com\/fr\/\"\n\t                },\n\t                {\n\t                    \"@type\": \"ListItem\",\n\t                    \"position\": 2,\n\t                    \"name\": \"Produits\",\n\t                    \"item\": \"https:\/\/www.fisan.com\/fr\/produits\/\"\n\t                },\n\t                {\n\t                    \"@type\": \"ListItem\",\n\t                    \"position\": 3,\n\t                    \"name\": \"Saucisson de Bellota Ib\u00e9rique \u00e0 la truffe noire Alta Gastronomia 100% Naturel\"\n\t                }\n\t            ]\n\t        },\n\t        {\n\t            \"@type\": \"WebSite\",\n\t            \"@id\": \"https:\/\/www.fisan.com\/fr\/#website\",\n\t            \"url\": \"https:\/\/www.fisan.com\/fr\/\",\n\t            \"name\": \"FISAN\",\n\t            \"description\": \"FISAN | Jamones de bellota ib\u00e9rico y embutidos ib\u00e9ricos desde 1920\",\n\t            \"potentialAction\": [\n\t                {\n\t                    \"@type\": \"SearchAction\",\n\t                    \"target\": {\n\t                        \"@type\": \"EntryPoint\",\n\t                        \"urlTemplate\": \"https:\/\/www.fisan.com\/fr\/?s={search_term_string}\"\n\t                    },\n\t                    \"query-input\": {\n\t                        \"@type\": \"PropertyValueSpecification\",\n\t                        \"valueRequired\": true,\n\t                        \"valueName\": \"search_term_string\"\n\t                    }\n\t                }\n\t            ],\n\t            \"inLanguage\": \"fr-FR\"\n\t        }\n\t    ]\n\t}<\/script>\n<meta property=\"og:availability\" content=\"instock\" \/>\n<meta property=\"product:availability\" content=\"instock\" \/>\n<meta property=\"product:retailer_item_id\" content=\"s-bi100\" \/>\n<meta property=\"product:condition\" content=\"new\" \/>\n<!-- \/ Yoast SEO plugin. -->","yoast_head_json":{"title":"Saucisson de Bellota Ib\u00e9rique \u00e0 la truffe noire Alta Gastronomia 100% Naturel | FISAN","robots":{"index":"index","follow":"follow","max-snippet":"max-snippet:-1","max-image-preview":"max-image-preview:large","max-video-preview":"max-video-preview:-1"},"canonical":"https:\/\/www.fisan.com\/fr\/boutique\/saucisson-de-bellota-a-la-truffe-alta-gastronomia\/","og_locale":"fr_FR","og_type":"article","og_title":"Saucisson de Bellota Ib\u00e9rique \u00e0 la truffe noire Alta Gastronomia 100% Naturel | FISAN","og_description":"Le Saucisson de Bellota Ib\u00e9rique \u00e0 la truffe noire Alta Gastronomia 100% Naturel repr\u00e9sente la perfection des morceaux les plus nobles du porc nourri aux glands, pluma, presa et secreto s\u00e9lectionn\u00e9s \u00e0 chaque campagne. Apr\u00e8s des ann\u00e9es de recherche, nous avons incorpor\u00e9 dans sa recette la truffe noire. C\u2019est ainsi que, apr\u00e8s avoir vieilli huit ... Lire la suite","og_url":"https:\/\/www.fisan.com\/fr\/boutique\/saucisson-de-bellota-a-la-truffe-alta-gastronomia\/","og_site_name":"FISAN","article_modified_time":"2025-06-06T10:12:31+00:00","og_image":[{"width":1200,"height":2400,"url":"https:\/\/www.fisan.com\/wp-content\/uploads\/2022\/10\/salchichon-bellota-iberico-ag-pe-00.jpg","type":"image\/jpeg"}],"twitter_card":"summary_large_image","twitter_misc":{"Disponibilit\u00e9":"En stock"},"schema":{"@context":"https:\/\/schema.org","@graph":[{"@type":"WebPage","@id":"https:\/\/www.fisan.com\/fr\/boutique\/saucisson-de-bellota-a-la-truffe-alta-gastronomia\/","url":"https:\/\/www.fisan.com\/fr\/boutique\/saucisson-de-bellota-a-la-truffe-alta-gastronomia\/","name":"Saucisson de Bellota Ib\u00e9rique \u00e0 la truffe noire Alta Gastronomia 100% Naturel | FISAN","isPartOf":{"@id":"https:\/\/www.fisan.com\/fr\/#website"},"primaryImageOfPage":{"@id":"https:\/\/www.fisan.com\/fr\/boutique\/saucisson-de-bellota-a-la-truffe-alta-gastronomia\/#primaryimage"},"image":{"@id":"https:\/\/www.fisan.com\/fr\/boutique\/saucisson-de-bellota-a-la-truffe-alta-gastronomia\/#primaryimage"},"thumbnailUrl":"https:\/\/www.fisan.com\/wp-content\/uploads\/2022\/10\/salchichon-bellota-iberico-ag-pe-00.jpg","datePublished":"2022-10-07T14:52:41+00:00","dateModified":"2025-06-06T10:12:31+00:00","breadcrumb":{"@id":"https:\/\/www.fisan.com\/fr\/boutique\/saucisson-de-bellota-a-la-truffe-alta-gastronomia\/#breadcrumb"},"inLanguage":"fr-FR","potentialAction":[{"@type":"ReadAction","target":["https:\/\/www.fisan.com\/fr\/boutique\/saucisson-de-bellota-a-la-truffe-alta-gastronomia\/"]}]},{"@type":"ImageObject","inLanguage":"fr-FR","@id":"https:\/\/www.fisan.com\/fr\/boutique\/saucisson-de-bellota-a-la-truffe-alta-gastronomia\/#primaryimage","url":"https:\/\/www.fisan.com\/wp-content\/uploads\/2022\/10\/salchichon-bellota-iberico-ag-pe-00.jpg","contentUrl":"https:\/\/www.fisan.com\/wp-content\/uploads\/2022\/10\/salchichon-bellota-iberico-ag-pe-00.jpg","width":1200,"height":2400,"caption":"Chorizo de Bellota Ib\u00e9rique Alta Gastronomia FISAN"},{"@type":"BreadcrumbList","@id":"https:\/\/www.fisan.com\/fr\/boutique\/saucisson-de-bellota-a-la-truffe-alta-gastronomia\/#breadcrumb","itemListElement":[{"@type":"ListItem","position":1,"name":"FISAN","item":"https:\/\/www.fisan.com\/fr\/"},{"@type":"ListItem","position":2,"name":"Produits","item":"https:\/\/www.fisan.com\/fr\/produits\/"},{"@type":"ListItem","position":3,"name":"Saucisson de Bellota Ib\u00e9rique \u00e0 la truffe noire Alta Gastronomia 100% Naturel"}]},{"@type":"WebSite","@id":"https:\/\/www.fisan.com\/fr\/#website","url":"https:\/\/www.fisan.com\/fr\/","name":"FISAN","description":"FISAN | Jamones de bellota ib\u00e9rico y embutidos ib\u00e9ricos desde 1920","potentialAction":[{"@type":"SearchAction","target":{"@type":"EntryPoint","urlTemplate":"https:\/\/www.fisan.com\/fr\/?s={search_term_string}"},"query-input":{"@type":"PropertyValueSpecification","valueRequired":true,"valueName":"search_term_string"}}],"inLanguage":"fr-FR"}]},"og_availability":"instock","product_availability":"instock","product_retailer_item_id":"s-bi100","product_condition":"new"},"_links":{"self":[{"href":"https:\/\/www.fisan.com\/fr\/wp-json\/wp\/v2\/product\/33351","targetHints":{"allow":["GET"]}}],"collection":[{"href":"https:\/\/www.fisan.com\/fr\/wp-json\/wp\/v2\/product"}],"about":[{"href":"https:\/\/www.fisan.com\/fr\/wp-json\/wp\/v2\/types\/product"}],"version-history":[{"count":12,"href":"https:\/\/www.fisan.com\/fr\/wp-json\/wp\/v2\/product\/33351\/revisions"}],"predecessor-version":[{"id":56126,"href":"https:\/\/www.fisan.com\/fr\/wp-json\/wp\/v2\/product\/33351\/revisions\/56126"}],"wp:featuredmedia":[{"embeddable":true,"href":"https:\/\/www.fisan.com\/fr\/wp-json\/wp\/v2\/media\/24713"}],"wp:attachment":[{"href":"https:\/\/www.fisan.com\/fr\/wp-json\/wp\/v2\/media?parent=33351"}],"wp:term":[{"taxonomy":"product_brand","embeddable":true,"href":"https:\/\/www.fisan.com\/fr\/wp-json\/wp\/v2\/product_brand?post=33351"},{"taxonomy":"product_cat","embeddable":true,"href":"https:\/\/www.fisan.com\/fr\/wp-json\/wp\/v2\/product_cat?post=33351"},{"taxonomy":"product_tag","embeddable":true,"href":"https:\/\/www.fisan.com\/fr\/wp-json\/wp\/v2\/product_tag?post=33351"},{"taxonomy":"gama","embeddable":true,"href":"https:\/\/www.fisan.com\/fr\/wp-json\/wp\/v2\/gama?post=33351"},{"taxonomy":"calidad","embeddable":true,"href":"https:\/\/www.fisan.com\/fr\/wp-json\/wp\/v2\/calidad?post=33351"}],"curies":[{"name":"wp","href":"https:\/\/api.w.org\/{rel}","templated":true}]}}