{"id":33418,"date":"2022-10-07T16:53:29","date_gmt":"2022-10-07T14:53:29","guid":{"rendered":"https:\/\/www.fisan.com\/producto\/jambon-de-bellota-iberico-50-race-iberica\/"},"modified":"2025-09-23T11:21:23","modified_gmt":"2025-09-23T09:21:23","slug":"jambon-de-bellota-iberique-50-race-iberique","status":"publish","type":"product","link":"https:\/\/www.fisan.com\/fr\/boutique\/jambon-de-bellota-iberico-50-race-iberica\/","title":{"rendered":"Jambon de Bellota Ib\u00e9rique 50% Race Ib\u00e9rique"},"content":{"rendered":"<p>Le Jambon de Bellota Ib\u00e9rique 50% Race Ib\u00e9rique FISAN se caract\u00e9rise par son go\u00fbt agr\u00e9able en bouche et riche en nuances. Ses infiltrations de graisse permettent de conserver longtemps en bouche ces saveurs et ar\u00f4mes. C\u2019est l\u00e0 le fruit d\u2019un vieillissement marqu\u00e9 par la patience et la surveillance quotidienne de sa maturation dans nos caves ouvertes aux vents de la montagne.<\/p>\n","protected":false},"excerpt":{"rendered":"<p>Le Jambon de Bellota Ib\u00e9rique 50% Race Ib\u00e9rique FISAN se caract\u00e9rise par son go\u00fbt agr\u00e9able en bouche et riche en nuances. Ses infiltrations de graisse permettent de conserver longtemps en bouche ces saveurs et ar\u00f4mes. C\u2019est l\u00e0 le fruit d\u2019un vieillissement marqu\u00e9 par la patience et la surveillance quotidienne de sa maturation dans nos caves &#8230; <a title=\"Jambon de Bellota Ib\u00e9rique 50% Race Ib\u00e9rique\" class=\"read-more\" href=\"https:\/\/www.fisan.com\/fr\/boutique\/jambon-de-bellota-iberico-50-race-iberica\/\" aria-label=\"En savoir plus sur Jambon de Bellota Ib\u00e9rique 50% Race Ib\u00e9rique\">Lire la suite<\/a><\/p>\n","protected":false},"featured_media":24745,"template":"","meta":{"_acf_changed":false,"_wp_rev_ctl_limit":""},"product_brand":[],"product_cat":[716,296],"product_tag":[299,524,300,519],"gama":[1371],"calidad":[338],"class_list":{"0":"post-33418","1":"product","2":"type-product","3":"status-publish","4":"has-post-thumbnail","6":"product_cat-produits-jambon","7":"product_cat-produits-jambon-iberico","8":"product_tag-destacados-jamon","9":"product_tag-destacados-sabor-tradicional","10":"product_tag-destacados-todos","11":"product_tag-st","12":"gama-sabor-tradicional-fr-2","13":"calidad-1-bellota-iberico","15":"first","16":"instock","17":"taxable","18":"shipping-taxable","19":"purchasable","20":"product-type-variable","21":"has-default-attributes"},"acf":[],"yoast_head":"<!-- This site is optimized with the Yoast SEO plugin v25.4 - https:\/\/yoast.com\/wordpress\/plugins\/seo\/ -->\n<title>Jambon de Bellota Ib\u00e9rique 50% Race Ib\u00e9rique | FISAN<\/title>\n<meta name=\"robots\" content=\"index, follow, max-snippet:-1, max-image-preview:large, max-video-preview:-1\" \/>\n<link rel=\"canonical\" href=\"https:\/\/www.fisan.com\/fr\/boutique\/jambon-de-bellota-iberico-50-race-iberica\/\" \/>\n<meta property=\"og:locale\" content=\"fr_FR\" \/>\n<meta property=\"og:type\" content=\"article\" \/>\n<meta property=\"og:title\" content=\"Jambon de Bellota Ib\u00e9rique 50% Race Ib\u00e9rique | FISAN\" \/>\n<meta property=\"og:description\" content=\"Le Jambon de Bellota Ib\u00e9rique 50% Race Ib\u00e9rique FISAN se caract\u00e9rise par son go\u00fbt agr\u00e9able en bouche et riche en nuances. Ses infiltrations de graisse permettent de conserver longtemps en bouche ces saveurs et ar\u00f4mes. C\u2019est l\u00e0 le fruit d\u2019un vieillissement marqu\u00e9 par la patience et la surveillance quotidienne de sa maturation dans nos caves ... Lire la suite\" \/>\n<meta property=\"og:url\" content=\"https:\/\/www.fisan.com\/fr\/boutique\/jambon-de-bellota-iberico-50-race-iberica\/\" \/>\n<meta property=\"og:site_name\" content=\"FISAN\" \/>\n<meta property=\"article:modified_time\" content=\"2025-09-23T09:21:23+00:00\" \/>\n<meta property=\"og:image\" content=\"https:\/\/www.fisan.com\/wp-content\/uploads\/2022\/10\/jamon-bellota-iberico-50-st-pe-00.jpg\" \/>\n\t<meta property=\"og:image:width\" content=\"1200\" \/>\n\t<meta property=\"og:image:height\" content=\"2400\" \/>\n\t<meta property=\"og:image:type\" content=\"image\/jpeg\" \/>\n<meta name=\"twitter:card\" content=\"summary_large_image\" \/>\n<meta name=\"twitter:label1\" content=\"Disponibilit\u00e9\" \/>\n\t<meta name=\"twitter:data1\" content=\"En stock\" \/>\n<script type=\"application\/ld+json\" class=\"yoast-schema-graph\">{\n\t    \"@context\": \"https:\/\/schema.org\",\n\t    \"@graph\": [\n\t        {\n\t            \"@type\": \"WebPage\",\n\t            \"@id\": \"https:\/\/www.fisan.com\/fr\/boutique\/jambon-de-bellota-iberico-50-race-iberica\/\",\n\t            \"url\": \"https:\/\/www.fisan.com\/fr\/boutique\/jambon-de-bellota-iberico-50-race-iberica\/\",\n\t            \"name\": \"Jambon de Bellota Ib\u00e9rique 50% Race Ib\u00e9rique | FISAN\",\n\t            \"isPartOf\": {\n\t                \"@id\": \"https:\/\/www.fisan.com\/fr\/#website\"\n\t            },\n\t            \"primaryImageOfPage\": {\n\t                \"@id\": \"https:\/\/www.fisan.com\/fr\/boutique\/jambon-de-bellota-iberico-50-race-iberica\/#primaryimage\"\n\t            },\n\t            \"image\": {\n\t                \"@id\": \"https:\/\/www.fisan.com\/fr\/boutique\/jambon-de-bellota-iberico-50-race-iberica\/#primaryimage\"\n\t            },\n\t            \"thumbnailUrl\": \"https:\/\/www.fisan.com\/wp-content\/uploads\/2022\/10\/jamon-bellota-iberico-50-st-pe-00.jpg\",\n\t            \"datePublished\": \"2022-10-07T14:53:29+00:00\",\n\t            \"dateModified\": \"2025-09-23T09:21:23+00:00\",\n\t            \"breadcrumb\": {\n\t                \"@id\": \"https:\/\/www.fisan.com\/fr\/boutique\/jambon-de-bellota-iberico-50-race-iberica\/#breadcrumb\"\n\t            },\n\t            \"inLanguage\": \"fr-FR\",\n\t            \"potentialAction\": [\n\t                {\n\t                    \"@type\": \"ReadAction\",\n\t                    \"target\": [\n\t                        \"https:\/\/www.fisan.com\/fr\/boutique\/jambon-de-bellota-iberico-50-race-iberica\/\"\n\t                    ]\n\t                }\n\t            ]\n\t        },\n\t        {\n\t            \"@type\": \"ImageObject\",\n\t            \"inLanguage\": \"fr-FR\",\n\t            \"@id\": \"https:\/\/www.fisan.com\/fr\/boutique\/jambon-de-bellota-iberico-50-race-iberica\/#primaryimage\",\n\t            \"url\": \"https:\/\/www.fisan.com\/wp-content\/uploads\/2022\/10\/jamon-bellota-iberico-50-st-pe-00.jpg\",\n\t            \"contentUrl\": \"https:\/\/www.fisan.com\/wp-content\/uploads\/2022\/10\/jamon-bellota-iberico-50-st-pe-00.jpg\",\n\t            \"width\": 1200,\n\t            \"height\": 2400\n\t        },\n\t        {\n\t            \"@type\": \"BreadcrumbList\",\n\t            \"@id\": \"https:\/\/www.fisan.com\/fr\/boutique\/jambon-de-bellota-iberico-50-race-iberica\/#breadcrumb\",\n\t            \"itemListElement\": [\n\t                {\n\t                    \"@type\": \"ListItem\",\n\t                    \"position\": 1,\n\t                    \"name\": \"FISAN\",\n\t                    \"item\": \"https:\/\/www.fisan.com\/fr\/\"\n\t                },\n\t                {\n\t                    \"@type\": \"ListItem\",\n\t                    \"position\": 2,\n\t                    \"name\": \"Produits\",\n\t                    \"item\": \"https:\/\/www.fisan.com\/fr\/produits\/\"\n\t                },\n\t                {\n\t                    \"@type\": \"ListItem\",\n\t                    \"position\": 3,\n\t                    \"name\": \"Jambon de Bellota Ib\u00e9rique 50% Race Ib\u00e9rique\"\n\t                }\n\t            ]\n\t        },\n\t        {\n\t            \"@type\": \"WebSite\",\n\t            \"@id\": \"https:\/\/www.fisan.com\/fr\/#website\",\n\t            \"url\": \"https:\/\/www.fisan.com\/fr\/\",\n\t            \"name\": \"FISAN\",\n\t            \"description\": \"FISAN | Jamones de bellota ib\u00e9rico y embutidos ib\u00e9ricos desde 1920\",\n\t            \"potentialAction\": [\n\t                {\n\t                    \"@type\": \"SearchAction\",\n\t                    \"target\": {\n\t                        \"@type\": \"EntryPoint\",\n\t                        \"urlTemplate\": \"https:\/\/www.fisan.com\/fr\/?s={search_term_string}\"\n\t                    },\n\t                    \"query-input\": {\n\t                        \"@type\": \"PropertyValueSpecification\",\n\t                        \"valueRequired\": true,\n\t                        \"valueName\": \"search_term_string\"\n\t                    }\n\t                }\n\t            ],\n\t            \"inLanguage\": \"fr-FR\"\n\t        }\n\t    ]\n\t}<\/script>\n<meta property=\"og:availability\" content=\"instock\" \/>\n<meta property=\"product:availability\" content=\"instock\" \/>\n<meta property=\"product:retailer_item_id\" content=\"j-bi50\" \/>\n<meta property=\"product:condition\" content=\"new\" \/>\n<!-- \/ Yoast SEO plugin. -->","yoast_head_json":{"title":"Jambon de Bellota Ib\u00e9rique 50% Race Ib\u00e9rique | FISAN","robots":{"index":"index","follow":"follow","max-snippet":"max-snippet:-1","max-image-preview":"max-image-preview:large","max-video-preview":"max-video-preview:-1"},"canonical":"https:\/\/www.fisan.com\/fr\/boutique\/jambon-de-bellota-iberico-50-race-iberica\/","og_locale":"fr_FR","og_type":"article","og_title":"Jambon de Bellota Ib\u00e9rique 50% Race Ib\u00e9rique | FISAN","og_description":"Le Jambon de Bellota Ib\u00e9rique 50% Race Ib\u00e9rique FISAN se caract\u00e9rise par son go\u00fbt agr\u00e9able en bouche et riche en nuances. Ses infiltrations de graisse permettent de conserver longtemps en bouche ces saveurs et ar\u00f4mes. C\u2019est l\u00e0 le fruit d\u2019un vieillissement marqu\u00e9 par la patience et la surveillance quotidienne de sa maturation dans nos caves ... Lire la suite","og_url":"https:\/\/www.fisan.com\/fr\/boutique\/jambon-de-bellota-iberico-50-race-iberica\/","og_site_name":"FISAN","article_modified_time":"2025-09-23T09:21:23+00:00","og_image":[{"width":1200,"height":2400,"url":"https:\/\/www.fisan.com\/wp-content\/uploads\/2022\/10\/jamon-bellota-iberico-50-st-pe-00.jpg","type":"image\/jpeg"}],"twitter_card":"summary_large_image","twitter_misc":{"Disponibilit\u00e9":"En stock"},"schema":{"@context":"https:\/\/schema.org","@graph":[{"@type":"WebPage","@id":"https:\/\/www.fisan.com\/fr\/boutique\/jambon-de-bellota-iberico-50-race-iberica\/","url":"https:\/\/www.fisan.com\/fr\/boutique\/jambon-de-bellota-iberico-50-race-iberica\/","name":"Jambon de Bellota Ib\u00e9rique 50% Race Ib\u00e9rique | FISAN","isPartOf":{"@id":"https:\/\/www.fisan.com\/fr\/#website"},"primaryImageOfPage":{"@id":"https:\/\/www.fisan.com\/fr\/boutique\/jambon-de-bellota-iberico-50-race-iberica\/#primaryimage"},"image":{"@id":"https:\/\/www.fisan.com\/fr\/boutique\/jambon-de-bellota-iberico-50-race-iberica\/#primaryimage"},"thumbnailUrl":"https:\/\/www.fisan.com\/wp-content\/uploads\/2022\/10\/jamon-bellota-iberico-50-st-pe-00.jpg","datePublished":"2022-10-07T14:53:29+00:00","dateModified":"2025-09-23T09:21:23+00:00","breadcrumb":{"@id":"https:\/\/www.fisan.com\/fr\/boutique\/jambon-de-bellota-iberico-50-race-iberica\/#breadcrumb"},"inLanguage":"fr-FR","potentialAction":[{"@type":"ReadAction","target":["https:\/\/www.fisan.com\/fr\/boutique\/jambon-de-bellota-iberico-50-race-iberica\/"]}]},{"@type":"ImageObject","inLanguage":"fr-FR","@id":"https:\/\/www.fisan.com\/fr\/boutique\/jambon-de-bellota-iberico-50-race-iberica\/#primaryimage","url":"https:\/\/www.fisan.com\/wp-content\/uploads\/2022\/10\/jamon-bellota-iberico-50-st-pe-00.jpg","contentUrl":"https:\/\/www.fisan.com\/wp-content\/uploads\/2022\/10\/jamon-bellota-iberico-50-st-pe-00.jpg","width":1200,"height":2400},{"@type":"BreadcrumbList","@id":"https:\/\/www.fisan.com\/fr\/boutique\/jambon-de-bellota-iberico-50-race-iberica\/#breadcrumb","itemListElement":[{"@type":"ListItem","position":1,"name":"FISAN","item":"https:\/\/www.fisan.com\/fr\/"},{"@type":"ListItem","position":2,"name":"Produits","item":"https:\/\/www.fisan.com\/fr\/produits\/"},{"@type":"ListItem","position":3,"name":"Jambon de Bellota Ib\u00e9rique 50% Race Ib\u00e9rique"}]},{"@type":"WebSite","@id":"https:\/\/www.fisan.com\/fr\/#website","url":"https:\/\/www.fisan.com\/fr\/","name":"FISAN","description":"FISAN | Jamones de bellota ib\u00e9rico y embutidos ib\u00e9ricos desde 1920","potentialAction":[{"@type":"SearchAction","target":{"@type":"EntryPoint","urlTemplate":"https:\/\/www.fisan.com\/fr\/?s={search_term_string}"},"query-input":{"@type":"PropertyValueSpecification","valueRequired":true,"valueName":"search_term_string"}}],"inLanguage":"fr-FR"}]},"og_availability":"instock","product_availability":"instock","product_retailer_item_id":"j-bi50","product_condition":"new"},"_links":{"self":[{"href":"https:\/\/www.fisan.com\/fr\/wp-json\/wp\/v2\/product\/33418","targetHints":{"allow":["GET"]}}],"collection":[{"href":"https:\/\/www.fisan.com\/fr\/wp-json\/wp\/v2\/product"}],"about":[{"href":"https:\/\/www.fisan.com\/fr\/wp-json\/wp\/v2\/types\/product"}],"version-history":[{"count":7,"href":"https:\/\/www.fisan.com\/fr\/wp-json\/wp\/v2\/product\/33418\/revisions"}],"predecessor-version":[{"id":57051,"href":"https:\/\/www.fisan.com\/fr\/wp-json\/wp\/v2\/product\/33418\/revisions\/57051"}],"wp:featuredmedia":[{"embeddable":true,"href":"https:\/\/www.fisan.com\/fr\/wp-json\/wp\/v2\/media\/24745"}],"wp:attachment":[{"href":"https:\/\/www.fisan.com\/fr\/wp-json\/wp\/v2\/media?parent=33418"}],"wp:term":[{"taxonomy":"product_brand","embeddable":true,"href":"https:\/\/www.fisan.com\/fr\/wp-json\/wp\/v2\/product_brand?post=33418"},{"taxonomy":"product_cat","embeddable":true,"href":"https:\/\/www.fisan.com\/fr\/wp-json\/wp\/v2\/product_cat?post=33418"},{"taxonomy":"product_tag","embeddable":true,"href":"https:\/\/www.fisan.com\/fr\/wp-json\/wp\/v2\/product_tag?post=33418"},{"taxonomy":"gama","embeddable":true,"href":"https:\/\/www.fisan.com\/fr\/wp-json\/wp\/v2\/gama?post=33418"},{"taxonomy":"calidad","embeddable":true,"href":"https:\/\/www.fisan.com\/fr\/wp-json\/wp\/v2\/calidad?post=33418"}],"curies":[{"name":"wp","href":"https:\/\/api.w.org\/{rel}","templated":true}]}}