{"id":33460,"date":"2022-10-07T16:54:00","date_gmt":"2022-10-07T14:54:00","guid":{"rendered":"https:\/\/www.fisan.com\/producto\/lomo-de-bellota-iberico-50-race-iberica\/"},"modified":"2026-01-17T19:35:52","modified_gmt":"2026-01-17T18:35:52","slug":"lomo-de-bellota-iberique-50-race-iberique","status":"publish","type":"product","link":"https:\/\/www.fisan.com\/fr\/boutique\/lomo-de-bellota-iberico-50-race-iberica\/","title":{"rendered":"Lomo de Bellota Ib\u00e9rique 50% Race Ib\u00e9rique"},"content":{"rendered":"<p>Le Lomo de Bellota Ib\u00e9rique 50% Race Ib\u00e9rique FISAN se caract\u00e9rise par sa douceur en bouche, sa texture vein\u00e9e et son ar\u00f4me intense. Ce lomo est \u00e9labor\u00e9 suivant une recette de salaison traditionnelle \u00e0 base de paprika, sa viande n\u2019\u00e9tant jamais congel\u00e9e au cours de sa transformation. Il est soigneusement vieilli dans des s\u00e9choirs naturels durant au moins six mois. 100% Naturel.<\/p>\n<p>&nbsp;<\/p>\n<p><strong>D\u00e9gustez votre lomo de bellota 50% ib\u00e9rique coup\u00e9 en tranches :<\/strong><br \/>\nLe format id\u00e9al pour ceux qui veulent d\u00e9guster notre lomo de bellota 50% ib\u00e9rique de mani\u00e8re simple et confortable. Dans cette pr\u00e9sentation, vous trouverez 10 blisters de 100 grammes dans une bo\u00eete cadeau parfaite.<\/p>\n","protected":false},"excerpt":{"rendered":"<p>Le Lomo de Bellota Ib\u00e9rique 50% Race Ib\u00e9rique FISAN se caract\u00e9rise par sa douceur en bouche, sa texture vein\u00e9e et son ar\u00f4me intense. Ce lomo est \u00e9labor\u00e9 suivant une recette de salaison traditionnelle \u00e0 base de paprika, sa viande n\u2019\u00e9tant jamais congel\u00e9e au cours de sa transformation. Il est soigneusement vieilli dans des s\u00e9choirs naturels &#8230; <a title=\"Lomo de Bellota Ib\u00e9rique 50% Race Ib\u00e9rique\" class=\"read-more\" href=\"https:\/\/www.fisan.com\/fr\/boutique\/lomo-de-bellota-iberico-50-race-iberica\/\" aria-label=\"En savoir plus sur Lomo de Bellota Ib\u00e9rique 50% Race Ib\u00e9rique\">Lire la suite<\/a><\/p>\n","protected":false},"featured_media":24861,"template":"","meta":{"_acf_changed":false,"_wp_rev_ctl_limit":""},"product_brand":[],"product_cat":[713,354],"product_tag":[519],"gama":[1371],"calidad":[338],"class_list":{"0":"post-33460","1":"product","2":"type-product","3":"status-publish","4":"has-post-thumbnail","6":"product_cat-produits-lomo-de-bellota","7":"product_cat-produits-lomo","8":"product_tag-st","9":"gama-sabor-tradicional-fr-2","10":"calidad-1-bellota-iberico","12":"first","13":"instock","14":"taxable","15":"shipping-taxable","16":"purchasable","17":"product-type-variable","18":"has-default-attributes"},"acf":[],"yoast_head":"<!-- This site is optimized with the Yoast SEO plugin v25.4 - https:\/\/yoast.com\/wordpress\/plugins\/seo\/ -->\n<title>Lomo de Bellota Ib\u00e9rique 50% Race Ib\u00e9rique | FISAN<\/title>\n<meta name=\"robots\" content=\"index, follow, max-snippet:-1, max-image-preview:large, max-video-preview:-1\" \/>\n<link rel=\"canonical\" href=\"https:\/\/www.fisan.com\/fr\/boutique\/lomo-de-bellota-iberico-50-race-iberica\/\" \/>\n<meta property=\"og:locale\" content=\"fr_FR\" \/>\n<meta property=\"og:type\" content=\"article\" \/>\n<meta property=\"og:title\" content=\"Lomo de Bellota Ib\u00e9rique 50% Race Ib\u00e9rique | FISAN\" \/>\n<meta property=\"og:description\" content=\"Le Lomo de Bellota Ib\u00e9rique 50% Race Ib\u00e9rique FISAN se caract\u00e9rise par sa douceur en bouche, sa texture vein\u00e9e et son ar\u00f4me intense. Ce lomo est \u00e9labor\u00e9 suivant une recette de salaison traditionnelle \u00e0 base de paprika, sa viande n\u2019\u00e9tant jamais congel\u00e9e au cours de sa transformation. Il est soigneusement vieilli dans des s\u00e9choirs naturels ... Lire la suite\" \/>\n<meta property=\"og:url\" content=\"https:\/\/www.fisan.com\/fr\/boutique\/lomo-de-bellota-iberico-50-race-iberica\/\" \/>\n<meta property=\"og:site_name\" content=\"FISAN\" \/>\n<meta property=\"article:modified_time\" content=\"2026-01-17T18:35:52+00:00\" \/>\n<meta property=\"og:image\" content=\"https:\/\/www.fisan.com\/wp-content\/uploads\/2022\/10\/lomo-bellota-iberico-50-st-pe-00.jpg\" \/>\n\t<meta property=\"og:image:width\" content=\"1200\" \/>\n\t<meta property=\"og:image:height\" content=\"2400\" \/>\n\t<meta property=\"og:image:type\" content=\"image\/jpeg\" \/>\n<meta name=\"twitter:card\" content=\"summary_large_image\" \/>\n<meta name=\"twitter:label1\" content=\"Disponibilit\u00e9\" \/>\n\t<meta name=\"twitter:data1\" content=\"En stock\" \/>\n<script type=\"application\/ld+json\" class=\"yoast-schema-graph\">{\n\t    \"@context\": \"https:\/\/schema.org\",\n\t    \"@graph\": [\n\t        {\n\t            \"@type\": \"WebPage\",\n\t            \"@id\": \"https:\/\/www.fisan.com\/fr\/boutique\/lomo-de-bellota-iberico-50-race-iberica\/\",\n\t            \"url\": \"https:\/\/www.fisan.com\/fr\/boutique\/lomo-de-bellota-iberico-50-race-iberica\/\",\n\t            \"name\": \"Lomo de Bellota Ib\u00e9rique 50% Race Ib\u00e9rique | FISAN\",\n\t            \"isPartOf\": {\n\t                \"@id\": \"https:\/\/www.fisan.com\/fr\/#website\"\n\t            },\n\t            \"primaryImageOfPage\": {\n\t                \"@id\": \"https:\/\/www.fisan.com\/fr\/boutique\/lomo-de-bellota-iberico-50-race-iberica\/#primaryimage\"\n\t            },\n\t            \"image\": {\n\t                \"@id\": \"https:\/\/www.fisan.com\/fr\/boutique\/lomo-de-bellota-iberico-50-race-iberica\/#primaryimage\"\n\t            },\n\t            \"thumbnailUrl\": \"https:\/\/www.fisan.com\/wp-content\/uploads\/2022\/10\/lomo-bellota-iberico-50-st-pe-00.jpg\",\n\t            \"datePublished\": \"2022-10-07T14:54:00+00:00\",\n\t            \"dateModified\": \"2026-01-17T18:35:52+00:00\",\n\t            \"breadcrumb\": {\n\t                \"@id\": \"https:\/\/www.fisan.com\/fr\/boutique\/lomo-de-bellota-iberico-50-race-iberica\/#breadcrumb\"\n\t            },\n\t            \"inLanguage\": \"fr-FR\",\n\t            \"potentialAction\": [\n\t                {\n\t                    \"@type\": \"ReadAction\",\n\t                    \"target\": [\n\t                        \"https:\/\/www.fisan.com\/fr\/boutique\/lomo-de-bellota-iberico-50-race-iberica\/\"\n\t                    ]\n\t                }\n\t            ]\n\t        },\n\t        {\n\t            \"@type\": \"ImageObject\",\n\t            \"inLanguage\": \"fr-FR\",\n\t            \"@id\": \"https:\/\/www.fisan.com\/fr\/boutique\/lomo-de-bellota-iberico-50-race-iberica\/#primaryimage\",\n\t            \"url\": \"https:\/\/www.fisan.com\/wp-content\/uploads\/2022\/10\/lomo-bellota-iberico-50-st-pe-00.jpg\",\n\t            \"contentUrl\": \"https:\/\/www.fisan.com\/wp-content\/uploads\/2022\/10\/lomo-bellota-iberico-50-st-pe-00.jpg\",\n\t            \"width\": 1200,\n\t            \"height\": 2400\n\t        },\n\t        {\n\t            \"@type\": \"BreadcrumbList\",\n\t            \"@id\": \"https:\/\/www.fisan.com\/fr\/boutique\/lomo-de-bellota-iberico-50-race-iberica\/#breadcrumb\",\n\t            \"itemListElement\": [\n\t                {\n\t                    \"@type\": \"ListItem\",\n\t                    \"position\": 1,\n\t                    \"name\": \"FISAN\",\n\t                    \"item\": \"https:\/\/www.fisan.com\/fr\/\"\n\t                },\n\t                {\n\t                    \"@type\": \"ListItem\",\n\t                    \"position\": 2,\n\t                    \"name\": \"Produits\",\n\t                    \"item\": \"https:\/\/www.fisan.com\/fr\/produits\/\"\n\t                },\n\t                {\n\t                    \"@type\": \"ListItem\",\n\t                    \"position\": 3,\n\t                    \"name\": \"Lomo de Bellota Ib\u00e9rique 50% Race Ib\u00e9rique\"\n\t                }\n\t            ]\n\t        },\n\t        {\n\t            \"@type\": \"WebSite\",\n\t            \"@id\": \"https:\/\/www.fisan.com\/fr\/#website\",\n\t            \"url\": \"https:\/\/www.fisan.com\/fr\/\",\n\t            \"name\": \"FISAN\",\n\t            \"description\": \"FISAN | Jamones de bellota ib\u00e9rico y embutidos ib\u00e9ricos desde 1920\",\n\t            \"potentialAction\": [\n\t                {\n\t                    \"@type\": \"SearchAction\",\n\t                    \"target\": {\n\t                        \"@type\": \"EntryPoint\",\n\t                        \"urlTemplate\": \"https:\/\/www.fisan.com\/fr\/?s={search_term_string}\"\n\t                    },\n\t                    \"query-input\": {\n\t                        \"@type\": \"PropertyValueSpecification\",\n\t                        \"valueRequired\": true,\n\t                        \"valueName\": \"search_term_string\"\n\t                    }\n\t                }\n\t            ],\n\t            \"inLanguage\": \"fr-FR\"\n\t        }\n\t    ]\n\t}<\/script>\n<meta property=\"og:availability\" content=\"instock\" \/>\n<meta property=\"product:availability\" content=\"instock\" \/>\n<meta property=\"product:retailer_item_id\" content=\"l-bi50\" \/>\n<meta property=\"product:condition\" content=\"new\" \/>\n<!-- \/ Yoast SEO plugin. -->","yoast_head_json":{"title":"Lomo de Bellota Ib\u00e9rique 50% Race Ib\u00e9rique | FISAN","robots":{"index":"index","follow":"follow","max-snippet":"max-snippet:-1","max-image-preview":"max-image-preview:large","max-video-preview":"max-video-preview:-1"},"canonical":"https:\/\/www.fisan.com\/fr\/boutique\/lomo-de-bellota-iberico-50-race-iberica\/","og_locale":"fr_FR","og_type":"article","og_title":"Lomo de Bellota Ib\u00e9rique 50% Race Ib\u00e9rique | FISAN","og_description":"Le Lomo de Bellota Ib\u00e9rique 50% Race Ib\u00e9rique FISAN se caract\u00e9rise par sa douceur en bouche, sa texture vein\u00e9e et son ar\u00f4me intense. Ce lomo est \u00e9labor\u00e9 suivant une recette de salaison traditionnelle \u00e0 base de paprika, sa viande n\u2019\u00e9tant jamais congel\u00e9e au cours de sa transformation. Il est soigneusement vieilli dans des s\u00e9choirs naturels ... Lire la suite","og_url":"https:\/\/www.fisan.com\/fr\/boutique\/lomo-de-bellota-iberico-50-race-iberica\/","og_site_name":"FISAN","article_modified_time":"2026-01-17T18:35:52+00:00","og_image":[{"width":1200,"height":2400,"url":"https:\/\/www.fisan.com\/wp-content\/uploads\/2022\/10\/lomo-bellota-iberico-50-st-pe-00.jpg","type":"image\/jpeg"}],"twitter_card":"summary_large_image","twitter_misc":{"Disponibilit\u00e9":"En stock"},"schema":{"@context":"https:\/\/schema.org","@graph":[{"@type":"WebPage","@id":"https:\/\/www.fisan.com\/fr\/boutique\/lomo-de-bellota-iberico-50-race-iberica\/","url":"https:\/\/www.fisan.com\/fr\/boutique\/lomo-de-bellota-iberico-50-race-iberica\/","name":"Lomo de Bellota Ib\u00e9rique 50% Race Ib\u00e9rique | FISAN","isPartOf":{"@id":"https:\/\/www.fisan.com\/fr\/#website"},"primaryImageOfPage":{"@id":"https:\/\/www.fisan.com\/fr\/boutique\/lomo-de-bellota-iberico-50-race-iberica\/#primaryimage"},"image":{"@id":"https:\/\/www.fisan.com\/fr\/boutique\/lomo-de-bellota-iberico-50-race-iberica\/#primaryimage"},"thumbnailUrl":"https:\/\/www.fisan.com\/wp-content\/uploads\/2022\/10\/lomo-bellota-iberico-50-st-pe-00.jpg","datePublished":"2022-10-07T14:54:00+00:00","dateModified":"2026-01-17T18:35:52+00:00","breadcrumb":{"@id":"https:\/\/www.fisan.com\/fr\/boutique\/lomo-de-bellota-iberico-50-race-iberica\/#breadcrumb"},"inLanguage":"fr-FR","potentialAction":[{"@type":"ReadAction","target":["https:\/\/www.fisan.com\/fr\/boutique\/lomo-de-bellota-iberico-50-race-iberica\/"]}]},{"@type":"ImageObject","inLanguage":"fr-FR","@id":"https:\/\/www.fisan.com\/fr\/boutique\/lomo-de-bellota-iberico-50-race-iberica\/#primaryimage","url":"https:\/\/www.fisan.com\/wp-content\/uploads\/2022\/10\/lomo-bellota-iberico-50-st-pe-00.jpg","contentUrl":"https:\/\/www.fisan.com\/wp-content\/uploads\/2022\/10\/lomo-bellota-iberico-50-st-pe-00.jpg","width":1200,"height":2400},{"@type":"BreadcrumbList","@id":"https:\/\/www.fisan.com\/fr\/boutique\/lomo-de-bellota-iberico-50-race-iberica\/#breadcrumb","itemListElement":[{"@type":"ListItem","position":1,"name":"FISAN","item":"https:\/\/www.fisan.com\/fr\/"},{"@type":"ListItem","position":2,"name":"Produits","item":"https:\/\/www.fisan.com\/fr\/produits\/"},{"@type":"ListItem","position":3,"name":"Lomo de Bellota Ib\u00e9rique 50% Race Ib\u00e9rique"}]},{"@type":"WebSite","@id":"https:\/\/www.fisan.com\/fr\/#website","url":"https:\/\/www.fisan.com\/fr\/","name":"FISAN","description":"FISAN | Jamones de bellota ib\u00e9rico y embutidos ib\u00e9ricos desde 1920","potentialAction":[{"@type":"SearchAction","target":{"@type":"EntryPoint","urlTemplate":"https:\/\/www.fisan.com\/fr\/?s={search_term_string}"},"query-input":{"@type":"PropertyValueSpecification","valueRequired":true,"valueName":"search_term_string"}}],"inLanguage":"fr-FR"}]},"og_availability":"instock","product_availability":"instock","product_retailer_item_id":"l-bi50","product_condition":"new"},"_links":{"self":[{"href":"https:\/\/www.fisan.com\/fr\/wp-json\/wp\/v2\/product\/33460","targetHints":{"allow":["GET"]}}],"collection":[{"href":"https:\/\/www.fisan.com\/fr\/wp-json\/wp\/v2\/product"}],"about":[{"href":"https:\/\/www.fisan.com\/fr\/wp-json\/wp\/v2\/types\/product"}],"version-history":[{"count":5,"href":"https:\/\/www.fisan.com\/fr\/wp-json\/wp\/v2\/product\/33460\/revisions"}],"predecessor-version":[{"id":51569,"href":"https:\/\/www.fisan.com\/fr\/wp-json\/wp\/v2\/product\/33460\/revisions\/51569"}],"wp:featuredmedia":[{"embeddable":true,"href":"https:\/\/www.fisan.com\/fr\/wp-json\/wp\/v2\/media\/24861"}],"wp:attachment":[{"href":"https:\/\/www.fisan.com\/fr\/wp-json\/wp\/v2\/media?parent=33460"}],"wp:term":[{"taxonomy":"product_brand","embeddable":true,"href":"https:\/\/www.fisan.com\/fr\/wp-json\/wp\/v2\/product_brand?post=33460"},{"taxonomy":"product_cat","embeddable":true,"href":"https:\/\/www.fisan.com\/fr\/wp-json\/wp\/v2\/product_cat?post=33460"},{"taxonomy":"product_tag","embeddable":true,"href":"https:\/\/www.fisan.com\/fr\/wp-json\/wp\/v2\/product_tag?post=33460"},{"taxonomy":"gama","embeddable":true,"href":"https:\/\/www.fisan.com\/fr\/wp-json\/wp\/v2\/gama?post=33460"},{"taxonomy":"calidad","embeddable":true,"href":"https:\/\/www.fisan.com\/fr\/wp-json\/wp\/v2\/calidad?post=33460"}],"curies":[{"name":"wp","href":"https:\/\/api.w.org\/{rel}","templated":true}]}}