{"id":33514,"date":"2022-10-07T16:55:01","date_gmt":"2022-10-07T14:55:01","guid":{"rendered":"https:\/\/www.fisan.com\/producto\/lomo-de-cebo-de-campo-iberico-50-race-iberica\/"},"modified":"2026-01-17T19:35:53","modified_gmt":"2026-01-17T18:35:53","slug":"lomo-de-cebo-de-campo-iberique-50-race-iberique","status":"publish","type":"product","link":"https:\/\/www.fisan.com\/fr\/boutique\/lomo-de-cebo-de-campo-iberico-50-race-iberica\/","title":{"rendered":"Lomo de Cebo de Campo Ib\u00e9rique 50% Race Ib\u00e9rique"},"content":{"rendered":"","protected":false},"excerpt":{"rendered":"<p>Le Lomo de Cebo de Campo Ib\u00e9rique 50% Race Ib\u00e9rique est l\u2019une des pi\u00e8ces nobles du porc. 100% naturel. \u00c9labor\u00e9 avec une marinade traditionnelle, \u00e0 base de piment\u00f3n (paprika) de La Vera et de sel. Son infiltration de graisse en fait l\u2019un des morceaux les plus savoureux et les plus doux. La maturation des Lomos de Cebo de Campo Ib\u00e9rique 50% Race Ib\u00e9rique FISAN s\u2019effectue pendant plus de 90 jours dans des s\u00e9choirs naturels qui mettent en valeur sa saveur.   <\/p>\n","protected":false},"featured_media":24973,"template":"","meta":{"_acf_changed":false,"_wp_rev_ctl_limit":""},"product_brand":[],"product_cat":[354],"product_tag":[519],"gama":[1371],"calidad":[503],"class_list":{"0":"post-33514","1":"product","2":"type-product","3":"status-publish","4":"has-post-thumbnail","6":"product_cat-produits-lomo","7":"product_tag-st","8":"gama-sabor-tradicional-fr-2","9":"calidad-2-cebo-de-campo-iberico-fr","11":"first","12":"instock","13":"taxable","14":"shipping-taxable","15":"purchasable","16":"product-type-variable","17":"has-default-attributes"},"acf":[],"yoast_head":"<!-- This site is optimized with the Yoast SEO plugin v25.4 - https:\/\/yoast.com\/wordpress\/plugins\/seo\/ -->\n<title>Lomo de Cebo de Campo Ib\u00e9rique 50% Race Ib\u00e9rique | FISAN<\/title>\n<meta name=\"robots\" content=\"index, follow, max-snippet:-1, max-image-preview:large, max-video-preview:-1\" \/>\n<link rel=\"canonical\" href=\"https:\/\/www.fisan.com\/fr\/boutique\/lomo-de-cebo-de-campo-iberico-50-race-iberica\/\" \/>\n<meta property=\"og:locale\" content=\"fr_FR\" \/>\n<meta property=\"og:type\" content=\"article\" \/>\n<meta property=\"og:title\" content=\"Lomo de Cebo de Campo Ib\u00e9rique 50% Race Ib\u00e9rique | FISAN\" \/>\n<meta property=\"og:description\" content=\"Le Lomo de Cebo de Campo Ib\u00e9rique 50% Race Ib\u00e9rique est l\u2019une des pi\u00e8ces nobles du porc. 100% naturel. \u00c9labor\u00e9 avec une marinade traditionnelle, \u00e0 base de piment\u00f3n (paprika) de La Vera et de sel. Son infiltration de graisse en fait l\u2019un des morceaux les plus savoureux et les plus doux. La maturation des Lomos de Cebo de Campo Ib\u00e9rique 50% Race Ib\u00e9rique FISAN s\u2019effectue pendant plus de 90 jours dans des s\u00e9choirs naturels qui mettent en valeur sa saveur.\" \/>\n<meta property=\"og:url\" content=\"https:\/\/www.fisan.com\/fr\/boutique\/lomo-de-cebo-de-campo-iberico-50-race-iberica\/\" \/>\n<meta property=\"og:site_name\" content=\"FISAN\" \/>\n<meta property=\"article:modified_time\" content=\"2026-01-17T18:35:53+00:00\" \/>\n<meta property=\"og:image\" content=\"https:\/\/www.fisan.com\/wp-content\/uploads\/2022\/10\/lomo-cebocampo-iberico-50-st-pe-00.jpg\" \/>\n\t<meta property=\"og:image:width\" content=\"1200\" \/>\n\t<meta property=\"og:image:height\" content=\"2400\" \/>\n\t<meta property=\"og:image:type\" content=\"image\/jpeg\" \/>\n<meta name=\"twitter:card\" content=\"summary_large_image\" \/>\n<meta name=\"twitter:label1\" content=\"Disponibilit\u00e9\" \/>\n\t<meta name=\"twitter:data1\" content=\"En stock\" \/>\n<script type=\"application\/ld+json\" class=\"yoast-schema-graph\">{\n\t    \"@context\": \"https:\/\/schema.org\",\n\t    \"@graph\": [\n\t        {\n\t            \"@type\": \"WebPage\",\n\t            \"@id\": \"https:\/\/www.fisan.com\/fr\/boutique\/lomo-de-cebo-de-campo-iberico-50-race-iberica\/\",\n\t            \"url\": \"https:\/\/www.fisan.com\/fr\/boutique\/lomo-de-cebo-de-campo-iberico-50-race-iberica\/\",\n\t            \"name\": \"Lomo de Cebo de Campo Ib\u00e9rique 50% Race Ib\u00e9rique | FISAN\",\n\t            \"isPartOf\": {\n\t                \"@id\": \"https:\/\/www.fisan.com\/fr\/#website\"\n\t            },\n\t            \"primaryImageOfPage\": {\n\t                \"@id\": \"https:\/\/www.fisan.com\/fr\/boutique\/lomo-de-cebo-de-campo-iberico-50-race-iberica\/#primaryimage\"\n\t            },\n\t            \"image\": {\n\t                \"@id\": \"https:\/\/www.fisan.com\/fr\/boutique\/lomo-de-cebo-de-campo-iberico-50-race-iberica\/#primaryimage\"\n\t            },\n\t            \"thumbnailUrl\": \"https:\/\/www.fisan.com\/wp-content\/uploads\/2022\/10\/lomo-cebocampo-iberico-50-st-pe-00.jpg\",\n\t            \"datePublished\": \"2022-10-07T14:55:01+00:00\",\n\t            \"dateModified\": \"2026-01-17T18:35:53+00:00\",\n\t            \"breadcrumb\": {\n\t                \"@id\": \"https:\/\/www.fisan.com\/fr\/boutique\/lomo-de-cebo-de-campo-iberico-50-race-iberica\/#breadcrumb\"\n\t            },\n\t            \"inLanguage\": \"fr-FR\",\n\t            \"potentialAction\": [\n\t                {\n\t                    \"@type\": \"ReadAction\",\n\t                    \"target\": [\n\t                        \"https:\/\/www.fisan.com\/fr\/boutique\/lomo-de-cebo-de-campo-iberico-50-race-iberica\/\"\n\t                    ]\n\t                }\n\t            ]\n\t        },\n\t        {\n\t            \"@type\": \"ImageObject\",\n\t            \"inLanguage\": \"fr-FR\",\n\t            \"@id\": \"https:\/\/www.fisan.com\/fr\/boutique\/lomo-de-cebo-de-campo-iberico-50-race-iberica\/#primaryimage\",\n\t            \"url\": \"https:\/\/www.fisan.com\/wp-content\/uploads\/2022\/10\/lomo-cebocampo-iberico-50-st-pe-00.jpg\",\n\t            \"contentUrl\": \"https:\/\/www.fisan.com\/wp-content\/uploads\/2022\/10\/lomo-cebocampo-iberico-50-st-pe-00.jpg\",\n\t            \"width\": 1200,\n\t            \"height\": 2400,\n\t            \"caption\": \"50 % DE RACE IB\u00c9RIQUE LONGE DE PORC IB\u00c9RIQUE FISAN\"\n\t        },\n\t        {\n\t            \"@type\": \"BreadcrumbList\",\n\t            \"@id\": \"https:\/\/www.fisan.com\/fr\/boutique\/lomo-de-cebo-de-campo-iberico-50-race-iberica\/#breadcrumb\",\n\t            \"itemListElement\": [\n\t                {\n\t                    \"@type\": \"ListItem\",\n\t                    \"position\": 1,\n\t                    \"name\": \"FISAN\",\n\t                    \"item\": \"https:\/\/www.fisan.com\/fr\/\"\n\t                },\n\t                {\n\t                    \"@type\": \"ListItem\",\n\t                    \"position\": 2,\n\t                    \"name\": \"Produits\",\n\t                    \"item\": \"https:\/\/www.fisan.com\/fr\/produits\/\"\n\t                },\n\t                {\n\t                    \"@type\": \"ListItem\",\n\t                    \"position\": 3,\n\t                    \"name\": \"Lomo de Cebo de Campo Ib\u00e9rique 50% Race Ib\u00e9rique\"\n\t                }\n\t            ]\n\t        },\n\t        {\n\t            \"@type\": \"WebSite\",\n\t            \"@id\": \"https:\/\/www.fisan.com\/fr\/#website\",\n\t            \"url\": \"https:\/\/www.fisan.com\/fr\/\",\n\t            \"name\": \"FISAN\",\n\t            \"description\": \"FISAN | Jamones de bellota ib\u00e9rico y embutidos ib\u00e9ricos desde 1920\",\n\t            \"potentialAction\": [\n\t                {\n\t                    \"@type\": \"SearchAction\",\n\t                    \"target\": {\n\t                        \"@type\": \"EntryPoint\",\n\t                        \"urlTemplate\": \"https:\/\/www.fisan.com\/fr\/?s={search_term_string}\"\n\t                    },\n\t                    \"query-input\": {\n\t                        \"@type\": \"PropertyValueSpecification\",\n\t                        \"valueRequired\": true,\n\t                        \"valueName\": \"search_term_string\"\n\t                    }\n\t                }\n\t            ],\n\t            \"inLanguage\": \"fr-FR\"\n\t        }\n\t    ]\n\t}<\/script>\n<meta property=\"og:availability\" content=\"instock\" \/>\n<meta property=\"product:availability\" content=\"instock\" \/>\n<meta property=\"product:retailer_item_id\" content=\"l-cc50\" \/>\n<meta property=\"product:condition\" content=\"new\" \/>\n<!-- \/ Yoast SEO plugin. -->","yoast_head_json":{"title":"Lomo de Cebo de Campo Ib\u00e9rique 50% Race Ib\u00e9rique | FISAN","robots":{"index":"index","follow":"follow","max-snippet":"max-snippet:-1","max-image-preview":"max-image-preview:large","max-video-preview":"max-video-preview:-1"},"canonical":"https:\/\/www.fisan.com\/fr\/boutique\/lomo-de-cebo-de-campo-iberico-50-race-iberica\/","og_locale":"fr_FR","og_type":"article","og_title":"Lomo de Cebo de Campo Ib\u00e9rique 50% Race Ib\u00e9rique | FISAN","og_description":"Le Lomo de Cebo de Campo Ib\u00e9rique 50% Race Ib\u00e9rique est l\u2019une des pi\u00e8ces nobles du porc. 100% naturel. \u00c9labor\u00e9 avec une marinade traditionnelle, \u00e0 base de piment\u00f3n (paprika) de La Vera et de sel. Son infiltration de graisse en fait l\u2019un des morceaux les plus savoureux et les plus doux. La maturation des Lomos de Cebo de Campo Ib\u00e9rique 50% Race Ib\u00e9rique FISAN s\u2019effectue pendant plus de 90 jours dans des s\u00e9choirs naturels qui mettent en valeur sa saveur.","og_url":"https:\/\/www.fisan.com\/fr\/boutique\/lomo-de-cebo-de-campo-iberico-50-race-iberica\/","og_site_name":"FISAN","article_modified_time":"2026-01-17T18:35:53+00:00","og_image":[{"width":1200,"height":2400,"url":"https:\/\/www.fisan.com\/wp-content\/uploads\/2022\/10\/lomo-cebocampo-iberico-50-st-pe-00.jpg","type":"image\/jpeg"}],"twitter_card":"summary_large_image","twitter_misc":{"Disponibilit\u00e9":"En stock"},"schema":{"@context":"https:\/\/schema.org","@graph":[{"@type":"WebPage","@id":"https:\/\/www.fisan.com\/fr\/boutique\/lomo-de-cebo-de-campo-iberico-50-race-iberica\/","url":"https:\/\/www.fisan.com\/fr\/boutique\/lomo-de-cebo-de-campo-iberico-50-race-iberica\/","name":"Lomo de Cebo de Campo Ib\u00e9rique 50% Race Ib\u00e9rique | FISAN","isPartOf":{"@id":"https:\/\/www.fisan.com\/fr\/#website"},"primaryImageOfPage":{"@id":"https:\/\/www.fisan.com\/fr\/boutique\/lomo-de-cebo-de-campo-iberico-50-race-iberica\/#primaryimage"},"image":{"@id":"https:\/\/www.fisan.com\/fr\/boutique\/lomo-de-cebo-de-campo-iberico-50-race-iberica\/#primaryimage"},"thumbnailUrl":"https:\/\/www.fisan.com\/wp-content\/uploads\/2022\/10\/lomo-cebocampo-iberico-50-st-pe-00.jpg","datePublished":"2022-10-07T14:55:01+00:00","dateModified":"2026-01-17T18:35:53+00:00","breadcrumb":{"@id":"https:\/\/www.fisan.com\/fr\/boutique\/lomo-de-cebo-de-campo-iberico-50-race-iberica\/#breadcrumb"},"inLanguage":"fr-FR","potentialAction":[{"@type":"ReadAction","target":["https:\/\/www.fisan.com\/fr\/boutique\/lomo-de-cebo-de-campo-iberico-50-race-iberica\/"]}]},{"@type":"ImageObject","inLanguage":"fr-FR","@id":"https:\/\/www.fisan.com\/fr\/boutique\/lomo-de-cebo-de-campo-iberico-50-race-iberica\/#primaryimage","url":"https:\/\/www.fisan.com\/wp-content\/uploads\/2022\/10\/lomo-cebocampo-iberico-50-st-pe-00.jpg","contentUrl":"https:\/\/www.fisan.com\/wp-content\/uploads\/2022\/10\/lomo-cebocampo-iberico-50-st-pe-00.jpg","width":1200,"height":2400,"caption":"50 % DE RACE IB\u00c9RIQUE LONGE DE PORC IB\u00c9RIQUE FISAN"},{"@type":"BreadcrumbList","@id":"https:\/\/www.fisan.com\/fr\/boutique\/lomo-de-cebo-de-campo-iberico-50-race-iberica\/#breadcrumb","itemListElement":[{"@type":"ListItem","position":1,"name":"FISAN","item":"https:\/\/www.fisan.com\/fr\/"},{"@type":"ListItem","position":2,"name":"Produits","item":"https:\/\/www.fisan.com\/fr\/produits\/"},{"@type":"ListItem","position":3,"name":"Lomo de Cebo de Campo Ib\u00e9rique 50% Race Ib\u00e9rique"}]},{"@type":"WebSite","@id":"https:\/\/www.fisan.com\/fr\/#website","url":"https:\/\/www.fisan.com\/fr\/","name":"FISAN","description":"FISAN | Jamones de bellota ib\u00e9rico y embutidos ib\u00e9ricos desde 1920","potentialAction":[{"@type":"SearchAction","target":{"@type":"EntryPoint","urlTemplate":"https:\/\/www.fisan.com\/fr\/?s={search_term_string}"},"query-input":{"@type":"PropertyValueSpecification","valueRequired":true,"valueName":"search_term_string"}}],"inLanguage":"fr-FR"}]},"og_availability":"instock","product_availability":"instock","product_retailer_item_id":"l-cc50","product_condition":"new"},"_links":{"self":[{"href":"https:\/\/www.fisan.com\/fr\/wp-json\/wp\/v2\/product\/33514","targetHints":{"allow":["GET"]}}],"collection":[{"href":"https:\/\/www.fisan.com\/fr\/wp-json\/wp\/v2\/product"}],"about":[{"href":"https:\/\/www.fisan.com\/fr\/wp-json\/wp\/v2\/types\/product"}],"version-history":[{"count":3,"href":"https:\/\/www.fisan.com\/fr\/wp-json\/wp\/v2\/product\/33514\/revisions"}],"predecessor-version":[{"id":38376,"href":"https:\/\/www.fisan.com\/fr\/wp-json\/wp\/v2\/product\/33514\/revisions\/38376"}],"wp:featuredmedia":[{"embeddable":true,"href":"https:\/\/www.fisan.com\/fr\/wp-json\/wp\/v2\/media\/24973"}],"wp:attachment":[{"href":"https:\/\/www.fisan.com\/fr\/wp-json\/wp\/v2\/media?parent=33514"}],"wp:term":[{"taxonomy":"product_brand","embeddable":true,"href":"https:\/\/www.fisan.com\/fr\/wp-json\/wp\/v2\/product_brand?post=33514"},{"taxonomy":"product_cat","embeddable":true,"href":"https:\/\/www.fisan.com\/fr\/wp-json\/wp\/v2\/product_cat?post=33514"},{"taxonomy":"product_tag","embeddable":true,"href":"https:\/\/www.fisan.com\/fr\/wp-json\/wp\/v2\/product_tag?post=33514"},{"taxonomy":"gama","embeddable":true,"href":"https:\/\/www.fisan.com\/fr\/wp-json\/wp\/v2\/gama?post=33514"},{"taxonomy":"calidad","embeddable":true,"href":"https:\/\/www.fisan.com\/fr\/wp-json\/wp\/v2\/calidad?post=33514"}],"curies":[{"name":"wp","href":"https:\/\/api.w.org\/{rel}","templated":true}]}}