{"id":33534,"date":"2022-10-07T16:55:30","date_gmt":"2022-10-07T14:55:30","guid":{"rendered":"https:\/\/www.fisan.com\/producto\/saucisson-de-bellota\/"},"modified":"2025-05-30T13:41:04","modified_gmt":"2025-05-30T11:41:04","slug":"saucisson-de-bellota-iberique","status":"publish","type":"product","link":"https:\/\/www.fisan.com\/fr\/boutique\/saucisson-de-bellota\/","title":{"rendered":"Saucisson de Bellota Ib\u00e9rique 100% Naturel"},"content":{"rendered":"<p>Le Saucisson de Bellota Ib\u00e9rique 100% Naturel FISAN se caract\u00e9rise par une saveur agr\u00e9able en bouche l\u00e9g\u00e8rement poivr\u00e9e tout en d\u00e9gageant un ar\u00f4me merveilleux. Il est \u00e9labor\u00e9 avec de la viande de porc de bellota jamais congel\u00e9e respectant ainsi le savoir-faire ancestral. Il est vieilli dans des s\u00e9choirs naturels durant au moins cinq mois. 100% Naturel.<\/p>\n","protected":false},"excerpt":{"rendered":"<p>Le Saucisson de Bellota Ib\u00e9rique 100% Naturel FISAN se caract\u00e9rise par une saveur agr\u00e9able en bouche l\u00e9g\u00e8rement poivr\u00e9e tout en d\u00e9gageant un ar\u00f4me merveilleux. Il est \u00e9labor\u00e9 avec de la viande de porc de bellota jamais congel\u00e9e respectant ainsi le savoir-faire ancestral. Il est vieilli dans des s\u00e9choirs naturels durant au moins cinq mois. 100% &#8230; <a title=\"Saucisson de Bellota Ib\u00e9rique 100% Naturel\" class=\"read-more\" href=\"https:\/\/www.fisan.com\/fr\/boutique\/saucisson-de-bellota\/\" aria-label=\"En savoir plus sur Saucisson de Bellota Ib\u00e9rique 100% Naturel\">Lire la suite<\/a><\/p>\n","protected":false},"featured_media":25037,"template":"","meta":{"_acf_changed":false,"_wp_rev_ctl_limit":""},"product_brand":[],"product_cat":[353],"product_tag":[529,519],"gama":[1371],"calidad":[338],"class_list":{"0":"post-33534","1":"product","2":"type-product","3":"status-publish","4":"has-post-thumbnail","6":"product_cat-4-charcuterie","7":"product_tag-destacados-embutido","8":"product_tag-st","9":"gama-sabor-tradicional-fr-2","10":"calidad-1-bellota-iberico","12":"first","13":"instock","14":"taxable","15":"shipping-taxable","16":"purchasable","17":"product-type-variable","18":"has-default-attributes"},"acf":[],"yoast_head":"<!-- This site is optimized with the Yoast SEO plugin v25.4 - https:\/\/yoast.com\/wordpress\/plugins\/seo\/ -->\n<title>Saucisson de Bellota Ib\u00e9rique 100% Naturel | FISAN<\/title>\n<meta name=\"robots\" content=\"index, follow, max-snippet:-1, max-image-preview:large, max-video-preview:-1\" \/>\n<link rel=\"canonical\" href=\"https:\/\/www.fisan.com\/fr\/boutique\/saucisson-de-bellota\/\" \/>\n<meta property=\"og:locale\" content=\"fr_FR\" \/>\n<meta property=\"og:type\" content=\"article\" \/>\n<meta property=\"og:title\" content=\"Saucisson de Bellota Ib\u00e9rique 100% Naturel | FISAN\" \/>\n<meta property=\"og:description\" content=\"Le Saucisson de Bellota Ib\u00e9rique 100% Naturel FISAN se caract\u00e9rise par une saveur agr\u00e9able en bouche l\u00e9g\u00e8rement poivr\u00e9e tout en d\u00e9gageant un ar\u00f4me merveilleux. Il est \u00e9labor\u00e9 avec de la viande de porc de bellota jamais congel\u00e9e respectant ainsi le savoir-faire ancestral. Il est vieilli dans des s\u00e9choirs naturels durant au moins cinq mois. 100% ... Lire la suite\" \/>\n<meta property=\"og:url\" content=\"https:\/\/www.fisan.com\/fr\/boutique\/saucisson-de-bellota\/\" \/>\n<meta property=\"og:site_name\" content=\"FISAN\" \/>\n<meta property=\"article:modified_time\" content=\"2025-05-30T11:41:04+00:00\" \/>\n<meta property=\"og:image\" content=\"https:\/\/www.fisan.com\/wp-content\/uploads\/2022\/10\/salchichon-bellota-iberico-st-pe-00.jpg\" \/>\n\t<meta property=\"og:image:width\" content=\"1200\" \/>\n\t<meta property=\"og:image:height\" content=\"2400\" \/>\n\t<meta property=\"og:image:type\" content=\"image\/jpeg\" \/>\n<meta name=\"twitter:card\" content=\"summary_large_image\" \/>\n<meta name=\"twitter:label1\" content=\"Disponibilit\u00e9\" \/>\n\t<meta name=\"twitter:data1\" content=\"En stock\" \/>\n<script type=\"application\/ld+json\" class=\"yoast-schema-graph\">{\n\t    \"@context\": \"https:\/\/schema.org\",\n\t    \"@graph\": [\n\t        {\n\t            \"@type\": \"WebPage\",\n\t            \"@id\": \"https:\/\/www.fisan.com\/fr\/boutique\/saucisson-de-bellota\/\",\n\t            \"url\": \"https:\/\/www.fisan.com\/fr\/boutique\/saucisson-de-bellota\/\",\n\t            \"name\": \"Saucisson de Bellota Ib\u00e9rique 100% Naturel | FISAN\",\n\t            \"isPartOf\": {\n\t                \"@id\": \"https:\/\/www.fisan.com\/fr\/#website\"\n\t            },\n\t            \"primaryImageOfPage\": {\n\t                \"@id\": \"https:\/\/www.fisan.com\/fr\/boutique\/saucisson-de-bellota\/#primaryimage\"\n\t            },\n\t            \"image\": {\n\t                \"@id\": \"https:\/\/www.fisan.com\/fr\/boutique\/saucisson-de-bellota\/#primaryimage\"\n\t            },\n\t            \"thumbnailUrl\": \"https:\/\/www.fisan.com\/wp-content\/uploads\/2022\/10\/salchichon-bellota-iberico-st-pe-00.jpg\",\n\t            \"datePublished\": \"2022-10-07T14:55:30+00:00\",\n\t            \"dateModified\": \"2025-05-30T11:41:04+00:00\",\n\t            \"breadcrumb\": {\n\t                \"@id\": \"https:\/\/www.fisan.com\/fr\/boutique\/saucisson-de-bellota\/#breadcrumb\"\n\t            },\n\t            \"inLanguage\": \"fr-FR\",\n\t            \"potentialAction\": [\n\t                {\n\t                    \"@type\": \"ReadAction\",\n\t                    \"target\": [\n\t                        \"https:\/\/www.fisan.com\/fr\/boutique\/saucisson-de-bellota\/\"\n\t                    ]\n\t                }\n\t            ]\n\t        },\n\t        {\n\t            \"@type\": \"ImageObject\",\n\t            \"inLanguage\": \"fr-FR\",\n\t            \"@id\": \"https:\/\/www.fisan.com\/fr\/boutique\/saucisson-de-bellota\/#primaryimage\",\n\t            \"url\": \"https:\/\/www.fisan.com\/wp-content\/uploads\/2022\/10\/salchichon-bellota-iberico-st-pe-00.jpg\",\n\t            \"contentUrl\": \"https:\/\/www.fisan.com\/wp-content\/uploads\/2022\/10\/salchichon-bellota-iberico-st-pe-00.jpg\",\n\t            \"width\": 1200,\n\t            \"height\": 2400,\n\t            \"caption\": \"Saucisson de Bellota Ib\u00e9rique FISAN\"\n\t        },\n\t        {\n\t            \"@type\": \"BreadcrumbList\",\n\t            \"@id\": \"https:\/\/www.fisan.com\/fr\/boutique\/saucisson-de-bellota\/#breadcrumb\",\n\t            \"itemListElement\": [\n\t                {\n\t                    \"@type\": \"ListItem\",\n\t                    \"position\": 1,\n\t                    \"name\": \"FISAN\",\n\t                    \"item\": \"https:\/\/www.fisan.com\/fr\/\"\n\t                },\n\t                {\n\t                    \"@type\": \"ListItem\",\n\t                    \"position\": 2,\n\t                    \"name\": \"Produits\",\n\t                    \"item\": \"https:\/\/www.fisan.com\/fr\/produits\/\"\n\t                },\n\t                {\n\t                    \"@type\": \"ListItem\",\n\t                    \"position\": 3,\n\t                    \"name\": \"Saucisson de Bellota Ib\u00e9rique 100% Naturel\"\n\t                }\n\t            ]\n\t        },\n\t        {\n\t            \"@type\": \"WebSite\",\n\t            \"@id\": \"https:\/\/www.fisan.com\/fr\/#website\",\n\t            \"url\": \"https:\/\/www.fisan.com\/fr\/\",\n\t            \"name\": \"FISAN\",\n\t            \"description\": \"FISAN | Jamones de bellota ib\u00e9rico y embutidos ib\u00e9ricos desde 1920\",\n\t            \"potentialAction\": [\n\t                {\n\t                    \"@type\": \"SearchAction\",\n\t                    \"target\": {\n\t                        \"@type\": \"EntryPoint\",\n\t                        \"urlTemplate\": \"https:\/\/www.fisan.com\/fr\/?s={search_term_string}\"\n\t                    },\n\t                    \"query-input\": {\n\t                        \"@type\": \"PropertyValueSpecification\",\n\t                        \"valueRequired\": true,\n\t                        \"valueName\": \"search_term_string\"\n\t                    }\n\t                }\n\t            ],\n\t            \"inLanguage\": \"fr-FR\"\n\t        }\n\t    ]\n\t}<\/script>\n<meta property=\"og:availability\" content=\"instock\" \/>\n<meta property=\"product:availability\" content=\"instock\" \/>\n<meta property=\"product:retailer_item_id\" content=\"s-bi50\" \/>\n<meta property=\"product:condition\" content=\"new\" \/>\n<!-- \/ Yoast SEO plugin. -->","yoast_head_json":{"title":"Saucisson de Bellota Ib\u00e9rique 100% Naturel | FISAN","robots":{"index":"index","follow":"follow","max-snippet":"max-snippet:-1","max-image-preview":"max-image-preview:large","max-video-preview":"max-video-preview:-1"},"canonical":"https:\/\/www.fisan.com\/fr\/boutique\/saucisson-de-bellota\/","og_locale":"fr_FR","og_type":"article","og_title":"Saucisson de Bellota Ib\u00e9rique 100% Naturel | FISAN","og_description":"Le Saucisson de Bellota Ib\u00e9rique 100% Naturel FISAN se caract\u00e9rise par une saveur agr\u00e9able en bouche l\u00e9g\u00e8rement poivr\u00e9e tout en d\u00e9gageant un ar\u00f4me merveilleux. Il est \u00e9labor\u00e9 avec de la viande de porc de bellota jamais congel\u00e9e respectant ainsi le savoir-faire ancestral. Il est vieilli dans des s\u00e9choirs naturels durant au moins cinq mois. 100% ... Lire la suite","og_url":"https:\/\/www.fisan.com\/fr\/boutique\/saucisson-de-bellota\/","og_site_name":"FISAN","article_modified_time":"2025-05-30T11:41:04+00:00","og_image":[{"width":1200,"height":2400,"url":"https:\/\/www.fisan.com\/wp-content\/uploads\/2022\/10\/salchichon-bellota-iberico-st-pe-00.jpg","type":"image\/jpeg"}],"twitter_card":"summary_large_image","twitter_misc":{"Disponibilit\u00e9":"En stock"},"schema":{"@context":"https:\/\/schema.org","@graph":[{"@type":"WebPage","@id":"https:\/\/www.fisan.com\/fr\/boutique\/saucisson-de-bellota\/","url":"https:\/\/www.fisan.com\/fr\/boutique\/saucisson-de-bellota\/","name":"Saucisson de Bellota Ib\u00e9rique 100% Naturel | FISAN","isPartOf":{"@id":"https:\/\/www.fisan.com\/fr\/#website"},"primaryImageOfPage":{"@id":"https:\/\/www.fisan.com\/fr\/boutique\/saucisson-de-bellota\/#primaryimage"},"image":{"@id":"https:\/\/www.fisan.com\/fr\/boutique\/saucisson-de-bellota\/#primaryimage"},"thumbnailUrl":"https:\/\/www.fisan.com\/wp-content\/uploads\/2022\/10\/salchichon-bellota-iberico-st-pe-00.jpg","datePublished":"2022-10-07T14:55:30+00:00","dateModified":"2025-05-30T11:41:04+00:00","breadcrumb":{"@id":"https:\/\/www.fisan.com\/fr\/boutique\/saucisson-de-bellota\/#breadcrumb"},"inLanguage":"fr-FR","potentialAction":[{"@type":"ReadAction","target":["https:\/\/www.fisan.com\/fr\/boutique\/saucisson-de-bellota\/"]}]},{"@type":"ImageObject","inLanguage":"fr-FR","@id":"https:\/\/www.fisan.com\/fr\/boutique\/saucisson-de-bellota\/#primaryimage","url":"https:\/\/www.fisan.com\/wp-content\/uploads\/2022\/10\/salchichon-bellota-iberico-st-pe-00.jpg","contentUrl":"https:\/\/www.fisan.com\/wp-content\/uploads\/2022\/10\/salchichon-bellota-iberico-st-pe-00.jpg","width":1200,"height":2400,"caption":"Saucisson de Bellota Ib\u00e9rique FISAN"},{"@type":"BreadcrumbList","@id":"https:\/\/www.fisan.com\/fr\/boutique\/saucisson-de-bellota\/#breadcrumb","itemListElement":[{"@type":"ListItem","position":1,"name":"FISAN","item":"https:\/\/www.fisan.com\/fr\/"},{"@type":"ListItem","position":2,"name":"Produits","item":"https:\/\/www.fisan.com\/fr\/produits\/"},{"@type":"ListItem","position":3,"name":"Saucisson de Bellota Ib\u00e9rique 100% Naturel"}]},{"@type":"WebSite","@id":"https:\/\/www.fisan.com\/fr\/#website","url":"https:\/\/www.fisan.com\/fr\/","name":"FISAN","description":"FISAN | Jamones de bellota ib\u00e9rico y embutidos ib\u00e9ricos desde 1920","potentialAction":[{"@type":"SearchAction","target":{"@type":"EntryPoint","urlTemplate":"https:\/\/www.fisan.com\/fr\/?s={search_term_string}"},"query-input":{"@type":"PropertyValueSpecification","valueRequired":true,"valueName":"search_term_string"}}],"inLanguage":"fr-FR"}]},"og_availability":"instock","product_availability":"instock","product_retailer_item_id":"s-bi50","product_condition":"new"},"_links":{"self":[{"href":"https:\/\/www.fisan.com\/fr\/wp-json\/wp\/v2\/product\/33534","targetHints":{"allow":["GET"]}}],"collection":[{"href":"https:\/\/www.fisan.com\/fr\/wp-json\/wp\/v2\/product"}],"about":[{"href":"https:\/\/www.fisan.com\/fr\/wp-json\/wp\/v2\/types\/product"}],"version-history":[{"count":7,"href":"https:\/\/www.fisan.com\/fr\/wp-json\/wp\/v2\/product\/33534\/revisions"}],"predecessor-version":[{"id":55933,"href":"https:\/\/www.fisan.com\/fr\/wp-json\/wp\/v2\/product\/33534\/revisions\/55933"}],"wp:featuredmedia":[{"embeddable":true,"href":"https:\/\/www.fisan.com\/fr\/wp-json\/wp\/v2\/media\/25037"}],"wp:attachment":[{"href":"https:\/\/www.fisan.com\/fr\/wp-json\/wp\/v2\/media?parent=33534"}],"wp:term":[{"taxonomy":"product_brand","embeddable":true,"href":"https:\/\/www.fisan.com\/fr\/wp-json\/wp\/v2\/product_brand?post=33534"},{"taxonomy":"product_cat","embeddable":true,"href":"https:\/\/www.fisan.com\/fr\/wp-json\/wp\/v2\/product_cat?post=33534"},{"taxonomy":"product_tag","embeddable":true,"href":"https:\/\/www.fisan.com\/fr\/wp-json\/wp\/v2\/product_tag?post=33534"},{"taxonomy":"gama","embeddable":true,"href":"https:\/\/www.fisan.com\/fr\/wp-json\/wp\/v2\/gama?post=33534"},{"taxonomy":"calidad","embeddable":true,"href":"https:\/\/www.fisan.com\/fr\/wp-json\/wp\/v2\/calidad?post=33534"}],"curies":[{"name":"wp","href":"https:\/\/api.w.org\/{rel}","templated":true}]}}