{"id":33564,"date":"2022-10-07T16:56:08","date_gmt":"2022-10-07T14:56:08","guid":{"rendered":"https:\/\/www.fisan.com\/producto\/chorizo-de-bellota-iberico-piquant\/"},"modified":"2025-06-06T16:46:31","modified_gmt":"2025-06-06T14:46:31","slug":"chorizo-de-bellota-iberico-piquant-naturel","status":"publish","type":"product","link":"https:\/\/www.fisan.com\/fr\/boutique\/chorizo-de-bellota-iberico-piquant\/","title":{"rendered":"Chorizo de Bellota Ib\u00e9rique Piquant 100% Naturel"},"content":{"rendered":"<p>Le Chorizo de Bellota Ib\u00e9rique Piquant 100% Naturel FISAN s\u2019\u00e9labore en marinant de mani\u00e8re traditionnelle le magro (viande maigre situ\u00e9 pr\u00e8s du lomo) ainsi que les viandes nobles du porc telles que la presa et le secreto (qui ne sont jamais congel\u00e9es). L\u2019ingr\u00e9dient naturel qui fait son originalit\u00e9 est l\u2019excellent piment\u00f3n piquant de la Vera (paprika produit dans cette zone d\u2019Estr\u00e9madure). Ce piment\u00f3n p\u00e9n\u00e8tre dans la viande et rend le magro juteux. Le Chorizo de Bellota Ib\u00e9rique Piquant Naturel FISAN ravit les palais en qu\u00eate d\u2019un go\u00fbt fort et savoureux. Son affinage, partie fondamentale de son processus d\u2019\u00e9laboration, a lieu dans les s\u00e9choirs naturels que FISAN poss\u00e8de \u00e0 Guijuelo et exige des conditions d\u2019humidit\u00e9 et une temp\u00e9rature tr\u00e8s concr\u00e8tes ce qui limite sa production. Apr\u00e8s ce patient affinage d\u2019au moins 5 mois dans les caves de FISAN o\u00f9 elle est soumise \u00e0 de rigoureux contr\u00f4les, la pi\u00e8ce est enfin pr\u00eate \u00e0 \u00eatre d\u00e9gust\u00e9e.<\/p>\n","protected":false},"excerpt":{"rendered":"<p>Le Chorizo de Bellota Ib\u00e9rique Piquant 100% Naturel FISAN s\u2019\u00e9labore en marinant de mani\u00e8re traditionnelle le magro (viande maigre situ\u00e9 pr\u00e8s du lomo) ainsi que les viandes nobles du porc telles que la presa et le secreto (qui ne sont jamais congel\u00e9es). L\u2019ingr\u00e9dient naturel qui fait son originalit\u00e9 est l\u2019excellent piment\u00f3n piquant de la Vera &#8230; <a title=\"Chorizo de Bellota Ib\u00e9rique Piquant 100% Naturel\" class=\"read-more\" href=\"https:\/\/www.fisan.com\/fr\/boutique\/chorizo-de-bellota-iberico-piquant\/\" aria-label=\"En savoir plus sur Chorizo de Bellota Ib\u00e9rique Piquant 100% Naturel\">Lire la suite<\/a><\/p>\n","protected":false},"featured_media":25125,"template":"","meta":{"_acf_changed":false,"_wp_rev_ctl_limit":""},"product_brand":[],"product_cat":[353],"product_tag":[519],"gama":[],"calidad":[338],"class_list":{"0":"post-33564","1":"product","2":"type-product","3":"status-publish","4":"has-post-thumbnail","6":"product_cat-4-charcuterie","7":"product_tag-st","8":"calidad-1-bellota-iberico","10":"first","11":"outofstock","12":"taxable","13":"shipping-taxable","14":"purchasable","15":"product-type-variable","16":"has-default-attributes"},"acf":[],"yoast_head":"<!-- This site is optimized with the Yoast SEO plugin v25.4 - https:\/\/yoast.com\/wordpress\/plugins\/seo\/ -->\n<title>Chorizo de Bellota Ib\u00e9rique Piquant 100% Naturel | FISAN<\/title>\n<meta name=\"robots\" content=\"index, follow, max-snippet:-1, max-image-preview:large, max-video-preview:-1\" \/>\n<link rel=\"canonical\" href=\"https:\/\/www.fisan.com\/fr\/boutique\/chorizo-de-bellota-iberico-piquant\/\" \/>\n<meta property=\"og:locale\" content=\"fr_FR\" \/>\n<meta property=\"og:type\" content=\"article\" \/>\n<meta property=\"og:title\" content=\"Chorizo de Bellota Ib\u00e9rique Piquant 100% Naturel | FISAN\" \/>\n<meta property=\"og:description\" content=\"Le Chorizo de Bellota Ib\u00e9rique Piquant 100% Naturel FISAN s\u2019\u00e9labore en marinant de mani\u00e8re traditionnelle le magro (viande maigre situ\u00e9 pr\u00e8s du lomo) ainsi que les viandes nobles du porc telles que la presa et le secreto (qui ne sont jamais congel\u00e9es). L\u2019ingr\u00e9dient naturel qui fait son originalit\u00e9 est l\u2019excellent piment\u00f3n piquant de la Vera ... Lire la suite\" \/>\n<meta property=\"og:url\" content=\"https:\/\/www.fisan.com\/fr\/boutique\/chorizo-de-bellota-iberico-piquant\/\" \/>\n<meta property=\"og:site_name\" content=\"FISAN\" \/>\n<meta property=\"article:modified_time\" content=\"2025-06-06T14:46:31+00:00\" \/>\n<meta property=\"og:image\" content=\"https:\/\/www.fisan.com\/wp-content\/uploads\/2022\/10\/chorizo-bellota-iberico-picante-st-pe-00.jpg\" \/>\n\t<meta property=\"og:image:width\" content=\"1200\" \/>\n\t<meta property=\"og:image:height\" content=\"2400\" \/>\n\t<meta property=\"og:image:type\" content=\"image\/jpeg\" \/>\n<meta name=\"twitter:card\" content=\"summary_large_image\" \/>\n<meta name=\"twitter:label1\" content=\"Disponibilit\u00e9\" \/>\n\t<meta name=\"twitter:data1\" content=\"Rupture de stock\" \/>\n<script type=\"application\/ld+json\" class=\"yoast-schema-graph\">{\n\t    \"@context\": \"https:\/\/schema.org\",\n\t    \"@graph\": [\n\t        {\n\t            \"@type\": \"WebPage\",\n\t            \"@id\": \"https:\/\/www.fisan.com\/fr\/boutique\/chorizo-de-bellota-iberico-piquant\/\",\n\t            \"url\": \"https:\/\/www.fisan.com\/fr\/boutique\/chorizo-de-bellota-iberico-piquant\/\",\n\t            \"name\": \"Chorizo de Bellota Ib\u00e9rique Piquant 100% Naturel | FISAN\",\n\t            \"isPartOf\": {\n\t                \"@id\": \"https:\/\/www.fisan.com\/fr\/#website\"\n\t            },\n\t            \"primaryImageOfPage\": {\n\t                \"@id\": \"https:\/\/www.fisan.com\/fr\/boutique\/chorizo-de-bellota-iberico-piquant\/#primaryimage\"\n\t            },\n\t            \"image\": {\n\t                \"@id\": \"https:\/\/www.fisan.com\/fr\/boutique\/chorizo-de-bellota-iberico-piquant\/#primaryimage\"\n\t            },\n\t            \"thumbnailUrl\": \"https:\/\/www.fisan.com\/wp-content\/uploads\/2022\/10\/chorizo-bellota-iberico-picante-st-pe-00.jpg\",\n\t            \"datePublished\": \"2022-10-07T14:56:08+00:00\",\n\t            \"dateModified\": \"2025-06-06T14:46:31+00:00\",\n\t            \"breadcrumb\": {\n\t                \"@id\": \"https:\/\/www.fisan.com\/fr\/boutique\/chorizo-de-bellota-iberico-piquant\/#breadcrumb\"\n\t            },\n\t            \"inLanguage\": \"fr-FR\",\n\t            \"potentialAction\": [\n\t                {\n\t                    \"@type\": \"ReadAction\",\n\t                    \"target\": [\n\t                        \"https:\/\/www.fisan.com\/fr\/boutique\/chorizo-de-bellota-iberico-piquant\/\"\n\t                    ]\n\t                }\n\t            ]\n\t        },\n\t        {\n\t            \"@type\": \"ImageObject\",\n\t            \"inLanguage\": \"fr-FR\",\n\t            \"@id\": \"https:\/\/www.fisan.com\/fr\/boutique\/chorizo-de-bellota-iberico-piquant\/#primaryimage\",\n\t            \"url\": \"https:\/\/www.fisan.com\/wp-content\/uploads\/2022\/10\/chorizo-bellota-iberico-picante-st-pe-00.jpg\",\n\t            \"contentUrl\": \"https:\/\/www.fisan.com\/wp-content\/uploads\/2022\/10\/chorizo-bellota-iberico-picante-st-pe-00.jpg\",\n\t            \"width\": 1200,\n\t            \"height\": 2400\n\t        },\n\t        {\n\t            \"@type\": \"BreadcrumbList\",\n\t            \"@id\": \"https:\/\/www.fisan.com\/fr\/boutique\/chorizo-de-bellota-iberico-piquant\/#breadcrumb\",\n\t            \"itemListElement\": [\n\t                {\n\t                    \"@type\": \"ListItem\",\n\t                    \"position\": 1,\n\t                    \"name\": \"FISAN\",\n\t                    \"item\": \"https:\/\/www.fisan.com\/fr\/\"\n\t                },\n\t                {\n\t                    \"@type\": \"ListItem\",\n\t                    \"position\": 2,\n\t                    \"name\": \"Produits\",\n\t                    \"item\": \"https:\/\/www.fisan.com\/fr\/produits\/\"\n\t                },\n\t                {\n\t                    \"@type\": \"ListItem\",\n\t                    \"position\": 3,\n\t                    \"name\": \"Chorizo de Bellota Ib\u00e9rique Piquant 100% Naturel\"\n\t                }\n\t            ]\n\t        },\n\t        {\n\t            \"@type\": \"WebSite\",\n\t            \"@id\": \"https:\/\/www.fisan.com\/fr\/#website\",\n\t            \"url\": \"https:\/\/www.fisan.com\/fr\/\",\n\t            \"name\": \"FISAN\",\n\t            \"description\": \"FISAN | Jamones de bellota ib\u00e9rico y embutidos ib\u00e9ricos desde 1920\",\n\t            \"potentialAction\": [\n\t                {\n\t                    \"@type\": \"SearchAction\",\n\t                    \"target\": {\n\t                        \"@type\": \"EntryPoint\",\n\t                        \"urlTemplate\": \"https:\/\/www.fisan.com\/fr\/?s={search_term_string}\"\n\t                    },\n\t                    \"query-input\": {\n\t                        \"@type\": \"PropertyValueSpecification\",\n\t                        \"valueRequired\": true,\n\t                        \"valueName\": \"search_term_string\"\n\t                    }\n\t                }\n\t            ],\n\t            \"inLanguage\": \"fr-FR\"\n\t        }\n\t    ]\n\t}<\/script>\n<meta property=\"og:availability\" content=\"out of stock\" \/>\n<meta property=\"product:availability\" content=\"out of stock\" \/>\n<meta property=\"product:retailer_item_id\" content=\"ch-bip50\" \/>\n<meta property=\"product:condition\" content=\"new\" \/>\n<!-- \/ Yoast SEO plugin. -->","yoast_head_json":{"title":"Chorizo de Bellota Ib\u00e9rique Piquant 100% Naturel | FISAN","robots":{"index":"index","follow":"follow","max-snippet":"max-snippet:-1","max-image-preview":"max-image-preview:large","max-video-preview":"max-video-preview:-1"},"canonical":"https:\/\/www.fisan.com\/fr\/boutique\/chorizo-de-bellota-iberico-piquant\/","og_locale":"fr_FR","og_type":"article","og_title":"Chorizo de Bellota Ib\u00e9rique Piquant 100% Naturel | FISAN","og_description":"Le Chorizo de Bellota Ib\u00e9rique Piquant 100% Naturel FISAN s\u2019\u00e9labore en marinant de mani\u00e8re traditionnelle le magro (viande maigre situ\u00e9 pr\u00e8s du lomo) ainsi que les viandes nobles du porc telles que la presa et le secreto (qui ne sont jamais congel\u00e9es). L\u2019ingr\u00e9dient naturel qui fait son originalit\u00e9 est l\u2019excellent piment\u00f3n piquant de la Vera ... Lire la suite","og_url":"https:\/\/www.fisan.com\/fr\/boutique\/chorizo-de-bellota-iberico-piquant\/","og_site_name":"FISAN","article_modified_time":"2025-06-06T14:46:31+00:00","og_image":[{"width":1200,"height":2400,"url":"https:\/\/www.fisan.com\/wp-content\/uploads\/2022\/10\/chorizo-bellota-iberico-picante-st-pe-00.jpg","type":"image\/jpeg"}],"twitter_card":"summary_large_image","twitter_misc":{"Disponibilit\u00e9":"Rupture de stock"},"schema":{"@context":"https:\/\/schema.org","@graph":[{"@type":"WebPage","@id":"https:\/\/www.fisan.com\/fr\/boutique\/chorizo-de-bellota-iberico-piquant\/","url":"https:\/\/www.fisan.com\/fr\/boutique\/chorizo-de-bellota-iberico-piquant\/","name":"Chorizo de Bellota Ib\u00e9rique Piquant 100% Naturel | FISAN","isPartOf":{"@id":"https:\/\/www.fisan.com\/fr\/#website"},"primaryImageOfPage":{"@id":"https:\/\/www.fisan.com\/fr\/boutique\/chorizo-de-bellota-iberico-piquant\/#primaryimage"},"image":{"@id":"https:\/\/www.fisan.com\/fr\/boutique\/chorizo-de-bellota-iberico-piquant\/#primaryimage"},"thumbnailUrl":"https:\/\/www.fisan.com\/wp-content\/uploads\/2022\/10\/chorizo-bellota-iberico-picante-st-pe-00.jpg","datePublished":"2022-10-07T14:56:08+00:00","dateModified":"2025-06-06T14:46:31+00:00","breadcrumb":{"@id":"https:\/\/www.fisan.com\/fr\/boutique\/chorizo-de-bellota-iberico-piquant\/#breadcrumb"},"inLanguage":"fr-FR","potentialAction":[{"@type":"ReadAction","target":["https:\/\/www.fisan.com\/fr\/boutique\/chorizo-de-bellota-iberico-piquant\/"]}]},{"@type":"ImageObject","inLanguage":"fr-FR","@id":"https:\/\/www.fisan.com\/fr\/boutique\/chorizo-de-bellota-iberico-piquant\/#primaryimage","url":"https:\/\/www.fisan.com\/wp-content\/uploads\/2022\/10\/chorizo-bellota-iberico-picante-st-pe-00.jpg","contentUrl":"https:\/\/www.fisan.com\/wp-content\/uploads\/2022\/10\/chorizo-bellota-iberico-picante-st-pe-00.jpg","width":1200,"height":2400},{"@type":"BreadcrumbList","@id":"https:\/\/www.fisan.com\/fr\/boutique\/chorizo-de-bellota-iberico-piquant\/#breadcrumb","itemListElement":[{"@type":"ListItem","position":1,"name":"FISAN","item":"https:\/\/www.fisan.com\/fr\/"},{"@type":"ListItem","position":2,"name":"Produits","item":"https:\/\/www.fisan.com\/fr\/produits\/"},{"@type":"ListItem","position":3,"name":"Chorizo de Bellota Ib\u00e9rique Piquant 100% Naturel"}]},{"@type":"WebSite","@id":"https:\/\/www.fisan.com\/fr\/#website","url":"https:\/\/www.fisan.com\/fr\/","name":"FISAN","description":"FISAN | Jamones de bellota ib\u00e9rico y embutidos ib\u00e9ricos desde 1920","potentialAction":[{"@type":"SearchAction","target":{"@type":"EntryPoint","urlTemplate":"https:\/\/www.fisan.com\/fr\/?s={search_term_string}"},"query-input":{"@type":"PropertyValueSpecification","valueRequired":true,"valueName":"search_term_string"}}],"inLanguage":"fr-FR"}]},"og_availability":"out of stock","product_availability":"out of stock","product_retailer_item_id":"ch-bip50","product_condition":"new"},"_links":{"self":[{"href":"https:\/\/www.fisan.com\/fr\/wp-json\/wp\/v2\/product\/33564","targetHints":{"allow":["GET"]}}],"collection":[{"href":"https:\/\/www.fisan.com\/fr\/wp-json\/wp\/v2\/product"}],"about":[{"href":"https:\/\/www.fisan.com\/fr\/wp-json\/wp\/v2\/types\/product"}],"version-history":[{"count":10,"href":"https:\/\/www.fisan.com\/fr\/wp-json\/wp\/v2\/product\/33564\/revisions"}],"predecessor-version":[{"id":56211,"href":"https:\/\/www.fisan.com\/fr\/wp-json\/wp\/v2\/product\/33564\/revisions\/56211"}],"wp:featuredmedia":[{"embeddable":true,"href":"https:\/\/www.fisan.com\/fr\/wp-json\/wp\/v2\/media\/25125"}],"wp:attachment":[{"href":"https:\/\/www.fisan.com\/fr\/wp-json\/wp\/v2\/media?parent=33564"}],"wp:term":[{"taxonomy":"product_brand","embeddable":true,"href":"https:\/\/www.fisan.com\/fr\/wp-json\/wp\/v2\/product_brand?post=33564"},{"taxonomy":"product_cat","embeddable":true,"href":"https:\/\/www.fisan.com\/fr\/wp-json\/wp\/v2\/product_cat?post=33564"},{"taxonomy":"product_tag","embeddable":true,"href":"https:\/\/www.fisan.com\/fr\/wp-json\/wp\/v2\/product_tag?post=33564"},{"taxonomy":"gama","embeddable":true,"href":"https:\/\/www.fisan.com\/fr\/wp-json\/wp\/v2\/gama?post=33564"},{"taxonomy":"calidad","embeddable":true,"href":"https:\/\/www.fisan.com\/fr\/wp-json\/wp\/v2\/calidad?post=33564"}],"curies":[{"name":"wp","href":"https:\/\/api.w.org\/{rel}","templated":true}]}}