{"id":33596,"date":"2022-10-08T19:50:33","date_gmt":"2022-10-08T17:50:33","guid":{"rendered":"https:\/\/www.fisan.com\/producto\/pack-deluxe-3-charcuterie-ag-pieces-entieres-mixte\/"},"modified":"2023-11-13T00:00:15","modified_gmt":"2023-11-12T23:00:15","slug":"pack-deluxe-3-charcuterie-ag-pieces-entieres-mixte","status":"publish","type":"product","link":"https:\/\/www.fisan.com\/fr\/boutique\/pack-deluxe-3-charcuterie-ag-pieces-entieres-mixte\/","title":{"rendered":"Pack Deluxe 3 Charcuterie Alta Gastronomia Pi\u00e8ces Enti\u00e8res Mixte"},"content":{"rendered":"<p>Le pack de charcuterie Alta Gastronom\u00eda de 3 pi\u00e8ces enti\u00e8res r\u00e9unit la charcuterie de Bellota Ib\u00e9rico Alta Gastronom\u00eda de FISAN. Le Lomo de Bellota 100% Ib\u00e9rique est le joyau de notre charcuterie, pi\u00e8ce noble du porc. 100 % naturel. \u00c9labor\u00e9 avec un assaisonnement traditionnel, \u00e0 base de paprika de la Vera et de sel. Son infiltration de graisse fait de cette pi\u00e8ce l\u2019une des plus savoureuses et douces. Les Lomos de Bellota 100% Ib\u00e9riques FISAN sont soumis \u00e0 un affinage de plus de 90 jours dans des s\u00e9choirs naturels qui intensifient leur saveur.<\/p>\n","protected":false},"excerpt":{"rendered":"<p>Le pack de charcuterie Alta Gastronom\u00eda de 3 pi\u00e8ces enti\u00e8res r\u00e9unit la charcuterie de Bellota Ib\u00e9rico Alta Gastronom\u00eda de FISAN. Le Lomo de Bellota 100% Ib\u00e9rique est le joyau de notre charcuterie, pi\u00e8ce noble du porc. 100 % naturel. \u00c9labor\u00e9 avec un assaisonnement traditionnel, \u00e0 base de paprika de la Vera et de sel. Son &#8230; <a title=\"Pack Deluxe 3 Charcuterie Alta Gastronomia Pi\u00e8ces Enti\u00e8res Mixte\" class=\"read-more\" href=\"https:\/\/www.fisan.com\/fr\/boutique\/pack-deluxe-3-charcuterie-ag-pieces-entieres-mixte\/\" aria-label=\"En savoir plus sur Pack Deluxe 3 Charcuterie Alta Gastronomia Pi\u00e8ces Enti\u00e8res Mixte\">Lire la suite<\/a><\/p>\n","protected":false},"featured_media":24581,"template":"","meta":{"_acf_changed":false,"_wp_rev_ctl_limit":""},"product_brand":[],"product_cat":[360],"product_tag":[297],"gama":[435],"calidad":[338],"class_list":{"0":"post-33596","1":"product","2":"type-product","3":"status-publish","4":"has-post-thumbnail","6":"product_cat-6-lots","7":"product_tag-ag","8":"gama-alta-gastronomia-fr","9":"calidad-1-bellota-iberico","11":"first","12":"outofstock","13":"sold-individually","14":"taxable","15":"shipping-taxable","16":"product-type-simple"},"acf":[],"yoast_head":"<!-- This site is optimized with the Yoast SEO plugin v25.4 - https:\/\/yoast.com\/wordpress\/plugins\/seo\/ -->\n<title>Pack Deluxe 3 Charcuterie Alta Gastronomia Pi\u00e8ces Enti\u00e8res Mixte | FISAN<\/title>\n<meta name=\"robots\" content=\"index, follow, max-snippet:-1, max-image-preview:large, max-video-preview:-1\" \/>\n<link rel=\"canonical\" href=\"https:\/\/www.fisan.com\/fr\/boutique\/pack-deluxe-3-charcuterie-ag-pieces-entieres-mixte\/\" \/>\n<meta property=\"og:locale\" content=\"fr_FR\" \/>\n<meta property=\"og:type\" content=\"article\" \/>\n<meta property=\"og:title\" content=\"Pack Deluxe 3 Charcuterie Alta Gastronomia Pi\u00e8ces Enti\u00e8res Mixte | FISAN\" \/>\n<meta property=\"og:description\" content=\"Le pack de charcuterie Alta Gastronom\u00eda de 3 pi\u00e8ces enti\u00e8res r\u00e9unit la charcuterie de Bellota Ib\u00e9rico Alta Gastronom\u00eda de FISAN. Le Lomo de Bellota 100% Ib\u00e9rique est le joyau de notre charcuterie, pi\u00e8ce noble du porc. 100 % naturel. \u00c9labor\u00e9 avec un assaisonnement traditionnel, \u00e0 base de paprika de la Vera et de sel. Son ... Lire la suite\" \/>\n<meta property=\"og:url\" content=\"https:\/\/www.fisan.com\/fr\/boutique\/pack-deluxe-3-charcuterie-ag-pieces-entieres-mixte\/\" \/>\n<meta property=\"og:site_name\" content=\"FISAN\" \/>\n<meta property=\"article:modified_time\" content=\"2023-11-12T23:00:15+00:00\" \/>\n<meta property=\"og:image\" content=\"https:\/\/www.fisan.com\/wp-content\/uploads\/2022\/10\/pack-deluxe-embutido-ag-3pe-00.jpg\" \/>\n\t<meta property=\"og:image:width\" content=\"1200\" \/>\n\t<meta property=\"og:image:height\" content=\"2400\" \/>\n\t<meta property=\"og:image:type\" content=\"image\/jpeg\" \/>\n<meta name=\"twitter:card\" content=\"summary_large_image\" \/>\n<meta name=\"twitter:label1\" content=\"Prix\" \/>\n\t<meta name=\"twitter:data1\" content=\"\" \/>\n\t<meta name=\"twitter:label2\" content=\"Disponibilit\u00e9\" \/>\n\t<meta name=\"twitter:data2\" content=\"Rupture de stock\" \/>\n<script type=\"application\/ld+json\" class=\"yoast-schema-graph\">{\n\t    \"@context\": \"https:\/\/schema.org\",\n\t    \"@graph\": [\n\t        {\n\t            \"@type\": \"WebPage\",\n\t            \"@id\": \"https:\/\/www.fisan.com\/fr\/boutique\/pack-deluxe-3-charcuterie-ag-pieces-entieres-mixte\/\",\n\t            \"url\": \"https:\/\/www.fisan.com\/fr\/boutique\/pack-deluxe-3-charcuterie-ag-pieces-entieres-mixte\/\",\n\t            \"name\": \"Pack Deluxe 3 Charcuterie Alta Gastronomia Pi\u00e8ces Enti\u00e8res Mixte | FISAN\",\n\t            \"isPartOf\": {\n\t                \"@id\": \"https:\/\/www.fisan.com\/fr\/#website\"\n\t            },\n\t            \"primaryImageOfPage\": {\n\t                \"@id\": \"https:\/\/www.fisan.com\/fr\/boutique\/pack-deluxe-3-charcuterie-ag-pieces-entieres-mixte\/#primaryimage\"\n\t            },\n\t            \"image\": {\n\t                \"@id\": \"https:\/\/www.fisan.com\/fr\/boutique\/pack-deluxe-3-charcuterie-ag-pieces-entieres-mixte\/#primaryimage\"\n\t            },\n\t            \"thumbnailUrl\": \"https:\/\/www.fisan.com\/wp-content\/uploads\/2022\/10\/pack-deluxe-embutido-ag-3pe-00.jpg\",\n\t            \"datePublished\": \"2022-10-08T17:50:33+00:00\",\n\t            \"dateModified\": \"2023-11-12T23:00:15+00:00\",\n\t            \"breadcrumb\": {\n\t                \"@id\": \"https:\/\/www.fisan.com\/fr\/boutique\/pack-deluxe-3-charcuterie-ag-pieces-entieres-mixte\/#breadcrumb\"\n\t            },\n\t            \"inLanguage\": \"fr-FR\",\n\t            \"potentialAction\": [\n\t                {\n\t                    \"@type\": \"ReadAction\",\n\t                    \"target\": [\n\t                        \"https:\/\/www.fisan.com\/fr\/boutique\/pack-deluxe-3-charcuterie-ag-pieces-entieres-mixte\/\"\n\t                    ]\n\t                }\n\t            ]\n\t        },\n\t        {\n\t            \"@type\": \"ImageObject\",\n\t            \"inLanguage\": \"fr-FR\",\n\t            \"@id\": \"https:\/\/www.fisan.com\/fr\/boutique\/pack-deluxe-3-charcuterie-ag-pieces-entieres-mixte\/#primaryimage\",\n\t            \"url\": \"https:\/\/www.fisan.com\/wp-content\/uploads\/2022\/10\/pack-deluxe-embutido-ag-3pe-00.jpg\",\n\t            \"contentUrl\": \"https:\/\/www.fisan.com\/wp-content\/uploads\/2022\/10\/pack-deluxe-embutido-ag-3pe-00.jpg\",\n\t            \"width\": 1200,\n\t            \"height\": 2400,\n\t            \"caption\": \"Emballage charcuterie de luxe alta gastronom\u00eda pi\u00e8ces enti\u00e8res m\u00e9lang\u00e9es FISAN\"\n\t        },\n\t        {\n\t            \"@type\": \"BreadcrumbList\",\n\t            \"@id\": \"https:\/\/www.fisan.com\/fr\/boutique\/pack-deluxe-3-charcuterie-ag-pieces-entieres-mixte\/#breadcrumb\",\n\t            \"itemListElement\": [\n\t                {\n\t                    \"@type\": \"ListItem\",\n\t                    \"position\": 1,\n\t                    \"name\": \"FISAN\",\n\t                    \"item\": \"https:\/\/www.fisan.com\/fr\/\"\n\t                },\n\t                {\n\t                    \"@type\": \"ListItem\",\n\t                    \"position\": 2,\n\t                    \"name\": \"Produits\",\n\t                    \"item\": \"https:\/\/www.fisan.com\/fr\/produits\/\"\n\t                },\n\t                {\n\t                    \"@type\": \"ListItem\",\n\t                    \"position\": 3,\n\t                    \"name\": \"Pack Deluxe 3 Charcuterie Alta Gastronomia Pi\u00e8ces Enti\u00e8res Mixte\"\n\t                }\n\t            ]\n\t        },\n\t        {\n\t            \"@type\": \"WebSite\",\n\t            \"@id\": \"https:\/\/www.fisan.com\/fr\/#website\",\n\t            \"url\": \"https:\/\/www.fisan.com\/fr\/\",\n\t            \"name\": \"FISAN\",\n\t            \"description\": \"FISAN | Jamones de bellota ib\u00e9rico y embutidos ib\u00e9ricos desde 1920\",\n\t            \"potentialAction\": [\n\t                {\n\t                    \"@type\": \"SearchAction\",\n\t                    \"target\": {\n\t                        \"@type\": \"EntryPoint\",\n\t                        \"urlTemplate\": \"https:\/\/www.fisan.com\/fr\/?s={search_term_string}\"\n\t                    },\n\t                    \"query-input\": {\n\t                        \"@type\": \"PropertyValueSpecification\",\n\t                        \"valueRequired\": true,\n\t                        \"valueName\": \"search_term_string\"\n\t                    }\n\t                }\n\t            ],\n\t            \"inLanguage\": \"fr-FR\"\n\t        }\n\t    ]\n\t}<\/script>\n<meta property=\"product:price:currency\" content=\"EUR\" \/>\n<meta property=\"og:availability\" content=\"out of stock\" \/>\n<meta property=\"product:availability\" content=\"out of stock\" \/>\n<meta property=\"product:retailer_item_id\" content=\"pa-3emAGEmix\" \/>\n<meta property=\"product:condition\" content=\"new\" \/>\n<!-- \/ Yoast SEO plugin. -->","yoast_head_json":{"title":"Pack Deluxe 3 Charcuterie Alta Gastronomia Pi\u00e8ces Enti\u00e8res Mixte | FISAN","robots":{"index":"index","follow":"follow","max-snippet":"max-snippet:-1","max-image-preview":"max-image-preview:large","max-video-preview":"max-video-preview:-1"},"canonical":"https:\/\/www.fisan.com\/fr\/boutique\/pack-deluxe-3-charcuterie-ag-pieces-entieres-mixte\/","og_locale":"fr_FR","og_type":"article","og_title":"Pack Deluxe 3 Charcuterie Alta Gastronomia Pi\u00e8ces Enti\u00e8res Mixte | FISAN","og_description":"Le pack de charcuterie Alta Gastronom\u00eda de 3 pi\u00e8ces enti\u00e8res r\u00e9unit la charcuterie de Bellota Ib\u00e9rico Alta Gastronom\u00eda de FISAN. Le Lomo de Bellota 100% Ib\u00e9rique est le joyau de notre charcuterie, pi\u00e8ce noble du porc. 100 % naturel. \u00c9labor\u00e9 avec un assaisonnement traditionnel, \u00e0 base de paprika de la Vera et de sel. Son ... Lire la suite","og_url":"https:\/\/www.fisan.com\/fr\/boutique\/pack-deluxe-3-charcuterie-ag-pieces-entieres-mixte\/","og_site_name":"FISAN","article_modified_time":"2023-11-12T23:00:15+00:00","og_image":[{"width":1200,"height":2400,"url":"https:\/\/www.fisan.com\/wp-content\/uploads\/2022\/10\/pack-deluxe-embutido-ag-3pe-00.jpg","type":"image\/jpeg"}],"twitter_card":"summary_large_image","twitter_misc":{"Prix":"","Disponibilit\u00e9":"Rupture de stock"},"schema":{"@context":"https:\/\/schema.org","@graph":[{"@type":"WebPage","@id":"https:\/\/www.fisan.com\/fr\/boutique\/pack-deluxe-3-charcuterie-ag-pieces-entieres-mixte\/","url":"https:\/\/www.fisan.com\/fr\/boutique\/pack-deluxe-3-charcuterie-ag-pieces-entieres-mixte\/","name":"Pack Deluxe 3 Charcuterie Alta Gastronomia Pi\u00e8ces Enti\u00e8res Mixte | FISAN","isPartOf":{"@id":"https:\/\/www.fisan.com\/fr\/#website"},"primaryImageOfPage":{"@id":"https:\/\/www.fisan.com\/fr\/boutique\/pack-deluxe-3-charcuterie-ag-pieces-entieres-mixte\/#primaryimage"},"image":{"@id":"https:\/\/www.fisan.com\/fr\/boutique\/pack-deluxe-3-charcuterie-ag-pieces-entieres-mixte\/#primaryimage"},"thumbnailUrl":"https:\/\/www.fisan.com\/wp-content\/uploads\/2022\/10\/pack-deluxe-embutido-ag-3pe-00.jpg","datePublished":"2022-10-08T17:50:33+00:00","dateModified":"2023-11-12T23:00:15+00:00","breadcrumb":{"@id":"https:\/\/www.fisan.com\/fr\/boutique\/pack-deluxe-3-charcuterie-ag-pieces-entieres-mixte\/#breadcrumb"},"inLanguage":"fr-FR","potentialAction":[{"@type":"ReadAction","target":["https:\/\/www.fisan.com\/fr\/boutique\/pack-deluxe-3-charcuterie-ag-pieces-entieres-mixte\/"]}]},{"@type":"ImageObject","inLanguage":"fr-FR","@id":"https:\/\/www.fisan.com\/fr\/boutique\/pack-deluxe-3-charcuterie-ag-pieces-entieres-mixte\/#primaryimage","url":"https:\/\/www.fisan.com\/wp-content\/uploads\/2022\/10\/pack-deluxe-embutido-ag-3pe-00.jpg","contentUrl":"https:\/\/www.fisan.com\/wp-content\/uploads\/2022\/10\/pack-deluxe-embutido-ag-3pe-00.jpg","width":1200,"height":2400,"caption":"Emballage charcuterie de luxe alta gastronom\u00eda pi\u00e8ces enti\u00e8res m\u00e9lang\u00e9es FISAN"},{"@type":"BreadcrumbList","@id":"https:\/\/www.fisan.com\/fr\/boutique\/pack-deluxe-3-charcuterie-ag-pieces-entieres-mixte\/#breadcrumb","itemListElement":[{"@type":"ListItem","position":1,"name":"FISAN","item":"https:\/\/www.fisan.com\/fr\/"},{"@type":"ListItem","position":2,"name":"Produits","item":"https:\/\/www.fisan.com\/fr\/produits\/"},{"@type":"ListItem","position":3,"name":"Pack Deluxe 3 Charcuterie Alta Gastronomia Pi\u00e8ces Enti\u00e8res Mixte"}]},{"@type":"WebSite","@id":"https:\/\/www.fisan.com\/fr\/#website","url":"https:\/\/www.fisan.com\/fr\/","name":"FISAN","description":"FISAN | Jamones de bellota ib\u00e9rico y embutidos ib\u00e9ricos desde 1920","potentialAction":[{"@type":"SearchAction","target":{"@type":"EntryPoint","urlTemplate":"https:\/\/www.fisan.com\/fr\/?s={search_term_string}"},"query-input":{"@type":"PropertyValueSpecification","valueRequired":true,"valueName":"search_term_string"}}],"inLanguage":"fr-FR"}]},"product_price_currency":"EUR","og_availability":"out of stock","product_availability":"out of stock","product_retailer_item_id":"pa-3emAGEmix","product_condition":"new"},"_links":{"self":[{"href":"https:\/\/www.fisan.com\/fr\/wp-json\/wp\/v2\/product\/33596","targetHints":{"allow":["GET"]}}],"collection":[{"href":"https:\/\/www.fisan.com\/fr\/wp-json\/wp\/v2\/product"}],"about":[{"href":"https:\/\/www.fisan.com\/fr\/wp-json\/wp\/v2\/types\/product"}],"version-history":[{"count":4,"href":"https:\/\/www.fisan.com\/fr\/wp-json\/wp\/v2\/product\/33596\/revisions"}],"predecessor-version":[{"id":38335,"href":"https:\/\/www.fisan.com\/fr\/wp-json\/wp\/v2\/product\/33596\/revisions\/38335"}],"wp:featuredmedia":[{"embeddable":true,"href":"https:\/\/www.fisan.com\/fr\/wp-json\/wp\/v2\/media\/24581"}],"wp:attachment":[{"href":"https:\/\/www.fisan.com\/fr\/wp-json\/wp\/v2\/media?parent=33596"}],"wp:term":[{"taxonomy":"product_brand","embeddable":true,"href":"https:\/\/www.fisan.com\/fr\/wp-json\/wp\/v2\/product_brand?post=33596"},{"taxonomy":"product_cat","embeddable":true,"href":"https:\/\/www.fisan.com\/fr\/wp-json\/wp\/v2\/product_cat?post=33596"},{"taxonomy":"product_tag","embeddable":true,"href":"https:\/\/www.fisan.com\/fr\/wp-json\/wp\/v2\/product_tag?post=33596"},{"taxonomy":"gama","embeddable":true,"href":"https:\/\/www.fisan.com\/fr\/wp-json\/wp\/v2\/gama?post=33596"},{"taxonomy":"calidad","embeddable":true,"href":"https:\/\/www.fisan.com\/fr\/wp-json\/wp\/v2\/calidad?post=33596"}],"curies":[{"name":"wp","href":"https:\/\/api.w.org\/{rel}","templated":true}]}}