{"id":33763,"date":"2022-10-09T17:20:53","date_gmt":"2022-10-09T15:20:53","guid":{"rendered":"https:\/\/www.fisan.com\/producto\/pluma-de-bellota-iberico-fr\/"},"modified":"2023-05-09T11:47:22","modified_gmt":"2023-05-09T09:47:22","slug":"pluma-de-bellota-iberique","status":"publish","type":"product","link":"https:\/\/www.fisan.com\/fr\/boutique\/pluma-de-bellota-iberico-fr\/","title":{"rendered":"Pluma de Bellota Ib\u00e9rique"},"content":{"rendered":"","protected":false},"excerpt":{"rendered":"<p><strong>Format d&rsquo;exp\u00e9dition : 4 pi\u00e8ces par sac, 0,200 kg\/pi\u00e8ce<\/strong><\/p>\n<p>La Pluma de Bellota Ib\u00e9rique FISAN 100 % Naturelle. Morceau de viande provenant de la d\u00e9coupe du porc de bellota ib\u00e9rique de forme triangulaire et plate en forme d\u2019aile. Il s\u2019agit d\u2019une pi\u00e8ce juteuse et tendre gr\u00e2ce \u00e0 son \u00e9quilibre entre viande et graisse. Elle se situe entre la partie avant du lomo et l\u2019\u00e9paule.   <\/p>\n","protected":false},"featured_media":47093,"template":"","meta":{"_acf_changed":false,"_wp_rev_ctl_limit":""},"product_brand":[],"product_cat":[373],"product_tag":[519],"gama":[1371],"calidad":[338],"class_list":{"0":"post-33763","1":"product","2":"type-product","3":"status-publish","4":"has-post-thumbnail","6":"product_cat-5-viande","7":"product_tag-st","8":"product_shipping_class-carnes-fr","9":"gama-sabor-tradicional-fr-2","10":"calidad-1-bellota-iberico","12":"first","13":"instock","14":"taxable","15":"shipping-taxable","16":"purchasable","17":"product-type-variable","18":"has-default-attributes"},"acf":[],"yoast_head":"<!-- This site is optimized with the Yoast SEO plugin v25.4 - https:\/\/yoast.com\/wordpress\/plugins\/seo\/ -->\n<title>Pluma de Bellota Ib\u00e9rique | FISAN<\/title>\n<meta name=\"robots\" content=\"index, follow, max-snippet:-1, max-image-preview:large, max-video-preview:-1\" \/>\n<link rel=\"canonical\" href=\"https:\/\/www.fisan.com\/fr\/boutique\/pluma-de-bellota-iberico-fr\/\" \/>\n<meta property=\"og:locale\" content=\"fr_FR\" \/>\n<meta property=\"og:type\" content=\"article\" \/>\n<meta property=\"og:title\" content=\"Pluma de Bellota Ib\u00e9rique | FISAN\" \/>\n<meta property=\"og:description\" content=\"Format d&#039;exp\u00e9dition : 4 pi\u00e8ces par sac, 0,200 kg\/pi\u00e8ce La Pluma de Bellota Ib\u00e9rique FISAN 100 % Naturelle. Morceau de viande provenant de la d\u00e9coupe du porc de bellota ib\u00e9rique de forme triangulaire et plate en forme d\u2019aile. Il s\u2019agit d\u2019une pi\u00e8ce juteuse et tendre gr\u00e2ce \u00e0 son \u00e9quilibre entre viande et graisse. Elle se situe entre la partie avant du lomo et l\u2019\u00e9paule.\" \/>\n<meta property=\"og:url\" content=\"https:\/\/www.fisan.com\/fr\/boutique\/pluma-de-bellota-iberico-fr\/\" \/>\n<meta property=\"og:site_name\" content=\"FISAN\" \/>\n<meta property=\"article:modified_time\" content=\"2023-05-09T09:47:22+00:00\" \/>\n<meta property=\"og:image\" content=\"https:\/\/www.fisan.com\/wp-content\/uploads\/2022\/10\/pluma-bellota-iberico-pe-00.jpg\" \/>\n\t<meta property=\"og:image:width\" content=\"1200\" \/>\n\t<meta property=\"og:image:height\" content=\"2400\" \/>\n\t<meta property=\"og:image:type\" content=\"image\/jpeg\" \/>\n<meta name=\"twitter:card\" content=\"summary_large_image\" \/>\n<meta name=\"twitter:label1\" content=\"Disponibilit\u00e9\" \/>\n\t<meta name=\"twitter:data1\" content=\"En stock\" \/>\n<script type=\"application\/ld+json\" class=\"yoast-schema-graph\">{\n\t    \"@context\": \"https:\/\/schema.org\",\n\t    \"@graph\": [\n\t        {\n\t            \"@type\": \"WebPage\",\n\t            \"@id\": \"https:\/\/www.fisan.com\/fr\/boutique\/pluma-de-bellota-iberico-fr\/\",\n\t            \"url\": \"https:\/\/www.fisan.com\/fr\/boutique\/pluma-de-bellota-iberico-fr\/\",\n\t            \"name\": \"Pluma de Bellota Ib\u00e9rique | FISAN\",\n\t            \"isPartOf\": {\n\t                \"@id\": \"https:\/\/www.fisan.com\/fr\/#website\"\n\t            },\n\t            \"primaryImageOfPage\": {\n\t                \"@id\": \"https:\/\/www.fisan.com\/fr\/boutique\/pluma-de-bellota-iberico-fr\/#primaryimage\"\n\t            },\n\t            \"image\": {\n\t                \"@id\": \"https:\/\/www.fisan.com\/fr\/boutique\/pluma-de-bellota-iberico-fr\/#primaryimage\"\n\t            },\n\t            \"thumbnailUrl\": \"https:\/\/www.fisan.com\/wp-content\/uploads\/2022\/10\/pluma-bellota-iberico-pe-00-1.jpg\",\n\t            \"datePublished\": \"2022-10-09T15:20:53+00:00\",\n\t            \"dateModified\": \"2023-05-09T09:47:22+00:00\",\n\t            \"breadcrumb\": {\n\t                \"@id\": \"https:\/\/www.fisan.com\/fr\/boutique\/pluma-de-bellota-iberico-fr\/#breadcrumb\"\n\t            },\n\t            \"inLanguage\": \"fr-FR\",\n\t            \"potentialAction\": [\n\t                {\n\t                    \"@type\": \"ReadAction\",\n\t                    \"target\": [\n\t                        \"https:\/\/www.fisan.com\/fr\/boutique\/pluma-de-bellota-iberico-fr\/\"\n\t                    ]\n\t                }\n\t            ]\n\t        },\n\t        {\n\t            \"@type\": \"ImageObject\",\n\t            \"inLanguage\": \"fr-FR\",\n\t            \"@id\": \"https:\/\/www.fisan.com\/fr\/boutique\/pluma-de-bellota-iberico-fr\/#primaryimage\",\n\t            \"url\": \"https:\/\/www.fisan.com\/wp-content\/uploads\/2022\/10\/pluma-bellota-iberico-pe-00-1.jpg\",\n\t            \"contentUrl\": \"https:\/\/www.fisan.com\/wp-content\/uploads\/2022\/10\/pluma-bellota-iberico-pe-00-1.jpg\",\n\t            \"width\": 1200,\n\t            \"height\": 2400,\n\t            \"caption\": \"PLUMA BELLOTA\"\n\t        },\n\t        {\n\t            \"@type\": \"BreadcrumbList\",\n\t            \"@id\": \"https:\/\/www.fisan.com\/fr\/boutique\/pluma-de-bellota-iberico-fr\/#breadcrumb\",\n\t            \"itemListElement\": [\n\t                {\n\t                    \"@type\": \"ListItem\",\n\t                    \"position\": 1,\n\t                    \"name\": \"FISAN\",\n\t                    \"item\": \"https:\/\/www.fisan.com\/fr\/\"\n\t                },\n\t                {\n\t                    \"@type\": \"ListItem\",\n\t                    \"position\": 2,\n\t                    \"name\": \"Produits\",\n\t                    \"item\": \"https:\/\/www.fisan.com\/fr\/produits\/\"\n\t                },\n\t                {\n\t                    \"@type\": \"ListItem\",\n\t                    \"position\": 3,\n\t                    \"name\": \"Pluma de Bellota Ib\u00e9rique\"\n\t                }\n\t            ]\n\t        },\n\t        {\n\t            \"@type\": \"WebSite\",\n\t            \"@id\": \"https:\/\/www.fisan.com\/fr\/#website\",\n\t            \"url\": \"https:\/\/www.fisan.com\/fr\/\",\n\t            \"name\": \"FISAN\",\n\t            \"description\": \"FISAN | Jamones de bellota ib\u00e9rico y embutidos ib\u00e9ricos desde 1920\",\n\t            \"potentialAction\": [\n\t                {\n\t                    \"@type\": \"SearchAction\",\n\t                    \"target\": {\n\t                        \"@type\": \"EntryPoint\",\n\t                        \"urlTemplate\": \"https:\/\/www.fisan.com\/fr\/?s={search_term_string}\"\n\t                    },\n\t                    \"query-input\": {\n\t                        \"@type\": \"PropertyValueSpecification\",\n\t                        \"valueRequired\": true,\n\t                        \"valueName\": \"search_term_string\"\n\t                    }\n\t                }\n\t            ],\n\t            \"inLanguage\": \"fr-FR\"\n\t        }\n\t    ]\n\t}<\/script>\n<meta property=\"og:availability\" content=\"instock\" \/>\n<meta property=\"product:availability\" content=\"instock\" \/>\n<meta property=\"product:retailer_item_id\" content=\"ca-plbi\" \/>\n<meta property=\"product:condition\" content=\"new\" \/>\n<!-- \/ Yoast SEO plugin. -->","yoast_head_json":{"title":"Pluma de Bellota Ib\u00e9rique | FISAN","robots":{"index":"index","follow":"follow","max-snippet":"max-snippet:-1","max-image-preview":"max-image-preview:large","max-video-preview":"max-video-preview:-1"},"canonical":"https:\/\/www.fisan.com\/fr\/boutique\/pluma-de-bellota-iberico-fr\/","og_locale":"fr_FR","og_type":"article","og_title":"Pluma de Bellota Ib\u00e9rique | FISAN","og_description":"Format d'exp\u00e9dition : 4 pi\u00e8ces par sac, 0,200 kg\/pi\u00e8ce La Pluma de Bellota Ib\u00e9rique FISAN 100 % Naturelle. Morceau de viande provenant de la d\u00e9coupe du porc de bellota ib\u00e9rique de forme triangulaire et plate en forme d\u2019aile. Il s\u2019agit d\u2019une pi\u00e8ce juteuse et tendre gr\u00e2ce \u00e0 son \u00e9quilibre entre viande et graisse. Elle se situe entre la partie avant du lomo et l\u2019\u00e9paule.","og_url":"https:\/\/www.fisan.com\/fr\/boutique\/pluma-de-bellota-iberico-fr\/","og_site_name":"FISAN","article_modified_time":"2023-05-09T09:47:22+00:00","og_image":[{"width":1200,"height":2400,"url":"https:\/\/www.fisan.com\/wp-content\/uploads\/2022\/10\/pluma-bellota-iberico-pe-00.jpg","type":"image\/jpeg"}],"twitter_card":"summary_large_image","twitter_misc":{"Disponibilit\u00e9":"En stock"},"schema":{"@context":"https:\/\/schema.org","@graph":[{"@type":"WebPage","@id":"https:\/\/www.fisan.com\/fr\/boutique\/pluma-de-bellota-iberico-fr\/","url":"https:\/\/www.fisan.com\/fr\/boutique\/pluma-de-bellota-iberico-fr\/","name":"Pluma de Bellota Ib\u00e9rique | FISAN","isPartOf":{"@id":"https:\/\/www.fisan.com\/fr\/#website"},"primaryImageOfPage":{"@id":"https:\/\/www.fisan.com\/fr\/boutique\/pluma-de-bellota-iberico-fr\/#primaryimage"},"image":{"@id":"https:\/\/www.fisan.com\/fr\/boutique\/pluma-de-bellota-iberico-fr\/#primaryimage"},"thumbnailUrl":"https:\/\/www.fisan.com\/wp-content\/uploads\/2022\/10\/pluma-bellota-iberico-pe-00-1.jpg","datePublished":"2022-10-09T15:20:53+00:00","dateModified":"2023-05-09T09:47:22+00:00","breadcrumb":{"@id":"https:\/\/www.fisan.com\/fr\/boutique\/pluma-de-bellota-iberico-fr\/#breadcrumb"},"inLanguage":"fr-FR","potentialAction":[{"@type":"ReadAction","target":["https:\/\/www.fisan.com\/fr\/boutique\/pluma-de-bellota-iberico-fr\/"]}]},{"@type":"ImageObject","inLanguage":"fr-FR","@id":"https:\/\/www.fisan.com\/fr\/boutique\/pluma-de-bellota-iberico-fr\/#primaryimage","url":"https:\/\/www.fisan.com\/wp-content\/uploads\/2022\/10\/pluma-bellota-iberico-pe-00-1.jpg","contentUrl":"https:\/\/www.fisan.com\/wp-content\/uploads\/2022\/10\/pluma-bellota-iberico-pe-00-1.jpg","width":1200,"height":2400,"caption":"PLUMA BELLOTA"},{"@type":"BreadcrumbList","@id":"https:\/\/www.fisan.com\/fr\/boutique\/pluma-de-bellota-iberico-fr\/#breadcrumb","itemListElement":[{"@type":"ListItem","position":1,"name":"FISAN","item":"https:\/\/www.fisan.com\/fr\/"},{"@type":"ListItem","position":2,"name":"Produits","item":"https:\/\/www.fisan.com\/fr\/produits\/"},{"@type":"ListItem","position":3,"name":"Pluma de Bellota Ib\u00e9rique"}]},{"@type":"WebSite","@id":"https:\/\/www.fisan.com\/fr\/#website","url":"https:\/\/www.fisan.com\/fr\/","name":"FISAN","description":"FISAN | Jamones de bellota ib\u00e9rico y embutidos ib\u00e9ricos desde 1920","potentialAction":[{"@type":"SearchAction","target":{"@type":"EntryPoint","urlTemplate":"https:\/\/www.fisan.com\/fr\/?s={search_term_string}"},"query-input":{"@type":"PropertyValueSpecification","valueRequired":true,"valueName":"search_term_string"}}],"inLanguage":"fr-FR"}]},"og_availability":"instock","product_availability":"instock","product_retailer_item_id":"ca-plbi","product_condition":"new"},"_links":{"self":[{"href":"https:\/\/www.fisan.com\/fr\/wp-json\/wp\/v2\/product\/33763","targetHints":{"allow":["GET"]}}],"collection":[{"href":"https:\/\/www.fisan.com\/fr\/wp-json\/wp\/v2\/product"}],"about":[{"href":"https:\/\/www.fisan.com\/fr\/wp-json\/wp\/v2\/types\/product"}],"version-history":[{"count":3,"href":"https:\/\/www.fisan.com\/fr\/wp-json\/wp\/v2\/product\/33763\/revisions"}],"predecessor-version":[{"id":38272,"href":"https:\/\/www.fisan.com\/fr\/wp-json\/wp\/v2\/product\/33763\/revisions\/38272"}],"wp:featuredmedia":[{"embeddable":true,"href":"https:\/\/www.fisan.com\/fr\/wp-json\/wp\/v2\/media\/47093"}],"wp:attachment":[{"href":"https:\/\/www.fisan.com\/fr\/wp-json\/wp\/v2\/media?parent=33763"}],"wp:term":[{"taxonomy":"product_brand","embeddable":true,"href":"https:\/\/www.fisan.com\/fr\/wp-json\/wp\/v2\/product_brand?post=33763"},{"taxonomy":"product_cat","embeddable":true,"href":"https:\/\/www.fisan.com\/fr\/wp-json\/wp\/v2\/product_cat?post=33763"},{"taxonomy":"product_tag","embeddable":true,"href":"https:\/\/www.fisan.com\/fr\/wp-json\/wp\/v2\/product_tag?post=33763"},{"taxonomy":"gama","embeddable":true,"href":"https:\/\/www.fisan.com\/fr\/wp-json\/wp\/v2\/gama?post=33763"},{"taxonomy":"calidad","embeddable":true,"href":"https:\/\/www.fisan.com\/fr\/wp-json\/wp\/v2\/calidad?post=33763"}],"curies":[{"name":"wp","href":"https:\/\/api.w.org\/{rel}","templated":true}]}}