{"id":33940,"date":"2022-10-10T13:43:37","date_gmt":"2022-10-10T11:43:37","guid":{"rendered":"https:\/\/www.fisan.com\/producto\/chorizo-vela-iberico-fr\/"},"modified":"2025-05-30T13:42:26","modified_gmt":"2025-05-30T11:42:26","slug":"chorizo-vela-iberique-naturel","status":"publish","type":"product","link":"https:\/\/www.fisan.com\/fr\/boutique\/chorizo-vela-iberico-fr\/","title":{"rendered":"Chorizo Vela Ib\u00e9rique 100% Naturel"},"content":{"rendered":"","protected":false},"excerpt":{"rendered":"<p>Le Chorizo Vela Ib\u00e9rique 100% Naturel FISAN est \u00e9labor\u00e9 avec les meilleures viandes nobles du porc qui ne sont jamais congel\u00e9es. Son assaisonnement traditionnel et son affinage dans nos s\u00e9choirs naturels font de cette pi\u00e8ce homog\u00e8ne la charcuterie id\u00e9ale pour la d\u00e9gustation de tranches qui d\u00e9gagent l\u2019ar\u00f4me authentique et la saveur traditionnelle de FISAN.<\/p>\n","protected":false},"featured_media":25069,"template":"","meta":{"_acf_changed":false,"_wp_rev_ctl_limit":""},"product_brand":[],"product_cat":[353],"product_tag":[519],"gama":[1371],"calidad":[517],"class_list":{"0":"post-33940","1":"product","2":"type-product","3":"status-publish","4":"has-post-thumbnail","6":"product_cat-4-charcuterie","7":"product_tag-st","8":"gama-sabor-tradicional-fr-2","9":"calidad-3-iberico-fr","11":"first","12":"instock","13":"taxable","14":"shipping-taxable","15":"purchasable","16":"product-type-variable","17":"has-default-attributes"},"acf":[],"yoast_head":"<!-- This site is optimized with the Yoast SEO plugin v25.4 - https:\/\/yoast.com\/wordpress\/plugins\/seo\/ -->\n<title>Chorizo Vela Ib\u00e9rique 100% Naturel | FISAN<\/title>\n<meta name=\"robots\" content=\"index, follow, max-snippet:-1, max-image-preview:large, max-video-preview:-1\" \/>\n<link rel=\"canonical\" href=\"https:\/\/www.fisan.com\/fr\/boutique\/chorizo-vela-iberico-fr\/\" \/>\n<meta property=\"og:locale\" content=\"fr_FR\" \/>\n<meta property=\"og:type\" content=\"article\" \/>\n<meta property=\"og:title\" content=\"Chorizo Vela Ib\u00e9rique 100% Naturel | FISAN\" \/>\n<meta property=\"og:description\" content=\"Le Chorizo Vela Ib\u00e9rique 100% Naturel FISAN est \u00e9labor\u00e9 avec les meilleures viandes nobles du porc qui ne sont jamais congel\u00e9es. Son assaisonnement traditionnel et son affinage dans nos s\u00e9choirs naturels font de cette pi\u00e8ce homog\u00e8ne la charcuterie id\u00e9ale pour la d\u00e9gustation de tranches qui d\u00e9gagent l\u2019ar\u00f4me authentique et la saveur traditionnelle de FISAN.\" \/>\n<meta property=\"og:url\" content=\"https:\/\/www.fisan.com\/fr\/boutique\/chorizo-vela-iberico-fr\/\" \/>\n<meta property=\"og:site_name\" content=\"FISAN\" \/>\n<meta property=\"article:modified_time\" content=\"2025-05-30T11:42:26+00:00\" \/>\n<meta property=\"og:image\" content=\"https:\/\/www.fisan.com\/wp-content\/uploads\/2022\/10\/chorizo-vela-iberico-st-pe-00.jpg\" \/>\n\t<meta property=\"og:image:width\" content=\"1200\" \/>\n\t<meta property=\"og:image:height\" content=\"2400\" \/>\n\t<meta property=\"og:image:type\" content=\"image\/jpeg\" \/>\n<meta name=\"twitter:card\" content=\"summary_large_image\" \/>\n<meta name=\"twitter:label1\" content=\"Disponibilit\u00e9\" \/>\n\t<meta name=\"twitter:data1\" content=\"En stock\" \/>\n<script type=\"application\/ld+json\" class=\"yoast-schema-graph\">{\n\t    \"@context\": \"https:\/\/schema.org\",\n\t    \"@graph\": [\n\t        {\n\t            \"@type\": \"WebPage\",\n\t            \"@id\": \"https:\/\/www.fisan.com\/fr\/boutique\/chorizo-vela-iberico-fr\/\",\n\t            \"url\": \"https:\/\/www.fisan.com\/fr\/boutique\/chorizo-vela-iberico-fr\/\",\n\t            \"name\": \"Chorizo Vela Ib\u00e9rique 100% Naturel | FISAN\",\n\t            \"isPartOf\": {\n\t                \"@id\": \"https:\/\/www.fisan.com\/fr\/#website\"\n\t            },\n\t            \"primaryImageOfPage\": {\n\t                \"@id\": \"https:\/\/www.fisan.com\/fr\/boutique\/chorizo-vela-iberico-fr\/#primaryimage\"\n\t            },\n\t            \"image\": {\n\t                \"@id\": \"https:\/\/www.fisan.com\/fr\/boutique\/chorizo-vela-iberico-fr\/#primaryimage\"\n\t            },\n\t            \"thumbnailUrl\": \"https:\/\/www.fisan.com\/wp-content\/uploads\/2022\/10\/chorizo-vela-iberico-st-pe-00.jpg\",\n\t            \"datePublished\": \"2022-10-10T11:43:37+00:00\",\n\t            \"dateModified\": \"2025-05-30T11:42:26+00:00\",\n\t            \"breadcrumb\": {\n\t                \"@id\": \"https:\/\/www.fisan.com\/fr\/boutique\/chorizo-vela-iberico-fr\/#breadcrumb\"\n\t            },\n\t            \"inLanguage\": \"fr-FR\",\n\t            \"potentialAction\": [\n\t                {\n\t                    \"@type\": \"ReadAction\",\n\t                    \"target\": [\n\t                        \"https:\/\/www.fisan.com\/fr\/boutique\/chorizo-vela-iberico-fr\/\"\n\t                    ]\n\t                }\n\t            ]\n\t        },\n\t        {\n\t            \"@type\": \"ImageObject\",\n\t            \"inLanguage\": \"fr-FR\",\n\t            \"@id\": \"https:\/\/www.fisan.com\/fr\/boutique\/chorizo-vela-iberico-fr\/#primaryimage\",\n\t            \"url\": \"https:\/\/www.fisan.com\/wp-content\/uploads\/2022\/10\/chorizo-vela-iberico-st-pe-00.jpg\",\n\t            \"contentUrl\": \"https:\/\/www.fisan.com\/wp-content\/uploads\/2022\/10\/chorizo-vela-iberico-st-pe-00.jpg\",\n\t            \"width\": 1200,\n\t            \"height\": 2400\n\t        },\n\t        {\n\t            \"@type\": \"BreadcrumbList\",\n\t            \"@id\": \"https:\/\/www.fisan.com\/fr\/boutique\/chorizo-vela-iberico-fr\/#breadcrumb\",\n\t            \"itemListElement\": [\n\t                {\n\t                    \"@type\": \"ListItem\",\n\t                    \"position\": 1,\n\t                    \"name\": \"FISAN\",\n\t                    \"item\": \"https:\/\/www.fisan.com\/fr\/\"\n\t                },\n\t                {\n\t                    \"@type\": \"ListItem\",\n\t                    \"position\": 2,\n\t                    \"name\": \"Produits\",\n\t                    \"item\": \"https:\/\/www.fisan.com\/fr\/produits\/\"\n\t                },\n\t                {\n\t                    \"@type\": \"ListItem\",\n\t                    \"position\": 3,\n\t                    \"name\": \"Chorizo Vela Ib\u00e9rique 100% Naturel\"\n\t                }\n\t            ]\n\t        },\n\t        {\n\t            \"@type\": \"WebSite\",\n\t            \"@id\": \"https:\/\/www.fisan.com\/fr\/#website\",\n\t            \"url\": \"https:\/\/www.fisan.com\/fr\/\",\n\t            \"name\": \"FISAN\",\n\t            \"description\": \"FISAN | Jamones de bellota ib\u00e9rico y embutidos ib\u00e9ricos desde 1920\",\n\t            \"potentialAction\": [\n\t                {\n\t                    \"@type\": \"SearchAction\",\n\t                    \"target\": {\n\t                        \"@type\": \"EntryPoint\",\n\t                        \"urlTemplate\": \"https:\/\/www.fisan.com\/fr\/?s={search_term_string}\"\n\t                    },\n\t                    \"query-input\": {\n\t                        \"@type\": \"PropertyValueSpecification\",\n\t                        \"valueRequired\": true,\n\t                        \"valueName\": \"search_term_string\"\n\t                    }\n\t                }\n\t            ],\n\t            \"inLanguage\": \"fr-FR\"\n\t        }\n\t    ]\n\t}<\/script>\n<meta property=\"og:availability\" content=\"instock\" \/>\n<meta property=\"product:availability\" content=\"instock\" \/>\n<meta property=\"product:retailer_item_id\" content=\"ch-iv50\" \/>\n<meta property=\"product:condition\" content=\"new\" \/>\n<!-- \/ Yoast SEO plugin. -->","yoast_head_json":{"title":"Chorizo Vela Ib\u00e9rique 100% Naturel | FISAN","robots":{"index":"index","follow":"follow","max-snippet":"max-snippet:-1","max-image-preview":"max-image-preview:large","max-video-preview":"max-video-preview:-1"},"canonical":"https:\/\/www.fisan.com\/fr\/boutique\/chorizo-vela-iberico-fr\/","og_locale":"fr_FR","og_type":"article","og_title":"Chorizo Vela Ib\u00e9rique 100% Naturel | FISAN","og_description":"Le Chorizo Vela Ib\u00e9rique 100% Naturel FISAN est \u00e9labor\u00e9 avec les meilleures viandes nobles du porc qui ne sont jamais congel\u00e9es. Son assaisonnement traditionnel et son affinage dans nos s\u00e9choirs naturels font de cette pi\u00e8ce homog\u00e8ne la charcuterie id\u00e9ale pour la d\u00e9gustation de tranches qui d\u00e9gagent l\u2019ar\u00f4me authentique et la saveur traditionnelle de FISAN.","og_url":"https:\/\/www.fisan.com\/fr\/boutique\/chorizo-vela-iberico-fr\/","og_site_name":"FISAN","article_modified_time":"2025-05-30T11:42:26+00:00","og_image":[{"width":1200,"height":2400,"url":"https:\/\/www.fisan.com\/wp-content\/uploads\/2022\/10\/chorizo-vela-iberico-st-pe-00.jpg","type":"image\/jpeg"}],"twitter_card":"summary_large_image","twitter_misc":{"Disponibilit\u00e9":"En stock"},"schema":{"@context":"https:\/\/schema.org","@graph":[{"@type":"WebPage","@id":"https:\/\/www.fisan.com\/fr\/boutique\/chorizo-vela-iberico-fr\/","url":"https:\/\/www.fisan.com\/fr\/boutique\/chorizo-vela-iberico-fr\/","name":"Chorizo Vela Ib\u00e9rique 100% Naturel | FISAN","isPartOf":{"@id":"https:\/\/www.fisan.com\/fr\/#website"},"primaryImageOfPage":{"@id":"https:\/\/www.fisan.com\/fr\/boutique\/chorizo-vela-iberico-fr\/#primaryimage"},"image":{"@id":"https:\/\/www.fisan.com\/fr\/boutique\/chorizo-vela-iberico-fr\/#primaryimage"},"thumbnailUrl":"https:\/\/www.fisan.com\/wp-content\/uploads\/2022\/10\/chorizo-vela-iberico-st-pe-00.jpg","datePublished":"2022-10-10T11:43:37+00:00","dateModified":"2025-05-30T11:42:26+00:00","breadcrumb":{"@id":"https:\/\/www.fisan.com\/fr\/boutique\/chorizo-vela-iberico-fr\/#breadcrumb"},"inLanguage":"fr-FR","potentialAction":[{"@type":"ReadAction","target":["https:\/\/www.fisan.com\/fr\/boutique\/chorizo-vela-iberico-fr\/"]}]},{"@type":"ImageObject","inLanguage":"fr-FR","@id":"https:\/\/www.fisan.com\/fr\/boutique\/chorizo-vela-iberico-fr\/#primaryimage","url":"https:\/\/www.fisan.com\/wp-content\/uploads\/2022\/10\/chorizo-vela-iberico-st-pe-00.jpg","contentUrl":"https:\/\/www.fisan.com\/wp-content\/uploads\/2022\/10\/chorizo-vela-iberico-st-pe-00.jpg","width":1200,"height":2400},{"@type":"BreadcrumbList","@id":"https:\/\/www.fisan.com\/fr\/boutique\/chorizo-vela-iberico-fr\/#breadcrumb","itemListElement":[{"@type":"ListItem","position":1,"name":"FISAN","item":"https:\/\/www.fisan.com\/fr\/"},{"@type":"ListItem","position":2,"name":"Produits","item":"https:\/\/www.fisan.com\/fr\/produits\/"},{"@type":"ListItem","position":3,"name":"Chorizo Vela Ib\u00e9rique 100% Naturel"}]},{"@type":"WebSite","@id":"https:\/\/www.fisan.com\/fr\/#website","url":"https:\/\/www.fisan.com\/fr\/","name":"FISAN","description":"FISAN | Jamones de bellota ib\u00e9rico y embutidos ib\u00e9ricos desde 1920","potentialAction":[{"@type":"SearchAction","target":{"@type":"EntryPoint","urlTemplate":"https:\/\/www.fisan.com\/fr\/?s={search_term_string}"},"query-input":{"@type":"PropertyValueSpecification","valueRequired":true,"valueName":"search_term_string"}}],"inLanguage":"fr-FR"}]},"og_availability":"instock","product_availability":"instock","product_retailer_item_id":"ch-iv50","product_condition":"new"},"_links":{"self":[{"href":"https:\/\/www.fisan.com\/fr\/wp-json\/wp\/v2\/product\/33940","targetHints":{"allow":["GET"]}}],"collection":[{"href":"https:\/\/www.fisan.com\/fr\/wp-json\/wp\/v2\/product"}],"about":[{"href":"https:\/\/www.fisan.com\/fr\/wp-json\/wp\/v2\/types\/product"}],"version-history":[{"count":6,"href":"https:\/\/www.fisan.com\/fr\/wp-json\/wp\/v2\/product\/33940\/revisions"}],"predecessor-version":[{"id":55944,"href":"https:\/\/www.fisan.com\/fr\/wp-json\/wp\/v2\/product\/33940\/revisions\/55944"}],"wp:featuredmedia":[{"embeddable":true,"href":"https:\/\/www.fisan.com\/fr\/wp-json\/wp\/v2\/media\/25069"}],"wp:attachment":[{"href":"https:\/\/www.fisan.com\/fr\/wp-json\/wp\/v2\/media?parent=33940"}],"wp:term":[{"taxonomy":"product_brand","embeddable":true,"href":"https:\/\/www.fisan.com\/fr\/wp-json\/wp\/v2\/product_brand?post=33940"},{"taxonomy":"product_cat","embeddable":true,"href":"https:\/\/www.fisan.com\/fr\/wp-json\/wp\/v2\/product_cat?post=33940"},{"taxonomy":"product_tag","embeddable":true,"href":"https:\/\/www.fisan.com\/fr\/wp-json\/wp\/v2\/product_tag?post=33940"},{"taxonomy":"gama","embeddable":true,"href":"https:\/\/www.fisan.com\/fr\/wp-json\/wp\/v2\/gama?post=33940"},{"taxonomy":"calidad","embeddable":true,"href":"https:\/\/www.fisan.com\/fr\/wp-json\/wp\/v2\/calidad?post=33940"}],"curies":[{"name":"wp","href":"https:\/\/api.w.org\/{rel}","templated":true}]}}